{"id":755,"date":"2025-05-08T10:04:37","date_gmt":"2025-05-08T02:04:37","guid":{"rendered":"https:\/\/www.deopaws.com\/?post_type=product&#038;p=755"},"modified":"2025-08-01T10:43:11","modified_gmt":"2025-08-01T02:43:11","slug":"orthopedic-dog-crate-beds","status":"publish","type":"product","link":"https:\/\/www.deopaws.com\/pt\/orthopedic-dog-crate-beds\/","title":{"rendered":"Camas ortop\u00e9dicas para c\u00e3es - Suporte de espuma viscoel\u00e1stica com cobertura lav\u00e1vel e amov\u00edvel"},"content":{"rendered":"<h2 data-start=\"84\" data-end=\"227\">Camas ortop\u00e9dicas para c\u00e3es:<\/h2>\n<p>&nbsp;<\/p>\n<p class=\"\" data-start=\"84\" data-end=\"227\">Suporte ortop\u00e9dico: Concebido com espuma de mem\u00f3ria para proporcionar um excelente al\u00edvio das articula\u00e7\u00f5es e distribui\u00e7\u00e3o da press\u00e3o, ideal para c\u00e3es mais velhos ou artr\u00edticos.<\/p>\n<p class=\"\" data-start=\"230\" data-end=\"353\">Suave e de apoio: Fabricado em poli\u00e9ster ecol\u00f3gico com enchimento de espuma espessa, garantindo o m\u00e1ximo conforto e um apoio suave.<\/p>\n<p class=\"\" data-start=\"356\" data-end=\"482\">Capa amov\u00edvel e lav\u00e1vel: Inclui uma cobertura com fecho de correr que \u00e9 f\u00e1cil de remover e lav\u00e1vel na m\u00e1quina para uma limpeza c\u00f3moda.<\/p>\n<p class=\"\" data-start=\"485\" data-end=\"605\">Elegante e pr\u00e1tico: Possui uma capa de tecido estampado que d\u00e1 um toque moderno e se encaixa perfeitamente em qualquer decora\u00e7\u00e3o de casa.<\/p>\n<p class=\"\" data-start=\"608\" data-end=\"718\">Leve e port\u00e1til: Pesando entre 570g-983g, \u00e9 f\u00e1cil de mover e cabe perfeitamente na maioria das caixas para c\u00e3es.<\/p>\n<p class=\"\" data-start=\"721\" data-end=\"818\">Tamanho ideal para c\u00e3es: mede 60\u00d747\u00d78cm, o que o torna uma \u00f3ptima escolha para c\u00e3es de pequeno e m\u00e9dio porte.<\/p>\n<p>&nbsp;<\/p>\n<p>&nbsp;<\/p>\n<div style=\"max-width: 800px; margin: auto; padding: 20px;\">\n<p><!-- \u5de6\u56fe\u53f3\u6587 --><\/p>\n<div style=\"display: flex; align-items: center; gap: 20px; margin-bottom: 40px; flex-wrap: wrap;\">\n<p><img loading=\"lazy\" decoding=\"async\" class=\"alignnone wp-image-757\" src=\"https:\/\/www.deopaws.com\/wp-content\/uploads\/2025\/05\/Custom-Comfortable-Rectangular-Memory-Foam-Orthopedic-Dog-Crate-Bed-with-Removable-Washable-Cover-2-300x240.jpg\" alt=\"orthopedic dog crate beds\" width=\"370\" height=\"296\" srcset=\"https:\/\/www.deopaws.com\/wp-content\/uploads\/2025\/05\/Custom-Comfortable-Rectangular-Memory-Foam-Orthopedic-Dog-Crate-Bed-with-Removable-Washable-Cover-2-300x240.jpg 300w, https:\/\/www.deopaws.com\/wp-content\/uploads\/2025\/05\/Custom-Comfortable-Rectangular-Memory-Foam-Orthopedic-Dog-Crate-Bed-with-Removable-Washable-Cover-2-600x480.jpg 600w, https:\/\/www.deopaws.com\/wp-content\/uploads\/2025\/05\/Custom-Comfortable-Rectangular-Memory-Foam-Orthopedic-Dog-Crate-Bed-with-Removable-Washable-Cover-2.jpg 750w\" sizes=\"auto, (max-width: 370px) 100vw, 370px\" \/><\/p>\n<div style=\"flex: 1; min-width: 0;\">\n<p style=\"color: gray;\">Com a forma de um animal e v\u00e1rias cores \u00e0 escolha, os nossos brinquedos para c\u00e3es foram concebidos para satisfazer o instinto natural da maioria dos c\u00e3es.<\/p>\n<\/div>\n<\/div>\n<p><!-- \u53f3\u56fe\u5de6\u6587 --><\/p>\n<div style=\"display: flex; flex-direction: row-reverse; align-items: center; gap: 20px; flex-wrap: wrap;\">\n<p><img loading=\"lazy\" decoding=\"async\" class=\"alignnone wp-image-764\" src=\"https:\/\/www.deopaws.com\/wp-content\/uploads\/2025\/05\/Custom-Comfortable-Rectangular-Memory-Foam-Orthopedic-Dog-Crate-Bed-with-Removable-Washable-Cover-9-300x240.jpg\" alt=\"orthopedic dog crate beds\" width=\"370\" height=\"296\" srcset=\"https:\/\/www.deopaws.com\/wp-content\/uploads\/2025\/05\/Custom-Comfortable-Rectangular-Memory-Foam-Orthopedic-Dog-Crate-Bed-with-Removable-Washable-Cover-9-300x240.jpg 300w, https:\/\/www.deopaws.com\/wp-content\/uploads\/2025\/05\/Custom-Comfortable-Rectangular-Memory-Foam-Orthopedic-Dog-Crate-Bed-with-Removable-Washable-Cover-9-600x480.jpg 600w, https:\/\/www.deopaws.com\/wp-content\/uploads\/2025\/05\/Custom-Comfortable-Rectangular-Memory-Foam-Orthopedic-Dog-Crate-Bed-with-Removable-Washable-Cover-9.jpg 750w\" sizes=\"auto, (max-width: 370px) 100vw, 370px\" \/><\/p>\n<div style=\"flex: 1; min-width: 0;\">\n<p style=\"color: gray;\">Satisfaz o desejo do seu animal de estima\u00e7\u00e3o de mastigar e refor\u00e7a o seu interesse pelo exerc\u00edcio - mesmo enquanto relaxa nas nossas camas ortop\u00e9dicas para c\u00e3es concebidas para o m\u00e1ximo conforto e apoio das articula\u00e7\u00f5es.<\/p>\n<\/div>\n<\/div>\n<\/div>\n<div style=\"max-width: 800px; margin: auto; padding: 20px;\">\n<p><!-- \u5de6\u56fe\u53f3\u6587 --><\/p>\n<div style=\"display: flex; align-items: center; gap: 20px; margin-bottom: 40px; flex-wrap: wrap;\">\n<p><img loading=\"lazy\" decoding=\"async\" class=\"alignnone wp-image-756\" src=\"https:\/\/www.deopaws.com\/wp-content\/uploads\/2025\/05\/Custom-Comfortable-Rectangular-Memory-Foam-Orthopedic-Dog-Crate-Bed-with-Removable-Washable-Cover-1-300x240.jpg\" alt=\"orthopedic dog crate beds\" width=\"370\" height=\"296\" srcset=\"https:\/\/www.deopaws.com\/wp-content\/uploads\/2025\/05\/Custom-Comfortable-Rectangular-Memory-Foam-Orthopedic-Dog-Crate-Bed-with-Removable-Washable-Cover-1-300x240.jpg 300w, https:\/\/www.deopaws.com\/wp-content\/uploads\/2025\/05\/Custom-Comfortable-Rectangular-Memory-Foam-Orthopedic-Dog-Crate-Bed-with-Removable-Washable-Cover-1-600x480.jpg 600w, https:\/\/www.deopaws.com\/wp-content\/uploads\/2025\/05\/Custom-Comfortable-Rectangular-Memory-Foam-Orthopedic-Dog-Crate-Bed-with-Removable-Washable-Cover-1.jpg 750w\" sizes=\"auto, (max-width: 370px) 100vw, 370px\" \/><\/p>\n<div style=\"flex: 1; min-width: 0;\">\n<p style=\"color: gray;\">Este brinquedo ajuda a evitar a mastiga\u00e7\u00e3o destrutiva, captando a aten\u00e7\u00e3o do seu c\u00e3o, ao mesmo tempo que estimula a sua intera\u00e7\u00e3o social e refor\u00e7a a liga\u00e7\u00e3o entre si e o seu animal de estima\u00e7\u00e3o atrav\u00e9s de brincadeiras divertidas e envolventes.<\/p>\n<\/div>\n<\/div>\n<p><!-- \u53f3\u56fe\u5de6\u6587 --><\/p>\n<div style=\"display: flex; flex-direction: row-reverse; align-items: center; gap: 20px; flex-wrap: wrap;\">\n<p><img loading=\"lazy\" decoding=\"async\" class=\"alignnone wp-image-164\" src=\"https:\/\/gray-bee-883835.hostingersite.com\/wp-content\/uploads\/2025\/04\/1213-300x240.jpg\" alt=\"\" width=\"370\" height=\"296\" srcset=\"https:\/\/www.deopaws.com\/wp-content\/uploads\/2025\/04\/1213-300x240.jpg 300w, https:\/\/www.deopaws.com\/wp-content\/uploads\/2025\/04\/1213-600x480.jpg 600w, https:\/\/www.deopaws.com\/wp-content\/uploads\/2025\/04\/1213.jpg 750w\" sizes=\"auto, (max-width: 370px) 100vw, 370px\" \/><\/p>\n<div style=\"flex: 1; min-width: 0;\">\n<p style=\"color: gray;\">Este pano para c\u00e3es n\u00e3o \u00e9 apenas \u00fanico, mas tamb\u00e9m totalmente personaliz\u00e1vel. Pode oferecer diferentes tamanhos, cores, padr\u00f5es ou bordados personalizados, tais como nomes ou desenhos especiais, com base nas prefer\u00eancias dos seus clientes. Isto faz com que cada camisola seja \u00fanica, perfeitamente adaptada para satisfazer as necessidades dos animais de estima\u00e7\u00e3o e dos donos, aumentando o apelo do produto e a competitividade no mercado.<\/p>\n<\/div>\n<\/div>\n<\/div>\n<div style=\"max-width: 800px; margin: auto; padding: 20px;\">\n<p><!-- \u5de6\u56fe\u53f3\u6587 --><\/p>\n<div style=\"display: flex; align-items: center; gap: 20px; margin-bottom: 40px; flex-wrap: wrap;\">\n<p><img loading=\"lazy\" decoding=\"async\" class=\"alignnone wp-image-159\" src=\"https:\/\/gray-bee-883835.hostingersite.com\/wp-content\/uploads\/2025\/04\/111-300x240.jpg\" alt=\"\" width=\"370\" height=\"296\" srcset=\"https:\/\/www.deopaws.com\/wp-content\/uploads\/2025\/04\/111-300x240.jpg 300w, https:\/\/www.deopaws.com\/wp-content\/uploads\/2025\/04\/111-600x480.jpg 600w, https:\/\/www.deopaws.com\/wp-content\/uploads\/2025\/04\/111.jpg 750w\" sizes=\"auto, (max-width: 370px) 100vw, 370px\" \/><\/p>\n<div style=\"flex: 1; min-width: 0;\">\n<p style=\"color: gray;\">Estes panos para c\u00e3es est\u00e3o dispon\u00edveis numa vasta gama de cores para se adaptarem a diferentes personalidades de animais de estima\u00e7\u00e3o. Quer sejam os vermelhos quentes, os azuis vibrantes, os rosas suaves ou os pretos e brancos cl\u00e1ssicos, pode escolher com base nas prefer\u00eancias do seu animal de estima\u00e7\u00e3o ou do cliente. Cada cor \u00e9 cuidadosamente concebida para garantir que tem estilo e \u00e9 adequada para v\u00e1rias ocasi\u00f5es, proporcionando conforto e charme a cada c\u00e3ozinho.<\/p>\n<\/div>\n<\/div>\n<p><!-- \u53f3\u56fe\u5de6\u6587 --><\/p>\n<div style=\"display: flex; flex-direction: row-reverse; align-items: center; gap: 20px; flex-wrap: wrap;\">\n<p><img loading=\"lazy\" decoding=\"async\" class=\"alignnone wp-image-160\" src=\"https:\/\/gray-bee-883835.hostingersite.com\/wp-content\/uploads\/2025\/04\/112-300x240.jpg\" alt=\"\" width=\"370\" height=\"296\" srcset=\"https:\/\/www.deopaws.com\/wp-content\/uploads\/2025\/04\/112-300x240.jpg 300w, https:\/\/www.deopaws.com\/wp-content\/uploads\/2025\/04\/112-600x480.jpg 600w, https:\/\/www.deopaws.com\/wp-content\/uploads\/2025\/04\/112.jpg 750w\" sizes=\"auto, (max-width: 370px) 100vw, 370px\" \/><\/p>\n<div style=\"flex: 1; min-width: 0;\">\n<p style=\"color: gray;\">Totalmente personaliz\u00e1vel<\/p>\n<\/div>\n<\/div>\n<\/div>\n<div style=\"max-width: 800px; margin: auto; padding: 20px;\">\n<p><!-- \u5de6\u56fe\u53f3\u6587 --><\/p>\n<div style=\"display: flex; align-items: center; gap: 20px; margin-bottom: 40px; flex-wrap: wrap;\">\n<p><img loading=\"lazy\" decoding=\"async\" class=\"alignnone wp-image-161\" src=\"https:\/\/gray-bee-883835.hostingersite.com\/wp-content\/uploads\/2025\/04\/113-300x240.jpg\" alt=\"\" width=\"370\" height=\"296\" srcset=\"https:\/\/www.deopaws.com\/wp-content\/uploads\/2025\/04\/113-300x240.jpg 300w, https:\/\/www.deopaws.com\/wp-content\/uploads\/2025\/04\/113-600x480.jpg 600w, https:\/\/www.deopaws.com\/wp-content\/uploads\/2025\/04\/113.jpg 750w\" sizes=\"auto, (max-width: 370px) 100vw, 370px\" \/><\/p>\n<div style=\"flex: 1; min-width: 0;\">\n<p style=\"color: gray;\">\u00a0Fabricado em malha polar de alta qualidade, oferece um toque suave e um excelente isolamento para os dias frios.<\/p>\n<\/div>\n<\/div>\n<p><!-- \u53f3\u56fe\u5de6\u6587 --><\/p>\n<div style=\"display: flex; flex-direction: row-reverse; align-items: center; gap: 20px; flex-wrap: wrap;\">\n<p><img loading=\"lazy\" decoding=\"async\" class=\"alignnone wp-image-157\" src=\"https:\/\/gray-bee-883835.hostingersite.com\/wp-content\/uploads\/2025\/04\/11212-300x240.jpg\" alt=\"\" width=\"370\" height=\"296\" srcset=\"https:\/\/www.deopaws.com\/wp-content\/uploads\/2025\/04\/11212-300x240.jpg 300w, https:\/\/www.deopaws.com\/wp-content\/uploads\/2025\/04\/11212-600x480.jpg 600w, https:\/\/www.deopaws.com\/wp-content\/uploads\/2025\/04\/11212.jpg 750w\" sizes=\"auto, (max-width: 370px) 100vw, 370px\" \/><\/p>\n<div style=\"flex: 1; min-width: 0;\">\n<p style=\"color: gray;\">Pode acrescentar o seu pr\u00f3prio log\u00f3tipo aos panos para os tornar um excelente produto promocional para a sua empresa. A camisola tamb\u00e9m \u00e9 fornecida com um pr\u00e1tico saco OPP para f\u00e1cil armazenamento e transporte.<\/p>\n<\/div>\n<\/div>\n<\/div>\n<h3>Ecr\u00e3 de f\u00e1brica<\/h3>\n<p>&nbsp;<\/p>\n<div class=\"row\">\n<div class=\"col-lg-4\"><img loading=\"lazy\" decoding=\"async\" class=\"alignnone size-medium wp-image-142\" src=\"https:\/\/gray-bee-883835.hostingersite.com\/wp-content\/uploads\/2025\/04\/Small-pet-raincoat-3_-300x225.jpg\" alt=\"\" width=\"300\" height=\"225\" srcset=\"https:\/\/www.deopaws.com\/wp-content\/uploads\/2025\/04\/Small-pet-raincoat-3_-300x225.jpg 300w, https:\/\/www.deopaws.com\/wp-content\/uploads\/2025\/04\/Small-pet-raincoat-3_-600x450.jpg 600w, https:\/\/www.deopaws.com\/wp-content\/uploads\/2025\/04\/Small-pet-raincoat-3_-768x576.jpg 768w, https:\/\/www.deopaws.com\/wp-content\/uploads\/2025\/04\/Small-pet-raincoat-3_.jpg 800w\" sizes=\"auto, (max-width: 300px) 100vw, 300px\" \/><\/div>\n<div class=\"col-lg-4\"><img loading=\"lazy\" decoding=\"async\" class=\"alignnone size-medium wp-image-138\" src=\"https:\/\/gray-bee-883835.hostingersite.com\/wp-content\/uploads\/2025\/04\/Small-pet-raincoat-2-2-300x225.jpg\" alt=\"\" width=\"300\" height=\"225\" srcset=\"https:\/\/www.deopaws.com\/wp-content\/uploads\/2025\/04\/Small-pet-raincoat-2-2-300x225.jpg 300w, https:\/\/www.deopaws.com\/wp-content\/uploads\/2025\/04\/Small-pet-raincoat-2-2-600x450.jpg 600w, https:\/\/www.deopaws.com\/wp-content\/uploads\/2025\/04\/Small-pet-raincoat-2-2-768x576.jpg 768w, https:\/\/www.deopaws.com\/wp-content\/uploads\/2025\/04\/Small-pet-raincoat-2-2.jpg 800w\" sizes=\"auto, (max-width: 300px) 100vw, 300px\" \/><\/div>\n<div class=\"col-lg-4\"><img loading=\"lazy\" decoding=\"async\" class=\"alignnone size-medium wp-image-139\" src=\"https:\/\/gray-bee-883835.hostingersite.com\/wp-content\/uploads\/2025\/04\/Small-pet-raincoat-3-2-300x225.jpg\" alt=\"\" width=\"300\" height=\"225\" srcset=\"https:\/\/www.deopaws.com\/wp-content\/uploads\/2025\/04\/Small-pet-raincoat-3-2-300x225.jpg 300w, https:\/\/www.deopaws.com\/wp-content\/uploads\/2025\/04\/Small-pet-raincoat-3-2-600x450.jpg 600w, https:\/\/www.deopaws.com\/wp-content\/uploads\/2025\/04\/Small-pet-raincoat-3-2-768x576.jpg 768w, https:\/\/www.deopaws.com\/wp-content\/uploads\/2025\/04\/Small-pet-raincoat-3-2.jpg 800w\" sizes=\"auto, (max-width: 300px) 100vw, 300px\" \/><\/div>\n<p>&nbsp;<\/p>\n<div>\n<div class=\"row\">\n<div class=\"col-lg-4\"><img loading=\"lazy\" decoding=\"async\" class=\"alignnone size-medium wp-image-141\" src=\"https:\/\/gray-bee-883835.hostingersite.com\/wp-content\/uploads\/2025\/04\/Small-pet-raincoat-2_-300x225.jpg\" alt=\"\" width=\"300\" height=\"225\" srcset=\"https:\/\/www.deopaws.com\/wp-content\/uploads\/2025\/04\/Small-pet-raincoat-2_-300x225.jpg 300w, https:\/\/www.deopaws.com\/wp-content\/uploads\/2025\/04\/Small-pet-raincoat-2_-600x450.jpg 600w, https:\/\/www.deopaws.com\/wp-content\/uploads\/2025\/04\/Small-pet-raincoat-2_-768x576.jpg 768w, https:\/\/www.deopaws.com\/wp-content\/uploads\/2025\/04\/Small-pet-raincoat-2_.jpg 800w\" sizes=\"auto, (max-width: 300px) 100vw, 300px\" \/><\/div>\n<div class=\"col-lg-4\"><img loading=\"lazy\" decoding=\"async\" class=\"alignnone size-full wp-image-1656\" src=\"https:\/\/www.deopaws.com\/wp-content\/uploads\/2025\/05\/fact-1_\u526f\u672c.jpg\" alt=\"\" width=\"300\" height=\"225\" \/><\/div>\n<div class=\"col-lg-4\"><img loading=\"lazy\" decoding=\"async\" class=\"alignnone size-medium wp-image-137\" src=\"https:\/\/gray-bee-883835.hostingersite.com\/wp-content\/uploads\/2025\/04\/Small-pet-raincoat-1-2-300x225.jpg\" alt=\"\" width=\"300\" height=\"225\" srcset=\"https:\/\/www.deopaws.com\/wp-content\/uploads\/2025\/04\/Small-pet-raincoat-1-2-300x225.jpg 300w, https:\/\/www.deopaws.com\/wp-content\/uploads\/2025\/04\/Small-pet-raincoat-1-2-600x450.jpg 600w, https:\/\/www.deopaws.com\/wp-content\/uploads\/2025\/04\/Small-pet-raincoat-1-2-768x576.jpg 768w, https:\/\/www.deopaws.com\/wp-content\/uploads\/2025\/04\/Small-pet-raincoat-1-2.jpg 800w\" sizes=\"auto, (max-width: 300px) 100vw, 300px\" \/><\/div>\n<div><\/div>\n<\/div>\n<\/div>\n<\/div>","protected":false},"excerpt":{"rendered":"<p>This custom orthopedic dog crate bed features a supportive memory foam base and a soft, removable cover. Designed for comfort and joint relief, it&#8217;s lightweight, machine-washable, and perfect for small to medium-sized dogs.<\/p>","protected":false},"featured_media":759,"comment_status":"open","ping_status":"closed","template":"","meta":{"_acf_changed":false},"product_brand":[],"product_cat":[15,16,23],"product_tag":[],"class_list":{"0":"post-755","1":"product","2":"type-product","3":"status-publish","4":"has-post-thumbnail","6":"product_cat-products","7":"product_cat-dog-supplies","8":"product_cat-dog-beds","10":"first","11":"instock","12":"shipping-taxable","13":"product-type-simple"},"acf":[],"_links":{"self":[{"href":"https:\/\/www.deopaws.com\/pt\/wp-json\/wp\/v2\/product\/755","targetHints":{"allow":["GET"]}}],"collection":[{"href":"https:\/\/www.deopaws.com\/pt\/wp-json\/wp\/v2\/product"}],"about":[{"href":"https:\/\/www.deopaws.com\/pt\/wp-json\/wp\/v2\/types\/product"}],"replies":[{"embeddable":true,"href":"https:\/\/www.deopaws.com\/pt\/wp-json\/wp\/v2\/comments?post=755"}],"wp:featuredmedia":[{"embeddable":true,"href":"https:\/\/www.deopaws.com\/pt\/wp-json\/wp\/v2\/media\/759"}],"wp:attachment":[{"href":"https:\/\/www.deopaws.com\/pt\/wp-json\/wp\/v2\/media?parent=755"}],"wp:term":[{"taxonomy":"product_brand","embeddable":true,"href":"https:\/\/www.deopaws.com\/pt\/wp-json\/wp\/v2\/product_brand?post=755"},{"taxonomy":"product_cat","embeddable":true,"href":"https:\/\/www.deopaws.com\/pt\/wp-json\/wp\/v2\/product_cat?post=755"},{"taxonomy":"product_tag","embeddable":true,"href":"https:\/\/www.deopaws.com\/pt\/wp-json\/wp\/v2\/product_tag?post=755"}],"curies":[{"name":"wp","href":"https:\/\/api.w.org\/{rel}","templated":true}]}}