{"id":598,"date":"2025-04-29T09:38:38","date_gmt":"2025-04-29T01:38:38","guid":{"rendered":"https:\/\/www.deopaws.com\/?post_type=product&#038;p=598"},"modified":"2025-08-01T15:36:58","modified_gmt":"2025-08-01T07:36:58","slug":"dog-summer-clothes","status":"publish","type":"product","link":"https:\/\/www.deopaws.com\/pt\/dog-summer-clothes\/","title":{"rendered":"Colete espacial fino de ver\u00e3o - Roupa de ver\u00e3o leve e elegante para c\u00e3es"},"content":{"rendered":"<h2 data-start=\"102\" data-end=\"213\">Roupa de ver\u00e3o para c\u00e3es:<\/h2>\n<p>&nbsp;<\/p>\n<p class=\"\" data-start=\"102\" data-end=\"213\">\u25cf <strong data-start=\"104\" data-end=\"136\">Leve e confort\u00e1vel:<\/strong> Fabricado em algod\u00e3o macio, leve e respir\u00e1vel, perfeito para as esta\u00e7\u00f5es mais frias.<\/p>\n<p class=\"\" data-start=\"215\" data-end=\"347\">\u25cf <strong data-start=\"217\" data-end=\"250\">Design ador\u00e1vel com tema espacial:<\/strong> Apresenta um bonito estampado com elementos do espa\u00e7o e do planeta, dando um toque divertido e elegante ao seu animal de estima\u00e7\u00e3o.<\/p>\n<p class=\"\" data-start=\"349\" data-end=\"443\">\u25cf <strong data-start=\"351\" data-end=\"374\">Tecido de algod\u00e3o macio:<\/strong> Delicado, flex\u00edvel e suave para a pele do seu c\u00e3o para um conforto di\u00e1rio.<\/p>\n<p class=\"\" data-start=\"445\" data-end=\"543\">\u25cf <strong data-start=\"447\" data-end=\"463\">Ajuste perfeito:<\/strong> Dispon\u00edvel nos tamanhos S a 2XL, concebido para se adaptar confortavelmente a c\u00e3es pequenos e m\u00e9dios.<\/p>\n<p class=\"\" data-start=\"545\" data-end=\"664\">\u25cf <strong data-start=\"547\" data-end=\"586\">Ideal para o outono, primavera e inverno:<\/strong> Adequado para usar em camadas ou sozinho para manter o seu c\u00e3o confort\u00e1vel em climas amenos.<\/p>\n<p class=\"\" data-start=\"666\" data-end=\"768\">\u25cf <strong data-start=\"668\" data-end=\"689\">Acabamento fino:<\/strong> A costura cuidada e a qualidade artesanal garantem durabilidade e um aspeto requintado.<\/p>\n<p class=\"\" data-start=\"770\" data-end=\"865\">\u25cf <strong data-start=\"772\" data-end=\"789\">F\u00e1cil de usar:<\/strong> O design do colete sem mangas permite vestir e despir rapidamente e sem complica\u00e7\u00f5es.<\/p>\n<p>&nbsp;<\/p>\n<p>&nbsp;<\/p>\n<div style=\"max-width: 800px; margin: auto; padding: 20px;\">\n<p><!-- \u5de6\u56fe\u53f3\u6587 --><\/p>\n<div style=\"display: flex; align-items: center; gap: 20px; margin-bottom: 40px; flex-wrap: wrap;\">\n<p><img loading=\"lazy\" decoding=\"async\" class=\"alignnone wp-image-603\" src=\"https:\/\/www.deopaws.com\/wp-content\/uploads\/2025\/04\/Summer-Thin-Space-Vest-for-Dogs-\u2013-Stylish-and-Comfortable-Pet-Apparel-6-300x240.jpg\" alt=\"dog summer clothes\" width=\"370\" height=\"296\" srcset=\"https:\/\/www.deopaws.com\/wp-content\/uploads\/2025\/04\/Summer-Thin-Space-Vest-for-Dogs-\u2013-Stylish-and-Comfortable-Pet-Apparel-6-300x240.jpg 300w, https:\/\/www.deopaws.com\/wp-content\/uploads\/2025\/04\/Summer-Thin-Space-Vest-for-Dogs-\u2013-Stylish-and-Comfortable-Pet-Apparel-6-600x480.jpg 600w, https:\/\/www.deopaws.com\/wp-content\/uploads\/2025\/04\/Summer-Thin-Space-Vest-for-Dogs-\u2013-Stylish-and-Comfortable-Pet-Apparel-6.jpg 750w\" sizes=\"auto, (max-width: 370px) 100vw, 370px\" \/><\/p>\n<div style=\"flex: 1; min-width: 0;\">\n<p style=\"color: gray;\">Feita de algod\u00e3o macio, leve e respir\u00e1vel, esta pe\u00e7a \u00e9 uma escolha perfeita para as esta\u00e7\u00f5es mais frias na cole\u00e7\u00e3o de roupa de ver\u00e3o do seu c\u00e3o.<\/p>\n<\/div>\n<\/div>\n<p><!-- \u53f3\u56fe\u5de6\u6587 --><\/p>\n<div style=\"display: flex; flex-direction: row-reverse; align-items: center; gap: 20px; flex-wrap: wrap;\">\n<p><img loading=\"lazy\" decoding=\"async\" class=\"alignnone wp-image-601\" src=\"https:\/\/www.deopaws.com\/wp-content\/uploads\/2025\/04\/Summer-Thin-Space-Vest-for-Dogs-\u2013-Stylish-and-Comfortable-Pet-Apparel-4-300x240.jpg\" alt=\"dog summer clothes\" width=\"370\" height=\"296\" srcset=\"https:\/\/www.deopaws.com\/wp-content\/uploads\/2025\/04\/Summer-Thin-Space-Vest-for-Dogs-\u2013-Stylish-and-Comfortable-Pet-Apparel-4-300x240.jpg 300w, https:\/\/www.deopaws.com\/wp-content\/uploads\/2025\/04\/Summer-Thin-Space-Vest-for-Dogs-\u2013-Stylish-and-Comfortable-Pet-Apparel-4-600x480.jpg 600w, https:\/\/www.deopaws.com\/wp-content\/uploads\/2025\/04\/Summer-Thin-Space-Vest-for-Dogs-\u2013-Stylish-and-Comfortable-Pet-Apparel-4.jpg 750w\" sizes=\"auto, (max-width: 370px) 100vw, 370px\" \/><\/p>\n<div style=\"flex: 1; min-width: 0;\">\n<p style=\"color: gray;\">A costura cuidada e a qualidade artesanal garantem durabilidade e um aspeto requintado.<\/p>\n<\/div>\n<\/div>\n<\/div>\n<div style=\"max-width: 800px; margin: auto; padding: 20px;\">\n<p><!-- \u5de6\u56fe\u53f3\u6587 --><\/p>\n<div style=\"display: flex; align-items: center; gap: 20px; margin-bottom: 40px; flex-wrap: wrap;\">\n<p><img loading=\"lazy\" decoding=\"async\" class=\"alignnone wp-image-605\" src=\"https:\/\/www.deopaws.com\/wp-content\/uploads\/2025\/04\/Summer-Thin-Space-Vest-for-Dogs-\u2013-Stylish-and-Comfortable-Pet-Apparel-1-300x240.jpg\" alt=\"dog summer clothes\" width=\"370\" height=\"296\" srcset=\"https:\/\/www.deopaws.com\/wp-content\/uploads\/2025\/04\/Summer-Thin-Space-Vest-for-Dogs-\u2013-Stylish-and-Comfortable-Pet-Apparel-1-300x240.jpg 300w, https:\/\/www.deopaws.com\/wp-content\/uploads\/2025\/04\/Summer-Thin-Space-Vest-for-Dogs-\u2013-Stylish-and-Comfortable-Pet-Apparel-1-600x480.jpg 600w, https:\/\/www.deopaws.com\/wp-content\/uploads\/2025\/04\/Summer-Thin-Space-Vest-for-Dogs-\u2013-Stylish-and-Comfortable-Pet-Apparel-1.jpg 750w\" sizes=\"auto, (max-width: 370px) 100vw, 370px\" \/><\/p>\n<div style=\"flex: 1; min-width: 0;\">\n<p style=\"color: gray;\">\u00a0Apresenta um bonito estampado com elementos do espa\u00e7o e do planeta, dando um toque divertido e elegante ao seu animal de estima\u00e7\u00e3o.<\/p>\n<\/div>\n<\/div>\n<p><!-- \u53f3\u56fe\u5de6\u6587 --><\/p>\n<div style=\"display: flex; flex-direction: row-reverse; align-items: center; gap: 20px; flex-wrap: wrap;\">\n<p><img loading=\"lazy\" decoding=\"async\" class=\"alignnone wp-image-164\" src=\"https:\/\/gray-bee-883835.hostingersite.com\/wp-content\/uploads\/2025\/04\/1213-300x240.jpg\" alt=\"\" width=\"370\" height=\"296\" srcset=\"https:\/\/www.deopaws.com\/wp-content\/uploads\/2025\/04\/1213-300x240.jpg 300w, https:\/\/www.deopaws.com\/wp-content\/uploads\/2025\/04\/1213-600x480.jpg 600w, https:\/\/www.deopaws.com\/wp-content\/uploads\/2025\/04\/1213.jpg 750w\" sizes=\"auto, (max-width: 370px) 100vw, 370px\" \/><\/p>\n<div style=\"flex: 1; min-width: 0;\">\n<p style=\"color: gray;\">Este pano para c\u00e3es n\u00e3o \u00e9 apenas \u00fanico, mas tamb\u00e9m totalmente personaliz\u00e1vel. Pode oferecer diferentes tamanhos, cores, padr\u00f5es ou bordados personalizados, tais como nomes ou desenhos especiais, com base nas prefer\u00eancias dos seus clientes. Isto faz com que cada camisola seja \u00fanica, perfeitamente adaptada para satisfazer as necessidades dos animais de estima\u00e7\u00e3o e dos donos, aumentando o apelo do produto e a competitividade no mercado.<\/p>\n<\/div>\n<\/div>\n<\/div>\n<div style=\"max-width: 800px; margin: auto; padding: 20px;\">\n<p><!-- \u5de6\u56fe\u53f3\u6587 --><\/p>\n<div style=\"display: flex; align-items: center; gap: 20px; margin-bottom: 40px; flex-wrap: wrap;\">\n<p><img loading=\"lazy\" decoding=\"async\" class=\"alignnone wp-image-159\" src=\"https:\/\/gray-bee-883835.hostingersite.com\/wp-content\/uploads\/2025\/04\/111-300x240.jpg\" alt=\"\" width=\"370\" height=\"296\" srcset=\"https:\/\/www.deopaws.com\/wp-content\/uploads\/2025\/04\/111-300x240.jpg 300w, https:\/\/www.deopaws.com\/wp-content\/uploads\/2025\/04\/111-600x480.jpg 600w, https:\/\/www.deopaws.com\/wp-content\/uploads\/2025\/04\/111.jpg 750w\" sizes=\"auto, (max-width: 370px) 100vw, 370px\" \/><\/p>\n<div style=\"flex: 1; min-width: 0;\">\n<p style=\"color: gray;\">Estes panos para c\u00e3es est\u00e3o dispon\u00edveis numa vasta gama de cores para se adaptarem a diferentes personalidades de animais de estima\u00e7\u00e3o. Quer sejam os vermelhos quentes, os azuis vibrantes, os rosas suaves ou os pretos e brancos cl\u00e1ssicos, pode escolher com base nas prefer\u00eancias do seu animal de estima\u00e7\u00e3o ou do cliente. Cada cor \u00e9 cuidadosamente concebida para garantir que tem estilo e \u00e9 adequada para v\u00e1rias ocasi\u00f5es, proporcionando conforto e charme a cada c\u00e3ozinho.<\/p>\n<\/div>\n<\/div>\n<p><!-- \u53f3\u56fe\u5de6\u6587 --><\/p>\n<div style=\"display: flex; flex-direction: row-reverse; align-items: center; gap: 20px; flex-wrap: wrap;\">\n<p><img loading=\"lazy\" decoding=\"async\" class=\"alignnone wp-image-160\" src=\"https:\/\/gray-bee-883835.hostingersite.com\/wp-content\/uploads\/2025\/04\/112-300x240.jpg\" alt=\"\" width=\"370\" height=\"296\" srcset=\"https:\/\/www.deopaws.com\/wp-content\/uploads\/2025\/04\/112-300x240.jpg 300w, https:\/\/www.deopaws.com\/wp-content\/uploads\/2025\/04\/112-600x480.jpg 600w, https:\/\/www.deopaws.com\/wp-content\/uploads\/2025\/04\/112.jpg 750w\" sizes=\"auto, (max-width: 370px) 100vw, 370px\" \/><\/p>\n<div style=\"flex: 1; min-width: 0;\">\n<p style=\"color: gray;\">Totalmente personaliz\u00e1vel<\/p>\n<\/div>\n<\/div>\n<\/div>\n<div style=\"max-width: 800px; margin: auto; padding: 20px;\">\n<p><!-- \u5de6\u56fe\u53f3\u6587 --><\/p>\n<div style=\"display: flex; align-items: center; gap: 20px; margin-bottom: 40px; flex-wrap: wrap;\">\n<p><img loading=\"lazy\" decoding=\"async\" class=\"alignnone wp-image-161\" src=\"https:\/\/gray-bee-883835.hostingersite.com\/wp-content\/uploads\/2025\/04\/113-300x240.jpg\" alt=\"\" width=\"370\" height=\"296\" srcset=\"https:\/\/www.deopaws.com\/wp-content\/uploads\/2025\/04\/113-300x240.jpg 300w, https:\/\/www.deopaws.com\/wp-content\/uploads\/2025\/04\/113-600x480.jpg 600w, https:\/\/www.deopaws.com\/wp-content\/uploads\/2025\/04\/113.jpg 750w\" sizes=\"auto, (max-width: 370px) 100vw, 370px\" \/><\/p>\n<div style=\"flex: 1; min-width: 0;\">\n<p style=\"color: gray;\">\u00a0Fabricado em malha polar de alta qualidade, oferece um toque suave e um excelente isolamento para os dias frios.<\/p>\n<\/div>\n<\/div>\n<p><!-- \u53f3\u56fe\u5de6\u6587 --><\/p>\n<div style=\"display: flex; flex-direction: row-reverse; align-items: center; gap: 20px; flex-wrap: wrap;\">\n<p><img loading=\"lazy\" decoding=\"async\" class=\"alignnone wp-image-157\" src=\"https:\/\/gray-bee-883835.hostingersite.com\/wp-content\/uploads\/2025\/04\/11212-300x240.jpg\" alt=\"\" width=\"370\" height=\"296\" srcset=\"https:\/\/www.deopaws.com\/wp-content\/uploads\/2025\/04\/11212-300x240.jpg 300w, https:\/\/www.deopaws.com\/wp-content\/uploads\/2025\/04\/11212-600x480.jpg 600w, https:\/\/www.deopaws.com\/wp-content\/uploads\/2025\/04\/11212.jpg 750w\" sizes=\"auto, (max-width: 370px) 100vw, 370px\" \/><\/p>\n<div style=\"flex: 1; min-width: 0;\">\n<p style=\"color: gray;\">Pode acrescentar o seu pr\u00f3prio log\u00f3tipo aos panos para os tornar um excelente produto promocional para a sua empresa. A camisola tamb\u00e9m \u00e9 fornecida com um pr\u00e1tico saco OPP para f\u00e1cil armazenamento e transporte.<\/p>\n<\/div>\n<\/div>\n<\/div>\n<h3>Ecr\u00e3 de f\u00e1brica<\/h3>\n<p>&nbsp;<\/p>\n<div class=\"row\">\n<div class=\"col-lg-4\"><img loading=\"lazy\" decoding=\"async\" class=\"alignnone size-medium wp-image-142\" src=\"https:\/\/gray-bee-883835.hostingersite.com\/wp-content\/uploads\/2025\/04\/Small-pet-raincoat-3_-300x225.jpg\" alt=\"\" width=\"300\" height=\"225\" srcset=\"https:\/\/www.deopaws.com\/wp-content\/uploads\/2025\/04\/Small-pet-raincoat-3_-300x225.jpg 300w, https:\/\/www.deopaws.com\/wp-content\/uploads\/2025\/04\/Small-pet-raincoat-3_-600x450.jpg 600w, https:\/\/www.deopaws.com\/wp-content\/uploads\/2025\/04\/Small-pet-raincoat-3_-768x576.jpg 768w, https:\/\/www.deopaws.com\/wp-content\/uploads\/2025\/04\/Small-pet-raincoat-3_.jpg 800w\" sizes=\"auto, (max-width: 300px) 100vw, 300px\" \/><\/div>\n<div class=\"col-lg-4\"><img loading=\"lazy\" decoding=\"async\" class=\"alignnone size-medium wp-image-138\" src=\"https:\/\/gray-bee-883835.hostingersite.com\/wp-content\/uploads\/2025\/04\/Small-pet-raincoat-2-2-300x225.jpg\" alt=\"\" width=\"300\" height=\"225\" srcset=\"https:\/\/www.deopaws.com\/wp-content\/uploads\/2025\/04\/Small-pet-raincoat-2-2-300x225.jpg 300w, https:\/\/www.deopaws.com\/wp-content\/uploads\/2025\/04\/Small-pet-raincoat-2-2-600x450.jpg 600w, https:\/\/www.deopaws.com\/wp-content\/uploads\/2025\/04\/Small-pet-raincoat-2-2-768x576.jpg 768w, https:\/\/www.deopaws.com\/wp-content\/uploads\/2025\/04\/Small-pet-raincoat-2-2.jpg 800w\" sizes=\"auto, (max-width: 300px) 100vw, 300px\" \/><\/div>\n<div class=\"col-lg-4\"><img loading=\"lazy\" decoding=\"async\" class=\"alignnone size-medium wp-image-139\" src=\"https:\/\/gray-bee-883835.hostingersite.com\/wp-content\/uploads\/2025\/04\/Small-pet-raincoat-3-2-300x225.jpg\" alt=\"\" width=\"300\" height=\"225\" srcset=\"https:\/\/www.deopaws.com\/wp-content\/uploads\/2025\/04\/Small-pet-raincoat-3-2-300x225.jpg 300w, https:\/\/www.deopaws.com\/wp-content\/uploads\/2025\/04\/Small-pet-raincoat-3-2-600x450.jpg 600w, https:\/\/www.deopaws.com\/wp-content\/uploads\/2025\/04\/Small-pet-raincoat-3-2-768x576.jpg 768w, https:\/\/www.deopaws.com\/wp-content\/uploads\/2025\/04\/Small-pet-raincoat-3-2.jpg 800w\" sizes=\"auto, (max-width: 300px) 100vw, 300px\" \/><\/div>\n<p>&nbsp;<\/p>\n<div>\n<div class=\"row\">\n<div class=\"col-lg-4\"><img loading=\"lazy\" decoding=\"async\" class=\"alignnone size-medium wp-image-141\" src=\"https:\/\/gray-bee-883835.hostingersite.com\/wp-content\/uploads\/2025\/04\/Small-pet-raincoat-2_-300x225.jpg\" alt=\"\" width=\"300\" height=\"225\" srcset=\"https:\/\/www.deopaws.com\/wp-content\/uploads\/2025\/04\/Small-pet-raincoat-2_-300x225.jpg 300w, https:\/\/www.deopaws.com\/wp-content\/uploads\/2025\/04\/Small-pet-raincoat-2_-600x450.jpg 600w, https:\/\/www.deopaws.com\/wp-content\/uploads\/2025\/04\/Small-pet-raincoat-2_-768x576.jpg 768w, https:\/\/www.deopaws.com\/wp-content\/uploads\/2025\/04\/Small-pet-raincoat-2_.jpg 800w\" sizes=\"auto, (max-width: 300px) 100vw, 300px\" \/><\/div>\n<div class=\"col-lg-4\"><img loading=\"lazy\" decoding=\"async\" class=\"alignnone size-full wp-image-1656\" src=\"https:\/\/www.deopaws.com\/wp-content\/uploads\/2025\/05\/fact-1_\u526f\u672c.jpg\" alt=\"\" width=\"300\" height=\"225\" \/><\/div>\n<div class=\"col-lg-4\"><img loading=\"lazy\" decoding=\"async\" class=\"alignnone size-medium wp-image-137\" src=\"https:\/\/gray-bee-883835.hostingersite.com\/wp-content\/uploads\/2025\/04\/Small-pet-raincoat-1-2-300x225.jpg\" alt=\"\" width=\"300\" height=\"225\" srcset=\"https:\/\/www.deopaws.com\/wp-content\/uploads\/2025\/04\/Small-pet-raincoat-1-2-300x225.jpg 300w, https:\/\/www.deopaws.com\/wp-content\/uploads\/2025\/04\/Small-pet-raincoat-1-2-600x450.jpg 600w, https:\/\/www.deopaws.com\/wp-content\/uploads\/2025\/04\/Small-pet-raincoat-1-2-768x576.jpg 768w, https:\/\/www.deopaws.com\/wp-content\/uploads\/2025\/04\/Small-pet-raincoat-1-2.jpg 800w\" sizes=\"auto, (max-width: 300px) 100vw, 300px\" \/><\/div>\n<div><\/div>\n<\/div>\n<\/div>\n<\/div>","protected":false},"excerpt":{"rendered":"<p>O colete Summer Thin Space para c\u00e3es apresenta um material de algod\u00e3o macio e um design l\u00fadico com tema espacial. Fazendo parte da nossa cole\u00e7\u00e3o de roupa de ver\u00e3o para c\u00e3es, \u00e9 perfeito para o outono, primavera e ver\u00e3o, mantendo o seu c\u00e3o confort\u00e1vel e dando-lhe um toque de estilo. Dispon\u00edvel nos tamanhos S a 2XL para um ajuste perfeito em v\u00e1rias ra\u00e7as.<\/p>","protected":false},"featured_media":602,"comment_status":"open","ping_status":"closed","template":"","meta":{"_acf_changed":false},"product_brand":[],"product_cat":[15,17,39,16,25],"product_tag":[],"class_list":{"0":"post-598","1":"product","2":"type-product","3":"status-publish","4":"has-post-thumbnail","6":"product_cat-products","7":"product_cat-cat-supplies","8":"product_cat-cat-apparel-accessories","9":"product_cat-dog-supplies","10":"product_cat-dog-apparel-accessories","12":"first","13":"instock","14":"shipping-taxable","15":"product-type-simple"},"acf":[],"_links":{"self":[{"href":"https:\/\/www.deopaws.com\/pt\/wp-json\/wp\/v2\/product\/598","targetHints":{"allow":["GET"]}}],"collection":[{"href":"https:\/\/www.deopaws.com\/pt\/wp-json\/wp\/v2\/product"}],"about":[{"href":"https:\/\/www.deopaws.com\/pt\/wp-json\/wp\/v2\/types\/product"}],"replies":[{"embeddable":true,"href":"https:\/\/www.deopaws.com\/pt\/wp-json\/wp\/v2\/comments?post=598"}],"wp:featuredmedia":[{"embeddable":true,"href":"https:\/\/www.deopaws.com\/pt\/wp-json\/wp\/v2\/media\/602"}],"wp:attachment":[{"href":"https:\/\/www.deopaws.com\/pt\/wp-json\/wp\/v2\/media?parent=598"}],"wp:term":[{"taxonomy":"product_brand","embeddable":true,"href":"https:\/\/www.deopaws.com\/pt\/wp-json\/wp\/v2\/product_brand?post=598"},{"taxonomy":"product_cat","embeddable":true,"href":"https:\/\/www.deopaws.com\/pt\/wp-json\/wp\/v2\/product_cat?post=598"},{"taxonomy":"product_tag","embeddable":true,"href":"https:\/\/www.deopaws.com\/pt\/wp-json\/wp\/v2\/product_tag?post=598"}],"curies":[{"name":"wp","href":"https:\/\/api.w.org\/{rel}","templated":true}]}}