{"id":425,"date":"2025-04-23T15:16:28","date_gmt":"2025-04-23T07:16:28","guid":{"rendered":"https:\/\/gray-bee-883835.hostingersite.com\/?post_type=product&#038;p=425"},"modified":"2025-08-04T16:28:31","modified_gmt":"2025-08-04T08:28:31","slug":"cold-weather-reflective-dog-jacket-warm-sport-vest","status":"publish","type":"product","link":"https:\/\/www.deopaws.com\/pt\/cold-weather-reflective-dog-jacket-warm-sport-vest\/","title":{"rendered":"Casaco refletor para c\u00e3es para tempo frio Colete desportivo quente com design personalizado"},"content":{"rendered":"<h2 data-start=\"194\" data-end=\"353\">Reflective dog jacket:<\/h2>\n<p>&nbsp;<\/p>\n<p class=\"\" data-start=\"194\" data-end=\"353\"><strong data-start=\"194\" data-end=\"218\">Quente e confort\u00e1vel<\/strong>: Made from soft, insulating cotton, this sport-style jacket is designed to keep your dog warm and comfortable during cold winter days.<\/p>\n<p class=\"\" data-start=\"357\" data-end=\"493\"><strong data-start=\"357\" data-end=\"398\">\u25cf Tailored Fit for Small to Medium Dogs<\/strong>: Designed with a snug cut for a secure and comfy fit, suitable for small to medium-sized dogs.<\/p>\n<p class=\"\" data-start=\"497\" data-end=\"649\"><strong data-start=\"497\" data-end=\"527\">\u25cf Classic Solid Color Design<\/strong>: Featuring a clean, solid color pattern, this jacket offers a timeless look that pairs easily with your dog\u2019s daily wear.<\/p>\n<p class=\"\" data-start=\"653\" data-end=\"819\"><strong data-start=\"653\" data-end=\"682\">\u25cf Reflective Safety Details<\/strong>: Built-in reflective elements help enhance visibility in low-light conditions, improving safety during early morning or nighttime walks.<\/p>\n<p class=\"\" data-start=\"823\" data-end=\"969\"><strong data-start=\"823\" data-end=\"849\">\u25cf Ideal for Cold Weather<\/strong>: Perfect for winter outings, this coat offers full coverage and excellent warmth, keeping your pet cozy on chilly days.<\/p>\n<p class=\"\" data-start=\"973\" data-end=\"1091\"><strong data-start=\"973\" data-end=\"1003\">\u25cf Personalized Design Option<\/strong>: The jacket allows for customized touches, making it both practical and uniquely yours.<\/p>\n<p class=\"\" data-start=\"1095\" data-end=\"1199\"><strong data-start=\"1095\" data-end=\"1112\">\u25cf Classic Style<\/strong>: Combines simplicity with function, offering a refined look suitable for any occasion.<\/p>\n<p class=\"\" data-start=\"1203\" data-end=\"1301\"><strong data-start=\"1203\" data-end=\"1234\">\u25cf Available in Sizes S to 2XL<\/strong>: Ensures a proper fit for a variety of small to medium dog breeds.<\/p>\n<p>&nbsp;<\/p>\n<p>&nbsp;<\/p>\n<div style=\"max-width: 800px; margin: auto; padding: 20px;\">\n<p><!-- \u5de6\u56fe\u53f3\u6587 --><\/p>\n<div style=\"display: flex; align-items: center; gap: 20px; margin-bottom: 40px; flex-wrap: wrap;\">\n<p><img loading=\"lazy\" decoding=\"async\" class=\"alignnone wp-image-434\" src=\"https:\/\/gray-bee-883835.hostingersite.com\/wp-content\/uploads\/2025\/04\/Cold-Weather-Reflective-Dog-Jacket-Warm-Sport-Vest-with-Personalized-Design-8-300x240.jpg\" alt=\"reflective dog jacket\" width=\"370\" height=\"296\" srcset=\"https:\/\/www.deopaws.com\/wp-content\/uploads\/2025\/04\/Cold-Weather-Reflective-Dog-Jacket-Warm-Sport-Vest-with-Personalized-Design-8-300x240.jpg 300w, https:\/\/www.deopaws.com\/wp-content\/uploads\/2025\/04\/Cold-Weather-Reflective-Dog-Jacket-Warm-Sport-Vest-with-Personalized-Design-8-600x480.jpg 600w, https:\/\/www.deopaws.com\/wp-content\/uploads\/2025\/04\/Cold-Weather-Reflective-Dog-Jacket-Warm-Sport-Vest-with-Personalized-Design-8.jpg 750w\" sizes=\"auto, (max-width: 370px) 100vw, 370px\" \/><\/p>\n<div style=\"flex: 1; min-width: 0;\">\n<p style=\"color: gray;\">Warm and Comfortable: Made from soft, insulating cotton, this sport-style jacket is designed to keep your dog warm and comfortable during cold winter days.<\/p>\n<\/div>\n<\/div>\n<p><!-- \u53f3\u56fe\u5de6\u6587 --><\/p>\n<div style=\"display: flex; flex-direction: row-reverse; align-items: center; gap: 20px; flex-wrap: wrap;\">\n<p><img loading=\"lazy\" decoding=\"async\" class=\"alignnone wp-image-432\" src=\"https:\/\/gray-bee-883835.hostingersite.com\/wp-content\/uploads\/2025\/04\/Cold-Weather-Reflective-Dog-Jacket-Warm-Sport-Vest-with-Personalized-Design-2-300x240.jpg\" alt=\"reflective dog jacket\" width=\"370\" height=\"296\" srcset=\"https:\/\/www.deopaws.com\/wp-content\/uploads\/2025\/04\/Cold-Weather-Reflective-Dog-Jacket-Warm-Sport-Vest-with-Personalized-Design-2-300x240.jpg 300w, https:\/\/www.deopaws.com\/wp-content\/uploads\/2025\/04\/Cold-Weather-Reflective-Dog-Jacket-Warm-Sport-Vest-with-Personalized-Design-2-600x480.jpg 600w, https:\/\/www.deopaws.com\/wp-content\/uploads\/2025\/04\/Cold-Weather-Reflective-Dog-Jacket-Warm-Sport-Vest-with-Personalized-Design-2.jpg 750w\" sizes=\"auto, (max-width: 370px) 100vw, 370px\" \/><\/p>\n<div style=\"flex: 1; min-width: 0;\">\n<p style=\"color: gray;\">Classic Solid Color Design: Featuring a clean, solid color pattern, this jacket offers a timeless look that pairs easily with your dog\u2019s daily wear.<\/p>\n<\/div>\n<\/div>\n<\/div>\n<div style=\"max-width: 800px; margin: auto; padding: 20px;\">\n<p><!-- \u5de6\u56fe\u53f3\u6587 --><\/p>\n<div style=\"display: flex; align-items: center; gap: 20px; margin-bottom: 40px; flex-wrap: wrap;\">\n<p><img loading=\"lazy\" decoding=\"async\" class=\"alignnone wp-image-431\" src=\"https:\/\/gray-bee-883835.hostingersite.com\/wp-content\/uploads\/2025\/04\/Cold-Weather-Reflective-Dog-Jacket-Warm-Sport-Vest-with-Personalized-Design-1-300x240.jpg\" alt=\"reflective dog jacket\" width=\"370\" height=\"296\" srcset=\"https:\/\/www.deopaws.com\/wp-content\/uploads\/2025\/04\/Cold-Weather-Reflective-Dog-Jacket-Warm-Sport-Vest-with-Personalized-Design-1-300x240.jpg 300w, https:\/\/www.deopaws.com\/wp-content\/uploads\/2025\/04\/Cold-Weather-Reflective-Dog-Jacket-Warm-Sport-Vest-with-Personalized-Design-1-600x480.jpg 600w, https:\/\/www.deopaws.com\/wp-content\/uploads\/2025\/04\/Cold-Weather-Reflective-Dog-Jacket-Warm-Sport-Vest-with-Personalized-Design-1.jpg 750w\" sizes=\"auto, (max-width: 370px) 100vw, 370px\" \/><\/p>\n<div style=\"flex: 1; min-width: 0;\">\n<p style=\"color: gray;\">Available in sizes S to 2XL, this reflective dog jacket ensures a proper fit for a variety of small to medium dog breeds.<\/p>\n<\/div>\n<\/div>\n<p><!-- \u53f3\u56fe\u5de6\u6587 --><\/p>\n<div style=\"display: flex; flex-direction: row-reverse; align-items: center; gap: 20px; flex-wrap: wrap;\">\n<p><img loading=\"lazy\" decoding=\"async\" class=\"alignnone wp-image-164\" src=\"https:\/\/gray-bee-883835.hostingersite.com\/wp-content\/uploads\/2025\/04\/1213-300x240.jpg\" alt=\"\" width=\"370\" height=\"296\" srcset=\"https:\/\/www.deopaws.com\/wp-content\/uploads\/2025\/04\/1213-300x240.jpg 300w, https:\/\/www.deopaws.com\/wp-content\/uploads\/2025\/04\/1213-600x480.jpg 600w, https:\/\/www.deopaws.com\/wp-content\/uploads\/2025\/04\/1213.jpg 750w\" sizes=\"auto, (max-width: 370px) 100vw, 370px\" \/><\/p>\n<div style=\"flex: 1; min-width: 0;\">\n<p style=\"color: gray;\">Este pano para c\u00e3es n\u00e3o \u00e9 apenas \u00fanico, mas tamb\u00e9m totalmente personaliz\u00e1vel. Pode oferecer diferentes tamanhos, cores, padr\u00f5es ou bordados personalizados, tais como nomes ou desenhos especiais, com base nas prefer\u00eancias dos seus clientes. Isto faz com que cada camisola seja \u00fanica, perfeitamente adaptada para satisfazer as necessidades dos animais de estima\u00e7\u00e3o e dos donos, aumentando o apelo do produto e a competitividade no mercado.<\/p>\n<\/div>\n<\/div>\n<\/div>\n<div style=\"max-width: 800px; margin: auto; padding: 20px;\">\n<p><!-- \u5de6\u56fe\u53f3\u6587 --><\/p>\n<div style=\"display: flex; align-items: center; gap: 20px; margin-bottom: 40px; flex-wrap: wrap;\">\n<p><img loading=\"lazy\" decoding=\"async\" class=\"alignnone wp-image-159\" src=\"https:\/\/gray-bee-883835.hostingersite.com\/wp-content\/uploads\/2025\/04\/111-300x240.jpg\" alt=\"\" width=\"370\" height=\"296\" srcset=\"https:\/\/www.deopaws.com\/wp-content\/uploads\/2025\/04\/111-300x240.jpg 300w, https:\/\/www.deopaws.com\/wp-content\/uploads\/2025\/04\/111-600x480.jpg 600w, https:\/\/www.deopaws.com\/wp-content\/uploads\/2025\/04\/111.jpg 750w\" sizes=\"auto, (max-width: 370px) 100vw, 370px\" \/><\/p>\n<div style=\"flex: 1; min-width: 0;\">\n<p style=\"color: gray;\">Estes panos para c\u00e3es est\u00e3o dispon\u00edveis numa vasta gama de cores para se adaptarem a diferentes personalidades de animais de estima\u00e7\u00e3o. Quer sejam os vermelhos quentes, os azuis vibrantes, os rosas suaves ou os pretos e brancos cl\u00e1ssicos, pode escolher com base nas prefer\u00eancias do seu animal de estima\u00e7\u00e3o ou do cliente. Cada cor \u00e9 cuidadosamente concebida para garantir que tem estilo e \u00e9 adequada para v\u00e1rias ocasi\u00f5es, proporcionando conforto e charme a cada c\u00e3ozinho.<\/p>\n<\/div>\n<\/div>\n<p><!-- \u53f3\u56fe\u5de6\u6587 --><\/p>\n<div style=\"display: flex; flex-direction: row-reverse; align-items: center; gap: 20px; flex-wrap: wrap;\">\n<p><img loading=\"lazy\" decoding=\"async\" class=\"alignnone wp-image-160\" src=\"https:\/\/gray-bee-883835.hostingersite.com\/wp-content\/uploads\/2025\/04\/112-300x240.jpg\" alt=\"\" width=\"370\" height=\"296\" srcset=\"https:\/\/www.deopaws.com\/wp-content\/uploads\/2025\/04\/112-300x240.jpg 300w, https:\/\/www.deopaws.com\/wp-content\/uploads\/2025\/04\/112-600x480.jpg 600w, https:\/\/www.deopaws.com\/wp-content\/uploads\/2025\/04\/112.jpg 750w\" sizes=\"auto, (max-width: 370px) 100vw, 370px\" \/><\/p>\n<div style=\"flex: 1; min-width: 0;\">\n<p style=\"color: gray;\">Totalmente personaliz\u00e1vel<\/p>\n<\/div>\n<\/div>\n<\/div>\n<div style=\"max-width: 800px; margin: auto; padding: 20px;\">\n<p><!-- \u5de6\u56fe\u53f3\u6587 --><\/p>\n<div style=\"display: flex; align-items: center; gap: 20px; margin-bottom: 40px; flex-wrap: wrap;\">\n<p><img loading=\"lazy\" decoding=\"async\" class=\"alignnone wp-image-161\" src=\"https:\/\/gray-bee-883835.hostingersite.com\/wp-content\/uploads\/2025\/04\/113-300x240.jpg\" alt=\"\" width=\"370\" height=\"296\" srcset=\"https:\/\/www.deopaws.com\/wp-content\/uploads\/2025\/04\/113-300x240.jpg 300w, https:\/\/www.deopaws.com\/wp-content\/uploads\/2025\/04\/113-600x480.jpg 600w, https:\/\/www.deopaws.com\/wp-content\/uploads\/2025\/04\/113.jpg 750w\" sizes=\"auto, (max-width: 370px) 100vw, 370px\" \/><\/p>\n<div style=\"flex: 1; min-width: 0;\">\n<p style=\"color: gray;\">\u00a0Fabricado em malha polar de alta qualidade, oferece um toque suave e um excelente isolamento para os dias frios.<\/p>\n<\/div>\n<\/div>\n<p><!-- \u53f3\u56fe\u5de6\u6587 --><\/p>\n<div style=\"display: flex; flex-direction: row-reverse; align-items: center; gap: 20px; flex-wrap: wrap;\">\n<p><img loading=\"lazy\" decoding=\"async\" class=\"alignnone wp-image-157\" src=\"https:\/\/gray-bee-883835.hostingersite.com\/wp-content\/uploads\/2025\/04\/11212-300x240.jpg\" alt=\"\" width=\"370\" height=\"296\" srcset=\"https:\/\/www.deopaws.com\/wp-content\/uploads\/2025\/04\/11212-300x240.jpg 300w, https:\/\/www.deopaws.com\/wp-content\/uploads\/2025\/04\/11212-600x480.jpg 600w, https:\/\/www.deopaws.com\/wp-content\/uploads\/2025\/04\/11212.jpg 750w\" sizes=\"auto, (max-width: 370px) 100vw, 370px\" \/><\/p>\n<div style=\"flex: 1; min-width: 0;\">\n<p style=\"color: gray;\">Pode acrescentar o seu pr\u00f3prio log\u00f3tipo aos panos para os tornar um excelente produto promocional para a sua empresa. A camisola tamb\u00e9m \u00e9 fornecida com um pr\u00e1tico saco OPP para f\u00e1cil armazenamento e transporte.<\/p>\n<\/div>\n<\/div>\n<\/div>\n<h3>Ecr\u00e3 de f\u00e1brica<\/h3>\n<p>&nbsp;<\/p>\n<div class=\"row\">\n<div class=\"col-lg-4\"><img loading=\"lazy\" decoding=\"async\" class=\"alignnone size-medium wp-image-142\" src=\"https:\/\/gray-bee-883835.hostingersite.com\/wp-content\/uploads\/2025\/04\/Small-pet-raincoat-3_-300x225.jpg\" alt=\"\" width=\"300\" height=\"225\" srcset=\"https:\/\/www.deopaws.com\/wp-content\/uploads\/2025\/04\/Small-pet-raincoat-3_-300x225.jpg 300w, https:\/\/www.deopaws.com\/wp-content\/uploads\/2025\/04\/Small-pet-raincoat-3_-600x450.jpg 600w, https:\/\/www.deopaws.com\/wp-content\/uploads\/2025\/04\/Small-pet-raincoat-3_-768x576.jpg 768w, https:\/\/www.deopaws.com\/wp-content\/uploads\/2025\/04\/Small-pet-raincoat-3_.jpg 800w\" sizes=\"auto, (max-width: 300px) 100vw, 300px\" \/><\/div>\n<div class=\"col-lg-4\"><img loading=\"lazy\" decoding=\"async\" class=\"alignnone size-medium wp-image-138\" src=\"https:\/\/gray-bee-883835.hostingersite.com\/wp-content\/uploads\/2025\/04\/Small-pet-raincoat-2-2-300x225.jpg\" alt=\"\" width=\"300\" height=\"225\" srcset=\"https:\/\/www.deopaws.com\/wp-content\/uploads\/2025\/04\/Small-pet-raincoat-2-2-300x225.jpg 300w, https:\/\/www.deopaws.com\/wp-content\/uploads\/2025\/04\/Small-pet-raincoat-2-2-600x450.jpg 600w, https:\/\/www.deopaws.com\/wp-content\/uploads\/2025\/04\/Small-pet-raincoat-2-2-768x576.jpg 768w, https:\/\/www.deopaws.com\/wp-content\/uploads\/2025\/04\/Small-pet-raincoat-2-2.jpg 800w\" sizes=\"auto, (max-width: 300px) 100vw, 300px\" \/><\/div>\n<div class=\"col-lg-4\"><img loading=\"lazy\" decoding=\"async\" class=\"alignnone size-medium wp-image-139\" src=\"https:\/\/gray-bee-883835.hostingersite.com\/wp-content\/uploads\/2025\/04\/Small-pet-raincoat-3-2-300x225.jpg\" alt=\"\" width=\"300\" height=\"225\" srcset=\"https:\/\/www.deopaws.com\/wp-content\/uploads\/2025\/04\/Small-pet-raincoat-3-2-300x225.jpg 300w, https:\/\/www.deopaws.com\/wp-content\/uploads\/2025\/04\/Small-pet-raincoat-3-2-600x450.jpg 600w, https:\/\/www.deopaws.com\/wp-content\/uploads\/2025\/04\/Small-pet-raincoat-3-2-768x576.jpg 768w, https:\/\/www.deopaws.com\/wp-content\/uploads\/2025\/04\/Small-pet-raincoat-3-2.jpg 800w\" sizes=\"auto, (max-width: 300px) 100vw, 300px\" \/><\/div>\n<p>&nbsp;<\/p>\n<div>\n<div class=\"row\">\n<div class=\"col-lg-4\"><img loading=\"lazy\" decoding=\"async\" class=\"alignnone size-medium wp-image-141\" src=\"https:\/\/gray-bee-883835.hostingersite.com\/wp-content\/uploads\/2025\/04\/Small-pet-raincoat-2_-300x225.jpg\" alt=\"\" width=\"300\" height=\"225\" srcset=\"https:\/\/www.deopaws.com\/wp-content\/uploads\/2025\/04\/Small-pet-raincoat-2_-300x225.jpg 300w, https:\/\/www.deopaws.com\/wp-content\/uploads\/2025\/04\/Small-pet-raincoat-2_-600x450.jpg 600w, https:\/\/www.deopaws.com\/wp-content\/uploads\/2025\/04\/Small-pet-raincoat-2_-768x576.jpg 768w, https:\/\/www.deopaws.com\/wp-content\/uploads\/2025\/04\/Small-pet-raincoat-2_.jpg 800w\" sizes=\"auto, (max-width: 300px) 100vw, 300px\" \/><\/div>\n<div class=\"col-lg-4\"><img loading=\"lazy\" decoding=\"async\" class=\"alignnone size-full wp-image-1656\" src=\"https:\/\/www.deopaws.com\/wp-content\/uploads\/2025\/05\/fact-1_\u526f\u672c.jpg\" alt=\"\" width=\"300\" height=\"225\" \/><\/div>\n<div class=\"col-lg-4\"><img loading=\"lazy\" decoding=\"async\" class=\"alignnone size-medium wp-image-137\" src=\"https:\/\/gray-bee-883835.hostingersite.com\/wp-content\/uploads\/2025\/04\/Small-pet-raincoat-1-2-300x225.jpg\" alt=\"\" width=\"300\" height=\"225\" srcset=\"https:\/\/www.deopaws.com\/wp-content\/uploads\/2025\/04\/Small-pet-raincoat-1-2-300x225.jpg 300w, https:\/\/www.deopaws.com\/wp-content\/uploads\/2025\/04\/Small-pet-raincoat-1-2-600x450.jpg 600w, https:\/\/www.deopaws.com\/wp-content\/uploads\/2025\/04\/Small-pet-raincoat-1-2-768x576.jpg 768w, https:\/\/www.deopaws.com\/wp-content\/uploads\/2025\/04\/Small-pet-raincoat-1-2.jpg 800w\" sizes=\"auto, (max-width: 300px) 100vw, 300px\" \/><\/div>\n<div><\/div>\n<\/div>\n<\/div>\n<\/div>","protected":false},"excerpt":{"rendered":"<p>Keep your pup warm and cozy with this soft cotton reflective dog jacket, designed for cold weather. Featuring a snug fit, reflective safety details, and a classic solid color, it\u2019s both stylish and practical. Customizable and available in sizes S to 2XL\u2014perfect for winter walks.<\/p>","protected":false},"featured_media":428,"comment_status":"open","ping_status":"closed","template":"","meta":{"_acf_changed":false},"product_brand":[],"product_cat":[15,17,39,16,25],"product_tag":[],"class_list":{"0":"post-425","1":"product","2":"type-product","3":"status-publish","4":"has-post-thumbnail","6":"product_cat-products","7":"product_cat-cat-supplies","8":"product_cat-cat-apparel-accessories","9":"product_cat-dog-supplies","10":"product_cat-dog-apparel-accessories","12":"first","13":"instock","14":"shipping-taxable","15":"product-type-simple"},"acf":[],"_links":{"self":[{"href":"https:\/\/www.deopaws.com\/pt\/wp-json\/wp\/v2\/product\/425","targetHints":{"allow":["GET"]}}],"collection":[{"href":"https:\/\/www.deopaws.com\/pt\/wp-json\/wp\/v2\/product"}],"about":[{"href":"https:\/\/www.deopaws.com\/pt\/wp-json\/wp\/v2\/types\/product"}],"replies":[{"embeddable":true,"href":"https:\/\/www.deopaws.com\/pt\/wp-json\/wp\/v2\/comments?post=425"}],"wp:featuredmedia":[{"embeddable":true,"href":"https:\/\/www.deopaws.com\/pt\/wp-json\/wp\/v2\/media\/428"}],"wp:attachment":[{"href":"https:\/\/www.deopaws.com\/pt\/wp-json\/wp\/v2\/media?parent=425"}],"wp:term":[{"taxonomy":"product_brand","embeddable":true,"href":"https:\/\/www.deopaws.com\/pt\/wp-json\/wp\/v2\/product_brand?post=425"},{"taxonomy":"product_cat","embeddable":true,"href":"https:\/\/www.deopaws.com\/pt\/wp-json\/wp\/v2\/product_cat?post=425"},{"taxonomy":"product_tag","embeddable":true,"href":"https:\/\/www.deopaws.com\/pt\/wp-json\/wp\/v2\/product_tag?post=425"}],"curies":[{"name":"wp","href":"https:\/\/api.w.org\/{rel}","templated":true}]}}