{"id":4072,"date":"2026-03-18T15:35:31","date_gmt":"2026-03-18T07:35:31","guid":{"rendered":"https:\/\/www.deopaws.com\/?post_type=product&#038;p=4072"},"modified":"2026-03-18T17:03:44","modified_gmt":"2026-03-18T09:03:44","slug":"dog-snowsuit-warm-reflective-four-leg-coat","status":"publish","type":"product","link":"https:\/\/www.deopaws.com\/pt\/dog-snowsuit-warm-reflective-four-leg-coat\/","title":{"rendered":"Casaco de inverno para Prote\u00e7\u00e3o contra o Frio com Faixas Reflectoras e Fixa\u00e7\u00e3o para Trela"},"content":{"rendered":"<h2 data-start=\"77\" data-end=\"192\">Dog Snowsuit \uff1a<\/h2>\n<p>&nbsp;<\/p>\n<p data-start=\"84\" data-end=\"250\"><strong data-start=\"65\" data-end=\"117\">\u25cf <\/strong><strong data-start=\"489\" data-end=\"516\">Full Four-Leg Coverage:<\/strong> Provides complete warmth and protection in cold weather.<\/p>\n<p>&nbsp;<\/p>\n<p data-start=\"578\" data-end=\"654\"><strong data-start=\"578\" data-end=\"605\">\u25cf Thick Insulated Design:<\/strong> Keeps dogs warm and comfortable during winter.<\/p>\n<p>&nbsp;<\/p>\n<p data-start=\"657\" data-end=\"740\"><strong data-start=\"657\" data-end=\"686\">\u25cf Reflective Safety Strips:<\/strong> Improves visibility during low-light outdoor walks.<\/p>\n<p>&nbsp;<\/p>\n<p data-start=\"743\" data-end=\"828\"><strong data-start=\"743\" data-end=\"768\">\u25cf Prote\u00e7\u00e3o \u00e0 prova de vento:<\/strong> Helps block cold air and protect pets from harsh weather.<\/p>\n<p>&nbsp;<\/p>\n<p data-start=\"831\" data-end=\"903\"><strong data-start=\"831\" data-end=\"851\">\u25cf Comfortable Fit:<\/strong> Soft inner lining ensures comfort for daily wear.<\/p>\n<p>&nbsp;<\/p>\n<p data-start=\"906\" data-end=\"982\"><strong data-start=\"906\" data-end=\"924\">\u25cf Pronto para o exterior:<\/strong> Ideal for walking, travel, and winter outdoor activities.<\/p>\n<p>&nbsp;<\/p>\n<div style=\"max-width: 800px; margin: auto; padding: 20px;\">\n<p><!-- \u5de6\u56fe\u53f3\u6587 --><\/p>\n<div style=\"display: flex; align-items: center; gap: 20px; margin-bottom: 40px; flex-wrap: wrap;\">\n<p><img loading=\"lazy\" decoding=\"async\" class=\"alignnone wp-image-4088 size-full\" src=\"https:\/\/www.deopaws.com\/wp-content\/uploads\/2026\/03\/hoy.jpg\" alt=\"\" width=\"380\" height=\"300\" srcset=\"https:\/\/www.deopaws.com\/wp-content\/uploads\/2026\/03\/hoy.jpg 380w, https:\/\/www.deopaws.com\/wp-content\/uploads\/2026\/03\/hoy-300x237.jpg 300w, https:\/\/www.deopaws.com\/wp-content\/uploads\/2026\/03\/hoy-15x12.jpg 15w\" sizes=\"auto, (max-width: 380px) 100vw, 380px\" \/><\/p>\n<div style=\"flex: 1; min-width: 0;\">\n<p style=\"color: gray;\">Larger reflective areas are safer. They are also safer in rain, fog, and low-light conditions.<\/p>\n<\/div>\n<\/div>\n<p><!-- \u53f3\u56fe\u5de6\u6587 --><\/p>\n<div style=\"display: flex; flex-direction: row-reverse; align-items: center; gap: 20px; flex-wrap: wrap;\">\n<p><img loading=\"lazy\" decoding=\"async\" class=\"alignnone wp-image-4089 size-full\" src=\"https:\/\/www.deopaws.com\/wp-content\/uploads\/2026\/03\/fhtdc.jpg\" alt=\"\" width=\"380\" height=\"300\" srcset=\"https:\/\/www.deopaws.com\/wp-content\/uploads\/2026\/03\/fhtdc.jpg 380w, https:\/\/www.deopaws.com\/wp-content\/uploads\/2026\/03\/fhtdc-300x237.jpg 300w, https:\/\/www.deopaws.com\/wp-content\/uploads\/2026\/03\/fhtdc-15x12.jpg 15w\" sizes=\"auto, (max-width: 380px) 100vw, 380px\" \/><\/p>\n<div style=\"flex: 1; min-width: 0;\">\n<p style=\"color: gray;\">Product details display.<\/p>\n<\/div>\n<\/div>\n<\/div>\n<div style=\"max-width: 800px; margin: auto; padding: 20px;\">\n<p><!-- \u5de6\u56fe\u53f3\u6587 --><\/p>\n<div style=\"display: flex; align-items: center; gap: 20px; margin-bottom: 40px; flex-wrap: wrap;\">\n<p><img loading=\"lazy\" decoding=\"async\" class=\"alignnone wp-image-4090 size-full\" src=\"https:\/\/www.deopaws.com\/wp-content\/uploads\/2026\/03\/udctg.jpg\" alt=\"\" width=\"380\" height=\"300\" srcset=\"https:\/\/www.deopaws.com\/wp-content\/uploads\/2026\/03\/udctg.jpg 380w, https:\/\/www.deopaws.com\/wp-content\/uploads\/2026\/03\/udctg-300x237.jpg 300w, https:\/\/www.deopaws.com\/wp-content\/uploads\/2026\/03\/udctg-15x12.jpg 15w\" sizes=\"auto, (max-width: 380px) 100vw, 380px\" \/><\/p>\n<div style=\"flex: 1; min-width: 0;\">\n<p data-start=\"56\" data-end=\"422\">Keep your pet warm this winter with a four-legged cotton coat.<\/p>\n<\/div>\n<\/div>\n<p><!-- \u53f3\u56fe\u5de6\u6587 --><\/p>\n<div style=\"display: flex; flex-direction: row-reverse; align-items: center; gap: 20px; flex-wrap: wrap;\">\n<p><img loading=\"lazy\" decoding=\"async\" class=\"alignnone wp-image-3171 size-medium\" src=\"https:\/\/www.deopaws.com\/wp-content\/uploads\/2025\/12\/\u8be6\u60c5\u56fe05-4.jpg\" alt=\"\" width=\"300\" height=\"200\" \/><\/p>\n<div style=\"flex: 1; min-width: 0;\">\n<p style=\"color: gray;\">Tabela de tamanhos - Est\u00e3o dispon\u00edveis v\u00e1rios tamanhos, adequados para c\u00e3es de diferentes tamanhos.<\/p>\n<\/div>\n<\/div>\n<\/div>\n<h3>Ecr\u00e3 de f\u00e1brica<\/h3>\n<p>&nbsp;<\/p>\n<div class=\"row\">\n<div class=\"col-lg-4\"><img loading=\"lazy\" decoding=\"async\" class=\"alignnone size-medium wp-image-142\" src=\"https:\/\/gray-bee-883835.hostingersite.com\/wp-content\/uploads\/2025\/04\/Small-pet-raincoat-3_-300x225.jpg\" alt=\"\" width=\"300\" height=\"225\" srcset=\"https:\/\/www.deopaws.com\/wp-content\/uploads\/2025\/04\/Small-pet-raincoat-3_-300x225.jpg 300w, https:\/\/www.deopaws.com\/wp-content\/uploads\/2025\/04\/Small-pet-raincoat-3_-600x450.jpg 600w, https:\/\/www.deopaws.com\/wp-content\/uploads\/2025\/04\/Small-pet-raincoat-3_-768x576.jpg 768w, https:\/\/www.deopaws.com\/wp-content\/uploads\/2025\/04\/Small-pet-raincoat-3_.jpg 800w\" sizes=\"auto, (max-width: 300px) 100vw, 300px\" \/><\/div>\n<div class=\"col-lg-4\"><img loading=\"lazy\" decoding=\"async\" class=\"alignnone size-medium wp-image-138\" src=\"https:\/\/gray-bee-883835.hostingersite.com\/wp-content\/uploads\/2025\/04\/Small-pet-raincoat-2-2-300x225.jpg\" alt=\"\" width=\"300\" height=\"225\" srcset=\"https:\/\/www.deopaws.com\/wp-content\/uploads\/2025\/04\/Small-pet-raincoat-2-2-300x225.jpg 300w, https:\/\/www.deopaws.com\/wp-content\/uploads\/2025\/04\/Small-pet-raincoat-2-2-600x450.jpg 600w, https:\/\/www.deopaws.com\/wp-content\/uploads\/2025\/04\/Small-pet-raincoat-2-2-768x576.jpg 768w, https:\/\/www.deopaws.com\/wp-content\/uploads\/2025\/04\/Small-pet-raincoat-2-2.jpg 800w\" sizes=\"auto, (max-width: 300px) 100vw, 300px\" \/><\/div>\n<div class=\"col-lg-4\"><img loading=\"lazy\" decoding=\"async\" class=\"alignnone size-medium wp-image-139\" src=\"https:\/\/gray-bee-883835.hostingersite.com\/wp-content\/uploads\/2025\/04\/Small-pet-raincoat-3-2-300x225.jpg\" alt=\"\" width=\"300\" height=\"225\" srcset=\"https:\/\/www.deopaws.com\/wp-content\/uploads\/2025\/04\/Small-pet-raincoat-3-2-300x225.jpg 300w, https:\/\/www.deopaws.com\/wp-content\/uploads\/2025\/04\/Small-pet-raincoat-3-2-600x450.jpg 600w, https:\/\/www.deopaws.com\/wp-content\/uploads\/2025\/04\/Small-pet-raincoat-3-2-768x576.jpg 768w, https:\/\/www.deopaws.com\/wp-content\/uploads\/2025\/04\/Small-pet-raincoat-3-2.jpg 800w\" sizes=\"auto, (max-width: 300px) 100vw, 300px\" \/><\/div>\n<p>&nbsp;<\/p>\n<div>\n<div class=\"row\">\n<div class=\"col-lg-4\"><img loading=\"lazy\" decoding=\"async\" class=\"alignnone size-medium wp-image-141\" src=\"https:\/\/gray-bee-883835.hostingersite.com\/wp-content\/uploads\/2025\/04\/Small-pet-raincoat-2_-300x225.jpg\" alt=\"\" width=\"300\" height=\"225\" srcset=\"https:\/\/www.deopaws.com\/wp-content\/uploads\/2025\/04\/Small-pet-raincoat-2_-300x225.jpg 300w, https:\/\/www.deopaws.com\/wp-content\/uploads\/2025\/04\/Small-pet-raincoat-2_-600x450.jpg 600w, https:\/\/www.deopaws.com\/wp-content\/uploads\/2025\/04\/Small-pet-raincoat-2_-768x576.jpg 768w, https:\/\/www.deopaws.com\/wp-content\/uploads\/2025\/04\/Small-pet-raincoat-2_.jpg 800w\" sizes=\"auto, (max-width: 300px) 100vw, 300px\" \/><\/div>\n<div class=\"col-lg-4\"><img loading=\"lazy\" decoding=\"async\" class=\"alignnone size-full wp-image-1656\" src=\"https:\/\/www.deopaws.com\/wp-content\/uploads\/2025\/05\/fact-1_\u526f\u672c.jpg\" alt=\"\" width=\"300\" height=\"225\" \/><\/div>\n<div class=\"col-lg-4\"><img loading=\"lazy\" decoding=\"async\" class=\"alignnone size-medium wp-image-137\" src=\"https:\/\/gray-bee-883835.hostingersite.com\/wp-content\/uploads\/2025\/04\/Small-pet-raincoat-1-2-300x225.jpg\" alt=\"\" width=\"300\" height=\"225\" srcset=\"https:\/\/www.deopaws.com\/wp-content\/uploads\/2025\/04\/Small-pet-raincoat-1-2-300x225.jpg 300w, https:\/\/www.deopaws.com\/wp-content\/uploads\/2025\/04\/Small-pet-raincoat-1-2-600x450.jpg 600w, https:\/\/www.deopaws.com\/wp-content\/uploads\/2025\/04\/Small-pet-raincoat-1-2-768x576.jpg 768w, https:\/\/www.deopaws.com\/wp-content\/uploads\/2025\/04\/Small-pet-raincoat-1-2.jpg 800w\" sizes=\"auto, (max-width: 300px) 100vw, 300px\" \/><\/div>\n<div><\/div>\n<\/div>\n<\/div>\n<\/div>","protected":false},"excerpt":{"rendered":"<div class=\"flex max-w-full flex-col grow\">\n<div class=\"min-h-8 text-message relative flex w-full flex-col items-end gap-2 text-start break-words whitespace-normal [.text-message+&amp;]:mt-1\" dir=\"auto\" data-message-author-role=\"assistant\" data-message-id=\"0e6667b7-0449-40ea-b152-5f3a51bb3a1c\" data-message-model-slug=\"gpt-5-mini\">\n<div class=\"flex w-full flex-col gap-1 empty:hidden first:pt-[1px]\">\n<div class=\"markdown prose dark:prose-invert w-full break-words light markdown-new-styling\">\n<p data-start=\"60\" data-end=\"563\" data-is-last-node=\"\" data-is-only-node=\"\">Este fato de neve para c\u00e3es foi concebido para manter os c\u00e3es pequenos quentes no tempo frio, com cobertura total das quatro patas. Fabricado em poli\u00e9ster dur\u00e1vel com detalhes reflectores, proporciona conforto, prote\u00e7\u00e3o e seguran\u00e7a para actividades de inverno no exterior.<\/p>\n<\/div>\n<\/div>\n<\/div>\n<\/div>","protected":false},"featured_media":4080,"comment_status":"closed","ping_status":"closed","template":"","meta":{"_acf_changed":false},"product_brand":[],"product_cat":[16,25],"product_tag":[],"class_list":{"0":"post-4072","1":"product","2":"type-product","3":"status-publish","4":"has-post-thumbnail","6":"product_cat-dog-supplies","7":"product_cat-dog-apparel-accessories","9":"first","10":"instock","11":"shipping-taxable","12":"product-type-simple"},"acf":[],"_links":{"self":[{"href":"https:\/\/www.deopaws.com\/pt\/wp-json\/wp\/v2\/product\/4072","targetHints":{"allow":["GET"]}}],"collection":[{"href":"https:\/\/www.deopaws.com\/pt\/wp-json\/wp\/v2\/product"}],"about":[{"href":"https:\/\/www.deopaws.com\/pt\/wp-json\/wp\/v2\/types\/product"}],"replies":[{"embeddable":true,"href":"https:\/\/www.deopaws.com\/pt\/wp-json\/wp\/v2\/comments?post=4072"}],"wp:featuredmedia":[{"embeddable":true,"href":"https:\/\/www.deopaws.com\/pt\/wp-json\/wp\/v2\/media\/4080"}],"wp:attachment":[{"href":"https:\/\/www.deopaws.com\/pt\/wp-json\/wp\/v2\/media?parent=4072"}],"wp:term":[{"taxonomy":"product_brand","embeddable":true,"href":"https:\/\/www.deopaws.com\/pt\/wp-json\/wp\/v2\/product_brand?post=4072"},{"taxonomy":"product_cat","embeddable":true,"href":"https:\/\/www.deopaws.com\/pt\/wp-json\/wp\/v2\/product_cat?post=4072"},{"taxonomy":"product_tag","embeddable":true,"href":"https:\/\/www.deopaws.com\/pt\/wp-json\/wp\/v2\/product_tag?post=4072"}],"curies":[{"name":"wp","href":"https:\/\/api.w.org\/{rel}","templated":true}]}}