{"id":367,"date":"2025-04-21T17:26:33","date_gmt":"2025-04-21T09:26:33","guid":{"rendered":"https:\/\/gray-bee-883835.hostingersite.com\/?post_type=product&#038;p=367"},"modified":"2025-08-04T17:00:30","modified_gmt":"2025-08-04T09:00:30","slug":"dog-winter-coat-waterproof","status":"publish","type":"product","link":"https:\/\/www.deopaws.com\/pt\/dog-winter-coat-waterproof\/","title":{"rendered":"Casaco de inverno para C\u00e3es \u00e0 prova de \u00e1gua - Quente, dur\u00e1vel e protetor"},"content":{"rendered":"<h2 data-start=\"165\" data-end=\"310\">Casaco de inverno para c\u00e3es \u00e0 prova de \u00e1gua:<\/h2>\n<p class=\"\" data-start=\"165\" data-end=\"310\"><strong data-start=\"165\" data-end=\"197\">\u25cf Eco-amig\u00e1vel e \u00e0 prova de \u00e1gua:<\/strong> Fabricado em algod\u00e3o ecol\u00f3gico, este casaco para c\u00e3es oferece prote\u00e7\u00e3o contra a chuva, mantendo o seu animal de estima\u00e7\u00e3o confort\u00e1vel e seco.<\/p>\n<p class=\"\" data-start=\"314\" data-end=\"453\"><strong data-start=\"314\" data-end=\"339\">Perfeito para c\u00e3es:<\/strong> Adaptado a todas as ra\u00e7as e tamanhos de c\u00e3es (S-2XL), proporcionando um ajuste confort\u00e1vel, confort\u00e1vel e funcional para o seu c\u00e3o.<\/p>\n<p class=\"\" data-start=\"457\" data-end=\"616\"><strong data-start=\"457\" data-end=\"482\">Quente e confort\u00e1vel:<\/strong> Concebido para o inverno, este casaco oferece um calor extra ao mesmo tempo que \u00e9 leve, garantindo que o seu c\u00e3o se mant\u00e9m confort\u00e1vel em condi\u00e7\u00f5es frias.<\/p>\n<p class=\"\" data-start=\"620\" data-end=\"751\"><strong data-start=\"620\" data-end=\"650\">Design simples e cl\u00e1ssico:<\/strong> Apresenta um padr\u00e3o de impress\u00e3o simples e s\u00f3lido que \u00e9 simultaneamente elegante e pr\u00e1tico para o tempo chuvoso e frio.<\/p>\n<p class=\"\" data-start=\"755\" data-end=\"891\"><strong data-start=\"755\" data-end=\"794\">Ideal para o inverno e tempo chuvoso:<\/strong> Este casaco \u00e9 perfeito para passeios ao ar livre em condi\u00e7\u00f5es de chuva ou frio, mantendo o seu c\u00e3o quente e seco.<\/p>\n<p class=\"\" data-start=\"895\" data-end=\"1014\"><strong data-start=\"895\" data-end=\"912\">\u25cf Personaliz\u00e1vel:<\/strong> Ideal para empresas, este casaco pode ser personalizado com um log\u00f3tipo para criar um visual \u00fanico para a sua marca.<\/p>\n<p class=\"\" data-start=\"1018\" data-end=\"1152\"><strong data-start=\"1018\" data-end=\"1035\">\u25cf Estilo moderno:<\/strong> Um design cl\u00e1ssico e minimalista que proporciona moda e fun\u00e7\u00e3o, dando ao seu animal de estima\u00e7\u00e3o um aspeto elegante e protegido.<\/p>\n<p class=\"\" data-start=\"1156\" data-end=\"1284\"><strong data-start=\"1156\" data-end=\"1188\">Dispon\u00edvel em v\u00e1rios tamanhos:<\/strong> Dispon\u00edvel nos tamanhos S a 2XL, o que o torna adequado para uma vasta gama de c\u00e3es de pequeno e m\u00e9dio porte.<\/p>\n<p>&nbsp;<\/p>\n<p>&nbsp;<\/p>\n<div style=\"max-width: 800px; margin: auto; padding: 20px;\">\n<p><!-- \u5de6\u56fe\u53f3\u6587 --><\/p>\n<div style=\"display: flex; align-items: center; gap: 20px; margin-bottom: 40px; flex-wrap: wrap;\">\n<p><img loading=\"lazy\" decoding=\"async\" class=\"alignnone wp-image-371\" src=\"https:\/\/gray-bee-883835.hostingersite.com\/wp-content\/uploads\/2025\/04\/Custom-Pet-Clothes-\u2013-Waterproof-Rain-Coat-Winter-Dog-Coat-5-300x300.jpg\" alt=\"dog winter coat waterproof\" width=\"370\" height=\"370\" srcset=\"https:\/\/www.deopaws.com\/wp-content\/uploads\/2025\/04\/Custom-Pet-Clothes-\u2013-Waterproof-Rain-Coat-Winter-Dog-Coat-5-300x300.jpg 300w, https:\/\/www.deopaws.com\/wp-content\/uploads\/2025\/04\/Custom-Pet-Clothes-\u2013-Waterproof-Rain-Coat-Winter-Dog-Coat-5-100x100.jpg 100w, https:\/\/www.deopaws.com\/wp-content\/uploads\/2025\/04\/Custom-Pet-Clothes-\u2013-Waterproof-Rain-Coat-Winter-Dog-Coat-5-600x600.jpg 600w, https:\/\/www.deopaws.com\/wp-content\/uploads\/2025\/04\/Custom-Pet-Clothes-\u2013-Waterproof-Rain-Coat-Winter-Dog-Coat-5-150x150.jpg 150w, https:\/\/www.deopaws.com\/wp-content\/uploads\/2025\/04\/Custom-Pet-Clothes-\u2013-Waterproof-Rain-Coat-Winter-Dog-Coat-5-768x768.jpg 768w, https:\/\/www.deopaws.com\/wp-content\/uploads\/2025\/04\/Custom-Pet-Clothes-\u2013-Waterproof-Rain-Coat-Winter-Dog-Coat-5.jpg 800w\" sizes=\"auto, (max-width: 370px) 100vw, 370px\" \/><\/p>\n<div style=\"flex: 1; min-width: 0;\">\n<p style=\"color: gray;\">Fabricado em algod\u00e3o ecol\u00f3gico, este casaco para c\u00e3es foi concebido para proteger o seu animal da chuva, mantendo-o confort\u00e1vel e seco.<\/p>\n<\/div>\n<\/div>\n<p><!-- \u53f3\u56fe\u5de6\u6587 --><\/p>\n<div style=\"display: flex; flex-direction: row-reverse; align-items: center; gap: 20px; flex-wrap: wrap;\">\n<p><img loading=\"lazy\" decoding=\"async\" class=\"alignnone wp-image-372\" src=\"https:\/\/gray-bee-883835.hostingersite.com\/wp-content\/uploads\/2025\/04\/Custom-Pet-Clothes-\u2013-Waterproof-Rain-Coat-Winter-Dog-Coat-6-300x300.jpg\" alt=\"dog winter coat waterproof\" width=\"370\" height=\"370\" srcset=\"https:\/\/www.deopaws.com\/wp-content\/uploads\/2025\/04\/Custom-Pet-Clothes-\u2013-Waterproof-Rain-Coat-Winter-Dog-Coat-6-300x300.jpg 300w, https:\/\/www.deopaws.com\/wp-content\/uploads\/2025\/04\/Custom-Pet-Clothes-\u2013-Waterproof-Rain-Coat-Winter-Dog-Coat-6-100x100.jpg 100w, https:\/\/www.deopaws.com\/wp-content\/uploads\/2025\/04\/Custom-Pet-Clothes-\u2013-Waterproof-Rain-Coat-Winter-Dog-Coat-6-600x600.jpg 600w, https:\/\/www.deopaws.com\/wp-content\/uploads\/2025\/04\/Custom-Pet-Clothes-\u2013-Waterproof-Rain-Coat-Winter-Dog-Coat-6-150x150.jpg 150w, https:\/\/www.deopaws.com\/wp-content\/uploads\/2025\/04\/Custom-Pet-Clothes-\u2013-Waterproof-Rain-Coat-Winter-Dog-Coat-6-768x768.jpg 768w, https:\/\/www.deopaws.com\/wp-content\/uploads\/2025\/04\/Custom-Pet-Clothes-\u2013-Waterproof-Rain-Coat-Winter-Dog-Coat-6.jpg 800w\" sizes=\"auto, (max-width: 370px) 100vw, 370px\" \/><\/p>\n<div style=\"flex: 1; min-width: 0;\">\n<p style=\"color: gray;\">Concebido para o inverno, este casaco proporciona um calor extra mantendo-se leve, garantindo conforto em condi\u00e7\u00f5es frias.<\/p>\n<\/div>\n<\/div>\n<\/div>\n<div style=\"max-width: 800px; margin: auto; padding: 20px;\">\n<p><!-- \u5de6\u56fe\u53f3\u6587 --><\/p>\n<div style=\"display: flex; align-items: center; gap: 20px; margin-bottom: 40px; flex-wrap: wrap;\">\n<p><img loading=\"lazy\" decoding=\"async\" class=\"alignnone wp-image-374\" src=\"https:\/\/gray-bee-883835.hostingersite.com\/wp-content\/uploads\/2025\/04\/Custom-Pet-Clothes-\u2013-Waterproof-Rain-Coat-Winter-Dog-Coat-8-300x300.jpg\" alt=\"dog winter coat waterproof\" width=\"370\" height=\"370\" srcset=\"https:\/\/www.deopaws.com\/wp-content\/uploads\/2025\/04\/Custom-Pet-Clothes-\u2013-Waterproof-Rain-Coat-Winter-Dog-Coat-8-300x300.jpg 300w, https:\/\/www.deopaws.com\/wp-content\/uploads\/2025\/04\/Custom-Pet-Clothes-\u2013-Waterproof-Rain-Coat-Winter-Dog-Coat-8-100x100.jpg 100w, https:\/\/www.deopaws.com\/wp-content\/uploads\/2025\/04\/Custom-Pet-Clothes-\u2013-Waterproof-Rain-Coat-Winter-Dog-Coat-8-600x600.jpg 600w, https:\/\/www.deopaws.com\/wp-content\/uploads\/2025\/04\/Custom-Pet-Clothes-\u2013-Waterproof-Rain-Coat-Winter-Dog-Coat-8-150x150.jpg 150w, https:\/\/www.deopaws.com\/wp-content\/uploads\/2025\/04\/Custom-Pet-Clothes-\u2013-Waterproof-Rain-Coat-Winter-Dog-Coat-8-768x768.jpg 768w, https:\/\/www.deopaws.com\/wp-content\/uploads\/2025\/04\/Custom-Pet-Clothes-\u2013-Waterproof-Rain-Coat-Winter-Dog-Coat-8.jpg 800w\" sizes=\"auto, (max-width: 370px) 100vw, 370px\" \/><\/p>\n<div style=\"flex: 1; min-width: 0;\">\n<p style=\"color: gray;\">Perfeito para passeios ao ar livre em condi\u00e7\u00f5es de chuva ou frio, mantendo o seu c\u00e3o quente e seco.<\/p>\n<\/div>\n<\/div>\n<p><!-- \u53f3\u56fe\u5de6\u6587 --><\/p>\n<div style=\"display: flex; flex-direction: row-reverse; align-items: center; gap: 20px; flex-wrap: wrap;\">\n<p><img loading=\"lazy\" decoding=\"async\" class=\"alignnone wp-image-164\" src=\"https:\/\/gray-bee-883835.hostingersite.com\/wp-content\/uploads\/2025\/04\/1213-300x240.jpg\" alt=\"\" width=\"370\" height=\"296\" srcset=\"https:\/\/www.deopaws.com\/wp-content\/uploads\/2025\/04\/1213-300x240.jpg 300w, https:\/\/www.deopaws.com\/wp-content\/uploads\/2025\/04\/1213-600x480.jpg 600w, https:\/\/www.deopaws.com\/wp-content\/uploads\/2025\/04\/1213.jpg 750w\" sizes=\"auto, (max-width: 370px) 100vw, 370px\" \/><\/p>\n<div style=\"flex: 1; min-width: 0;\">\n<p style=\"color: gray;\">Este pano para c\u00e3es n\u00e3o \u00e9 apenas \u00fanico, mas tamb\u00e9m totalmente personaliz\u00e1vel. Pode oferecer diferentes tamanhos, cores, padr\u00f5es ou bordados personalizados, tais como nomes ou desenhos especiais, com base nas prefer\u00eancias dos seus clientes. Isto faz com que cada camisola seja \u00fanica, perfeitamente adaptada para satisfazer as necessidades dos animais de estima\u00e7\u00e3o e dos donos, aumentando o apelo do produto e a competitividade no mercado.<\/p>\n<\/div>\n<\/div>\n<\/div>\n<div style=\"max-width: 800px; margin: auto; padding: 20px;\">\n<p><!-- \u5de6\u56fe\u53f3\u6587 --><\/p>\n<div style=\"display: flex; align-items: center; gap: 20px; margin-bottom: 40px; flex-wrap: wrap;\">\n<p><img loading=\"lazy\" decoding=\"async\" class=\"alignnone wp-image-159\" src=\"https:\/\/gray-bee-883835.hostingersite.com\/wp-content\/uploads\/2025\/04\/111-300x240.jpg\" alt=\"\" width=\"370\" height=\"296\" srcset=\"https:\/\/www.deopaws.com\/wp-content\/uploads\/2025\/04\/111-300x240.jpg 300w, https:\/\/www.deopaws.com\/wp-content\/uploads\/2025\/04\/111-600x480.jpg 600w, https:\/\/www.deopaws.com\/wp-content\/uploads\/2025\/04\/111.jpg 750w\" sizes=\"auto, (max-width: 370px) 100vw, 370px\" \/><\/p>\n<div style=\"flex: 1; min-width: 0;\">\n<p style=\"color: gray;\">Estes panos para c\u00e3es est\u00e3o dispon\u00edveis numa vasta gama de cores para se adaptarem a diferentes personalidades de animais de estima\u00e7\u00e3o. Quer sejam os vermelhos quentes, os azuis vibrantes, os rosas suaves ou os pretos e brancos cl\u00e1ssicos, pode escolher com base nas prefer\u00eancias do seu animal de estima\u00e7\u00e3o ou do cliente. Cada cor \u00e9 cuidadosamente concebida para garantir que tem estilo e \u00e9 adequada para v\u00e1rias ocasi\u00f5es, proporcionando conforto e charme a cada c\u00e3ozinho.<\/p>\n<\/div>\n<\/div>\n<p><!-- \u53f3\u56fe\u5de6\u6587 --><\/p>\n<div style=\"display: flex; flex-direction: row-reverse; align-items: center; gap: 20px; flex-wrap: wrap;\">\n<p><img loading=\"lazy\" decoding=\"async\" class=\"alignnone wp-image-160\" src=\"https:\/\/gray-bee-883835.hostingersite.com\/wp-content\/uploads\/2025\/04\/112-300x240.jpg\" alt=\"\" width=\"370\" height=\"296\" srcset=\"https:\/\/www.deopaws.com\/wp-content\/uploads\/2025\/04\/112-300x240.jpg 300w, https:\/\/www.deopaws.com\/wp-content\/uploads\/2025\/04\/112-600x480.jpg 600w, https:\/\/www.deopaws.com\/wp-content\/uploads\/2025\/04\/112.jpg 750w\" sizes=\"auto, (max-width: 370px) 100vw, 370px\" \/><\/p>\n<div style=\"flex: 1; min-width: 0;\">\n<p style=\"color: gray;\">Totalmente personaliz\u00e1vel<\/p>\n<\/div>\n<\/div>\n<\/div>\n<div style=\"max-width: 800px; margin: auto; padding: 20px;\">\n<p><!-- \u5de6\u56fe\u53f3\u6587 --><\/p>\n<div style=\"display: flex; align-items: center; gap: 20px; margin-bottom: 40px; flex-wrap: wrap;\">\n<p><img loading=\"lazy\" decoding=\"async\" class=\"alignnone wp-image-161\" src=\"https:\/\/gray-bee-883835.hostingersite.com\/wp-content\/uploads\/2025\/04\/113-300x240.jpg\" alt=\"\" width=\"370\" height=\"296\" srcset=\"https:\/\/www.deopaws.com\/wp-content\/uploads\/2025\/04\/113-300x240.jpg 300w, https:\/\/www.deopaws.com\/wp-content\/uploads\/2025\/04\/113-600x480.jpg 600w, https:\/\/www.deopaws.com\/wp-content\/uploads\/2025\/04\/113.jpg 750w\" sizes=\"auto, (max-width: 370px) 100vw, 370px\" \/><\/p>\n<div style=\"flex: 1; min-width: 0;\">\n<p style=\"color: gray;\">\u00a0Fabricado em malha polar de alta qualidade, oferece um toque suave e um excelente isolamento para os dias frios.<\/p>\n<\/div>\n<\/div>\n<p><!-- \u53f3\u56fe\u5de6\u6587 --><\/p>\n<div style=\"display: flex; flex-direction: row-reverse; align-items: center; gap: 20px; flex-wrap: wrap;\">\n<p><img loading=\"lazy\" decoding=\"async\" class=\"alignnone wp-image-157\" src=\"https:\/\/gray-bee-883835.hostingersite.com\/wp-content\/uploads\/2025\/04\/11212-300x240.jpg\" alt=\"\" width=\"370\" height=\"296\" srcset=\"https:\/\/www.deopaws.com\/wp-content\/uploads\/2025\/04\/11212-300x240.jpg 300w, https:\/\/www.deopaws.com\/wp-content\/uploads\/2025\/04\/11212-600x480.jpg 600w, https:\/\/www.deopaws.com\/wp-content\/uploads\/2025\/04\/11212.jpg 750w\" sizes=\"auto, (max-width: 370px) 100vw, 370px\" \/><\/p>\n<div style=\"flex: 1; min-width: 0;\">\n<p style=\"color: gray;\">Pode acrescentar o seu pr\u00f3prio log\u00f3tipo aos panos para os tornar um excelente produto promocional para a sua empresa. A camisola tamb\u00e9m \u00e9 fornecida com um pr\u00e1tico saco OPP para f\u00e1cil armazenamento e transporte.<\/p>\n<\/div>\n<\/div>\n<\/div>\n<h3>Ecr\u00e3 de f\u00e1brica<\/h3>\n<p>&nbsp;<\/p>\n<div class=\"row\">\n<div class=\"col-lg-4\"><img loading=\"lazy\" decoding=\"async\" class=\"alignnone size-medium wp-image-142\" src=\"https:\/\/gray-bee-883835.hostingersite.com\/wp-content\/uploads\/2025\/04\/Small-pet-raincoat-3_-300x225.jpg\" alt=\"\" width=\"300\" height=\"225\" srcset=\"https:\/\/www.deopaws.com\/wp-content\/uploads\/2025\/04\/Small-pet-raincoat-3_-300x225.jpg 300w, https:\/\/www.deopaws.com\/wp-content\/uploads\/2025\/04\/Small-pet-raincoat-3_-600x450.jpg 600w, https:\/\/www.deopaws.com\/wp-content\/uploads\/2025\/04\/Small-pet-raincoat-3_-768x576.jpg 768w, https:\/\/www.deopaws.com\/wp-content\/uploads\/2025\/04\/Small-pet-raincoat-3_.jpg 800w\" sizes=\"auto, (max-width: 300px) 100vw, 300px\" \/><\/div>\n<div class=\"col-lg-4\"><img loading=\"lazy\" decoding=\"async\" class=\"alignnone size-medium wp-image-138\" src=\"https:\/\/gray-bee-883835.hostingersite.com\/wp-content\/uploads\/2025\/04\/Small-pet-raincoat-2-2-300x225.jpg\" alt=\"\" width=\"300\" height=\"225\" srcset=\"https:\/\/www.deopaws.com\/wp-content\/uploads\/2025\/04\/Small-pet-raincoat-2-2-300x225.jpg 300w, https:\/\/www.deopaws.com\/wp-content\/uploads\/2025\/04\/Small-pet-raincoat-2-2-600x450.jpg 600w, https:\/\/www.deopaws.com\/wp-content\/uploads\/2025\/04\/Small-pet-raincoat-2-2-768x576.jpg 768w, https:\/\/www.deopaws.com\/wp-content\/uploads\/2025\/04\/Small-pet-raincoat-2-2.jpg 800w\" sizes=\"auto, (max-width: 300px) 100vw, 300px\" \/><\/div>\n<div class=\"col-lg-4\"><img loading=\"lazy\" decoding=\"async\" class=\"alignnone size-medium wp-image-139\" src=\"https:\/\/gray-bee-883835.hostingersite.com\/wp-content\/uploads\/2025\/04\/Small-pet-raincoat-3-2-300x225.jpg\" alt=\"\" width=\"300\" height=\"225\" srcset=\"https:\/\/www.deopaws.com\/wp-content\/uploads\/2025\/04\/Small-pet-raincoat-3-2-300x225.jpg 300w, https:\/\/www.deopaws.com\/wp-content\/uploads\/2025\/04\/Small-pet-raincoat-3-2-600x450.jpg 600w, https:\/\/www.deopaws.com\/wp-content\/uploads\/2025\/04\/Small-pet-raincoat-3-2-768x576.jpg 768w, https:\/\/www.deopaws.com\/wp-content\/uploads\/2025\/04\/Small-pet-raincoat-3-2.jpg 800w\" sizes=\"auto, (max-width: 300px) 100vw, 300px\" \/><\/div>\n<p>&nbsp;<\/p>\n<div>\n<div class=\"row\">\n<div class=\"col-lg-4\"><img loading=\"lazy\" decoding=\"async\" class=\"alignnone size-medium wp-image-141\" src=\"https:\/\/gray-bee-883835.hostingersite.com\/wp-content\/uploads\/2025\/04\/Small-pet-raincoat-2_-300x225.jpg\" alt=\"\" width=\"300\" height=\"225\" srcset=\"https:\/\/www.deopaws.com\/wp-content\/uploads\/2025\/04\/Small-pet-raincoat-2_-300x225.jpg 300w, https:\/\/www.deopaws.com\/wp-content\/uploads\/2025\/04\/Small-pet-raincoat-2_-600x450.jpg 600w, https:\/\/www.deopaws.com\/wp-content\/uploads\/2025\/04\/Small-pet-raincoat-2_-768x576.jpg 768w, https:\/\/www.deopaws.com\/wp-content\/uploads\/2025\/04\/Small-pet-raincoat-2_.jpg 800w\" sizes=\"auto, (max-width: 300px) 100vw, 300px\" \/><\/div>\n<div class=\"col-lg-4\"><img loading=\"lazy\" decoding=\"async\" class=\"alignnone size-full wp-image-1656\" src=\"https:\/\/www.deopaws.com\/wp-content\/uploads\/2025\/05\/fact-1_\u526f\u672c.jpg\" alt=\"\" width=\"300\" height=\"225\" \/><\/div>\n<div class=\"col-lg-4\"><img loading=\"lazy\" decoding=\"async\" class=\"alignnone size-medium wp-image-137\" src=\"https:\/\/gray-bee-883835.hostingersite.com\/wp-content\/uploads\/2025\/04\/Small-pet-raincoat-1-2-300x225.jpg\" alt=\"\" width=\"300\" height=\"225\" srcset=\"https:\/\/www.deopaws.com\/wp-content\/uploads\/2025\/04\/Small-pet-raincoat-1-2-300x225.jpg 300w, https:\/\/www.deopaws.com\/wp-content\/uploads\/2025\/04\/Small-pet-raincoat-1-2-600x450.jpg 600w, https:\/\/www.deopaws.com\/wp-content\/uploads\/2025\/04\/Small-pet-raincoat-1-2-768x576.jpg 768w, https:\/\/www.deopaws.com\/wp-content\/uploads\/2025\/04\/Small-pet-raincoat-1-2.jpg 800w\" sizes=\"auto, (max-width: 300px) 100vw, 300px\" \/><\/div>\n<div><\/div>\n<\/div>\n<\/div>\n<\/div>","protected":false},"excerpt":{"rendered":"<p>Este casaco de inverno personalizado para c\u00e3es, \u00e0 prova de \u00e1gua, foi concebido para manter o seu animal de estima\u00e7\u00e3o seco e confort\u00e1vel em tempo chuvoso ou frio. Fabricado em algod\u00e3o ecol\u00f3gico, combina conforto, calor e estilo com um design cl\u00e1ssico e simples. Perfeito para passeios de inverno, est\u00e1 dispon\u00edvel nos tamanhos S a 2XL e pode ser personalizado com um log\u00f3tipo para empresas. Uma escolha funcional e elegante para animais de estima\u00e7\u00e3o em todas as condi\u00e7\u00f5es.<\/p>","protected":false},"featured_media":375,"comment_status":"open","ping_status":"closed","template":"","meta":{"_acf_changed":false},"product_brand":[],"product_cat":[15,17,39,16,25],"product_tag":[],"class_list":{"0":"post-367","1":"product","2":"type-product","3":"status-publish","4":"has-post-thumbnail","6":"product_cat-products","7":"product_cat-cat-supplies","8":"product_cat-cat-apparel-accessories","9":"product_cat-dog-supplies","10":"product_cat-dog-apparel-accessories","12":"first","13":"instock","14":"shipping-taxable","15":"product-type-simple"},"acf":[],"_links":{"self":[{"href":"https:\/\/www.deopaws.com\/pt\/wp-json\/wp\/v2\/product\/367","targetHints":{"allow":["GET"]}}],"collection":[{"href":"https:\/\/www.deopaws.com\/pt\/wp-json\/wp\/v2\/product"}],"about":[{"href":"https:\/\/www.deopaws.com\/pt\/wp-json\/wp\/v2\/types\/product"}],"replies":[{"embeddable":true,"href":"https:\/\/www.deopaws.com\/pt\/wp-json\/wp\/v2\/comments?post=367"}],"wp:featuredmedia":[{"embeddable":true,"href":"https:\/\/www.deopaws.com\/pt\/wp-json\/wp\/v2\/media\/375"}],"wp:attachment":[{"href":"https:\/\/www.deopaws.com\/pt\/wp-json\/wp\/v2\/media?parent=367"}],"wp:term":[{"taxonomy":"product_brand","embeddable":true,"href":"https:\/\/www.deopaws.com\/pt\/wp-json\/wp\/v2\/product_brand?post=367"},{"taxonomy":"product_cat","embeddable":true,"href":"https:\/\/www.deopaws.com\/pt\/wp-json\/wp\/v2\/product_cat?post=367"},{"taxonomy":"product_tag","embeddable":true,"href":"https:\/\/www.deopaws.com\/pt\/wp-json\/wp\/v2\/product_tag?post=367"}],"curies":[{"name":"wp","href":"https:\/\/api.w.org\/{rel}","templated":true}]}}