{"id":3486,"date":"2025-12-01T14:46:35","date_gmt":"2025-12-01T06:46:35","guid":{"rendered":"https:\/\/www.deopaws.com\/?post_type=product&#038;p=3486"},"modified":"2025-12-01T15:05:03","modified_gmt":"2025-12-01T07:05:03","slug":"autumn-and-winter-warmth-insulated-dog-jacket","status":"publish","type":"product","link":"https:\/\/www.deopaws.com\/pt\/autumn-and-winter-warmth-insulated-dog-jacket\/","title":{"rendered":"Casaco com isolamento t\u00e9rmico para c\u00e3es para o outono e o inverno"},"content":{"rendered":"<h2 data-start=\"77\" data-end=\"192\">Capa de chuva para c\u00e3es \u00e0 prova de \u00e1gua \uff1a<\/h2>\n<p data-start=\"84\" data-end=\"250\"><strong data-start=\"65\" data-end=\"117\">Ajuste el\u00e1stico e liberdade<\/strong><strong data-start=\"336\" data-end=\"355\">: <\/strong>Os punhos e os rebordos el\u00e1sticos envolvem suavemente o corpo, bloqueando o vento e adaptando-se \u00e0s diferentes formas do c\u00e3o sem escorregar. A estrutura ergon\u00f3mica do casaco segue o movimento natural do c\u00e3o, assegurando que n\u00e3o h\u00e1 restri\u00e7\u00f5es quando corre, salta ou descansa e evitando o desconforto causado pelo uso prolongado.<\/p>\n<p data-start=\"84\" data-end=\"250\"><strong data-start=\"84\" data-end=\"112\">Vestu\u00e1rio inteligente e comodidade no exterior<\/strong><strong data-start=\"594\" data-end=\"620\">: <\/strong>O fecho de correr lateral liso tem um design anti-pelo, minimizando os pux\u00f5es e o desconforto ao vestir. O portal da trela e a fivela de ajuste de liga met\u00e1lica permitem uma liga\u00e7\u00e3o segura da trela, mantendo-se firme durante os passeios ou o treino. N\u00e3o \u00e9 necess\u00e1rio retirar o casaco em tempo frio, reduzindo a exposi\u00e7\u00e3o e mantendo o seu animal de estima\u00e7\u00e3o protegido.<\/p>\n<p data-start=\"84\" data-end=\"250\"><strong data-start=\"622\" data-end=\"659\">Isolamento de algod\u00e3o p\u00e9rola<\/strong><strong data-start=\"848\" data-end=\"881\">:<\/strong>Repleto de algod\u00e3o p\u00e9rola fofo, o casaco mant\u00e9m uma sensa\u00e7\u00e3o de leveza, proporcionando um excelente isolamento. Ideal para o outono e o inverno, caminhos ventosos e actividades ao ar livre, garantindo que o seu c\u00e3o se mant\u00e9m confortavelmente quente mesmo em ambientes frios prolongados.<\/p>\n<p>&nbsp;<\/p>\n<div style=\"max-width: 800px; margin: auto; padding: 20px;\">\n<p><!-- \u5de6\u56fe\u53f3\u6587 --><\/p>\n<div style=\"display: flex; align-items: center; gap: 20px; margin-bottom: 40px; flex-wrap: wrap;\">\n<p><img loading=\"lazy\" decoding=\"async\" class=\"alignnone wp-image-3166 size-medium\" src=\"https:\/\/www.deopaws.com\/wp-content\/uploads\/2025\/12\/\u8be6\u60c5\u56fe07-6.jpg\" alt=\"\" width=\"300\" height=\"203\" \/><\/p>\n<div style=\"flex: 1; min-width: 0;\">\n<p style=\"color: gray;\">Os punhos e os rebordos el\u00e1sticos criam um ajuste confort\u00e1vel que bloqueia o vento sem escorregar. Concebido para a mobilidade di\u00e1ria, o casaco n\u00e3o restringe os movimentos, mantendo o seu c\u00e3o confort\u00e1vel enquanto passeia, corre ou descansa.<\/p>\n<\/div>\n<\/div>\n<p><!-- \u53f3\u56fe\u5de6\u6587 --><\/p>\n<div style=\"display: flex; flex-direction: row-reverse; align-items: center; gap: 20px; flex-wrap: wrap;\">\n<p><img loading=\"lazy\" decoding=\"async\" class=\"alignnone wp-image-3165 size-medium\" src=\"https:\/\/www.deopaws.com\/wp-content\/uploads\/2025\/12\/\u8be6\u60c5\u56fe08-2.jpg\" alt=\"\" width=\"300\" height=\"240\" \/><\/p>\n<div style=\"flex: 1; min-width: 0;\">\n<p style=\"color: gray;\">O fecho de correr lateral liso minimiza o encravamento do pelo e facilita o vestir. Um pr\u00e1tico portal para a trela permite a fixa\u00e7\u00e3o sem retirar o casaco, enquanto a fivela de ajuste em liga met\u00e1lica proporciona uma seguran\u00e7a fi\u00e1vel no exterior.<\/p>\n<\/div>\n<\/div>\n<\/div>\n<div style=\"max-width: 800px; margin: auto; padding: 20px;\">\n<p><!-- \u5de6\u56fe\u53f3\u6587 --><\/p>\n<div style=\"display: flex; align-items: center; gap: 20px; margin-bottom: 40px; flex-wrap: wrap;\">\n<p><img loading=\"lazy\" decoding=\"async\" class=\"alignnone wp-image-3164 size-medium\" src=\"https:\/\/www.deopaws.com\/wp-content\/uploads\/2025\/12\/\u8be6\u60c5\u56fe09-3.jpg\" alt=\"\" width=\"300\" height=\"200\" \/><\/p>\n<div style=\"flex: 1; min-width: 0;\">\n<p data-start=\"56\" data-end=\"422\">Repleto de algod\u00e3o p\u00e9rola fofo, o casaco \u00e9 leve mas est\u00e1vel em termos de temperatura, oferecendo um calor aconchegante para passeios de inverno, viagens curtas ou aventuras ao ar livre.<\/p>\n<\/div>\n<\/div>\n<p><!-- \u53f3\u56fe\u5de6\u6587 --><\/p>\n<div style=\"display: flex; flex-direction: row-reverse; align-items: center; gap: 20px; flex-wrap: wrap;\">\n<p><img loading=\"lazy\" decoding=\"async\" class=\"alignnone wp-image-3171 size-medium\" src=\"https:\/\/www.deopaws.com\/wp-content\/uploads\/2025\/12\/\u8be6\u60c5\u56fe05-4.jpg\" alt=\"\" width=\"300\" height=\"200\" \/><\/p>\n<div style=\"flex: 1; min-width: 0;\">\n<p style=\"color: gray;\">Tabela de tamanhos - Est\u00e3o dispon\u00edveis v\u00e1rios tamanhos, adequados para c\u00e3es de diferentes tamanhos.<\/p>\n<\/div>\n<\/div>\n<\/div>\n<h3>Ecr\u00e3 de f\u00e1brica<\/h3>\n<p>&nbsp;<\/p>\n<div class=\"row\">\n<div class=\"col-lg-4\"><img loading=\"lazy\" decoding=\"async\" class=\"alignnone size-medium wp-image-142\" src=\"https:\/\/gray-bee-883835.hostingersite.com\/wp-content\/uploads\/2025\/04\/Small-pet-raincoat-3_-300x225.jpg\" alt=\"\" width=\"300\" height=\"225\" srcset=\"https:\/\/www.deopaws.com\/wp-content\/uploads\/2025\/04\/Small-pet-raincoat-3_-300x225.jpg 300w, https:\/\/www.deopaws.com\/wp-content\/uploads\/2025\/04\/Small-pet-raincoat-3_-600x450.jpg 600w, https:\/\/www.deopaws.com\/wp-content\/uploads\/2025\/04\/Small-pet-raincoat-3_-768x576.jpg 768w, https:\/\/www.deopaws.com\/wp-content\/uploads\/2025\/04\/Small-pet-raincoat-3_.jpg 800w\" sizes=\"auto, (max-width: 300px) 100vw, 300px\" \/><\/div>\n<div class=\"col-lg-4\"><img loading=\"lazy\" decoding=\"async\" class=\"alignnone size-medium wp-image-138\" src=\"https:\/\/gray-bee-883835.hostingersite.com\/wp-content\/uploads\/2025\/04\/Small-pet-raincoat-2-2-300x225.jpg\" alt=\"\" width=\"300\" height=\"225\" srcset=\"https:\/\/www.deopaws.com\/wp-content\/uploads\/2025\/04\/Small-pet-raincoat-2-2-300x225.jpg 300w, https:\/\/www.deopaws.com\/wp-content\/uploads\/2025\/04\/Small-pet-raincoat-2-2-600x450.jpg 600w, https:\/\/www.deopaws.com\/wp-content\/uploads\/2025\/04\/Small-pet-raincoat-2-2-768x576.jpg 768w, https:\/\/www.deopaws.com\/wp-content\/uploads\/2025\/04\/Small-pet-raincoat-2-2.jpg 800w\" sizes=\"auto, (max-width: 300px) 100vw, 300px\" \/><\/div>\n<div class=\"col-lg-4\"><img loading=\"lazy\" decoding=\"async\" class=\"alignnone size-medium wp-image-139\" src=\"https:\/\/gray-bee-883835.hostingersite.com\/wp-content\/uploads\/2025\/04\/Small-pet-raincoat-3-2-300x225.jpg\" alt=\"\" width=\"300\" height=\"225\" srcset=\"https:\/\/www.deopaws.com\/wp-content\/uploads\/2025\/04\/Small-pet-raincoat-3-2-300x225.jpg 300w, https:\/\/www.deopaws.com\/wp-content\/uploads\/2025\/04\/Small-pet-raincoat-3-2-600x450.jpg 600w, https:\/\/www.deopaws.com\/wp-content\/uploads\/2025\/04\/Small-pet-raincoat-3-2-768x576.jpg 768w, https:\/\/www.deopaws.com\/wp-content\/uploads\/2025\/04\/Small-pet-raincoat-3-2.jpg 800w\" sizes=\"auto, (max-width: 300px) 100vw, 300px\" \/><\/div>\n<p>&nbsp;<\/p>\n<div>\n<div class=\"row\">\n<div class=\"col-lg-4\"><img loading=\"lazy\" decoding=\"async\" class=\"alignnone size-medium wp-image-141\" src=\"https:\/\/gray-bee-883835.hostingersite.com\/wp-content\/uploads\/2025\/04\/Small-pet-raincoat-2_-300x225.jpg\" alt=\"\" width=\"300\" height=\"225\" srcset=\"https:\/\/www.deopaws.com\/wp-content\/uploads\/2025\/04\/Small-pet-raincoat-2_-300x225.jpg 300w, https:\/\/www.deopaws.com\/wp-content\/uploads\/2025\/04\/Small-pet-raincoat-2_-600x450.jpg 600w, https:\/\/www.deopaws.com\/wp-content\/uploads\/2025\/04\/Small-pet-raincoat-2_-768x576.jpg 768w, https:\/\/www.deopaws.com\/wp-content\/uploads\/2025\/04\/Small-pet-raincoat-2_.jpg 800w\" sizes=\"auto, (max-width: 300px) 100vw, 300px\" \/><\/div>\n<div class=\"col-lg-4\"><img loading=\"lazy\" decoding=\"async\" class=\"alignnone size-full wp-image-1656\" src=\"https:\/\/www.deopaws.com\/wp-content\/uploads\/2025\/05\/fact-1_\u526f\u672c.jpg\" alt=\"\" width=\"300\" height=\"225\" \/><\/div>\n<div class=\"col-lg-4\"><img loading=\"lazy\" decoding=\"async\" class=\"alignnone size-medium wp-image-137\" src=\"https:\/\/gray-bee-883835.hostingersite.com\/wp-content\/uploads\/2025\/04\/Small-pet-raincoat-1-2-300x225.jpg\" alt=\"\" width=\"300\" height=\"225\" srcset=\"https:\/\/www.deopaws.com\/wp-content\/uploads\/2025\/04\/Small-pet-raincoat-1-2-300x225.jpg 300w, https:\/\/www.deopaws.com\/wp-content\/uploads\/2025\/04\/Small-pet-raincoat-1-2-600x450.jpg 600w, https:\/\/www.deopaws.com\/wp-content\/uploads\/2025\/04\/Small-pet-raincoat-1-2-768x576.jpg 768w, https:\/\/www.deopaws.com\/wp-content\/uploads\/2025\/04\/Small-pet-raincoat-1-2.jpg 800w\" sizes=\"auto, (max-width: 300px) 100vw, 300px\" \/><\/div>\n<div><\/div>\n<\/div>\n<\/div>\n<\/div>","protected":false},"excerpt":{"rendered":"<div class=\"flex max-w-full flex-col grow\">\n<div class=\"min-h-8 text-message relative flex w-full flex-col items-end gap-2 text-start break-words whitespace-normal [.text-message+&amp;]:mt-1\" dir=\"auto\" data-message-author-role=\"assistant\" data-message-id=\"0e6667b7-0449-40ea-b152-5f3a51bb3a1c\" data-message-model-slug=\"gpt-5-mini\">\n<div class=\"flex w-full flex-col gap-1 empty:hidden first:pt-[1px]\">\n<div class=\"markdown prose dark:prose-invert w-full break-words light markdown-new-styling\">\n<p data-start=\"60\" data-end=\"563\" data-is-last-node=\"\" data-is-only-node=\"\">O casaco isolado para c\u00e3es tem punhos el\u00e1sticos e rebordo el\u00e1stico para um ajuste suave e seguro que bloqueia o vento frio, mantendo a liberdade de movimentos. O fecho de correr lateral liso reduz o encravamento do pelo e o pr\u00e1tico portal para a trela, juntamente com uma fivela de ajuste em liga dur\u00e1vel, aumenta a seguran\u00e7a no exterior. Repleto de algod\u00e3o p\u00e9rola fofo, oferece um isolamento leve mas eficaz - perfeito para passeios de outono e inverno, campismo ou sa\u00eddas di\u00e1rias, mantendo o seu animal de estima\u00e7\u00e3o quente e confort\u00e1vel.<\/p>\n<\/div>\n<\/div>\n<\/div>\n<\/div>","protected":false},"featured_media":3491,"comment_status":"closed","ping_status":"closed","template":"","meta":{"_acf_changed":false},"product_brand":[],"product_cat":[16,25],"product_tag":[],"class_list":{"0":"post-3486","1":"product","2":"type-product","3":"status-publish","4":"has-post-thumbnail","6":"product_cat-dog-supplies","7":"product_cat-dog-apparel-accessories","9":"first","10":"instock","11":"shipping-taxable","12":"product-type-simple"},"acf":[],"_links":{"self":[{"href":"https:\/\/www.deopaws.com\/pt\/wp-json\/wp\/v2\/product\/3486","targetHints":{"allow":["GET"]}}],"collection":[{"href":"https:\/\/www.deopaws.com\/pt\/wp-json\/wp\/v2\/product"}],"about":[{"href":"https:\/\/www.deopaws.com\/pt\/wp-json\/wp\/v2\/types\/product"}],"replies":[{"embeddable":true,"href":"https:\/\/www.deopaws.com\/pt\/wp-json\/wp\/v2\/comments?post=3486"}],"wp:featuredmedia":[{"embeddable":true,"href":"https:\/\/www.deopaws.com\/pt\/wp-json\/wp\/v2\/media\/3491"}],"wp:attachment":[{"href":"https:\/\/www.deopaws.com\/pt\/wp-json\/wp\/v2\/media?parent=3486"}],"wp:term":[{"taxonomy":"product_brand","embeddable":true,"href":"https:\/\/www.deopaws.com\/pt\/wp-json\/wp\/v2\/product_brand?post=3486"},{"taxonomy":"product_cat","embeddable":true,"href":"https:\/\/www.deopaws.com\/pt\/wp-json\/wp\/v2\/product_cat?post=3486"},{"taxonomy":"product_tag","embeddable":true,"href":"https:\/\/www.deopaws.com\/pt\/wp-json\/wp\/v2\/product_tag?post=3486"}],"curies":[{"name":"wp","href":"https:\/\/api.w.org\/{rel}","templated":true}]}}