{"id":3416,"date":"2025-12-01T11:16:36","date_gmt":"2025-12-01T03:16:36","guid":{"rendered":"https:\/\/www.deopaws.com\/?post_type=product&#038;p=3416"},"modified":"2025-12-01T13:21:01","modified_gmt":"2025-12-01T05:21:01","slug":"waterproof-reflective-full-body-dog-raincoat","status":"publish","type":"product","link":"https:\/\/www.deopaws.com\/pt\/waterproof-reflective-full-body-dog-raincoat\/","title":{"rendered":"Capa de chuva imperme\u00e1vel reflectora de corpo inteiro para c\u00e3es"},"content":{"rendered":"<h2 data-start=\"77\" data-end=\"192\">Capa de chuva de corpo inteiro para c\u00e3es \uff1a\uff1a<\/h2>\n<p data-start=\"84\" data-end=\"250\"><strong data-start=\"65\" data-end=\"117\">Design \u00e0 prova de \u00e1gua e confort\u00e1vel: <\/strong>Esta gabardina de corpo inteiro para c\u00e3es \u00e9 feita de tecido imperme\u00e1vel de primeira qualidade, com um design de pe\u00e7a \u00fanica no peito e nas costas para impedir eficazmente a penetra\u00e7\u00e3o da \u00e1gua, mantendo o seu c\u00e3o seco nos dias de chuva. O peito possui um cord\u00e3o ajust\u00e1vel para se adaptar a v\u00e1rias formas do corpo, juntamente com um fecho de correr \u00e0 prova de \u00e1gua para aumentar a prote\u00e7\u00e3o. Adequado para c\u00e3es de pequeno e m\u00e9dio porte, garante um ajuste confort\u00e1vel e confort\u00e1vel.<\/p>\n<p data-start=\"84\" data-end=\"250\"><strong data-start=\"84\" data-end=\"112\">\u25cfSeguran\u00e7a e flexibilidade: <\/strong>A gabardina tem um cord\u00e3o ajust\u00e1vel na cintura para um ajuste personalizado que n\u00e3o restringe os movimentos. Os punhos e a cauda el\u00e1sticos garantem flexibilidade durante a corrida ou a caminhada. As faixas reflectoras brilhantes aumentam a visibilidade \u00e0 noite, mantendo o seu c\u00e3o seguro em condi\u00e7\u00f5es de pouca luz. Perfeita para passeios, actividades ao ar livre ou treinos em dias de chuva, esta gabardina oferece uma prote\u00e7\u00e3o completa ao seu amigo peludo.<\/p>\n<p data-start=\"84\" data-end=\"250\"><strong data-start=\"622\" data-end=\"659\">Detalhes funcionais bem pensados: <\/strong>A gabardina tem um cord\u00e3o ajust\u00e1vel no pesco\u00e7o para se adaptar a v\u00e1rios tamanhos de pesco\u00e7o e uma fivela de trela no peito para passeios pr\u00e1ticos. A cintura tamb\u00e9m tem um cord\u00e3o ajust\u00e1vel para um ajuste personalizado. Os fechos de correr macios e \u00e0 prova de \u00e1gua e o tecido imperme\u00e1vel inovador bloqueiam eficazmente a chuva, enquanto os punhos e a cauda el\u00e1sticos garantem conforto e flexibilidade. As faixas reflectoras aumentam a seguran\u00e7a nocturna. Cada detalhe foi cuidadosamente concebido para o conforto e a prote\u00e7\u00e3o do seu c\u00e3o.<\/p>\n<p>&nbsp;<\/p>\n<div style=\"max-width: 800px; margin: auto; padding: 20px;\">\n<p><!-- \u5de6\u56fe\u53f3\u6587 --><\/p>\n<div style=\"display: flex; align-items: center; gap: 20px; margin-bottom: 40px; flex-wrap: wrap;\">\n<p><img loading=\"lazy\" decoding=\"async\" class=\"alignnone wp-image-3166 size-medium\" src=\"https:\/\/www.deopaws.com\/wp-content\/uploads\/2025\/12\/\u8be6\u60c5\u56fe09.jpg\" alt=\"\" width=\"300\" height=\"203\" \/><\/p>\n<div style=\"flex: 1; min-width: 0;\">\n<p style=\"color: gray;\">Fabricado com um novo tecido imperme\u00e1vel e um design de pe\u00e7a \u00fanica nas costas, com um cord\u00e3o ajust\u00e1vel no peito e um fecho de correr \u00e0 prova de \u00e1gua para manter o seu c\u00e3o seco e confort\u00e1vel.<\/p>\n<\/div>\n<\/div>\n<p><!-- \u53f3\u56fe\u5de6\u6587 --><\/p>\n<div style=\"display: flex; flex-direction: row-reverse; align-items: center; gap: 20px; flex-wrap: wrap;\">\n<p><img loading=\"lazy\" decoding=\"async\" class=\"alignnone wp-image-3165 size-medium\" src=\"https:\/\/www.deopaws.com\/wp-content\/uploads\/2025\/12\/\u8be6\u60c5\u56fe10.jpg\" alt=\"\" width=\"300\" height=\"240\" \/><\/p>\n<div style=\"flex: 1; min-width: 0;\">\n<p style=\"color: gray;\">A cintura, os punhos e a cauda el\u00e1sticos garantem a liberdade de movimentos, as faixas reflectoras aumentam a seguran\u00e7a nocturna e a fivela da trela no peito torna os passeios mais c\u00f3modos.<\/p>\n<\/div>\n<\/div>\n<\/div>\n<div style=\"max-width: 800px; margin: auto; padding: 20px;\">\n<p><!-- \u5de6\u56fe\u53f3\u6587 --><\/p>\n<div style=\"display: flex; align-items: center; gap: 20px; margin-bottom: 40px; flex-wrap: wrap;\">\n<p><img loading=\"lazy\" decoding=\"async\" class=\"alignnone wp-image-3164 size-medium\" src=\"https:\/\/www.deopaws.com\/wp-content\/uploads\/2025\/12\/xyq01.jpg\" alt=\"\" width=\"300\" height=\"200\" \/><\/p>\n<div style=\"flex: 1; min-width: 0;\">\n<p data-start=\"56\" data-end=\"422\">O cord\u00e3o de pesco\u00e7o ajust\u00e1vel adapta-se a v\u00e1rios tamanhos de pesco\u00e7o, com todos os pormenores concebidos para conforto e seguran\u00e7a.<\/p>\n<\/div>\n<\/div>\n<p><!-- \u53f3\u56fe\u5de6\u6587 --><\/p>\n<div style=\"display: flex; flex-direction: row-reverse; align-items: center; gap: 20px; flex-wrap: wrap;\">\n<p><img loading=\"lazy\" decoding=\"async\" class=\"alignnone wp-image-3171 size-medium\" src=\"https:\/\/www.deopaws.com\/wp-content\/uploads\/2025\/12\/\u8be6\u60c5\u56fe07-1.jpg\" alt=\"\" width=\"300\" height=\"200\" \/><\/p>\n<div style=\"flex: 1; min-width: 0;\">\n<p style=\"color: gray;\">Tabela de tamanhos - Est\u00e3o dispon\u00edveis v\u00e1rios tamanhos, adequados para c\u00e3es de diferentes tamanhos.<\/p>\n<\/div>\n<\/div>\n<\/div>\n<h3>Ecr\u00e3 de f\u00e1brica<\/h3>\n<p>&nbsp;<\/p>\n<div class=\"row\">\n<div class=\"col-lg-4\"><img loading=\"lazy\" decoding=\"async\" class=\"alignnone size-medium wp-image-142\" src=\"https:\/\/gray-bee-883835.hostingersite.com\/wp-content\/uploads\/2025\/04\/Small-pet-raincoat-3_-300x225.jpg\" alt=\"\" width=\"300\" height=\"225\" srcset=\"https:\/\/www.deopaws.com\/wp-content\/uploads\/2025\/04\/Small-pet-raincoat-3_-300x225.jpg 300w, https:\/\/www.deopaws.com\/wp-content\/uploads\/2025\/04\/Small-pet-raincoat-3_-600x450.jpg 600w, https:\/\/www.deopaws.com\/wp-content\/uploads\/2025\/04\/Small-pet-raincoat-3_-768x576.jpg 768w, https:\/\/www.deopaws.com\/wp-content\/uploads\/2025\/04\/Small-pet-raincoat-3_.jpg 800w\" sizes=\"auto, (max-width: 300px) 100vw, 300px\" \/><\/div>\n<div class=\"col-lg-4\"><img loading=\"lazy\" decoding=\"async\" class=\"alignnone size-medium wp-image-138\" src=\"https:\/\/gray-bee-883835.hostingersite.com\/wp-content\/uploads\/2025\/04\/Small-pet-raincoat-2-2-300x225.jpg\" alt=\"\" width=\"300\" height=\"225\" srcset=\"https:\/\/www.deopaws.com\/wp-content\/uploads\/2025\/04\/Small-pet-raincoat-2-2-300x225.jpg 300w, https:\/\/www.deopaws.com\/wp-content\/uploads\/2025\/04\/Small-pet-raincoat-2-2-600x450.jpg 600w, https:\/\/www.deopaws.com\/wp-content\/uploads\/2025\/04\/Small-pet-raincoat-2-2-768x576.jpg 768w, https:\/\/www.deopaws.com\/wp-content\/uploads\/2025\/04\/Small-pet-raincoat-2-2.jpg 800w\" sizes=\"auto, (max-width: 300px) 100vw, 300px\" \/><\/div>\n<div class=\"col-lg-4\"><img loading=\"lazy\" decoding=\"async\" class=\"alignnone size-medium wp-image-139\" src=\"https:\/\/gray-bee-883835.hostingersite.com\/wp-content\/uploads\/2025\/04\/Small-pet-raincoat-3-2-300x225.jpg\" alt=\"\" width=\"300\" height=\"225\" srcset=\"https:\/\/www.deopaws.com\/wp-content\/uploads\/2025\/04\/Small-pet-raincoat-3-2-300x225.jpg 300w, https:\/\/www.deopaws.com\/wp-content\/uploads\/2025\/04\/Small-pet-raincoat-3-2-600x450.jpg 600w, https:\/\/www.deopaws.com\/wp-content\/uploads\/2025\/04\/Small-pet-raincoat-3-2-768x576.jpg 768w, https:\/\/www.deopaws.com\/wp-content\/uploads\/2025\/04\/Small-pet-raincoat-3-2.jpg 800w\" sizes=\"auto, (max-width: 300px) 100vw, 300px\" \/><\/div>\n<p>&nbsp;<\/p>\n<div>\n<div class=\"row\">\n<div class=\"col-lg-4\"><img loading=\"lazy\" decoding=\"async\" class=\"alignnone size-medium wp-image-141\" src=\"https:\/\/gray-bee-883835.hostingersite.com\/wp-content\/uploads\/2025\/04\/Small-pet-raincoat-2_-300x225.jpg\" alt=\"\" width=\"300\" height=\"225\" srcset=\"https:\/\/www.deopaws.com\/wp-content\/uploads\/2025\/04\/Small-pet-raincoat-2_-300x225.jpg 300w, https:\/\/www.deopaws.com\/wp-content\/uploads\/2025\/04\/Small-pet-raincoat-2_-600x450.jpg 600w, https:\/\/www.deopaws.com\/wp-content\/uploads\/2025\/04\/Small-pet-raincoat-2_-768x576.jpg 768w, https:\/\/www.deopaws.com\/wp-content\/uploads\/2025\/04\/Small-pet-raincoat-2_.jpg 800w\" sizes=\"auto, (max-width: 300px) 100vw, 300px\" \/><\/div>\n<div class=\"col-lg-4\"><img loading=\"lazy\" decoding=\"async\" class=\"alignnone size-full wp-image-1656\" src=\"https:\/\/www.deopaws.com\/wp-content\/uploads\/2025\/05\/fact-1_\u526f\u672c.jpg\" alt=\"\" width=\"300\" height=\"225\" \/><\/div>\n<div class=\"col-lg-4\"><img loading=\"lazy\" decoding=\"async\" class=\"alignnone size-medium wp-image-137\" src=\"https:\/\/gray-bee-883835.hostingersite.com\/wp-content\/uploads\/2025\/04\/Small-pet-raincoat-1-2-300x225.jpg\" alt=\"\" width=\"300\" height=\"225\" srcset=\"https:\/\/www.deopaws.com\/wp-content\/uploads\/2025\/04\/Small-pet-raincoat-1-2-300x225.jpg 300w, https:\/\/www.deopaws.com\/wp-content\/uploads\/2025\/04\/Small-pet-raincoat-1-2-600x450.jpg 600w, https:\/\/www.deopaws.com\/wp-content\/uploads\/2025\/04\/Small-pet-raincoat-1-2-768x576.jpg 768w, https:\/\/www.deopaws.com\/wp-content\/uploads\/2025\/04\/Small-pet-raincoat-1-2.jpg 800w\" sizes=\"auto, (max-width: 300px) 100vw, 300px\" \/><\/div>\n<div><\/div>\n<\/div>\n<\/div>\n<\/div>","protected":false},"excerpt":{"rendered":"<div class=\"flex max-w-full flex-col grow\">\n<div class=\"min-h-8 text-message relative flex w-full flex-col items-end gap-2 text-start break-words whitespace-normal [.text-message+&amp;]:mt-1\" dir=\"auto\" data-message-author-role=\"assistant\" data-message-id=\"0e6667b7-0449-40ea-b152-5f3a51bb3a1c\" data-message-model-slug=\"gpt-5-mini\">\n<div class=\"flex w-full flex-col gap-1 empty:hidden first:pt-[1px]\">\n<div class=\"markdown prose dark:prose-invert w-full break-words light markdown-new-styling\">\n<p data-start=\"89\" data-end=\"777\">Esta gabardina de corpo inteiro para c\u00e3es \u00e9 feita de um novo tecido imperme\u00e1vel com um design de pe\u00e7a \u00fanica no peito para manter o seu c\u00e3o seco e confort\u00e1vel nos dias de chuva. Os cord\u00f5es ajust\u00e1veis no pesco\u00e7o, no peito e na cintura garantem um ajuste confort\u00e1vel, enquanto a fivela da trela no peito torna os passeios c\u00f3modos. Os fechos de correr macios e imperme\u00e1veis, o tecido imperme\u00e1vel e os punhos e cauda el\u00e1sticos proporcionam prote\u00e7\u00e3o total e liberdade de movimentos. As faixas reflectoras brilhantes mant\u00eam o seu c\u00e3o seguro e vis\u00edvel, quer de dia quer de noite.<\/p>\n<\/div>\n<\/div>\n<\/div>\n<\/div>","protected":false},"featured_media":3421,"comment_status":"closed","ping_status":"closed","template":"","meta":{"_acf_changed":false},"product_brand":[],"product_cat":[16,25],"product_tag":[],"class_list":{"0":"post-3416","1":"product","2":"type-product","3":"status-publish","4":"has-post-thumbnail","6":"product_cat-dog-supplies","7":"product_cat-dog-apparel-accessories","9":"first","10":"instock","11":"shipping-taxable","12":"product-type-simple"},"acf":[],"_links":{"self":[{"href":"https:\/\/www.deopaws.com\/pt\/wp-json\/wp\/v2\/product\/3416","targetHints":{"allow":["GET"]}}],"collection":[{"href":"https:\/\/www.deopaws.com\/pt\/wp-json\/wp\/v2\/product"}],"about":[{"href":"https:\/\/www.deopaws.com\/pt\/wp-json\/wp\/v2\/types\/product"}],"replies":[{"embeddable":true,"href":"https:\/\/www.deopaws.com\/pt\/wp-json\/wp\/v2\/comments?post=3416"}],"wp:featuredmedia":[{"embeddable":true,"href":"https:\/\/www.deopaws.com\/pt\/wp-json\/wp\/v2\/media\/3421"}],"wp:attachment":[{"href":"https:\/\/www.deopaws.com\/pt\/wp-json\/wp\/v2\/media?parent=3416"}],"wp:term":[{"taxonomy":"product_brand","embeddable":true,"href":"https:\/\/www.deopaws.com\/pt\/wp-json\/wp\/v2\/product_brand?post=3416"},{"taxonomy":"product_cat","embeddable":true,"href":"https:\/\/www.deopaws.com\/pt\/wp-json\/wp\/v2\/product_cat?post=3416"},{"taxonomy":"product_tag","embeddable":true,"href":"https:\/\/www.deopaws.com\/pt\/wp-json\/wp\/v2\/product_tag?post=3416"}],"curies":[{"name":"wp","href":"https:\/\/api.w.org\/{rel}","templated":true}]}}