{"id":3084,"date":"2025-10-21T10:45:18","date_gmt":"2025-10-21T02:45:18","guid":{"rendered":"https:\/\/www.deopaws.com\/?post_type=product&#038;p=3084"},"modified":"2025-10-24T13:18:29","modified_gmt":"2025-10-24T05:18:29","slug":"halloween-pet-clothes-pet-witch-hat","status":"publish","type":"product","link":"https:\/\/www.deopaws.com\/pt\/halloween-pet-clothes-pet-witch-hat\/","title":{"rendered":"Roupas de Halloween para animais de estima\u00e7\u00e3o Chap\u00e9u de bruxa para animais de estima\u00e7\u00e3o"},"content":{"rendered":"<h2 data-start=\"77\" data-end=\"192\">Roupas de Halloween para animais de estima\u00e7\u00e3o \uff1a<\/h2>\n<p>&nbsp;<\/p>\n<p data-start=\"65\" data-end=\"153\"><strong data-start=\"65\" data-end=\"99\">Design festivo <\/strong>- A silhueta cl\u00e1ssica do chap\u00e9u de bruxa, com decora\u00e7\u00f5es especiais, d\u00e1 um toque de magia de Halloween ao seu animal de estima\u00e7\u00e3o.<\/p>\n<p data-start=\"157\" data-end=\"243\"><strong data-start=\"157\" data-end=\"176\">Ajuste confort\u00e1vel <\/strong>- Os materiais leves e macios garantem o conforto do seu animal de estima\u00e7\u00e3o sem irrita\u00e7\u00e3o ou press\u00e3o na cabe\u00e7a.<\/p>\n<p data-start=\"247\" data-end=\"340\"><strong data-start=\"247\" data-end=\"265\">Encerramento pr\u00e1tico <\/strong>- A tira el\u00e1stica ajust\u00e1vel mant\u00e9m o chap\u00e9u no s\u00edtio durante as brincadeiras, fotografias ou eventos festivos.<\/p>\n<p data-start=\"344\" data-end=\"425\"><strong data-start=\"344\" data-end=\"363\">Utiliza\u00e7\u00e3o vers\u00e1til <\/strong>- Perfeito para festas de Halloween, sess\u00f5es fotogr\u00e1ficas tem\u00e1ticas, concursos de m\u00e1scaras ou divers\u00e3o quotidiana.<\/p>\n<p data-start=\"344\" data-end=\"425\"><strong data-start=\"344\" data-end=\"363\">Apelo do mercado <\/strong>- Um acess\u00f3rio sazonal encantador e f\u00e1cil de usar que atrai os donos de animais que procuram estilos de Halloween simples mas apelativos.<\/p>\n<p>&nbsp;<\/p>\n<p>&nbsp;<\/p>\n<div style=\"max-width: 800px; margin: auto; padding: 20px;\">\n<p><!-- \u5de6\u56fe\u53f3\u6587 --><\/p>\n<div style=\"display: flex; align-items: center; gap: 20px; margin-bottom: 40px; flex-wrap: wrap;\">\n<p><img loading=\"lazy\" decoding=\"async\" class=\"alignnone wp-image-3095 size-medium\" src=\"https:\/\/www.deopaws.com\/wp-content\/uploads\/2025\/10\/\u4e3b\u56fe06-e1761015268514-300x240.jpg\" alt=\"\" width=\"300\" height=\"240\" srcset=\"https:\/\/www.deopaws.com\/wp-content\/uploads\/2025\/10\/\u4e3b\u56fe06-e1761015268514-300x240.jpg 300w, https:\/\/www.deopaws.com\/wp-content\/uploads\/2025\/10\/\u4e3b\u56fe06-e1761015268514-600x480.jpg 600w, https:\/\/www.deopaws.com\/wp-content\/uploads\/2025\/10\/\u4e3b\u56fe06-e1761015268514.jpg 750w\" sizes=\"auto, (max-width: 300px) 100vw, 300px\" \/><\/p>\n<div style=\"flex: 1; min-width: 0;\">\n<p style=\"color: gray;\">D\u00ea um toque de mist\u00e9rio e magia ao look de Halloween do seu animal de estima\u00e7\u00e3o com este encantador chap\u00e9u de bruxa roxo. O tom p\u00farpura profundo acrescenta um toque de charme de bruxa caprichosa.<\/p>\n<\/div>\n<\/div>\n<p><!-- \u53f3\u56fe\u5de6\u6587 --><\/p>\n<div style=\"display: flex; flex-direction: row-reverse; align-items: center; gap: 20px; flex-wrap: wrap;\">\n<p><img loading=\"lazy\" decoding=\"async\" class=\"alignnone wp-image-3094 size-medium\" src=\"https:\/\/www.deopaws.com\/wp-content\/uploads\/2025\/10\/\u4e3b\u56fe05-1-e1761015390691-300x240.jpg\" alt=\"\" width=\"300\" height=\"240\" srcset=\"https:\/\/www.deopaws.com\/wp-content\/uploads\/2025\/10\/\u4e3b\u56fe05-1-e1761015390691-300x240.jpg 300w, https:\/\/www.deopaws.com\/wp-content\/uploads\/2025\/10\/\u4e3b\u56fe05-1-e1761015390691-600x480.jpg 600w, https:\/\/www.deopaws.com\/wp-content\/uploads\/2025\/10\/\u4e3b\u56fe05-1-e1761015390691.jpg 750w\" sizes=\"auto, (max-width: 300px) 100vw, 300px\" \/><\/p>\n<div style=\"flex: 1; min-width: 0;\">\n<p style=\"color: gray;\">Brilhante e alegre, o chap\u00e9u de bruxa laranja capta o esp\u00edrito alegre do Dia das Bruxas. O seu tom vibrante inspirado na ab\u00f3bora acrescenta um toque de cor sazonal<\/p>\n<\/div>\n<\/div>\n<\/div>\n<div style=\"max-width: 800px; margin: auto; padding: 20px;\">\n<p><!-- \u5de6\u56fe\u53f3\u6587 --><\/p>\n<div style=\"display: flex; align-items: center; gap: 20px; margin-bottom: 40px; flex-wrap: wrap;\">\n<p><img loading=\"lazy\" decoding=\"async\" class=\"alignnone wp-image-3093 size-medium\" src=\"https:\/\/www.deopaws.com\/wp-content\/uploads\/2025\/10\/\u4e3b\u56fe04-1-e1761015460900-300x240.jpg\" alt=\"\" width=\"300\" height=\"240\" srcset=\"https:\/\/www.deopaws.com\/wp-content\/uploads\/2025\/10\/\u4e3b\u56fe04-1-e1761015460900-300x240.jpg 300w, https:\/\/www.deopaws.com\/wp-content\/uploads\/2025\/10\/\u4e3b\u56fe04-1-e1761015460900-600x480.jpg 600w, https:\/\/www.deopaws.com\/wp-content\/uploads\/2025\/10\/\u4e3b\u56fe04-1-e1761015460900.jpg 750w\" sizes=\"auto, (max-width: 300px) 100vw, 300px\" \/><\/p>\n<div style=\"flex: 1; min-width: 0;\">\n<p data-start=\"56\" data-end=\"422\">Cl\u00e1ssico e intemporal, o chap\u00e9u de bruxa preto encarna a verdadeira eleg\u00e2ncia do Dia das Bruxas. Com o seu design elegante e pormenores cintilantes.<\/p>\n<\/div>\n<\/div>\n<\/div>\n<h3>Ecr\u00e3 de f\u00e1brica<\/h3>\n<p>&nbsp;<\/p>\n<div class=\"row\">\n<div class=\"col-lg-4\"><img loading=\"lazy\" decoding=\"async\" class=\"alignnone size-medium wp-image-142\" src=\"https:\/\/gray-bee-883835.hostingersite.com\/wp-content\/uploads\/2025\/04\/Small-pet-raincoat-3_-300x225.jpg\" alt=\"\" width=\"300\" height=\"225\" srcset=\"https:\/\/www.deopaws.com\/wp-content\/uploads\/2025\/04\/Small-pet-raincoat-3_-300x225.jpg 300w, https:\/\/www.deopaws.com\/wp-content\/uploads\/2025\/04\/Small-pet-raincoat-3_-600x450.jpg 600w, https:\/\/www.deopaws.com\/wp-content\/uploads\/2025\/04\/Small-pet-raincoat-3_-768x576.jpg 768w, https:\/\/www.deopaws.com\/wp-content\/uploads\/2025\/04\/Small-pet-raincoat-3_.jpg 800w\" sizes=\"auto, (max-width: 300px) 100vw, 300px\" \/><\/div>\n<div class=\"col-lg-4\"><img loading=\"lazy\" decoding=\"async\" class=\"alignnone size-medium wp-image-138\" src=\"https:\/\/gray-bee-883835.hostingersite.com\/wp-content\/uploads\/2025\/04\/Small-pet-raincoat-2-2-300x225.jpg\" alt=\"\" width=\"300\" height=\"225\" srcset=\"https:\/\/www.deopaws.com\/wp-content\/uploads\/2025\/04\/Small-pet-raincoat-2-2-300x225.jpg 300w, https:\/\/www.deopaws.com\/wp-content\/uploads\/2025\/04\/Small-pet-raincoat-2-2-600x450.jpg 600w, https:\/\/www.deopaws.com\/wp-content\/uploads\/2025\/04\/Small-pet-raincoat-2-2-768x576.jpg 768w, https:\/\/www.deopaws.com\/wp-content\/uploads\/2025\/04\/Small-pet-raincoat-2-2.jpg 800w\" sizes=\"auto, (max-width: 300px) 100vw, 300px\" \/><\/div>\n<div class=\"col-lg-4\"><img loading=\"lazy\" decoding=\"async\" class=\"alignnone size-medium wp-image-139\" src=\"https:\/\/gray-bee-883835.hostingersite.com\/wp-content\/uploads\/2025\/04\/Small-pet-raincoat-3-2-300x225.jpg\" alt=\"\" width=\"300\" height=\"225\" srcset=\"https:\/\/www.deopaws.com\/wp-content\/uploads\/2025\/04\/Small-pet-raincoat-3-2-300x225.jpg 300w, https:\/\/www.deopaws.com\/wp-content\/uploads\/2025\/04\/Small-pet-raincoat-3-2-600x450.jpg 600w, https:\/\/www.deopaws.com\/wp-content\/uploads\/2025\/04\/Small-pet-raincoat-3-2-768x576.jpg 768w, https:\/\/www.deopaws.com\/wp-content\/uploads\/2025\/04\/Small-pet-raincoat-3-2.jpg 800w\" sizes=\"auto, (max-width: 300px) 100vw, 300px\" \/><\/div>\n<p>&nbsp;<\/p>\n<div>\n<div class=\"row\">\n<div class=\"col-lg-4\"><img loading=\"lazy\" decoding=\"async\" class=\"alignnone size-medium wp-image-141\" src=\"https:\/\/gray-bee-883835.hostingersite.com\/wp-content\/uploads\/2025\/04\/Small-pet-raincoat-2_-300x225.jpg\" alt=\"\" width=\"300\" height=\"225\" srcset=\"https:\/\/www.deopaws.com\/wp-content\/uploads\/2025\/04\/Small-pet-raincoat-2_-300x225.jpg 300w, https:\/\/www.deopaws.com\/wp-content\/uploads\/2025\/04\/Small-pet-raincoat-2_-600x450.jpg 600w, https:\/\/www.deopaws.com\/wp-content\/uploads\/2025\/04\/Small-pet-raincoat-2_-768x576.jpg 768w, https:\/\/www.deopaws.com\/wp-content\/uploads\/2025\/04\/Small-pet-raincoat-2_.jpg 800w\" sizes=\"auto, (max-width: 300px) 100vw, 300px\" \/><\/div>\n<div class=\"col-lg-4\"><img loading=\"lazy\" decoding=\"async\" class=\"alignnone size-full wp-image-1656\" src=\"https:\/\/www.deopaws.com\/wp-content\/uploads\/2025\/05\/fact-1_\u526f\u672c.jpg\" alt=\"\" width=\"300\" height=\"225\" \/><\/div>\n<div class=\"col-lg-4\"><img loading=\"lazy\" decoding=\"async\" class=\"alignnone size-medium wp-image-137\" src=\"https:\/\/gray-bee-883835.hostingersite.com\/wp-content\/uploads\/2025\/04\/Small-pet-raincoat-1-2-300x225.jpg\" alt=\"\" width=\"300\" height=\"225\" srcset=\"https:\/\/www.deopaws.com\/wp-content\/uploads\/2025\/04\/Small-pet-raincoat-1-2-300x225.jpg 300w, https:\/\/www.deopaws.com\/wp-content\/uploads\/2025\/04\/Small-pet-raincoat-1-2-600x450.jpg 600w, https:\/\/www.deopaws.com\/wp-content\/uploads\/2025\/04\/Small-pet-raincoat-1-2-768x576.jpg 768w, https:\/\/www.deopaws.com\/wp-content\/uploads\/2025\/04\/Small-pet-raincoat-1-2.jpg 800w\" sizes=\"auto, (max-width: 300px) 100vw, 300px\" \/><\/div>\n<div><\/div>\n<\/div>\n<\/div>\n<\/div>","protected":false},"excerpt":{"rendered":"<p data-start=\"172\" data-end=\"501\">D\u00ea ao seu amigo peludo uma transforma\u00e7\u00e3o m\u00e1gica no Dia das Bruxas com este ador\u00e1vel Chap\u00e9u de Bruxa para Animais de Estima\u00e7\u00e3o, concebido para dar charme instant\u00e2neo e um toque festivo a qualquer disfarce. Feito de tecido macio e leve, este chap\u00e9u assenta confortavelmente na cabe\u00e7a do seu animal de estima\u00e7\u00e3o sem escorregar ou causar irrita\u00e7\u00e3o, assegurando um ajuste perfeito tanto para c\u00e3es pequenos como para gatos.<\/p>\n<p data-start=\"503\" data-end=\"824\">A silhueta cl\u00e1ssica do chap\u00e9u de bruxa, acentuada com uma faixa cintilante e pormenores divertidos, real\u00e7a o esp\u00edrito do Dia das Bruxas em todas as fotografias e festas. \u00c9 um acess\u00f3rio f\u00e1cil, mas apelativo, que transforma o seu animal de estima\u00e7\u00e3o numa pequena estrela que lan\u00e7a feiti\u00e7os - perfeito para passeios de doces ou travessuras, sess\u00f5es fotogr\u00e1ficas tem\u00e1ticas ou reuni\u00f5es festivas.<\/p>","protected":false},"featured_media":3085,"comment_status":"closed","ping_status":"closed","template":"","meta":{"_acf_changed":false},"product_brand":[],"product_cat":[16,25],"product_tag":[],"class_list":{"0":"post-3084","1":"product","2":"type-product","3":"status-publish","4":"has-post-thumbnail","6":"product_cat-dog-supplies","7":"product_cat-dog-apparel-accessories","9":"first","10":"instock","11":"shipping-taxable","12":"product-type-simple"},"acf":[],"_links":{"self":[{"href":"https:\/\/www.deopaws.com\/pt\/wp-json\/wp\/v2\/product\/3084","targetHints":{"allow":["GET"]}}],"collection":[{"href":"https:\/\/www.deopaws.com\/pt\/wp-json\/wp\/v2\/product"}],"about":[{"href":"https:\/\/www.deopaws.com\/pt\/wp-json\/wp\/v2\/types\/product"}],"replies":[{"embeddable":true,"href":"https:\/\/www.deopaws.com\/pt\/wp-json\/wp\/v2\/comments?post=3084"}],"wp:featuredmedia":[{"embeddable":true,"href":"https:\/\/www.deopaws.com\/pt\/wp-json\/wp\/v2\/media\/3085"}],"wp:attachment":[{"href":"https:\/\/www.deopaws.com\/pt\/wp-json\/wp\/v2\/media?parent=3084"}],"wp:term":[{"taxonomy":"product_brand","embeddable":true,"href":"https:\/\/www.deopaws.com\/pt\/wp-json\/wp\/v2\/product_brand?post=3084"},{"taxonomy":"product_cat","embeddable":true,"href":"https:\/\/www.deopaws.com\/pt\/wp-json\/wp\/v2\/product_cat?post=3084"},{"taxonomy":"product_tag","embeddable":true,"href":"https:\/\/www.deopaws.com\/pt\/wp-json\/wp\/v2\/product_tag?post=3084"}],"curies":[{"name":"wp","href":"https:\/\/api.w.org\/{rel}","templated":true}]}}