{"id":2866,"date":"2025-09-17T14:23:15","date_gmt":"2025-09-17T06:23:15","guid":{"rendered":"https:\/\/www.deopaws.com\/?post_type=product&#038;p=2866"},"modified":"2025-10-21T10:01:27","modified_gmt":"2025-10-21T02:01:27","slug":"christmas-pet-sweater","status":"publish","type":"product","link":"https:\/\/www.deopaws.com\/pt\/christmas-pet-sweater\/","title":{"rendered":"Camisola de Natal para animais de estima\u00e7\u00e3o - Fato festivo de ab\u00f3bora e \u00e1rvore para c\u00e3es e gatos"},"content":{"rendered":"<h2 data-start=\"77\" data-end=\"192\">Camisola de Natal para animais de estima\u00e7\u00e3o\uff1a<\/h2>\n<p>&nbsp;<\/p>\n<p data-start=\"65\" data-end=\"153\"><strong data-start=\"65\" data-end=\"99\">Desenhos festivos<\/strong>- Apresenta padr\u00f5es divertidos de ab\u00f3boras e \u00e1rvores de Natal para um ambiente festivo.<\/p>\n<p data-start=\"157\" data-end=\"243\"><strong data-start=\"157\" data-end=\"176\">Material confort\u00e1vel e macio<\/strong>- O tecido aconchegante garante que os animais de estima\u00e7\u00e3o se mant\u00eam quentes e confort\u00e1veis.<\/p>\n<p data-start=\"247\" data-end=\"340\"><strong data-start=\"247\" data-end=\"265\">Adequado para c\u00e3es e gatos<\/strong>- Concebida para se adaptar confortavelmente a c\u00e3es e gatos pequenos.<\/p>\n<p data-start=\"344\" data-end=\"425\"><strong data-start=\"344\" data-end=\"363\">Vestu\u00e1rio sazonal<\/strong>- Perfeito para o Halloween, o Natal e as celebra\u00e7\u00f5es de outono\/inverno.<\/p>\n<p data-start=\"344\" data-end=\"425\"><strong data-start=\"344\" data-end=\"363\">F\u00e1cil de vestir e manter<\/strong>- Leve e f\u00e1cil de vestir, com instru\u00e7\u00f5es de manuten\u00e7\u00e3o simples.<\/p>\n<p>&nbsp;<\/p>\n<p>&nbsp;<\/p>\n<div style=\"max-width: 800px; margin: auto; padding: 20px;\">\n<p><!-- \u5de6\u56fe\u53f3\u6587 --><\/p>\n<div style=\"display: flex; align-items: center; gap: 20px; margin-bottom: 40px; flex-wrap: wrap;\">\n<p><img loading=\"lazy\" decoding=\"async\" class=\"alignnone size-medium wp-image-2868\" src=\"https:\/\/www.deopaws.com\/wp-content\/uploads\/2025\/09\/Christmas-Pet-Sweater-2-300x240.jpg\" alt=\"Christmas Pet Sweater\" width=\"300\" height=\"240\" srcset=\"https:\/\/www.deopaws.com\/wp-content\/uploads\/2025\/09\/Christmas-Pet-Sweater-2-300x240.jpg 300w, https:\/\/www.deopaws.com\/wp-content\/uploads\/2025\/09\/Christmas-Pet-Sweater-2-600x480.jpg 600w, https:\/\/www.deopaws.com\/wp-content\/uploads\/2025\/09\/Christmas-Pet-Sweater-2.jpg 750w\" sizes=\"auto, (max-width: 300px) 100vw, 300px\" \/><\/p>\n<div style=\"flex: 1; min-width: 0;\">\n<p style=\"color: gray;\">O grande plano do padr\u00e3o festivo da \u00e1rvore de Natal d\u00e1 um toque alegre e divertido de f\u00e9rias \u00e0 camisola do seu animal de estima\u00e7\u00e3o.<\/p>\n<\/div>\n<\/div>\n<p><!-- \u53f3\u56fe\u5de6\u6587 --><\/p>\n<div style=\"display: flex; flex-direction: row-reverse; align-items: center; gap: 20px; flex-wrap: wrap;\">\n<p><img loading=\"lazy\" decoding=\"async\" class=\"alignnone size-medium wp-image-2969\" src=\"https:\/\/www.deopaws.com\/wp-content\/uploads\/2025\/09\/Christmas-Dog-Clothes-1-300x240.jpg\" alt=\"Christmas Dog Clothes\" width=\"300\" height=\"240\" srcset=\"https:\/\/www.deopaws.com\/wp-content\/uploads\/2025\/09\/Christmas-Dog-Clothes-1-300x240.jpg 300w, https:\/\/www.deopaws.com\/wp-content\/uploads\/2025\/09\/Christmas-Dog-Clothes-1-600x480.jpg 600w, https:\/\/www.deopaws.com\/wp-content\/uploads\/2025\/09\/Christmas-Dog-Clothes-1.jpg 750w\" sizes=\"auto, (max-width: 300px) 100vw, 300px\" \/><\/p>\n<div style=\"flex: 1; min-width: 0;\">\n<p style=\"color: gray;\">Tabela de tamanhos<\/p>\n<\/div>\n<\/div>\n<\/div>\n<h3>Ecr\u00e3 de f\u00e1brica<\/h3>\n<p>&nbsp;<\/p>\n<div class=\"row\">\n<div class=\"col-lg-4\"><img loading=\"lazy\" decoding=\"async\" class=\"alignnone size-medium wp-image-142\" src=\"https:\/\/gray-bee-883835.hostingersite.com\/wp-content\/uploads\/2025\/04\/Small-pet-raincoat-3_-300x225.jpg\" alt=\"\" width=\"300\" height=\"225\" srcset=\"https:\/\/www.deopaws.com\/wp-content\/uploads\/2025\/04\/Small-pet-raincoat-3_-300x225.jpg 300w, https:\/\/www.deopaws.com\/wp-content\/uploads\/2025\/04\/Small-pet-raincoat-3_-600x450.jpg 600w, https:\/\/www.deopaws.com\/wp-content\/uploads\/2025\/04\/Small-pet-raincoat-3_-768x576.jpg 768w, https:\/\/www.deopaws.com\/wp-content\/uploads\/2025\/04\/Small-pet-raincoat-3_.jpg 800w\" sizes=\"auto, (max-width: 300px) 100vw, 300px\" \/><\/div>\n<div class=\"col-lg-4\"><img loading=\"lazy\" decoding=\"async\" class=\"alignnone size-medium wp-image-138\" src=\"https:\/\/gray-bee-883835.hostingersite.com\/wp-content\/uploads\/2025\/04\/Small-pet-raincoat-2-2-300x225.jpg\" alt=\"\" width=\"300\" height=\"225\" srcset=\"https:\/\/www.deopaws.com\/wp-content\/uploads\/2025\/04\/Small-pet-raincoat-2-2-300x225.jpg 300w, https:\/\/www.deopaws.com\/wp-content\/uploads\/2025\/04\/Small-pet-raincoat-2-2-600x450.jpg 600w, https:\/\/www.deopaws.com\/wp-content\/uploads\/2025\/04\/Small-pet-raincoat-2-2-768x576.jpg 768w, https:\/\/www.deopaws.com\/wp-content\/uploads\/2025\/04\/Small-pet-raincoat-2-2.jpg 800w\" sizes=\"auto, (max-width: 300px) 100vw, 300px\" \/><\/div>\n<div class=\"col-lg-4\"><img loading=\"lazy\" decoding=\"async\" class=\"alignnone size-medium wp-image-139\" src=\"https:\/\/gray-bee-883835.hostingersite.com\/wp-content\/uploads\/2025\/04\/Small-pet-raincoat-3-2-300x225.jpg\" alt=\"\" width=\"300\" height=\"225\" srcset=\"https:\/\/www.deopaws.com\/wp-content\/uploads\/2025\/04\/Small-pet-raincoat-3-2-300x225.jpg 300w, https:\/\/www.deopaws.com\/wp-content\/uploads\/2025\/04\/Small-pet-raincoat-3-2-600x450.jpg 600w, https:\/\/www.deopaws.com\/wp-content\/uploads\/2025\/04\/Small-pet-raincoat-3-2-768x576.jpg 768w, https:\/\/www.deopaws.com\/wp-content\/uploads\/2025\/04\/Small-pet-raincoat-3-2.jpg 800w\" sizes=\"auto, (max-width: 300px) 100vw, 300px\" \/><\/div>\n<p>&nbsp;<\/p>\n<div>\n<div class=\"row\">\n<div class=\"col-lg-4\"><img loading=\"lazy\" decoding=\"async\" class=\"alignnone size-medium wp-image-141\" src=\"https:\/\/gray-bee-883835.hostingersite.com\/wp-content\/uploads\/2025\/04\/Small-pet-raincoat-2_-300x225.jpg\" alt=\"\" width=\"300\" height=\"225\" srcset=\"https:\/\/www.deopaws.com\/wp-content\/uploads\/2025\/04\/Small-pet-raincoat-2_-300x225.jpg 300w, https:\/\/www.deopaws.com\/wp-content\/uploads\/2025\/04\/Small-pet-raincoat-2_-600x450.jpg 600w, https:\/\/www.deopaws.com\/wp-content\/uploads\/2025\/04\/Small-pet-raincoat-2_-768x576.jpg 768w, https:\/\/www.deopaws.com\/wp-content\/uploads\/2025\/04\/Small-pet-raincoat-2_.jpg 800w\" sizes=\"auto, (max-width: 300px) 100vw, 300px\" \/><\/div>\n<div class=\"col-lg-4\"><img loading=\"lazy\" decoding=\"async\" class=\"alignnone size-full wp-image-1656\" src=\"https:\/\/www.deopaws.com\/wp-content\/uploads\/2025\/05\/fact-1_\u526f\u672c.jpg\" alt=\"\" width=\"300\" height=\"225\" \/><\/div>\n<div class=\"col-lg-4\"><img loading=\"lazy\" decoding=\"async\" class=\"alignnone size-medium wp-image-137\" src=\"https:\/\/gray-bee-883835.hostingersite.com\/wp-content\/uploads\/2025\/04\/Small-pet-raincoat-1-2-300x225.jpg\" alt=\"\" width=\"300\" height=\"225\" srcset=\"https:\/\/www.deopaws.com\/wp-content\/uploads\/2025\/04\/Small-pet-raincoat-1-2-300x225.jpg 300w, https:\/\/www.deopaws.com\/wp-content\/uploads\/2025\/04\/Small-pet-raincoat-1-2-600x450.jpg 600w, https:\/\/www.deopaws.com\/wp-content\/uploads\/2025\/04\/Small-pet-raincoat-1-2-768x576.jpg 768w, https:\/\/www.deopaws.com\/wp-content\/uploads\/2025\/04\/Small-pet-raincoat-1-2.jpg 800w\" sizes=\"auto, (max-width: 300px) 100vw, 300px\" \/><\/div>\n<div><\/div>\n<\/div>\n<\/div>\n<\/div>","protected":false},"excerpt":{"rendered":"<p>Esta camisola de Natal para animais de estima\u00e7\u00e3o foi concebida para c\u00e3es e gatos pequenos, combinando o encanto festivo com o conforto. Com padr\u00f5es divertidos de ab\u00f3bora e \u00e1rvore de Natal, d\u00e1 um toque festivo e alegre ao guarda-roupa do seu animal de estima\u00e7\u00e3o. Feito de tecido macio e aconchegante, garante calor e facilidade de movimentos durante o outono e o inverno. Perfeita para o Dia das Bruxas, Natal ou celebra\u00e7\u00f5es sazonais, esta camisola mant\u00e9m os animais de estima\u00e7\u00e3o com estilo e conforto.<\/p>","protected":false},"featured_media":3068,"comment_status":"closed","ping_status":"closed","template":"","meta":{"_acf_changed":false},"product_brand":[],"product_cat":[16,25],"product_tag":[],"class_list":{"0":"post-2866","1":"product","2":"type-product","3":"status-publish","4":"has-post-thumbnail","6":"product_cat-dog-supplies","7":"product_cat-dog-apparel-accessories","9":"first","10":"instock","11":"shipping-taxable","12":"product-type-simple"},"acf":[],"_links":{"self":[{"href":"https:\/\/www.deopaws.com\/pt\/wp-json\/wp\/v2\/product\/2866","targetHints":{"allow":["GET"]}}],"collection":[{"href":"https:\/\/www.deopaws.com\/pt\/wp-json\/wp\/v2\/product"}],"about":[{"href":"https:\/\/www.deopaws.com\/pt\/wp-json\/wp\/v2\/types\/product"}],"replies":[{"embeddable":true,"href":"https:\/\/www.deopaws.com\/pt\/wp-json\/wp\/v2\/comments?post=2866"}],"wp:featuredmedia":[{"embeddable":true,"href":"https:\/\/www.deopaws.com\/pt\/wp-json\/wp\/v2\/media\/3068"}],"wp:attachment":[{"href":"https:\/\/www.deopaws.com\/pt\/wp-json\/wp\/v2\/media?parent=2866"}],"wp:term":[{"taxonomy":"product_brand","embeddable":true,"href":"https:\/\/www.deopaws.com\/pt\/wp-json\/wp\/v2\/product_brand?post=2866"},{"taxonomy":"product_cat","embeddable":true,"href":"https:\/\/www.deopaws.com\/pt\/wp-json\/wp\/v2\/product_cat?post=2866"},{"taxonomy":"product_tag","embeddable":true,"href":"https:\/\/www.deopaws.com\/pt\/wp-json\/wp\/v2\/product_tag?post=2866"}],"curies":[{"name":"wp","href":"https:\/\/api.w.org\/{rel}","templated":true}]}}