{"id":2757,"date":"2025-09-15T09:58:53","date_gmt":"2025-09-15T01:58:53","guid":{"rendered":"https:\/\/www.deopaws.com\/?post_type=product&#038;p=2757"},"modified":"2025-09-15T09:59:03","modified_gmt":"2025-09-15T01:59:03","slug":"elevated-ceramic-pet-bowl","status":"publish","type":"product","link":"https:\/\/www.deopaws.com\/pt\/elevated-ceramic-pet-bowl\/","title":{"rendered":"Tigela de cer\u00e2mica elevada para animais de estima\u00e7\u00e3o - comedouro anti-queda para c\u00e3es e gatos"},"content":{"rendered":"<h2 data-start=\"77\" data-end=\"192\">Ta\u00e7a de cer\u00e2mica elevada para animais de estima\u00e7\u00e3o \uff1a<\/h2>\n<p>&nbsp;<\/p>\n<p data-start=\"65\" data-end=\"153\"><strong data-start=\"65\" data-end=\"99\">Design elevado e inclinado a 15\u00b0<\/strong>- Protege o pesco\u00e7o dos animais de estima\u00e7\u00e3o e promove uma alimenta\u00e7\u00e3o ergon\u00f3mica.<\/p>\n<p data-start=\"157\" data-end=\"243\"><strong data-start=\"157\" data-end=\"176\">Cer\u00e2mica antibacteriana de alta qualidade<\/strong>- Previne as manchas pretas no queixo e o crescimento de bact\u00e9rias.<\/p>\n<p data-start=\"247\" data-end=\"340\"><strong data-start=\"247\" data-end=\"265\">Base em madeira de carvalho maci\u00e7o<\/strong>- Pesado e est\u00e1vel, n\u00e3o tomba.<\/p>\n<p data-start=\"344\" data-end=\"425\"><strong data-start=\"344\" data-end=\"363\">\u25cfConfigura\u00e7\u00e3o de duas ta\u00e7as<\/strong>- Sec\u00e7\u00f5es separadas para comida e \u00e1gua, alimenta\u00e7\u00e3o organizada.<\/p>\n<p data-start=\"344\" data-end=\"425\"><strong data-start=\"344\" data-end=\"363\">F\u00e1cil de limpar e manusear<\/strong> - Superf\u00edcie cer\u00e2mica lisa, instala\u00e7\u00e3o r\u00e1pida e enchimento f\u00e1cil.<\/p>\n<p>&nbsp;<\/p>\n<p>&nbsp;<\/p>\n<div style=\"max-width: 800px; margin: auto; padding: 20px;\">\n<p><!-- \u5de6\u56fe\u53f3\u6587 --><\/p>\n<div style=\"display: flex; align-items: center; gap: 20px; margin-bottom: 40px; flex-wrap: wrap;\">\n<p><img loading=\"lazy\" decoding=\"async\" class=\"alignnone wp-image-2767\" src=\"https:\/\/www.deopaws.com\/wp-content\/uploads\/2025\/09\/elevated-ceramic-pet-bowl-11-300x240.jpg\" alt=\"elevated ceramic pet bowl\" width=\"370\" height=\"296\" srcset=\"https:\/\/www.deopaws.com\/wp-content\/uploads\/2025\/09\/elevated-ceramic-pet-bowl-11-300x240.jpg 300w, https:\/\/www.deopaws.com\/wp-content\/uploads\/2025\/09\/elevated-ceramic-pet-bowl-11-600x480.jpg 600w, https:\/\/www.deopaws.com\/wp-content\/uploads\/2025\/09\/elevated-ceramic-pet-bowl-11.jpg 750w\" sizes=\"auto, (max-width: 370px) 100vw, 370px\" \/><\/p>\n<div style=\"flex: 1; min-width: 0;\">\n<p style=\"color: gray;\">A tigela possui um rebordo inclinado de 15 graus, tornando mais f\u00e1cil e ergon\u00f3mico para os c\u00e3es e gatos alcan\u00e7arem a comida, reduzindo a tens\u00e3o no pesco\u00e7o e nos bigodes.<\/p>\n<\/div>\n<\/div>\n<p><!-- \u53f3\u56fe\u5de6\u6587 --><\/p>\n<div style=\"display: flex; flex-direction: row-reverse; align-items: center; gap: 20px; flex-wrap: wrap;\">\n<p><img loading=\"lazy\" decoding=\"async\" class=\"alignnone wp-image-2768\" src=\"https:\/\/www.deopaws.com\/wp-content\/uploads\/2025\/09\/elevated-ceramic-pet-bowl-1-300x240.jpg\" alt=\"elevated ceramic pet bowl\" width=\"370\" height=\"296\" srcset=\"https:\/\/www.deopaws.com\/wp-content\/uploads\/2025\/09\/elevated-ceramic-pet-bowl-1-300x240.jpg 300w, https:\/\/www.deopaws.com\/wp-content\/uploads\/2025\/09\/elevated-ceramic-pet-bowl-1-600x480.jpg 600w, https:\/\/www.deopaws.com\/wp-content\/uploads\/2025\/09\/elevated-ceramic-pet-bowl-1.jpg 750w\" sizes=\"auto, (max-width: 370px) 100vw, 370px\" \/><\/p>\n<div style=\"flex: 1; min-width: 0;\">\n<p style=\"color: gray;\">Fabricada em cer\u00e2mica lisa de qualidade alimentar, a tigela \u00e9 f\u00e1cil de limpar e manter, garantindo uma alimenta\u00e7\u00e3o higi\u00e9nica para os seus animais de estima\u00e7\u00e3o.<\/p>\n<\/div>\n<\/div>\n<\/div>\n<div style=\"max-width: 800px; margin: auto; padding: 20px;\">\n<p><!-- \u5de6\u56fe\u53f3\u6587 --><\/p>\n<div style=\"display: flex; align-items: center; gap: 20px; margin-bottom: 40px; flex-wrap: wrap;\">\n<p><img loading=\"lazy\" decoding=\"async\" class=\"alignnone wp-image-2758\" src=\"https:\/\/www.deopaws.com\/wp-content\/uploads\/2025\/09\/elevated-ceramic-pet-bowl-2-300x240.jpg\" alt=\"elevated ceramic pet bowl\" width=\"370\" height=\"296\" srcset=\"https:\/\/www.deopaws.com\/wp-content\/uploads\/2025\/09\/elevated-ceramic-pet-bowl-2-300x240.jpg 300w, https:\/\/www.deopaws.com\/wp-content\/uploads\/2025\/09\/elevated-ceramic-pet-bowl-2-600x480.jpg 600w, https:\/\/www.deopaws.com\/wp-content\/uploads\/2025\/09\/elevated-ceramic-pet-bowl-2.jpg 750w\" sizes=\"auto, (max-width: 370px) 100vw, 370px\" \/><\/p>\n<div style=\"flex: 1; min-width: 0;\">\n<p data-start=\"56\" data-end=\"422\">Concebida com uma pega confort\u00e1vel, a ta\u00e7a \u00e9 f\u00e1cil de pegar e mover, tornando os reabastecimentos e a limpeza f\u00e1ceis.<\/p>\n<\/div>\n<\/div>\n<p><!-- \u53f3\u56fe\u5de6\u6587 --><\/p>\n<div style=\"display: flex; flex-direction: row-reverse; align-items: center; gap: 20px; flex-wrap: wrap;\">\n<p><img loading=\"lazy\" decoding=\"async\" class=\"alignnone wp-image-2761\" src=\"https:\/\/www.deopaws.com\/wp-content\/uploads\/2025\/09\/elevated-ceramic-pet-bowl-5-300x240.jpg\" alt=\"elevated ceramic pet bowl\" width=\"370\" height=\"296\" srcset=\"https:\/\/www.deopaws.com\/wp-content\/uploads\/2025\/09\/elevated-ceramic-pet-bowl-5-300x240.jpg 300w, https:\/\/www.deopaws.com\/wp-content\/uploads\/2025\/09\/elevated-ceramic-pet-bowl-5-600x480.jpg 600w, https:\/\/www.deopaws.com\/wp-content\/uploads\/2025\/09\/elevated-ceramic-pet-bowl-5.jpg 750w\" sizes=\"auto, (max-width: 370px) 100vw, 370px\" \/><\/p>\n<div style=\"flex: 1; min-width: 0;\">\n<p style=\"color: gray;\">A instala\u00e7\u00e3o r\u00e1pida e f\u00e1cil com um design de velcro garante que a ta\u00e7a fica firmemente no lugar, mantendo uma apar\u00eancia limpa e atractiva.<\/p>\n<\/div>\n<\/div>\n<\/div>\n<div style=\"max-width: 800px; margin: auto; padding: 20px;\">\n<p><!-- \u5de6\u56fe\u53f3\u6587 --><\/p>\n<div style=\"display: flex; align-items: center; gap: 20px; margin-bottom: 40px; flex-wrap: wrap;\">\n<p><img loading=\"lazy\" decoding=\"async\" class=\"alignnone wp-image-2760\" src=\"https:\/\/www.deopaws.com\/wp-content\/uploads\/2025\/09\/elevated-ceramic-pet-bowl-4-300x240.jpg\" alt=\"elevated ceramic pet bowl\" width=\"369\" height=\"295\" srcset=\"https:\/\/www.deopaws.com\/wp-content\/uploads\/2025\/09\/elevated-ceramic-pet-bowl-4-300x240.jpg 300w, https:\/\/www.deopaws.com\/wp-content\/uploads\/2025\/09\/elevated-ceramic-pet-bowl-4-600x480.jpg 600w, https:\/\/www.deopaws.com\/wp-content\/uploads\/2025\/09\/elevated-ceramic-pet-bowl-4.jpg 750w\" sizes=\"auto, (max-width: 369px) 100vw, 369px\" \/><\/p>\n<div style=\"flex: 1; min-width: 0;\">\n<p data-start=\"27\" data-end=\"106\">A base de madeira maci\u00e7a, fabricada a partir de carvalho duradouro, proporciona estabilidade e peso para evitar a inclina\u00e7\u00e3o, assegurando que a tigela do seu animal de estima\u00e7\u00e3o permanece firmemente no lugar.<\/p>\n<\/div>\n<\/div>\n<\/div>\n<div style=\"max-width: 800px; margin: auto; padding: 20px;\">\n<div style=\"display: flex; flex-direction: row-reverse; align-items: center; gap: 20px; flex-wrap: wrap;\">\n<p><img loading=\"lazy\" decoding=\"async\" class=\"alignnone wp-image-2759\" src=\"https:\/\/www.deopaws.com\/wp-content\/uploads\/2025\/09\/elevated-ceramic-pet-bowl-3-300x240.jpg\" alt=\"elevated ceramic pet bowl\" width=\"370\" height=\"296\" srcset=\"https:\/\/www.deopaws.com\/wp-content\/uploads\/2025\/09\/elevated-ceramic-pet-bowl-3-300x240.jpg 300w, https:\/\/www.deopaws.com\/wp-content\/uploads\/2025\/09\/elevated-ceramic-pet-bowl-3-600x480.jpg 600w, https:\/\/www.deopaws.com\/wp-content\/uploads\/2025\/09\/elevated-ceramic-pet-bowl-3.jpg 750w\" sizes=\"auto, (max-width: 370px) 100vw, 370px\" \/><\/p>\n<div style=\"flex: 1; min-width: 0;\">\n<p style=\"color: gray;\">Fabricada em cer\u00e2mica de alta qualidade, a tigela resiste ao crescimento de bact\u00e9rias e evita manchas pretas no queixo do seu animal de estima\u00e7\u00e3o, garantindo uma alimenta\u00e7\u00e3o higi\u00e9nica.<\/p>\n<\/div>\n<\/div>\n<\/div>\n<div style=\"max-width: 800px; margin: auto; padding: 20px;\"><\/div>\n<div style=\"max-width: 800px; margin: auto; padding: 20px;\">\n<div style=\"display: flex; align-items: center; gap: 20px; margin-bottom: 40px; flex-wrap: wrap;\">\n<p><img loading=\"lazy\" decoding=\"async\" class=\"alignnone wp-image-2766\" src=\"https:\/\/www.deopaws.com\/wp-content\/uploads\/2025\/09\/elevated-ceramic-pet-bowl-10-300x240.jpg\" alt=\"elevated ceramic pet bowl\" width=\"371\" height=\"297\" srcset=\"https:\/\/www.deopaws.com\/wp-content\/uploads\/2025\/09\/elevated-ceramic-pet-bowl-10-300x240.jpg 300w, https:\/\/www.deopaws.com\/wp-content\/uploads\/2025\/09\/elevated-ceramic-pet-bowl-10-600x480.jpg 600w, https:\/\/www.deopaws.com\/wp-content\/uploads\/2025\/09\/elevated-ceramic-pet-bowl-10.jpg 750w\" sizes=\"auto, (max-width: 371px) 100vw, 371px\" \/><\/p>\n<div style=\"flex: 1; min-width: 0;\">\n<p data-start=\"27\" data-end=\"106\">Tabela de tamanhos<\/p>\n<\/div>\n<\/div>\n<\/div>\n<h3>Ecr\u00e3 de f\u00e1brica<\/h3>\n<p>&nbsp;<\/p>\n<div class=\"row\">\n<div class=\"col-lg-4\"><img loading=\"lazy\" decoding=\"async\" class=\"alignnone size-medium wp-image-142\" src=\"https:\/\/gray-bee-883835.hostingersite.com\/wp-content\/uploads\/2025\/04\/Small-pet-raincoat-3_-300x225.jpg\" alt=\"\" width=\"300\" height=\"225\" srcset=\"https:\/\/www.deopaws.com\/wp-content\/uploads\/2025\/04\/Small-pet-raincoat-3_-300x225.jpg 300w, https:\/\/www.deopaws.com\/wp-content\/uploads\/2025\/04\/Small-pet-raincoat-3_-600x450.jpg 600w, https:\/\/www.deopaws.com\/wp-content\/uploads\/2025\/04\/Small-pet-raincoat-3_-768x576.jpg 768w, https:\/\/www.deopaws.com\/wp-content\/uploads\/2025\/04\/Small-pet-raincoat-3_.jpg 800w\" sizes=\"auto, (max-width: 300px) 100vw, 300px\" \/><\/div>\n<div class=\"col-lg-4\"><img loading=\"lazy\" decoding=\"async\" class=\"alignnone size-medium wp-image-138\" src=\"https:\/\/gray-bee-883835.hostingersite.com\/wp-content\/uploads\/2025\/04\/Small-pet-raincoat-2-2-300x225.jpg\" alt=\"\" width=\"300\" height=\"225\" srcset=\"https:\/\/www.deopaws.com\/wp-content\/uploads\/2025\/04\/Small-pet-raincoat-2-2-300x225.jpg 300w, https:\/\/www.deopaws.com\/wp-content\/uploads\/2025\/04\/Small-pet-raincoat-2-2-600x450.jpg 600w, https:\/\/www.deopaws.com\/wp-content\/uploads\/2025\/04\/Small-pet-raincoat-2-2-768x576.jpg 768w, https:\/\/www.deopaws.com\/wp-content\/uploads\/2025\/04\/Small-pet-raincoat-2-2.jpg 800w\" sizes=\"auto, (max-width: 300px) 100vw, 300px\" \/><\/div>\n<div class=\"col-lg-4\"><img loading=\"lazy\" decoding=\"async\" class=\"alignnone size-medium wp-image-139\" src=\"https:\/\/gray-bee-883835.hostingersite.com\/wp-content\/uploads\/2025\/04\/Small-pet-raincoat-3-2-300x225.jpg\" alt=\"\" width=\"300\" height=\"225\" srcset=\"https:\/\/www.deopaws.com\/wp-content\/uploads\/2025\/04\/Small-pet-raincoat-3-2-300x225.jpg 300w, https:\/\/www.deopaws.com\/wp-content\/uploads\/2025\/04\/Small-pet-raincoat-3-2-600x450.jpg 600w, https:\/\/www.deopaws.com\/wp-content\/uploads\/2025\/04\/Small-pet-raincoat-3-2-768x576.jpg 768w, https:\/\/www.deopaws.com\/wp-content\/uploads\/2025\/04\/Small-pet-raincoat-3-2.jpg 800w\" sizes=\"auto, (max-width: 300px) 100vw, 300px\" \/><\/div>\n<p>&nbsp;<\/p>\n<div>\n<div class=\"row\">\n<div class=\"col-lg-4\"><img loading=\"lazy\" decoding=\"async\" class=\"alignnone size-medium wp-image-141\" src=\"https:\/\/gray-bee-883835.hostingersite.com\/wp-content\/uploads\/2025\/04\/Small-pet-raincoat-2_-300x225.jpg\" alt=\"\" width=\"300\" height=\"225\" srcset=\"https:\/\/www.deopaws.com\/wp-content\/uploads\/2025\/04\/Small-pet-raincoat-2_-300x225.jpg 300w, https:\/\/www.deopaws.com\/wp-content\/uploads\/2025\/04\/Small-pet-raincoat-2_-600x450.jpg 600w, https:\/\/www.deopaws.com\/wp-content\/uploads\/2025\/04\/Small-pet-raincoat-2_-768x576.jpg 768w, https:\/\/www.deopaws.com\/wp-content\/uploads\/2025\/04\/Small-pet-raincoat-2_.jpg 800w\" sizes=\"auto, (max-width: 300px) 100vw, 300px\" \/><\/div>\n<div class=\"col-lg-4\"><img loading=\"lazy\" decoding=\"async\" class=\"alignnone size-full wp-image-1656\" src=\"https:\/\/www.deopaws.com\/wp-content\/uploads\/2025\/05\/fact-1_\u526f\u672c.jpg\" alt=\"\" width=\"300\" height=\"225\" \/><\/div>\n<div class=\"col-lg-4\"><img loading=\"lazy\" decoding=\"async\" class=\"alignnone size-medium wp-image-137\" src=\"https:\/\/gray-bee-883835.hostingersite.com\/wp-content\/uploads\/2025\/04\/Small-pet-raincoat-1-2-300x225.jpg\" alt=\"\" width=\"300\" height=\"225\" srcset=\"https:\/\/www.deopaws.com\/wp-content\/uploads\/2025\/04\/Small-pet-raincoat-1-2-300x225.jpg 300w, https:\/\/www.deopaws.com\/wp-content\/uploads\/2025\/04\/Small-pet-raincoat-1-2-600x450.jpg 600w, https:\/\/www.deopaws.com\/wp-content\/uploads\/2025\/04\/Small-pet-raincoat-1-2-768x576.jpg 768w, https:\/\/www.deopaws.com\/wp-content\/uploads\/2025\/04\/Small-pet-raincoat-1-2.jpg 800w\" sizes=\"auto, (max-width: 300px) 100vw, 300px\" \/><\/div>\n<div><\/div>\n<\/div>\n<\/div>\n<\/div>","protected":false},"excerpt":{"rendered":"<p>A tigela de cer\u00e2mica para animais de estima\u00e7\u00e3o Elevated Ceramic Pet Bowl combina estilo, funcionalidade e sa\u00fade do animal de estima\u00e7\u00e3o numa solu\u00e7\u00e3o de alimenta\u00e7\u00e3o de primeira qualidade. Fabricada em cer\u00e2mica antibacteriana de alta qualidade, resiste ao crescimento bacteriano e evita manchas negras no queixo do seu animal de estima\u00e7\u00e3o. A tigela inclinada a 15\u00b0 e o design em relevo protegem o pesco\u00e7o do seu c\u00e3o ou gato, promovendo uma alimenta\u00e7\u00e3o ergon\u00f3mica. Com uma base de madeira de carvalho maci\u00e7a, a tigela mant\u00e9m-se est\u00e1vel e n\u00e3o tomba, e a configura\u00e7\u00e3o de duas tigelas permite sec\u00e7\u00f5es separadas para comida e \u00e1gua. Com uma constru\u00e7\u00e3o f\u00e1cil de limpar, instala\u00e7\u00e3o r\u00e1pida com velcro e f\u00e1cil manuseamento, esta tigela \u00e9 perfeita para utiliza\u00e7\u00e3o dom\u00e9stica, venda a retalho ou distribui\u00e7\u00e3o por grosso.<\/p>","protected":false},"featured_media":2765,"comment_status":"closed","ping_status":"closed","template":"","meta":{"_acf_changed":false},"product_brand":[],"product_cat":[17,34],"product_tag":[],"class_list":{"0":"post-2757","1":"product","2":"type-product","3":"status-publish","4":"has-post-thumbnail","6":"product_cat-cat-supplies","7":"product_cat-cat-feeding-watering-supplies","9":"first","10":"instock","11":"shipping-taxable","12":"product-type-simple"},"acf":[],"_links":{"self":[{"href":"https:\/\/www.deopaws.com\/pt\/wp-json\/wp\/v2\/product\/2757","targetHints":{"allow":["GET"]}}],"collection":[{"href":"https:\/\/www.deopaws.com\/pt\/wp-json\/wp\/v2\/product"}],"about":[{"href":"https:\/\/www.deopaws.com\/pt\/wp-json\/wp\/v2\/types\/product"}],"replies":[{"embeddable":true,"href":"https:\/\/www.deopaws.com\/pt\/wp-json\/wp\/v2\/comments?post=2757"}],"wp:featuredmedia":[{"embeddable":true,"href":"https:\/\/www.deopaws.com\/pt\/wp-json\/wp\/v2\/media\/2765"}],"wp:attachment":[{"href":"https:\/\/www.deopaws.com\/pt\/wp-json\/wp\/v2\/media?parent=2757"}],"wp:term":[{"taxonomy":"product_brand","embeddable":true,"href":"https:\/\/www.deopaws.com\/pt\/wp-json\/wp\/v2\/product_brand?post=2757"},{"taxonomy":"product_cat","embeddable":true,"href":"https:\/\/www.deopaws.com\/pt\/wp-json\/wp\/v2\/product_cat?post=2757"},{"taxonomy":"product_tag","embeddable":true,"href":"https:\/\/www.deopaws.com\/pt\/wp-json\/wp\/v2\/product_tag?post=2757"}],"curies":[{"name":"wp","href":"https:\/\/api.w.org\/{rel}","templated":true}]}}