{"id":184,"date":"2025-04-16T15:52:01","date_gmt":"2025-04-16T07:52:01","guid":{"rendered":"https:\/\/gray-bee-883835.hostingersite.com\/?post_type=product&#038;p=184"},"modified":"2025-08-05T10:52:07","modified_gmt":"2025-08-05T02:52:07","slug":"knit-dog-sweater","status":"publish","type":"product","link":"https:\/\/www.deopaws.com\/pt\/knit-dog-sweater\/","title":{"rendered":"Camisola de malha para c\u00e3es - Roupa de inverno macia, quente e com estilo para c\u00e3es pequenos e grandes"},"content":{"rendered":"<h2 data-start=\"43\" data-end=\"205\">Camisola de malha para c\u00e3es:<\/h2>\n<p>&nbsp;<\/p>\n<p class=\"\" data-start=\"43\" data-end=\"205\">Esta camisola para animais de estima\u00e7\u00e3o tem op\u00e7\u00f5es de personaliza\u00e7\u00e3o flex\u00edveis - escolha as suas cores e tamanhos preferidos e at\u00e9 adicione o seu log\u00f3tipo para combinar com a sua marca ou estilo pessoal.<\/p>\n<p class=\"\" data-start=\"208\" data-end=\"352\">Fabricado em acr\u00edlico de alta qualidade, \u00e9 macio, dur\u00e1vel e ecol\u00f3gico - uma escolha ideal para quem se preocupa com o conforto do seu animal de estima\u00e7\u00e3o e com o planeta.<\/p>\n<p class=\"\" data-start=\"355\" data-end=\"493\">Concebida para utiliza\u00e7\u00e3o durante todo o ano, mant\u00e9m os animais de estima\u00e7\u00e3o aconchegados no inverno e elegantes na primavera, tornando-a uma adi\u00e7\u00e3o vers\u00e1til a qualquer guarda-roupa.<\/p>\n<p class=\"\" data-start=\"496\" data-end=\"616\">Com uma encomenda m\u00ednima razo\u00e1vel de apenas 500 unidades, \u00e9 uma escolha econ\u00f3mica tanto para empresas como para compradores a granel.<\/p>\n<p class=\"\" data-start=\"619\" data-end=\"772\">Apoiamos v\u00e1rios m\u00e9todos de pagamento como PayPal, Western Union e Trade Assurance, e fornecemos um servi\u00e7o de apoio ao cliente 24\/7 para tornar a encomenda f\u00e1cil e fi\u00e1vel.<\/p>\n<p>&nbsp;<\/p>\n<p>&nbsp;<\/p>\n<table border=\"1\" cellspacing=\"0\" cellpadding=\"8\">\n<thead>\n<tr>\n<th style=\"text-align: center;\">TAMANHO<\/th>\n<th style=\"text-align: center;\">CHEST<\/th>\n<th style=\"text-align: center;\">COMPRIMENTO<\/th>\n<th style=\"text-align: center;\">PESCO\u00c7O<\/th>\n<th style=\"text-align: center;\">INTERVALO DE PESO RECOMENDADO<\/th>\n<\/tr>\n<\/thead>\n<tbody>\n<tr>\n<td style=\"text-align: center;\">XS<\/td>\n<td style=\"text-align: center;\">25-28 cm<\/p>\n<p>9,8-11polegadas<\/td>\n<td style=\"text-align: center;\">16-18cm<\/p>\n<p>6,3-7,1 polegadas<\/td>\n<td>\n<p style=\"text-align: center;\">20-22 cm<\/p>\n<p style=\"text-align: center;\">7,9-8,7polegadas<\/p>\n<\/td>\n<td style=\"text-align: center;\">Com cerca de 1 kg<\/td>\n<\/tr>\n<tr>\n<td style=\"text-align: center;\">S<\/td>\n<td style=\"text-align: center;\">29-32cm<\/p>\n<p>11,4-12,6 polegadas<\/td>\n<td style=\"text-align: center;\">19-22cm<\/p>\n<p>7,5-8,7 polegadas<\/td>\n<td>\n<p style=\"text-align: center;\">22-24 cm<\/p>\n<p style=\"text-align: center;\">8,7-9,5 polegadas<\/p>\n<\/td>\n<td style=\"text-align: center;\">Cerca de 1-2,5 kg<\/td>\n<\/tr>\n<tr>\n<td style=\"text-align: center;\">M<\/td>\n<td style=\"text-align: center;\">33-37cm<\/p>\n<p>13-14,6 polegadas<\/td>\n<td style=\"text-align: center;\">23-26cm<\/p>\n<p>9,1-10,2polegadas<\/td>\n<td>\n<p style=\"text-align: center;\">24-26 cm<\/p>\n<p style=\"text-align: center;\">9,5-10,2 polegadas<\/p>\n<\/td>\n<td style=\"text-align: center;\">Cerca de 2,5-5 kg<\/td>\n<\/tr>\n<tr>\n<td style=\"text-align: center;\">L<\/td>\n<td style=\"text-align: center;\">\n<p style=\"text-align: center;\">38-42cm<\/p>\n<p style=\"text-align: center;\">15-16,5 polegadas<\/p>\n<\/td>\n<td style=\"text-align: center;\">\n<p style=\"text-align: center;\">27-30cm<\/p>\n<p style=\"text-align: center;\">10,6-11,8 polegadas<\/p>\n<\/td>\n<td>\n<p style=\"text-align: center;\">27-30cm<\/p>\n<p style=\"text-align: center;\">10,6-11,8 polegadas<\/p>\n<\/td>\n<td style=\"text-align: center;\">Cerca de 5-10 kg<\/td>\n<\/tr>\n<tr>\n<td style=\"text-align: center;\">XL<\/td>\n<td style=\"text-align: center;\">\n<p style=\"text-align: center;\">43-48cm<\/p>\n<p style=\"text-align: center;\">17-18,9 polegadas<\/p>\n<\/td>\n<td style=\"text-align: center;\">31-35cm<\/p>\n<p>12,2-13,8 polegadas<\/td>\n<td>\n<p style=\"text-align: center;\">31-34cm<\/p>\n<p style=\"text-align: center;\">12,2-13,4 polegadas<\/p>\n<\/td>\n<td style=\"text-align: center;\">Cerca de 10-12,5 kg<\/td>\n<\/tr>\n<tr>\n<td style=\"text-align: center;\">2XL<\/td>\n<td style=\"text-align: center;\">49-57cm<\/p>\n<p>19-22,5 polegadas<\/td>\n<td style=\"text-align: center;\">36-40cm<\/p>\n<p>14-16polegadas<\/td>\n<td style=\"text-align: center;\">\n<p style=\"text-align: center;\">35-38cm<\/p>\n<p style=\"text-align: center;\">14-15polegadas<\/p>\n<\/td>\n<td style=\"text-align: center;\">Cerca de 12,5-15 kg<\/td>\n<\/tr>\n<\/tbody>\n<\/table>\n<p>&nbsp;<\/p>\n<p>&nbsp;<\/p>\n<div style=\"max-width: 800px; margin: auto; padding: 20px;\">\n<p><!-- \u5de6\u56fe\u53f3\u6587 --><\/p>\n<div style=\"display: flex; align-items: center; gap: 20px; margin-bottom: 40px; flex-wrap: wrap;\">\n<p><img loading=\"lazy\" decoding=\"async\" class=\"alignnone wp-image-188\" src=\"https:\/\/gray-bee-883835.hostingersite.com\/wp-content\/uploads\/2025\/04\/Classic-Knit-Pet-Clothes-Winter-and-Spring-Cute-Pet-Sweater-5-300x300.jpg\" alt=\"knit dog sweater\" width=\"370\" height=\"370\" srcset=\"https:\/\/www.deopaws.com\/wp-content\/uploads\/2025\/04\/Classic-Knit-Pet-Clothes-Winter-and-Spring-Cute-Pet-Sweater-5-300x300.jpg 300w, https:\/\/www.deopaws.com\/wp-content\/uploads\/2025\/04\/Classic-Knit-Pet-Clothes-Winter-and-Spring-Cute-Pet-Sweater-5-100x100.jpg 100w, https:\/\/www.deopaws.com\/wp-content\/uploads\/2025\/04\/Classic-Knit-Pet-Clothes-Winter-and-Spring-Cute-Pet-Sweater-5-600x600.jpg 600w, https:\/\/www.deopaws.com\/wp-content\/uploads\/2025\/04\/Classic-Knit-Pet-Clothes-Winter-and-Spring-Cute-Pet-Sweater-5-150x150.jpg 150w, https:\/\/www.deopaws.com\/wp-content\/uploads\/2025\/04\/Classic-Knit-Pet-Clothes-Winter-and-Spring-Cute-Pet-Sweater-5.jpg 720w\" sizes=\"auto, (max-width: 370px) 100vw, 370px\" \/><\/p>\n<div style=\"flex: 1; min-width: 0;\">\n<p style=\"color: gray;\">Esta camisola de malha para c\u00e3es est\u00e1 dispon\u00edvel numa variedade de tamanhos, de XS a 2XL, e em cores personaliz\u00e1veis, o que a torna perfeita para c\u00e3es de todas as formas e tamanhos.<\/p>\n<\/div>\n<\/div>\n<p><!-- \u53f3\u56fe\u5de6\u6587 --><\/p>\n<div style=\"display: flex; flex-direction: row-reverse; align-items: center; gap: 20px; flex-wrap: wrap;\">\n<p><img loading=\"lazy\" decoding=\"async\" class=\"alignnone wp-image-189\" src=\"https:\/\/gray-bee-883835.hostingersite.com\/wp-content\/uploads\/2025\/04\/Classic-Knit-Pet-Clothes-Winter-and-Spring-Cute-Pet-Sweater-6-300x300.jpg\" alt=\"knit dog sweater\" width=\"370\" height=\"370\" srcset=\"https:\/\/www.deopaws.com\/wp-content\/uploads\/2025\/04\/Classic-Knit-Pet-Clothes-Winter-and-Spring-Cute-Pet-Sweater-6-300x300.jpg 300w, https:\/\/www.deopaws.com\/wp-content\/uploads\/2025\/04\/Classic-Knit-Pet-Clothes-Winter-and-Spring-Cute-Pet-Sweater-6-100x100.jpg 100w, https:\/\/www.deopaws.com\/wp-content\/uploads\/2025\/04\/Classic-Knit-Pet-Clothes-Winter-and-Spring-Cute-Pet-Sweater-6-600x600.jpg 600w, https:\/\/www.deopaws.com\/wp-content\/uploads\/2025\/04\/Classic-Knit-Pet-Clothes-Winter-and-Spring-Cute-Pet-Sweater-6-150x150.jpg 150w, https:\/\/www.deopaws.com\/wp-content\/uploads\/2025\/04\/Classic-Knit-Pet-Clothes-Winter-and-Spring-Cute-Pet-Sweater-6.jpg 720w\" sizes=\"auto, (max-width: 370px) 100vw, 370px\" \/><\/p>\n<div style=\"flex: 1; min-width: 0;\">\n<p style=\"color: gray;\">Esta camisola para c\u00e3es apresenta um padr\u00e3o geom\u00e9trico que pode ser personalizado de acordo com as suas necessidades espec\u00edficas, tornando-a um acess\u00f3rio \u00fanico para o seu animal de estima\u00e7\u00e3o.<\/p>\n<\/div>\n<\/div>\n<\/div>\n<div style=\"max-width: 800px; margin: auto; padding: 20px;\">\n<p><!-- \u5de6\u56fe\u53f3\u6587 --><\/p>\n<div style=\"display: flex; align-items: center; gap: 20px; margin-bottom: 40px; flex-wrap: wrap;\">\n<p><img loading=\"lazy\" decoding=\"async\" class=\"alignnone wp-image-190\" src=\"https:\/\/gray-bee-883835.hostingersite.com\/wp-content\/uploads\/2025\/04\/Classic-Knit-Pet-Clothes-Winter-and-Spring-Cute-Pet-Sweater-1-300x300.jpg\" alt=\"knit dog sweater\" width=\"370\" height=\"370\" srcset=\"https:\/\/www.deopaws.com\/wp-content\/uploads\/2025\/04\/Classic-Knit-Pet-Clothes-Winter-and-Spring-Cute-Pet-Sweater-1-300x300.jpg 300w, https:\/\/www.deopaws.com\/wp-content\/uploads\/2025\/04\/Classic-Knit-Pet-Clothes-Winter-and-Spring-Cute-Pet-Sweater-1-100x100.jpg 100w, https:\/\/www.deopaws.com\/wp-content\/uploads\/2025\/04\/Classic-Knit-Pet-Clothes-Winter-and-Spring-Cute-Pet-Sweater-1-600x600.jpg 600w, https:\/\/www.deopaws.com\/wp-content\/uploads\/2025\/04\/Classic-Knit-Pet-Clothes-Winter-and-Spring-Cute-Pet-Sweater-1-150x150.jpg 150w, https:\/\/www.deopaws.com\/wp-content\/uploads\/2025\/04\/Classic-Knit-Pet-Clothes-Winter-and-Spring-Cute-Pet-Sweater-1.jpg 720w\" sizes=\"auto, (max-width: 370px) 100vw, 370px\" \/><\/p>\n<div style=\"flex: 1; min-width: 0;\">\n<p style=\"color: gray;\">Adequada para todas as esta\u00e7\u00f5es, incluindo outono, primavera, ver\u00e3o e inverno, esta camisola para c\u00e3es \u00e9 um excelente acess\u00f3rio para qualquer feriado ou ocasi\u00e3o especial e satisfaz os requisitos dos nossos estimados clientes.<\/p>\n<\/div>\n<\/div>\n<p><!-- \u53f3\u56fe\u5de6\u6587 --><\/p>\n<div style=\"display: flex; flex-direction: row-reverse; align-items: center; gap: 20px; flex-wrap: wrap;\">\n<p><img loading=\"lazy\" decoding=\"async\" class=\"alignnone wp-image-164\" src=\"https:\/\/gray-bee-883835.hostingersite.com\/wp-content\/uploads\/2025\/04\/1213-300x240.jpg\" alt=\"\" width=\"370\" height=\"296\" srcset=\"https:\/\/www.deopaws.com\/wp-content\/uploads\/2025\/04\/1213-300x240.jpg 300w, https:\/\/www.deopaws.com\/wp-content\/uploads\/2025\/04\/1213-600x480.jpg 600w, https:\/\/www.deopaws.com\/wp-content\/uploads\/2025\/04\/1213.jpg 750w\" sizes=\"auto, (max-width: 370px) 100vw, 370px\" \/><\/p>\n<div style=\"flex: 1; min-width: 0;\">\n<p style=\"color: gray;\">Esta camisola para c\u00e3es n\u00e3o s\u00f3 \u00e9 \u00fanica como tamb\u00e9m \u00e9 totalmente personaliz\u00e1vel. Pode oferecer diferentes tamanhos, cores, padr\u00f5es ou bordados personalizados, tais como nomes ou desenhos especiais, com base nas prefer\u00eancias do seu cliente. Isto faz com que cada camisola seja \u00fanica, perfeitamente adaptada \u00e0s necessidades dos animais de estima\u00e7\u00e3o e dos seus donos, aumentando a atra\u00e7\u00e3o do produto e a sua competitividade no mercado.<\/p>\n<\/div>\n<\/div>\n<\/div>\n<div style=\"max-width: 800px; margin: auto; padding: 20px;\">\n<p><!-- \u5de6\u56fe\u53f3\u6587 --><\/p>\n<div style=\"display: flex; align-items: center; gap: 20px; margin-bottom: 40px; flex-wrap: wrap;\">\n<p><img loading=\"lazy\" decoding=\"async\" class=\"alignnone wp-image-159\" src=\"https:\/\/gray-bee-883835.hostingersite.com\/wp-content\/uploads\/2025\/04\/111-300x240.jpg\" alt=\"\" width=\"370\" height=\"296\" srcset=\"https:\/\/www.deopaws.com\/wp-content\/uploads\/2025\/04\/111-300x240.jpg 300w, https:\/\/www.deopaws.com\/wp-content\/uploads\/2025\/04\/111-600x480.jpg 600w, https:\/\/www.deopaws.com\/wp-content\/uploads\/2025\/04\/111.jpg 750w\" sizes=\"auto, (max-width: 370px) 100vw, 370px\" \/><\/p>\n<div style=\"flex: 1; min-width: 0;\">\n<p style=\"color: gray;\">Esta camisola para c\u00e3es est\u00e1 dispon\u00edvel numa vasta gama de cores para se adaptar \u00e0s diferentes personalidades dos animais. Quer se trate de vermelhos quentes, azuis vibrantes, rosas suaves ou pretos e brancos cl\u00e1ssicos, pode escolher com base nas prefer\u00eancias do seu animal de estima\u00e7\u00e3o ou do cliente. Cada cor \u00e9 cuidadosamente concebida para garantir que tem estilo e \u00e9 adequada para v\u00e1rias ocasi\u00f5es, proporcionando conforto e charme a cada c\u00e3ozinho.<\/p>\n<\/div>\n<\/div>\n<p><!-- \u53f3\u56fe\u5de6\u6587 --><\/p>\n<div style=\"display: flex; flex-direction: row-reverse; align-items: center; gap: 20px; flex-wrap: wrap;\">\n<p><img loading=\"lazy\" decoding=\"async\" class=\"alignnone wp-image-160\" src=\"https:\/\/gray-bee-883835.hostingersite.com\/wp-content\/uploads\/2025\/04\/112-300x240.jpg\" alt=\"\" width=\"370\" height=\"296\" srcset=\"https:\/\/www.deopaws.com\/wp-content\/uploads\/2025\/04\/112-300x240.jpg 300w, https:\/\/www.deopaws.com\/wp-content\/uploads\/2025\/04\/112-600x480.jpg 600w, https:\/\/www.deopaws.com\/wp-content\/uploads\/2025\/04\/112.jpg 750w\" sizes=\"auto, (max-width: 370px) 100vw, 370px\" \/><\/p>\n<div style=\"flex: 1; min-width: 0;\">\n<p style=\"color: gray;\">Totalmente personaliz\u00e1vel<\/p>\n<\/div>\n<\/div>\n<\/div>\n<div style=\"max-width: 800px; margin: auto; padding: 20px;\">\n<p><!-- \u5de6\u56fe\u53f3\u6587 --><\/p>\n<div style=\"display: flex; align-items: center; gap: 20px; margin-bottom: 40px; flex-wrap: wrap;\">\n<p><img loading=\"lazy\" decoding=\"async\" class=\"alignnone wp-image-161\" src=\"https:\/\/gray-bee-883835.hostingersite.com\/wp-content\/uploads\/2025\/04\/113-300x240.jpg\" alt=\"\" width=\"370\" height=\"296\" srcset=\"https:\/\/www.deopaws.com\/wp-content\/uploads\/2025\/04\/113-300x240.jpg 300w, https:\/\/www.deopaws.com\/wp-content\/uploads\/2025\/04\/113-600x480.jpg 600w, https:\/\/www.deopaws.com\/wp-content\/uploads\/2025\/04\/113.jpg 750w\" sizes=\"auto, (max-width: 370px) 100vw, 370px\" \/><\/p>\n<div style=\"flex: 1; min-width: 0;\">\n<p style=\"color: gray;\">A camisola \u00e9 feita de material acr\u00edlico macio e quente para garantir que o seu animal de estima\u00e7\u00e3o se mant\u00e9m confort\u00e1vel e quente durante todo o ano.<\/p>\n<\/div>\n<\/div>\n<p><!-- \u53f3\u56fe\u5de6\u6587 --><\/p>\n<div style=\"display: flex; flex-direction: row-reverse; align-items: center; gap: 20px; flex-wrap: wrap;\">\n<p><img loading=\"lazy\" decoding=\"async\" class=\"alignnone wp-image-157\" src=\"https:\/\/gray-bee-883835.hostingersite.com\/wp-content\/uploads\/2025\/04\/11212-300x240.jpg\" alt=\"\" width=\"370\" height=\"296\" srcset=\"https:\/\/www.deopaws.com\/wp-content\/uploads\/2025\/04\/11212-300x240.jpg 300w, https:\/\/www.deopaws.com\/wp-content\/uploads\/2025\/04\/11212-600x480.jpg 600w, https:\/\/www.deopaws.com\/wp-content\/uploads\/2025\/04\/11212.jpg 750w\" sizes=\"auto, (max-width: 370px) 100vw, 370px\" \/><\/p>\n<div style=\"flex: 1; min-width: 0;\">\n<p style=\"color: gray;\">Pode acrescentar o seu pr\u00f3prio log\u00f3tipo \u00e0 camisola para a tornar um excelente produto promocional para a sua empresa. A camisola tamb\u00e9m \u00e9 fornecida com um pr\u00e1tico saco OPP para f\u00e1cil armazenamento e transporte.<\/p>\n<\/div>\n<\/div>\n<\/div>\n<h3>Ecr\u00e3 de f\u00e1brica<\/h3>\n<p>&nbsp;<\/p>\n<div class=\"row\">\n<div class=\"col-lg-4\"><img loading=\"lazy\" decoding=\"async\" class=\"alignnone size-medium wp-image-142\" src=\"https:\/\/gray-bee-883835.hostingersite.com\/wp-content\/uploads\/2025\/04\/Small-pet-raincoat-3_-300x225.jpg\" alt=\"\" width=\"300\" height=\"225\" srcset=\"https:\/\/www.deopaws.com\/wp-content\/uploads\/2025\/04\/Small-pet-raincoat-3_-300x225.jpg 300w, https:\/\/www.deopaws.com\/wp-content\/uploads\/2025\/04\/Small-pet-raincoat-3_-600x450.jpg 600w, https:\/\/www.deopaws.com\/wp-content\/uploads\/2025\/04\/Small-pet-raincoat-3_-768x576.jpg 768w, https:\/\/www.deopaws.com\/wp-content\/uploads\/2025\/04\/Small-pet-raincoat-3_.jpg 800w\" sizes=\"auto, (max-width: 300px) 100vw, 300px\" \/><\/div>\n<div class=\"col-lg-4\"><img loading=\"lazy\" decoding=\"async\" class=\"alignnone size-medium wp-image-138\" src=\"https:\/\/gray-bee-883835.hostingersite.com\/wp-content\/uploads\/2025\/04\/Small-pet-raincoat-2-2-300x225.jpg\" alt=\"\" width=\"300\" height=\"225\" srcset=\"https:\/\/www.deopaws.com\/wp-content\/uploads\/2025\/04\/Small-pet-raincoat-2-2-300x225.jpg 300w, https:\/\/www.deopaws.com\/wp-content\/uploads\/2025\/04\/Small-pet-raincoat-2-2-600x450.jpg 600w, https:\/\/www.deopaws.com\/wp-content\/uploads\/2025\/04\/Small-pet-raincoat-2-2-768x576.jpg 768w, https:\/\/www.deopaws.com\/wp-content\/uploads\/2025\/04\/Small-pet-raincoat-2-2.jpg 800w\" sizes=\"auto, (max-width: 300px) 100vw, 300px\" \/><\/div>\n<div class=\"col-lg-4\"><img loading=\"lazy\" decoding=\"async\" class=\"alignnone size-medium wp-image-139\" src=\"https:\/\/gray-bee-883835.hostingersite.com\/wp-content\/uploads\/2025\/04\/Small-pet-raincoat-3-2-300x225.jpg\" alt=\"\" width=\"300\" height=\"225\" srcset=\"https:\/\/www.deopaws.com\/wp-content\/uploads\/2025\/04\/Small-pet-raincoat-3-2-300x225.jpg 300w, https:\/\/www.deopaws.com\/wp-content\/uploads\/2025\/04\/Small-pet-raincoat-3-2-600x450.jpg 600w, https:\/\/www.deopaws.com\/wp-content\/uploads\/2025\/04\/Small-pet-raincoat-3-2-768x576.jpg 768w, https:\/\/www.deopaws.com\/wp-content\/uploads\/2025\/04\/Small-pet-raincoat-3-2.jpg 800w\" sizes=\"auto, (max-width: 300px) 100vw, 300px\" \/><\/div>\n<p>&nbsp;<\/p>\n<div>\n<div class=\"row\">\n<div class=\"col-lg-4\"><img loading=\"lazy\" decoding=\"async\" class=\"alignnone size-medium wp-image-141\" src=\"https:\/\/gray-bee-883835.hostingersite.com\/wp-content\/uploads\/2025\/04\/Small-pet-raincoat-2_-300x225.jpg\" alt=\"\" width=\"300\" height=\"225\" srcset=\"https:\/\/www.deopaws.com\/wp-content\/uploads\/2025\/04\/Small-pet-raincoat-2_-300x225.jpg 300w, https:\/\/www.deopaws.com\/wp-content\/uploads\/2025\/04\/Small-pet-raincoat-2_-600x450.jpg 600w, https:\/\/www.deopaws.com\/wp-content\/uploads\/2025\/04\/Small-pet-raincoat-2_-768x576.jpg 768w, https:\/\/www.deopaws.com\/wp-content\/uploads\/2025\/04\/Small-pet-raincoat-2_.jpg 800w\" sizes=\"auto, (max-width: 300px) 100vw, 300px\" \/><\/div>\n<div class=\"col-lg-4\"><img loading=\"lazy\" decoding=\"async\" class=\"alignnone size-full wp-image-1656\" src=\"https:\/\/www.deopaws.com\/wp-content\/uploads\/2025\/05\/fact-1_\u526f\u672c.jpg\" alt=\"\" width=\"300\" height=\"225\" \/><\/div>\n<div class=\"col-lg-4\"><img loading=\"lazy\" decoding=\"async\" class=\"alignnone size-medium wp-image-137\" src=\"https:\/\/gray-bee-883835.hostingersite.com\/wp-content\/uploads\/2025\/04\/Small-pet-raincoat-1-2-300x225.jpg\" alt=\"\" width=\"300\" height=\"225\" srcset=\"https:\/\/www.deopaws.com\/wp-content\/uploads\/2025\/04\/Small-pet-raincoat-1-2-300x225.jpg 300w, https:\/\/www.deopaws.com\/wp-content\/uploads\/2025\/04\/Small-pet-raincoat-1-2-600x450.jpg 600w, https:\/\/www.deopaws.com\/wp-content\/uploads\/2025\/04\/Small-pet-raincoat-1-2-768x576.jpg 768w, https:\/\/www.deopaws.com\/wp-content\/uploads\/2025\/04\/Small-pet-raincoat-1-2.jpg 800w\" sizes=\"auto, (max-width: 300px) 100vw, 300px\" \/><\/div>\n<div><\/div>\n<\/div>\n<\/div>\n<\/div>","protected":false},"excerpt":{"rendered":"<p>Esta camisola de malha macia e ecol\u00f3gica para c\u00e3es \u00e9 perfeita para usar durante todo o ano. Totalmente personaliz\u00e1vel com o seu log\u00f3tipo, escolha de cores e tamanhos - ideal tanto para uso pessoal como para promo\u00e7\u00e3o comercial. MOQ come\u00e7a em apenas 500 pe\u00e7as.<\/p>","protected":false},"featured_media":190,"comment_status":"open","ping_status":"closed","template":"","meta":{"_acf_changed":false},"product_brand":[],"product_cat":[15,17,39,16,25],"product_tag":[],"class_list":{"0":"post-184","1":"product","2":"type-product","3":"status-publish","4":"has-post-thumbnail","6":"product_cat-products","7":"product_cat-cat-supplies","8":"product_cat-cat-apparel-accessories","9":"product_cat-dog-supplies","10":"product_cat-dog-apparel-accessories","12":"first","13":"instock","14":"shipping-taxable","15":"product-type-simple"},"acf":[],"_links":{"self":[{"href":"https:\/\/www.deopaws.com\/pt\/wp-json\/wp\/v2\/product\/184","targetHints":{"allow":["GET"]}}],"collection":[{"href":"https:\/\/www.deopaws.com\/pt\/wp-json\/wp\/v2\/product"}],"about":[{"href":"https:\/\/www.deopaws.com\/pt\/wp-json\/wp\/v2\/types\/product"}],"replies":[{"embeddable":true,"href":"https:\/\/www.deopaws.com\/pt\/wp-json\/wp\/v2\/comments?post=184"}],"wp:featuredmedia":[{"embeddable":true,"href":"https:\/\/www.deopaws.com\/pt\/wp-json\/wp\/v2\/media\/190"}],"wp:attachment":[{"href":"https:\/\/www.deopaws.com\/pt\/wp-json\/wp\/v2\/media?parent=184"}],"wp:term":[{"taxonomy":"product_brand","embeddable":true,"href":"https:\/\/www.deopaws.com\/pt\/wp-json\/wp\/v2\/product_brand?post=184"},{"taxonomy":"product_cat","embeddable":true,"href":"https:\/\/www.deopaws.com\/pt\/wp-json\/wp\/v2\/product_cat?post=184"},{"taxonomy":"product_tag","embeddable":true,"href":"https:\/\/www.deopaws.com\/pt\/wp-json\/wp\/v2\/product_tag?post=184"}],"curies":[{"name":"wp","href":"https:\/\/api.w.org\/{rel}","templated":true}]}}