{"id":1622,"date":"2025-05-15T13:23:34","date_gmt":"2025-05-15T05:23:34","guid":{"rendered":"https:\/\/www.deopaws.com\/?post_type=product&#038;p=1622"},"modified":"2025-07-18T09:39:11","modified_gmt":"2025-07-18T01:39:11","slug":"automatic-pet-water-fountain","status":"publish","type":"product","link":"https:\/\/www.deopaws.com\/pt\/automatic-pet-water-fountain\/","title":{"rendered":"Fonte de \u00e1gua para animais de estima\u00e7\u00e3o autom\u00e1tica de 2,8 L com filtro"},"content":{"rendered":"<h2>Fonte de \u00e1gua autom\u00e1tica para animais de estima\u00e7\u00e3o\uff1a<\/h2>\n<p>&nbsp;<\/p>\n<p class=\"\" data-start=\"77\" data-end=\"192\">Hidrata\u00e7\u00e3o autom\u00e1tica: Garante que os animais de estima\u00e7\u00e3o t\u00eam sempre acesso a \u00e1gua fresca e filtrada com uma capacidade de 2,8L.<\/p>\n<p class=\"\" data-start=\"77\" data-end=\"192\"><br data-start=\"101\" data-end=\"104\" \/>Multi-Pet Friendly: Adequado para gatos, c\u00e3es e pequenos animais em v\u00e1rios ambientes.<\/p>\n<p class=\"\" data-start=\"77\" data-end=\"192\"><br data-start=\"193\" data-end=\"196\" \/>Dur\u00e1vel e amigo do ambiente: Feito de pl\u00e1stico de alta qualidade e ecol\u00f3gico para uma utiliza\u00e7\u00e3o duradoura.<\/p>\n<p class=\"\" data-start=\"77\" data-end=\"192\"><br data-start=\"286\" data-end=\"289\" \/>Manuten\u00e7\u00e3o f\u00e1cil: Simples de montar, desmontar e limpar para conveni\u00eancia di\u00e1ria.<\/p>\n<p class=\"\" data-start=\"77\" data-end=\"192\"><br data-start=\"374\" data-end=\"377\" \/>Personaliz\u00e1vel: Suporta OEM\/ODM com op\u00e7\u00f5es para log\u00f3tipos e marcas personalizados.<\/p>\n<p class=\"\" data-start=\"77\" data-end=\"192\"><br data-start=\"453\" data-end=\"456\" \/>Design compacto: Forma quadrada eficiente em termos de espa\u00e7o, ideal para utiliza\u00e7\u00e3o em casa ou em viagem.<\/p>\n<p>&nbsp;<\/p>\n<p>&nbsp;<\/p>\n<div style=\"max-width: 800px; margin: auto; padding: 20px;\">\n<p><!-- \u5de6\u56fe\u53f3\u6587 --><\/p>\n<div style=\"display: flex; align-items: center; gap: 20px; margin-bottom: 40px; flex-wrap: wrap;\">\n<p><img loading=\"lazy\" decoding=\"async\" class=\"alignnone wp-image-1631\" src=\"https:\/\/www.deopaws.com\/wp-content\/uploads\/2025\/05\/2.8L-Automatic-Pet-Water-Fountain-with-Filter-8-300x240.jpg\" alt=\"automatic pet water fountain\" width=\"370\" height=\"296\" srcset=\"https:\/\/www.deopaws.com\/wp-content\/uploads\/2025\/05\/2.8L-Automatic-Pet-Water-Fountain-with-Filter-8-300x240.jpg 300w, https:\/\/www.deopaws.com\/wp-content\/uploads\/2025\/05\/2.8L-Automatic-Pet-Water-Fountain-with-Filter-8-600x480.jpg 600w, https:\/\/www.deopaws.com\/wp-content\/uploads\/2025\/05\/2.8L-Automatic-Pet-Water-Fountain-with-Filter-8.jpg 750w\" sizes=\"auto, (max-width: 370px) 100vw, 370px\" \/><\/p>\n<div style=\"flex: 1; min-width: 0;\">\n<p style=\"color: gray;\">Sistema de recircula\u00e7\u00e3o de \u00e1gua auto-limpante com bomba de \u00e1gua vertical e filtragem de 5 camadas melhorada para remover metais pesados, sujidade e outras subst\u00e2ncias nocivas.<\/p>\n<\/div>\n<\/div>\n<p><!-- \u53f3\u56fe\u5de6\u6587 --><\/p>\n<div style=\"display: flex; flex-direction: row-reverse; align-items: center; gap: 20px; flex-wrap: wrap;\">\n<p><img loading=\"lazy\" decoding=\"async\" class=\"alignnone wp-image-1623\" src=\"https:\/\/www.deopaws.com\/wp-content\/uploads\/2025\/05\/2.8L-Automatic-Pet-Water-Fountain-with-Filter-1-300x240.jpg\" alt=\"automatic pet water fountain\" width=\"370\" height=\"296\" srcset=\"https:\/\/www.deopaws.com\/wp-content\/uploads\/2025\/05\/2.8L-Automatic-Pet-Water-Fountain-with-Filter-1-300x240.jpg 300w, https:\/\/www.deopaws.com\/wp-content\/uploads\/2025\/05\/2.8L-Automatic-Pet-Water-Fountain-with-Filter-1-600x480.jpg 600w, https:\/\/www.deopaws.com\/wp-content\/uploads\/2025\/05\/2.8L-Automatic-Pet-Water-Fountain-with-Filter-1.jpg 750w\" sizes=\"auto, (max-width: 370px) 100vw, 370px\" \/><\/p>\n<div style=\"flex: 1; min-width: 0;\">\n<p style=\"color: gray;\">O sistema de filtragem de 5 n\u00edveis com resina de permuta i\u00f3nica, carv\u00e3o ativado de casca de coco e algod\u00e3o filtrante de alta densidade purifica eficazmente a \u00e1gua, removendo sujidade, part\u00edculas de alimentos, sedimentos, ferrugem, cloro residual, i\u00f5es de metais pesados e outras subst\u00e2ncias nocivas.<\/p>\n<\/div>\n<\/div>\n<\/div>\n<div style=\"max-width: 800px; margin: auto; padding: 20px;\">\n<p><!-- \u5de6\u56fe\u53f3\u6587 --><\/p>\n<div style=\"display: flex; align-items: center; gap: 20px; margin-bottom: 40px; flex-wrap: wrap;\">\n<p><img loading=\"lazy\" decoding=\"async\" class=\"alignnone wp-image-1629\" src=\"https:\/\/www.deopaws.com\/wp-content\/uploads\/2025\/05\/2.8L-Automatic-Pet-Water-Fountain-with-Filter-6-300x240.jpg\" alt=\"automatic pet water fountain\" width=\"370\" height=\"296\" srcset=\"https:\/\/www.deopaws.com\/wp-content\/uploads\/2025\/05\/2.8L-Automatic-Pet-Water-Fountain-with-Filter-6-300x240.jpg 300w, https:\/\/www.deopaws.com\/wp-content\/uploads\/2025\/05\/2.8L-Automatic-Pet-Water-Fountain-with-Filter-6-600x480.jpg 600w, https:\/\/www.deopaws.com\/wp-content\/uploads\/2025\/05\/2.8L-Automatic-Pet-Water-Fountain-with-Filter-6.jpg 750w\" sizes=\"auto, (max-width: 370px) 100vw, 370px\" \/><\/p>\n<div style=\"flex: 1; min-width: 0;\">\n<p style=\"color: gray;\">A \u00e1gua corrente atrai a aten\u00e7\u00e3o do seu animal de estima\u00e7\u00e3o, tornando-o mais divertido e encorajando-o a beber mais.<\/p>\n<\/div>\n<\/div>\n<p><!-- \u53f3\u56fe\u5de6\u6587 --><\/p>\n<div style=\"display: flex; flex-direction: row-reverse; align-items: center; gap: 20px; flex-wrap: wrap;\">\n<p><img loading=\"lazy\" decoding=\"async\" class=\"alignnone wp-image-1630\" src=\"https:\/\/www.deopaws.com\/wp-content\/uploads\/2025\/05\/2.8L-Automatic-Pet-Water-Fountain-with-Filter-7-300x240.jpg\" alt=\"automatic pet water fountain\" width=\"370\" height=\"296\" srcset=\"https:\/\/www.deopaws.com\/wp-content\/uploads\/2025\/05\/2.8L-Automatic-Pet-Water-Fountain-with-Filter-7-300x240.jpg 300w, https:\/\/www.deopaws.com\/wp-content\/uploads\/2025\/05\/2.8L-Automatic-Pet-Water-Fountain-with-Filter-7-600x480.jpg 600w, https:\/\/www.deopaws.com\/wp-content\/uploads\/2025\/05\/2.8L-Automatic-Pet-Water-Fountain-with-Filter-7.jpg 750w\" sizes=\"auto, (max-width: 370px) 100vw, 370px\" \/><\/p>\n<div style=\"flex: 1; min-width: 0;\">\n<p style=\"color: gray;\">A capacidade de 2,8 L \u00e9 adequada para casas com v\u00e1rios animais de estima\u00e7\u00e3o, garantindo que os gatos podem beber \u00e1gua fresca em qualquer altura.<\/p>\n<\/div>\n<\/div>\n<\/div>\n<div style=\"max-width: 800px; margin: auto; padding: 20px;\">\n<p><!-- \u5de6\u56fe\u53f3\u6587 --><\/p>\n<div style=\"display: flex; align-items: center; gap: 20px; margin-bottom: 40px; flex-wrap: wrap;\">\n<p><img loading=\"lazy\" decoding=\"async\" class=\"alignnone wp-image-1628\" src=\"https:\/\/www.deopaws.com\/wp-content\/uploads\/2025\/05\/2.8L-Automatic-Pet-Water-Fountain-with-Filter-5-300x240.jpg\" alt=\"automatic pet water fountain\" width=\"370\" height=\"296\" srcset=\"https:\/\/www.deopaws.com\/wp-content\/uploads\/2025\/05\/2.8L-Automatic-Pet-Water-Fountain-with-Filter-5-300x240.jpg 300w, https:\/\/www.deopaws.com\/wp-content\/uploads\/2025\/05\/2.8L-Automatic-Pet-Water-Fountain-with-Filter-5-600x480.jpg 600w, https:\/\/www.deopaws.com\/wp-content\/uploads\/2025\/05\/2.8L-Automatic-Pet-Water-Fountain-with-Filter-5.jpg 750w\" sizes=\"auto, (max-width: 370px) 100vw, 370px\" \/><\/p>\n<div style=\"flex: 1; min-width: 0;\">\n<p style=\"color: gray;\">Sono seguro, tranquilo e confort\u00e1vel<\/p>\n<\/div>\n<\/div>\n<\/div>\n<h3>Ecr\u00e3 de f\u00e1brica<\/h3>\n<p>&nbsp;<\/p>\n<div class=\"row\">\n<div class=\"col-lg-4\"><img loading=\"lazy\" decoding=\"async\" class=\"alignnone size-medium wp-image-142\" src=\"https:\/\/gray-bee-883835.hostingersite.com\/wp-content\/uploads\/2025\/04\/Small-pet-raincoat-3_-300x225.jpg\" alt=\"\" width=\"300\" height=\"225\" srcset=\"https:\/\/www.deopaws.com\/wp-content\/uploads\/2025\/04\/Small-pet-raincoat-3_-300x225.jpg 300w, https:\/\/www.deopaws.com\/wp-content\/uploads\/2025\/04\/Small-pet-raincoat-3_-600x450.jpg 600w, https:\/\/www.deopaws.com\/wp-content\/uploads\/2025\/04\/Small-pet-raincoat-3_-768x576.jpg 768w, https:\/\/www.deopaws.com\/wp-content\/uploads\/2025\/04\/Small-pet-raincoat-3_.jpg 800w\" sizes=\"auto, (max-width: 300px) 100vw, 300px\" \/><\/div>\n<div class=\"col-lg-4\"><img loading=\"lazy\" decoding=\"async\" class=\"alignnone size-medium wp-image-138\" src=\"https:\/\/gray-bee-883835.hostingersite.com\/wp-content\/uploads\/2025\/04\/Small-pet-raincoat-2-2-300x225.jpg\" alt=\"\" width=\"300\" height=\"225\" srcset=\"https:\/\/www.deopaws.com\/wp-content\/uploads\/2025\/04\/Small-pet-raincoat-2-2-300x225.jpg 300w, https:\/\/www.deopaws.com\/wp-content\/uploads\/2025\/04\/Small-pet-raincoat-2-2-600x450.jpg 600w, https:\/\/www.deopaws.com\/wp-content\/uploads\/2025\/04\/Small-pet-raincoat-2-2-768x576.jpg 768w, https:\/\/www.deopaws.com\/wp-content\/uploads\/2025\/04\/Small-pet-raincoat-2-2.jpg 800w\" sizes=\"auto, (max-width: 300px) 100vw, 300px\" \/><\/div>\n<div class=\"col-lg-4\"><img loading=\"lazy\" decoding=\"async\" class=\"alignnone size-medium wp-image-139\" src=\"https:\/\/gray-bee-883835.hostingersite.com\/wp-content\/uploads\/2025\/04\/Small-pet-raincoat-3-2-300x225.jpg\" alt=\"\" width=\"300\" height=\"225\" srcset=\"https:\/\/www.deopaws.com\/wp-content\/uploads\/2025\/04\/Small-pet-raincoat-3-2-300x225.jpg 300w, https:\/\/www.deopaws.com\/wp-content\/uploads\/2025\/04\/Small-pet-raincoat-3-2-600x450.jpg 600w, https:\/\/www.deopaws.com\/wp-content\/uploads\/2025\/04\/Small-pet-raincoat-3-2-768x576.jpg 768w, https:\/\/www.deopaws.com\/wp-content\/uploads\/2025\/04\/Small-pet-raincoat-3-2.jpg 800w\" sizes=\"auto, (max-width: 300px) 100vw, 300px\" \/><\/div>\n<p>&nbsp;<\/p>\n<div>\n<div class=\"row\">\n<div class=\"col-lg-4\"><img loading=\"lazy\" decoding=\"async\" class=\"alignnone size-medium wp-image-141\" src=\"https:\/\/gray-bee-883835.hostingersite.com\/wp-content\/uploads\/2025\/04\/Small-pet-raincoat-2_-300x225.jpg\" alt=\"\" width=\"300\" height=\"225\" srcset=\"https:\/\/www.deopaws.com\/wp-content\/uploads\/2025\/04\/Small-pet-raincoat-2_-300x225.jpg 300w, https:\/\/www.deopaws.com\/wp-content\/uploads\/2025\/04\/Small-pet-raincoat-2_-600x450.jpg 600w, https:\/\/www.deopaws.com\/wp-content\/uploads\/2025\/04\/Small-pet-raincoat-2_-768x576.jpg 768w, https:\/\/www.deopaws.com\/wp-content\/uploads\/2025\/04\/Small-pet-raincoat-2_.jpg 800w\" sizes=\"auto, (max-width: 300px) 100vw, 300px\" \/><\/div>\n<div class=\"col-lg-4\"><img loading=\"lazy\" decoding=\"async\" class=\"alignnone size-full wp-image-1656\" src=\"https:\/\/www.deopaws.com\/wp-content\/uploads\/2025\/05\/fact-1_\u526f\u672c.jpg\" alt=\"\" width=\"300\" height=\"225\" \/><\/div>\n<div class=\"col-lg-4\"><img loading=\"lazy\" decoding=\"async\" class=\"alignnone size-medium wp-image-137\" src=\"https:\/\/gray-bee-883835.hostingersite.com\/wp-content\/uploads\/2025\/04\/Small-pet-raincoat-1-2-300x225.jpg\" alt=\"\" width=\"300\" height=\"225\" srcset=\"https:\/\/www.deopaws.com\/wp-content\/uploads\/2025\/04\/Small-pet-raincoat-1-2-300x225.jpg 300w, https:\/\/www.deopaws.com\/wp-content\/uploads\/2025\/04\/Small-pet-raincoat-1-2-600x450.jpg 600w, https:\/\/www.deopaws.com\/wp-content\/uploads\/2025\/04\/Small-pet-raincoat-1-2-768x576.jpg 768w, https:\/\/www.deopaws.com\/wp-content\/uploads\/2025\/04\/Small-pet-raincoat-1-2.jpg 800w\" sizes=\"auto, (max-width: 300px) 100vw, 300px\" \/><\/div>\n<div><\/div>\n<\/div>\n<\/div>\n<\/div>","protected":false},"excerpt":{"rendered":"<p>O bebedouro autom\u00e1tico para animais de estima\u00e7\u00e3o de 2,8 L com filtro garante \u00e1gua fresca e limpa para gatos, c\u00e3es e pequenos animais. Amigo do ambiente, f\u00e1cil de limpar e compat\u00edvel com OEM\/ODM.<\/p>","protected":false},"featured_media":1624,"comment_status":"open","ping_status":"closed","template":"","meta":{"_acf_changed":false},"product_brand":[],"product_cat":[15],"product_tag":[],"class_list":{"0":"post-1622","1":"product","2":"type-product","3":"status-publish","4":"has-post-thumbnail","6":"product_cat-products","8":"first","9":"instock","10":"shipping-taxable","11":"product-type-simple"},"acf":[],"_links":{"self":[{"href":"https:\/\/www.deopaws.com\/pt\/wp-json\/wp\/v2\/product\/1622","targetHints":{"allow":["GET"]}}],"collection":[{"href":"https:\/\/www.deopaws.com\/pt\/wp-json\/wp\/v2\/product"}],"about":[{"href":"https:\/\/www.deopaws.com\/pt\/wp-json\/wp\/v2\/types\/product"}],"replies":[{"embeddable":true,"href":"https:\/\/www.deopaws.com\/pt\/wp-json\/wp\/v2\/comments?post=1622"}],"wp:featuredmedia":[{"embeddable":true,"href":"https:\/\/www.deopaws.com\/pt\/wp-json\/wp\/v2\/media\/1624"}],"wp:attachment":[{"href":"https:\/\/www.deopaws.com\/pt\/wp-json\/wp\/v2\/media?parent=1622"}],"wp:term":[{"taxonomy":"product_brand","embeddable":true,"href":"https:\/\/www.deopaws.com\/pt\/wp-json\/wp\/v2\/product_brand?post=1622"},{"taxonomy":"product_cat","embeddable":true,"href":"https:\/\/www.deopaws.com\/pt\/wp-json\/wp\/v2\/product_cat?post=1622"},{"taxonomy":"product_tag","embeddable":true,"href":"https:\/\/www.deopaws.com\/pt\/wp-json\/wp\/v2\/product_tag?post=1622"}],"curies":[{"name":"wp","href":"https:\/\/api.w.org\/{rel}","templated":true}]}}