{"id":1604,"date":"2025-05-15T11:18:18","date_gmt":"2025-05-15T03:18:18","guid":{"rendered":"https:\/\/www.deopaws.com\/?post_type=product&#038;p=1604"},"modified":"2025-07-18T09:58:39","modified_gmt":"2025-07-18T01:58:39","slug":"smart-pet-feeder-with-camera","status":"publish","type":"product","link":"https:\/\/www.deopaws.com\/pt\/smart-pet-feeder-with-camera\/","title":{"rendered":"Alimentador inteligente para animais de estima\u00e7\u00e3o 4L com c\u00e2mara e controlo por aplica\u00e7\u00e3o WiFi"},"content":{"rendered":"<h2 data-start=\"0\" data-end=\"93\">Alimentador inteligente para animais de estima\u00e7\u00e3o com c\u00e2mara\uff1a<\/h2>\n<p>&nbsp;<\/p>\n<p class=\"\" data-start=\"0\" data-end=\"93\">O design autom\u00e1tico e amigo do ambiente garante uma alimenta\u00e7\u00e3o c\u00f3moda e sustent\u00e1vel para os seus animais de estima\u00e7\u00e3o.<\/p>\n<p class=\"\" data-start=\"95\" data-end=\"179\">Adequado para gatos, c\u00e3es e pequenos animais, ideal para utiliza\u00e7\u00e3o no interior e exterior.<\/p>\n<p class=\"\" data-start=\"181\" data-end=\"297\">Constru\u00e7\u00e3o dur\u00e1vel com pl\u00e1stico de qualidade alimentar, a\u00e7o inoxid\u00e1vel, ABS e materiais PP para um desempenho duradouro.<\/p>\n<p class=\"\" data-start=\"299\" data-end=\"402\">Equipado com uma c\u00e2mara de vis\u00e3o nocturna 480P para monitoriza\u00e7\u00e3o em tempo real atrav\u00e9s da aplica\u00e7\u00e3o em dispositivos Android e iOS.<\/p>\n<p class=\"\" data-start=\"404\" data-end=\"490\">F\u00e1cil de limpar e manter, com um design compacto e port\u00e1til para uma coloca\u00e7\u00e3o vers\u00e1til.<\/p>\n<p class=\"\" data-start=\"492\" data-end=\"589\">Suporta hor\u00e1rios de alimenta\u00e7\u00e3o, grava\u00e7\u00e3o de voz e fun\u00e7\u00f5es de temporizador para manter os seus animais de estima\u00e7\u00e3o alimentados a tempo.<\/p>\n<p>&nbsp;<\/p>\n<p>&nbsp;<\/p>\n<div style=\"max-width: 800px; margin: auto; padding: 20px;\">\n<p><!-- \u5de6\u56fe\u53f3\u6587 --><\/p>\n<div style=\"display: flex; align-items: center; gap: 20px; margin-bottom: 40px; flex-wrap: wrap;\">\n<p><img loading=\"lazy\" decoding=\"async\" class=\"alignnone wp-image-1612\" src=\"https:\/\/www.deopaws.com\/wp-content\/uploads\/2025\/05\/WiFi-Video-Smart-Pet-Feeder-4L-with-App-Control-and-Camera1-2-300x240.jpg\" alt=\"smart pet feeder with camera\" width=\"370\" height=\"296\" srcset=\"https:\/\/www.deopaws.com\/wp-content\/uploads\/2025\/05\/WiFi-Video-Smart-Pet-Feeder-4L-with-App-Control-and-Camera1-2-300x240.jpg 300w, https:\/\/www.deopaws.com\/wp-content\/uploads\/2025\/05\/WiFi-Video-Smart-Pet-Feeder-4L-with-App-Control-and-Camera1-2-600x480.jpg 600w, https:\/\/www.deopaws.com\/wp-content\/uploads\/2025\/05\/WiFi-Video-Smart-Pet-Feeder-4L-with-App-Control-and-Camera1-2.jpg 750w\" sizes=\"auto, (max-width: 370px) 100vw, 370px\" \/><\/p>\n<div style=\"flex: 1; min-width: 0;\">\n<p style=\"color: gray;\">O controlo por aplica\u00e7\u00e3o inteligente com alimenta\u00e7\u00e3o programada permite-lhe alimentar cientificamente os seus animais de estima\u00e7\u00e3o atrav\u00e9s do telefone.<\/p>\n<\/div>\n<\/div>\n<p><!-- \u53f3\u56fe\u5de6\u6587 --><\/p>\n<div style=\"display: flex; flex-direction: row-reverse; align-items: center; gap: 20px; flex-wrap: wrap;\">\n<p><img loading=\"lazy\" decoding=\"async\" class=\"alignnone wp-image-1613\" src=\"https:\/\/www.deopaws.com\/wp-content\/uploads\/2025\/05\/WiFi-Video-Smart-Pet-Feeder-4L-with-App-Control-and-Camera1-3-300x240.jpg\" alt=\"smart pet feeder with camera\" width=\"370\" height=\"296\" srcset=\"https:\/\/www.deopaws.com\/wp-content\/uploads\/2025\/05\/WiFi-Video-Smart-Pet-Feeder-4L-with-App-Control-and-Camera1-3-300x240.jpg 300w, https:\/\/www.deopaws.com\/wp-content\/uploads\/2025\/05\/WiFi-Video-Smart-Pet-Feeder-4L-with-App-Control-and-Camera1-3-600x480.jpg 600w, https:\/\/www.deopaws.com\/wp-content\/uploads\/2025\/05\/WiFi-Video-Smart-Pet-Feeder-4L-with-App-Control-and-Camera1-3.jpg 750w\" sizes=\"auto, (max-width: 370px) 100vw, 370px\" \/><\/p>\n<div style=\"flex: 1; min-width: 0;\">\n<p style=\"color: gray;\">O controlo de por\u00e7\u00f5es da aplica\u00e7\u00e3o com programa\u00e7\u00e3o ajuda a manter os seus animais de estima\u00e7\u00e3o saud\u00e1veis, fornecendo 7-9g de alimento seco por por\u00e7\u00e3o para v\u00e1rios animais de estima\u00e7\u00e3o.<\/p>\n<\/div>\n<\/div>\n<\/div>\n<div style=\"max-width: 800px; margin: auto; padding: 20px;\">\n<p><!-- \u5de6\u56fe\u53f3\u6587 --><\/p>\n<div style=\"display: flex; align-items: center; gap: 20px; margin-bottom: 40px; flex-wrap: wrap;\">\n<p><img loading=\"lazy\" decoding=\"async\" class=\"alignnone wp-image-1615\" src=\"https:\/\/www.deopaws.com\/wp-content\/uploads\/2025\/05\/WiFi-Video-Smart-Pet-Feeder-4L-with-App-Control-and-Camera1-5-300x240.jpg\" alt=\"smart pet feeder with camera\" width=\"370\" height=\"296\" srcset=\"https:\/\/www.deopaws.com\/wp-content\/uploads\/2025\/05\/WiFi-Video-Smart-Pet-Feeder-4L-with-App-Control-and-Camera1-5-300x240.jpg 300w, https:\/\/www.deopaws.com\/wp-content\/uploads\/2025\/05\/WiFi-Video-Smart-Pet-Feeder-4L-with-App-Control-and-Camera1-5-600x480.jpg 600w, https:\/\/www.deopaws.com\/wp-content\/uploads\/2025\/05\/WiFi-Video-Smart-Pet-Feeder-4L-with-App-Control-and-Camera1-5.jpg 750w\" sizes=\"auto, (max-width: 370px) 100vw, 370px\" \/><\/p>\n<div style=\"flex: 1; min-width: 0;\">\n<p style=\"color: gray;\">A monitoriza\u00e7\u00e3o por c\u00e2mara 480p em tempo real com vis\u00e3o nocturna permite-lhe vigiar os seus animais de estima\u00e7\u00e3o em qualquer altura.<\/p>\n<\/div>\n<\/div>\n<p><!-- \u53f3\u56fe\u5de6\u6587 --><\/p>\n<div style=\"display: flex; flex-direction: row-reverse; align-items: center; gap: 20px; flex-wrap: wrap;\">\n<p><img loading=\"lazy\" decoding=\"async\" class=\"alignnone wp-image-1614\" src=\"https:\/\/www.deopaws.com\/wp-content\/uploads\/2025\/05\/WiFi-Video-Smart-Pet-Feeder-4L-with-App-Control-and-Camera1-4-300x240.jpg\" alt=\"smart pet feeder with camera\" width=\"370\" height=\"296\" srcset=\"https:\/\/www.deopaws.com\/wp-content\/uploads\/2025\/05\/WiFi-Video-Smart-Pet-Feeder-4L-with-App-Control-and-Camera1-4-300x240.jpg 300w, https:\/\/www.deopaws.com\/wp-content\/uploads\/2025\/05\/WiFi-Video-Smart-Pet-Feeder-4L-with-App-Control-and-Camera1-4-600x480.jpg 600w, https:\/\/www.deopaws.com\/wp-content\/uploads\/2025\/05\/WiFi-Video-Smart-Pet-Feeder-4L-with-App-Control-and-Camera1-4.jpg 750w\" sizes=\"auto, (max-width: 370px) 100vw, 370px\" \/><\/p>\n<div style=\"flex: 1; min-width: 0;\">\n<p style=\"color: gray;\">A intera\u00e7\u00e3o de voz em tempo real permite-lhe falar com os seus animais de estima\u00e7\u00e3o com uma mensagem de voz de 10 segundos.<\/p>\n<\/div>\n<\/div>\n<\/div>\n<div style=\"max-width: 800px; margin: auto; padding: 20px;\">\n<p><!-- \u5de6\u56fe\u53f3\u6587 --><\/p>\n<div style=\"display: flex; align-items: center; gap: 20px; margin-bottom: 40px; flex-wrap: wrap;\">\n<p><img loading=\"lazy\" decoding=\"async\" class=\"alignnone wp-image-1611\" src=\"https:\/\/www.deopaws.com\/wp-content\/uploads\/2025\/05\/WiFi-Video-Smart-Pet-Feeder-4L-with-App-Control-and-Camera1-1-300x240.jpg\" alt=\"smart pet feeder with camera\" width=\"370\" height=\"296\" srcset=\"https:\/\/www.deopaws.com\/wp-content\/uploads\/2025\/05\/WiFi-Video-Smart-Pet-Feeder-4L-with-App-Control-and-Camera1-1-300x240.jpg 300w, https:\/\/www.deopaws.com\/wp-content\/uploads\/2025\/05\/WiFi-Video-Smart-Pet-Feeder-4L-with-App-Control-and-Camera1-1-600x480.jpg 600w, https:\/\/www.deopaws.com\/wp-content\/uploads\/2025\/05\/WiFi-Video-Smart-Pet-Feeder-4L-with-App-Control-and-Camera1-1.jpg 750w\" sizes=\"auto, (max-width: 370px) 100vw, 370px\" \/><\/p>\n<div style=\"flex: 1; min-width: 0;\">\n<p style=\"color: gray;\">O alimentador inteligente para animais de estima\u00e7\u00e3o com c\u00e2mara possui uma fonte de alimenta\u00e7\u00e3o dupla com 4 pilhas AA e um adaptador USB tipo C, garantindo um funcionamento cont\u00ednuo mesmo durante falhas de energia.<\/p>\n<\/div>\n<\/div>\n<\/div>\n<h3>Ecr\u00e3 de f\u00e1brica<\/h3>\n<p>&nbsp;<\/p>\n<div class=\"row\">\n<div class=\"col-lg-4\"><img loading=\"lazy\" decoding=\"async\" class=\"alignnone size-medium wp-image-142\" src=\"https:\/\/gray-bee-883835.hostingersite.com\/wp-content\/uploads\/2025\/04\/Small-pet-raincoat-3_-300x225.jpg\" alt=\"\" width=\"300\" height=\"225\" srcset=\"https:\/\/www.deopaws.com\/wp-content\/uploads\/2025\/04\/Small-pet-raincoat-3_-300x225.jpg 300w, https:\/\/www.deopaws.com\/wp-content\/uploads\/2025\/04\/Small-pet-raincoat-3_-600x450.jpg 600w, https:\/\/www.deopaws.com\/wp-content\/uploads\/2025\/04\/Small-pet-raincoat-3_-768x576.jpg 768w, https:\/\/www.deopaws.com\/wp-content\/uploads\/2025\/04\/Small-pet-raincoat-3_.jpg 800w\" sizes=\"auto, (max-width: 300px) 100vw, 300px\" \/><\/div>\n<div class=\"col-lg-4\"><img loading=\"lazy\" decoding=\"async\" class=\"alignnone size-medium wp-image-138\" src=\"https:\/\/gray-bee-883835.hostingersite.com\/wp-content\/uploads\/2025\/04\/Small-pet-raincoat-2-2-300x225.jpg\" alt=\"\" width=\"300\" height=\"225\" srcset=\"https:\/\/www.deopaws.com\/wp-content\/uploads\/2025\/04\/Small-pet-raincoat-2-2-300x225.jpg 300w, https:\/\/www.deopaws.com\/wp-content\/uploads\/2025\/04\/Small-pet-raincoat-2-2-600x450.jpg 600w, https:\/\/www.deopaws.com\/wp-content\/uploads\/2025\/04\/Small-pet-raincoat-2-2-768x576.jpg 768w, https:\/\/www.deopaws.com\/wp-content\/uploads\/2025\/04\/Small-pet-raincoat-2-2.jpg 800w\" sizes=\"auto, (max-width: 300px) 100vw, 300px\" \/><\/div>\n<div class=\"col-lg-4\"><img loading=\"lazy\" decoding=\"async\" class=\"alignnone size-medium wp-image-139\" src=\"https:\/\/gray-bee-883835.hostingersite.com\/wp-content\/uploads\/2025\/04\/Small-pet-raincoat-3-2-300x225.jpg\" alt=\"\" width=\"300\" height=\"225\" srcset=\"https:\/\/www.deopaws.com\/wp-content\/uploads\/2025\/04\/Small-pet-raincoat-3-2-300x225.jpg 300w, https:\/\/www.deopaws.com\/wp-content\/uploads\/2025\/04\/Small-pet-raincoat-3-2-600x450.jpg 600w, https:\/\/www.deopaws.com\/wp-content\/uploads\/2025\/04\/Small-pet-raincoat-3-2-768x576.jpg 768w, https:\/\/www.deopaws.com\/wp-content\/uploads\/2025\/04\/Small-pet-raincoat-3-2.jpg 800w\" sizes=\"auto, (max-width: 300px) 100vw, 300px\" \/><\/div>\n<p>&nbsp;<\/p>\n<div>\n<div class=\"row\">\n<div class=\"col-lg-4\"><img loading=\"lazy\" decoding=\"async\" class=\"alignnone size-medium wp-image-141\" src=\"https:\/\/gray-bee-883835.hostingersite.com\/wp-content\/uploads\/2025\/04\/Small-pet-raincoat-2_-300x225.jpg\" alt=\"\" width=\"300\" height=\"225\" srcset=\"https:\/\/www.deopaws.com\/wp-content\/uploads\/2025\/04\/Small-pet-raincoat-2_-300x225.jpg 300w, https:\/\/www.deopaws.com\/wp-content\/uploads\/2025\/04\/Small-pet-raincoat-2_-600x450.jpg 600w, https:\/\/www.deopaws.com\/wp-content\/uploads\/2025\/04\/Small-pet-raincoat-2_-768x576.jpg 768w, https:\/\/www.deopaws.com\/wp-content\/uploads\/2025\/04\/Small-pet-raincoat-2_.jpg 800w\" sizes=\"auto, (max-width: 300px) 100vw, 300px\" \/><\/div>\n<div class=\"col-lg-4\"><img loading=\"lazy\" decoding=\"async\" class=\"alignnone size-full wp-image-1656\" src=\"https:\/\/www.deopaws.com\/wp-content\/uploads\/2025\/05\/fact-1_\u526f\u672c.jpg\" alt=\"\" width=\"300\" height=\"225\" \/><\/div>\n<div class=\"col-lg-4\"><img loading=\"lazy\" decoding=\"async\" class=\"alignnone size-medium wp-image-137\" src=\"https:\/\/gray-bee-883835.hostingersite.com\/wp-content\/uploads\/2025\/04\/Small-pet-raincoat-1-2-300x225.jpg\" alt=\"\" width=\"300\" height=\"225\" srcset=\"https:\/\/www.deopaws.com\/wp-content\/uploads\/2025\/04\/Small-pet-raincoat-1-2-300x225.jpg 300w, https:\/\/www.deopaws.com\/wp-content\/uploads\/2025\/04\/Small-pet-raincoat-1-2-600x450.jpg 600w, https:\/\/www.deopaws.com\/wp-content\/uploads\/2025\/04\/Small-pet-raincoat-1-2-768x576.jpg 768w, https:\/\/www.deopaws.com\/wp-content\/uploads\/2025\/04\/Small-pet-raincoat-1-2.jpg 800w\" sizes=\"auto, (max-width: 300px) 100vw, 300px\" \/><\/div>\n<div><\/div>\n<\/div>\n<\/div>\n<\/div>","protected":false},"excerpt":{"rendered":"<p>O alimentador inteligente para animais de estima\u00e7\u00e3o com c\u00e2mara oferece uma capacidade de 4L para alimenta\u00e7\u00e3o autom\u00e1tica com monitoriza\u00e7\u00e3o de v\u00eddeo em tempo real atrav\u00e9s da aplica\u00e7\u00e3o. Controle remotamente os hor\u00e1rios de alimenta\u00e7\u00e3o e observe os seus animais de estima\u00e7\u00e3o a qualquer momento. Com uma configura\u00e7\u00e3o f\u00e1cil, um design duradouro e um funcionamento silencioso, \u00e9 ideal para donos de animais ocupados que querem manter-se ligados aos seus animais de estima\u00e7\u00e3o.<\/p>","protected":false},"featured_media":1608,"comment_status":"open","ping_status":"closed","template":"","meta":{"_acf_changed":false},"product_brand":[],"product_cat":[15],"product_tag":[],"class_list":{"0":"post-1604","1":"product","2":"type-product","3":"status-publish","4":"has-post-thumbnail","6":"product_cat-products","8":"first","9":"instock","10":"shipping-taxable","11":"product-type-simple"},"acf":[],"_links":{"self":[{"href":"https:\/\/www.deopaws.com\/pt\/wp-json\/wp\/v2\/product\/1604","targetHints":{"allow":["GET"]}}],"collection":[{"href":"https:\/\/www.deopaws.com\/pt\/wp-json\/wp\/v2\/product"}],"about":[{"href":"https:\/\/www.deopaws.com\/pt\/wp-json\/wp\/v2\/types\/product"}],"replies":[{"embeddable":true,"href":"https:\/\/www.deopaws.com\/pt\/wp-json\/wp\/v2\/comments?post=1604"}],"wp:featuredmedia":[{"embeddable":true,"href":"https:\/\/www.deopaws.com\/pt\/wp-json\/wp\/v2\/media\/1608"}],"wp:attachment":[{"href":"https:\/\/www.deopaws.com\/pt\/wp-json\/wp\/v2\/media?parent=1604"}],"wp:term":[{"taxonomy":"product_brand","embeddable":true,"href":"https:\/\/www.deopaws.com\/pt\/wp-json\/wp\/v2\/product_brand?post=1604"},{"taxonomy":"product_cat","embeddable":true,"href":"https:\/\/www.deopaws.com\/pt\/wp-json\/wp\/v2\/product_cat?post=1604"},{"taxonomy":"product_tag","embeddable":true,"href":"https:\/\/www.deopaws.com\/pt\/wp-json\/wp\/v2\/product_tag?post=1604"}],"curies":[{"name":"wp","href":"https:\/\/api.w.org\/{rel}","templated":true}]}}