{"id":1352,"date":"2025-05-14T10:01:44","date_gmt":"2025-05-14T02:01:44","guid":{"rendered":"https:\/\/www.deopaws.com\/?post_type=product&#038;p=1352"},"modified":"2026-01-04T11:17:16","modified_gmt":"2026-01-04T03:17:16","slug":"stroller-for-cat","status":"publish","type":"product","link":"https:\/\/www.deopaws.com\/pt\/stroller-for-cat\/","title":{"rendered":"Carrinho de Passeio para Gatos - Carrinho de Passeio de Luxo para Animais de Estima\u00e7\u00e3o, Dobr\u00e1vel e com Janelas de Malha"},"content":{"rendered":"<h2 data-start=\"0\" data-end=\"100\">Carrinho de passeio para gato:<\/h2>\n<p>&nbsp;<\/p>\n<p class=\"\" data-start=\"0\" data-end=\"100\">Respir\u00e1vel: Feito com tecido Oxford e janelas de malha para garantir o fluxo de ar e o conforto do seu gato.<\/p>\n<p class=\"\" data-start=\"105\" data-end=\"213\">Multiusos: Adequado para utiliza\u00e7\u00e3o no interior e no exterior, proporcionando flexibilidade para o estilo de vida do seu animal de estima\u00e7\u00e3o.<\/p>\n<p class=\"\" data-start=\"218\" data-end=\"330\">Dur\u00e1vel e com estilo: Constru\u00eddo com uma estrutura de alum\u00ednio resistente e um design \u00e0 prova de vento para uma utiliza\u00e7\u00e3o duradoura e um aspeto elegante.<\/p>\n<p class=\"\" data-start=\"335\" data-end=\"430\">Montagem f\u00e1cil: O mecanismo de dobragem r\u00e1pido e simples permite uma arruma\u00e7\u00e3o e transporte c\u00f3modos.<\/p>\n<p class=\"\" data-start=\"435\" data-end=\"522\">Ideal para gatos: Oferece um espa\u00e7o seguro e acolhedor para descansar, espregui\u00e7ar-se ou viajar.<\/p>\n<p class=\"\" data-start=\"527\" data-end=\"616\">\u25cf Tamanho espa\u00e7oso: 1020x<em data-start=\"548\" data-end=\"553\">620x<\/em>1050 mm quando aberta, proporcionando muito espa\u00e7o sem ser volumosa.<\/p>\n<p>&nbsp;<\/p>\n<p>&nbsp;<\/p>\n<div style=\"max-width: 800px; margin: auto; padding: 20px;\">\n<p><!-- \u5de6\u56fe\u53f3\u6587 --><\/p>\n<div style=\"display: flex; align-items: center; gap: 20px; margin-bottom: 40px; flex-wrap: wrap;\">\n<p><img loading=\"lazy\" decoding=\"async\" class=\"alignnone wp-image-1360\" src=\"https:\/\/www.deopaws.com\/wp-content\/uploads\/2025\/05\/Easy-Folding-Luxury-Pet-Stroller-with-Mesh-Windows-for-Cats-and-Dogs-8-300x240.jpg\" alt=\"stroller for cat\" width=\"370\" height=\"296\" srcset=\"https:\/\/www.deopaws.com\/wp-content\/uploads\/2025\/05\/Easy-Folding-Luxury-Pet-Stroller-with-Mesh-Windows-for-Cats-and-Dogs-8-300x240.jpg 300w, https:\/\/www.deopaws.com\/wp-content\/uploads\/2025\/05\/Easy-Folding-Luxury-Pet-Stroller-with-Mesh-Windows-for-Cats-and-Dogs-8-600x480.jpg 600w, https:\/\/www.deopaws.com\/wp-content\/uploads\/2025\/05\/Easy-Folding-Luxury-Pet-Stroller-with-Mesh-Windows-for-Cats-and-Dogs-8.jpg 750w\" sizes=\"auto, (max-width: 370px) 100vw, 370px\" \/><\/p>\n<div style=\"flex: 1; min-width: 0;\">\n<p style=\"color: gray;\">Tanto as portas dianteiras como as traseiras podem ser abertas, com janelas traseiras de abertura adicional, facilitando a entrada e sa\u00edda dos animais de estima\u00e7\u00e3o de forma confort\u00e1vel.<\/p>\n<\/div>\n<\/div>\n<p><!-- \u53f3\u56fe\u5de6\u6587 --><\/p>\n<div style=\"display: flex; flex-direction: row-reverse; align-items: center; gap: 20px; flex-wrap: wrap;\">\n<p><img loading=\"lazy\" decoding=\"async\" class=\"alignnone wp-image-1355\" src=\"https:\/\/www.deopaws.com\/wp-content\/uploads\/2025\/05\/Easy-Folding-Luxury-Pet-Stroller-with-Mesh-Windows-for-Cats-and-Dogs-3-300x240.jpg\" alt=\"stroller for cat\" width=\"370\" height=\"296\" srcset=\"https:\/\/www.deopaws.com\/wp-content\/uploads\/2025\/05\/Easy-Folding-Luxury-Pet-Stroller-with-Mesh-Windows-for-Cats-and-Dogs-3-300x240.jpg 300w, https:\/\/www.deopaws.com\/wp-content\/uploads\/2025\/05\/Easy-Folding-Luxury-Pet-Stroller-with-Mesh-Windows-for-Cats-and-Dogs-3-600x480.jpg 600w, https:\/\/www.deopaws.com\/wp-content\/uploads\/2025\/05\/Easy-Folding-Luxury-Pet-Stroller-with-Mesh-Windows-for-Cats-and-Dogs-3.jpg 750w\" sizes=\"auto, (max-width: 370px) 100vw, 370px\" \/><\/p>\n<div style=\"flex: 1; min-width: 0;\">\n<p style=\"color: gray;\">Fabricado em tecido Oxford de alta densidade, \u00e9 forte, resistente a mordidelas, respir\u00e1vel e resistente ao desgaste.<\/p>\n<\/div>\n<\/div>\n<\/div>\n<div style=\"max-width: 800px; margin: auto; padding: 20px;\">\n<p><!-- \u5de6\u56fe\u53f3\u6587 --><\/p>\n<div style=\"display: flex; align-items: center; gap: 20px; margin-bottom: 40px; flex-wrap: wrap;\">\n<p><img loading=\"lazy\" decoding=\"async\" class=\"alignnone wp-image-1357\" src=\"https:\/\/www.deopaws.com\/wp-content\/uploads\/2025\/05\/Easy-Folding-Luxury-Pet-Stroller-with-Mesh-Windows-for-Cats-and-Dogs-5-300x240.jpg\" alt=\"stroller for cat\" width=\"370\" height=\"296\" srcset=\"https:\/\/www.deopaws.com\/wp-content\/uploads\/2025\/05\/Easy-Folding-Luxury-Pet-Stroller-with-Mesh-Windows-for-Cats-and-Dogs-5-300x240.jpg 300w, https:\/\/www.deopaws.com\/wp-content\/uploads\/2025\/05\/Easy-Folding-Luxury-Pet-Stroller-with-Mesh-Windows-for-Cats-and-Dogs-5-600x480.jpg 600w, https:\/\/www.deopaws.com\/wp-content\/uploads\/2025\/05\/Easy-Folding-Luxury-Pet-Stroller-with-Mesh-Windows-for-Cats-and-Dogs-5.jpg 750w\" sizes=\"auto, (max-width: 370px) 100vw, 370px\" \/><\/p>\n<div style=\"flex: 1; min-width: 0;\">\n<p style=\"color: gray;\">O espa\u00e7o amplo permite aos animais de estima\u00e7\u00e3o sentarem-se e deitarem-se livremente sem se sentirem constrangidos.<\/p>\n<\/div>\n<\/div>\n<p><!-- \u53f3\u56fe\u5de6\u6587 --><\/p>\n<div style=\"display: flex; flex-direction: row-reverse; align-items: center; gap: 20px; flex-wrap: wrap;\">\n<p><img loading=\"lazy\" decoding=\"async\" class=\"alignnone wp-image-1363\" src=\"https:\/\/www.deopaws.com\/wp-content\/uploads\/2025\/05\/Easy-Folding-Luxury-Pet-Stroller-with-Mesh-Windows-for-Cats-and-Dogs-11-300x240.jpg\" alt=\"stroller for cat\" width=\"370\" height=\"296\" srcset=\"https:\/\/www.deopaws.com\/wp-content\/uploads\/2025\/05\/Easy-Folding-Luxury-Pet-Stroller-with-Mesh-Windows-for-Cats-and-Dogs-11-300x240.jpg 300w, https:\/\/www.deopaws.com\/wp-content\/uploads\/2025\/05\/Easy-Folding-Luxury-Pet-Stroller-with-Mesh-Windows-for-Cats-and-Dogs-11-600x480.jpg 600w, https:\/\/www.deopaws.com\/wp-content\/uploads\/2025\/05\/Easy-Folding-Luxury-Pet-Stroller-with-Mesh-Windows-for-Cats-and-Dogs-11.jpg 750w\" sizes=\"auto, (max-width: 370px) 100vw, 370px\" \/><\/p>\n<div style=\"flex: 1; min-width: 0;\">\n<p style=\"color: gray;\">Com a dobragem autom\u00e1tica de um toque, basta empurrar e premir para uma arruma\u00e7\u00e3o r\u00e1pida e f\u00e1cil.<\/p>\n<\/div>\n<\/div>\n<\/div>\n<div style=\"max-width: 800px; margin: auto; padding: 20px;\">\n<p><!-- \u5de6\u56fe\u53f3\u6587 --><\/p>\n<div style=\"display: flex; align-items: center; gap: 20px; margin-bottom: 40px; flex-wrap: wrap;\">\n<p><img loading=\"lazy\" decoding=\"async\" class=\"alignnone wp-image-1356\" src=\"https:\/\/www.deopaws.com\/wp-content\/uploads\/2025\/05\/Easy-Folding-Luxury-Pet-Stroller-with-Mesh-Windows-for-Cats-and-Dogs-4-300x240.jpg\" alt=\"stroller for cat\" width=\"370\" height=\"296\" srcset=\"https:\/\/www.deopaws.com\/wp-content\/uploads\/2025\/05\/Easy-Folding-Luxury-Pet-Stroller-with-Mesh-Windows-for-Cats-and-Dogs-4-300x240.jpg 300w, https:\/\/www.deopaws.com\/wp-content\/uploads\/2025\/05\/Easy-Folding-Luxury-Pet-Stroller-with-Mesh-Windows-for-Cats-and-Dogs-4-600x480.jpg 600w, https:\/\/www.deopaws.com\/wp-content\/uploads\/2025\/05\/Easy-Folding-Luxury-Pet-Stroller-with-Mesh-Windows-for-Cats-and-Dogs-4.jpg 750w\" sizes=\"auto, (max-width: 370px) 100vw, 370px\" \/><\/p>\n<div style=\"flex: 1; min-width: 0;\">\n<p style=\"color: gray;\">Antiderrapante e resistente ao desgaste, leve e flex\u00edvel, com capacidades de absor\u00e7\u00e3o de choques e uma maior ader\u00eancia para uma condu\u00e7\u00e3o suave.<\/p>\n<\/div>\n<\/div>\n<p><!-- \u53f3\u56fe\u5de6\u6587 --><\/p>\n<div style=\"display: flex; flex-direction: row-reverse; align-items: center; gap: 20px; flex-wrap: wrap;\">\n<p><img loading=\"lazy\" decoding=\"async\" class=\"alignnone wp-image-1362\" src=\"https:\/\/www.deopaws.com\/wp-content\/uploads\/2025\/05\/Easy-Folding-Luxury-Pet-Stroller-with-Mesh-Windows-for-Cats-and-Dogs-10-300x240.jpg\" alt=\"stroller for cat\" width=\"370\" height=\"296\" srcset=\"https:\/\/www.deopaws.com\/wp-content\/uploads\/2025\/05\/Easy-Folding-Luxury-Pet-Stroller-with-Mesh-Windows-for-Cats-and-Dogs-10-300x240.jpg 300w, https:\/\/www.deopaws.com\/wp-content\/uploads\/2025\/05\/Easy-Folding-Luxury-Pet-Stroller-with-Mesh-Windows-for-Cats-and-Dogs-10-600x480.jpg 600w, https:\/\/www.deopaws.com\/wp-content\/uploads\/2025\/05\/Easy-Folding-Luxury-Pet-Stroller-with-Mesh-Windows-for-Cats-and-Dogs-10.jpg 750w\" sizes=\"auto, (max-width: 370px) 100vw, 370px\" \/><\/p>\n<div style=\"flex: 1; min-width: 0;\">\n<p style=\"color: gray;\">A roda traseira com trav\u00e3o duplo garante uma desloca\u00e7\u00e3o mais segura - prima para baixo para parar e prima para cima para avan\u00e7ar.<\/p>\n<\/div>\n<\/div>\n<\/div>\n<div style=\"max-width: 800px; margin: auto; padding: 20px;\">\n<p><!-- \u5de6\u56fe\u53f3\u6587 --><\/p>\n<div style=\"display: flex; align-items: center; gap: 20px; margin-bottom: 40px; flex-wrap: wrap;\">\n<p><img loading=\"lazy\" decoding=\"async\" class=\"alignnone wp-image-1353\" src=\"https:\/\/www.deopaws.com\/wp-content\/uploads\/2025\/05\/Easy-Folding-Luxury-Pet-Stroller-with-Mesh-Windows-for-Cats-and-Dogs-1-300x240.jpg\" alt=\"stroller for cat\" width=\"370\" height=\"296\" srcset=\"https:\/\/www.deopaws.com\/wp-content\/uploads\/2025\/05\/Easy-Folding-Luxury-Pet-Stroller-with-Mesh-Windows-for-Cats-and-Dogs-1-300x240.jpg 300w, https:\/\/www.deopaws.com\/wp-content\/uploads\/2025\/05\/Easy-Folding-Luxury-Pet-Stroller-with-Mesh-Windows-for-Cats-and-Dogs-1-600x480.jpg 600w, https:\/\/www.deopaws.com\/wp-content\/uploads\/2025\/05\/Easy-Folding-Luxury-Pet-Stroller-with-Mesh-Windows-for-Cats-and-Dogs-1.jpg 750w\" sizes=\"auto, (max-width: 370px) 100vw, 370px\" \/><\/p>\n<div style=\"flex: 1; min-width: 0;\">\n<p style=\"color: gray;\">A almofada espessada possui uma almofada macia independente de velcro que \u00e9 amov\u00edvel para lavagem \u00e0 m\u00e3o, enquanto a corda de seguran\u00e7a para animais de estima\u00e7\u00e3o com ganchos ajustados garante maior seguran\u00e7a. A fivela de fecho dobr\u00e1vel mant\u00e9m o carrinho seguro quando dobrado, e o grande saco de arruma\u00e7\u00e3o comporta convenientemente os artigos para o animal de estima\u00e7\u00e3o e para o dono, facilitando a arruma\u00e7\u00e3o dos seus pertences.<\/p>\n<\/div>\n<\/div>\n<\/div>\n<h3>Ecr\u00e3 de f\u00e1brica<\/h3>\n<p>&nbsp;<\/p>\n<div class=\"row\">\n<div class=\"col-lg-4\"><img loading=\"lazy\" decoding=\"async\" class=\"alignnone size-medium wp-image-142\" src=\"https:\/\/gray-bee-883835.hostingersite.com\/wp-content\/uploads\/2025\/04\/Small-pet-raincoat-3_-300x225.jpg\" alt=\"\" width=\"300\" height=\"225\" srcset=\"https:\/\/www.deopaws.com\/wp-content\/uploads\/2025\/04\/Small-pet-raincoat-3_-300x225.jpg 300w, https:\/\/www.deopaws.com\/wp-content\/uploads\/2025\/04\/Small-pet-raincoat-3_-600x450.jpg 600w, https:\/\/www.deopaws.com\/wp-content\/uploads\/2025\/04\/Small-pet-raincoat-3_-768x576.jpg 768w, https:\/\/www.deopaws.com\/wp-content\/uploads\/2025\/04\/Small-pet-raincoat-3_.jpg 800w\" sizes=\"auto, (max-width: 300px) 100vw, 300px\" \/><\/div>\n<div class=\"col-lg-4\"><img loading=\"lazy\" decoding=\"async\" class=\"alignnone size-medium wp-image-138\" src=\"https:\/\/gray-bee-883835.hostingersite.com\/wp-content\/uploads\/2025\/04\/Small-pet-raincoat-2-2-300x225.jpg\" alt=\"\" width=\"300\" height=\"225\" srcset=\"https:\/\/www.deopaws.com\/wp-content\/uploads\/2025\/04\/Small-pet-raincoat-2-2-300x225.jpg 300w, https:\/\/www.deopaws.com\/wp-content\/uploads\/2025\/04\/Small-pet-raincoat-2-2-600x450.jpg 600w, https:\/\/www.deopaws.com\/wp-content\/uploads\/2025\/04\/Small-pet-raincoat-2-2-768x576.jpg 768w, https:\/\/www.deopaws.com\/wp-content\/uploads\/2025\/04\/Small-pet-raincoat-2-2.jpg 800w\" sizes=\"auto, (max-width: 300px) 100vw, 300px\" \/><\/div>\n<div class=\"col-lg-4\"><img loading=\"lazy\" decoding=\"async\" class=\"alignnone size-medium wp-image-139\" src=\"https:\/\/gray-bee-883835.hostingersite.com\/wp-content\/uploads\/2025\/04\/Small-pet-raincoat-3-2-300x225.jpg\" alt=\"\" width=\"300\" height=\"225\" srcset=\"https:\/\/www.deopaws.com\/wp-content\/uploads\/2025\/04\/Small-pet-raincoat-3-2-300x225.jpg 300w, https:\/\/www.deopaws.com\/wp-content\/uploads\/2025\/04\/Small-pet-raincoat-3-2-600x450.jpg 600w, https:\/\/www.deopaws.com\/wp-content\/uploads\/2025\/04\/Small-pet-raincoat-3-2-768x576.jpg 768w, https:\/\/www.deopaws.com\/wp-content\/uploads\/2025\/04\/Small-pet-raincoat-3-2.jpg 800w\" sizes=\"auto, (max-width: 300px) 100vw, 300px\" \/><\/div>\n<p>&nbsp;<\/p>\n<div>\n<div class=\"row\">\n<div class=\"col-lg-4\"><img loading=\"lazy\" decoding=\"async\" class=\"alignnone size-medium wp-image-141\" src=\"https:\/\/gray-bee-883835.hostingersite.com\/wp-content\/uploads\/2025\/04\/Small-pet-raincoat-2_-300x225.jpg\" alt=\"\" width=\"300\" height=\"225\" srcset=\"https:\/\/www.deopaws.com\/wp-content\/uploads\/2025\/04\/Small-pet-raincoat-2_-300x225.jpg 300w, https:\/\/www.deopaws.com\/wp-content\/uploads\/2025\/04\/Small-pet-raincoat-2_-600x450.jpg 600w, https:\/\/www.deopaws.com\/wp-content\/uploads\/2025\/04\/Small-pet-raincoat-2_-768x576.jpg 768w, https:\/\/www.deopaws.com\/wp-content\/uploads\/2025\/04\/Small-pet-raincoat-2_.jpg 800w\" sizes=\"auto, (max-width: 300px) 100vw, 300px\" \/><\/div>\n<div class=\"col-lg-4\"><img loading=\"lazy\" decoding=\"async\" class=\"alignnone size-full wp-image-1656\" src=\"https:\/\/www.deopaws.com\/wp-content\/uploads\/2025\/05\/fact-1_\u526f\u672c.jpg\" alt=\"\" width=\"300\" height=\"225\" \/><\/div>\n<div class=\"col-lg-4\"><img loading=\"lazy\" decoding=\"async\" class=\"alignnone size-medium wp-image-137\" src=\"https:\/\/gray-bee-883835.hostingersite.com\/wp-content\/uploads\/2025\/04\/Small-pet-raincoat-1-2-300x225.jpg\" alt=\"\" width=\"300\" height=\"225\" srcset=\"https:\/\/www.deopaws.com\/wp-content\/uploads\/2025\/04\/Small-pet-raincoat-1-2-300x225.jpg 300w, https:\/\/www.deopaws.com\/wp-content\/uploads\/2025\/04\/Small-pet-raincoat-1-2-600x450.jpg 600w, https:\/\/www.deopaws.com\/wp-content\/uploads\/2025\/04\/Small-pet-raincoat-1-2-768x576.jpg 768w, https:\/\/www.deopaws.com\/wp-content\/uploads\/2025\/04\/Small-pet-raincoat-1-2.jpg 800w\" sizes=\"auto, (max-width: 300px) 100vw, 300px\" \/><\/div>\n<div><\/div>\n<\/div>\n<\/div>\n<\/div>","protected":false},"excerpt":{"rendered":"<p>Carrinho de passeio de luxo, dobr\u00e1vel, para gatos, com janelas de rede e um design \u00e0 prova de vento - perfeito para manter o seu gato confort\u00e1vel no interior ou no exterior.<\/p>","protected":false},"featured_media":3679,"comment_status":"open","ping_status":"closed","template":"","meta":{"_acf_changed":false},"product_brand":[],"product_cat":[15,17,32,16,26],"product_tag":[],"class_list":{"0":"post-1352","1":"product","2":"type-product","3":"status-publish","4":"has-post-thumbnail","6":"product_cat-products","7":"product_cat-cat-supplies","8":"product_cat-cat-carrier","9":"product_cat-dog-supplies","10":"product_cat-dog-carriers-car-supplies","12":"first","13":"instock","14":"shipping-taxable","15":"product-type-simple"},"acf":[],"_links":{"self":[{"href":"https:\/\/www.deopaws.com\/pt\/wp-json\/wp\/v2\/product\/1352","targetHints":{"allow":["GET"]}}],"collection":[{"href":"https:\/\/www.deopaws.com\/pt\/wp-json\/wp\/v2\/product"}],"about":[{"href":"https:\/\/www.deopaws.com\/pt\/wp-json\/wp\/v2\/types\/product"}],"replies":[{"embeddable":true,"href":"https:\/\/www.deopaws.com\/pt\/wp-json\/wp\/v2\/comments?post=1352"}],"wp:featuredmedia":[{"embeddable":true,"href":"https:\/\/www.deopaws.com\/pt\/wp-json\/wp\/v2\/media\/3679"}],"wp:attachment":[{"href":"https:\/\/www.deopaws.com\/pt\/wp-json\/wp\/v2\/media?parent=1352"}],"wp:term":[{"taxonomy":"product_brand","embeddable":true,"href":"https:\/\/www.deopaws.com\/pt\/wp-json\/wp\/v2\/product_brand?post=1352"},{"taxonomy":"product_cat","embeddable":true,"href":"https:\/\/www.deopaws.com\/pt\/wp-json\/wp\/v2\/product_cat?post=1352"},{"taxonomy":"product_tag","embeddable":true,"href":"https:\/\/www.deopaws.com\/pt\/wp-json\/wp\/v2\/product_tag?post=1352"}],"curies":[{"name":"wp","href":"https:\/\/api.w.org\/{rel}","templated":true}]}}