{"id":1270,"date":"2025-05-13T15:40:21","date_gmt":"2025-05-13T07:40:21","guid":{"rendered":"https:\/\/www.deopaws.com\/?post_type=product&#038;p=1270"},"modified":"2025-07-25T08:45:55","modified_gmt":"2025-07-25T00:45:55","slug":"interactive-cat-ball","status":"publish","type":"product","link":"https:\/\/www.deopaws.com\/pt\/interactive-cat-ball\/","title":{"rendered":"Bola interactiva para gatos com cauda, recarreg\u00e1vel por USB, brinquedo de rolamento autom\u00e1tico"},"content":{"rendered":"<h2 data-start=\"77\" data-end=\"192\">Bola interactiva para gatos:<\/h2>\n<p>&nbsp;<\/p>\n<p class=\"\" data-start=\"77\" data-end=\"192\">Amigo do ambiente: Feito de borracha n\u00e3o t\u00f3xica, seguro e amigo do ambiente para as brincadeiras di\u00e1rias dos gatos.<\/p>\n<p class=\"\" data-start=\"77\" data-end=\"192\"><br data-start=\"252\" data-end=\"255\" \/>Multiusos: Concebido para exerc\u00edcio interativo, entretenimento e estimula\u00e7\u00e3o mental.<\/p>\n<p class=\"\" data-start=\"77\" data-end=\"192\"><br data-start=\"345\" data-end=\"348\" data-is-only-node=\"\" \/>Dur\u00e1vel e divertido: Constru\u00eddo para suportar brincadeiras activas com um movimento de rolamento e cauda macia para atrair a aten\u00e7\u00e3o.<\/p>\n<p class=\"\" data-start=\"77\" data-end=\"192\"><br data-start=\"453\" data-end=\"456\" \/>Recarreg\u00e1vel: O design de carregamento USB elimina a necessidade de pilhas e garante uma divers\u00e3o duradoura.<\/p>\n<p class=\"\" data-start=\"77\" data-end=\"192\"><br data-start=\"555\" data-end=\"558\" \/>Ideal para gatos: Mant\u00e9m o seu felino ativo, reduzindo o t\u00e9dio e apoiando um comportamento saud\u00e1vel.<\/p>\n<p class=\"\" data-start=\"77\" data-end=\"192\"><br data-start=\"651\" data-end=\"654\" \/>Tamanho compacto: o comprimento de 30 cm facilita a sua utiliza\u00e7\u00e3o em qualquer espa\u00e7o interior sem ocupar espa\u00e7o.<\/p>\n<p>&nbsp;<\/p>\n<p>&nbsp;<\/p>\n<div style=\"max-width: 800px; margin: auto; padding: 20px;\">\n<p><!-- \u5de6\u56fe\u53f3\u6587 --><\/p>\n<div style=\"display: flex; align-items: center; gap: 20px; margin-bottom: 40px; flex-wrap: wrap;\">\n<p><img loading=\"lazy\" decoding=\"async\" class=\"alignnone wp-image-1271\" src=\"https:\/\/www.deopaws.com\/wp-content\/uploads\/2025\/05\/USB-Rechargeable-Interactive-Cat-Ball-with-Tail-Automatic-Rolling-Play-Toy-2-300x240.jpg\" alt=\"interactive cat ball\" width=\"370\" height=\"296\" srcset=\"https:\/\/www.deopaws.com\/wp-content\/uploads\/2025\/05\/USB-Rechargeable-Interactive-Cat-Ball-with-Tail-Automatic-Rolling-Play-Toy-2-300x240.jpg 300w, https:\/\/www.deopaws.com\/wp-content\/uploads\/2025\/05\/USB-Rechargeable-Interactive-Cat-Ball-with-Tail-Automatic-Rolling-Play-Toy-2-600x480.jpg 600w, https:\/\/www.deopaws.com\/wp-content\/uploads\/2025\/05\/USB-Rechargeable-Interactive-Cat-Ball-with-Tail-Automatic-Rolling-Play-Toy-2.jpg 750w\" sizes=\"auto, (max-width: 370px) 100vw, 370px\" \/><\/p>\n<div style=\"flex: 1; min-width: 0;\">\n<p style=\"color: gray;\">Bola de fuga inteligente para gatos com luzes coloridas, activada por um toque suave da pata e alimentada por um ciclo de carregamento.<\/p>\n<\/div>\n<\/div>\n<p><!-- \u53f3\u56fe\u5de6\u6587 --><\/p>\n<div style=\"display: flex; flex-direction: row-reverse; align-items: center; gap: 20px; flex-wrap: wrap;\">\n<p><img loading=\"lazy\" decoding=\"async\" class=\"alignnone wp-image-1276\" src=\"https:\/\/www.deopaws.com\/wp-content\/uploads\/2025\/05\/USB-Rechargeable-Interactive-Cat-Ball-with-Tail-Automatic-Rolling-Play-Toy-7-300x240.jpg\" alt=\"interactive cat ball\" width=\"370\" height=\"296\" srcset=\"https:\/\/www.deopaws.com\/wp-content\/uploads\/2025\/05\/USB-Rechargeable-Interactive-Cat-Ball-with-Tail-Automatic-Rolling-Play-Toy-7-300x240.jpg 300w, https:\/\/www.deopaws.com\/wp-content\/uploads\/2025\/05\/USB-Rechargeable-Interactive-Cat-Ball-with-Tail-Automatic-Rolling-Play-Toy-7-600x480.jpg 600w, https:\/\/www.deopaws.com\/wp-content\/uploads\/2025\/05\/USB-Rechargeable-Interactive-Cat-Ball-with-Tail-Automatic-Rolling-Play-Toy-7.jpg 750w\" sizes=\"auto, (max-width: 370px) 100vw, 370px\" \/><\/p>\n<div style=\"flex: 1; min-width: 0;\">\n<p style=\"color: gray;\">Arranque e paragem inteligentes com um toque suave da pata - pausa a qualquer hora, em qualquer lugar, sempre que o seu gato quiser.<\/p>\n<\/div>\n<\/div>\n<\/div>\n<div style=\"max-width: 800px; margin: auto; padding: 20px;\">\n<p><!-- \u5de6\u56fe\u53f3\u6587 --><\/p>\n<div style=\"display: flex; align-items: center; gap: 20px; margin-bottom: 40px; flex-wrap: wrap;\">\n<p><img loading=\"lazy\" decoding=\"async\" class=\"alignnone wp-image-1273\" src=\"https:\/\/www.deopaws.com\/wp-content\/uploads\/2025\/05\/USB-Rechargeable-Interactive-Cat-Ball-with-Tail-Automatic-Rolling-Play-Toy-4-300x240.jpg\" alt=\"interactive cat ball\" width=\"370\" height=\"296\" srcset=\"https:\/\/www.deopaws.com\/wp-content\/uploads\/2025\/05\/USB-Rechargeable-Interactive-Cat-Ball-with-Tail-Automatic-Rolling-Play-Toy-4-300x240.jpg 300w, https:\/\/www.deopaws.com\/wp-content\/uploads\/2025\/05\/USB-Rechargeable-Interactive-Cat-Ball-with-Tail-Automatic-Rolling-Play-Toy-4-600x480.jpg 600w, https:\/\/www.deopaws.com\/wp-content\/uploads\/2025\/05\/USB-Rechargeable-Interactive-Cat-Ball-with-Tail-Automatic-Rolling-Play-Toy-4.jpg 750w\" sizes=\"auto, (max-width: 370px) 100vw, 370px\" \/><\/p>\n<div style=\"flex: 1; min-width: 0;\">\n<p style=\"color: gray;\">Adequado para v\u00e1rias superf\u00edcies de pavimento, incluindo pavimentos de madeira, azulejos e alcatifas finas.<\/p>\n<\/div>\n<\/div>\n<p><!-- \u53f3\u56fe\u5de6\u6587 --><\/p>\n<div style=\"display: flex; flex-direction: row-reverse; align-items: center; gap: 20px; flex-wrap: wrap;\">\n<p><img loading=\"lazy\" decoding=\"async\" class=\"alignnone wp-image-1282\" src=\"https:\/\/www.deopaws.com\/wp-content\/uploads\/2025\/05\/USB-Rechargeable-Interactive-Cat-Ball-with-Tail-Automatic-Rolling-Play-Toy-1-300x240.jpg\" alt=\"interactive cat ball\" width=\"370\" height=\"296\" srcset=\"https:\/\/www.deopaws.com\/wp-content\/uploads\/2025\/05\/USB-Rechargeable-Interactive-Cat-Ball-with-Tail-Automatic-Rolling-Play-Toy-1-300x240.jpg 300w, https:\/\/www.deopaws.com\/wp-content\/uploads\/2025\/05\/USB-Rechargeable-Interactive-Cat-Ball-with-Tail-Automatic-Rolling-Play-Toy-1-600x480.jpg 600w, https:\/\/www.deopaws.com\/wp-content\/uploads\/2025\/05\/USB-Rechargeable-Interactive-Cat-Ball-with-Tail-Automatic-Rolling-Play-Toy-1.jpg 750w\" sizes=\"auto, (max-width: 370px) 100vw, 370px\" \/><\/p>\n<div style=\"flex: 1; min-width: 0;\">\n<p style=\"color: gray;\">O novo design de carregamento USB garante divers\u00e3o cont\u00ednua e tempo de jogo ativo.<\/p>\n<\/div>\n<\/div>\n<\/div>\n<div style=\"max-width: 800px; margin: auto; padding: 20px;\">\n<p><!-- \u5de6\u56fe\u53f3\u6587 --><\/p>\n<div style=\"display: flex; align-items: center; gap: 20px; margin-bottom: 40px; flex-wrap: wrap;\">\n<p><img loading=\"lazy\" decoding=\"async\" class=\"alignnone wp-image-1275\" src=\"https:\/\/www.deopaws.com\/wp-content\/uploads\/2025\/05\/USB-Rechargeable-Interactive-Cat-Ball-with-Tail-Automatic-Rolling-Play-Toy-6-300x240.jpg\" alt=\"interactive cat ball\" width=\"370\" height=\"296\" srcset=\"https:\/\/www.deopaws.com\/wp-content\/uploads\/2025\/05\/USB-Rechargeable-Interactive-Cat-Ball-with-Tail-Automatic-Rolling-Play-Toy-6-300x240.jpg 300w, https:\/\/www.deopaws.com\/wp-content\/uploads\/2025\/05\/USB-Rechargeable-Interactive-Cat-Ball-with-Tail-Automatic-Rolling-Play-Toy-6-600x480.jpg 600w, https:\/\/www.deopaws.com\/wp-content\/uploads\/2025\/05\/USB-Rechargeable-Interactive-Cat-Ball-with-Tail-Automatic-Rolling-Play-Toy-6.jpg 750w\" sizes=\"auto, (max-width: 370px) 100vw, 370px\" \/><\/p>\n<div style=\"flex: 1; min-width: 0;\">\n<p style=\"color: gray;\">Entra automaticamente no modo de espera ap\u00f3s 30 segundos e, com um toque suave da pata, o jogo recome\u00e7a<\/p>\n<\/div>\n<\/div>\n<p><!-- \u53f3\u56fe\u5de6\u6587 --><\/p>\n<div style=\"display: flex; flex-direction: row-reverse; align-items: center; gap: 20px; flex-wrap: wrap;\">\n<p><img loading=\"lazy\" decoding=\"async\" class=\"alignnone wp-image-1278\" src=\"https:\/\/www.deopaws.com\/wp-content\/uploads\/2025\/05\/USB-Rechargeable-Interactive-Cat-Ball-with-Tail-Automatic-Rolling-Play-Toy-9-300x240.jpg\" alt=\"interactive cat ball\" width=\"370\" height=\"296\" srcset=\"https:\/\/www.deopaws.com\/wp-content\/uploads\/2025\/05\/USB-Rechargeable-Interactive-Cat-Ball-with-Tail-Automatic-Rolling-Play-Toy-9-300x240.jpg 300w, https:\/\/www.deopaws.com\/wp-content\/uploads\/2025\/05\/USB-Rechargeable-Interactive-Cat-Ball-with-Tail-Automatic-Rolling-Play-Toy-9-600x480.jpg 600w, https:\/\/www.deopaws.com\/wp-content\/uploads\/2025\/05\/USB-Rechargeable-Interactive-Cat-Ball-with-Tail-Automatic-Rolling-Play-Toy-9.jpg 750w\" sizes=\"auto, (max-width: 370px) 100vw, 370px\" \/><\/p>\n<div style=\"flex: 1; min-width: 0;\">\n<p style=\"color: gray;\">Para aumentar a emo\u00e7\u00e3o, brinque com a capa de ca\u00e7a.<\/p>\n<\/div>\n<\/div>\n<\/div>\n<h3>Ecr\u00e3 de f\u00e1brica<\/h3>\n<p>&nbsp;<\/p>\n<div class=\"row\">\n<div class=\"col-lg-4\"><img loading=\"lazy\" decoding=\"async\" class=\"alignnone size-medium wp-image-142\" src=\"https:\/\/gray-bee-883835.hostingersite.com\/wp-content\/uploads\/2025\/04\/Small-pet-raincoat-3_-300x225.jpg\" alt=\"\" width=\"300\" height=\"225\" srcset=\"https:\/\/www.deopaws.com\/wp-content\/uploads\/2025\/04\/Small-pet-raincoat-3_-300x225.jpg 300w, https:\/\/www.deopaws.com\/wp-content\/uploads\/2025\/04\/Small-pet-raincoat-3_-600x450.jpg 600w, https:\/\/www.deopaws.com\/wp-content\/uploads\/2025\/04\/Small-pet-raincoat-3_-768x576.jpg 768w, https:\/\/www.deopaws.com\/wp-content\/uploads\/2025\/04\/Small-pet-raincoat-3_.jpg 800w\" sizes=\"auto, (max-width: 300px) 100vw, 300px\" \/><\/div>\n<div class=\"col-lg-4\"><img loading=\"lazy\" decoding=\"async\" class=\"alignnone size-medium wp-image-138\" src=\"https:\/\/gray-bee-883835.hostingersite.com\/wp-content\/uploads\/2025\/04\/Small-pet-raincoat-2-2-300x225.jpg\" alt=\"\" width=\"300\" height=\"225\" srcset=\"https:\/\/www.deopaws.com\/wp-content\/uploads\/2025\/04\/Small-pet-raincoat-2-2-300x225.jpg 300w, https:\/\/www.deopaws.com\/wp-content\/uploads\/2025\/04\/Small-pet-raincoat-2-2-600x450.jpg 600w, https:\/\/www.deopaws.com\/wp-content\/uploads\/2025\/04\/Small-pet-raincoat-2-2-768x576.jpg 768w, https:\/\/www.deopaws.com\/wp-content\/uploads\/2025\/04\/Small-pet-raincoat-2-2.jpg 800w\" sizes=\"auto, (max-width: 300px) 100vw, 300px\" \/><\/div>\n<div class=\"col-lg-4\"><img loading=\"lazy\" decoding=\"async\" class=\"alignnone size-medium wp-image-139\" src=\"https:\/\/gray-bee-883835.hostingersite.com\/wp-content\/uploads\/2025\/04\/Small-pet-raincoat-3-2-300x225.jpg\" alt=\"\" width=\"300\" height=\"225\" srcset=\"https:\/\/www.deopaws.com\/wp-content\/uploads\/2025\/04\/Small-pet-raincoat-3-2-300x225.jpg 300w, https:\/\/www.deopaws.com\/wp-content\/uploads\/2025\/04\/Small-pet-raincoat-3-2-600x450.jpg 600w, https:\/\/www.deopaws.com\/wp-content\/uploads\/2025\/04\/Small-pet-raincoat-3-2-768x576.jpg 768w, https:\/\/www.deopaws.com\/wp-content\/uploads\/2025\/04\/Small-pet-raincoat-3-2.jpg 800w\" sizes=\"auto, (max-width: 300px) 100vw, 300px\" \/><\/div>\n<p>&nbsp;<\/p>\n<div>\n<div class=\"row\">\n<div class=\"col-lg-4\"><img loading=\"lazy\" decoding=\"async\" class=\"alignnone size-medium wp-image-141\" src=\"https:\/\/gray-bee-883835.hostingersite.com\/wp-content\/uploads\/2025\/04\/Small-pet-raincoat-2_-300x225.jpg\" alt=\"\" width=\"300\" height=\"225\" srcset=\"https:\/\/www.deopaws.com\/wp-content\/uploads\/2025\/04\/Small-pet-raincoat-2_-300x225.jpg 300w, https:\/\/www.deopaws.com\/wp-content\/uploads\/2025\/04\/Small-pet-raincoat-2_-600x450.jpg 600w, https:\/\/www.deopaws.com\/wp-content\/uploads\/2025\/04\/Small-pet-raincoat-2_-768x576.jpg 768w, https:\/\/www.deopaws.com\/wp-content\/uploads\/2025\/04\/Small-pet-raincoat-2_.jpg 800w\" sizes=\"auto, (max-width: 300px) 100vw, 300px\" \/><\/div>\n<div class=\"col-lg-4\"><img loading=\"lazy\" decoding=\"async\" class=\"alignnone size-full wp-image-1656\" src=\"https:\/\/www.deopaws.com\/wp-content\/uploads\/2025\/05\/fact-1_\u526f\u672c.jpg\" alt=\"\" width=\"300\" height=\"225\" \/><\/div>\n<div class=\"col-lg-4\"><img loading=\"lazy\" decoding=\"async\" class=\"alignnone size-medium wp-image-137\" src=\"https:\/\/gray-bee-883835.hostingersite.com\/wp-content\/uploads\/2025\/04\/Small-pet-raincoat-1-2-300x225.jpg\" alt=\"\" width=\"300\" height=\"225\" srcset=\"https:\/\/www.deopaws.com\/wp-content\/uploads\/2025\/04\/Small-pet-raincoat-1-2-300x225.jpg 300w, https:\/\/www.deopaws.com\/wp-content\/uploads\/2025\/04\/Small-pet-raincoat-1-2-600x450.jpg 600w, https:\/\/www.deopaws.com\/wp-content\/uploads\/2025\/04\/Small-pet-raincoat-1-2-768x576.jpg 768w, https:\/\/www.deopaws.com\/wp-content\/uploads\/2025\/04\/Small-pet-raincoat-1-2.jpg 800w\" sizes=\"auto, (max-width: 300px) 100vw, 300px\" \/><\/div>\n<div><\/div>\n<\/div>\n<\/div>\n<\/div>","protected":false},"excerpt":{"rendered":"<p>Esta bola interactiva para gatos foi concebida para manter o seu amigo felino ativo e curioso. Com uma cauda macia e fun\u00e7\u00e3o de rolamento autom\u00e1tico recarreg\u00e1vel por USB, imita o movimento de uma presa real para despertar os instintos de ca\u00e7a do seu gato. Com um sistema inteligente para evitar obst\u00e1culos e uma constru\u00e7\u00e3o duradoura, \u00e9 ideal para brincar sozinho dentro de casa, proporcionando horas de divers\u00e3o, estimula\u00e7\u00e3o e exerc\u00edcio.<\/p>","protected":false},"featured_media":1283,"comment_status":"open","ping_status":"closed","template":"","meta":{"_acf_changed":false},"product_brand":[],"product_cat":[15,17,31],"product_tag":[],"class_list":{"0":"post-1270","1":"product","2":"type-product","3":"status-publish","4":"has-post-thumbnail","6":"product_cat-products","7":"product_cat-cat-supplies","8":"product_cat-cat-toys","10":"first","11":"instock","12":"shipping-taxable","13":"product-type-simple"},"acf":[],"_links":{"self":[{"href":"https:\/\/www.deopaws.com\/pt\/wp-json\/wp\/v2\/product\/1270","targetHints":{"allow":["GET"]}}],"collection":[{"href":"https:\/\/www.deopaws.com\/pt\/wp-json\/wp\/v2\/product"}],"about":[{"href":"https:\/\/www.deopaws.com\/pt\/wp-json\/wp\/v2\/types\/product"}],"replies":[{"embeddable":true,"href":"https:\/\/www.deopaws.com\/pt\/wp-json\/wp\/v2\/comments?post=1270"}],"wp:featuredmedia":[{"embeddable":true,"href":"https:\/\/www.deopaws.com\/pt\/wp-json\/wp\/v2\/media\/1283"}],"wp:attachment":[{"href":"https:\/\/www.deopaws.com\/pt\/wp-json\/wp\/v2\/media?parent=1270"}],"wp:term":[{"taxonomy":"product_brand","embeddable":true,"href":"https:\/\/www.deopaws.com\/pt\/wp-json\/wp\/v2\/product_brand?post=1270"},{"taxonomy":"product_cat","embeddable":true,"href":"https:\/\/www.deopaws.com\/pt\/wp-json\/wp\/v2\/product_cat?post=1270"},{"taxonomy":"product_tag","embeddable":true,"href":"https:\/\/www.deopaws.com\/pt\/wp-json\/wp\/v2\/product_tag?post=1270"}],"curies":[{"name":"wp","href":"https:\/\/api.w.org\/{rel}","templated":true}]}}