{"id":1200,"date":"2025-05-13T10:15:24","date_gmt":"2025-05-13T02:15:24","guid":{"rendered":"https:\/\/www.deopaws.com\/?post_type=product&#038;p=1200"},"modified":"2026-01-04T13:05:12","modified_gmt":"2026-01-04T05:05:12","slug":"interactive-ball-toy-for-cats","status":"publish","type":"product","link":"https:\/\/www.deopaws.com\/pt\/interactive-ball-toy-for-cats\/","title":{"rendered":"Bola de brincar interactiva para gatos - Bola de brincar autom\u00e1tica com rolamento de 360\u00b0 inteligente"},"content":{"rendered":"<h2 data-start=\"77\" data-end=\"192\">Brinquedo interativo com bola para gatos:<\/h2>\n<p>&nbsp;<\/p>\n<p class=\"\" data-start=\"77\" data-end=\"192\">Amigo do ambiente: Feito de ABS e silicone n\u00e3o t\u00f3xico, seguro para animais de estima\u00e7\u00e3o e ambientalmente respons\u00e1vel.<\/p>\n<p class=\"\" data-start=\"77\" data-end=\"192\"><br data-start=\"332\" data-end=\"335\" \/>Jogo interativo: Rola automaticamente para estimular os instintos naturais de ca\u00e7a do seu gato.<\/p>\n<p class=\"\" data-start=\"77\" data-end=\"192\"><br data-start=\"425\" data-end=\"428\" \/>Design dur\u00e1vel: Constru\u00eddo com materiais resistentes ao impacto para uma utiliza\u00e7\u00e3o duradoura.<\/p>\n<p class=\"\" data-start=\"77\" data-end=\"192\"><br data-start=\"505\" data-end=\"508\" \/>Elegante e divertido: A apar\u00eancia desportiva e divertida acrescenta emo\u00e7\u00e3o \u00e0 rotina do seu gato.<\/p>\n<p class=\"\" data-start=\"77\" data-end=\"192\"><br data-start=\"593\" data-end=\"596\" \/>Ideal para gatos: Favorece o exerc\u00edcio e a estimula\u00e7\u00e3o mental.<\/p>\n<p class=\"\" data-start=\"77\" data-end=\"192\"><br data-start=\"657\" data-end=\"660\" \/>Tamanho compacto: Leve e port\u00e1til, com 5,5 cm de di\u00e2metro e apenas 45g.<\/p>\n<p>&nbsp;<\/p>\n<p>&nbsp;<\/p>\n<div style=\"max-width: 800px; margin: auto; padding: 20px;\">\n<p><!-- \u5de6\u56fe\u53f3\u6587 --><\/p>\n<div style=\"display: flex; align-items: center; gap: 20px; margin-bottom: 40px; flex-wrap: wrap;\">\n<p><img loading=\"lazy\" decoding=\"async\" class=\"alignnone wp-image-1206\" src=\"https:\/\/www.deopaws.com\/wp-content\/uploads\/2025\/05\/Smart-Rolling-Cat-Toy-Ball-\u2013-Automatic-and-Interactive-6-300x240.jpg\" alt=\"\" width=\"371\" height=\"297\" srcset=\"https:\/\/www.deopaws.com\/wp-content\/uploads\/2025\/05\/Smart-Rolling-Cat-Toy-Ball-\u2013-Automatic-and-Interactive-6-300x240.jpg 300w, https:\/\/www.deopaws.com\/wp-content\/uploads\/2025\/05\/Smart-Rolling-Cat-Toy-Ball-\u2013-Automatic-and-Interactive-6-600x480.jpg 600w, https:\/\/www.deopaws.com\/wp-content\/uploads\/2025\/05\/Smart-Rolling-Cat-Toy-Ball-\u2013-Automatic-and-Interactive-6.jpg 750w\" sizes=\"auto, (max-width: 371px) 100vw, 371px\" \/><\/p>\n<div style=\"flex: 1; min-width: 0;\">\n<p style=\"color: gray;\"><strong>Este brinquedo interativo inteligente para gatos inclui defini\u00e7\u00f5es de velocidade ajust\u00e1veis, dois modos de jogo e uma bateria de longa dura\u00e7\u00e3o. Com um movimento de desloca\u00e7\u00e3o flex\u00edvel e um movimento de impulso l\u00fadico que se move para a esquerda e para a direita, mant\u00e9m o seu gato envolvido e entretido durante horas.<\/strong><\/p>\n<\/div>\n<\/div>\n<p><!-- \u53f3\u56fe\u5de6\u6587 --><\/p>\n<div style=\"display: flex; flex-direction: row-reverse; align-items: center; gap: 20px; flex-wrap: wrap;\">\n<p><img loading=\"lazy\" decoding=\"async\" class=\"alignnone wp-image-1203\" src=\"https:\/\/www.deopaws.com\/wp-content\/uploads\/2025\/05\/Smart-Rolling-Cat-Toy-Ball-\u2013-Automatic-and-Interactive-3-300x240.jpg\" alt=\"\" width=\"370\" height=\"296\" srcset=\"https:\/\/www.deopaws.com\/wp-content\/uploads\/2025\/05\/Smart-Rolling-Cat-Toy-Ball-\u2013-Automatic-and-Interactive-3-300x240.jpg 300w, https:\/\/www.deopaws.com\/wp-content\/uploads\/2025\/05\/Smart-Rolling-Cat-Toy-Ball-\u2013-Automatic-and-Interactive-3-600x480.jpg 600w, https:\/\/www.deopaws.com\/wp-content\/uploads\/2025\/05\/Smart-Rolling-Cat-Toy-Ball-\u2013-Automatic-and-Interactive-3.jpg 750w\" sizes=\"auto, (max-width: 370px) 100vw, 370px\" \/><\/p>\n<div style=\"flex: 1; min-width: 0;\">\n<p style=\"color: gray;\">As ac\u00e7\u00f5es aleat\u00f3rias de correr e puxar repetidamente desencadeiam v\u00e1rios estados de movimento para atrair continuamente a aten\u00e7\u00e3o do seu gato.<\/p>\n<\/div>\n<\/div>\n<\/div>\n<div style=\"max-width: 800px; margin: auto; padding: 20px;\">\n<p><!-- \u5de6\u56fe\u53f3\u6587 --><\/p>\n<div style=\"display: flex; align-items: center; gap: 20px; margin-bottom: 40px; flex-wrap: wrap;\">\n<p><img loading=\"lazy\" decoding=\"async\" class=\"alignnone wp-image-1204\" src=\"https:\/\/www.deopaws.com\/wp-content\/uploads\/2025\/05\/Smart-Rolling-Cat-Toy-Ball-\u2013-Automatic-and-Interactive-4-300x240.jpg\" alt=\"\" width=\"370\" height=\"296\" srcset=\"https:\/\/www.deopaws.com\/wp-content\/uploads\/2025\/05\/Smart-Rolling-Cat-Toy-Ball-\u2013-Automatic-and-Interactive-4-300x240.jpg 300w, https:\/\/www.deopaws.com\/wp-content\/uploads\/2025\/05\/Smart-Rolling-Cat-Toy-Ball-\u2013-Automatic-and-Interactive-4-600x480.jpg 600w, https:\/\/www.deopaws.com\/wp-content\/uploads\/2025\/05\/Smart-Rolling-Cat-Toy-Ball-\u2013-Automatic-and-Interactive-4.jpg 750w\" sizes=\"auto, (max-width: 370px) 100vw, 370px\" \/><\/p>\n<div style=\"flex: 1; min-width: 0;\">\n<p style=\"color: gray;\">Com a possibilidade de alternar entre dois modos com um s\u00f3 clique, basta premir e manter premido o bot\u00e3o de alimenta\u00e7\u00e3o para escolher: Modo Normal (luz verde, desligamento autom\u00e1tico ap\u00f3s 5 minutos) ou Modo Inteligente (luz azul, em espera ap\u00f3s 5 minutos, reactiva-se com o toque do gato).<\/p>\n<\/div>\n<\/div>\n<p><!-- \u53f3\u56fe\u5de6\u6587 --><\/p>\n<div style=\"display: flex; flex-direction: row-reverse; align-items: center; gap: 20px; flex-wrap: wrap;\">\n<p><img loading=\"lazy\" decoding=\"async\" class=\"alignnone wp-image-1202\" src=\"https:\/\/www.deopaws.com\/wp-content\/uploads\/2025\/05\/Smart-Rolling-Cat-Toy-Ball-\u2013-Automatic-and-Interactive-2-300x240.jpg\" alt=\"\" width=\"370\" height=\"296\" srcset=\"https:\/\/www.deopaws.com\/wp-content\/uploads\/2025\/05\/Smart-Rolling-Cat-Toy-Ball-\u2013-Automatic-and-Interactive-2-300x240.jpg 300w, https:\/\/www.deopaws.com\/wp-content\/uploads\/2025\/05\/Smart-Rolling-Cat-Toy-Ball-\u2013-Automatic-and-Interactive-2-600x480.jpg 600w, https:\/\/www.deopaws.com\/wp-content\/uploads\/2025\/05\/Smart-Rolling-Cat-Toy-Ball-\u2013-Automatic-and-Interactive-2.jpg 750w\" sizes=\"auto, (max-width: 370px) 100vw, 370px\" \/><\/p>\n<div style=\"flex: 1; min-width: 0;\">\n<p style=\"color: gray;\">O carregamento tipo C com uma bateria de 150mAh incorporada proporciona uma utiliza\u00e7\u00e3o duradoura com um \u00fanico carregamento, eliminando a necessidade de substituir a bateria e reduzindo a ansiedade em rela\u00e7\u00e3o \u00e0 energia.<\/p>\n<\/div>\n<\/div>\n<\/div>\n<div style=\"max-width: 800px; margin: auto; padding: 20px;\">\n<p><!-- \u5de6\u56fe\u53f3\u6587 --><\/p>\n<div style=\"display: flex; align-items: center; gap: 20px; margin-bottom: 40px; flex-wrap: wrap;\">\n<p><img loading=\"lazy\" decoding=\"async\" class=\"alignnone wp-image-1201\" src=\"https:\/\/www.deopaws.com\/wp-content\/uploads\/2025\/05\/Smart-Rolling-Cat-Toy-Ball-\u2013-Automatic-and-Interactive-1-300x240.jpg\" alt=\"\" width=\"370\" height=\"296\" srcset=\"https:\/\/www.deopaws.com\/wp-content\/uploads\/2025\/05\/Smart-Rolling-Cat-Toy-Ball-\u2013-Automatic-and-Interactive-1-300x240.jpg 300w, https:\/\/www.deopaws.com\/wp-content\/uploads\/2025\/05\/Smart-Rolling-Cat-Toy-Ball-\u2013-Automatic-and-Interactive-1-600x480.jpg 600w, https:\/\/www.deopaws.com\/wp-content\/uploads\/2025\/05\/Smart-Rolling-Cat-Toy-Ball-\u2013-Automatic-and-Interactive-1.jpg 750w\" sizes=\"auto, (max-width: 370px) 100vw, 370px\" \/><\/p>\n<div style=\"flex: 1; min-width: 0;\">\n<p style=\"color: gray;\">Equipado com um motor de alto desempenho de 12.000 RPM, este dispositivo atinge velocidades at\u00e9 1m\/s, tornando dif\u00edcil para os jogadores experientes distinguir entre velocidades altas e baixas.<\/p>\n<\/div>\n<\/div>\n<\/div>\n<h3>Ecr\u00e3 de f\u00e1brica<\/h3>\n<p>&nbsp;<\/p>\n<div class=\"row\">\n<div class=\"col-lg-4\"><img loading=\"lazy\" decoding=\"async\" class=\"alignnone size-medium wp-image-142\" src=\"https:\/\/gray-bee-883835.hostingersite.com\/wp-content\/uploads\/2025\/04\/Small-pet-raincoat-3_-300x225.jpg\" alt=\"\" width=\"300\" height=\"225\" srcset=\"https:\/\/www.deopaws.com\/wp-content\/uploads\/2025\/04\/Small-pet-raincoat-3_-300x225.jpg 300w, https:\/\/www.deopaws.com\/wp-content\/uploads\/2025\/04\/Small-pet-raincoat-3_-600x450.jpg 600w, https:\/\/www.deopaws.com\/wp-content\/uploads\/2025\/04\/Small-pet-raincoat-3_-768x576.jpg 768w, https:\/\/www.deopaws.com\/wp-content\/uploads\/2025\/04\/Small-pet-raincoat-3_.jpg 800w\" sizes=\"auto, (max-width: 300px) 100vw, 300px\" \/><\/div>\n<div class=\"col-lg-4\"><img loading=\"lazy\" decoding=\"async\" class=\"alignnone size-medium wp-image-138\" src=\"https:\/\/gray-bee-883835.hostingersite.com\/wp-content\/uploads\/2025\/04\/Small-pet-raincoat-2-2-300x225.jpg\" alt=\"\" width=\"300\" height=\"225\" srcset=\"https:\/\/www.deopaws.com\/wp-content\/uploads\/2025\/04\/Small-pet-raincoat-2-2-300x225.jpg 300w, https:\/\/www.deopaws.com\/wp-content\/uploads\/2025\/04\/Small-pet-raincoat-2-2-600x450.jpg 600w, https:\/\/www.deopaws.com\/wp-content\/uploads\/2025\/04\/Small-pet-raincoat-2-2-768x576.jpg 768w, https:\/\/www.deopaws.com\/wp-content\/uploads\/2025\/04\/Small-pet-raincoat-2-2.jpg 800w\" sizes=\"auto, (max-width: 300px) 100vw, 300px\" \/><\/div>\n<div class=\"col-lg-4\"><img loading=\"lazy\" decoding=\"async\" class=\"alignnone size-medium wp-image-139\" src=\"https:\/\/gray-bee-883835.hostingersite.com\/wp-content\/uploads\/2025\/04\/Small-pet-raincoat-3-2-300x225.jpg\" alt=\"\" width=\"300\" height=\"225\" srcset=\"https:\/\/www.deopaws.com\/wp-content\/uploads\/2025\/04\/Small-pet-raincoat-3-2-300x225.jpg 300w, https:\/\/www.deopaws.com\/wp-content\/uploads\/2025\/04\/Small-pet-raincoat-3-2-600x450.jpg 600w, https:\/\/www.deopaws.com\/wp-content\/uploads\/2025\/04\/Small-pet-raincoat-3-2-768x576.jpg 768w, https:\/\/www.deopaws.com\/wp-content\/uploads\/2025\/04\/Small-pet-raincoat-3-2.jpg 800w\" sizes=\"auto, (max-width: 300px) 100vw, 300px\" \/><\/div>\n<p>&nbsp;<\/p>\n<div>\n<div class=\"row\">\n<div class=\"col-lg-4\"><img loading=\"lazy\" decoding=\"async\" class=\"alignnone size-medium wp-image-141\" src=\"https:\/\/gray-bee-883835.hostingersite.com\/wp-content\/uploads\/2025\/04\/Small-pet-raincoat-2_-300x225.jpg\" alt=\"\" width=\"300\" height=\"225\" srcset=\"https:\/\/www.deopaws.com\/wp-content\/uploads\/2025\/04\/Small-pet-raincoat-2_-300x225.jpg 300w, https:\/\/www.deopaws.com\/wp-content\/uploads\/2025\/04\/Small-pet-raincoat-2_-600x450.jpg 600w, https:\/\/www.deopaws.com\/wp-content\/uploads\/2025\/04\/Small-pet-raincoat-2_-768x576.jpg 768w, https:\/\/www.deopaws.com\/wp-content\/uploads\/2025\/04\/Small-pet-raincoat-2_.jpg 800w\" sizes=\"auto, (max-width: 300px) 100vw, 300px\" \/><\/div>\n<div class=\"col-lg-4\"><img loading=\"lazy\" decoding=\"async\" class=\"alignnone size-full wp-image-1656\" src=\"https:\/\/www.deopaws.com\/wp-content\/uploads\/2025\/05\/fact-1_\u526f\u672c.jpg\" alt=\"\" width=\"300\" height=\"225\" \/><\/div>\n<div class=\"col-lg-4\"><img loading=\"lazy\" decoding=\"async\" class=\"alignnone size-medium wp-image-137\" src=\"https:\/\/gray-bee-883835.hostingersite.com\/wp-content\/uploads\/2025\/04\/Small-pet-raincoat-1-2-300x225.jpg\" alt=\"\" width=\"300\" height=\"225\" srcset=\"https:\/\/www.deopaws.com\/wp-content\/uploads\/2025\/04\/Small-pet-raincoat-1-2-300x225.jpg 300w, https:\/\/www.deopaws.com\/wp-content\/uploads\/2025\/04\/Small-pet-raincoat-1-2-600x450.jpg 600w, https:\/\/www.deopaws.com\/wp-content\/uploads\/2025\/04\/Small-pet-raincoat-1-2-768x576.jpg 768w, https:\/\/www.deopaws.com\/wp-content\/uploads\/2025\/04\/Small-pet-raincoat-1-2.jpg 800w\" sizes=\"auto, (max-width: 300px) 100vw, 300px\" \/><\/div>\n<div><\/div>\n<\/div>\n<\/div>\n<\/div>","protected":false},"excerpt":{"rendered":"<p>Este brinquedo interativo com bola para gatos oferece divers\u00e3o autom\u00e1tica e inteligente para manter o seu felino ativo e entretido durante todo o dia. Fabricado em ABS e silicone ecol\u00f3gicos, \u00e9 leve, duradouro e perfeito para brincar diariamente no interior.<\/p>","protected":false},"featured_media":3683,"comment_status":"open","ping_status":"closed","template":"","meta":{"_acf_changed":false},"product_brand":[],"product_cat":[15,17,31],"product_tag":[],"class_list":{"0":"post-1200","1":"product","2":"type-product","3":"status-publish","4":"has-post-thumbnail","6":"product_cat-products","7":"product_cat-cat-supplies","8":"product_cat-cat-toys","10":"first","11":"instock","12":"shipping-taxable","13":"product-type-simple"},"acf":[],"_links":{"self":[{"href":"https:\/\/www.deopaws.com\/pt\/wp-json\/wp\/v2\/product\/1200","targetHints":{"allow":["GET"]}}],"collection":[{"href":"https:\/\/www.deopaws.com\/pt\/wp-json\/wp\/v2\/product"}],"about":[{"href":"https:\/\/www.deopaws.com\/pt\/wp-json\/wp\/v2\/types\/product"}],"replies":[{"embeddable":true,"href":"https:\/\/www.deopaws.com\/pt\/wp-json\/wp\/v2\/comments?post=1200"}],"wp:featuredmedia":[{"embeddable":true,"href":"https:\/\/www.deopaws.com\/pt\/wp-json\/wp\/v2\/media\/3683"}],"wp:attachment":[{"href":"https:\/\/www.deopaws.com\/pt\/wp-json\/wp\/v2\/media?parent=1200"}],"wp:term":[{"taxonomy":"product_brand","embeddable":true,"href":"https:\/\/www.deopaws.com\/pt\/wp-json\/wp\/v2\/product_brand?post=1200"},{"taxonomy":"product_cat","embeddable":true,"href":"https:\/\/www.deopaws.com\/pt\/wp-json\/wp\/v2\/product_cat?post=1200"},{"taxonomy":"product_tag","embeddable":true,"href":"https:\/\/www.deopaws.com\/pt\/wp-json\/wp\/v2\/product_tag?post=1200"}],"curies":[{"name":"wp","href":"https:\/\/api.w.org\/{rel}","templated":true}]}}