{"id":1176,"date":"2025-05-13T09:05:48","date_gmt":"2025-05-13T01:05:48","guid":{"rendered":"https:\/\/www.deopaws.com\/?post_type=product&#038;p=1176"},"modified":"2026-01-04T13:06:20","modified_gmt":"2026-01-04T05:06:20","slug":"plush-cat-bed","status":"publish","type":"product","link":"https:\/\/www.deopaws.com\/pt\/plush-cat-bed\/","title":{"rendered":"Cama de pel\u00facia para gatos - Caverna macia em forma de veado para c\u00e3es pequenos e gatos de interior"},"content":{"rendered":"<h2 data-start=\"77\" data-end=\"192\">Cama de peluche para gatos:<\/h2>\n<p>&nbsp;<\/p>\n<p class=\"\" data-start=\"77\" data-end=\"192\">Confort\u00e1vel: Feito com pel\u00facia curta e macia para um toque aconchegante e suave, ideal para c\u00e3es pequenos e gatos de interior.<\/p>\n<p class=\"\" data-start=\"77\" data-end=\"192\"><br data-start=\"108\" data-end=\"111\" \/>Design giro: A apar\u00eancia em forma de veado acrescenta um elemento l\u00fadico e decorativo ao espa\u00e7o do seu animal de estima\u00e7\u00e3o.<\/p>\n<p class=\"\" data-start=\"77\" data-end=\"192\"><br data-start=\"205\" data-end=\"208\" \/>Macio e seguro: Fornece um local de dormir seguro e confort\u00e1vel para os animais de estima\u00e7\u00e3o descansarem e relaxarem.<\/p>\n<p class=\"\" data-start=\"77\" data-end=\"192\"><br data-start=\"291\" data-end=\"294\" \/>Cuidado f\u00e1cil: recomenda-se a lavagem \u00e0 m\u00e3o para manter a cama fresca e limpa.<\/p>\n<p class=\"\" data-start=\"77\" data-end=\"192\"><br data-start=\"361\" data-end=\"364\" \/>Utiliza\u00e7\u00e3o no interior: mais adequado para ambientes interiores, especialmente durante as esta\u00e7\u00f5es mais frias.<\/p>\n<p class=\"\" data-start=\"77\" data-end=\"192\"><br data-start=\"448\" data-end=\"451\" \/>Tamanhos compactos: Dispon\u00edvel em S e M para se adaptar a diferentes ra\u00e7as de animais de estima\u00e7\u00e3o de pequeno porte.<\/p>\n<p>&nbsp;<\/p>\n<p>&nbsp;<\/p>\n<div style=\"max-width: 800px; margin: auto; padding: 20px;\">\n<p><!-- \u5de6\u56fe\u53f3\u6587 --><\/p>\n<div style=\"display: flex; align-items: center; gap: 20px; margin-bottom: 40px; flex-wrap: wrap;\">\n<p><img loading=\"lazy\" decoding=\"async\" class=\"alignnone wp-image-1182\" src=\"https:\/\/www.deopaws.com\/wp-content\/uploads\/2025\/05\/Soft-Short-Plush-Deer-Shaped-Bed-for-Small-Dogs-and-Indoor-Cats-6-300x240.jpg\" alt=\"plush cat bed\" width=\"370\" height=\"296\" srcset=\"https:\/\/www.deopaws.com\/wp-content\/uploads\/2025\/05\/Soft-Short-Plush-Deer-Shaped-Bed-for-Small-Dogs-and-Indoor-Cats-6-300x240.jpg 300w, https:\/\/www.deopaws.com\/wp-content\/uploads\/2025\/05\/Soft-Short-Plush-Deer-Shaped-Bed-for-Small-Dogs-and-Indoor-Cats-6-600x480.jpg 600w, https:\/\/www.deopaws.com\/wp-content\/uploads\/2025\/05\/Soft-Short-Plush-Deer-Shaped-Bed-for-Small-Dogs-and-Indoor-Cats-6.jpg 750w\" sizes=\"auto, (max-width: 370px) 100vw, 370px\" \/><\/p>\n<div style=\"flex: 1; min-width: 0;\">\n<p style=\"color: gray;\">Fabricado em pel\u00facia curta e macia para um toque aconchegante e suave, ideal para c\u00e3es pequenos e gatos de interior.<\/p>\n<\/div>\n<\/div>\n<p><!-- \u53f3\u56fe\u5de6\u6587 --><\/p>\n<div style=\"display: flex; flex-direction: row-reverse; align-items: center; gap: 20px; flex-wrap: wrap;\">\n<p><img loading=\"lazy\" decoding=\"async\" class=\"alignnone wp-image-1181\" src=\"https:\/\/www.deopaws.com\/wp-content\/uploads\/2025\/05\/Soft-Short-Plush-Deer-Shaped-Bed-for-Small-Dogs-and-Indoor-Cats-4-300x240.jpg\" alt=\"plush cat bed\" width=\"370\" height=\"296\" srcset=\"https:\/\/www.deopaws.com\/wp-content\/uploads\/2025\/05\/Soft-Short-Plush-Deer-Shaped-Bed-for-Small-Dogs-and-Indoor-Cats-4-300x240.jpg 300w, https:\/\/www.deopaws.com\/wp-content\/uploads\/2025\/05\/Soft-Short-Plush-Deer-Shaped-Bed-for-Small-Dogs-and-Indoor-Cats-4-600x480.jpg 600w, https:\/\/www.deopaws.com\/wp-content\/uploads\/2025\/05\/Soft-Short-Plush-Deer-Shaped-Bed-for-Small-Dogs-and-Indoor-Cats-4.jpg 750w\" sizes=\"auto, (max-width: 370px) 100vw, 370px\" \/><\/p>\n<div style=\"flex: 1; min-width: 0;\">\n<p style=\"color: gray;\">O aspeto em forma de veado acrescenta um elemento l\u00fadico e decorativo ao espa\u00e7o do seu animal de estima\u00e7\u00e3o.<\/p>\n<\/div>\n<\/div>\n<\/div>\n<div style=\"max-width: 800px; margin: auto; padding: 20px;\">\n<p><!-- \u5de6\u56fe\u53f3\u6587 --><\/p>\n<div style=\"display: flex; align-items: center; gap: 20px; margin-bottom: 40px; flex-wrap: wrap;\">\n<p><img loading=\"lazy\" decoding=\"async\" class=\"alignnone wp-image-1180\" src=\"https:\/\/www.deopaws.com\/wp-content\/uploads\/2025\/05\/Soft-Short-Plush-Deer-Shaped-Bed-for-Small-Dogs-and-Indoor-Cats-1-300x240.jpg\" alt=\"plush cat bed\" width=\"370\" height=\"296\" srcset=\"https:\/\/www.deopaws.com\/wp-content\/uploads\/2025\/05\/Soft-Short-Plush-Deer-Shaped-Bed-for-Small-Dogs-and-Indoor-Cats-1-300x240.jpg 300w, https:\/\/www.deopaws.com\/wp-content\/uploads\/2025\/05\/Soft-Short-Plush-Deer-Shaped-Bed-for-Small-Dogs-and-Indoor-Cats-1-600x480.jpg 600w, https:\/\/www.deopaws.com\/wp-content\/uploads\/2025\/05\/Soft-Short-Plush-Deer-Shaped-Bed-for-Small-Dogs-and-Indoor-Cats-1.jpg 750w\" sizes=\"auto, (max-width: 370px) 100vw, 370px\" \/><\/p>\n<div style=\"flex: 1; min-width: 0;\">\n<p style=\"color: gray;\">Proporciona um local de dormir seguro e confort\u00e1vel para os animais de estima\u00e7\u00e3o descansarem e relaxarem.<\/p>\n<\/div>\n<\/div>\n<\/div>\n<h3>Ecr\u00e3 de f\u00e1brica<\/h3>\n<p>&nbsp;<\/p>\n<div class=\"row\">\n<div class=\"col-lg-4\"><img loading=\"lazy\" decoding=\"async\" class=\"alignnone size-medium wp-image-142\" src=\"https:\/\/gray-bee-883835.hostingersite.com\/wp-content\/uploads\/2025\/04\/Small-pet-raincoat-3_-300x225.jpg\" alt=\"\" width=\"300\" height=\"225\" srcset=\"https:\/\/www.deopaws.com\/wp-content\/uploads\/2025\/04\/Small-pet-raincoat-3_-300x225.jpg 300w, https:\/\/www.deopaws.com\/wp-content\/uploads\/2025\/04\/Small-pet-raincoat-3_-600x450.jpg 600w, https:\/\/www.deopaws.com\/wp-content\/uploads\/2025\/04\/Small-pet-raincoat-3_-768x576.jpg 768w, https:\/\/www.deopaws.com\/wp-content\/uploads\/2025\/04\/Small-pet-raincoat-3_.jpg 800w\" sizes=\"auto, (max-width: 300px) 100vw, 300px\" \/><\/div>\n<div class=\"col-lg-4\"><img loading=\"lazy\" decoding=\"async\" class=\"alignnone size-medium wp-image-138\" src=\"https:\/\/gray-bee-883835.hostingersite.com\/wp-content\/uploads\/2025\/04\/Small-pet-raincoat-2-2-300x225.jpg\" alt=\"\" width=\"300\" height=\"225\" srcset=\"https:\/\/www.deopaws.com\/wp-content\/uploads\/2025\/04\/Small-pet-raincoat-2-2-300x225.jpg 300w, https:\/\/www.deopaws.com\/wp-content\/uploads\/2025\/04\/Small-pet-raincoat-2-2-600x450.jpg 600w, https:\/\/www.deopaws.com\/wp-content\/uploads\/2025\/04\/Small-pet-raincoat-2-2-768x576.jpg 768w, https:\/\/www.deopaws.com\/wp-content\/uploads\/2025\/04\/Small-pet-raincoat-2-2.jpg 800w\" sizes=\"auto, (max-width: 300px) 100vw, 300px\" \/><\/div>\n<div class=\"col-lg-4\"><img loading=\"lazy\" decoding=\"async\" class=\"alignnone size-medium wp-image-139\" src=\"https:\/\/gray-bee-883835.hostingersite.com\/wp-content\/uploads\/2025\/04\/Small-pet-raincoat-3-2-300x225.jpg\" alt=\"\" width=\"300\" height=\"225\" srcset=\"https:\/\/www.deopaws.com\/wp-content\/uploads\/2025\/04\/Small-pet-raincoat-3-2-300x225.jpg 300w, https:\/\/www.deopaws.com\/wp-content\/uploads\/2025\/04\/Small-pet-raincoat-3-2-600x450.jpg 600w, https:\/\/www.deopaws.com\/wp-content\/uploads\/2025\/04\/Small-pet-raincoat-3-2-768x576.jpg 768w, https:\/\/www.deopaws.com\/wp-content\/uploads\/2025\/04\/Small-pet-raincoat-3-2.jpg 800w\" sizes=\"auto, (max-width: 300px) 100vw, 300px\" \/><\/div>\n<p>&nbsp;<\/p>\n<div>\n<div class=\"row\">\n<div class=\"col-lg-4\"><img loading=\"lazy\" decoding=\"async\" class=\"alignnone size-medium wp-image-141\" src=\"https:\/\/gray-bee-883835.hostingersite.com\/wp-content\/uploads\/2025\/04\/Small-pet-raincoat-2_-300x225.jpg\" alt=\"\" width=\"300\" height=\"225\" srcset=\"https:\/\/www.deopaws.com\/wp-content\/uploads\/2025\/04\/Small-pet-raincoat-2_-300x225.jpg 300w, https:\/\/www.deopaws.com\/wp-content\/uploads\/2025\/04\/Small-pet-raincoat-2_-600x450.jpg 600w, https:\/\/www.deopaws.com\/wp-content\/uploads\/2025\/04\/Small-pet-raincoat-2_-768x576.jpg 768w, https:\/\/www.deopaws.com\/wp-content\/uploads\/2025\/04\/Small-pet-raincoat-2_.jpg 800w\" sizes=\"auto, (max-width: 300px) 100vw, 300px\" \/><\/div>\n<div class=\"col-lg-4\"><img loading=\"lazy\" decoding=\"async\" class=\"alignnone size-full wp-image-1656\" src=\"https:\/\/www.deopaws.com\/wp-content\/uploads\/2025\/05\/fact-1_\u526f\u672c.jpg\" alt=\"\" width=\"300\" height=\"225\" \/><\/div>\n<div class=\"col-lg-4\"><img loading=\"lazy\" decoding=\"async\" class=\"alignnone size-medium wp-image-137\" src=\"https:\/\/gray-bee-883835.hostingersite.com\/wp-content\/uploads\/2025\/04\/Small-pet-raincoat-1-2-300x225.jpg\" alt=\"\" width=\"300\" height=\"225\" srcset=\"https:\/\/www.deopaws.com\/wp-content\/uploads\/2025\/04\/Small-pet-raincoat-1-2-300x225.jpg 300w, https:\/\/www.deopaws.com\/wp-content\/uploads\/2025\/04\/Small-pet-raincoat-1-2-600x450.jpg 600w, https:\/\/www.deopaws.com\/wp-content\/uploads\/2025\/04\/Small-pet-raincoat-1-2-768x576.jpg 768w, https:\/\/www.deopaws.com\/wp-content\/uploads\/2025\/04\/Small-pet-raincoat-1-2.jpg 800w\" sizes=\"auto, (max-width: 300px) 100vw, 300px\" \/><\/div>\n<div><\/div>\n<\/div>\n<\/div>\n<\/div>","protected":false},"excerpt":{"rendered":"<p>Esta cama de pel\u00facia para gatos apresenta um design suave em forma de veado que oferece um retiro quente e acolhedor para c\u00e3es pequenos e gatos de interior. O seu aspeto ador\u00e1vel e os materiais delicados tornam-na uma escolha encantadora e confort\u00e1vel para um sono tranquilo, proporcionando aos animais de estima\u00e7\u00e3o um local seguro e confort\u00e1vel para relaxar dentro de casa.<\/p>","protected":false},"featured_media":1177,"comment_status":"open","ping_status":"closed","template":"","meta":{"_acf_changed":false},"product_brand":[],"product_cat":[15,17,30],"product_tag":[],"class_list":{"0":"post-1176","1":"product","2":"type-product","3":"status-publish","4":"has-post-thumbnail","6":"product_cat-products","7":"product_cat-cat-supplies","8":"product_cat-cat-beds","10":"first","11":"instock","12":"featured","13":"shipping-taxable","14":"product-type-simple"},"acf":[],"_links":{"self":[{"href":"https:\/\/www.deopaws.com\/pt\/wp-json\/wp\/v2\/product\/1176","targetHints":{"allow":["GET"]}}],"collection":[{"href":"https:\/\/www.deopaws.com\/pt\/wp-json\/wp\/v2\/product"}],"about":[{"href":"https:\/\/www.deopaws.com\/pt\/wp-json\/wp\/v2\/types\/product"}],"replies":[{"embeddable":true,"href":"https:\/\/www.deopaws.com\/pt\/wp-json\/wp\/v2\/comments?post=1176"}],"wp:featuredmedia":[{"embeddable":true,"href":"https:\/\/www.deopaws.com\/pt\/wp-json\/wp\/v2\/media\/1177"}],"wp:attachment":[{"href":"https:\/\/www.deopaws.com\/pt\/wp-json\/wp\/v2\/media?parent=1176"}],"wp:term":[{"taxonomy":"product_brand","embeddable":true,"href":"https:\/\/www.deopaws.com\/pt\/wp-json\/wp\/v2\/product_brand?post=1176"},{"taxonomy":"product_cat","embeddable":true,"href":"https:\/\/www.deopaws.com\/pt\/wp-json\/wp\/v2\/product_cat?post=1176"},{"taxonomy":"product_tag","embeddable":true,"href":"https:\/\/www.deopaws.com\/pt\/wp-json\/wp\/v2\/product_tag?post=1176"}],"curies":[{"name":"wp","href":"https:\/\/api.w.org\/{rel}","templated":true}]}}