{"id":726,"date":"2025-05-07T16:57:03","date_gmt":"2025-05-07T08:57:03","guid":{"rendered":"https:\/\/www.deopaws.com\/?post_type=product&#038;p=726"},"modified":"2025-08-01T11:25:05","modified_gmt":"2025-08-01T03:25:05","slug":"donut-pet-bed","status":"publish","type":"product","link":"https:\/\/www.deopaws.com\/ko\/product\/donut-pet-bed\/","title":{"rendered":"\uc544\ub291\ud55c \ub3c4\ub11b \ud3ab \uce68\ub300 - \ubd80\ub4dc\ub7fd\uace0 \ud479\uc2e0\ud558\uba70 \uc138\ud0c1 \uac00\ub2a5\ud55c \uace0\uc591\uc774\uc640 \uac1c\ub97c \uc704\ud55c \uce68\ub300"},"content":{"rendered":"<h2 data-start=\"0\" data-end=\"169\">\ub3c4\ub11b \ubc18\ub824\ub3d9\ubb3c \uce68\ub300:<\/h2>\n<p class=\"\" data-start=\"0\" data-end=\"169\">\u25cf \ucc28\ubd84\ud55c \ud3b8\uc548\ud568: \uc0b0\ud0c0\ud074\ub85c\uc2a4\uc5d0\uc11c \uc601\uac10\uc744 \ubc1b\uc740 \ub465\uadfc \ub3c4\ub11b \ubaa8\uc591\uc73c\ub85c \ub514\uc790\uc778\ub41c \uc774 \ubd09\uc81c \uce68\ub300\ub294 \uace0\uc591\uc774\uc640 \ubc18\ub824\uacac\uc758 \ubd88\uc548\uac10\uc744 \uc904\uc5ec\uc8fc\ub294 \uc544\ub291\ud558\uace0 \uc548\uc804\ud55c \uacf5\uac04\uc744 \uc81c\uacf5\ud569\ub2c8\ub2e4.<\/p>\n<p class=\"\" data-start=\"171\" data-end=\"294\">\ubd80\ub4dc\ub7fd\uace0 \uc9c0\uc9c0\ub825: \uce5c\ud658\uacbd \ud3f4\ub9ac\uc5d0\uc2a4\ud14c\ub974 \uc18c\uc7ac\uc5d0 \ub450\uaecd\uace0 \ud479\uc2e0\ud55c \ucda9\uc804\uc7ac\ub97c \uc0ac\uc6a9\ud574 \ucd5c\ub300\ud55c\uc758 \ubd80\ub4dc\ub7ec\uc6c0\uacfc \ubd80\ub4dc\ub7ec\uc6b4 \uc9c0\uc9c0\ub825\uc744 \uc81c\uacf5\ud569\ub2c8\ub2e4.<\/p>\n<p class=\"\" data-start=\"296\" data-end=\"403\">\uc138\ucc99 \ubc0f \uad00\ub9ac\uac00 \uc6a9\uc774\ud569\ub2c8\ub2e4: \ubb3c\uc138\ud0c1\uc774 \uac00\ub2a5\ud558\uc5ec \uc190\uc27d\uac8c \uccad\uc18c\ud558\uace0 \uc2e0\uc120\ud568\uc744 \uc624\ub798 \uc720\uc9c0\ud560 \uc218 \uc788\uc2b5\ub2c8\ub2e4.<\/p>\n<p class=\"\" data-start=\"405\" data-end=\"527\">\u25cf \ucd95\uc81c \ubc0f \uae30\ub2a5\uc131: \uc0b0\ud0c0\ub97c \ud14c\ub9c8\ub85c \ud55c \ud504\ub9b0\ud2b8\ub85c \uc9d1\uc548 \uc7a5\uc2dd\uacfc \uc870\ud654\ub97c \uc774\ub8e8\uba74\uc11c \uacbd\ucf8c\ud55c \ud640\ub9ac\ub370\uc774 \ubd84\uc704\uae30\ub97c \ub354\ud569\ub2c8\ub2e4.<\/p>\n<p class=\"\" data-start=\"529\" data-end=\"613\">\u25cf \uac00\ubcbc\uc6b4 \ubb34\uac8c\uc640 \ud734\ub300\uc131: \ubb34\uac8c\uac00 351g\uc5d0 \ubd88\uacfc\ud574 \uc774\ub3d9\uc774\ub098 \uc5ec\ud589\uc774 \uac04\ud3b8\ud569\ub2c8\ub2e4.<\/p>\n<p class=\"\" data-start=\"615\" data-end=\"716\">\uc18c\ud615 \ubc18\ub824\ub3d9\ubb3c\uc5d0\uac8c \uc774\uc0c1\uc801\uc778 \ud06c\uae30: 50\u00d750\u00d713cm(19.7\u00d719.7\u00d75.1\") \ud06c\uae30\ub85c \uc791\uc740 \uac1c\uc640 \uace0\uc591\uc774\uc5d0\uac8c \uc801\ud569\ud569\ub2c8\ub2e4.<\/p>\n<p>&nbsp;<\/p>\n<p>&nbsp;<\/p>\n<div style=\"max-width: 800px; margin: auto; padding: 20px;\">\n<p><!-- \u5de6\u56fe\u53f3\u6587 --><\/p>\n<div style=\"display: flex; align-items: center; gap: 20px; margin-bottom: 40px; flex-wrap: wrap;\">\n<p><img loading=\"lazy\" decoding=\"async\" class=\"alignnone wp-image-733\" src=\"https:\/\/www.deopaws.com\/wp-content\/uploads\/2025\/05\/Custom-Santa-Claus-Design-Round-Donut-Calming-Pet-Bed-\u2013-Soft-Plush-Fluffy-and-Washable-for-Cats-and-Dogs-7-300x240.jpg\" alt=\"donut pet bed\" width=\"370\" height=\"296\" srcset=\"https:\/\/www.deopaws.com\/wp-content\/uploads\/2025\/05\/Custom-Santa-Claus-Design-Round-Donut-Calming-Pet-Bed-\u2013-Soft-Plush-Fluffy-and-Washable-for-Cats-and-Dogs-7-300x240.jpg 300w, https:\/\/www.deopaws.com\/wp-content\/uploads\/2025\/05\/Custom-Santa-Claus-Design-Round-Donut-Calming-Pet-Bed-\u2013-Soft-Plush-Fluffy-and-Washable-for-Cats-and-Dogs-7-600x480.jpg 600w, https:\/\/www.deopaws.com\/wp-content\/uploads\/2025\/05\/Custom-Santa-Claus-Design-Round-Donut-Calming-Pet-Bed-\u2013-Soft-Plush-Fluffy-and-Washable-for-Cats-and-Dogs-7.jpg 750w\" sizes=\"auto, (max-width: 370px) 100vw, 370px\" \/><\/p>\n<div style=\"flex: 1; min-width: 0;\">\n<p style=\"color: gray;\">\ud504\ub9ac\ubbf8\uc5c4 \ud488\uc9c8\uc758 \uace0\ud0c4\ub825 \uc12c\uc720\ub85c \ucc44\uc6cc\uc838 \uc788\uc2b5\ub2c8\ub2e4.<\/p>\n<\/div>\n<\/div>\n<p><!-- \u53f3\u56fe\u5de6\u6587 --><\/p>\n<div style=\"display: flex; flex-direction: row-reverse; align-items: center; gap: 20px; flex-wrap: wrap;\">\n<p><img loading=\"lazy\" decoding=\"async\" class=\"alignnone wp-image-727\" src=\"https:\/\/www.deopaws.com\/wp-content\/uploads\/2025\/05\/Custom-Santa-Claus-Design-Round-Donut-Calming-Pet-Bed-\u2013-Soft-Plush-Fluffy-and-Washable-for-Cats-and-Dogs-1-300x240.jpg\" alt=\"donut pet bed\" width=\"370\" height=\"296\" srcset=\"https:\/\/www.deopaws.com\/wp-content\/uploads\/2025\/05\/Custom-Santa-Claus-Design-Round-Donut-Calming-Pet-Bed-\u2013-Soft-Plush-Fluffy-and-Washable-for-Cats-and-Dogs-1-300x240.jpg 300w, https:\/\/www.deopaws.com\/wp-content\/uploads\/2025\/05\/Custom-Santa-Claus-Design-Round-Donut-Calming-Pet-Bed-\u2013-Soft-Plush-Fluffy-and-Washable-for-Cats-and-Dogs-1-600x480.jpg 600w, https:\/\/www.deopaws.com\/wp-content\/uploads\/2025\/05\/Custom-Santa-Claus-Design-Round-Donut-Calming-Pet-Bed-\u2013-Soft-Plush-Fluffy-and-Washable-for-Cats-and-Dogs-1.jpg 750w\" sizes=\"auto, (max-width: 370px) 100vw, 370px\" \/><\/p>\n<div style=\"flex: 1; min-width: 0;\">\n<p style=\"color: gray;\">\uc138\ud0c1\uae30\ub85c \uc138\ud0c1 \uac00\ub2a5<\/p>\n<\/div>\n<\/div>\n<\/div>\n<div style=\"max-width: 800px; margin: auto; padding: 20px;\">\n<p><!-- \u5de6\u56fe\u53f3\u6587 --><\/p>\n<div style=\"display: flex; align-items: center; gap: 20px; margin-bottom: 40px; flex-wrap: wrap;\">\n<p><img loading=\"lazy\" decoding=\"async\" class=\"alignnone wp-image-732\" src=\"https:\/\/www.deopaws.com\/wp-content\/uploads\/2025\/05\/Custom-Santa-Claus-Design-Round-Donut-Calming-Pet-Bed-\u2013-Soft-Plush-Fluffy-and-Washable-for-Cats-and-Dogs-6-300x240.jpg\" alt=\"donut pet bed\" width=\"370\" height=\"296\" srcset=\"https:\/\/www.deopaws.com\/wp-content\/uploads\/2025\/05\/Custom-Santa-Claus-Design-Round-Donut-Calming-Pet-Bed-\u2013-Soft-Plush-Fluffy-and-Washable-for-Cats-and-Dogs-6-300x240.jpg 300w, https:\/\/www.deopaws.com\/wp-content\/uploads\/2025\/05\/Custom-Santa-Claus-Design-Round-Donut-Calming-Pet-Bed-\u2013-Soft-Plush-Fluffy-and-Washable-for-Cats-and-Dogs-6-600x480.jpg 600w, https:\/\/www.deopaws.com\/wp-content\/uploads\/2025\/05\/Custom-Santa-Claus-Design-Round-Donut-Calming-Pet-Bed-\u2013-Soft-Plush-Fluffy-and-Washable-for-Cats-and-Dogs-6.jpg 750w\" sizes=\"auto, (max-width: 370px) 100vw, 370px\" \/><\/p>\n<div style=\"flex: 1; min-width: 0;\">\n<p style=\"color: gray;\">\uc774 \uc7a5\ub09c\uac10\uc740 \ubc18\ub824\uacac\uc758 \uc8fc\uc758\ub97c \uc9d1\uc911\uc2dc\ucf1c \ud30c\uad34\uc801\uc778 \uc539\uae30\ub97c \uc608\ubc29\ud558\ub294 \ub3d9\uc2dc\uc5d0 \uc7ac\ubbf8\uc788\uace0 \ub9e4\ub825\uc801\uc778 \ub180\uc774\ub97c \ud1b5\ud574 \uc0ac\ud68c\uc801 \uc0c1\ud638\uc791\uc6a9\uc744 \uc99d\uc9c4\ud558\uace0 \ubc18\ub824\ub3d9\ubb3c\uacfc \ubcf4\ud638\uc790 \uc0ac\uc774\uc758 \uc720\ub300\uac10\uc744 \uac15\ud654\ud558\ub294 \ub370 \ub3c4\uc6c0\uc774 \ub429\ub2c8\ub2e4.<\/p>\n<\/div>\n<\/div>\n<p><!-- \u53f3\u56fe\u5de6\u6587 --><\/p>\n<div style=\"display: flex; flex-direction: row-reverse; align-items: center; gap: 20px; flex-wrap: wrap;\">\n<p><img loading=\"lazy\" decoding=\"async\" class=\"alignnone wp-image-164\" src=\"https:\/\/gray-bee-883835.hostingersite.com\/wp-content\/uploads\/2025\/04\/1213-300x240.jpg\" alt=\"\" width=\"370\" height=\"296\" srcset=\"https:\/\/www.deopaws.com\/wp-content\/uploads\/2025\/04\/1213-300x240.jpg 300w, https:\/\/www.deopaws.com\/wp-content\/uploads\/2025\/04\/1213-600x480.jpg 600w, https:\/\/www.deopaws.com\/wp-content\/uploads\/2025\/04\/1213.jpg 750w\" sizes=\"auto, (max-width: 370px) 100vw, 370px\" \/><\/p>\n<div style=\"flex: 1; min-width: 0;\">\n<p style=\"color: gray;\">\uc774 \ubc18\ub824\uacac \uc637\uc740 \ub3c5\ud2b9\ud560 \ubfd0\ub9cc \uc544\ub2c8\ub77c \uc644\ubcbd\ud558\uac8c \ub9de\ucda4\ud654\ud560 \uc218 \uc788\uc2b5\ub2c8\ub2e4. \uace0\uac1d\uc758 \uc120\ud638\ub3c4\uc5d0 \ub530\ub77c \ub2e4\uc591\ud55c \ud06c\uae30, \uc0c9\uc0c1, \ud328\ud134 \ub610\ub294 \uc774\ub984\uc774\ub098 \ud2b9\ubcc4\ud55c \ub514\uc790\uc778\uacfc \uac19\uc740 \ub9de\ucda4\ud615 \uc790\uc218\ub97c \uc81c\uacf5\ud560 \uc218 \uc788\uc2b5\ub2c8\ub2e4. \ub530\ub77c\uc11c \uac01 \uc2a4\uc6e8\ud130\ub294 \ubc18\ub824\ub3d9\ubb3c\uacfc \ubc18\ub824\ub3d9\ubb3c \ubcf4\ud638\uc790 \ubaa8\ub450\uc758 \uc694\uad6c\ub97c \uc644\ubcbd\ud558\uac8c \ucda9\uc871\ud558\ub294 \uc138\uc0c1\uc5d0 \ub2e8 \ud558\ub098\ubfd0\uc778 \uc2a4\uc6e8\ud130\uac00 \ub418\uc5b4 \uc81c\ud488\uc758 \ub9e4\ub825\uacfc \uc2dc\uc7a5 \uacbd\uc7c1\ub825\uc744 \ub192\uc77c \uc218 \uc788\uc2b5\ub2c8\ub2e4.<\/p>\n<\/div>\n<\/div>\n<\/div>\n<div style=\"max-width: 800px; margin: auto; padding: 20px;\">\n<p><!-- \u5de6\u56fe\u53f3\u6587 --><\/p>\n<div style=\"display: flex; align-items: center; gap: 20px; margin-bottom: 40px; flex-wrap: wrap;\">\n<p><img loading=\"lazy\" decoding=\"async\" class=\"alignnone wp-image-159\" src=\"https:\/\/gray-bee-883835.hostingersite.com\/wp-content\/uploads\/2025\/04\/111-300x240.jpg\" alt=\"\" width=\"370\" height=\"296\" srcset=\"https:\/\/www.deopaws.com\/wp-content\/uploads\/2025\/04\/111-300x240.jpg 300w, https:\/\/www.deopaws.com\/wp-content\/uploads\/2025\/04\/111-600x480.jpg 600w, https:\/\/www.deopaws.com\/wp-content\/uploads\/2025\/04\/111.jpg 750w\" sizes=\"auto, (max-width: 370px) 100vw, 370px\" \/><\/p>\n<div style=\"flex: 1; min-width: 0;\">\n<p style=\"color: gray;\">\ubc18\ub824\ub3d9\ubb3c\uc758 \uac1c\uc131\uc5d0 \ub9de\uac8c \ub2e4\uc591\ud55c \uc0c9\uc0c1\uc758 \ubc18\ub824\uacac \uc637\uc774 \uc900\ube44\ub418\uc5b4 \uc788\uc2b5\ub2c8\ub2e4. \ub530\ub73b\ud55c \ub808\ub4dc, \uc0dd\uc0dd\ud55c \ube14\ub8e8, \ubd80\ub4dc\ub7ec\uc6b4 \ud551\ud06c, \ud074\ub798\uc2dd\ud55c \ube14\ub799\uacfc \ud654\uc774\ud2b8 \ub4f1 \ubc18\ub824\ub3d9\ubb3c\uc774\ub098 \uace0\uac1d\uc758 \ucde8\ud5a5\uc5d0 \ub530\ub77c \uc120\ud0dd\ud560 \uc218 \uc788\uc2b5\ub2c8\ub2e4. \uac01 \uc0c9\uc0c1\uc740 \uc2a4\ud0c0\uc77c\ub9ac\uc2dc\ud558\uba74\uc11c\ub3c4 \ub2e4\uc591\ud55c \uc0c1\ud669\uc5d0 \uc5b4\uc6b8\ub9ac\ub3c4\ub85d \uc138\uc2ec\ud558\uac8c \ub514\uc790\uc778\ub418\uc5b4 \ubaa8\ub4e0 \uc18c\ud615\uacac\uc5d0\uac8c \ud3b8\uc548\ud568\uacfc \ub9e4\ub825\uc744 \ubaa8\ub450 \uc120\uc0ac\ud569\ub2c8\ub2e4.<\/p>\n<\/div>\n<\/div>\n<p><!-- \u53f3\u56fe\u5de6\u6587 --><\/p>\n<div style=\"display: flex; flex-direction: row-reverse; align-items: center; gap: 20px; flex-wrap: wrap;\">\n<p><img loading=\"lazy\" decoding=\"async\" class=\"alignnone wp-image-160\" src=\"https:\/\/gray-bee-883835.hostingersite.com\/wp-content\/uploads\/2025\/04\/112-300x240.jpg\" alt=\"\" width=\"370\" height=\"296\" srcset=\"https:\/\/www.deopaws.com\/wp-content\/uploads\/2025\/04\/112-300x240.jpg 300w, https:\/\/www.deopaws.com\/wp-content\/uploads\/2025\/04\/112-600x480.jpg 600w, https:\/\/www.deopaws.com\/wp-content\/uploads\/2025\/04\/112.jpg 750w\" sizes=\"auto, (max-width: 370px) 100vw, 370px\" \/><\/p>\n<div style=\"flex: 1; min-width: 0;\">\n<p style=\"color: gray;\">\uc644\ubcbd\ud55c \uc0ac\uc6a9\uc790 \uc9c0\uc815 \uac00\ub2a5<\/p>\n<\/div>\n<\/div>\n<\/div>\n<div style=\"max-width: 800px; margin: auto; padding: 20px;\">\n<p><!-- \u5de6\u56fe\u53f3\u6587 --><\/p>\n<div style=\"display: flex; align-items: center; gap: 20px; margin-bottom: 40px; flex-wrap: wrap;\">\n<p><img loading=\"lazy\" decoding=\"async\" class=\"alignnone wp-image-161\" src=\"https:\/\/gray-bee-883835.hostingersite.com\/wp-content\/uploads\/2025\/04\/113-300x240.jpg\" alt=\"\" width=\"370\" height=\"296\" srcset=\"https:\/\/www.deopaws.com\/wp-content\/uploads\/2025\/04\/113-300x240.jpg 300w, https:\/\/www.deopaws.com\/wp-content\/uploads\/2025\/04\/113-600x480.jpg 600w, https:\/\/www.deopaws.com\/wp-content\/uploads\/2025\/04\/113.jpg 750w\" sizes=\"auto, (max-width: 370px) 100vw, 370px\" \/><\/p>\n<div style=\"flex: 1; min-width: 0;\">\n<p style=\"color: gray;\">\u00a0\uace0\ud488\uc9c8 \ud3f4\ub77c \ud50c\ub9ac\uc2a4 \uc18c\uc7ac\ub85c \uc81c\uc791\ub418\uc5b4 \ubd80\ub4dc\ub7ec\uc6b4 \ucd09\uac10\uacfc \ub6f0\uc5b4\ub09c \ubcf4\uc628\uc131\uc73c\ub85c \uc300\uc300\ud55c \ub0a0\uc5d0 \ucc29\uc6a9\ud558\uae30 \uc88b\uc2b5\ub2c8\ub2e4.<\/p>\n<\/div>\n<\/div>\n<p><!-- \u53f3\u56fe\u5de6\u6587 --><\/p>\n<div style=\"display: flex; flex-direction: row-reverse; align-items: center; gap: 20px; flex-wrap: wrap;\">\n<p><img loading=\"lazy\" decoding=\"async\" class=\"alignnone wp-image-157\" src=\"https:\/\/gray-bee-883835.hostingersite.com\/wp-content\/uploads\/2025\/04\/11212-300x240.jpg\" alt=\"\" width=\"370\" height=\"296\" srcset=\"https:\/\/www.deopaws.com\/wp-content\/uploads\/2025\/04\/11212-300x240.jpg 300w, https:\/\/www.deopaws.com\/wp-content\/uploads\/2025\/04\/11212-600x480.jpg 600w, https:\/\/www.deopaws.com\/wp-content\/uploads\/2025\/04\/11212.jpg 750w\" sizes=\"auto, (max-width: 370px) 100vw, 370px\" \/><\/p>\n<div style=\"flex: 1; min-width: 0;\">\n<p style=\"color: gray;\">\ucc9c\uc5d0 \ub098\ub9cc\uc758 \ub85c\uace0\ub97c \ucd94\uac00\ud558\uc5ec \ube44\uc988\ub2c8\uc2a4\ub97c \uc704\ud55c \ud6cc\ub96d\ud55c \ud310\ucd09\ubb3c\ub85c \ub9cc\ub4e4 \uc218 \uc788\uc2b5\ub2c8\ub2e4. \uc2a4\uc6e8\ud130\uc5d0\ub294 \ubcf4\uad00\uacfc \uc6b4\ubc18\uc774 \ud3b8\ub9ac\ud55c OPP \uac00\ubc29\ub3c4 \ud568\uaed8 \uc81c\uacf5\ub429\ub2c8\ub2e4.<\/p>\n<\/div>\n<\/div>\n<\/div>\n<h3>\uacf5\uc7a5 \ub514\uc2a4\ud50c\ub808\uc774<\/h3>\n<p>&nbsp;<\/p>\n<div class=\"row\">\n<div class=\"col-lg-4\"><img loading=\"lazy\" decoding=\"async\" class=\"alignnone size-medium wp-image-142\" src=\"https:\/\/gray-bee-883835.hostingersite.com\/wp-content\/uploads\/2025\/04\/Small-pet-raincoat-3_-300x225.jpg\" alt=\"\" width=\"300\" height=\"225\" srcset=\"https:\/\/www.deopaws.com\/wp-content\/uploads\/2025\/04\/Small-pet-raincoat-3_-300x225.jpg 300w, https:\/\/www.deopaws.com\/wp-content\/uploads\/2025\/04\/Small-pet-raincoat-3_-600x450.jpg 600w, https:\/\/www.deopaws.com\/wp-content\/uploads\/2025\/04\/Small-pet-raincoat-3_-768x576.jpg 768w, https:\/\/www.deopaws.com\/wp-content\/uploads\/2025\/04\/Small-pet-raincoat-3_.jpg 800w\" sizes=\"auto, (max-width: 300px) 100vw, 300px\" \/><\/div>\n<div class=\"col-lg-4\"><img loading=\"lazy\" decoding=\"async\" class=\"alignnone size-medium wp-image-138\" src=\"https:\/\/gray-bee-883835.hostingersite.com\/wp-content\/uploads\/2025\/04\/Small-pet-raincoat-2-2-300x225.jpg\" alt=\"\" width=\"300\" height=\"225\" srcset=\"https:\/\/www.deopaws.com\/wp-content\/uploads\/2025\/04\/Small-pet-raincoat-2-2-300x225.jpg 300w, https:\/\/www.deopaws.com\/wp-content\/uploads\/2025\/04\/Small-pet-raincoat-2-2-600x450.jpg 600w, https:\/\/www.deopaws.com\/wp-content\/uploads\/2025\/04\/Small-pet-raincoat-2-2-768x576.jpg 768w, https:\/\/www.deopaws.com\/wp-content\/uploads\/2025\/04\/Small-pet-raincoat-2-2.jpg 800w\" sizes=\"auto, (max-width: 300px) 100vw, 300px\" \/><\/div>\n<div class=\"col-lg-4\"><img loading=\"lazy\" decoding=\"async\" class=\"alignnone size-medium wp-image-139\" src=\"https:\/\/gray-bee-883835.hostingersite.com\/wp-content\/uploads\/2025\/04\/Small-pet-raincoat-3-2-300x225.jpg\" alt=\"\" width=\"300\" height=\"225\" srcset=\"https:\/\/www.deopaws.com\/wp-content\/uploads\/2025\/04\/Small-pet-raincoat-3-2-300x225.jpg 300w, https:\/\/www.deopaws.com\/wp-content\/uploads\/2025\/04\/Small-pet-raincoat-3-2-600x450.jpg 600w, https:\/\/www.deopaws.com\/wp-content\/uploads\/2025\/04\/Small-pet-raincoat-3-2-768x576.jpg 768w, https:\/\/www.deopaws.com\/wp-content\/uploads\/2025\/04\/Small-pet-raincoat-3-2.jpg 800w\" sizes=\"auto, (max-width: 300px) 100vw, 300px\" \/><\/div>\n<p>&nbsp;<\/p>\n<div>\n<div class=\"row\">\n<div class=\"col-lg-4\"><img loading=\"lazy\" decoding=\"async\" class=\"alignnone size-medium wp-image-141\" src=\"https:\/\/gray-bee-883835.hostingersite.com\/wp-content\/uploads\/2025\/04\/Small-pet-raincoat-2_-300x225.jpg\" alt=\"\" width=\"300\" height=\"225\" srcset=\"https:\/\/www.deopaws.com\/wp-content\/uploads\/2025\/04\/Small-pet-raincoat-2_-300x225.jpg 300w, https:\/\/www.deopaws.com\/wp-content\/uploads\/2025\/04\/Small-pet-raincoat-2_-600x450.jpg 600w, https:\/\/www.deopaws.com\/wp-content\/uploads\/2025\/04\/Small-pet-raincoat-2_-768x576.jpg 768w, https:\/\/www.deopaws.com\/wp-content\/uploads\/2025\/04\/Small-pet-raincoat-2_.jpg 800w\" sizes=\"auto, (max-width: 300px) 100vw, 300px\" \/><\/div>\n<div class=\"col-lg-4\"><img loading=\"lazy\" decoding=\"async\" class=\"alignnone size-full wp-image-1656\" src=\"https:\/\/www.deopaws.com\/wp-content\/uploads\/2025\/05\/fact-1_\u526f\u672c.jpg\" alt=\"\" width=\"300\" height=\"225\" \/><\/div>\n<div class=\"col-lg-4\"><img loading=\"lazy\" decoding=\"async\" class=\"alignnone size-medium wp-image-137\" src=\"https:\/\/gray-bee-883835.hostingersite.com\/wp-content\/uploads\/2025\/04\/Small-pet-raincoat-1-2-300x225.jpg\" alt=\"\" width=\"300\" height=\"225\" srcset=\"https:\/\/www.deopaws.com\/wp-content\/uploads\/2025\/04\/Small-pet-raincoat-1-2-300x225.jpg 300w, https:\/\/www.deopaws.com\/wp-content\/uploads\/2025\/04\/Small-pet-raincoat-1-2-600x450.jpg 600w, https:\/\/www.deopaws.com\/wp-content\/uploads\/2025\/04\/Small-pet-raincoat-1-2-768x576.jpg 768w, https:\/\/www.deopaws.com\/wp-content\/uploads\/2025\/04\/Small-pet-raincoat-1-2.jpg 800w\" sizes=\"auto, (max-width: 300px) 100vw, 300px\" \/><\/div>\n<div><\/div>\n<\/div>\n<\/div>\n<\/div>","protected":false},"excerpt":{"rendered":"<p>This Santa Claus Design Round donut pet bed offers a festive and cozy retreat for your furry friend. Made from soft, eco-friendly polyester with plush filling, it provides gentle support and helps reduce pet anxiety. Lightweight and machine-washable, it&#8217;s perfect for small pets and easy to maintain.<\/p>","protected":false},"featured_media":729,"comment_status":"open","ping_status":"closed","template":"","meta":{"_acf_changed":false},"product_brand":[],"product_cat":[15,16,23],"product_tag":[],"class_list":{"0":"post-726","1":"product","2":"type-product","3":"status-publish","4":"has-post-thumbnail","6":"product_cat-products","7":"product_cat-dog-supplies","8":"product_cat-dog-beds","10":"first","11":"instock","12":"shipping-taxable","13":"product-type-simple"},"acf":[],"_links":{"self":[{"href":"https:\/\/www.deopaws.com\/ko\/wp-json\/wp\/v2\/product\/726","targetHints":{"allow":["GET"]}}],"collection":[{"href":"https:\/\/www.deopaws.com\/ko\/wp-json\/wp\/v2\/product"}],"about":[{"href":"https:\/\/www.deopaws.com\/ko\/wp-json\/wp\/v2\/types\/product"}],"replies":[{"embeddable":true,"href":"https:\/\/www.deopaws.com\/ko\/wp-json\/wp\/v2\/comments?post=726"}],"wp:featuredmedia":[{"embeddable":true,"href":"https:\/\/www.deopaws.com\/ko\/wp-json\/wp\/v2\/media\/729"}],"wp:attachment":[{"href":"https:\/\/www.deopaws.com\/ko\/wp-json\/wp\/v2\/media?parent=726"}],"wp:term":[{"taxonomy":"product_brand","embeddable":true,"href":"https:\/\/www.deopaws.com\/ko\/wp-json\/wp\/v2\/product_brand?post=726"},{"taxonomy":"product_cat","embeddable":true,"href":"https:\/\/www.deopaws.com\/ko\/wp-json\/wp\/v2\/product_cat?post=726"},{"taxonomy":"product_tag","embeddable":true,"href":"https:\/\/www.deopaws.com\/ko\/wp-json\/wp\/v2\/product_tag?post=726"}],"curies":[{"name":"wp","href":"https:\/\/api.w.org\/{rel}","templated":true}]}}