{"id":991,"date":"2025-05-09T16:11:05","date_gmt":"2025-05-09T08:11:05","guid":{"rendered":"https:\/\/www.deopaws.com\/?post_type=product&#038;p=991"},"modified":"2025-07-31T11:27:53","modified_gmt":"2025-07-31T03:27:53","slug":"no-spill-bowls-for-dogs","status":"publish","type":"product","link":"https:\/\/www.deopaws.com\/fr\/no-spill-bowls-for-dogs\/","title":{"rendered":"Bols anti-\u00e9claboussures pour chiens - Bols d'eau et de nourriture anti-\u00e9claboussures et anti-\u00e9claboussures"},"content":{"rendered":"<h2 data-start=\"0\" data-end=\"116\">Les bols pour chiens ne peuvent pas \u00eatre renvers\u00e9s :<\/h2>\n<p>&nbsp;<\/p>\n<p class=\"\" data-start=\"0\" data-end=\"116\">\u25cf Respectueux de l'environnement : Fabriqu\u00e9 \u00e0 partir de mat\u00e9riaux non toxiques et respectueux de l'environnement, assurant \u00e0 la fois la s\u00e9curit\u00e9 de votre animal de compagnie et l'environnement.<\/p>\n<p class=\"\" data-start=\"118\" data-end=\"233\">\u25cf Conception anti-\u00e9claboussures : Comporte un design flottant et anti-\u00e9claboussures pour emp\u00eacher l'eau de se r\u00e9pandre pendant que votre chien boit.<\/p>\n<p class=\"\" data-start=\"235\" data-end=\"341\">\u25cf Pratique : Con\u00e7u pour un stockage facile de l'eau et de la nourriture pour animaux de compagnie, parfait pour le voyage ou l'utilisation \u00e0 la maison.<\/p>\n<p class=\"\" data-start=\"343\" data-end=\"418\">\u25cf L\u00e9ger et portable : Ne p\u00e8se que 1,2 g, ce qui permet de le transporter facilement.<\/p>\n<p class=\"\" data-start=\"420\" data-end=\"523\">\u25cf Compact et efficace : Dimensionn\u00e9 \u00e0 20<em data-start=\"454\" data-end=\"458\">24<\/em>10 cm, id\u00e9al pour que les animaux de compagnie de toutes tailles puissent boire sans faire de d\u00e9g\u00e2ts.<\/p>\n<p class=\"\" data-start=\"525\" data-end=\"593\">\u25cf S\u00fbr et certifi\u00e9 : Certifi\u00e9 par CE et FCC pour l'assurance de la qualit\u00e9.<\/p>\n<p>&nbsp;<\/p>\n<p>&nbsp;<\/p>\n<p>&nbsp;<\/p>\n<div style=\"max-width: 800px; margin: auto; padding: 20px;\">\n<p><!-- \u5de6\u56fe\u53f3\u6587 --><\/p>\n<div style=\"display: flex; align-items: center; gap: 20px; margin-bottom: 40px; flex-wrap: wrap;\">\n<p><img loading=\"lazy\" decoding=\"async\" class=\"alignnone wp-image-996 size-medium\" src=\"https:\/\/www.deopaws.com\/wp-content\/uploads\/2025\/05\/Water-Splash-Free-Dog-Bowl-\u2013-Floating-No-Spill-Dog-Drinking-Feeder-Anti-Splash-Design.-5-300x240.jpg\" alt=\"no spill bowls for dogs \" width=\"300\" height=\"240\" srcset=\"https:\/\/www.deopaws.com\/wp-content\/uploads\/2025\/05\/Water-Splash-Free-Dog-Bowl-\u2013-Floating-No-Spill-Dog-Drinking-Feeder-Anti-Splash-Design.-5-300x240.jpg 300w, https:\/\/www.deopaws.com\/wp-content\/uploads\/2025\/05\/Water-Splash-Free-Dog-Bowl-\u2013-Floating-No-Spill-Dog-Drinking-Feeder-Anti-Splash-Design.-5-600x480.jpg 600w, https:\/\/www.deopaws.com\/wp-content\/uploads\/2025\/05\/Water-Splash-Free-Dog-Bowl-\u2013-Floating-No-Spill-Dog-Drinking-Feeder-Anti-Splash-Design.-5.jpg 750w\" sizes=\"auto, (max-width: 300px) 100vw, 300px\" \/><\/p>\n<div style=\"flex: 1; min-width: 0;\">\n<p style=\"color: gray;\">L'abreuvoir incurv\u00e9 s'adapte \u00e0 la structure buccale du chien, ce qui lui permet de boire en douceur et de mani\u00e8re plus naturelle.<\/p>\n<\/div>\n<\/div>\n<p><!-- \u53f3\u56fe\u5de6\u6587 --><\/p>\n<div style=\"display: flex; flex-direction: row-reverse; align-items: center; gap: 20px; flex-wrap: wrap;\">\n<p><img loading=\"lazy\" decoding=\"async\" class=\"alignnone wp-image-994 size-medium\" src=\"https:\/\/www.deopaws.com\/wp-content\/uploads\/2025\/05\/Water-Splash-Free-Dog-Bowl-\u2013-Floating-No-Spill-Dog-Drinking-Feeder-Anti-Splash-Design.-3-300x240.jpg\" alt=\"no spill bowls for dogs \" width=\"300\" height=\"240\" srcset=\"https:\/\/www.deopaws.com\/wp-content\/uploads\/2025\/05\/Water-Splash-Free-Dog-Bowl-\u2013-Floating-No-Spill-Dog-Drinking-Feeder-Anti-Splash-Design.-3-300x240.jpg 300w, https:\/\/www.deopaws.com\/wp-content\/uploads\/2025\/05\/Water-Splash-Free-Dog-Bowl-\u2013-Floating-No-Spill-Dog-Drinking-Feeder-Anti-Splash-Design.-3-600x480.jpg 600w, https:\/\/www.deopaws.com\/wp-content\/uploads\/2025\/05\/Water-Splash-Free-Dog-Bowl-\u2013-Floating-No-Spill-Dog-Drinking-Feeder-Anti-Splash-Design.-3.jpg 750w\" sizes=\"auto, (max-width: 300px) 100vw, 300px\" \/><\/p>\n<div style=\"flex: 1; min-width: 0;\">\n<p style=\"color: gray;\">Le tapis antid\u00e9rapant aux quatre coins du fond garantit la stabilit\u00e9 et la s\u00e9curit\u00e9 de l'abreuvoir de l'animal.<\/p>\n<\/div>\n<\/div>\n<\/div>\n<div style=\"max-width: 800px; margin: auto; padding: 20px;\">\n<p><!-- \u5de6\u56fe\u53f3\u6587 --><\/p>\n<div style=\"display: flex; align-items: center; gap: 20px; margin-bottom: 40px; flex-wrap: wrap;\">\n<p><img loading=\"lazy\" decoding=\"async\" class=\"alignnone wp-image-992 size-medium\" src=\"https:\/\/www.deopaws.com\/wp-content\/uploads\/2025\/05\/Water-Splash-Free-Dog-Bowl-\u2013-Floating-No-Spill-Dog-Drinking-Feeder-Anti-Splash-Design.-1-300x240.jpg\" alt=\"no spill bowls for dogs \" width=\"300\" height=\"240\" srcset=\"https:\/\/www.deopaws.com\/wp-content\/uploads\/2025\/05\/Water-Splash-Free-Dog-Bowl-\u2013-Floating-No-Spill-Dog-Drinking-Feeder-Anti-Splash-Design.-1-300x240.jpg 300w, https:\/\/www.deopaws.com\/wp-content\/uploads\/2025\/05\/Water-Splash-Free-Dog-Bowl-\u2013-Floating-No-Spill-Dog-Drinking-Feeder-Anti-Splash-Design.-1-600x480.jpg 600w, https:\/\/www.deopaws.com\/wp-content\/uploads\/2025\/05\/Water-Splash-Free-Dog-Bowl-\u2013-Floating-No-Spill-Dog-Drinking-Feeder-Anti-Splash-Design.-1.jpg 750w\" sizes=\"auto, (max-width: 300px) 100vw, 300px\" \/><\/p>\n<div style=\"flex: 1; min-width: 0;\">\n<p style=\"color: gray;\">L'abreuvoir peut \u00eatre s\u00e9par\u00e9 pour faciliter le d\u00e9montage et le nettoyage. Il est dot\u00e9 d'une barre lat\u00e9rale anti-\u00e9claboussures et d'une planche flottante.<\/p>\n<\/div>\n<\/div>\n<p><!-- \u53f3\u56fe\u5de6\u6587 --><\/p>\n<div style=\"display: flex; flex-direction: row-reverse; align-items: center; gap: 20px; flex-wrap: wrap;\">\n<p><img loading=\"lazy\" decoding=\"async\" class=\"alignnone wp-image-999 size-medium\" src=\"https:\/\/www.deopaws.com\/wp-content\/uploads\/2025\/05\/H61599688f8a448dd8abc1438bbcd0a48v_\u526f\u672c-300x240.jpg\" alt=\"no spill bowls for dogs \" width=\"300\" height=\"240\" srcset=\"https:\/\/www.deopaws.com\/wp-content\/uploads\/2025\/05\/H61599688f8a448dd8abc1438bbcd0a48v_\u526f\u672c-300x240.jpg 300w, https:\/\/www.deopaws.com\/wp-content\/uploads\/2025\/05\/H61599688f8a448dd8abc1438bbcd0a48v_\u526f\u672c-600x480.jpg 600w, https:\/\/www.deopaws.com\/wp-content\/uploads\/2025\/05\/H61599688f8a448dd8abc1438bbcd0a48v_\u526f\u672c.jpg 750w\" sizes=\"auto, (max-width: 300px) 100vw, 300px\" \/><\/p>\n<div style=\"flex: 1; min-width: 0;\">\n<p style=\"color: gray;\">Pr\u00e9vient l'humidification de la bouche, \u00e9vite le jaunissement et aide \u00e0 pr\u00e9venir les maladies de la peau caus\u00e9es par l'humidit\u00e9 du visage.<\/p>\n<\/div>\n<\/div>\n<\/div>\n<div style=\"max-width: 800px; margin: auto; padding: 20px;\">\n<p><!-- \u5de6\u56fe\u53f3\u6587 --><\/p>\n<div style=\"display: flex; align-items: center; gap: 20px; margin-bottom: 40px; flex-wrap: wrap;\">\n<p><img loading=\"lazy\" decoding=\"async\" class=\"alignnone wp-image-995 size-medium\" src=\"https:\/\/www.deopaws.com\/wp-content\/uploads\/2025\/05\/Water-Splash-Free-Dog-Bowl-\u2013-Floating-No-Spill-Dog-Drinking-Feeder-Anti-Splash-Design.-4-300x240.jpg\" alt=\"no spill bowls for dogs \" width=\"300\" height=\"240\" srcset=\"https:\/\/www.deopaws.com\/wp-content\/uploads\/2025\/05\/Water-Splash-Free-Dog-Bowl-\u2013-Floating-No-Spill-Dog-Drinking-Feeder-Anti-Splash-Design.-4-300x240.jpg 300w, https:\/\/www.deopaws.com\/wp-content\/uploads\/2025\/05\/Water-Splash-Free-Dog-Bowl-\u2013-Floating-No-Spill-Dog-Drinking-Feeder-Anti-Splash-Design.-4-600x480.jpg 600w, https:\/\/www.deopaws.com\/wp-content\/uploads\/2025\/05\/Water-Splash-Free-Dog-Bowl-\u2013-Floating-No-Spill-Dog-Drinking-Feeder-Anti-Splash-Design.-4.jpg 750w\" sizes=\"auto, (max-width: 300px) 100vw, 300px\" \/><\/p>\n<div style=\"flex: 1; min-width: 0;\">\n<p style=\"color: gray;\">L'abreuvoir de voiture avec bols anti-\u00e9claboussures pour chiens est dot\u00e9 d'une bande anti-\u00e9claboussures, emp\u00eachant les fuites d'eau lors des secousses et s'adaptant aux diff\u00e9rents environnements des v\u00e9hicules.<\/p>\n<\/div>\n<\/div>\n<\/div>\n<h3>Affichage d'usine<\/h3>\n<p>&nbsp;<\/p>\n<div class=\"row\">\n<div class=\"col-lg-4\"><img loading=\"lazy\" decoding=\"async\" class=\"alignnone size-medium wp-image-142\" src=\"https:\/\/gray-bee-883835.hostingersite.com\/wp-content\/uploads\/2025\/04\/Small-pet-raincoat-3_-300x225.jpg\" alt=\"\" width=\"300\" height=\"225\" srcset=\"https:\/\/www.deopaws.com\/wp-content\/uploads\/2025\/04\/Small-pet-raincoat-3_-300x225.jpg 300w, https:\/\/www.deopaws.com\/wp-content\/uploads\/2025\/04\/Small-pet-raincoat-3_-600x450.jpg 600w, https:\/\/www.deopaws.com\/wp-content\/uploads\/2025\/04\/Small-pet-raincoat-3_-768x576.jpg 768w, https:\/\/www.deopaws.com\/wp-content\/uploads\/2025\/04\/Small-pet-raincoat-3_.jpg 800w\" sizes=\"auto, (max-width: 300px) 100vw, 300px\" \/><\/div>\n<div class=\"col-lg-4\"><img loading=\"lazy\" decoding=\"async\" class=\"alignnone size-medium wp-image-138\" src=\"https:\/\/gray-bee-883835.hostingersite.com\/wp-content\/uploads\/2025\/04\/Small-pet-raincoat-2-2-300x225.jpg\" alt=\"\" width=\"300\" height=\"225\" srcset=\"https:\/\/www.deopaws.com\/wp-content\/uploads\/2025\/04\/Small-pet-raincoat-2-2-300x225.jpg 300w, https:\/\/www.deopaws.com\/wp-content\/uploads\/2025\/04\/Small-pet-raincoat-2-2-600x450.jpg 600w, https:\/\/www.deopaws.com\/wp-content\/uploads\/2025\/04\/Small-pet-raincoat-2-2-768x576.jpg 768w, https:\/\/www.deopaws.com\/wp-content\/uploads\/2025\/04\/Small-pet-raincoat-2-2.jpg 800w\" sizes=\"auto, (max-width: 300px) 100vw, 300px\" \/><\/div>\n<div class=\"col-lg-4\"><img loading=\"lazy\" decoding=\"async\" class=\"alignnone size-medium wp-image-139\" src=\"https:\/\/gray-bee-883835.hostingersite.com\/wp-content\/uploads\/2025\/04\/Small-pet-raincoat-3-2-300x225.jpg\" alt=\"\" width=\"300\" height=\"225\" srcset=\"https:\/\/www.deopaws.com\/wp-content\/uploads\/2025\/04\/Small-pet-raincoat-3-2-300x225.jpg 300w, https:\/\/www.deopaws.com\/wp-content\/uploads\/2025\/04\/Small-pet-raincoat-3-2-600x450.jpg 600w, https:\/\/www.deopaws.com\/wp-content\/uploads\/2025\/04\/Small-pet-raincoat-3-2-768x576.jpg 768w, https:\/\/www.deopaws.com\/wp-content\/uploads\/2025\/04\/Small-pet-raincoat-3-2.jpg 800w\" sizes=\"auto, (max-width: 300px) 100vw, 300px\" \/><\/div>\n<p>&nbsp;<\/p>\n<div>\n<div class=\"row\">\n<div class=\"col-lg-4\"><img loading=\"lazy\" decoding=\"async\" class=\"alignnone size-medium wp-image-141\" src=\"https:\/\/gray-bee-883835.hostingersite.com\/wp-content\/uploads\/2025\/04\/Small-pet-raincoat-2_-300x225.jpg\" alt=\"\" width=\"300\" height=\"225\" srcset=\"https:\/\/www.deopaws.com\/wp-content\/uploads\/2025\/04\/Small-pet-raincoat-2_-300x225.jpg 300w, https:\/\/www.deopaws.com\/wp-content\/uploads\/2025\/04\/Small-pet-raincoat-2_-600x450.jpg 600w, https:\/\/www.deopaws.com\/wp-content\/uploads\/2025\/04\/Small-pet-raincoat-2_-768x576.jpg 768w, https:\/\/www.deopaws.com\/wp-content\/uploads\/2025\/04\/Small-pet-raincoat-2_.jpg 800w\" sizes=\"auto, (max-width: 300px) 100vw, 300px\" \/><\/div>\n<div class=\"col-lg-4\"><img loading=\"lazy\" decoding=\"async\" class=\"alignnone size-full wp-image-1656\" src=\"https:\/\/www.deopaws.com\/wp-content\/uploads\/2025\/05\/fact-1_\u526f\u672c.jpg\" alt=\"\" width=\"300\" height=\"225\" \/><\/div>\n<div class=\"col-lg-4\"><img loading=\"lazy\" decoding=\"async\" class=\"alignnone size-medium wp-image-137\" src=\"https:\/\/gray-bee-883835.hostingersite.com\/wp-content\/uploads\/2025\/04\/Small-pet-raincoat-1-2-300x225.jpg\" alt=\"\" width=\"300\" height=\"225\" srcset=\"https:\/\/www.deopaws.com\/wp-content\/uploads\/2025\/04\/Small-pet-raincoat-1-2-300x225.jpg 300w, https:\/\/www.deopaws.com\/wp-content\/uploads\/2025\/04\/Small-pet-raincoat-1-2-600x450.jpg 600w, https:\/\/www.deopaws.com\/wp-content\/uploads\/2025\/04\/Small-pet-raincoat-1-2-768x576.jpg 768w, https:\/\/www.deopaws.com\/wp-content\/uploads\/2025\/04\/Small-pet-raincoat-1-2.jpg 800w\" sizes=\"auto, (max-width: 300px) 100vw, 300px\" \/><\/div>\n<div><\/div>\n<\/div>\n<\/div>\n<\/div>","protected":false},"excerpt":{"rendered":"<p>Les bols anti-\u00e9claboussures pour chiens sont dot\u00e9s d'une conception flottante et anti-\u00e9claboussures qui emp\u00eache efficacement les \u00e9claboussures. Fabriqu\u00e9es en silicone et en ABS respectueux de l'environnement, ces gamelles garantissent une hydratation et un stockage des aliments sans d\u00e9g\u00e2ts. Compactes et certifi\u00e9es, elles constituent une solution pratique et durable pour l'alimentation de votre animal.<\/p>","protected":false},"featured_media":998,"comment_status":"open","ping_status":"closed","template":"","meta":{"_acf_changed":false},"product_brand":[],"product_cat":[15,16,28],"product_tag":[],"class_list":{"0":"post-991","1":"product","2":"type-product","3":"status-publish","4":"has-post-thumbnail","6":"product_cat-products","7":"product_cat-dog-supplies","8":"product_cat-dog-feeding-watering-supplies","10":"first","11":"instock","12":"shipping-taxable","13":"product-type-simple"},"acf":[],"_links":{"self":[{"href":"https:\/\/www.deopaws.com\/fr\/wp-json\/wp\/v2\/product\/991","targetHints":{"allow":["GET"]}}],"collection":[{"href":"https:\/\/www.deopaws.com\/fr\/wp-json\/wp\/v2\/product"}],"about":[{"href":"https:\/\/www.deopaws.com\/fr\/wp-json\/wp\/v2\/types\/product"}],"replies":[{"embeddable":true,"href":"https:\/\/www.deopaws.com\/fr\/wp-json\/wp\/v2\/comments?post=991"}],"wp:featuredmedia":[{"embeddable":true,"href":"https:\/\/www.deopaws.com\/fr\/wp-json\/wp\/v2\/media\/998"}],"wp:attachment":[{"href":"https:\/\/www.deopaws.com\/fr\/wp-json\/wp\/v2\/media?parent=991"}],"wp:term":[{"taxonomy":"product_brand","embeddable":true,"href":"https:\/\/www.deopaws.com\/fr\/wp-json\/wp\/v2\/product_brand?post=991"},{"taxonomy":"product_cat","embeddable":true,"href":"https:\/\/www.deopaws.com\/fr\/wp-json\/wp\/v2\/product_cat?post=991"},{"taxonomy":"product_tag","embeddable":true,"href":"https:\/\/www.deopaws.com\/fr\/wp-json\/wp\/v2\/product_tag?post=991"}],"curies":[{"name":"wp","href":"https:\/\/api.w.org\/{rel}","templated":true}]}}