{"id":775,"date":"2025-05-08T10:49:26","date_gmt":"2025-05-08T02:49:26","guid":{"rendered":"https:\/\/www.deopaws.com\/?post_type=product&#038;p=775"},"modified":"2025-08-01T09:42:31","modified_gmt":"2025-08-01T01:42:31","slug":"custom-waterproof-dog-bed-cover-pet-blanket","status":"publish","type":"product","link":"https:\/\/www.deopaws.com\/fr\/custom-waterproof-dog-bed-cover-pet-blanket\/","title":{"rendered":"Couverture de lit pour chien imperm\u00e9able - Couverture pour animaux de compagnie pour meubles, lits, canap\u00e9s et sofas"},"content":{"rendered":"<h2 data-start=\"0\" data-end=\"198\">Housse de lit pour chien imperm\u00e9able :<\/h2>\n<p>&nbsp;<\/p>\n<p class=\"\" data-start=\"0\" data-end=\"198\">\u25cf Protection imperm\u00e9able : Fabriqu\u00e9e en polyester durable, cette couverture de lit pour chien constitue une barri\u00e8re imperm\u00e9able fiable pour prot\u00e9ger vos meubles, lits, canap\u00e9s et sofas contre les accidents ou les d\u00e9versements d'animaux de compagnie.<\/p>\n<p class=\"\" data-start=\"200\" data-end=\"327\">\u25cf Doux et confortable : Le tissu lisse assure une sensation douillette pour votre chien tout en offrant une excellente protection de surface pour votre maison.<\/p>\n<p class=\"\" data-start=\"329\" data-end=\"439\">\u25cf Facile \u00e0 nettoyer : Lavable en machine pour un entretien rapide et pratique, gardant votre maison fra\u00eeche et sans d\u00e9sordre.<\/p>\n<p class=\"\" data-start=\"441\" data-end=\"537\">\u25cf Design minimaliste : Pr\u00e9sente un aspect \u00e9pur\u00e9, sans motif, qui se fond facilement dans le d\u00e9cor de n'importe quelle pi\u00e8ce.<\/p>\n<p class=\"\" data-start=\"539\" data-end=\"645\">\u25cf L\u00e9ger et portable : Ne p\u00e8se que 430g et se plie facilement, ce qui le rend parfait pour les voyages ou l'utilisation quotidienne.<\/p>\n<p class=\"\" data-start=\"647\" data-end=\"732\">\u25cf Taille g\u00e9n\u00e9reuse : Mesure 29,5\u00d729,5\u00d73,55\", id\u00e9al pour la plupart des animaux de compagnie de taille petite \u00e0 moyenne.<\/p>\n<p>&nbsp;<\/p>\n<p>&nbsp;<\/p>\n<div style=\"max-width: 800px; margin: auto; padding: 20px;\">\n<p><!-- \u5de6\u56fe\u53f3\u6587 --><\/p>\n<div style=\"display: flex; align-items: center; gap: 20px; margin-bottom: 40px; flex-wrap: wrap;\">\n<p><img loading=\"lazy\" decoding=\"async\" class=\"alignnone wp-image-778\" src=\"https:\/\/www.deopaws.com\/wp-content\/uploads\/2025\/05\/Custom-Waterproof-Dog-Bed-Cover-\u2013-Pet-Blanket-for-Furniture-Beds-Couches-and-Sofas-3-300x240.jpg\" alt=\"waterproof dog bed cover\" width=\"370\" height=\"296\" srcset=\"https:\/\/www.deopaws.com\/wp-content\/uploads\/2025\/05\/Custom-Waterproof-Dog-Bed-Cover-\u2013-Pet-Blanket-for-Furniture-Beds-Couches-and-Sofas-3-300x240.jpg 300w, https:\/\/www.deopaws.com\/wp-content\/uploads\/2025\/05\/Custom-Waterproof-Dog-Bed-Cover-\u2013-Pet-Blanket-for-Furniture-Beds-Couches-and-Sofas-3-600x480.jpg 600w, https:\/\/www.deopaws.com\/wp-content\/uploads\/2025\/05\/Custom-Waterproof-Dog-Bed-Cover-\u2013-Pet-Blanket-for-Furniture-Beds-Couches-and-Sofas-3.jpg 750w\" sizes=\"auto, (max-width: 370px) 100vw, 370px\" \/><\/p>\n<div style=\"flex: 1; min-width: 0;\">\n<p style=\"color: gray;\">Nos jouets pour chiens sont con\u00e7us pour satisfaire l'instinct naturel de la plupart des chiens. Ils ont la forme d'un animal et sont disponibles en plusieurs couleurs.<\/p>\n<\/div>\n<\/div>\n<p><!-- \u53f3\u56fe\u5de6\u6587 --><\/p>\n<div style=\"display: flex; flex-direction: row-reverse; align-items: center; gap: 20px; flex-wrap: wrap;\">\n<p><img loading=\"lazy\" decoding=\"async\" class=\"alignnone wp-image-780\" src=\"https:\/\/www.deopaws.com\/wp-content\/uploads\/2025\/05\/Custom-Waterproof-Dog-Bed-Cover-\u2013-Pet-Blanket-for-Furniture-Beds-Couches-and-Sofas-5-300x240.jpg\" alt=\"waterproof dog bed cover\" width=\"370\" height=\"296\" srcset=\"https:\/\/www.deopaws.com\/wp-content\/uploads\/2025\/05\/Custom-Waterproof-Dog-Bed-Cover-\u2013-Pet-Blanket-for-Furniture-Beds-Couches-and-Sofas-5-300x240.jpg 300w, https:\/\/www.deopaws.com\/wp-content\/uploads\/2025\/05\/Custom-Waterproof-Dog-Bed-Cover-\u2013-Pet-Blanket-for-Furniture-Beds-Couches-and-Sofas-5-600x480.jpg 600w, https:\/\/www.deopaws.com\/wp-content\/uploads\/2025\/05\/Custom-Waterproof-Dog-Bed-Cover-\u2013-Pet-Blanket-for-Furniture-Beds-Couches-and-Sofas-5.jpg 750w\" sizes=\"auto, (max-width: 370px) 100vw, 370px\" \/><\/p>\n<div style=\"flex: 1; min-width: 0;\">\n<p style=\"color: gray;\">Satisfait le d\u00e9sir de mastication de l'animal et renforce son int\u00e9r\u00eat pour les exercices.<\/p>\n<\/div>\n<\/div>\n<\/div>\n<div style=\"max-width: 800px; margin: auto; padding: 20px;\">\n<p><!-- \u5de6\u56fe\u53f3\u6587 --><\/p>\n<div style=\"display: flex; align-items: center; gap: 20px; margin-bottom: 40px; flex-wrap: wrap;\">\n<p><img loading=\"lazy\" decoding=\"async\" class=\"alignnone wp-image-776\" src=\"https:\/\/www.deopaws.com\/wp-content\/uploads\/2025\/05\/Custom-Waterproof-Dog-Bed-Cover-\u2013-Pet-Blanket-for-Furniture-Beds-Couches-and-Sofas-1-300x240.jpg\" alt=\"waterproof dog bed cover\" width=\"370\" height=\"296\" srcset=\"https:\/\/www.deopaws.com\/wp-content\/uploads\/2025\/05\/Custom-Waterproof-Dog-Bed-Cover-\u2013-Pet-Blanket-for-Furniture-Beds-Couches-and-Sofas-1-300x240.jpg 300w, https:\/\/www.deopaws.com\/wp-content\/uploads\/2025\/05\/Custom-Waterproof-Dog-Bed-Cover-\u2013-Pet-Blanket-for-Furniture-Beds-Couches-and-Sofas-1-600x480.jpg 600w, https:\/\/www.deopaws.com\/wp-content\/uploads\/2025\/05\/Custom-Waterproof-Dog-Bed-Cover-\u2013-Pet-Blanket-for-Furniture-Beds-Couches-and-Sofas-1.jpg 750w\" sizes=\"auto, (max-width: 370px) 100vw, 370px\" \/><\/p>\n<div style=\"flex: 1; min-width: 0;\">\n<p style=\"color: gray;\">La housse de lit imperm\u00e9able pour chien est dot\u00e9e d'un fond antid\u00e9rapant qui la maintient bien en place sur les canap\u00e9s, les lits et autres meubles, assurant ainsi confort et stabilit\u00e9 \u00e0 votre animal.<\/p>\n<\/div>\n<\/div>\n<p><!-- \u53f3\u56fe\u5de6\u6587 --><\/p>\n<div style=\"display: flex; flex-direction: row-reverse; align-items: center; gap: 20px; flex-wrap: wrap;\">\n<p><img loading=\"lazy\" decoding=\"async\" class=\"alignnone wp-image-164\" src=\"https:\/\/gray-bee-883835.hostingersite.com\/wp-content\/uploads\/2025\/04\/1213-300x240.jpg\" alt=\"\" width=\"370\" height=\"296\" srcset=\"https:\/\/www.deopaws.com\/wp-content\/uploads\/2025\/04\/1213-300x240.jpg 300w, https:\/\/www.deopaws.com\/wp-content\/uploads\/2025\/04\/1213-600x480.jpg 600w, https:\/\/www.deopaws.com\/wp-content\/uploads\/2025\/04\/1213.jpg 750w\" sizes=\"auto, (max-width: 370px) 100vw, 370px\" \/><\/p>\n<div style=\"flex: 1; min-width: 0;\">\n<p style=\"color: gray;\">Ces v\u00eatements pour chiens sont non seulement uniques, mais aussi enti\u00e8rement personnalisables. Vous pouvez proposer diff\u00e9rentes tailles, couleurs, motifs ou broderies personnalis\u00e9es, telles que des noms ou des dessins sp\u00e9ciaux, en fonction des pr\u00e9f\u00e9rences de vos clients. Chaque pull est ainsi unique et parfaitement adapt\u00e9 aux besoins des animaux de compagnie et de leurs propri\u00e9taires, ce qui renforce l'attrait du produit et sa comp\u00e9titivit\u00e9 sur le march\u00e9.<\/p>\n<\/div>\n<\/div>\n<\/div>\n<div style=\"max-width: 800px; margin: auto; padding: 20px;\">\n<p><!-- \u5de6\u56fe\u53f3\u6587 --><\/p>\n<div style=\"display: flex; align-items: center; gap: 20px; margin-bottom: 40px; flex-wrap: wrap;\">\n<p><img loading=\"lazy\" decoding=\"async\" class=\"alignnone wp-image-159\" src=\"https:\/\/gray-bee-883835.hostingersite.com\/wp-content\/uploads\/2025\/04\/111-300x240.jpg\" alt=\"\" width=\"370\" height=\"296\" srcset=\"https:\/\/www.deopaws.com\/wp-content\/uploads\/2025\/04\/111-300x240.jpg 300w, https:\/\/www.deopaws.com\/wp-content\/uploads\/2025\/04\/111-600x480.jpg 600w, https:\/\/www.deopaws.com\/wp-content\/uploads\/2025\/04\/111.jpg 750w\" sizes=\"auto, (max-width: 370px) 100vw, 370px\" \/><\/p>\n<div style=\"flex: 1; min-width: 0;\">\n<p style=\"color: gray;\">Ces serviettes pour chiens sont disponibles dans une large gamme de couleurs pour s'adapter aux diff\u00e9rentes personnalit\u00e9s des animaux de compagnie. Qu'il s'agisse de rouges chauds, de bleus vibrants, de roses tendres ou de noirs et blancs classiques, vous pouvez choisir en fonction des pr\u00e9f\u00e9rences de votre animal ou de votre client. Chaque couleur est soigneusement con\u00e7ue pour \u00eatre \u00e0 la fois \u00e9l\u00e9gante et adapt\u00e9e \u00e0 diverses occasions, offrant \u00e0 la fois confort et charme \u00e0 chaque petit chien.<\/p>\n<\/div>\n<\/div>\n<p><!-- \u53f3\u56fe\u5de6\u6587 --><\/p>\n<div style=\"display: flex; flex-direction: row-reverse; align-items: center; gap: 20px; flex-wrap: wrap;\">\n<p><img loading=\"lazy\" decoding=\"async\" class=\"alignnone wp-image-160\" src=\"https:\/\/gray-bee-883835.hostingersite.com\/wp-content\/uploads\/2025\/04\/112-300x240.jpg\" alt=\"\" width=\"370\" height=\"296\" srcset=\"https:\/\/www.deopaws.com\/wp-content\/uploads\/2025\/04\/112-300x240.jpg 300w, https:\/\/www.deopaws.com\/wp-content\/uploads\/2025\/04\/112-600x480.jpg 600w, https:\/\/www.deopaws.com\/wp-content\/uploads\/2025\/04\/112.jpg 750w\" sizes=\"auto, (max-width: 370px) 100vw, 370px\" \/><\/p>\n<div style=\"flex: 1; min-width: 0;\">\n<p style=\"color: gray;\">Enti\u00e8rement personnalisable<\/p>\n<\/div>\n<\/div>\n<\/div>\n<div style=\"max-width: 800px; margin: auto; padding: 20px;\">\n<p><!-- \u5de6\u56fe\u53f3\u6587 --><\/p>\n<div style=\"display: flex; align-items: center; gap: 20px; margin-bottom: 40px; flex-wrap: wrap;\">\n<p><img loading=\"lazy\" decoding=\"async\" class=\"alignnone wp-image-161\" src=\"https:\/\/gray-bee-883835.hostingersite.com\/wp-content\/uploads\/2025\/04\/113-300x240.jpg\" alt=\"\" width=\"370\" height=\"296\" srcset=\"https:\/\/www.deopaws.com\/wp-content\/uploads\/2025\/04\/113-300x240.jpg 300w, https:\/\/www.deopaws.com\/wp-content\/uploads\/2025\/04\/113-600x480.jpg 600w, https:\/\/www.deopaws.com\/wp-content\/uploads\/2025\/04\/113.jpg 750w\" sizes=\"auto, (max-width: 370px) 100vw, 370px\" \/><\/p>\n<div style=\"flex: 1; min-width: 0;\">\n<p style=\"color: gray;\">\u00a0Fabriqu\u00e9 en polaire de haute qualit\u00e9, il offre un toucher doux et une excellente isolation pour les journ\u00e9es fra\u00eeches.<\/p>\n<\/div>\n<\/div>\n<p><!-- \u53f3\u56fe\u5de6\u6587 --><\/p>\n<div style=\"display: flex; flex-direction: row-reverse; align-items: center; gap: 20px; flex-wrap: wrap;\">\n<p><img loading=\"lazy\" decoding=\"async\" class=\"alignnone wp-image-157\" src=\"https:\/\/gray-bee-883835.hostingersite.com\/wp-content\/uploads\/2025\/04\/11212-300x240.jpg\" alt=\"\" width=\"370\" height=\"296\" srcset=\"https:\/\/www.deopaws.com\/wp-content\/uploads\/2025\/04\/11212-300x240.jpg 300w, https:\/\/www.deopaws.com\/wp-content\/uploads\/2025\/04\/11212-600x480.jpg 600w, https:\/\/www.deopaws.com\/wp-content\/uploads\/2025\/04\/11212.jpg 750w\" sizes=\"auto, (max-width: 370px) 100vw, 370px\" \/><\/p>\n<div style=\"flex: 1; min-width: 0;\">\n<p style=\"color: gray;\">Vous pouvez y apposer votre propre logo pour en faire un excellent produit promotionnel pour votre entreprise. Le pull est \u00e9galement livr\u00e9 avec un sac OPP pratique pour faciliter le stockage et le transport.<\/p>\n<\/div>\n<\/div>\n<\/div>\n<h3>Affichage d'usine<\/h3>\n<p>&nbsp;<\/p>\n<div class=\"row\">\n<div class=\"col-lg-4\"><img loading=\"lazy\" decoding=\"async\" class=\"alignnone size-medium wp-image-142\" src=\"https:\/\/gray-bee-883835.hostingersite.com\/wp-content\/uploads\/2025\/04\/Small-pet-raincoat-3_-300x225.jpg\" alt=\"\" width=\"300\" height=\"225\" srcset=\"https:\/\/www.deopaws.com\/wp-content\/uploads\/2025\/04\/Small-pet-raincoat-3_-300x225.jpg 300w, https:\/\/www.deopaws.com\/wp-content\/uploads\/2025\/04\/Small-pet-raincoat-3_-600x450.jpg 600w, https:\/\/www.deopaws.com\/wp-content\/uploads\/2025\/04\/Small-pet-raincoat-3_-768x576.jpg 768w, https:\/\/www.deopaws.com\/wp-content\/uploads\/2025\/04\/Small-pet-raincoat-3_.jpg 800w\" sizes=\"auto, (max-width: 300px) 100vw, 300px\" \/><\/div>\n<div class=\"col-lg-4\"><img loading=\"lazy\" decoding=\"async\" class=\"alignnone size-medium wp-image-138\" src=\"https:\/\/gray-bee-883835.hostingersite.com\/wp-content\/uploads\/2025\/04\/Small-pet-raincoat-2-2-300x225.jpg\" alt=\"\" width=\"300\" height=\"225\" srcset=\"https:\/\/www.deopaws.com\/wp-content\/uploads\/2025\/04\/Small-pet-raincoat-2-2-300x225.jpg 300w, https:\/\/www.deopaws.com\/wp-content\/uploads\/2025\/04\/Small-pet-raincoat-2-2-600x450.jpg 600w, https:\/\/www.deopaws.com\/wp-content\/uploads\/2025\/04\/Small-pet-raincoat-2-2-768x576.jpg 768w, https:\/\/www.deopaws.com\/wp-content\/uploads\/2025\/04\/Small-pet-raincoat-2-2.jpg 800w\" sizes=\"auto, (max-width: 300px) 100vw, 300px\" \/><\/div>\n<div class=\"col-lg-4\"><img loading=\"lazy\" decoding=\"async\" class=\"alignnone size-medium wp-image-139\" src=\"https:\/\/gray-bee-883835.hostingersite.com\/wp-content\/uploads\/2025\/04\/Small-pet-raincoat-3-2-300x225.jpg\" alt=\"\" width=\"300\" height=\"225\" srcset=\"https:\/\/www.deopaws.com\/wp-content\/uploads\/2025\/04\/Small-pet-raincoat-3-2-300x225.jpg 300w, https:\/\/www.deopaws.com\/wp-content\/uploads\/2025\/04\/Small-pet-raincoat-3-2-600x450.jpg 600w, https:\/\/www.deopaws.com\/wp-content\/uploads\/2025\/04\/Small-pet-raincoat-3-2-768x576.jpg 768w, https:\/\/www.deopaws.com\/wp-content\/uploads\/2025\/04\/Small-pet-raincoat-3-2.jpg 800w\" sizes=\"auto, (max-width: 300px) 100vw, 300px\" \/><\/div>\n<p>&nbsp;<\/p>\n<div>\n<div class=\"row\">\n<div class=\"col-lg-4\"><img loading=\"lazy\" decoding=\"async\" class=\"alignnone size-medium wp-image-141\" src=\"https:\/\/gray-bee-883835.hostingersite.com\/wp-content\/uploads\/2025\/04\/Small-pet-raincoat-2_-300x225.jpg\" alt=\"\" width=\"300\" height=\"225\" srcset=\"https:\/\/www.deopaws.com\/wp-content\/uploads\/2025\/04\/Small-pet-raincoat-2_-300x225.jpg 300w, https:\/\/www.deopaws.com\/wp-content\/uploads\/2025\/04\/Small-pet-raincoat-2_-600x450.jpg 600w, https:\/\/www.deopaws.com\/wp-content\/uploads\/2025\/04\/Small-pet-raincoat-2_-768x576.jpg 768w, https:\/\/www.deopaws.com\/wp-content\/uploads\/2025\/04\/Small-pet-raincoat-2_.jpg 800w\" sizes=\"auto, (max-width: 300px) 100vw, 300px\" \/><\/div>\n<div class=\"col-lg-4\"><img loading=\"lazy\" decoding=\"async\" class=\"alignnone size-full wp-image-1656\" src=\"https:\/\/www.deopaws.com\/wp-content\/uploads\/2025\/05\/fact-1_\u526f\u672c.jpg\" alt=\"\" width=\"300\" height=\"225\" \/><\/div>\n<div class=\"col-lg-4\"><img loading=\"lazy\" decoding=\"async\" class=\"alignnone size-medium wp-image-137\" src=\"https:\/\/gray-bee-883835.hostingersite.com\/wp-content\/uploads\/2025\/04\/Small-pet-raincoat-1-2-300x225.jpg\" alt=\"\" width=\"300\" height=\"225\" srcset=\"https:\/\/www.deopaws.com\/wp-content\/uploads\/2025\/04\/Small-pet-raincoat-1-2-300x225.jpg 300w, https:\/\/www.deopaws.com\/wp-content\/uploads\/2025\/04\/Small-pet-raincoat-1-2-600x450.jpg 600w, https:\/\/www.deopaws.com\/wp-content\/uploads\/2025\/04\/Small-pet-raincoat-1-2-768x576.jpg 768w, https:\/\/www.deopaws.com\/wp-content\/uploads\/2025\/04\/Small-pet-raincoat-1-2.jpg 800w\" sizes=\"auto, (max-width: 300px) 100vw, 300px\" \/><\/div>\n<div><\/div>\n<\/div>\n<\/div>\n<\/div>","protected":false},"excerpt":{"rendered":"<p>Cette housse de lit pour chien imperm\u00e9able personnalis\u00e9e est con\u00e7ue pour prot\u00e9ger vos meubles tout en assurant le confort de votre animal de compagnie. Fabriqu\u00e9e en polyester durable, elle offre une surface douce et douillette avec une protection imperm\u00e9able. L\u00e9g\u00e8re et facile \u00e0 transporter, elle est lavable en machine pour un nettoyage sans souci. Elle est parfaite pour les lits, les canap\u00e9s et les sofas.<\/p>","protected":false},"featured_media":777,"comment_status":"open","ping_status":"closed","template":"","meta":{"_acf_changed":false},"product_brand":[],"product_cat":[15,16,23],"product_tag":[],"class_list":{"0":"post-775","1":"product","2":"type-product","3":"status-publish","4":"has-post-thumbnail","6":"product_cat-products","7":"product_cat-dog-supplies","8":"product_cat-dog-beds","10":"first","11":"instock","12":"shipping-taxable","13":"product-type-simple"},"acf":[],"_links":{"self":[{"href":"https:\/\/www.deopaws.com\/fr\/wp-json\/wp\/v2\/product\/775","targetHints":{"allow":["GET"]}}],"collection":[{"href":"https:\/\/www.deopaws.com\/fr\/wp-json\/wp\/v2\/product"}],"about":[{"href":"https:\/\/www.deopaws.com\/fr\/wp-json\/wp\/v2\/types\/product"}],"replies":[{"embeddable":true,"href":"https:\/\/www.deopaws.com\/fr\/wp-json\/wp\/v2\/comments?post=775"}],"wp:featuredmedia":[{"embeddable":true,"href":"https:\/\/www.deopaws.com\/fr\/wp-json\/wp\/v2\/media\/777"}],"wp:attachment":[{"href":"https:\/\/www.deopaws.com\/fr\/wp-json\/wp\/v2\/media?parent=775"}],"wp:term":[{"taxonomy":"product_brand","embeddable":true,"href":"https:\/\/www.deopaws.com\/fr\/wp-json\/wp\/v2\/product_brand?post=775"},{"taxonomy":"product_cat","embeddable":true,"href":"https:\/\/www.deopaws.com\/fr\/wp-json\/wp\/v2\/product_cat?post=775"},{"taxonomy":"product_tag","embeddable":true,"href":"https:\/\/www.deopaws.com\/fr\/wp-json\/wp\/v2\/product_tag?post=775"}],"curies":[{"name":"wp","href":"https:\/\/api.w.org\/{rel}","templated":true}]}}