{"id":765,"date":"2025-05-08T10:27:14","date_gmt":"2025-05-08T02:27:14","guid":{"rendered":"https:\/\/www.deopaws.com\/?post_type=product&#038;p=765"},"modified":"2025-08-01T10:37:38","modified_gmt":"2025-08-01T02:37:38","slug":"dog-crate-bed","status":"publish","type":"product","link":"https:\/\/www.deopaws.com\/fr\/dog-crate-bed\/","title":{"rendered":"Lit en peluche pour cage de chien - Lit doux, lavable et confortable pour cage de chien"},"content":{"rendered":"<h2 data-start=\"199\" data-end=\"328\">Lit pour cage de chien :<\/h2>\n<p>&nbsp;<\/p>\n<p class=\"\" data-start=\"199\" data-end=\"328\">\u25cf Confort apaisant : Con\u00e7u comme un coussin de cage plat et douillet, il offre un espace doux et s\u00e9curis\u00e9 pour aider les animaux de compagnie \u00e0 se d\u00e9tendre et \u00e0 se reposer confortablement.<\/p>\n<p class=\"\" data-start=\"331\" data-end=\"445\">\u25cf Douceur et soutien : Fabriqu\u00e9 en polyester respectueux de l'environnement avec un rembourrage en peluche pour un soutien doux et une douceur suppl\u00e9mentaire.<\/p>\n<p>\u25cf Lavable et facile \u00e0 entretenir : La construction lavable en machine permet de nettoyer sans effort et de garder le tapis frais.<\/p>\n<p>\u25cf \u00c9l\u00e9gant et pratique : Comporte un design r\u00e9versible avec des motifs imprim\u00e9s pour un look moderne et polyvalent.<\/p>\n<p>\u25cf L\u00e9ger et portable : Ne p\u00e8se que 347g-631g, ce qui le rend facile \u00e0 d\u00e9placer, \u00e0 plier ou \u00e0 emmener en voyage.<\/p>\n<p class=\"\" data-start=\"770\" data-end=\"884\">\u25cf Taille id\u00e9ale pour les animaux de compagnie : Dimensionn\u00e9 \u00e0 60\u00d743\u00d74cm, adapt\u00e9 aux chiens de petite \u00e0 moyenne taille et id\u00e9al pour les caisses ou les sols.<\/p>\n<p>&nbsp;<\/p>\n<p>&nbsp;<\/p>\n<div style=\"max-width: 800px; margin: auto; padding: 20px;\">\n<p><!-- \u5de6\u56fe\u53f3\u6587 --><\/p>\n<div style=\"display: flex; align-items: center; gap: 20px; margin-bottom: 40px; flex-wrap: wrap;\">\n<p><img loading=\"lazy\" decoding=\"async\" class=\"alignnone wp-image-767\" src=\"https:\/\/www.deopaws.com\/wp-content\/uploads\/2025\/05\/Custom-Wholesale-Plush-Reversible-Dog-Crate-Pad-\u2013-Soft-Washable-Pet-Bed-Mat-with-New-Design-3-300x240.jpg\" alt=\"dog crate bed\" width=\"370\" height=\"296\" srcset=\"https:\/\/www.deopaws.com\/wp-content\/uploads\/2025\/05\/Custom-Wholesale-Plush-Reversible-Dog-Crate-Pad-\u2013-Soft-Washable-Pet-Bed-Mat-with-New-Design-3-300x240.jpg 300w, https:\/\/www.deopaws.com\/wp-content\/uploads\/2025\/05\/Custom-Wholesale-Plush-Reversible-Dog-Crate-Pad-\u2013-Soft-Washable-Pet-Bed-Mat-with-New-Design-3-600x480.jpg 600w, https:\/\/www.deopaws.com\/wp-content\/uploads\/2025\/05\/Custom-Wholesale-Plush-Reversible-Dog-Crate-Pad-\u2013-Soft-Washable-Pet-Bed-Mat-with-New-Design-3.jpg 750w\" sizes=\"auto, (max-width: 370px) 100vw, 370px\" \/><\/p>\n<div style=\"flex: 1; min-width: 0;\">\n<p style=\"color: gray;\">Nos jouets pour chiens sont con\u00e7us pour satisfaire l'instinct naturel de la plupart des chiens. Ils ont la forme d'un animal et sont disponibles en plusieurs couleurs.<\/p>\n<\/div>\n<\/div>\n<p><!-- \u53f3\u56fe\u5de6\u6587 --><\/p>\n<div style=\"display: flex; flex-direction: row-reverse; align-items: center; gap: 20px; flex-wrap: wrap;\">\n<p><img loading=\"lazy\" decoding=\"async\" class=\"alignnone wp-image-771\" src=\"https:\/\/www.deopaws.com\/wp-content\/uploads\/2025\/05\/Custom-Wholesale-Plush-Reversible-Dog-Crate-Pad-\u2013-Soft-Washable-Pet-Bed-Mat-with-New-Design-7-300x240.jpg\" alt=\"dog crate bed\" width=\"370\" height=\"296\" srcset=\"https:\/\/www.deopaws.com\/wp-content\/uploads\/2025\/05\/Custom-Wholesale-Plush-Reversible-Dog-Crate-Pad-\u2013-Soft-Washable-Pet-Bed-Mat-with-New-Design-7-300x240.jpg 300w, https:\/\/www.deopaws.com\/wp-content\/uploads\/2025\/05\/Custom-Wholesale-Plush-Reversible-Dog-Crate-Pad-\u2013-Soft-Washable-Pet-Bed-Mat-with-New-Design-7-600x480.jpg 600w, https:\/\/www.deopaws.com\/wp-content\/uploads\/2025\/05\/Custom-Wholesale-Plush-Reversible-Dog-Crate-Pad-\u2013-Soft-Washable-Pet-Bed-Mat-with-New-Design-7.jpg 750w\" sizes=\"auto, (max-width: 370px) 100vw, 370px\" \/><\/p>\n<div style=\"flex: 1; min-width: 0;\">\n<p style=\"color: gray;\">Satisfait le d\u00e9sir de mastication de votre animal et renforce son int\u00e9r\u00eat pour l'exercice, m\u00eame lorsqu'il se repose sur un lit de cage confortable.<\/p>\n<\/div>\n<\/div>\n<\/div>\n<div style=\"max-width: 800px; margin: auto; padding: 20px;\">\n<p><!-- \u5de6\u56fe\u53f3\u6587 --><\/p>\n<div style=\"display: flex; align-items: center; gap: 20px; margin-bottom: 40px; flex-wrap: wrap;\">\n<p><img loading=\"lazy\" decoding=\"async\" class=\"alignnone wp-image-774\" src=\"https:\/\/www.deopaws.com\/wp-content\/uploads\/2025\/05\/Custom-Wholesale-Plush-Reversible-Dog-Crate-Pad-\u2013-Soft-Washable-Pet-Bed-Mat-with-New-Design-1-300x240.jpg\" alt=\"dog crate bed\" width=\"370\" height=\"296\" srcset=\"https:\/\/www.deopaws.com\/wp-content\/uploads\/2025\/05\/Custom-Wholesale-Plush-Reversible-Dog-Crate-Pad-\u2013-Soft-Washable-Pet-Bed-Mat-with-New-Design-1-300x240.jpg 300w, https:\/\/www.deopaws.com\/wp-content\/uploads\/2025\/05\/Custom-Wholesale-Plush-Reversible-Dog-Crate-Pad-\u2013-Soft-Washable-Pet-Bed-Mat-with-New-Design-1-600x480.jpg 600w, https:\/\/www.deopaws.com\/wp-content\/uploads\/2025\/05\/Custom-Wholesale-Plush-Reversible-Dog-Crate-Pad-\u2013-Soft-Washable-Pet-Bed-Mat-with-New-Design-1.jpg 750w\" sizes=\"auto, (max-width: 370px) 100vw, 370px\" \/><\/p>\n<div style=\"flex: 1; min-width: 0;\">\n<p style=\"color: gray;\">Ce jouet aide \u00e0 pr\u00e9venir la mastication destructrice en captant l'attention de votre chien, tout en stimulant son interaction sociale et en renfor\u00e7ant le lien entre vous et votre animal par le biais d'un jeu amusant et engageant.<\/p>\n<\/div>\n<\/div>\n<p><!-- \u53f3\u56fe\u5de6\u6587 --><\/p>\n<div style=\"display: flex; flex-direction: row-reverse; align-items: center; gap: 20px; flex-wrap: wrap;\">\n<p><img loading=\"lazy\" decoding=\"async\" class=\"alignnone wp-image-164\" src=\"https:\/\/gray-bee-883835.hostingersite.com\/wp-content\/uploads\/2025\/04\/1213-300x240.jpg\" alt=\"\" width=\"370\" height=\"296\" srcset=\"https:\/\/www.deopaws.com\/wp-content\/uploads\/2025\/04\/1213-300x240.jpg 300w, https:\/\/www.deopaws.com\/wp-content\/uploads\/2025\/04\/1213-600x480.jpg 600w, https:\/\/www.deopaws.com\/wp-content\/uploads\/2025\/04\/1213.jpg 750w\" sizes=\"auto, (max-width: 370px) 100vw, 370px\" \/><\/p>\n<div style=\"flex: 1; min-width: 0;\">\n<p style=\"color: gray;\">Ces v\u00eatements pour chiens sont non seulement uniques, mais aussi enti\u00e8rement personnalisables. Vous pouvez proposer diff\u00e9rentes tailles, couleurs, motifs ou broderies personnalis\u00e9es, telles que des noms ou des dessins sp\u00e9ciaux, en fonction des pr\u00e9f\u00e9rences de vos clients. Chaque pull est ainsi unique et parfaitement adapt\u00e9 aux besoins des animaux de compagnie et de leurs propri\u00e9taires, ce qui renforce l'attrait du produit et sa comp\u00e9titivit\u00e9 sur le march\u00e9.<\/p>\n<\/div>\n<\/div>\n<\/div>\n<div style=\"max-width: 800px; margin: auto; padding: 20px;\">\n<p><!-- \u5de6\u56fe\u53f3\u6587 --><\/p>\n<div style=\"display: flex; align-items: center; gap: 20px; margin-bottom: 40px; flex-wrap: wrap;\">\n<p><img loading=\"lazy\" decoding=\"async\" class=\"alignnone wp-image-159\" src=\"https:\/\/gray-bee-883835.hostingersite.com\/wp-content\/uploads\/2025\/04\/111-300x240.jpg\" alt=\"\" width=\"370\" height=\"296\" srcset=\"https:\/\/www.deopaws.com\/wp-content\/uploads\/2025\/04\/111-300x240.jpg 300w, https:\/\/www.deopaws.com\/wp-content\/uploads\/2025\/04\/111-600x480.jpg 600w, https:\/\/www.deopaws.com\/wp-content\/uploads\/2025\/04\/111.jpg 750w\" sizes=\"auto, (max-width: 370px) 100vw, 370px\" \/><\/p>\n<div style=\"flex: 1; min-width: 0;\">\n<p style=\"color: gray;\">Ces serviettes pour chiens sont disponibles dans une large gamme de couleurs pour s'adapter aux diff\u00e9rentes personnalit\u00e9s des animaux de compagnie. Qu'il s'agisse de rouges chauds, de bleus vibrants, de roses tendres ou de noirs et blancs classiques, vous pouvez choisir en fonction des pr\u00e9f\u00e9rences de votre animal ou de votre client. Chaque couleur est soigneusement con\u00e7ue pour \u00eatre \u00e0 la fois \u00e9l\u00e9gante et adapt\u00e9e \u00e0 diverses occasions, offrant \u00e0 la fois confort et charme \u00e0 chaque petit chien.<\/p>\n<\/div>\n<\/div>\n<p><!-- \u53f3\u56fe\u5de6\u6587 --><\/p>\n<div style=\"display: flex; flex-direction: row-reverse; align-items: center; gap: 20px; flex-wrap: wrap;\">\n<p><img loading=\"lazy\" decoding=\"async\" class=\"alignnone wp-image-160\" src=\"https:\/\/gray-bee-883835.hostingersite.com\/wp-content\/uploads\/2025\/04\/112-300x240.jpg\" alt=\"\" width=\"370\" height=\"296\" srcset=\"https:\/\/www.deopaws.com\/wp-content\/uploads\/2025\/04\/112-300x240.jpg 300w, https:\/\/www.deopaws.com\/wp-content\/uploads\/2025\/04\/112-600x480.jpg 600w, https:\/\/www.deopaws.com\/wp-content\/uploads\/2025\/04\/112.jpg 750w\" sizes=\"auto, (max-width: 370px) 100vw, 370px\" \/><\/p>\n<div style=\"flex: 1; min-width: 0;\">\n<p style=\"color: gray;\">Enti\u00e8rement personnalisable<\/p>\n<\/div>\n<\/div>\n<\/div>\n<div style=\"max-width: 800px; margin: auto; padding: 20px;\">\n<p><!-- \u5de6\u56fe\u53f3\u6587 --><\/p>\n<div style=\"display: flex; align-items: center; gap: 20px; margin-bottom: 40px; flex-wrap: wrap;\">\n<p><img loading=\"lazy\" decoding=\"async\" class=\"alignnone wp-image-161\" src=\"https:\/\/gray-bee-883835.hostingersite.com\/wp-content\/uploads\/2025\/04\/113-300x240.jpg\" alt=\"\" width=\"370\" height=\"296\" srcset=\"https:\/\/www.deopaws.com\/wp-content\/uploads\/2025\/04\/113-300x240.jpg 300w, https:\/\/www.deopaws.com\/wp-content\/uploads\/2025\/04\/113-600x480.jpg 600w, https:\/\/www.deopaws.com\/wp-content\/uploads\/2025\/04\/113.jpg 750w\" sizes=\"auto, (max-width: 370px) 100vw, 370px\" \/><\/p>\n<div style=\"flex: 1; min-width: 0;\">\n<p style=\"color: gray;\">\u00a0Fabriqu\u00e9 en polaire de haute qualit\u00e9, il offre un toucher doux et une excellente isolation pour les journ\u00e9es fra\u00eeches.<\/p>\n<\/div>\n<\/div>\n<p><!-- \u53f3\u56fe\u5de6\u6587 --><\/p>\n<div style=\"display: flex; flex-direction: row-reverse; align-items: center; gap: 20px; flex-wrap: wrap;\">\n<p><img loading=\"lazy\" decoding=\"async\" class=\"alignnone wp-image-157\" src=\"https:\/\/gray-bee-883835.hostingersite.com\/wp-content\/uploads\/2025\/04\/11212-300x240.jpg\" alt=\"\" width=\"370\" height=\"296\" srcset=\"https:\/\/www.deopaws.com\/wp-content\/uploads\/2025\/04\/11212-300x240.jpg 300w, https:\/\/www.deopaws.com\/wp-content\/uploads\/2025\/04\/11212-600x480.jpg 600w, https:\/\/www.deopaws.com\/wp-content\/uploads\/2025\/04\/11212.jpg 750w\" sizes=\"auto, (max-width: 370px) 100vw, 370px\" \/><\/p>\n<div style=\"flex: 1; min-width: 0;\">\n<p style=\"color: gray;\">Vous pouvez y apposer votre propre logo pour en faire un excellent produit promotionnel pour votre entreprise. Le pull est \u00e9galement livr\u00e9 avec un sac OPP pratique pour faciliter le stockage et le transport.<\/p>\n<\/div>\n<\/div>\n<\/div>\n<h3>Affichage d'usine<\/h3>\n<p>&nbsp;<\/p>\n<div class=\"row\">\n<div class=\"col-lg-4\"><img loading=\"lazy\" decoding=\"async\" class=\"alignnone size-medium wp-image-142\" src=\"https:\/\/gray-bee-883835.hostingersite.com\/wp-content\/uploads\/2025\/04\/Small-pet-raincoat-3_-300x225.jpg\" alt=\"\" width=\"300\" height=\"225\" srcset=\"https:\/\/www.deopaws.com\/wp-content\/uploads\/2025\/04\/Small-pet-raincoat-3_-300x225.jpg 300w, https:\/\/www.deopaws.com\/wp-content\/uploads\/2025\/04\/Small-pet-raincoat-3_-600x450.jpg 600w, https:\/\/www.deopaws.com\/wp-content\/uploads\/2025\/04\/Small-pet-raincoat-3_-768x576.jpg 768w, https:\/\/www.deopaws.com\/wp-content\/uploads\/2025\/04\/Small-pet-raincoat-3_.jpg 800w\" sizes=\"auto, (max-width: 300px) 100vw, 300px\" \/><\/div>\n<div class=\"col-lg-4\"><img loading=\"lazy\" decoding=\"async\" class=\"alignnone size-medium wp-image-138\" src=\"https:\/\/gray-bee-883835.hostingersite.com\/wp-content\/uploads\/2025\/04\/Small-pet-raincoat-2-2-300x225.jpg\" alt=\"\" width=\"300\" height=\"225\" srcset=\"https:\/\/www.deopaws.com\/wp-content\/uploads\/2025\/04\/Small-pet-raincoat-2-2-300x225.jpg 300w, https:\/\/www.deopaws.com\/wp-content\/uploads\/2025\/04\/Small-pet-raincoat-2-2-600x450.jpg 600w, https:\/\/www.deopaws.com\/wp-content\/uploads\/2025\/04\/Small-pet-raincoat-2-2-768x576.jpg 768w, https:\/\/www.deopaws.com\/wp-content\/uploads\/2025\/04\/Small-pet-raincoat-2-2.jpg 800w\" sizes=\"auto, (max-width: 300px) 100vw, 300px\" \/><\/div>\n<div class=\"col-lg-4\"><img loading=\"lazy\" decoding=\"async\" class=\"alignnone size-medium wp-image-139\" src=\"https:\/\/gray-bee-883835.hostingersite.com\/wp-content\/uploads\/2025\/04\/Small-pet-raincoat-3-2-300x225.jpg\" alt=\"\" width=\"300\" height=\"225\" srcset=\"https:\/\/www.deopaws.com\/wp-content\/uploads\/2025\/04\/Small-pet-raincoat-3-2-300x225.jpg 300w, https:\/\/www.deopaws.com\/wp-content\/uploads\/2025\/04\/Small-pet-raincoat-3-2-600x450.jpg 600w, https:\/\/www.deopaws.com\/wp-content\/uploads\/2025\/04\/Small-pet-raincoat-3-2-768x576.jpg 768w, https:\/\/www.deopaws.com\/wp-content\/uploads\/2025\/04\/Small-pet-raincoat-3-2.jpg 800w\" sizes=\"auto, (max-width: 300px) 100vw, 300px\" \/><\/div>\n<p>&nbsp;<\/p>\n<div>\n<div class=\"row\">\n<div class=\"col-lg-4\"><img loading=\"lazy\" decoding=\"async\" class=\"alignnone size-medium wp-image-141\" src=\"https:\/\/gray-bee-883835.hostingersite.com\/wp-content\/uploads\/2025\/04\/Small-pet-raincoat-2_-300x225.jpg\" alt=\"\" width=\"300\" height=\"225\" srcset=\"https:\/\/www.deopaws.com\/wp-content\/uploads\/2025\/04\/Small-pet-raincoat-2_-300x225.jpg 300w, https:\/\/www.deopaws.com\/wp-content\/uploads\/2025\/04\/Small-pet-raincoat-2_-600x450.jpg 600w, https:\/\/www.deopaws.com\/wp-content\/uploads\/2025\/04\/Small-pet-raincoat-2_-768x576.jpg 768w, https:\/\/www.deopaws.com\/wp-content\/uploads\/2025\/04\/Small-pet-raincoat-2_.jpg 800w\" sizes=\"auto, (max-width: 300px) 100vw, 300px\" \/><\/div>\n<div class=\"col-lg-4\"><img loading=\"lazy\" decoding=\"async\" class=\"alignnone size-full wp-image-1656\" src=\"https:\/\/www.deopaws.com\/wp-content\/uploads\/2025\/05\/fact-1_\u526f\u672c.jpg\" alt=\"\" width=\"300\" height=\"225\" \/><\/div>\n<div class=\"col-lg-4\"><img loading=\"lazy\" decoding=\"async\" class=\"alignnone size-medium wp-image-137\" src=\"https:\/\/gray-bee-883835.hostingersite.com\/wp-content\/uploads\/2025\/04\/Small-pet-raincoat-1-2-300x225.jpg\" alt=\"\" width=\"300\" height=\"225\" srcset=\"https:\/\/www.deopaws.com\/wp-content\/uploads\/2025\/04\/Small-pet-raincoat-1-2-300x225.jpg 300w, https:\/\/www.deopaws.com\/wp-content\/uploads\/2025\/04\/Small-pet-raincoat-1-2-600x450.jpg 600w, https:\/\/www.deopaws.com\/wp-content\/uploads\/2025\/04\/Small-pet-raincoat-1-2-768x576.jpg 768w, https:\/\/www.deopaws.com\/wp-content\/uploads\/2025\/04\/Small-pet-raincoat-1-2.jpg 800w\" sizes=\"auto, (max-width: 300px) 100vw, 300px\" \/><\/div>\n<div><\/div>\n<\/div>\n<\/div>\n<\/div>","protected":false},"excerpt":{"rendered":"<p>This plush, reversible dog crate bed offers cozy comfort and practical style for your pet. Made from eco-friendly polyester with soft filling, it&#8217;s lightweight, washable, and ideal for crates or on-the-go use. The modern printed design and dual-sided surface add versatility and charm.<\/p>","protected":false},"featured_media":770,"comment_status":"open","ping_status":"closed","template":"","meta":{"_acf_changed":false},"product_brand":[],"product_cat":[15,16,23],"product_tag":[],"class_list":{"0":"post-765","1":"product","2":"type-product","3":"status-publish","4":"has-post-thumbnail","6":"product_cat-products","7":"product_cat-dog-supplies","8":"product_cat-dog-beds","10":"first","11":"instock","12":"shipping-taxable","13":"product-type-simple"},"acf":[],"_links":{"self":[{"href":"https:\/\/www.deopaws.com\/fr\/wp-json\/wp\/v2\/product\/765","targetHints":{"allow":["GET"]}}],"collection":[{"href":"https:\/\/www.deopaws.com\/fr\/wp-json\/wp\/v2\/product"}],"about":[{"href":"https:\/\/www.deopaws.com\/fr\/wp-json\/wp\/v2\/types\/product"}],"replies":[{"embeddable":true,"href":"https:\/\/www.deopaws.com\/fr\/wp-json\/wp\/v2\/comments?post=765"}],"wp:featuredmedia":[{"embeddable":true,"href":"https:\/\/www.deopaws.com\/fr\/wp-json\/wp\/v2\/media\/770"}],"wp:attachment":[{"href":"https:\/\/www.deopaws.com\/fr\/wp-json\/wp\/v2\/media?parent=765"}],"wp:term":[{"taxonomy":"product_brand","embeddable":true,"href":"https:\/\/www.deopaws.com\/fr\/wp-json\/wp\/v2\/product_brand?post=765"},{"taxonomy":"product_cat","embeddable":true,"href":"https:\/\/www.deopaws.com\/fr\/wp-json\/wp\/v2\/product_cat?post=765"},{"taxonomy":"product_tag","embeddable":true,"href":"https:\/\/www.deopaws.com\/fr\/wp-json\/wp\/v2\/product_tag?post=765"}],"curies":[{"name":"wp","href":"https:\/\/api.w.org\/{rel}","templated":true}]}}