{"id":4092,"date":"2026-03-18T17:04:38","date_gmt":"2026-03-18T09:04:38","guid":{"rendered":"https:\/\/www.deopaws.com\/?post_type=product&#038;p=4092"},"modified":"2026-03-18T17:28:30","modified_gmt":"2026-03-18T09:28:30","slug":"braided-dog-leash","status":"publish","type":"product","link":"https:\/\/www.deopaws.com\/fr\/braided-dog-leash\/","title":{"rendered":"Laisse pour chien d'ext\u00e9rieur en tricot multicolore tiss\u00e9 \u00e0 la main"},"content":{"rendered":"<h2 data-start=\"77\" data-end=\"192\">Braided Dog Leash\u200b \uff1a<\/h2>\n<p>&nbsp;<\/p>\n<p data-start=\"475\" data-end=\"559\"><strong data-start=\"475\" data-end=\"503\">\u25cf Handmade Braided Design:<\/strong> Twisted rope style offers strength and a unique look.<\/p>\n<p>&nbsp;<\/p>\n<p data-start=\"562\" data-end=\"637\"><strong data-start=\"562\" data-end=\"590\">\u25cf Durable Fabric Material:<\/strong> Solide et r\u00e9sistant \u00e0 l'usure pour une utilisation \u00e0 long terme.<\/p>\n<p>&nbsp;<\/p>\n<p data-start=\"640\" data-end=\"720\"><strong data-start=\"640\" data-end=\"661\">\u25cf Comfortable Grip:<\/strong> Soft braided structure provides a comfortable hand feel.<\/p>\n<p>&nbsp;<\/p>\n<p data-start=\"723\" data-end=\"800\"><strong data-start=\"723\" data-end=\"750\">\u25cf Non-Retractable Design:<\/strong> Fixed length ensures stable and secure control.<\/p>\n<p>&nbsp;<\/p>\n<p data-start=\"803\" data-end=\"876\"><strong data-start=\"803\" data-end=\"822\">\u25cf Colorful Style:<\/strong> Bright mixed colors add a fashionable outdoor look.<\/p>\n<p>&nbsp;<\/p>\n<p data-start=\"879\" data-end=\"960\"><strong data-start=\"879\" data-end=\"907\">\u25cf Perfect for Daily Walks:<\/strong> Id\u00e9al pour la marche, l'entra\u00eenement et les activit\u00e9s de plein air.<\/p>\n<p>&nbsp;<\/p>\n<div style=\"max-width: 800px; margin: auto; padding: 20px;\">\n<p><!-- \u5de6\u56fe\u53f3\u6587 --><\/p>\n<div style=\"display: flex; align-items: center; gap: 20px; margin-bottom: 40px; flex-wrap: wrap;\">\n<p><img loading=\"lazy\" decoding=\"async\" class=\"alignnone wp-image-4101 size-full\" src=\"https:\/\/www.deopaws.com\/wp-content\/uploads\/2026\/03\/jyfhv.jpg\" alt=\"\" width=\"380\" height=\"300\" srcset=\"https:\/\/www.deopaws.com\/wp-content\/uploads\/2026\/03\/jyfhv.jpg 380w, https:\/\/www.deopaws.com\/wp-content\/uploads\/2026\/03\/jyfhv-300x237.jpg 300w, https:\/\/www.deopaws.com\/wp-content\/uploads\/2026\/03\/jyfhv-15x12.jpg 15w\" sizes=\"auto, (max-width: 380px) 100vw, 380px\" \/><\/p>\n<div style=\"flex: 1; min-width: 0;\">\n<p>Pure cotton, comfortable and doesn't constrict the hands, with a comfortable grip; one-piece knit.<\/p>\n<\/div>\n<\/div>\n<p><!-- \u53f3\u56fe\u5de6\u6587 --><\/p>\n<div style=\"display: flex; flex-direction: row-reverse; align-items: center; gap: 20px; flex-wrap: wrap;\">\n<p><img loading=\"lazy\" decoding=\"async\" class=\"alignnone wp-image-4100 size-full\" src=\"https:\/\/www.deopaws.com\/wp-content\/uploads\/2026\/03\/xrf.jpg\" alt=\"\" width=\"380\" height=\"300\" srcset=\"https:\/\/www.deopaws.com\/wp-content\/uploads\/2026\/03\/xrf.jpg 380w, https:\/\/www.deopaws.com\/wp-content\/uploads\/2026\/03\/xrf-300x237.jpg 300w, https:\/\/www.deopaws.com\/wp-content\/uploads\/2026\/03\/xrf-15x12.jpg 15w\" sizes=\"auto, (max-width: 380px) 100vw, 380px\" \/><\/p>\n<div style=\"flex: 1; min-width: 0;\">\n<p>Matching rope braiding and fixing, with the same color braiding, makes it more aesthetically pleasing and secure.<\/p>\n<\/div>\n<\/div>\n<\/div>\n<div style=\"max-width: 800px; margin: auto; padding: 20px;\">\n<p><!-- \u5de6\u56fe\u53f3\u6587 --><\/p>\n<div style=\"display: flex; align-items: center; gap: 20px; margin-bottom: 40px; flex-wrap: wrap;\">\n<p><img loading=\"lazy\" decoding=\"async\" class=\"alignnone wp-image-4099 size-full\" src=\"https:\/\/www.deopaws.com\/wp-content\/uploads\/2026\/03\/vgj.jpg\" alt=\"\" width=\"380\" height=\"300\" srcset=\"https:\/\/www.deopaws.com\/wp-content\/uploads\/2026\/03\/vgj.jpg 380w, https:\/\/www.deopaws.com\/wp-content\/uploads\/2026\/03\/vgj-300x237.jpg 300w, https:\/\/www.deopaws.com\/wp-content\/uploads\/2026\/03\/vgj-15x12.jpg 15w\" sizes=\"auto, (max-width: 380px) 100vw, 380px\" \/><\/p>\n<div style=\"flex: 1; min-width: 0;\">\n<p>Hand-woven rope with contrasting colors, showcasing a strong sense of craftsmanship.<\/p>\n<\/div>\n<\/div>\n<p><!-- \u53f3\u56fe\u5de6\u6587 --><\/p>\n<div style=\"display: flex; flex-direction: row-reverse; align-items: center; gap: 20px; flex-wrap: wrap;\">\n<p><img loading=\"lazy\" decoding=\"async\" class=\"alignnone wp-image-4098 size-full\" src=\"https:\/\/www.deopaws.com\/wp-content\/uploads\/2026\/03\/cyfg-1.jpg\" alt=\"\" width=\"380\" height=\"300\" srcset=\"https:\/\/www.deopaws.com\/wp-content\/uploads\/2026\/03\/cyfg-1.jpg 380w, https:\/\/www.deopaws.com\/wp-content\/uploads\/2026\/03\/cyfg-1-300x237.jpg 300w, https:\/\/www.deopaws.com\/wp-content\/uploads\/2026\/03\/cyfg-1-15x12.jpg 15w\" sizes=\"auto, (max-width: 380px) 100vw, 380px\" \/><\/p>\n<div style=\"flex: 1; min-width: 0;\">\n<p>Metal tow hook, rotatable, safe tow.<\/p>\n<\/div>\n<\/div>\n<\/div>\n<h3>Affichage d'usine<\/h3>\n<p>&nbsp;<\/p>\n<div class=\"row\">\n<div class=\"col-lg-4\"><img loading=\"lazy\" decoding=\"async\" class=\"alignnone size-medium wp-image-142\" src=\"https:\/\/gray-bee-883835.hostingersite.com\/wp-content\/uploads\/2025\/04\/Small-pet-raincoat-3_-300x225.jpg\" alt=\"\" width=\"300\" height=\"225\" srcset=\"https:\/\/www.deopaws.com\/wp-content\/uploads\/2025\/04\/Small-pet-raincoat-3_-300x225.jpg 300w, https:\/\/www.deopaws.com\/wp-content\/uploads\/2025\/04\/Small-pet-raincoat-3_-600x450.jpg 600w, https:\/\/www.deopaws.com\/wp-content\/uploads\/2025\/04\/Small-pet-raincoat-3_-768x576.jpg 768w, https:\/\/www.deopaws.com\/wp-content\/uploads\/2025\/04\/Small-pet-raincoat-3_.jpg 800w\" sizes=\"auto, (max-width: 300px) 100vw, 300px\" \/><\/div>\n<div class=\"col-lg-4\"><img loading=\"lazy\" decoding=\"async\" class=\"alignnone size-medium wp-image-138\" src=\"https:\/\/gray-bee-883835.hostingersite.com\/wp-content\/uploads\/2025\/04\/Small-pet-raincoat-2-2-300x225.jpg\" alt=\"\" width=\"300\" height=\"225\" srcset=\"https:\/\/www.deopaws.com\/wp-content\/uploads\/2025\/04\/Small-pet-raincoat-2-2-300x225.jpg 300w, https:\/\/www.deopaws.com\/wp-content\/uploads\/2025\/04\/Small-pet-raincoat-2-2-600x450.jpg 600w, https:\/\/www.deopaws.com\/wp-content\/uploads\/2025\/04\/Small-pet-raincoat-2-2-768x576.jpg 768w, https:\/\/www.deopaws.com\/wp-content\/uploads\/2025\/04\/Small-pet-raincoat-2-2.jpg 800w\" sizes=\"auto, (max-width: 300px) 100vw, 300px\" \/><\/div>\n<div class=\"col-lg-4\"><img loading=\"lazy\" decoding=\"async\" class=\"alignnone size-medium wp-image-139\" src=\"https:\/\/gray-bee-883835.hostingersite.com\/wp-content\/uploads\/2025\/04\/Small-pet-raincoat-3-2-300x225.jpg\" alt=\"\" width=\"300\" height=\"225\" srcset=\"https:\/\/www.deopaws.com\/wp-content\/uploads\/2025\/04\/Small-pet-raincoat-3-2-300x225.jpg 300w, https:\/\/www.deopaws.com\/wp-content\/uploads\/2025\/04\/Small-pet-raincoat-3-2-600x450.jpg 600w, https:\/\/www.deopaws.com\/wp-content\/uploads\/2025\/04\/Small-pet-raincoat-3-2-768x576.jpg 768w, https:\/\/www.deopaws.com\/wp-content\/uploads\/2025\/04\/Small-pet-raincoat-3-2.jpg 800w\" sizes=\"auto, (max-width: 300px) 100vw, 300px\" \/><\/div>\n<p>&nbsp;<\/p>\n<div>\n<div class=\"row\">\n<div class=\"col-lg-4\"><img loading=\"lazy\" decoding=\"async\" class=\"alignnone size-medium wp-image-141\" src=\"https:\/\/gray-bee-883835.hostingersite.com\/wp-content\/uploads\/2025\/04\/Small-pet-raincoat-2_-300x225.jpg\" alt=\"\" width=\"300\" height=\"225\" srcset=\"https:\/\/www.deopaws.com\/wp-content\/uploads\/2025\/04\/Small-pet-raincoat-2_-300x225.jpg 300w, https:\/\/www.deopaws.com\/wp-content\/uploads\/2025\/04\/Small-pet-raincoat-2_-600x450.jpg 600w, https:\/\/www.deopaws.com\/wp-content\/uploads\/2025\/04\/Small-pet-raincoat-2_-768x576.jpg 768w, https:\/\/www.deopaws.com\/wp-content\/uploads\/2025\/04\/Small-pet-raincoat-2_.jpg 800w\" sizes=\"auto, (max-width: 300px) 100vw, 300px\" \/><\/div>\n<div class=\"col-lg-4\"><img loading=\"lazy\" decoding=\"async\" class=\"alignnone size-full wp-image-1656\" src=\"https:\/\/www.deopaws.com\/wp-content\/uploads\/2025\/05\/fact-1_\u526f\u672c.jpg\" alt=\"\" width=\"300\" height=\"225\" \/><\/div>\n<div class=\"col-lg-4\"><img loading=\"lazy\" decoding=\"async\" class=\"alignnone size-medium wp-image-137\" src=\"https:\/\/gray-bee-883835.hostingersite.com\/wp-content\/uploads\/2025\/04\/Small-pet-raincoat-1-2-300x225.jpg\" alt=\"\" width=\"300\" height=\"225\" srcset=\"https:\/\/www.deopaws.com\/wp-content\/uploads\/2025\/04\/Small-pet-raincoat-1-2-300x225.jpg 300w, https:\/\/www.deopaws.com\/wp-content\/uploads\/2025\/04\/Small-pet-raincoat-1-2-600x450.jpg 600w, https:\/\/www.deopaws.com\/wp-content\/uploads\/2025\/04\/Small-pet-raincoat-1-2-768x576.jpg 768w, https:\/\/www.deopaws.com\/wp-content\/uploads\/2025\/04\/Small-pet-raincoat-1-2.jpg 800w\" sizes=\"auto, (max-width: 300px) 100vw, 300px\" \/><\/div>\n<div><\/div>\n<\/div>\n<\/div>\n<\/div>","protected":false},"excerpt":{"rendered":"<p data-start=\"155\" data-end=\"486\">Cette laisse tress\u00e9e pour chien est fabriqu\u00e9e \u00e0 la main avec un tissu durable pour plus de r\u00e9sistance et de confort. Dot\u00e9e d'un design torsad\u00e9 color\u00e9, elle offre un contr\u00f4le fiable pour les promenades quotidiennes et les activit\u00e9s de plein air avec votre chien.<\/p>","protected":false},"featured_media":4097,"comment_status":"closed","ping_status":"closed","template":"","meta":{"_acf_changed":false},"product_brand":[],"product_cat":[15,16,27],"product_tag":[],"class_list":{"0":"post-4092","1":"product","2":"type-product","3":"status-publish","4":"has-post-thumbnail","6":"product_cat-products","7":"product_cat-dog-supplies","8":"product_cat-dog-collarsleashes-harnesses","10":"first","11":"instock","12":"shipping-taxable","13":"product-type-simple"},"acf":[],"_links":{"self":[{"href":"https:\/\/www.deopaws.com\/fr\/wp-json\/wp\/v2\/product\/4092","targetHints":{"allow":["GET"]}}],"collection":[{"href":"https:\/\/www.deopaws.com\/fr\/wp-json\/wp\/v2\/product"}],"about":[{"href":"https:\/\/www.deopaws.com\/fr\/wp-json\/wp\/v2\/types\/product"}],"replies":[{"embeddable":true,"href":"https:\/\/www.deopaws.com\/fr\/wp-json\/wp\/v2\/comments?post=4092"}],"wp:featuredmedia":[{"embeddable":true,"href":"https:\/\/www.deopaws.com\/fr\/wp-json\/wp\/v2\/media\/4097"}],"wp:attachment":[{"href":"https:\/\/www.deopaws.com\/fr\/wp-json\/wp\/v2\/media?parent=4092"}],"wp:term":[{"taxonomy":"product_brand","embeddable":true,"href":"https:\/\/www.deopaws.com\/fr\/wp-json\/wp\/v2\/product_brand?post=4092"},{"taxonomy":"product_cat","embeddable":true,"href":"https:\/\/www.deopaws.com\/fr\/wp-json\/wp\/v2\/product_cat?post=4092"},{"taxonomy":"product_tag","embeddable":true,"href":"https:\/\/www.deopaws.com\/fr\/wp-json\/wp\/v2\/product_tag?post=4092"}],"curies":[{"name":"wp","href":"https:\/\/api.w.org\/{rel}","templated":true}]}}