{"id":4052,"date":"2026-03-18T14:19:52","date_gmt":"2026-03-18T06:19:52","guid":{"rendered":"https:\/\/www.deopaws.com\/?post_type=product&#038;p=4052"},"modified":"2026-03-18T14:40:45","modified_gmt":"2026-03-18T06:40:45","slug":"reflective-dog-collar","status":"publish","type":"product","link":"https:\/\/www.deopaws.com\/fr\/reflective-dog-collar\/","title":{"rendered":"Collier ajustable \u00e0 double couche pour les animaux de petite et moyenne taille"},"content":{"rendered":"<h2 data-start=\"77\" data-end=\"192\">Collier r\u00e9fl\u00e9chissant pour chien \uff1a<\/h2>\n<p>&nbsp;<\/p>\n<p data-start=\"506\" data-end=\"605\"><strong data-start=\"506\" data-end=\"530\">\u25cf <\/strong><strong data-start=\"514\" data-end=\"537\">Conception anti-fugue :<\/strong> La structure \u00e0 double couche emp\u00eache les chiens de glisser.<\/p>\n<p>&nbsp;<\/p>\n<p data-start=\"603\" data-end=\"692\"><strong data-start=\"603\" data-end=\"625\">\u25cf S\u00e9curit\u00e9 r\u00e9fl\u00e9chissante :<\/strong> Le mat\u00e9riau r\u00e9fl\u00e9chissant am\u00e9liore la visibilit\u00e9 dans des conditions de faible luminosit\u00e9.<\/p>\n<p>&nbsp;<\/p>\n<p data-start=\"695\" data-end=\"769\"><strong data-start=\"695\" data-end=\"722\">\u25cf Mat\u00e9riau en nylon durable :<\/strong> Solide et r\u00e9sistant \u00e0 l'usure pour une utilisation \u00e0 long terme.<\/p>\n<p>&nbsp;<\/p>\n<p data-start=\"772\" data-end=\"846\"><strong data-start=\"772\" data-end=\"791\">\u25cf Ajustement de la taille :<\/strong> Plusieurs tailles permettent un ajustement s\u00fbr et confortable.<\/p>\n<p>&nbsp;<\/p>\n<p data-start=\"849\" data-end=\"925\"><strong data-start=\"849\" data-end=\"879\">\u25cf L\u00e9ger et confortable :<\/strong> Con\u00e7us pour \u00eatre port\u00e9s quotidiennement sans g\u00eane.<\/p>\n<p>&nbsp;<\/p>\n<p data-start=\"928\" data-end=\"1014\"><strong data-start=\"928\" data-end=\"947\">\u25cf Utilisation en toutes saisons :<\/strong> Convient pour la marche, l'entra\u00eenement et les activit\u00e9s de plein air tout au long de l'ann\u00e9e.<\/p>\n<p>&nbsp;<\/p>\n<p>&nbsp;<\/p>\n<div style=\"max-width: 800px; margin: auto; padding: 20px;\">\n<p><!-- \u5de6\u56fe\u53f3\u6587 --><\/p>\n<div style=\"display: flex; align-items: center; gap: 20px; margin-bottom: 40px; flex-wrap: wrap;\">\n<p><img loading=\"lazy\" decoding=\"async\" class=\"alignnone wp-image-4060 size-full\" src=\"https:\/\/www.deopaws.com\/wp-content\/uploads\/2026\/03\/txr.jpg\" alt=\"\" width=\"380\" height=\"300\" srcset=\"https:\/\/www.deopaws.com\/wp-content\/uploads\/2026\/03\/txr.jpg 380w, https:\/\/www.deopaws.com\/wp-content\/uploads\/2026\/03\/txr-300x237.jpg 300w, https:\/\/www.deopaws.com\/wp-content\/uploads\/2026\/03\/txr-15x12.jpg 15w\" sizes=\"auto, (max-width: 380px) 100vw, 380px\" \/><\/p>\n<div style=\"flex: 1; min-width: 0;\">\n<p>Sangle en nylon de premi\u00e8re qualit\u00e9 \u00e0 une seule face avec un tissage.<\/p>\n<p>Solide et durable, confortable et doux pour la peau, souple et l\u00e9ger.<\/p>\n<\/div>\n<\/div>\n<p><!-- \u53f3\u56fe\u5de6\u6587 --><\/p>\n<div style=\"display: flex; flex-direction: row-reverse; align-items: center; gap: 20px; flex-wrap: wrap;\">\n<p><img loading=\"lazy\" decoding=\"async\" class=\"alignnone wp-image-4059 size-full\" src=\"https:\/\/www.deopaws.com\/wp-content\/uploads\/2026\/03\/fgcv.jpg\" alt=\"\" width=\"380\" height=\"300\" srcset=\"https:\/\/www.deopaws.com\/wp-content\/uploads\/2026\/03\/fgcv.jpg 380w, https:\/\/www.deopaws.com\/wp-content\/uploads\/2026\/03\/fgcv-300x237.jpg 300w, https:\/\/www.deopaws.com\/wp-content\/uploads\/2026\/03\/fgcv-15x12.jpg 15w\" sizes=\"auto, (max-width: 380px) 100vw, 380px\" \/><\/p>\n<div style=\"flex: 1; min-width: 0;\">\n<p>Mat\u00e9riau composite pour la plong\u00e9e, souple et ne comprimant pas le cou.<\/p>\n<p>L'anneau en D en m\u00e9tal \u00e9pais peut r\u00e9sister \u00e0 une plus grande force de traction et est plus durable.<\/p>\n<\/div>\n<\/div>\n<\/div>\n<div style=\"max-width: 800px; margin: auto; padding: 20px;\">\n<p><!-- \u5de6\u56fe\u53f3\u6587 --><\/p>\n<div style=\"display: flex; align-items: center; gap: 20px; margin-bottom: 40px; flex-wrap: wrap;\">\n<p><img loading=\"lazy\" decoding=\"async\" class=\"alignnone wp-image-4058 size-full\" src=\"https:\/\/www.deopaws.com\/wp-content\/uploads\/2026\/03\/kvg.jpg\" alt=\"\" width=\"380\" height=\"300\" srcset=\"https:\/\/www.deopaws.com\/wp-content\/uploads\/2026\/03\/kvg.jpg 380w, https:\/\/www.deopaws.com\/wp-content\/uploads\/2026\/03\/kvg-300x237.jpg 300w, https:\/\/www.deopaws.com\/wp-content\/uploads\/2026\/03\/kvg-15x12.jpg 15w\" sizes=\"auto, (max-width: 380px) 100vw, 380px\" \/><\/p>\n<div style=\"flex: 1; min-width: 0;\">\n<p>Longueur r\u00e9glable sup\u00e9rieure \u00e0 20 cm. Ajustable \u00e0 la longueur appropri\u00e9e pour les diff\u00e9rentes races de chiens.<\/p>\n<p>Les doubles bandes r\u00e9fl\u00e9chissantes \u00e9paissies assurent une r\u00e9flexion claire de la lumi\u00e8re sous un \u00e9clairage nocturne et renforcent la s\u00e9curit\u00e9.<\/p>\n<\/div>\n<\/div>\n<p><!-- \u53f3\u56fe\u5de6\u6587 --><\/p>\n<div style=\"display: flex; flex-direction: row-reverse; align-items: center; gap: 20px; flex-wrap: wrap;\">\n<p><img loading=\"lazy\" decoding=\"async\" class=\"alignnone wp-image-4057 size-full\" src=\"https:\/\/www.deopaws.com\/wp-content\/uploads\/2026\/03\/vfhg.jpg\" alt=\"\" width=\"380\" height=\"300\" srcset=\"https:\/\/www.deopaws.com\/wp-content\/uploads\/2026\/03\/vfhg.jpg 380w, https:\/\/www.deopaws.com\/wp-content\/uploads\/2026\/03\/vfhg-300x237.jpg 300w, https:\/\/www.deopaws.com\/wp-content\/uploads\/2026\/03\/vfhg-15x12.jpg 15w\" sizes=\"auto, (max-width: 380px) 100vw, 380px\" \/><\/p>\n<div style=\"flex: 1; min-width: 0;\">\n<p style=\"color: gray;\">Tableau des tailles clair - Aide les acheteurs \u00e0 choisir la bonne taille pour leur animal de compagnie, garantissant confort et s\u00e9curit\u00e9.<\/p>\n<\/div>\n<\/div>\n<\/div>\n<div style=\"max-width: 800px; margin: auto; padding: 20px;\"><\/div>\n<h3>Affichage d'usine<\/h3>\n<p>&nbsp;<\/p>\n<div class=\"row\">\n<div class=\"col-lg-4\"><img loading=\"lazy\" decoding=\"async\" class=\"alignnone size-medium wp-image-142\" src=\"https:\/\/gray-bee-883835.hostingersite.com\/wp-content\/uploads\/2025\/04\/Small-pet-raincoat-3_-300x225.jpg\" alt=\"\" width=\"300\" height=\"225\" srcset=\"https:\/\/www.deopaws.com\/wp-content\/uploads\/2025\/04\/Small-pet-raincoat-3_-300x225.jpg 300w, https:\/\/www.deopaws.com\/wp-content\/uploads\/2025\/04\/Small-pet-raincoat-3_-600x450.jpg 600w, https:\/\/www.deopaws.com\/wp-content\/uploads\/2025\/04\/Small-pet-raincoat-3_-768x576.jpg 768w, https:\/\/www.deopaws.com\/wp-content\/uploads\/2025\/04\/Small-pet-raincoat-3_.jpg 800w\" sizes=\"auto, (max-width: 300px) 100vw, 300px\" \/><\/div>\n<div class=\"col-lg-4\"><img loading=\"lazy\" decoding=\"async\" class=\"alignnone size-medium wp-image-138\" src=\"https:\/\/gray-bee-883835.hostingersite.com\/wp-content\/uploads\/2025\/04\/Small-pet-raincoat-2-2-300x225.jpg\" alt=\"\" width=\"300\" height=\"225\" srcset=\"https:\/\/www.deopaws.com\/wp-content\/uploads\/2025\/04\/Small-pet-raincoat-2-2-300x225.jpg 300w, https:\/\/www.deopaws.com\/wp-content\/uploads\/2025\/04\/Small-pet-raincoat-2-2-600x450.jpg 600w, https:\/\/www.deopaws.com\/wp-content\/uploads\/2025\/04\/Small-pet-raincoat-2-2-768x576.jpg 768w, https:\/\/www.deopaws.com\/wp-content\/uploads\/2025\/04\/Small-pet-raincoat-2-2.jpg 800w\" sizes=\"auto, (max-width: 300px) 100vw, 300px\" \/><\/div>\n<div class=\"col-lg-4\"><img loading=\"lazy\" decoding=\"async\" class=\"alignnone size-medium wp-image-139\" src=\"https:\/\/gray-bee-883835.hostingersite.com\/wp-content\/uploads\/2025\/04\/Small-pet-raincoat-3-2-300x225.jpg\" alt=\"\" width=\"300\" height=\"225\" srcset=\"https:\/\/www.deopaws.com\/wp-content\/uploads\/2025\/04\/Small-pet-raincoat-3-2-300x225.jpg 300w, https:\/\/www.deopaws.com\/wp-content\/uploads\/2025\/04\/Small-pet-raincoat-3-2-600x450.jpg 600w, https:\/\/www.deopaws.com\/wp-content\/uploads\/2025\/04\/Small-pet-raincoat-3-2-768x576.jpg 768w, https:\/\/www.deopaws.com\/wp-content\/uploads\/2025\/04\/Small-pet-raincoat-3-2.jpg 800w\" sizes=\"auto, (max-width: 300px) 100vw, 300px\" \/><\/div>\n<p>&nbsp;<\/p>\n<div>\n<div class=\"row\">\n<div class=\"col-lg-4\"><img loading=\"lazy\" decoding=\"async\" class=\"alignnone size-medium wp-image-141\" src=\"https:\/\/gray-bee-883835.hostingersite.com\/wp-content\/uploads\/2025\/04\/Small-pet-raincoat-2_-300x225.jpg\" alt=\"\" width=\"300\" height=\"225\" srcset=\"https:\/\/www.deopaws.com\/wp-content\/uploads\/2025\/04\/Small-pet-raincoat-2_-300x225.jpg 300w, https:\/\/www.deopaws.com\/wp-content\/uploads\/2025\/04\/Small-pet-raincoat-2_-600x450.jpg 600w, https:\/\/www.deopaws.com\/wp-content\/uploads\/2025\/04\/Small-pet-raincoat-2_-768x576.jpg 768w, https:\/\/www.deopaws.com\/wp-content\/uploads\/2025\/04\/Small-pet-raincoat-2_.jpg 800w\" sizes=\"auto, (max-width: 300px) 100vw, 300px\" \/><\/div>\n<div class=\"col-lg-4\"><img loading=\"lazy\" decoding=\"async\" class=\"alignnone size-full wp-image-1656\" src=\"https:\/\/www.deopaws.com\/wp-content\/uploads\/2025\/05\/fact-1_\u526f\u672c.jpg\" alt=\"\" width=\"300\" height=\"225\" \/><\/div>\n<div class=\"col-lg-4\"><img loading=\"lazy\" decoding=\"async\" class=\"alignnone size-medium wp-image-137\" src=\"https:\/\/gray-bee-883835.hostingersite.com\/wp-content\/uploads\/2025\/04\/Small-pet-raincoat-1-2-300x225.jpg\" alt=\"\" width=\"300\" height=\"225\" srcset=\"https:\/\/www.deopaws.com\/wp-content\/uploads\/2025\/04\/Small-pet-raincoat-1-2-300x225.jpg 300w, https:\/\/www.deopaws.com\/wp-content\/uploads\/2025\/04\/Small-pet-raincoat-1-2-600x450.jpg 600w, https:\/\/www.deopaws.com\/wp-content\/uploads\/2025\/04\/Small-pet-raincoat-1-2-768x576.jpg 768w, https:\/\/www.deopaws.com\/wp-content\/uploads\/2025\/04\/Small-pet-raincoat-1-2.jpg 800w\" sizes=\"auto, (max-width: 300px) 100vw, 300px\" \/><\/div>\n<div><\/div>\n<\/div>\n<\/div>\n<\/div>","protected":false},"excerpt":{"rendered":"<p>Ce collier r\u00e9fl\u00e9chissant pour chien est con\u00e7u avec une structure anti-fugue \u00e0 double couche pour plus de s\u00e9curit\u00e9. Fabriqu\u00e9 en nylon durable et ajustable, il assure une tenue s\u00fbre et confortable pour les chiens de petite et moyenne taille lors des promenades quotidiennes.<\/p>","protected":false},"featured_media":4055,"comment_status":"closed","ping_status":"closed","template":"","meta":{"_acf_changed":false},"product_brand":[],"product_cat":[16,27],"product_tag":[],"class_list":{"0":"post-4052","1":"product","2":"type-product","3":"status-publish","4":"has-post-thumbnail","6":"product_cat-dog-supplies","7":"product_cat-dog-collarsleashes-harnesses","9":"first","10":"instock","11":"shipping-taxable","12":"product-type-simple"},"acf":[],"_links":{"self":[{"href":"https:\/\/www.deopaws.com\/fr\/wp-json\/wp\/v2\/product\/4052","targetHints":{"allow":["GET"]}}],"collection":[{"href":"https:\/\/www.deopaws.com\/fr\/wp-json\/wp\/v2\/product"}],"about":[{"href":"https:\/\/www.deopaws.com\/fr\/wp-json\/wp\/v2\/types\/product"}],"replies":[{"embeddable":true,"href":"https:\/\/www.deopaws.com\/fr\/wp-json\/wp\/v2\/comments?post=4052"}],"wp:featuredmedia":[{"embeddable":true,"href":"https:\/\/www.deopaws.com\/fr\/wp-json\/wp\/v2\/media\/4055"}],"wp:attachment":[{"href":"https:\/\/www.deopaws.com\/fr\/wp-json\/wp\/v2\/media?parent=4052"}],"wp:term":[{"taxonomy":"product_brand","embeddable":true,"href":"https:\/\/www.deopaws.com\/fr\/wp-json\/wp\/v2\/product_brand?post=4052"},{"taxonomy":"product_cat","embeddable":true,"href":"https:\/\/www.deopaws.com\/fr\/wp-json\/wp\/v2\/product_cat?post=4052"},{"taxonomy":"product_tag","embeddable":true,"href":"https:\/\/www.deopaws.com\/fr\/wp-json\/wp\/v2\/product_tag?post=4052"}],"curies":[{"name":"wp","href":"https:\/\/api.w.org\/{rel}","templated":true}]}}