{"id":4026,"date":"2026-03-18T13:17:01","date_gmt":"2026-03-18T05:17:01","guid":{"rendered":"https:\/\/www.deopaws.com\/?post_type=product&#038;p=4026"},"modified":"2026-03-18T13:52:29","modified_gmt":"2026-03-18T05:52:29","slug":"cat-harness-with-leash","status":"publish","type":"product","link":"https:\/\/www.deopaws.com\/fr\/cat-harness-with-leash\/","title":{"rendered":"Harnais pour chat l\u00e9ger et anti-fugue de type gilet"},"content":{"rendered":"<h2 data-start=\"77\" data-end=\"192\">Cat Harness with Leash\u200b\u200b \uff1a<\/h2>\n<p>&nbsp;<\/p>\n<p data-start=\"65\" data-end=\"153\"><strong data-start=\"65\" data-end=\"99\">\u25cf <\/strong><strong data-start=\"529\" data-end=\"553\">Escape-Proof Design:<\/strong> Secure vest structure helps prevent cats from slipping out.<\/p>\n<p>&nbsp;<\/p>\n<p data-start=\"618\" data-end=\"697\"><strong data-start=\"618\" data-end=\"647\">\u25cf Lightweight &amp; Breathable:<\/strong> Soft polyester material keeps cats comfortable.<\/p>\n<p>&nbsp;<\/p>\n<p data-start=\"700\" data-end=\"781\"><strong data-start=\"700\" data-end=\"722\">\u25cf S\u00e9curit\u00e9 r\u00e9fl\u00e9chissante :<\/strong> Reflective strips improve visibility during night walks.<\/p>\n<p>&nbsp;<\/p>\n<p data-start=\"784\" data-end=\"857\"><strong data-start=\"784\" data-end=\"803\">\u25cf Ajustement de la taille :<\/strong> Designed to fit cats securely with easy adjustment.<\/p>\n<p>&nbsp;<\/p>\n<p data-start=\"860\" data-end=\"937\"><strong data-start=\"860\" data-end=\"879\">\u25cf Leash Included:<\/strong> Comes with a matching leash for better outdoor control.<\/p>\n<p>&nbsp;<\/p>\n<p data-start=\"940\" data-end=\"1018\"><strong data-start=\"940\" data-end=\"966\">\u25cf Perfect for Daily Use:<\/strong> Ideal for walking, travel, and outdoor exploration.<\/p>\n<p>&nbsp;<\/p>\n<p>&nbsp;<\/p>\n<div style=\"max-width: 800px; margin: auto; padding: 20px;\">\n<p><!-- \u5de6\u56fe\u53f3\u6587 --><\/p>\n<div style=\"display: flex; align-items: center; gap: 20px; margin-bottom: 40px; flex-wrap: wrap;\">\n<p><img loading=\"lazy\" decoding=\"async\" class=\"alignnone wp-image-4036 size-full\" src=\"https:\/\/www.deopaws.com\/wp-content\/uploads\/2026\/03\/6FC.jpg\" alt=\"\" width=\"380\" height=\"300\" srcset=\"https:\/\/www.deopaws.com\/wp-content\/uploads\/2026\/03\/6FC.jpg 380w, https:\/\/www.deopaws.com\/wp-content\/uploads\/2026\/03\/6FC-300x237.jpg 300w, https:\/\/www.deopaws.com\/wp-content\/uploads\/2026\/03\/6FC-15x12.jpg 15w\" sizes=\"auto, (max-width: 380px) 100vw, 380px\" \/><\/p>\n<div style=\"flex: 1; min-width: 0;\">\n<p style=\"color: gray;\">Taslon fabric is comfortable and skin-friendly. Using a high-density weaving process, Taslon is lighter than ordinary nylon, while also being more tear-resistant and abrasion-resistant than ordinary fabrics. It also has excellent water-repellent properties.<\/p>\n<\/div>\n<\/div>\n<p><!-- \u53f3\u56fe\u5de6\u6587 --><\/p>\n<div style=\"display: flex; flex-direction: row-reverse; align-items: center; gap: 20px; flex-wrap: wrap;\">\n<p><img loading=\"lazy\" decoding=\"async\" class=\"alignnone wp-image-4037 size-full\" src=\"https:\/\/www.deopaws.com\/wp-content\/uploads\/2026\/03\/DG.jpg\" alt=\"\" width=\"380\" height=\"300\" srcset=\"https:\/\/www.deopaws.com\/wp-content\/uploads\/2026\/03\/DG.jpg 380w, https:\/\/www.deopaws.com\/wp-content\/uploads\/2026\/03\/DG-300x237.jpg 300w, https:\/\/www.deopaws.com\/wp-content\/uploads\/2026\/03\/DG-15x12.jpg 15w\" sizes=\"auto, (max-width: 380px) 100vw, 380px\" \/><\/p>\n<div style=\"flex: 1; min-width: 0;\">\n<p style=\"color: gray;\">Product details display.<\/p>\n<\/div>\n<\/div>\n<\/div>\n<div style=\"max-width: 800px; margin: auto; padding: 20px;\">\n<p><!-- \u5de6\u56fe\u53f3\u6587 --><\/p>\n<div style=\"display: flex; align-items: center; gap: 20px; margin-bottom: 40px; flex-wrap: wrap;\">\n<p><img loading=\"lazy\" decoding=\"async\" class=\"alignnone wp-image-4035 size-full\" src=\"https:\/\/www.deopaws.com\/wp-content\/uploads\/2026\/03\/dcg-1-e1773812999454.jpg\" alt=\"\" width=\"378\" height=\"300\" srcset=\"https:\/\/www.deopaws.com\/wp-content\/uploads\/2026\/03\/dcg-1-e1773812999454.jpg 378w, https:\/\/www.deopaws.com\/wp-content\/uploads\/2026\/03\/dcg-1-e1773812999454-300x238.jpg 300w, https:\/\/www.deopaws.com\/wp-content\/uploads\/2026\/03\/dcg-1-e1773812999454-15x12.jpg 15w\" sizes=\"auto, (max-width: 378px) 100vw, 378px\" \/><\/p>\n<div style=\"flex: 1; min-width: 0;\">\n<p data-start=\"56\" data-end=\"422\">Tableau des tailles clair - Aide les acheteurs \u00e0 choisir la bonne taille pour leur chat, garantissant confort et s\u00e9curit\u00e9.<\/p>\n<\/div>\n<\/div>\n<\/div>\n<h3>Affichage d'usine<\/h3>\n<p>&nbsp;<\/p>\n<div class=\"row\">\n<div class=\"col-lg-4\"><img loading=\"lazy\" decoding=\"async\" class=\"alignnone size-medium wp-image-142\" src=\"https:\/\/gray-bee-883835.hostingersite.com\/wp-content\/uploads\/2025\/04\/Small-pet-raincoat-3_-300x225.jpg\" alt=\"\" width=\"300\" height=\"225\" srcset=\"https:\/\/www.deopaws.com\/wp-content\/uploads\/2025\/04\/Small-pet-raincoat-3_-300x225.jpg 300w, https:\/\/www.deopaws.com\/wp-content\/uploads\/2025\/04\/Small-pet-raincoat-3_-600x450.jpg 600w, https:\/\/www.deopaws.com\/wp-content\/uploads\/2025\/04\/Small-pet-raincoat-3_-768x576.jpg 768w, https:\/\/www.deopaws.com\/wp-content\/uploads\/2025\/04\/Small-pet-raincoat-3_.jpg 800w\" sizes=\"auto, (max-width: 300px) 100vw, 300px\" \/><\/div>\n<div class=\"col-lg-4\"><img loading=\"lazy\" decoding=\"async\" class=\"alignnone size-medium wp-image-138\" src=\"https:\/\/gray-bee-883835.hostingersite.com\/wp-content\/uploads\/2025\/04\/Small-pet-raincoat-2-2-300x225.jpg\" alt=\"\" width=\"300\" height=\"225\" srcset=\"https:\/\/www.deopaws.com\/wp-content\/uploads\/2025\/04\/Small-pet-raincoat-2-2-300x225.jpg 300w, https:\/\/www.deopaws.com\/wp-content\/uploads\/2025\/04\/Small-pet-raincoat-2-2-600x450.jpg 600w, https:\/\/www.deopaws.com\/wp-content\/uploads\/2025\/04\/Small-pet-raincoat-2-2-768x576.jpg 768w, https:\/\/www.deopaws.com\/wp-content\/uploads\/2025\/04\/Small-pet-raincoat-2-2.jpg 800w\" sizes=\"auto, (max-width: 300px) 100vw, 300px\" \/><\/div>\n<div class=\"col-lg-4\"><img loading=\"lazy\" decoding=\"async\" class=\"alignnone size-medium wp-image-139\" src=\"https:\/\/gray-bee-883835.hostingersite.com\/wp-content\/uploads\/2025\/04\/Small-pet-raincoat-3-2-300x225.jpg\" alt=\"\" width=\"300\" height=\"225\" srcset=\"https:\/\/www.deopaws.com\/wp-content\/uploads\/2025\/04\/Small-pet-raincoat-3-2-300x225.jpg 300w, https:\/\/www.deopaws.com\/wp-content\/uploads\/2025\/04\/Small-pet-raincoat-3-2-600x450.jpg 600w, https:\/\/www.deopaws.com\/wp-content\/uploads\/2025\/04\/Small-pet-raincoat-3-2-768x576.jpg 768w, https:\/\/www.deopaws.com\/wp-content\/uploads\/2025\/04\/Small-pet-raincoat-3-2.jpg 800w\" sizes=\"auto, (max-width: 300px) 100vw, 300px\" \/><\/div>\n<p>&nbsp;<\/p>\n<div>\n<div class=\"row\">\n<div class=\"col-lg-4\"><img loading=\"lazy\" decoding=\"async\" class=\"alignnone size-medium wp-image-141\" src=\"https:\/\/gray-bee-883835.hostingersite.com\/wp-content\/uploads\/2025\/04\/Small-pet-raincoat-2_-300x225.jpg\" alt=\"\" width=\"300\" height=\"225\" srcset=\"https:\/\/www.deopaws.com\/wp-content\/uploads\/2025\/04\/Small-pet-raincoat-2_-300x225.jpg 300w, https:\/\/www.deopaws.com\/wp-content\/uploads\/2025\/04\/Small-pet-raincoat-2_-600x450.jpg 600w, https:\/\/www.deopaws.com\/wp-content\/uploads\/2025\/04\/Small-pet-raincoat-2_-768x576.jpg 768w, https:\/\/www.deopaws.com\/wp-content\/uploads\/2025\/04\/Small-pet-raincoat-2_.jpg 800w\" sizes=\"auto, (max-width: 300px) 100vw, 300px\" \/><\/div>\n<div class=\"col-lg-4\"><img loading=\"lazy\" decoding=\"async\" class=\"alignnone size-full wp-image-1656\" src=\"https:\/\/www.deopaws.com\/wp-content\/uploads\/2025\/05\/fact-1_\u526f\u672c.jpg\" alt=\"\" width=\"300\" height=\"225\" \/><\/div>\n<div class=\"col-lg-4\"><img loading=\"lazy\" decoding=\"async\" class=\"alignnone size-medium wp-image-137\" src=\"https:\/\/gray-bee-883835.hostingersite.com\/wp-content\/uploads\/2025\/04\/Small-pet-raincoat-1-2-300x225.jpg\" alt=\"\" width=\"300\" height=\"225\" srcset=\"https:\/\/www.deopaws.com\/wp-content\/uploads\/2025\/04\/Small-pet-raincoat-1-2-300x225.jpg 300w, https:\/\/www.deopaws.com\/wp-content\/uploads\/2025\/04\/Small-pet-raincoat-1-2-600x450.jpg 600w, https:\/\/www.deopaws.com\/wp-content\/uploads\/2025\/04\/Small-pet-raincoat-1-2-768x576.jpg 768w, https:\/\/www.deopaws.com\/wp-content\/uploads\/2025\/04\/Small-pet-raincoat-1-2.jpg 800w\" sizes=\"auto, (max-width: 300px) 100vw, 300px\" \/><\/div>\n<div><\/div>\n<\/div>\n<\/div>\n<\/div>","protected":false},"excerpt":{"rendered":"<p>Ce harnais pour chat avec laisse est dot\u00e9 d'un gilet s\u00e9curis\u00e9 qui emp\u00eache les chats de s'\u00e9chapper tout en les maintenant \u00e0 l'aise. Fabriqu\u00e9 en polyester l\u00e9ger et respirant avec des d\u00e9tails r\u00e9fl\u00e9chissants, il est parfait pour les promenades en plein air en toute s\u00e9curit\u00e9 et pour un usage quotidien.<\/p>","protected":false},"featured_media":4029,"comment_status":"closed","ping_status":"closed","template":"","meta":{"_acf_changed":false},"product_brand":[],"product_cat":[15,17,33],"product_tag":[],"class_list":{"0":"post-4026","1":"product","2":"type-product","3":"status-publish","4":"has-post-thumbnail","6":"product_cat-products","7":"product_cat-cat-supplies","8":"product_cat-cat-collarsleashes-harnesses","10":"first","11":"instock","12":"shipping-taxable","13":"product-type-simple"},"acf":[],"_links":{"self":[{"href":"https:\/\/www.deopaws.com\/fr\/wp-json\/wp\/v2\/product\/4026","targetHints":{"allow":["GET"]}}],"collection":[{"href":"https:\/\/www.deopaws.com\/fr\/wp-json\/wp\/v2\/product"}],"about":[{"href":"https:\/\/www.deopaws.com\/fr\/wp-json\/wp\/v2\/types\/product"}],"replies":[{"embeddable":true,"href":"https:\/\/www.deopaws.com\/fr\/wp-json\/wp\/v2\/comments?post=4026"}],"wp:featuredmedia":[{"embeddable":true,"href":"https:\/\/www.deopaws.com\/fr\/wp-json\/wp\/v2\/media\/4029"}],"wp:attachment":[{"href":"https:\/\/www.deopaws.com\/fr\/wp-json\/wp\/v2\/media?parent=4026"}],"wp:term":[{"taxonomy":"product_brand","embeddable":true,"href":"https:\/\/www.deopaws.com\/fr\/wp-json\/wp\/v2\/product_brand?post=4026"},{"taxonomy":"product_cat","embeddable":true,"href":"https:\/\/www.deopaws.com\/fr\/wp-json\/wp\/v2\/product_cat?post=4026"},{"taxonomy":"product_tag","embeddable":true,"href":"https:\/\/www.deopaws.com\/fr\/wp-json\/wp\/v2\/product_tag?post=4026"}],"curies":[{"name":"wp","href":"https:\/\/api.w.org\/{rel}","templated":true}]}}