{"id":4015,"date":"2026-03-17T17:26:24","date_gmt":"2026-03-17T09:26:24","guid":{"rendered":"https:\/\/www.deopaws.com\/?post_type=product&#038;p=4015"},"modified":"2026-03-18T11:30:29","modified_gmt":"2026-03-18T03:30:29","slug":"durable-no-pull-dog-harness-manufacturer","status":"publish","type":"product","link":"https:\/\/www.deopaws.com\/fr\/durable-no-pull-dog-harness-manufacturer\/","title":{"rendered":"Harnais pour chien anti-tirage durable et am\u00e9lior\u00e9 pour une sortie en toute s\u00e9curit\u00e9"},"content":{"rendered":"<h2 data-start=\"77\" data-end=\"192\">Harnais anti-traction pour chien \uff1a<\/h2>\n<p>&nbsp;<\/p>\n<p data-start=\"191\" data-end=\"353\">\u25cf\u00a0 <strong data-start=\"521\" data-end=\"541\">Pas de contr\u00f4le de traction :<\/strong> Con\u00e7u pour r\u00e9duire la traction et am\u00e9liorer le contr\u00f4le pendant les promenades.<\/p>\n<p>&nbsp;<\/p>\n<p data-start=\"607\" data-end=\"695\"><strong data-start=\"607\" data-end=\"630\">\u25cf Conception de la poign\u00e9e de levage :<\/strong> La poign\u00e9e int\u00e9gr\u00e9e permet de soulever facilement les chiens et de les contr\u00f4ler rapidement.<\/p>\n<p>&nbsp;<\/p>\n<p data-start=\"698\" data-end=\"776\"><strong data-start=\"698\" data-end=\"726\">\u25cf Mat\u00e9riau en tissu durable :<\/strong> Le tissu r\u00e9sistant \u00e0 l'usure garantit une utilisation durable.<\/p>\n<p>&nbsp;<\/p>\n<p data-start=\"779\" data-end=\"862\"><strong data-start=\"779\" data-end=\"798\">\u25cf Ajustement de la taille :<\/strong> Plusieurs tailles permettent aux chiens de s'adapter confortablement et en toute s\u00e9curit\u00e9.<\/p>\n<p>&nbsp;<\/p>\n<p data-start=\"865\" data-end=\"953\"><strong data-start=\"865\" data-end=\"898\">\u25cf Compatible avec la laisse r\u00e9tractable :<\/strong> Peut \u00eatre utilis\u00e9 avec des laisses extensibles pour plus de flexibilit\u00e9.<\/p>\n<p>&nbsp;<\/p>\n<p data-start=\"956\" data-end=\"1030\"><strong data-start=\"956\" data-end=\"977\">\u25cf Utilisation s\u00fbre \u00e0 l'ext\u00e9rieur :<\/strong> Id\u00e9al pour la marche, l'entra\u00eenement et les activit\u00e9s de plein air.<\/p>\n<p>&nbsp;<\/p>\n<div style=\"max-width: 800px; margin: auto; padding: 20px;\">\n<p><!-- \u5de6\u56fe\u53f3\u6587 --><\/p>\n<div style=\"display: flex; align-items: center; gap: 20px; margin-bottom: 40px; flex-wrap: wrap;\">\n<p><img loading=\"lazy\" decoding=\"async\" class=\"alignnone wp-image-4020 size-full\" src=\"https:\/\/www.deopaws.com\/wp-content\/uploads\/2026\/03\/CJFN.jpg\" alt=\"\" width=\"380\" height=\"300\" srcset=\"https:\/\/www.deopaws.com\/wp-content\/uploads\/2026\/03\/CJFN.jpg 380w, https:\/\/www.deopaws.com\/wp-content\/uploads\/2026\/03\/CJFN-300x237.jpg 300w, https:\/\/www.deopaws.com\/wp-content\/uploads\/2026\/03\/CJFN-15x12.jpg 15w\" sizes=\"auto, (max-width: 380px) 100vw, 380px\" \/><\/p>\n<div style=\"flex: 1; min-width: 0;\">\n<p>La sangle est fabriqu\u00e9e sur mesure en nylon serg\u00e9 r\u00e9fl\u00e9chissant sur une seule face.<\/p>\n<p>Le tissu est en PVC 1680D \u00e0 double brin, robuste, r\u00e9sistant \u00e0 l'usure et imperm\u00e9able. Conception de r\u00e9duction du stress en plusieurs points.<\/p>\n<\/div>\n<\/div>\n<p><!-- \u53f3\u56fe\u5de6\u6587 --><\/p>\n<div style=\"display: flex; flex-direction: row-reverse; align-items: center; gap: 20px; flex-wrap: wrap;\">\n<p><img loading=\"lazy\" decoding=\"async\" class=\"alignnone wp-image-4022 size-medium\" src=\"https:\/\/www.deopaws.com\/wp-content\/uploads\/2026\/03\/huk-300x237.jpg\" alt=\"\" width=\"300\" height=\"237\" srcset=\"https:\/\/www.deopaws.com\/wp-content\/uploads\/2026\/03\/huk-300x237.jpg 300w, https:\/\/www.deopaws.com\/wp-content\/uploads\/2026\/03\/huk-15x12.jpg 15w, https:\/\/www.deopaws.com\/wp-content\/uploads\/2026\/03\/huk.jpg 380w\" sizes=\"auto, (max-width: 300px) 100vw, 300px\" \/><\/p>\n<div style=\"flex: 1; min-width: 0;\">\n<p style=\"color: gray;\">Poign\u00e9es robustes, durables, antid\u00e9flagrantes et r\u00e9sistantes aux chocs ; \u00e9largies pour faciliter la prise en main et le contr\u00f4le \u00e0 proximit\u00e9 afin d'\u00e9viter les chocs.<\/p>\n<p>Anneau en D antid\u00e9flagrant \u00e0 l'arri\u00e8re, c\u00e2blage renforc\u00e9 en plusieurs points, pouvant r\u00e9sister \u00e0 une plus grande force de traction.<\/p>\n<\/div>\n<\/div>\n<\/div>\n<div style=\"max-width: 800px; margin: auto; padding: 20px;\">\n<p><!-- \u5de6\u56fe\u53f3\u6587 --><\/p>\n<div style=\"display: flex; align-items: center; gap: 20px; margin-bottom: 40px; flex-wrap: wrap;\">\n<p><img loading=\"lazy\" decoding=\"async\" class=\"alignnone wp-image-4023 size-full\" src=\"https:\/\/www.deopaws.com\/wp-content\/uploads\/2026\/03\/yrf.jpg\" alt=\"\" width=\"380\" height=\"300\" srcset=\"https:\/\/www.deopaws.com\/wp-content\/uploads\/2026\/03\/yrf.jpg 380w, https:\/\/www.deopaws.com\/wp-content\/uploads\/2026\/03\/yrf-300x237.jpg 300w, https:\/\/www.deopaws.com\/wp-content\/uploads\/2026\/03\/yrf-15x12.jpg 15w\" sizes=\"auto, (max-width: 380px) 100vw, 380px\" \/><\/p>\n<div style=\"flex: 1; min-width: 0;\">\n<p data-start=\"56\" data-end=\"422\">Loquet de s\u00e9curit\u00e9 am\u00e9lior\u00e9 : Le loquet \u00e9pais est plus de trois fois plus r\u00e9sistant \u00e0 la traction que les loquets ordinaires et risque moins de tomber.<\/p>\n<p data-start=\"56\" data-end=\"422\">Un nouvel anneau d'extension de traction a \u00e9t\u00e9 ajout\u00e9 \u00e0 l'avant du chien, qui peut \u00eatre utilis\u00e9 pour accrocher des lumi\u00e8res LED et des plaques d'identification.<\/p>\n<\/div>\n<\/div>\n<p><!-- \u53f3\u56fe\u5de6\u6587 --><\/p>\n<div style=\"display: flex; flex-direction: row-reverse; align-items: center; gap: 20px; flex-wrap: wrap;\">\n<p><img loading=\"lazy\" decoding=\"async\" class=\"alignnone wp-image-4024 size-full\" src=\"https:\/\/www.deopaws.com\/wp-content\/uploads\/2026\/03\/jc.jpg\" alt=\"\" width=\"380\" height=\"300\" srcset=\"https:\/\/www.deopaws.com\/wp-content\/uploads\/2026\/03\/jc.jpg 380w, https:\/\/www.deopaws.com\/wp-content\/uploads\/2026\/03\/jc-300x237.jpg 300w, https:\/\/www.deopaws.com\/wp-content\/uploads\/2026\/03\/jc-15x12.jpg 15w\" sizes=\"auto, (max-width: 380px) 100vw, 380px\" \/><\/p>\n<div style=\"flex: 1; min-width: 0;\">\n<p style=\"color: gray;\">Ne craint pas l'obscurit\u00e9, mais r\u00e9siste \u00e0 la lumi\u00e8re, ce qui garantit la s\u00e9curit\u00e9 de votre chien lors des sorties nocturnes.<\/p>\n<\/div>\n<\/div>\n<\/div>\n<div style=\"max-width: 800px; margin: auto; padding: 20px;\">\n<p><!-- \u5de6\u56fe\u53f3\u6587 --><\/p>\n<div style=\"display: flex; align-items: center; gap: 20px; margin-bottom: 40px; flex-wrap: wrap;\">\n<p><img loading=\"lazy\" decoding=\"async\" class=\"alignnone wp-image-4025 size-full\" src=\"https:\/\/www.deopaws.com\/wp-content\/uploads\/2026\/03\/dgc.jpg\" alt=\"\" width=\"380\" height=\"300\" srcset=\"https:\/\/www.deopaws.com\/wp-content\/uploads\/2026\/03\/dgc.jpg 380w, https:\/\/www.deopaws.com\/wp-content\/uploads\/2026\/03\/dgc-300x237.jpg 300w, https:\/\/www.deopaws.com\/wp-content\/uploads\/2026\/03\/dgc-15x12.jpg 15w\" sizes=\"auto, (max-width: 380px) 100vw, 380px\" \/><\/p>\n<div style=\"flex: 1; min-width: 0;\">\n<p data-start=\"56\" data-end=\"422\">Tableau des tailles - Diff\u00e9rentes tailles sont disponibles et conviennent aux chiens de diff\u00e9rentes tailles.<\/p>\n<\/div>\n<\/div>\n<\/div>\n<h3>Affichage d'usine<\/h3>\n<p>&nbsp;<\/p>\n<div class=\"row\">\n<div class=\"col-lg-4\"><img loading=\"lazy\" decoding=\"async\" class=\"alignnone size-medium wp-image-142\" src=\"https:\/\/gray-bee-883835.hostingersite.com\/wp-content\/uploads\/2025\/04\/Small-pet-raincoat-3_-300x225.jpg\" alt=\"\" width=\"300\" height=\"225\" srcset=\"https:\/\/www.deopaws.com\/wp-content\/uploads\/2025\/04\/Small-pet-raincoat-3_-300x225.jpg 300w, https:\/\/www.deopaws.com\/wp-content\/uploads\/2025\/04\/Small-pet-raincoat-3_-600x450.jpg 600w, https:\/\/www.deopaws.com\/wp-content\/uploads\/2025\/04\/Small-pet-raincoat-3_-768x576.jpg 768w, https:\/\/www.deopaws.com\/wp-content\/uploads\/2025\/04\/Small-pet-raincoat-3_.jpg 800w\" sizes=\"auto, (max-width: 300px) 100vw, 300px\" \/><\/div>\n<div class=\"col-lg-4\"><img loading=\"lazy\" decoding=\"async\" class=\"alignnone size-medium wp-image-138\" src=\"https:\/\/gray-bee-883835.hostingersite.com\/wp-content\/uploads\/2025\/04\/Small-pet-raincoat-2-2-300x225.jpg\" alt=\"\" width=\"300\" height=\"225\" srcset=\"https:\/\/www.deopaws.com\/wp-content\/uploads\/2025\/04\/Small-pet-raincoat-2-2-300x225.jpg 300w, https:\/\/www.deopaws.com\/wp-content\/uploads\/2025\/04\/Small-pet-raincoat-2-2-600x450.jpg 600w, https:\/\/www.deopaws.com\/wp-content\/uploads\/2025\/04\/Small-pet-raincoat-2-2-768x576.jpg 768w, https:\/\/www.deopaws.com\/wp-content\/uploads\/2025\/04\/Small-pet-raincoat-2-2.jpg 800w\" sizes=\"auto, (max-width: 300px) 100vw, 300px\" \/><\/div>\n<div class=\"col-lg-4\"><img loading=\"lazy\" decoding=\"async\" class=\"alignnone size-medium wp-image-139\" src=\"https:\/\/gray-bee-883835.hostingersite.com\/wp-content\/uploads\/2025\/04\/Small-pet-raincoat-3-2-300x225.jpg\" alt=\"\" width=\"300\" height=\"225\" srcset=\"https:\/\/www.deopaws.com\/wp-content\/uploads\/2025\/04\/Small-pet-raincoat-3-2-300x225.jpg 300w, https:\/\/www.deopaws.com\/wp-content\/uploads\/2025\/04\/Small-pet-raincoat-3-2-600x450.jpg 600w, https:\/\/www.deopaws.com\/wp-content\/uploads\/2025\/04\/Small-pet-raincoat-3-2-768x576.jpg 768w, https:\/\/www.deopaws.com\/wp-content\/uploads\/2025\/04\/Small-pet-raincoat-3-2.jpg 800w\" sizes=\"auto, (max-width: 300px) 100vw, 300px\" \/><\/div>\n<p>&nbsp;<\/p>\n<div>\n<div class=\"row\">\n<div class=\"col-lg-4\"><img loading=\"lazy\" decoding=\"async\" class=\"alignnone size-medium wp-image-141\" src=\"https:\/\/gray-bee-883835.hostingersite.com\/wp-content\/uploads\/2025\/04\/Small-pet-raincoat-2_-300x225.jpg\" alt=\"\" width=\"300\" height=\"225\" srcset=\"https:\/\/www.deopaws.com\/wp-content\/uploads\/2025\/04\/Small-pet-raincoat-2_-300x225.jpg 300w, https:\/\/www.deopaws.com\/wp-content\/uploads\/2025\/04\/Small-pet-raincoat-2_-600x450.jpg 600w, https:\/\/www.deopaws.com\/wp-content\/uploads\/2025\/04\/Small-pet-raincoat-2_-768x576.jpg 768w, https:\/\/www.deopaws.com\/wp-content\/uploads\/2025\/04\/Small-pet-raincoat-2_.jpg 800w\" sizes=\"auto, (max-width: 300px) 100vw, 300px\" \/><\/div>\n<div class=\"col-lg-4\"><img loading=\"lazy\" decoding=\"async\" class=\"alignnone size-full wp-image-1656\" src=\"https:\/\/www.deopaws.com\/wp-content\/uploads\/2025\/05\/fact-1_\u526f\u672c.jpg\" alt=\"\" width=\"300\" height=\"225\" \/><\/div>\n<div class=\"col-lg-4\"><img loading=\"lazy\" decoding=\"async\" class=\"alignnone size-medium wp-image-137\" src=\"https:\/\/gray-bee-883835.hostingersite.com\/wp-content\/uploads\/2025\/04\/Small-pet-raincoat-1-2-300x225.jpg\" alt=\"\" width=\"300\" height=\"225\" srcset=\"https:\/\/www.deopaws.com\/wp-content\/uploads\/2025\/04\/Small-pet-raincoat-1-2-300x225.jpg 300w, https:\/\/www.deopaws.com\/wp-content\/uploads\/2025\/04\/Small-pet-raincoat-1-2-600x450.jpg 600w, https:\/\/www.deopaws.com\/wp-content\/uploads\/2025\/04\/Small-pet-raincoat-1-2-768x576.jpg 768w, https:\/\/www.deopaws.com\/wp-content\/uploads\/2025\/04\/Small-pet-raincoat-1-2.jpg 800w\" sizes=\"auto, (max-width: 300px) 100vw, 300px\" \/><\/div>\n<div><\/div>\n<\/div>\n<\/div>\n<\/div>","protected":false},"excerpt":{"rendered":"<p>En tant que fabricant professionnel de harnais pour chiens sans traction, nous proposons des harnais durables avec une poign\u00e9e de levage pour un meilleur contr\u00f4le. Fabriqu\u00e9s dans un tissu solide, ils offrent confort, s\u00e9curit\u00e9 et fiabilit\u00e9 pour les promenades quotidiennes et les activit\u00e9s de plein air.<\/p>","protected":false},"featured_media":4018,"comment_status":"closed","ping_status":"closed","template":"","meta":{"_acf_changed":false},"product_brand":[],"product_cat":[16,27],"product_tag":[],"class_list":{"0":"post-4015","1":"product","2":"type-product","3":"status-publish","4":"has-post-thumbnail","6":"product_cat-dog-supplies","7":"product_cat-dog-collarsleashes-harnesses","9":"first","10":"instock","11":"shipping-taxable","12":"product-type-simple"},"acf":[],"_links":{"self":[{"href":"https:\/\/www.deopaws.com\/fr\/wp-json\/wp\/v2\/product\/4015","targetHints":{"allow":["GET"]}}],"collection":[{"href":"https:\/\/www.deopaws.com\/fr\/wp-json\/wp\/v2\/product"}],"about":[{"href":"https:\/\/www.deopaws.com\/fr\/wp-json\/wp\/v2\/types\/product"}],"replies":[{"embeddable":true,"href":"https:\/\/www.deopaws.com\/fr\/wp-json\/wp\/v2\/comments?post=4015"}],"wp:featuredmedia":[{"embeddable":true,"href":"https:\/\/www.deopaws.com\/fr\/wp-json\/wp\/v2\/media\/4018"}],"wp:attachment":[{"href":"https:\/\/www.deopaws.com\/fr\/wp-json\/wp\/v2\/media?parent=4015"}],"wp:term":[{"taxonomy":"product_brand","embeddable":true,"href":"https:\/\/www.deopaws.com\/fr\/wp-json\/wp\/v2\/product_brand?post=4015"},{"taxonomy":"product_cat","embeddable":true,"href":"https:\/\/www.deopaws.com\/fr\/wp-json\/wp\/v2\/product_cat?post=4015"},{"taxonomy":"product_tag","embeddable":true,"href":"https:\/\/www.deopaws.com\/fr\/wp-json\/wp\/v2\/product_tag?post=4015"}],"curies":[{"name":"wp","href":"https:\/\/api.w.org\/{rel}","templated":true}]}}