{"id":367,"date":"2025-04-21T17:26:33","date_gmt":"2025-04-21T09:26:33","guid":{"rendered":"https:\/\/gray-bee-883835.hostingersite.com\/?post_type=product&#038;p=367"},"modified":"2025-08-04T17:00:30","modified_gmt":"2025-08-04T09:00:30","slug":"dog-winter-coat-waterproof","status":"publish","type":"product","link":"https:\/\/www.deopaws.com\/fr\/dog-winter-coat-waterproof\/","title":{"rendered":"Manteau d'hiver pour chien imperm\u00e9able - chaud, durable et protecteur"},"content":{"rendered":"<h2 data-start=\"165\" data-end=\"310\">Dog winter coat waterproof:<\/h2>\n<p class=\"\" data-start=\"165\" data-end=\"310\"><strong data-start=\"165\" data-end=\"197\">\u25cf Eco-Friendly and Waterproof:<\/strong> Made from eco-friendly cotton, this dog coat offers protection against rain while keeping your pet cozy and dry.<\/p>\n<p class=\"\" data-start=\"314\" data-end=\"453\"><strong data-start=\"314\" data-end=\"339\">\u25cf Perfect Fit for Dogs:<\/strong> Tailored to fit all dog breeds and sizes (S-2XL), providing a snug, comfortable, and functional fit for your dog.<\/p>\n<p class=\"\" data-start=\"457\" data-end=\"616\"><strong data-start=\"457\" data-end=\"482\">\u25cf Warm and Comfortable:<\/strong> Designed for winter, this coat offers extra warmth while being lightweight, ensuring your dog stays comfortable in chilly conditions.<\/p>\n<p class=\"\" data-start=\"620\" data-end=\"751\"><strong data-start=\"620\" data-end=\"650\">\u25cf Simple and Classic Design:<\/strong> Features a clean, solid print pattern that is both stylish and practical for rainy and cold weather.<\/p>\n<p class=\"\" data-start=\"755\" data-end=\"891\"><strong data-start=\"755\" data-end=\"794\">\u25cf Ideal for Winter and Rainy Weather:<\/strong> This coat is perfect for outdoor walks in wet or cold conditions, keeping your dog warm and dry.<\/p>\n<p class=\"\" data-start=\"895\" data-end=\"1014\"><strong data-start=\"895\" data-end=\"912\">\u25cf Customizable:<\/strong> Ideal for businesses, this coat can be customized with a logo to create a unique look for your brand.<\/p>\n<p class=\"\" data-start=\"1018\" data-end=\"1152\"><strong data-start=\"1018\" data-end=\"1035\">\u25cf Modern Style:<\/strong> A classic and minimalist design that provides both fashion and function, making your pet look stylish and protected.<\/p>\n<p class=\"\" data-start=\"1156\" data-end=\"1284\"><strong data-start=\"1156\" data-end=\"1188\">\u25cf Available in Multiple Sizes:<\/strong> Available in sizes S to 2XL, making it suitable for a wide range of small to medium-sized dogs.<\/p>\n<p>&nbsp;<\/p>\n<p>&nbsp;<\/p>\n<div style=\"max-width: 800px; margin: auto; padding: 20px;\">\n<p><!-- \u5de6\u56fe\u53f3\u6587 --><\/p>\n<div style=\"display: flex; align-items: center; gap: 20px; margin-bottom: 40px; flex-wrap: wrap;\">\n<p><img loading=\"lazy\" decoding=\"async\" class=\"alignnone wp-image-371\" src=\"https:\/\/gray-bee-883835.hostingersite.com\/wp-content\/uploads\/2025\/04\/Custom-Pet-Clothes-\u2013-Waterproof-Rain-Coat-Winter-Dog-Coat-5-300x300.jpg\" alt=\"dog winter coat waterproof\" width=\"370\" height=\"370\" srcset=\"https:\/\/www.deopaws.com\/wp-content\/uploads\/2025\/04\/Custom-Pet-Clothes-\u2013-Waterproof-Rain-Coat-Winter-Dog-Coat-5-300x300.jpg 300w, https:\/\/www.deopaws.com\/wp-content\/uploads\/2025\/04\/Custom-Pet-Clothes-\u2013-Waterproof-Rain-Coat-Winter-Dog-Coat-5-100x100.jpg 100w, https:\/\/www.deopaws.com\/wp-content\/uploads\/2025\/04\/Custom-Pet-Clothes-\u2013-Waterproof-Rain-Coat-Winter-Dog-Coat-5-600x600.jpg 600w, https:\/\/www.deopaws.com\/wp-content\/uploads\/2025\/04\/Custom-Pet-Clothes-\u2013-Waterproof-Rain-Coat-Winter-Dog-Coat-5-150x150.jpg 150w, https:\/\/www.deopaws.com\/wp-content\/uploads\/2025\/04\/Custom-Pet-Clothes-\u2013-Waterproof-Rain-Coat-Winter-Dog-Coat-5-768x768.jpg 768w, https:\/\/www.deopaws.com\/wp-content\/uploads\/2025\/04\/Custom-Pet-Clothes-\u2013-Waterproof-Rain-Coat-Winter-Dog-Coat-5.jpg 800w\" sizes=\"auto, (max-width: 370px) 100vw, 370px\" \/><\/p>\n<div style=\"flex: 1; min-width: 0;\">\n<p style=\"color: gray;\">Crafted from eco-friendly cotton, this dog coat is designed to protect your pet from rain while keeping them cozy and dry.<\/p>\n<\/div>\n<\/div>\n<p><!-- \u53f3\u56fe\u5de6\u6587 --><\/p>\n<div style=\"display: flex; flex-direction: row-reverse; align-items: center; gap: 20px; flex-wrap: wrap;\">\n<p><img loading=\"lazy\" decoding=\"async\" class=\"alignnone wp-image-372\" src=\"https:\/\/gray-bee-883835.hostingersite.com\/wp-content\/uploads\/2025\/04\/Custom-Pet-Clothes-\u2013-Waterproof-Rain-Coat-Winter-Dog-Coat-6-300x300.jpg\" alt=\"dog winter coat waterproof\" width=\"370\" height=\"370\" srcset=\"https:\/\/www.deopaws.com\/wp-content\/uploads\/2025\/04\/Custom-Pet-Clothes-\u2013-Waterproof-Rain-Coat-Winter-Dog-Coat-6-300x300.jpg 300w, https:\/\/www.deopaws.com\/wp-content\/uploads\/2025\/04\/Custom-Pet-Clothes-\u2013-Waterproof-Rain-Coat-Winter-Dog-Coat-6-100x100.jpg 100w, https:\/\/www.deopaws.com\/wp-content\/uploads\/2025\/04\/Custom-Pet-Clothes-\u2013-Waterproof-Rain-Coat-Winter-Dog-Coat-6-600x600.jpg 600w, https:\/\/www.deopaws.com\/wp-content\/uploads\/2025\/04\/Custom-Pet-Clothes-\u2013-Waterproof-Rain-Coat-Winter-Dog-Coat-6-150x150.jpg 150w, https:\/\/www.deopaws.com\/wp-content\/uploads\/2025\/04\/Custom-Pet-Clothes-\u2013-Waterproof-Rain-Coat-Winter-Dog-Coat-6-768x768.jpg 768w, https:\/\/www.deopaws.com\/wp-content\/uploads\/2025\/04\/Custom-Pet-Clothes-\u2013-Waterproof-Rain-Coat-Winter-Dog-Coat-6.jpg 800w\" sizes=\"auto, (max-width: 370px) 100vw, 370px\" \/><\/p>\n<div style=\"flex: 1; min-width: 0;\">\n<p style=\"color: gray;\">Designed for winter, this coat provides extra warmth while remaining lightweight, ensuring comfort in chilly conditions.<\/p>\n<\/div>\n<\/div>\n<\/div>\n<div style=\"max-width: 800px; margin: auto; padding: 20px;\">\n<p><!-- \u5de6\u56fe\u53f3\u6587 --><\/p>\n<div style=\"display: flex; align-items: center; gap: 20px; margin-bottom: 40px; flex-wrap: wrap;\">\n<p><img loading=\"lazy\" decoding=\"async\" class=\"alignnone wp-image-374\" src=\"https:\/\/gray-bee-883835.hostingersite.com\/wp-content\/uploads\/2025\/04\/Custom-Pet-Clothes-\u2013-Waterproof-Rain-Coat-Winter-Dog-Coat-8-300x300.jpg\" alt=\"dog winter coat waterproof\" width=\"370\" height=\"370\" srcset=\"https:\/\/www.deopaws.com\/wp-content\/uploads\/2025\/04\/Custom-Pet-Clothes-\u2013-Waterproof-Rain-Coat-Winter-Dog-Coat-8-300x300.jpg 300w, https:\/\/www.deopaws.com\/wp-content\/uploads\/2025\/04\/Custom-Pet-Clothes-\u2013-Waterproof-Rain-Coat-Winter-Dog-Coat-8-100x100.jpg 100w, https:\/\/www.deopaws.com\/wp-content\/uploads\/2025\/04\/Custom-Pet-Clothes-\u2013-Waterproof-Rain-Coat-Winter-Dog-Coat-8-600x600.jpg 600w, https:\/\/www.deopaws.com\/wp-content\/uploads\/2025\/04\/Custom-Pet-Clothes-\u2013-Waterproof-Rain-Coat-Winter-Dog-Coat-8-150x150.jpg 150w, https:\/\/www.deopaws.com\/wp-content\/uploads\/2025\/04\/Custom-Pet-Clothes-\u2013-Waterproof-Rain-Coat-Winter-Dog-Coat-8-768x768.jpg 768w, https:\/\/www.deopaws.com\/wp-content\/uploads\/2025\/04\/Custom-Pet-Clothes-\u2013-Waterproof-Rain-Coat-Winter-Dog-Coat-8.jpg 800w\" sizes=\"auto, (max-width: 370px) 100vw, 370px\" \/><\/p>\n<div style=\"flex: 1; min-width: 0;\">\n<p style=\"color: gray;\">Perfect for outdoor walks during wet or cold conditions, keeping your dog both warm and dry.<\/p>\n<\/div>\n<\/div>\n<p><!-- \u53f3\u56fe\u5de6\u6587 --><\/p>\n<div style=\"display: flex; flex-direction: row-reverse; align-items: center; gap: 20px; flex-wrap: wrap;\">\n<p><img loading=\"lazy\" decoding=\"async\" class=\"alignnone wp-image-164\" src=\"https:\/\/gray-bee-883835.hostingersite.com\/wp-content\/uploads\/2025\/04\/1213-300x240.jpg\" alt=\"\" width=\"370\" height=\"296\" srcset=\"https:\/\/www.deopaws.com\/wp-content\/uploads\/2025\/04\/1213-300x240.jpg 300w, https:\/\/www.deopaws.com\/wp-content\/uploads\/2025\/04\/1213-600x480.jpg 600w, https:\/\/www.deopaws.com\/wp-content\/uploads\/2025\/04\/1213.jpg 750w\" sizes=\"auto, (max-width: 370px) 100vw, 370px\" \/><\/p>\n<div style=\"flex: 1; min-width: 0;\">\n<p style=\"color: gray;\">Ces v\u00eatements pour chiens sont non seulement uniques, mais aussi enti\u00e8rement personnalisables. Vous pouvez proposer diff\u00e9rentes tailles, couleurs, motifs ou broderies personnalis\u00e9es, telles que des noms ou des dessins sp\u00e9ciaux, en fonction des pr\u00e9f\u00e9rences de vos clients. Chaque pull est ainsi unique et parfaitement adapt\u00e9 aux besoins des animaux de compagnie et de leurs propri\u00e9taires, ce qui renforce l'attrait du produit et sa comp\u00e9titivit\u00e9 sur le march\u00e9.<\/p>\n<\/div>\n<\/div>\n<\/div>\n<div style=\"max-width: 800px; margin: auto; padding: 20px;\">\n<p><!-- \u5de6\u56fe\u53f3\u6587 --><\/p>\n<div style=\"display: flex; align-items: center; gap: 20px; margin-bottom: 40px; flex-wrap: wrap;\">\n<p><img loading=\"lazy\" decoding=\"async\" class=\"alignnone wp-image-159\" src=\"https:\/\/gray-bee-883835.hostingersite.com\/wp-content\/uploads\/2025\/04\/111-300x240.jpg\" alt=\"\" width=\"370\" height=\"296\" srcset=\"https:\/\/www.deopaws.com\/wp-content\/uploads\/2025\/04\/111-300x240.jpg 300w, https:\/\/www.deopaws.com\/wp-content\/uploads\/2025\/04\/111-600x480.jpg 600w, https:\/\/www.deopaws.com\/wp-content\/uploads\/2025\/04\/111.jpg 750w\" sizes=\"auto, (max-width: 370px) 100vw, 370px\" \/><\/p>\n<div style=\"flex: 1; min-width: 0;\">\n<p style=\"color: gray;\">Ces serviettes pour chiens sont disponibles dans une large gamme de couleurs pour s'adapter aux diff\u00e9rentes personnalit\u00e9s des animaux de compagnie. Qu'il s'agisse de rouges chauds, de bleus vibrants, de roses tendres ou de noirs et blancs classiques, vous pouvez choisir en fonction des pr\u00e9f\u00e9rences de votre animal ou de votre client. Chaque couleur est soigneusement con\u00e7ue pour \u00eatre \u00e0 la fois \u00e9l\u00e9gante et adapt\u00e9e \u00e0 diverses occasions, offrant \u00e0 la fois confort et charme \u00e0 chaque petit chien.<\/p>\n<\/div>\n<\/div>\n<p><!-- \u53f3\u56fe\u5de6\u6587 --><\/p>\n<div style=\"display: flex; flex-direction: row-reverse; align-items: center; gap: 20px; flex-wrap: wrap;\">\n<p><img loading=\"lazy\" decoding=\"async\" class=\"alignnone wp-image-160\" src=\"https:\/\/gray-bee-883835.hostingersite.com\/wp-content\/uploads\/2025\/04\/112-300x240.jpg\" alt=\"\" width=\"370\" height=\"296\" srcset=\"https:\/\/www.deopaws.com\/wp-content\/uploads\/2025\/04\/112-300x240.jpg 300w, https:\/\/www.deopaws.com\/wp-content\/uploads\/2025\/04\/112-600x480.jpg 600w, https:\/\/www.deopaws.com\/wp-content\/uploads\/2025\/04\/112.jpg 750w\" sizes=\"auto, (max-width: 370px) 100vw, 370px\" \/><\/p>\n<div style=\"flex: 1; min-width: 0;\">\n<p style=\"color: gray;\">Enti\u00e8rement personnalisable<\/p>\n<\/div>\n<\/div>\n<\/div>\n<div style=\"max-width: 800px; margin: auto; padding: 20px;\">\n<p><!-- \u5de6\u56fe\u53f3\u6587 --><\/p>\n<div style=\"display: flex; align-items: center; gap: 20px; margin-bottom: 40px; flex-wrap: wrap;\">\n<p><img loading=\"lazy\" decoding=\"async\" class=\"alignnone wp-image-161\" src=\"https:\/\/gray-bee-883835.hostingersite.com\/wp-content\/uploads\/2025\/04\/113-300x240.jpg\" alt=\"\" width=\"370\" height=\"296\" srcset=\"https:\/\/www.deopaws.com\/wp-content\/uploads\/2025\/04\/113-300x240.jpg 300w, https:\/\/www.deopaws.com\/wp-content\/uploads\/2025\/04\/113-600x480.jpg 600w, https:\/\/www.deopaws.com\/wp-content\/uploads\/2025\/04\/113.jpg 750w\" sizes=\"auto, (max-width: 370px) 100vw, 370px\" \/><\/p>\n<div style=\"flex: 1; min-width: 0;\">\n<p style=\"color: gray;\">\u00a0Fabriqu\u00e9 en polaire de haute qualit\u00e9, il offre un toucher doux et une excellente isolation pour les journ\u00e9es fra\u00eeches.<\/p>\n<\/div>\n<\/div>\n<p><!-- \u53f3\u56fe\u5de6\u6587 --><\/p>\n<div style=\"display: flex; flex-direction: row-reverse; align-items: center; gap: 20px; flex-wrap: wrap;\">\n<p><img loading=\"lazy\" decoding=\"async\" class=\"alignnone wp-image-157\" src=\"https:\/\/gray-bee-883835.hostingersite.com\/wp-content\/uploads\/2025\/04\/11212-300x240.jpg\" alt=\"\" width=\"370\" height=\"296\" srcset=\"https:\/\/www.deopaws.com\/wp-content\/uploads\/2025\/04\/11212-300x240.jpg 300w, https:\/\/www.deopaws.com\/wp-content\/uploads\/2025\/04\/11212-600x480.jpg 600w, https:\/\/www.deopaws.com\/wp-content\/uploads\/2025\/04\/11212.jpg 750w\" sizes=\"auto, (max-width: 370px) 100vw, 370px\" \/><\/p>\n<div style=\"flex: 1; min-width: 0;\">\n<p style=\"color: gray;\">Vous pouvez y apposer votre propre logo pour en faire un excellent produit promotionnel pour votre entreprise. Le pull est \u00e9galement livr\u00e9 avec un sac OPP pratique pour faciliter le stockage et le transport.<\/p>\n<\/div>\n<\/div>\n<\/div>\n<h3>Affichage d'usine<\/h3>\n<p>&nbsp;<\/p>\n<div class=\"row\">\n<div class=\"col-lg-4\"><img loading=\"lazy\" decoding=\"async\" class=\"alignnone size-medium wp-image-142\" src=\"https:\/\/gray-bee-883835.hostingersite.com\/wp-content\/uploads\/2025\/04\/Small-pet-raincoat-3_-300x225.jpg\" alt=\"\" width=\"300\" height=\"225\" srcset=\"https:\/\/www.deopaws.com\/wp-content\/uploads\/2025\/04\/Small-pet-raincoat-3_-300x225.jpg 300w, https:\/\/www.deopaws.com\/wp-content\/uploads\/2025\/04\/Small-pet-raincoat-3_-600x450.jpg 600w, https:\/\/www.deopaws.com\/wp-content\/uploads\/2025\/04\/Small-pet-raincoat-3_-768x576.jpg 768w, https:\/\/www.deopaws.com\/wp-content\/uploads\/2025\/04\/Small-pet-raincoat-3_.jpg 800w\" sizes=\"auto, (max-width: 300px) 100vw, 300px\" \/><\/div>\n<div class=\"col-lg-4\"><img loading=\"lazy\" decoding=\"async\" class=\"alignnone size-medium wp-image-138\" src=\"https:\/\/gray-bee-883835.hostingersite.com\/wp-content\/uploads\/2025\/04\/Small-pet-raincoat-2-2-300x225.jpg\" alt=\"\" width=\"300\" height=\"225\" srcset=\"https:\/\/www.deopaws.com\/wp-content\/uploads\/2025\/04\/Small-pet-raincoat-2-2-300x225.jpg 300w, https:\/\/www.deopaws.com\/wp-content\/uploads\/2025\/04\/Small-pet-raincoat-2-2-600x450.jpg 600w, https:\/\/www.deopaws.com\/wp-content\/uploads\/2025\/04\/Small-pet-raincoat-2-2-768x576.jpg 768w, https:\/\/www.deopaws.com\/wp-content\/uploads\/2025\/04\/Small-pet-raincoat-2-2.jpg 800w\" sizes=\"auto, (max-width: 300px) 100vw, 300px\" \/><\/div>\n<div class=\"col-lg-4\"><img loading=\"lazy\" decoding=\"async\" class=\"alignnone size-medium wp-image-139\" src=\"https:\/\/gray-bee-883835.hostingersite.com\/wp-content\/uploads\/2025\/04\/Small-pet-raincoat-3-2-300x225.jpg\" alt=\"\" width=\"300\" height=\"225\" srcset=\"https:\/\/www.deopaws.com\/wp-content\/uploads\/2025\/04\/Small-pet-raincoat-3-2-300x225.jpg 300w, https:\/\/www.deopaws.com\/wp-content\/uploads\/2025\/04\/Small-pet-raincoat-3-2-600x450.jpg 600w, https:\/\/www.deopaws.com\/wp-content\/uploads\/2025\/04\/Small-pet-raincoat-3-2-768x576.jpg 768w, https:\/\/www.deopaws.com\/wp-content\/uploads\/2025\/04\/Small-pet-raincoat-3-2.jpg 800w\" sizes=\"auto, (max-width: 300px) 100vw, 300px\" \/><\/div>\n<p>&nbsp;<\/p>\n<div>\n<div class=\"row\">\n<div class=\"col-lg-4\"><img loading=\"lazy\" decoding=\"async\" class=\"alignnone size-medium wp-image-141\" src=\"https:\/\/gray-bee-883835.hostingersite.com\/wp-content\/uploads\/2025\/04\/Small-pet-raincoat-2_-300x225.jpg\" alt=\"\" width=\"300\" height=\"225\" srcset=\"https:\/\/www.deopaws.com\/wp-content\/uploads\/2025\/04\/Small-pet-raincoat-2_-300x225.jpg 300w, https:\/\/www.deopaws.com\/wp-content\/uploads\/2025\/04\/Small-pet-raincoat-2_-600x450.jpg 600w, https:\/\/www.deopaws.com\/wp-content\/uploads\/2025\/04\/Small-pet-raincoat-2_-768x576.jpg 768w, https:\/\/www.deopaws.com\/wp-content\/uploads\/2025\/04\/Small-pet-raincoat-2_.jpg 800w\" sizes=\"auto, (max-width: 300px) 100vw, 300px\" \/><\/div>\n<div class=\"col-lg-4\"><img loading=\"lazy\" decoding=\"async\" class=\"alignnone size-full wp-image-1656\" src=\"https:\/\/www.deopaws.com\/wp-content\/uploads\/2025\/05\/fact-1_\u526f\u672c.jpg\" alt=\"\" width=\"300\" height=\"225\" \/><\/div>\n<div class=\"col-lg-4\"><img loading=\"lazy\" decoding=\"async\" class=\"alignnone size-medium wp-image-137\" src=\"https:\/\/gray-bee-883835.hostingersite.com\/wp-content\/uploads\/2025\/04\/Small-pet-raincoat-1-2-300x225.jpg\" alt=\"\" width=\"300\" height=\"225\" srcset=\"https:\/\/www.deopaws.com\/wp-content\/uploads\/2025\/04\/Small-pet-raincoat-1-2-300x225.jpg 300w, https:\/\/www.deopaws.com\/wp-content\/uploads\/2025\/04\/Small-pet-raincoat-1-2-600x450.jpg 600w, https:\/\/www.deopaws.com\/wp-content\/uploads\/2025\/04\/Small-pet-raincoat-1-2-768x576.jpg 768w, https:\/\/www.deopaws.com\/wp-content\/uploads\/2025\/04\/Small-pet-raincoat-1-2.jpg 800w\" sizes=\"auto, (max-width: 300px) 100vw, 300px\" \/><\/div>\n<div><\/div>\n<\/div>\n<\/div>\n<\/div>","protected":false},"excerpt":{"rendered":"<p>This custom dog winter coat waterproof design is made to keep your pet dry and cozy in rainy or cold weather. Made from eco-friendly cotton, it combines comfort, warmth, and style with a classic, simple design. Perfect for winter walks, it is available in sizes S to 2XL and can be personalized with a logo for businesses. A functional and stylish choice for pets in all conditions.<\/p>","protected":false},"featured_media":375,"comment_status":"open","ping_status":"closed","template":"","meta":{"_acf_changed":false},"product_brand":[],"product_cat":[15,17,39,16,25],"product_tag":[],"class_list":{"0":"post-367","1":"product","2":"type-product","3":"status-publish","4":"has-post-thumbnail","6":"product_cat-products","7":"product_cat-cat-supplies","8":"product_cat-cat-apparel-accessories","9":"product_cat-dog-supplies","10":"product_cat-dog-apparel-accessories","12":"first","13":"instock","14":"shipping-taxable","15":"product-type-simple"},"acf":[],"_links":{"self":[{"href":"https:\/\/www.deopaws.com\/fr\/wp-json\/wp\/v2\/product\/367","targetHints":{"allow":["GET"]}}],"collection":[{"href":"https:\/\/www.deopaws.com\/fr\/wp-json\/wp\/v2\/product"}],"about":[{"href":"https:\/\/www.deopaws.com\/fr\/wp-json\/wp\/v2\/types\/product"}],"replies":[{"embeddable":true,"href":"https:\/\/www.deopaws.com\/fr\/wp-json\/wp\/v2\/comments?post=367"}],"wp:featuredmedia":[{"embeddable":true,"href":"https:\/\/www.deopaws.com\/fr\/wp-json\/wp\/v2\/media\/375"}],"wp:attachment":[{"href":"https:\/\/www.deopaws.com\/fr\/wp-json\/wp\/v2\/media?parent=367"}],"wp:term":[{"taxonomy":"product_brand","embeddable":true,"href":"https:\/\/www.deopaws.com\/fr\/wp-json\/wp\/v2\/product_brand?post=367"},{"taxonomy":"product_cat","embeddable":true,"href":"https:\/\/www.deopaws.com\/fr\/wp-json\/wp\/v2\/product_cat?post=367"},{"taxonomy":"product_tag","embeddable":true,"href":"https:\/\/www.deopaws.com\/fr\/wp-json\/wp\/v2\/product_tag?post=367"}],"curies":[{"name":"wp","href":"https:\/\/api.w.org\/{rel}","templated":true}]}}