{"id":3486,"date":"2025-12-01T14:46:35","date_gmt":"2025-12-01T06:46:35","guid":{"rendered":"https:\/\/www.deopaws.com\/?post_type=product&#038;p=3486"},"modified":"2025-12-01T15:05:03","modified_gmt":"2025-12-01T07:05:03","slug":"autumn-and-winter-warmth-insulated-dog-jacket","status":"publish","type":"product","link":"https:\/\/www.deopaws.com\/fr\/autumn-and-winter-warmth-insulated-dog-jacket\/","title":{"rendered":"Veste isol\u00e9e pour chien pour l'automne et l'hiver"},"content":{"rendered":"<h2 data-start=\"77\" data-end=\"192\">Imperm\u00e9able pour chien imperm\u00e9able \uff1a<\/h2>\n<p data-start=\"84\" data-end=\"250\"><strong data-start=\"65\" data-end=\"117\">\u25cfElastic Fit &amp; Freedom<\/strong><strong data-start=\"336\" data-end=\"355\">: <\/strong>Les poignets et les bordures \u00e9lastiques enveloppent d\u00e9licatement le corps, bloquant le vent et s'adaptant aux diff\u00e9rentes formes de chiens sans glisser. La structure ergonomique de la veste suit les mouvements naturels du chien, ce qui permet de ne pas le g\u00eaner lorsqu'il court, saute ou se repose, et d'\u00e9viter tout inconfort en cas de port prolong\u00e9.<\/p>\n<p data-start=\"84\" data-end=\"250\"><strong data-start=\"84\" data-end=\"112\">\u25cf Habillage intelligent et commodit\u00e9 \u00e0 l'ext\u00e9rieur<\/strong><strong data-start=\"594\" data-end=\"620\">: <\/strong>La fermeture \u00e0 glissi\u00e8re lat\u00e9rale lisse est con\u00e7ue pour \u00e9viter les accrochages de fourrure, ce qui r\u00e9duit les risques de traction et d'inconfort lors de l'habillage. Le portique de laisse et la boucle de r\u00e9glage en alliage permettent une connexion s\u00fbre de la laisse, qui reste ferme pendant les promenades ou le dressage. Il n'est pas n\u00e9cessaire d'enlever la veste par temps froid, ce qui r\u00e9duit l'exposition et prot\u00e8ge votre animal.<\/p>\n<p data-start=\"84\" data-end=\"250\"><strong data-start=\"622\" data-end=\"659\">\u25cfIsolation en coton perl\u00e9<\/strong><strong data-start=\"848\" data-end=\"881\">:<\/strong>Remplie de coton perl\u00e9 duveteux, la veste reste l\u00e9g\u00e8re tout en offrant une excellente isolation. Id\u00e9ale pour l'automne et l'hiver, les chemins venteux et les activit\u00e9s de plein air, elle permet \u00e0 votre chien de rester confortablement au chaud, m\u00eame dans des environnements froids prolong\u00e9s.<\/p>\n<p>&nbsp;<\/p>\n<div style=\"max-width: 800px; margin: auto; padding: 20px;\">\n<p><!-- \u5de6\u56fe\u53f3\u6587 --><\/p>\n<div style=\"display: flex; align-items: center; gap: 20px; margin-bottom: 40px; flex-wrap: wrap;\">\n<p><img loading=\"lazy\" decoding=\"async\" class=\"alignnone wp-image-3166 size-medium\" src=\"https:\/\/www.deopaws.com\/wp-content\/uploads\/2025\/12\/\u8be6\u60c5\u56fe07-6.jpg\" alt=\"\" width=\"300\" height=\"203\" \/><\/p>\n<div style=\"flex: 1; min-width: 0;\">\n<p style=\"color: gray;\">Les poignets et les bordures \u00e9lastiques offrent une coupe ajust\u00e9e qui bloque le vent sans glisser. Con\u00e7ue pour la mobilit\u00e9 quotidienne, la veste ne restreint pas les mouvements, ce qui permet \u00e0 votre chien de se sentir \u00e0 l'aise lorsqu'il marche, court ou se repose.<\/p>\n<\/div>\n<\/div>\n<p><!-- \u53f3\u56fe\u5de6\u6587 --><\/p>\n<div style=\"display: flex; flex-direction: row-reverse; align-items: center; gap: 20px; flex-wrap: wrap;\">\n<p><img loading=\"lazy\" decoding=\"async\" class=\"alignnone wp-image-3165 size-medium\" src=\"https:\/\/www.deopaws.com\/wp-content\/uploads\/2025\/12\/\u8be6\u60c5\u56fe08-2.jpg\" alt=\"\" width=\"300\" height=\"240\" \/><\/p>\n<div style=\"flex: 1; min-width: 0;\">\n<p style=\"color: gray;\">La fermeture \u00e9clair lat\u00e9rale lisse minimise l'accrochage de la fourrure et facilite l'habillage. La boucle de r\u00e9glage en alliage assure une s\u00e9curit\u00e9 fiable \u00e0 l'ext\u00e9rieur.<\/p>\n<\/div>\n<\/div>\n<\/div>\n<div style=\"max-width: 800px; margin: auto; padding: 20px;\">\n<p><!-- \u5de6\u56fe\u53f3\u6587 --><\/p>\n<div style=\"display: flex; align-items: center; gap: 20px; margin-bottom: 40px; flex-wrap: wrap;\">\n<p><img loading=\"lazy\" decoding=\"async\" class=\"alignnone wp-image-3164 size-medium\" src=\"https:\/\/www.deopaws.com\/wp-content\/uploads\/2025\/12\/\u8be6\u60c5\u56fe09-3.jpg\" alt=\"\" width=\"300\" height=\"200\" \/><\/p>\n<div style=\"flex: 1; min-width: 0;\">\n<p data-start=\"56\" data-end=\"422\">Remplie de coton perl\u00e9 duveteux, cette veste est l\u00e9g\u00e8re mais stable en temp\u00e9rature, offrant une chaleur douillette pour les promenades hivernales, les petites excursions ou les aventures en plein air.<\/p>\n<\/div>\n<\/div>\n<p><!-- \u53f3\u56fe\u5de6\u6587 --><\/p>\n<div style=\"display: flex; flex-direction: row-reverse; align-items: center; gap: 20px; flex-wrap: wrap;\">\n<p><img loading=\"lazy\" decoding=\"async\" class=\"alignnone wp-image-3171 size-medium\" src=\"https:\/\/www.deopaws.com\/wp-content\/uploads\/2025\/12\/\u8be6\u60c5\u56fe05-4.jpg\" alt=\"\" width=\"300\" height=\"200\" \/><\/p>\n<div style=\"flex: 1; min-width: 0;\">\n<p style=\"color: gray;\">Tableau des tailles - Diff\u00e9rentes tailles sont disponibles et conviennent aux chiens de diff\u00e9rentes tailles.<\/p>\n<\/div>\n<\/div>\n<\/div>\n<h3>Affichage d'usine<\/h3>\n<p>&nbsp;<\/p>\n<div class=\"row\">\n<div class=\"col-lg-4\"><img loading=\"lazy\" decoding=\"async\" class=\"alignnone size-medium wp-image-142\" src=\"https:\/\/gray-bee-883835.hostingersite.com\/wp-content\/uploads\/2025\/04\/Small-pet-raincoat-3_-300x225.jpg\" alt=\"\" width=\"300\" height=\"225\" srcset=\"https:\/\/www.deopaws.com\/wp-content\/uploads\/2025\/04\/Small-pet-raincoat-3_-300x225.jpg 300w, https:\/\/www.deopaws.com\/wp-content\/uploads\/2025\/04\/Small-pet-raincoat-3_-600x450.jpg 600w, https:\/\/www.deopaws.com\/wp-content\/uploads\/2025\/04\/Small-pet-raincoat-3_-768x576.jpg 768w, https:\/\/www.deopaws.com\/wp-content\/uploads\/2025\/04\/Small-pet-raincoat-3_.jpg 800w\" sizes=\"auto, (max-width: 300px) 100vw, 300px\" \/><\/div>\n<div class=\"col-lg-4\"><img loading=\"lazy\" decoding=\"async\" class=\"alignnone size-medium wp-image-138\" src=\"https:\/\/gray-bee-883835.hostingersite.com\/wp-content\/uploads\/2025\/04\/Small-pet-raincoat-2-2-300x225.jpg\" alt=\"\" width=\"300\" height=\"225\" srcset=\"https:\/\/www.deopaws.com\/wp-content\/uploads\/2025\/04\/Small-pet-raincoat-2-2-300x225.jpg 300w, https:\/\/www.deopaws.com\/wp-content\/uploads\/2025\/04\/Small-pet-raincoat-2-2-600x450.jpg 600w, https:\/\/www.deopaws.com\/wp-content\/uploads\/2025\/04\/Small-pet-raincoat-2-2-768x576.jpg 768w, https:\/\/www.deopaws.com\/wp-content\/uploads\/2025\/04\/Small-pet-raincoat-2-2.jpg 800w\" sizes=\"auto, (max-width: 300px) 100vw, 300px\" \/><\/div>\n<div class=\"col-lg-4\"><img loading=\"lazy\" decoding=\"async\" class=\"alignnone size-medium wp-image-139\" src=\"https:\/\/gray-bee-883835.hostingersite.com\/wp-content\/uploads\/2025\/04\/Small-pet-raincoat-3-2-300x225.jpg\" alt=\"\" width=\"300\" height=\"225\" srcset=\"https:\/\/www.deopaws.com\/wp-content\/uploads\/2025\/04\/Small-pet-raincoat-3-2-300x225.jpg 300w, https:\/\/www.deopaws.com\/wp-content\/uploads\/2025\/04\/Small-pet-raincoat-3-2-600x450.jpg 600w, https:\/\/www.deopaws.com\/wp-content\/uploads\/2025\/04\/Small-pet-raincoat-3-2-768x576.jpg 768w, https:\/\/www.deopaws.com\/wp-content\/uploads\/2025\/04\/Small-pet-raincoat-3-2.jpg 800w\" sizes=\"auto, (max-width: 300px) 100vw, 300px\" \/><\/div>\n<p>&nbsp;<\/p>\n<div>\n<div class=\"row\">\n<div class=\"col-lg-4\"><img loading=\"lazy\" decoding=\"async\" class=\"alignnone size-medium wp-image-141\" src=\"https:\/\/gray-bee-883835.hostingersite.com\/wp-content\/uploads\/2025\/04\/Small-pet-raincoat-2_-300x225.jpg\" alt=\"\" width=\"300\" height=\"225\" srcset=\"https:\/\/www.deopaws.com\/wp-content\/uploads\/2025\/04\/Small-pet-raincoat-2_-300x225.jpg 300w, https:\/\/www.deopaws.com\/wp-content\/uploads\/2025\/04\/Small-pet-raincoat-2_-600x450.jpg 600w, https:\/\/www.deopaws.com\/wp-content\/uploads\/2025\/04\/Small-pet-raincoat-2_-768x576.jpg 768w, https:\/\/www.deopaws.com\/wp-content\/uploads\/2025\/04\/Small-pet-raincoat-2_.jpg 800w\" sizes=\"auto, (max-width: 300px) 100vw, 300px\" \/><\/div>\n<div class=\"col-lg-4\"><img loading=\"lazy\" decoding=\"async\" class=\"alignnone size-full wp-image-1656\" src=\"https:\/\/www.deopaws.com\/wp-content\/uploads\/2025\/05\/fact-1_\u526f\u672c.jpg\" alt=\"\" width=\"300\" height=\"225\" \/><\/div>\n<div class=\"col-lg-4\"><img loading=\"lazy\" decoding=\"async\" class=\"alignnone size-medium wp-image-137\" src=\"https:\/\/gray-bee-883835.hostingersite.com\/wp-content\/uploads\/2025\/04\/Small-pet-raincoat-1-2-300x225.jpg\" alt=\"\" width=\"300\" height=\"225\" srcset=\"https:\/\/www.deopaws.com\/wp-content\/uploads\/2025\/04\/Small-pet-raincoat-1-2-300x225.jpg 300w, https:\/\/www.deopaws.com\/wp-content\/uploads\/2025\/04\/Small-pet-raincoat-1-2-600x450.jpg 600w, https:\/\/www.deopaws.com\/wp-content\/uploads\/2025\/04\/Small-pet-raincoat-1-2-768x576.jpg 768w, https:\/\/www.deopaws.com\/wp-content\/uploads\/2025\/04\/Small-pet-raincoat-1-2.jpg 800w\" sizes=\"auto, (max-width: 300px) 100vw, 300px\" \/><\/div>\n<div><\/div>\n<\/div>\n<\/div>\n<\/div>","protected":false},"excerpt":{"rendered":"<div class=\"flex max-w-full flex-col grow\">\n<div class=\"min-h-8 text-message relative flex w-full flex-col items-end gap-2 text-start break-words whitespace-normal [.text-message+&amp;]:mt-1\" dir=\"auto\" data-message-author-role=\"assistant\" data-message-id=\"0e6667b7-0449-40ea-b152-5f3a51bb3a1c\" data-message-model-slug=\"gpt-5-mini\">\n<div class=\"flex w-full flex-col gap-1 empty:hidden first:pt-[1px]\">\n<div class=\"markdown prose dark:prose-invert w-full break-words light markdown-new-styling\">\n<p data-start=\"60\" data-end=\"563\" data-is-last-node=\"\" data-is-only-node=\"\">La veste isol\u00e9e pour chien est dot\u00e9e de poignets et de bordures \u00e9lastiques pour un ajustement doux et s\u00fbr qui bloque le vent froid tout en pr\u00e9servant la libert\u00e9 de mouvement. La fermeture \u00e9clair lat\u00e9rale lisse r\u00e9duit les risques d'accrochage de la fourrure, et le portique de laisse pratique, associ\u00e9 \u00e0 une boucle de r\u00e9glage en alliage durable, renforce la s\u00e9curit\u00e9 \u00e0 l'ext\u00e9rieur. Rempli de coton perl\u00e9 duveteux, il offre une isolation l\u00e9g\u00e8re mais efficace, parfaite pour les promenades d'automne et d'hiver, le camping ou les sorties quotidiennes, gardant votre animal au chaud et \u00e0 l'aise.<\/p>\n<\/div>\n<\/div>\n<\/div>\n<\/div>","protected":false},"featured_media":3491,"comment_status":"closed","ping_status":"closed","template":"","meta":{"_acf_changed":false},"product_brand":[],"product_cat":[16,25],"product_tag":[],"class_list":{"0":"post-3486","1":"product","2":"type-product","3":"status-publish","4":"has-post-thumbnail","6":"product_cat-dog-supplies","7":"product_cat-dog-apparel-accessories","9":"first","10":"instock","11":"shipping-taxable","12":"product-type-simple"},"acf":[],"_links":{"self":[{"href":"https:\/\/www.deopaws.com\/fr\/wp-json\/wp\/v2\/product\/3486","targetHints":{"allow":["GET"]}}],"collection":[{"href":"https:\/\/www.deopaws.com\/fr\/wp-json\/wp\/v2\/product"}],"about":[{"href":"https:\/\/www.deopaws.com\/fr\/wp-json\/wp\/v2\/types\/product"}],"replies":[{"embeddable":true,"href":"https:\/\/www.deopaws.com\/fr\/wp-json\/wp\/v2\/comments?post=3486"}],"wp:featuredmedia":[{"embeddable":true,"href":"https:\/\/www.deopaws.com\/fr\/wp-json\/wp\/v2\/media\/3491"}],"wp:attachment":[{"href":"https:\/\/www.deopaws.com\/fr\/wp-json\/wp\/v2\/media?parent=3486"}],"wp:term":[{"taxonomy":"product_brand","embeddable":true,"href":"https:\/\/www.deopaws.com\/fr\/wp-json\/wp\/v2\/product_brand?post=3486"},{"taxonomy":"product_cat","embeddable":true,"href":"https:\/\/www.deopaws.com\/fr\/wp-json\/wp\/v2\/product_cat?post=3486"},{"taxonomy":"product_tag","embeddable":true,"href":"https:\/\/www.deopaws.com\/fr\/wp-json\/wp\/v2\/product_tag?post=3486"}],"curies":[{"name":"wp","href":"https:\/\/api.w.org\/{rel}","templated":true}]}}