{"id":3161,"date":"2025-10-21T14:09:24","date_gmt":"2025-10-21T06:09:24","guid":{"rendered":"https:\/\/www.deopaws.com\/?post_type=product&#038;p=3161"},"modified":"2025-10-24T13:05:55","modified_gmt":"2025-10-24T05:05:55","slug":"two-tone-reflective-dog-raincoat","status":"publish","type":"product","link":"https:\/\/www.deopaws.com\/fr\/two-tone-reflective-dog-raincoat\/","title":{"rendered":"Veste imperm\u00e9able r\u00e9fl\u00e9chissante bicolore pour chien"},"content":{"rendered":"<h2 data-start=\"77\" data-end=\"192\">Bande r\u00e9fl\u00e9chissante pour imperm\u00e9able de chien \uff1a<\/h2>\n<p data-start=\"84\" data-end=\"250\"><strong data-start=\"84\" data-end=\"112\">\u25cf Ajustement tridimensionnel :<\/strong> La coupe ergonomique \u00e9pouse la forme du corps de votre chien pour un ajustement naturel et confortable lors des promenades et des activit\u00e9s de plein air.<\/p>\n<p data-start=\"252\" data-end=\"399\"><strong data-start=\"252\" data-end=\"272\">\u25cf Utilisation polyvalente :<\/strong> Parfaites pour les jours de pluie, les promenades \u00e0 faible luminosit\u00e9 ou les aventures en plein air, elles allient protection, visibilit\u00e9 et praticit\u00e9 au quotidien.<\/p>\n<p data-start=\"401\" data-end=\"572\"><strong data-start=\"401\" data-end=\"432\">\u25cf L\u00e9ger et portable :<\/strong> Fabriqu\u00e9 \u00e0 partir de mat\u00e9riaux l\u00e9gers et pliables, l'imperm\u00e9able est facile \u00e0 ranger, \u00e0 transporter et \u00e0 emballer pour le voyage, ce qui rend les sorties pratiques pour les propri\u00e9taires d'animaux de compagnie.<\/p>\n<p data-start=\"574\" data-end=\"722\"><strong data-start=\"574\" data-end=\"600\">\u25cf Conception adapt\u00e9e aux animaux de compagnie :<\/strong> Le tissu souple et flexible permet des mouvements illimit\u00e9s, ce qui assure le confort de l'animal tout en permettant \u00e0 son ma\u00eetre de l'enfiler et de l'enlever facilement.<\/p>\n<p data-start=\"724\" data-end=\"916\"><strong data-start=\"724\" data-end=\"761\">\u25cf Tissu imperm\u00e9able et r\u00e9fl\u00e9chissant :<\/strong> Le polyester imperm\u00e9able de haute qualit\u00e9 repousse la pluie et l'humidit\u00e9, tandis que les bandes r\u00e9fl\u00e9chissantes am\u00e9liorent la visibilit\u00e9, gardant votre chien en s\u00e9curit\u00e9 et au sec dans toutes les conditions.<\/p>\n<p>&nbsp;<\/p>\n<p>&nbsp;<\/p>\n<div style=\"max-width: 800px; margin: auto; padding: 20px;\">\n<p><!-- \u5de6\u56fe\u53f3\u6587 --><\/p>\n<div style=\"display: flex; align-items: center; gap: 20px; margin-bottom: 40px; flex-wrap: wrap;\">\n<p><img loading=\"lazy\" decoding=\"async\" class=\"alignnone wp-image-3166 size-medium\" src=\"https:\/\/www.deopaws.com\/wp-content\/uploads\/2025\/10\/wechat_2025-10-09_093731_210-300x203.png\" alt=\"\" width=\"300\" height=\"203\" srcset=\"https:\/\/www.deopaws.com\/wp-content\/uploads\/2025\/10\/wechat_2025-10-09_093731_210-300x203.png 300w, https:\/\/www.deopaws.com\/wp-content\/uploads\/2025\/10\/wechat_2025-10-09_093731_210.png 575w\" sizes=\"auto, (max-width: 300px) 100vw, 300px\" \/><\/p>\n<div style=\"flex: 1; min-width: 0;\">\n<p style=\"color: gray;\">Disponible en rose + marron et en bleu marine + rouge, la combinaison de deux couleurs vibrantes n'est pas seulement \u00e9l\u00e9gante, elle permet aussi \u00e0 votre animal de se distinguer lors des promenades ou des activit\u00e9s de plein air.<\/p>\n<\/div>\n<\/div>\n<p><!-- \u53f3\u56fe\u5de6\u6587 --><\/p>\n<div style=\"display: flex; flex-direction: row-reverse; align-items: center; gap: 20px; flex-wrap: wrap;\">\n<p><img loading=\"lazy\" decoding=\"async\" class=\"alignnone wp-image-3165 size-medium\" src=\"https:\/\/www.deopaws.com\/wp-content\/uploads\/2025\/10\/wechat_2025-10-09_093715_707-300x240.png\" alt=\"\" width=\"300\" height=\"240\" srcset=\"https:\/\/www.deopaws.com\/wp-content\/uploads\/2025\/10\/wechat_2025-10-09_093715_707-300x240.png 300w, https:\/\/www.deopaws.com\/wp-content\/uploads\/2025\/10\/wechat_2025-10-09_093715_707-600x480.png 600w, https:\/\/www.deopaws.com\/wp-content\/uploads\/2025\/10\/wechat_2025-10-09_093715_707.png 637w\" sizes=\"auto, (max-width: 300px) 100vw, 300px\" \/><\/p>\n<div style=\"flex: 1; min-width: 0;\">\n<p style=\"color: gray;\">Sa conception pliable et l\u00e9g\u00e8re permet de le transporter, de le ranger ou de l'emporter en voyage, ce qui est tr\u00e8s pratique pour les propri\u00e9taires d'animaux de compagnie en d\u00e9placement.<\/p>\n<\/div>\n<\/div>\n<\/div>\n<div style=\"max-width: 800px; margin: auto; padding: 20px;\">\n<p><!-- \u5de6\u56fe\u53f3\u6587 --><\/p>\n<div style=\"display: flex; align-items: center; gap: 20px; margin-bottom: 40px; flex-wrap: wrap;\">\n<p><img loading=\"lazy\" decoding=\"async\" class=\"alignnone wp-image-3164 size-medium\" src=\"https:\/\/www.deopaws.com\/wp-content\/uploads\/2025\/10\/wechat_2025-10-09_093657_611.png-300x200.jpg\" alt=\"\" width=\"300\" height=\"200\" srcset=\"https:\/\/www.deopaws.com\/wp-content\/uploads\/2025\/10\/wechat_2025-10-09_093657_611.png-300x200.jpg 300w, https:\/\/www.deopaws.com\/wp-content\/uploads\/2025\/10\/wechat_2025-10-09_093657_611.png.jpg 600w\" sizes=\"auto, (max-width: 300px) 100vw, 300px\" \/><\/p>\n<div style=\"flex: 1; min-width: 0;\">\n<p data-start=\"56\" data-end=\"422\">Fabriqu\u00e9 en polyester imperm\u00e9able de haute qualit\u00e9, cet imperm\u00e9able repousse efficacement la pluie, l'humidit\u00e9 et les \u00e9claboussures, gardant votre chien au sec et \u00e0 l'aise m\u00eame sous de fortes averses.<\/p>\n<\/div>\n<\/div>\n<p><!-- \u53f3\u56fe\u5de6\u6587 --><\/p>\n<div style=\"display: flex; flex-direction: row-reverse; align-items: center; gap: 20px; flex-wrap: wrap;\">\n<p><img loading=\"lazy\" decoding=\"async\" class=\"alignnone wp-image-3171 size-medium\" src=\"https:\/\/www.deopaws.com\/wp-content\/uploads\/2025\/10\/\u4e3b\u56fe04-4-300x200.jpg\" alt=\"\" width=\"300\" height=\"200\" srcset=\"https:\/\/www.deopaws.com\/wp-content\/uploads\/2025\/10\/\u4e3b\u56fe04-4-300x200.jpg 300w, https:\/\/www.deopaws.com\/wp-content\/uploads\/2025\/10\/\u4e3b\u56fe04-4.jpg 600w\" sizes=\"auto, (max-width: 300px) 100vw, 300px\" \/><\/p>\n<div style=\"flex: 1; min-width: 0;\">\n<p style=\"color: gray;\">Tableau des tailles - Diff\u00e9rentes tailles sont disponibles et conviennent aux chiens de diff\u00e9rentes tailles.<\/p>\n<\/div>\n<\/div>\n<\/div>\n<h3>Affichage d'usine<\/h3>\n<p>&nbsp;<\/p>\n<div class=\"row\">\n<div class=\"col-lg-4\"><img loading=\"lazy\" decoding=\"async\" class=\"alignnone size-medium wp-image-142\" src=\"https:\/\/gray-bee-883835.hostingersite.com\/wp-content\/uploads\/2025\/04\/Small-pet-raincoat-3_-300x225.jpg\" alt=\"\" width=\"300\" height=\"225\" srcset=\"https:\/\/www.deopaws.com\/wp-content\/uploads\/2025\/04\/Small-pet-raincoat-3_-300x225.jpg 300w, https:\/\/www.deopaws.com\/wp-content\/uploads\/2025\/04\/Small-pet-raincoat-3_-600x450.jpg 600w, https:\/\/www.deopaws.com\/wp-content\/uploads\/2025\/04\/Small-pet-raincoat-3_-768x576.jpg 768w, https:\/\/www.deopaws.com\/wp-content\/uploads\/2025\/04\/Small-pet-raincoat-3_.jpg 800w\" sizes=\"auto, (max-width: 300px) 100vw, 300px\" \/><\/div>\n<div class=\"col-lg-4\"><img loading=\"lazy\" decoding=\"async\" class=\"alignnone size-medium wp-image-138\" src=\"https:\/\/gray-bee-883835.hostingersite.com\/wp-content\/uploads\/2025\/04\/Small-pet-raincoat-2-2-300x225.jpg\" alt=\"\" width=\"300\" height=\"225\" srcset=\"https:\/\/www.deopaws.com\/wp-content\/uploads\/2025\/04\/Small-pet-raincoat-2-2-300x225.jpg 300w, https:\/\/www.deopaws.com\/wp-content\/uploads\/2025\/04\/Small-pet-raincoat-2-2-600x450.jpg 600w, https:\/\/www.deopaws.com\/wp-content\/uploads\/2025\/04\/Small-pet-raincoat-2-2-768x576.jpg 768w, https:\/\/www.deopaws.com\/wp-content\/uploads\/2025\/04\/Small-pet-raincoat-2-2.jpg 800w\" sizes=\"auto, (max-width: 300px) 100vw, 300px\" \/><\/div>\n<div class=\"col-lg-4\"><img loading=\"lazy\" decoding=\"async\" class=\"alignnone size-medium wp-image-139\" src=\"https:\/\/gray-bee-883835.hostingersite.com\/wp-content\/uploads\/2025\/04\/Small-pet-raincoat-3-2-300x225.jpg\" alt=\"\" width=\"300\" height=\"225\" srcset=\"https:\/\/www.deopaws.com\/wp-content\/uploads\/2025\/04\/Small-pet-raincoat-3-2-300x225.jpg 300w, https:\/\/www.deopaws.com\/wp-content\/uploads\/2025\/04\/Small-pet-raincoat-3-2-600x450.jpg 600w, https:\/\/www.deopaws.com\/wp-content\/uploads\/2025\/04\/Small-pet-raincoat-3-2-768x576.jpg 768w, https:\/\/www.deopaws.com\/wp-content\/uploads\/2025\/04\/Small-pet-raincoat-3-2.jpg 800w\" sizes=\"auto, (max-width: 300px) 100vw, 300px\" \/><\/div>\n<p>&nbsp;<\/p>\n<div>\n<div class=\"row\">\n<div class=\"col-lg-4\"><img loading=\"lazy\" decoding=\"async\" class=\"alignnone size-medium wp-image-141\" src=\"https:\/\/gray-bee-883835.hostingersite.com\/wp-content\/uploads\/2025\/04\/Small-pet-raincoat-2_-300x225.jpg\" alt=\"\" width=\"300\" height=\"225\" srcset=\"https:\/\/www.deopaws.com\/wp-content\/uploads\/2025\/04\/Small-pet-raincoat-2_-300x225.jpg 300w, https:\/\/www.deopaws.com\/wp-content\/uploads\/2025\/04\/Small-pet-raincoat-2_-600x450.jpg 600w, https:\/\/www.deopaws.com\/wp-content\/uploads\/2025\/04\/Small-pet-raincoat-2_-768x576.jpg 768w, https:\/\/www.deopaws.com\/wp-content\/uploads\/2025\/04\/Small-pet-raincoat-2_.jpg 800w\" sizes=\"auto, (max-width: 300px) 100vw, 300px\" \/><\/div>\n<div class=\"col-lg-4\"><img loading=\"lazy\" decoding=\"async\" class=\"alignnone size-full wp-image-1656\" src=\"https:\/\/www.deopaws.com\/wp-content\/uploads\/2025\/05\/fact-1_\u526f\u672c.jpg\" alt=\"\" width=\"300\" height=\"225\" \/><\/div>\n<div class=\"col-lg-4\"><img loading=\"lazy\" decoding=\"async\" class=\"alignnone size-medium wp-image-137\" src=\"https:\/\/gray-bee-883835.hostingersite.com\/wp-content\/uploads\/2025\/04\/Small-pet-raincoat-1-2-300x225.jpg\" alt=\"\" width=\"300\" height=\"225\" srcset=\"https:\/\/www.deopaws.com\/wp-content\/uploads\/2025\/04\/Small-pet-raincoat-1-2-300x225.jpg 300w, https:\/\/www.deopaws.com\/wp-content\/uploads\/2025\/04\/Small-pet-raincoat-1-2-600x450.jpg 600w, https:\/\/www.deopaws.com\/wp-content\/uploads\/2025\/04\/Small-pet-raincoat-1-2-768x576.jpg 768w, https:\/\/www.deopaws.com\/wp-content\/uploads\/2025\/04\/Small-pet-raincoat-1-2.jpg 800w\" sizes=\"auto, (max-width: 300px) 100vw, 300px\" \/><\/div>\n<div><\/div>\n<\/div>\n<\/div>\n<\/div>","protected":false},"excerpt":{"rendered":"<p data-start=\"155\" data-end=\"486\">Gardez votre ami \u00e0 fourrure au sec, en s\u00e9curit\u00e9 et avec style gr\u00e2ce \u00e0 cet imperm\u00e9able r\u00e9fl\u00e9chissant pour chien bicolore, disponible dans les combinaisons de couleurs rose + marron et marine + rouge. Con\u00e7u pour les chiens de petite et moyenne taille, il combine une couverture compl\u00e8te et des bandes r\u00e9fl\u00e9chissantes haute visibilit\u00e9 pour assurer la s\u00e9curit\u00e9 lors des promenades sous la pluie ou dans des conditions de faible luminosit\u00e9.<\/p>\n<p data-start=\"488\" data-end=\"748\">Fabriqu\u00e9 en polyester l\u00e9ger et imperm\u00e9able, cet imperm\u00e9able repousse efficacement la pluie et l'humidit\u00e9 tout en restant respirant pour un confort optimal tout au long de la journ\u00e9e. La mati\u00e8re souple et flexible permet une grande libert\u00e9 de mouvement, ce qui permet aux animaux de compagnie de rester bien au chaud et \u00e0 l'aise sans aucune restriction.<\/p>","protected":false},"featured_media":3163,"comment_status":"closed","ping_status":"closed","template":"","meta":{"_acf_changed":false},"product_brand":[],"product_cat":[16,25],"product_tag":[],"class_list":{"0":"post-3161","1":"product","2":"type-product","3":"status-publish","4":"has-post-thumbnail","6":"product_cat-dog-supplies","7":"product_cat-dog-apparel-accessories","9":"first","10":"instock","11":"shipping-taxable","12":"product-type-simple"},"acf":[],"_links":{"self":[{"href":"https:\/\/www.deopaws.com\/fr\/wp-json\/wp\/v2\/product\/3161","targetHints":{"allow":["GET"]}}],"collection":[{"href":"https:\/\/www.deopaws.com\/fr\/wp-json\/wp\/v2\/product"}],"about":[{"href":"https:\/\/www.deopaws.com\/fr\/wp-json\/wp\/v2\/types\/product"}],"replies":[{"embeddable":true,"href":"https:\/\/www.deopaws.com\/fr\/wp-json\/wp\/v2\/comments?post=3161"}],"wp:featuredmedia":[{"embeddable":true,"href":"https:\/\/www.deopaws.com\/fr\/wp-json\/wp\/v2\/media\/3163"}],"wp:attachment":[{"href":"https:\/\/www.deopaws.com\/fr\/wp-json\/wp\/v2\/media?parent=3161"}],"wp:term":[{"taxonomy":"product_brand","embeddable":true,"href":"https:\/\/www.deopaws.com\/fr\/wp-json\/wp\/v2\/product_brand?post=3161"},{"taxonomy":"product_cat","embeddable":true,"href":"https:\/\/www.deopaws.com\/fr\/wp-json\/wp\/v2\/product_cat?post=3161"},{"taxonomy":"product_tag","embeddable":true,"href":"https:\/\/www.deopaws.com\/fr\/wp-json\/wp\/v2\/product_tag?post=3161"}],"curies":[{"name":"wp","href":"https:\/\/api.w.org\/{rel}","templated":true}]}}