{"id":3129,"date":"2025-10-21T13:41:00","date_gmt":"2025-10-21T05:41:00","guid":{"rendered":"https:\/\/www.deopaws.com\/?post_type=product&#038;p=3129"},"modified":"2025-10-24T13:10:35","modified_gmt":"2025-10-24T05:10:35","slug":"soft-turtleneck-dog-vests-clothes","status":"publish","type":"product","link":"https:\/\/www.deopaws.com\/fr\/soft-turtleneck-dog-vests-clothes\/","title":{"rendered":"Gilet pull-over doux \u00e0 col roul\u00e9 pour chiens"},"content":{"rendered":"<h2>Gilets pour chiens v\u00eatements :<\/h2>\n<p>&nbsp;<\/p>\n<p data-start=\"90\" data-end=\"299\"><strong data-start=\"90\" data-end=\"127\">\u25cf Conception unique et personnalisable :<\/strong> Cette veste pour chien \u00e0 col roul\u00e9 pr\u00e9sente un design classique et douillet, avec des options de personnalisation des couleurs et des motifs, ce qui en fait un accessoire \u00e9l\u00e9gant et unique pour les animaux de compagnie.<\/p>\n<p data-start=\"301\" data-end=\"498\"><strong data-start=\"301\" data-end=\"345\">\u25cf Mati\u00e8re de haute qualit\u00e9 et confortable :<\/strong> Fabriqu\u00e9e dans un tissu doux, extensible et respirant, cette veste garde les animaux au chaud et \u00e0 l'aise tout en leur permettant de bouger librement. Elle peut \u00eatre port\u00e9e toute l'ann\u00e9e.<\/p>\n<p data-start=\"500\" data-end=\"675\"><strong data-start=\"500\" data-end=\"534\">\u25cf Vari\u00e9t\u00e9 de tailles et de couleurs :<\/strong> Disponible dans les tailles XS \u00e0 6XL et en plusieurs coloris, cette veste convient aux chiens de petite et moyenne taille, de races et de formes diff\u00e9rentes.<\/p>\n<p data-start=\"677\" data-end=\"881\"><strong data-start=\"677\" data-end=\"715\">\u25cf Logo et emballage personnalisables :<\/strong> Parfait pour les commandes en gros ou les commandes commerciales, vous pouvez ajouter votre logo sur le gilet, et les produits peuvent \u00eatre emball\u00e9s dans des sacs pratiques pour faciliter le stockage, l'exp\u00e9dition ou la revente.<\/p>\n<p data-start=\"883\" data-end=\"1079\"><strong data-start=\"883\" data-end=\"914\">\u25cf Parfait pour toutes les occasions :<\/strong> Id\u00e9ale pour se pr\u00e9lasser \u00e0 l'int\u00e9rieur, pour des promenades d\u00e9contract\u00e9es, pour des aventures en plein air ou pour des \u00e9v\u00e9nements saisonniers, cette veste \u00e0 col roul\u00e9 allie style, confort et praticit\u00e9 pour toutes les occasions.<\/p>\n<p>&nbsp;<\/p>\n<p>&nbsp;<\/p>\n<div style=\"max-width: 800px; margin: auto; padding: 20px;\">\n<p><!-- \u5de6\u56fe\u53f3\u6587 --><\/p>\n<div style=\"display: flex; align-items: center; gap: 20px; margin-bottom: 40px; flex-wrap: wrap;\">\n<p><img loading=\"lazy\" decoding=\"async\" class=\"alignnone wp-image-3150 size-medium\" src=\"https:\/\/www.deopaws.com\/wp-content\/uploads\/2025\/10\/\u8be6\u60c5\u56fe16-2-e1761025611646-300x240.jpg\" alt=\"\" width=\"300\" height=\"240\" srcset=\"https:\/\/www.deopaws.com\/wp-content\/uploads\/2025\/10\/\u8be6\u60c5\u56fe16-2-e1761025611646-300x240.jpg 300w, https:\/\/www.deopaws.com\/wp-content\/uploads\/2025\/10\/\u8be6\u60c5\u56fe16-2-e1761025611646-600x480.jpg 600w, https:\/\/www.deopaws.com\/wp-content\/uploads\/2025\/10\/\u8be6\u60c5\u56fe16-2-e1761025611646.jpg 750w\" sizes=\"auto, (max-width: 300px) 100vw, 300px\" \/><\/p>\n<div style=\"flex: 1; min-width: 0;\">\n<p style=\"color: gray;\">Le col montant apporte une chaleur suppl\u00e9mentaire autour du cou et de la poitrine de votre chien, ce qui est parfait pour les journ\u00e9es fra\u00eeches et les saisons plus froides.<\/p>\n<\/div>\n<\/div>\n<p><!-- \u53f3\u56fe\u5de6\u6587 --><\/p>\n<div style=\"display: flex; flex-direction: row-reverse; align-items: center; gap: 20px; flex-wrap: wrap;\">\n<p><img loading=\"lazy\" decoding=\"async\" class=\"alignnone wp-image-3149 size-medium\" src=\"https:\/\/www.deopaws.com\/wp-content\/uploads\/2025\/10\/\u8be6\u60c5\u56fe13-e1761025644663-300x240.jpg\" alt=\"\" width=\"300\" height=\"240\" srcset=\"https:\/\/www.deopaws.com\/wp-content\/uploads\/2025\/10\/\u8be6\u60c5\u56fe13-e1761025644663-300x240.jpg 300w, https:\/\/www.deopaws.com\/wp-content\/uploads\/2025\/10\/\u8be6\u60c5\u56fe13-e1761025644663-600x480.jpg 600w, https:\/\/www.deopaws.com\/wp-content\/uploads\/2025\/10\/\u8be6\u60c5\u56fe13-e1761025644663.jpg 750w\" sizes=\"auto, (max-width: 300px) 100vw, 300px\" \/><\/p>\n<div style=\"flex: 1; min-width: 0;\">\n<p style=\"color: gray;\">La mati\u00e8re souple et extensible permet un habillage sans effort et assure un bon maintien sans restreindre les mouvements, ce qui permet \u00e0 votre animal de rester actif et confortable.<\/p>\n<\/div>\n<\/div>\n<\/div>\n<div style=\"max-width: 800px; margin: auto; padding: 20px;\">\n<p><!-- \u5de6\u56fe\u53f3\u6587 --><\/p>\n<div style=\"display: flex; align-items: center; gap: 20px; margin-bottom: 40px; flex-wrap: wrap;\">\n<p><img loading=\"lazy\" decoding=\"async\" class=\"alignnone wp-image-3148 size-medium\" src=\"https:\/\/www.deopaws.com\/wp-content\/uploads\/2025\/10\/\u8be6\u60c5\u56fe10-e1761025672728-300x240.jpg\" alt=\"\" width=\"300\" height=\"240\" srcset=\"https:\/\/www.deopaws.com\/wp-content\/uploads\/2025\/10\/\u8be6\u60c5\u56fe10-e1761025672728-300x240.jpg 300w, https:\/\/www.deopaws.com\/wp-content\/uploads\/2025\/10\/\u8be6\u60c5\u56fe10-e1761025672728-600x480.jpg 600w, https:\/\/www.deopaws.com\/wp-content\/uploads\/2025\/10\/\u8be6\u60c5\u56fe10-e1761025672728.jpg 750w\" sizes=\"auto, (max-width: 300px) 100vw, 300px\" \/><\/p>\n<div style=\"flex: 1; min-width: 0;\">\n<p data-start=\"456\" data-end=\"648\">Le design \u00e9pur\u00e9 et minimaliste de ce gilet en fait une pi\u00e8ce de garde-robe polyvalente qui s'associe facilement \u00e0 d'autres tenues, tout en donnant aux animaux de compagnie une apparence soign\u00e9e et tendance.<\/p>\n<\/div>\n<\/div>\n<p><!-- \u53f3\u56fe\u5de6\u6587 --><\/p>\n<div style=\"display: flex; flex-direction: row-reverse; align-items: center; gap: 20px; flex-wrap: wrap;\">\n<p><img loading=\"lazy\" decoding=\"async\" class=\"alignnone wp-image-3146 size-medium\" src=\"https:\/\/www.deopaws.com\/wp-content\/uploads\/2025\/10\/\u8be6\u60c5\u56fe02-300x200.jpg\" alt=\"\" width=\"300\" height=\"200\" srcset=\"https:\/\/www.deopaws.com\/wp-content\/uploads\/2025\/10\/\u8be6\u60c5\u56fe02-300x200.jpg 300w, https:\/\/www.deopaws.com\/wp-content\/uploads\/2025\/10\/\u8be6\u60c5\u56fe02.jpg 600w\" sizes=\"auto, (max-width: 300px) 100vw, 300px\" \/><\/p>\n<div style=\"flex: 1; min-width: 0;\">\n<p style=\"color: gray;\">Taille<\/p>\n<\/div>\n<\/div>\n<\/div>\n<h3>Affichage d'usine<\/h3>\n<p>&nbsp;<\/p>\n<div class=\"row\">\n<div class=\"col-lg-4\"><img loading=\"lazy\" decoding=\"async\" class=\"alignnone size-medium wp-image-142\" src=\"https:\/\/gray-bee-883835.hostingersite.com\/wp-content\/uploads\/2025\/04\/Small-pet-raincoat-3_-300x225.jpg\" alt=\"\" width=\"300\" height=\"225\" srcset=\"https:\/\/www.deopaws.com\/wp-content\/uploads\/2025\/04\/Small-pet-raincoat-3_-300x225.jpg 300w, https:\/\/www.deopaws.com\/wp-content\/uploads\/2025\/04\/Small-pet-raincoat-3_-600x450.jpg 600w, https:\/\/www.deopaws.com\/wp-content\/uploads\/2025\/04\/Small-pet-raincoat-3_-768x576.jpg 768w, https:\/\/www.deopaws.com\/wp-content\/uploads\/2025\/04\/Small-pet-raincoat-3_.jpg 800w\" sizes=\"auto, (max-width: 300px) 100vw, 300px\" \/><\/div>\n<div class=\"col-lg-4\"><img loading=\"lazy\" decoding=\"async\" class=\"alignnone size-medium wp-image-138\" src=\"https:\/\/gray-bee-883835.hostingersite.com\/wp-content\/uploads\/2025\/04\/Small-pet-raincoat-2-2-300x225.jpg\" alt=\"\" width=\"300\" height=\"225\" srcset=\"https:\/\/www.deopaws.com\/wp-content\/uploads\/2025\/04\/Small-pet-raincoat-2-2-300x225.jpg 300w, https:\/\/www.deopaws.com\/wp-content\/uploads\/2025\/04\/Small-pet-raincoat-2-2-600x450.jpg 600w, https:\/\/www.deopaws.com\/wp-content\/uploads\/2025\/04\/Small-pet-raincoat-2-2-768x576.jpg 768w, https:\/\/www.deopaws.com\/wp-content\/uploads\/2025\/04\/Small-pet-raincoat-2-2.jpg 800w\" sizes=\"auto, (max-width: 300px) 100vw, 300px\" \/><\/div>\n<div class=\"col-lg-4\"><img loading=\"lazy\" decoding=\"async\" class=\"alignnone size-medium wp-image-139\" src=\"https:\/\/gray-bee-883835.hostingersite.com\/wp-content\/uploads\/2025\/04\/Small-pet-raincoat-3-2-300x225.jpg\" alt=\"\" width=\"300\" height=\"225\" srcset=\"https:\/\/www.deopaws.com\/wp-content\/uploads\/2025\/04\/Small-pet-raincoat-3-2-300x225.jpg 300w, https:\/\/www.deopaws.com\/wp-content\/uploads\/2025\/04\/Small-pet-raincoat-3-2-600x450.jpg 600w, https:\/\/www.deopaws.com\/wp-content\/uploads\/2025\/04\/Small-pet-raincoat-3-2-768x576.jpg 768w, https:\/\/www.deopaws.com\/wp-content\/uploads\/2025\/04\/Small-pet-raincoat-3-2.jpg 800w\" sizes=\"auto, (max-width: 300px) 100vw, 300px\" \/><\/div>\n<p>&nbsp;<\/p>\n<div>\n<div class=\"row\">\n<div class=\"col-lg-4\"><img loading=\"lazy\" decoding=\"async\" class=\"alignnone size-medium wp-image-141\" src=\"https:\/\/gray-bee-883835.hostingersite.com\/wp-content\/uploads\/2025\/04\/Small-pet-raincoat-2_-300x225.jpg\" alt=\"\" width=\"300\" height=\"225\" srcset=\"https:\/\/www.deopaws.com\/wp-content\/uploads\/2025\/04\/Small-pet-raincoat-2_-300x225.jpg 300w, https:\/\/www.deopaws.com\/wp-content\/uploads\/2025\/04\/Small-pet-raincoat-2_-600x450.jpg 600w, https:\/\/www.deopaws.com\/wp-content\/uploads\/2025\/04\/Small-pet-raincoat-2_-768x576.jpg 768w, https:\/\/www.deopaws.com\/wp-content\/uploads\/2025\/04\/Small-pet-raincoat-2_.jpg 800w\" sizes=\"auto, (max-width: 300px) 100vw, 300px\" \/><\/div>\n<div class=\"col-lg-4\"><img loading=\"lazy\" decoding=\"async\" class=\"alignnone size-full wp-image-1656\" src=\"https:\/\/www.deopaws.com\/wp-content\/uploads\/2025\/05\/fact-1_\u526f\u672c.jpg\" alt=\"\" width=\"300\" height=\"225\" \/><\/div>\n<div class=\"col-lg-4\"><img loading=\"lazy\" decoding=\"async\" class=\"alignnone size-medium wp-image-137\" src=\"https:\/\/gray-bee-883835.hostingersite.com\/wp-content\/uploads\/2025\/04\/Small-pet-raincoat-1-2-300x225.jpg\" alt=\"\" width=\"300\" height=\"225\" srcset=\"https:\/\/www.deopaws.com\/wp-content\/uploads\/2025\/04\/Small-pet-raincoat-1-2-300x225.jpg 300w, https:\/\/www.deopaws.com\/wp-content\/uploads\/2025\/04\/Small-pet-raincoat-1-2-600x450.jpg 600w, https:\/\/www.deopaws.com\/wp-content\/uploads\/2025\/04\/Small-pet-raincoat-1-2-768x576.jpg 768w, https:\/\/www.deopaws.com\/wp-content\/uploads\/2025\/04\/Small-pet-raincoat-1-2.jpg 800w\" sizes=\"auto, (max-width: 300px) 100vw, 300px\" \/><\/div>\n<div><\/div>\n<\/div>\n<\/div>\n<\/div>","protected":false},"excerpt":{"rendered":"<p data-start=\"147\" data-end=\"395\">Gardez votre ami \u00e0 fourrure au chaud et avec style gr\u00e2ce \u00e0 ce gilet pour chien \u00e0 col roul\u00e9 doux, parfait pour les chiens de petite et moyenne taille pendant les journ\u00e9es fra\u00eeches. Son design classique \u00e0 col roul\u00e9 offre une couverture douillette tout en ajoutant une touche de mode \u00e0 la garde-robe de votre animal.<\/p>\n<p data-start=\"397\" data-end=\"629\">Fabriqu\u00e9e dans un tissu doux, respirant et extensible, cette veste assure un confort maximal tout en permettant \u00e0 votre chien de bouger librement. Le mat\u00e9riau l\u00e9ger est doux pour les peaux sensibles et permet aux animaux de compagnie de rester bien au chaud sans se sentir g\u00ean\u00e9s.<\/p>","protected":false},"featured_media":3152,"comment_status":"open","ping_status":"closed","template":"","meta":{"_acf_changed":false},"product_brand":[],"product_cat":[15,17,39,16,25],"product_tag":[],"class_list":{"0":"post-3129","1":"product","2":"type-product","3":"status-publish","4":"has-post-thumbnail","6":"product_cat-products","7":"product_cat-cat-supplies","8":"product_cat-cat-apparel-accessories","9":"product_cat-dog-supplies","10":"product_cat-dog-apparel-accessories","12":"first","13":"instock","14":"shipping-taxable","15":"product-type-simple"},"acf":[],"_links":{"self":[{"href":"https:\/\/www.deopaws.com\/fr\/wp-json\/wp\/v2\/product\/3129","targetHints":{"allow":["GET"]}}],"collection":[{"href":"https:\/\/www.deopaws.com\/fr\/wp-json\/wp\/v2\/product"}],"about":[{"href":"https:\/\/www.deopaws.com\/fr\/wp-json\/wp\/v2\/types\/product"}],"replies":[{"embeddable":true,"href":"https:\/\/www.deopaws.com\/fr\/wp-json\/wp\/v2\/comments?post=3129"}],"wp:featuredmedia":[{"embeddable":true,"href":"https:\/\/www.deopaws.com\/fr\/wp-json\/wp\/v2\/media\/3152"}],"wp:attachment":[{"href":"https:\/\/www.deopaws.com\/fr\/wp-json\/wp\/v2\/media?parent=3129"}],"wp:term":[{"taxonomy":"product_brand","embeddable":true,"href":"https:\/\/www.deopaws.com\/fr\/wp-json\/wp\/v2\/product_brand?post=3129"},{"taxonomy":"product_cat","embeddable":true,"href":"https:\/\/www.deopaws.com\/fr\/wp-json\/wp\/v2\/product_cat?post=3129"},{"taxonomy":"product_tag","embeddable":true,"href":"https:\/\/www.deopaws.com\/fr\/wp-json\/wp\/v2\/product_tag?post=3129"}],"curies":[{"name":"wp","href":"https:\/\/api.w.org\/{rel}","templated":true}]}}