{"id":3074,"date":"2025-10-21T10:14:54","date_gmt":"2025-10-21T02:14:54","guid":{"rendered":"https:\/\/www.deopaws.com\/?post_type=product&#038;p=3074"},"modified":"2025-10-24T13:19:06","modified_gmt":"2025-10-24T05:19:06","slug":"dog-halloween-costume-mummy-costume-for-small-dogs","status":"publish","type":"product","link":"https:\/\/www.deopaws.com\/fr\/dog-halloween-costume-mummy-costume-for-small-dogs\/","title":{"rendered":"Costume d'Halloween pour chien Costume de momie pour petits chiens"},"content":{"rendered":"<h2 data-start=\"77\" data-end=\"192\"><strong data-start=\"9\" data-end=\"34\">Dog Halloween Costume<\/strong> \uff1a<\/h2>\n<p>&nbsp;<\/p>\n<p data-start=\"65\" data-end=\"153\"><strong data-start=\"65\" data-end=\"99\">\u25cfDesign festif<\/strong>\u2013 Unique mummy-style hoodie with classic bandage wraps and spooky Halloween charm, perfect for seasonal celebrations.<\/p>\n<p data-start=\"157\" data-end=\"243\"><strong data-start=\"157\" data-end=\"176\">\u25cfForme confortable<\/strong>\u2013 Made from soft, breathable cotton blend fabric that keeps your pet warm without overheating.<\/p>\n<p data-start=\"247\" data-end=\"340\"><strong data-start=\"247\" data-end=\"265\">\u25cfAdorable Details<\/strong>\u2013 Features a fun hood with cute \u201cmummy eyes\u201d and playful wrap texture for a photo-ready look.<\/p>\n<p data-start=\"344\" data-end=\"425\"><strong data-start=\"344\" data-end=\"363\">\u25cfPractical Design<\/strong>\u2013 Easy to wear and remove with adjustable closures, ideal for small dogs and cats.<\/p>\n<p data-start=\"344\" data-end=\"425\"><strong data-start=\"344\" data-end=\"363\">\u25cfMarket Potential<\/strong>\u2013 A creative, eye-catching piece that taps into the booming Halloween pet costume trend.<\/p>\n<p>&nbsp;<\/p>\n<p>&nbsp;<\/p>\n<div style=\"max-width: 800px; margin: auto; padding: 20px;\">\n<p><!-- \u5de6\u56fe\u53f3\u6587 --><\/p>\n<div style=\"display: flex; align-items: center; gap: 20px; margin-bottom: 40px; flex-wrap: wrap;\">\n<p><img loading=\"lazy\" decoding=\"async\" class=\"alignnone wp-image-3080 size-full\" src=\"https:\/\/www.deopaws.com\/wp-content\/uploads\/2025\/10\/\u4e3b\u56fe03-e1761013636876.jpg\" alt=\"\" width=\"370\" height=\"296\" srcset=\"https:\/\/www.deopaws.com\/wp-content\/uploads\/2025\/10\/\u4e3b\u56fe03-e1761013636876.jpg 370w, https:\/\/www.deopaws.com\/wp-content\/uploads\/2025\/10\/\u4e3b\u56fe03-e1761013636876-300x240.jpg 300w\" sizes=\"auto, (max-width: 370px) 100vw, 370px\" \/><\/p>\n<div style=\"flex: 1; min-width: 0;\">\n<p style=\"color: gray;\">Dog Halloween costume featuring a mummy-style hoodie wrapped in fun bandage patterns, bringing a spooky yet adorable look that\u2019s perfect for Halloween parties and photos.<\/p>\n<\/div>\n<\/div>\n<p><!-- \u53f3\u56fe\u5de6\u6587 --><\/p>\n<div style=\"display: flex; flex-direction: row-reverse; align-items: center; gap: 20px; flex-wrap: wrap;\">\n<p><img loading=\"lazy\" decoding=\"async\" class=\"alignnone wp-image-3077 size-medium\" src=\"https:\/\/www.deopaws.com\/wp-content\/uploads\/2025\/10\/\u8be6\u60c5\u56fe07-e1761014372843-300x240.jpg\" alt=\"\" width=\"300\" height=\"240\" srcset=\"https:\/\/www.deopaws.com\/wp-content\/uploads\/2025\/10\/\u8be6\u60c5\u56fe07-e1761014372843-300x240.jpg 300w, https:\/\/www.deopaws.com\/wp-content\/uploads\/2025\/10\/\u8be6\u60c5\u56fe07-e1761014372843-600x480.jpg 600w, https:\/\/www.deopaws.com\/wp-content\/uploads\/2025\/10\/\u8be6\u60c5\u56fe07-e1761014372843.jpg 750w\" sizes=\"auto, (max-width: 300px) 100vw, 300px\" \/><\/p>\n<div style=\"flex: 1; min-width: 0;\">\n<p style=\"color: gray;\">Crafted from soft, breathable fabric to keep pets cozy and comfortable while allowing full freedom of movement during festive activities.<\/p>\n<\/div>\n<\/div>\n<\/div>\n<div style=\"max-width: 800px; margin: auto; padding: 20px;\">\n<p><!-- \u5de6\u56fe\u53f3\u6587 --><\/p>\n<div style=\"display: flex; align-items: center; gap: 20px; margin-bottom: 40px; flex-wrap: wrap;\">\n<p><img loading=\"lazy\" decoding=\"async\" class=\"alignnone wp-image-3081 size-medium\" src=\"https:\/\/www.deopaws.com\/wp-content\/uploads\/2025\/10\/\u4e3b\u56fe04-e1761014425702-300x240.jpg\" alt=\"\" width=\"300\" height=\"240\" srcset=\"https:\/\/www.deopaws.com\/wp-content\/uploads\/2025\/10\/\u4e3b\u56fe04-e1761014425702-300x240.jpg 300w, https:\/\/www.deopaws.com\/wp-content\/uploads\/2025\/10\/\u4e3b\u56fe04-e1761014425702-600x480.jpg 600w, https:\/\/www.deopaws.com\/wp-content\/uploads\/2025\/10\/\u4e3b\u56fe04-e1761014425702.jpg 750w\" sizes=\"auto, (max-width: 300px) 100vw, 300px\" \/><\/p>\n<div style=\"flex: 1; min-width: 0;\">\n<p data-start=\"56\" data-end=\"422\">The playful hood with printed mummy eyes adds a touch of Halloween humor, turning your furry friend into the cutest little monster of the night.<\/p>\n<\/div>\n<\/div>\n<p><!-- \u53f3\u56fe\u5de6\u6587 --><\/p>\n<div style=\"display: flex; flex-direction: row-reverse; align-items: center; gap: 20px; flex-wrap: wrap;\">\n<p><img loading=\"lazy\" decoding=\"async\" class=\"alignnone wp-image-3079 size-medium\" src=\"https:\/\/www.deopaws.com\/wp-content\/uploads\/2025\/10\/\u4e3b\u56fe02-e1761014493733-300x240.jpg\" alt=\"\" width=\"300\" height=\"240\" srcset=\"https:\/\/www.deopaws.com\/wp-content\/uploads\/2025\/10\/\u4e3b\u56fe02-e1761014493733-300x240.jpg 300w, https:\/\/www.deopaws.com\/wp-content\/uploads\/2025\/10\/\u4e3b\u56fe02-e1761014493733-600x480.jpg 600w, https:\/\/www.deopaws.com\/wp-content\/uploads\/2025\/10\/\u4e3b\u56fe02-e1761014493733.jpg 750w\" sizes=\"auto, (max-width: 300px) 100vw, 300px\" \/><\/p>\n<div style=\"flex: 1; min-width: 0;\">\n<p style=\"color: gray;\">Easy to put on and take off with adjustable closures, ensuring a secure and comfortable fit for small dogs and cats alike.<\/p>\n<\/div>\n<\/div>\n<\/div>\n<div style=\"max-width: 800px; margin: auto; padding: 20px;\">\n<p><!-- \u5de6\u56fe\u53f3\u6587 --><\/p>\n<div style=\"display: flex; align-items: center; gap: 20px; margin-bottom: 40px; flex-wrap: wrap;\">\n<p><img loading=\"lazy\" decoding=\"async\" class=\"alignnone wp-image-2967\" src=\"https:\/\/www.deopaws.com\/wp-content\/uploads\/2025\/09\/Dog-Halloween-Costume-1-300x240.jpg\" alt=\"Dog Halloween Costume\" width=\"370\" height=\"296\" srcset=\"https:\/\/www.deopaws.com\/wp-content\/uploads\/2025\/09\/Dog-Halloween-Costume-1-300x240.jpg 300w, https:\/\/www.deopaws.com\/wp-content\/uploads\/2025\/09\/Dog-Halloween-Costume-1-600x480.jpg 600w, https:\/\/www.deopaws.com\/wp-content\/uploads\/2025\/09\/Dog-Halloween-Costume-1.jpg 750w\" sizes=\"auto, (max-width: 370px) 100vw, 370px\" \/><\/p>\n<div style=\"flex: 1; min-width: 0;\">\n<p data-start=\"27\" data-end=\"106\">Sp\u00e9cification de la taille<\/p>\n<\/div>\n<\/div>\n<\/div>\n<h3>Affichage d'usine<\/h3>\n<p>&nbsp;<\/p>\n<div class=\"row\">\n<div class=\"col-lg-4\"><img loading=\"lazy\" decoding=\"async\" class=\"alignnone size-medium wp-image-142\" src=\"https:\/\/gray-bee-883835.hostingersite.com\/wp-content\/uploads\/2025\/04\/Small-pet-raincoat-3_-300x225.jpg\" alt=\"\" width=\"300\" height=\"225\" srcset=\"https:\/\/www.deopaws.com\/wp-content\/uploads\/2025\/04\/Small-pet-raincoat-3_-300x225.jpg 300w, https:\/\/www.deopaws.com\/wp-content\/uploads\/2025\/04\/Small-pet-raincoat-3_-600x450.jpg 600w, https:\/\/www.deopaws.com\/wp-content\/uploads\/2025\/04\/Small-pet-raincoat-3_-768x576.jpg 768w, https:\/\/www.deopaws.com\/wp-content\/uploads\/2025\/04\/Small-pet-raincoat-3_.jpg 800w\" sizes=\"auto, (max-width: 300px) 100vw, 300px\" \/><\/div>\n<div class=\"col-lg-4\"><img loading=\"lazy\" decoding=\"async\" class=\"alignnone size-medium wp-image-138\" src=\"https:\/\/gray-bee-883835.hostingersite.com\/wp-content\/uploads\/2025\/04\/Small-pet-raincoat-2-2-300x225.jpg\" alt=\"\" width=\"300\" height=\"225\" srcset=\"https:\/\/www.deopaws.com\/wp-content\/uploads\/2025\/04\/Small-pet-raincoat-2-2-300x225.jpg 300w, https:\/\/www.deopaws.com\/wp-content\/uploads\/2025\/04\/Small-pet-raincoat-2-2-600x450.jpg 600w, https:\/\/www.deopaws.com\/wp-content\/uploads\/2025\/04\/Small-pet-raincoat-2-2-768x576.jpg 768w, https:\/\/www.deopaws.com\/wp-content\/uploads\/2025\/04\/Small-pet-raincoat-2-2.jpg 800w\" sizes=\"auto, (max-width: 300px) 100vw, 300px\" \/><\/div>\n<div class=\"col-lg-4\"><img loading=\"lazy\" decoding=\"async\" class=\"alignnone size-medium wp-image-139\" src=\"https:\/\/gray-bee-883835.hostingersite.com\/wp-content\/uploads\/2025\/04\/Small-pet-raincoat-3-2-300x225.jpg\" alt=\"\" width=\"300\" height=\"225\" srcset=\"https:\/\/www.deopaws.com\/wp-content\/uploads\/2025\/04\/Small-pet-raincoat-3-2-300x225.jpg 300w, https:\/\/www.deopaws.com\/wp-content\/uploads\/2025\/04\/Small-pet-raincoat-3-2-600x450.jpg 600w, https:\/\/www.deopaws.com\/wp-content\/uploads\/2025\/04\/Small-pet-raincoat-3-2-768x576.jpg 768w, https:\/\/www.deopaws.com\/wp-content\/uploads\/2025\/04\/Small-pet-raincoat-3-2.jpg 800w\" sizes=\"auto, (max-width: 300px) 100vw, 300px\" \/><\/div>\n<p>&nbsp;<\/p>\n<div>\n<div class=\"row\">\n<div class=\"col-lg-4\"><img loading=\"lazy\" decoding=\"async\" class=\"alignnone size-medium wp-image-141\" src=\"https:\/\/gray-bee-883835.hostingersite.com\/wp-content\/uploads\/2025\/04\/Small-pet-raincoat-2_-300x225.jpg\" alt=\"\" width=\"300\" height=\"225\" srcset=\"https:\/\/www.deopaws.com\/wp-content\/uploads\/2025\/04\/Small-pet-raincoat-2_-300x225.jpg 300w, https:\/\/www.deopaws.com\/wp-content\/uploads\/2025\/04\/Small-pet-raincoat-2_-600x450.jpg 600w, https:\/\/www.deopaws.com\/wp-content\/uploads\/2025\/04\/Small-pet-raincoat-2_-768x576.jpg 768w, https:\/\/www.deopaws.com\/wp-content\/uploads\/2025\/04\/Small-pet-raincoat-2_.jpg 800w\" sizes=\"auto, (max-width: 300px) 100vw, 300px\" \/><\/div>\n<div class=\"col-lg-4\"><img loading=\"lazy\" decoding=\"async\" class=\"alignnone size-full wp-image-1656\" src=\"https:\/\/www.deopaws.com\/wp-content\/uploads\/2025\/05\/fact-1_\u526f\u672c.jpg\" alt=\"\" width=\"300\" height=\"225\" \/><\/div>\n<div class=\"col-lg-4\"><img loading=\"lazy\" decoding=\"async\" class=\"alignnone size-medium wp-image-137\" src=\"https:\/\/gray-bee-883835.hostingersite.com\/wp-content\/uploads\/2025\/04\/Small-pet-raincoat-1-2-300x225.jpg\" alt=\"\" width=\"300\" height=\"225\" srcset=\"https:\/\/www.deopaws.com\/wp-content\/uploads\/2025\/04\/Small-pet-raincoat-1-2-300x225.jpg 300w, https:\/\/www.deopaws.com\/wp-content\/uploads\/2025\/04\/Small-pet-raincoat-1-2-600x450.jpg 600w, https:\/\/www.deopaws.com\/wp-content\/uploads\/2025\/04\/Small-pet-raincoat-1-2-768x576.jpg 768w, https:\/\/www.deopaws.com\/wp-content\/uploads\/2025\/04\/Small-pet-raincoat-1-2.jpg 800w\" sizes=\"auto, (max-width: 300px) 100vw, 300px\" \/><\/div>\n<div><\/div>\n<\/div>\n<\/div>\n<\/div>","protected":false},"excerpt":{"rendered":"<p>Faites de votre ami \u00e0 fourrure la star de la nuit d'Halloween avec cet adorable costume de chien \u00e0 capuche en forme de momie. Con\u00e7u pour capturer l'esprit de la saison effrayante, il pr\u00e9sente un look cr\u00e9atif envelopp\u00e9 de bandages qui est \u00e0 la fois dr\u00f4le et effroyablement mignon. Le tissu doux en coton m\u00e9lang\u00e9 garde votre animal au chaud et \u00e0 l'aise pendant les promenades d'automne, les f\u00eates ou les aventures de farces et attrapes.<\/p>","protected":false},"featured_media":3083,"comment_status":"closed","ping_status":"closed","template":"","meta":{"_acf_changed":false},"product_brand":[],"product_cat":[16,25],"product_tag":[],"class_list":{"0":"post-3074","1":"product","2":"type-product","3":"status-publish","4":"has-post-thumbnail","6":"product_cat-dog-supplies","7":"product_cat-dog-apparel-accessories","9":"first","10":"instock","11":"shipping-taxable","12":"product-type-simple"},"acf":[],"_links":{"self":[{"href":"https:\/\/www.deopaws.com\/fr\/wp-json\/wp\/v2\/product\/3074","targetHints":{"allow":["GET"]}}],"collection":[{"href":"https:\/\/www.deopaws.com\/fr\/wp-json\/wp\/v2\/product"}],"about":[{"href":"https:\/\/www.deopaws.com\/fr\/wp-json\/wp\/v2\/types\/product"}],"replies":[{"embeddable":true,"href":"https:\/\/www.deopaws.com\/fr\/wp-json\/wp\/v2\/comments?post=3074"}],"wp:featuredmedia":[{"embeddable":true,"href":"https:\/\/www.deopaws.com\/fr\/wp-json\/wp\/v2\/media\/3083"}],"wp:attachment":[{"href":"https:\/\/www.deopaws.com\/fr\/wp-json\/wp\/v2\/media?parent=3074"}],"wp:term":[{"taxonomy":"product_brand","embeddable":true,"href":"https:\/\/www.deopaws.com\/fr\/wp-json\/wp\/v2\/product_brand?post=3074"},{"taxonomy":"product_cat","embeddable":true,"href":"https:\/\/www.deopaws.com\/fr\/wp-json\/wp\/v2\/product_cat?post=3074"},{"taxonomy":"product_tag","embeddable":true,"href":"https:\/\/www.deopaws.com\/fr\/wp-json\/wp\/v2\/product_tag?post=3074"}],"curies":[{"name":"wp","href":"https:\/\/api.w.org\/{rel}","templated":true}]}}