{"id":2566,"date":"2025-08-28T10:54:49","date_gmt":"2025-08-28T02:54:49","guid":{"rendered":"https:\/\/www.deopaws.com\/?post_type=product&#038;p=2566"},"modified":"2025-08-28T11:25:10","modified_gmt":"2025-08-28T03:25:10","slug":"lightsummer-cooling-clothes-for-dogs","status":"publish","type":"product","link":"https:\/\/www.deopaws.com\/fr\/lightsummer-cooling-clothes-for-dogs\/","title":{"rendered":"V\u00eatements d'\u00e9t\u00e9 l\u00e9gers et rafra\u00eechissants pour chiens"},"content":{"rendered":"<h2 data-start=\"77\" data-end=\"192\">V\u00eatements d'\u00e9t\u00e9 l\u00e9gers et rafra\u00eechissants pour chiens \uff1a<\/h2>\n<p>&nbsp;<\/p>\n<p><strong>\u25cf Frais et confortable :<\/strong> Le tissu en soie de glace est l\u00e9ger et respirant, ce qui permet \u00e0 votre chien de rester au frais pendant la chaleur de l'\u00e9t\u00e9.<\/p>\n<p><strong>\u25cf Ajustement s\u00fbr :<\/strong> Des ourlets \u00e9lastiques, une protection ventrale et une fermeture \u00e0 glissi\u00e8re autobloquante garantissent un ajustement s\u00fbr et confortable et permettent une amplitude de mouvement compl\u00e8te.<\/p>\n<p><strong>\u25cf Facilit\u00e9 d'allumage et d'extinction :<\/strong> La fermeture \u00e9clair autobloquante permet de l'enfiler et de l'enlever facilement.<\/p>\n<p><strong>\u25cf Plusieurs options de taille :<\/strong> La taille est d\u00e9taill\u00e9e pour convenir aux chiens de toutes tailles, garantissant un ajustement confortable.<\/p>\n<p>&nbsp;<\/p>\n<p>&nbsp;<\/p>\n<div style=\"max-width: 800px; margin: auto; padding: 20px;\">\n<p><!-- \u5de6\u56fe\u53f3\u6587 --><\/p>\n<div style=\"display: flex; align-items: center; gap: 20px; margin-bottom: 40px; flex-wrap: wrap;\">\n<p><img loading=\"lazy\" decoding=\"async\" class=\"alignnone wp-image-2368\" src=\"\/wp-content\/uploads\/2025\/08\/Lightweight-Summer-Cooling-Clothes-For-Dogs\u200b22-4.jpg\" alt=\"cat carrier harness\" width=\"370\" height=\"296\" \/><\/p>\n<div style=\"flex: 1; min-width: 0;\">\n<p style=\"color: gray;\">Tissu et fermeture \u00e9clair - L\u00e9ger et respirant, il garde les chiens au frais et \u00e0 l'aise en \u00e9t\u00e9. La fermeture \u00e9clair antid\u00e9rapante et facile \u00e0 utiliser permet de l'enfiler et de le retirer facilement et en toute s\u00e9curit\u00e9.<\/p>\n<\/div>\n<\/div>\n<p><!-- \u53f3\u56fe\u5de6\u6587 --><\/p>\n<div style=\"display: flex; flex-direction: row-reverse; align-items: center; gap: 20px; flex-wrap: wrap;\">\n<p><img loading=\"lazy\" decoding=\"async\" class=\"alignnone wp-image-2369\" src=\"\/wp-content\/uploads\/2025\/08\/Lightweight-Summer-Cooling-Clothes-For-Dogs\u200b22-1.jpg\" alt=\"cat carrier harness\" width=\"370\" height=\"296\" \/><\/p>\n<div style=\"flex: 1; min-width: 0;\">\n<p style=\"color: gray;\">Tronc incurv\u00e9 en fer forg\u00e9 - Tronc de conception durable, envelopp\u00e9 de sisal, pour une meilleure r\u00e9sistance aux rayures et une plus grande long\u00e9vit\u00e9.<\/p>\n<\/div>\n<\/div>\n<\/div>\n<div style=\"max-width: 800px; margin: auto; padding: 20px;\">\n<p><!-- \u5de6\u56fe\u53f3\u6587 --><\/p>\n<div style=\"display: flex; align-items: center; gap: 20px; margin-bottom: 40px; flex-wrap: wrap;\">\n<p><img loading=\"lazy\" decoding=\"async\" class=\"alignnone wp-image-2370\" src=\"\/wp-content\/uploads\/2025\/08\/Lightweight-Summer-Cooling-Clothes-For-Dogs\u200b22-2.jpg\" alt=\"cat carrier harness\" width=\"370\" height=\"296\" \/><\/p>\n<div style=\"flex: 1; min-width: 0;\">\n<p data-start=\"56\" data-end=\"422\">Protection solaire UPF50+ - La technologie de traitement solaire avec un facteur de protection solaire UPF50+ bloque efficacement les rayons UV et prot\u00e8ge contre les coups de soleil.<\/p>\n<\/div>\n<\/div>\n<p><!-- \u53f3\u56fe\u5de6\u6587 --><\/p>\n<div style=\"display: flex; flex-direction: row-reverse; align-items: center; gap: 20px; flex-wrap: wrap;\">\n<p><img loading=\"lazy\" decoding=\"async\" class=\"alignnone wp-image-2371\" src=\"\/wp-content\/uploads\/2025\/08\/Lightweight-Summer-Cooling-Clothes-For-Dogs\u200b22-40.jpg\" alt=\"cat carrier harness\" width=\"370\" height=\"296\" \/><\/p>\n<div style=\"flex: 1; min-width: 0;\">\n<p style=\"color: gray;\">Respirant et non \u00e9touffant - Le tissu en soie d'eau offre une excellente respirabilit\u00e9, ce qui vous permet de profiter du soleil tout en restant \u00e0 l'aise et en respirant sans vous sentir \u00e9touff\u00e9.<\/p>\n<\/div>\n<\/div>\n<\/div>\n<div style=\"max-width: 800px; margin: auto; padding: 20px;\">\n<p><!-- \u5de6\u56fe\u53f3\u6587 --><\/p>\n<div style=\"display: flex; align-items: center; gap: 20px; margin-bottom: 40px; flex-wrap: wrap;\">\n<p><img loading=\"lazy\" decoding=\"async\" class=\"alignnone wp-image-2372\" src=\"\/wp-content\/uploads\/2025\/08\/Lightweight-Summer-Cooling-Clothes-For-Dogs\u200b22-3.jpg\" alt=\"cat carrier harness\" width=\"370\" height=\"296\" \/><\/p>\n<div style=\"flex: 1; min-width: 0;\">\n<p data-start=\"27\" data-end=\"106\">Tableau des tailles - Une vari\u00e9t\u00e9 de tailles est disponible pour faciliter la s\u00e9lection des sp\u00e9cifications appropri\u00e9es en fonction de la morphologie du chien.<\/p>\n<\/div>\n<\/div>\n<\/div>\n<p>En tant que fabricant et fournisseur de v\u00eatements pour chiens de confiance, nous fournissons des v\u00eatements pour animaux de compagnie durables et de haute qualit\u00e9, avec une production fiable et une livraison dans les d\u00e9lais. Notre exp\u00e9rience et notre service professionnel font de nous un partenaire fiable pour votre entreprise.<\/p>\n<h3 style=\"padding-top:30px;\">Affichage d'usine<\/h3>\n<p>&nbsp;<\/p>\n<div class=\"row\">\n<div class=\"col-lg-4\"><img loading=\"lazy\" decoding=\"async\" class=\"alignnone size-medium wp-image-142\" src=\"https:\/\/gray-bee-883835.hostingersite.com\/wp-content\/uploads\/2025\/04\/Small-pet-raincoat-3_-300x225.jpg\" alt=\"\" width=\"300\" height=\"225\" srcset=\"https:\/\/www.deopaws.com\/wp-content\/uploads\/2025\/04\/Small-pet-raincoat-3_-300x225.jpg 300w, https:\/\/www.deopaws.com\/wp-content\/uploads\/2025\/04\/Small-pet-raincoat-3_-600x450.jpg 600w, https:\/\/www.deopaws.com\/wp-content\/uploads\/2025\/04\/Small-pet-raincoat-3_-768x576.jpg 768w, https:\/\/www.deopaws.com\/wp-content\/uploads\/2025\/04\/Small-pet-raincoat-3_.jpg 800w\" sizes=\"auto, (max-width: 300px) 100vw, 300px\" \/><\/div>\n<div class=\"col-lg-4\"><img loading=\"lazy\" decoding=\"async\" class=\"alignnone size-medium wp-image-138\" src=\"https:\/\/gray-bee-883835.hostingersite.com\/wp-content\/uploads\/2025\/04\/Small-pet-raincoat-2-2-300x225.jpg\" alt=\"\" width=\"300\" height=\"225\" srcset=\"https:\/\/www.deopaws.com\/wp-content\/uploads\/2025\/04\/Small-pet-raincoat-2-2-300x225.jpg 300w, https:\/\/www.deopaws.com\/wp-content\/uploads\/2025\/04\/Small-pet-raincoat-2-2-600x450.jpg 600w, https:\/\/www.deopaws.com\/wp-content\/uploads\/2025\/04\/Small-pet-raincoat-2-2-768x576.jpg 768w, https:\/\/www.deopaws.com\/wp-content\/uploads\/2025\/04\/Small-pet-raincoat-2-2.jpg 800w\" sizes=\"auto, (max-width: 300px) 100vw, 300px\" \/><\/div>\n<div class=\"col-lg-4\"><img loading=\"lazy\" decoding=\"async\" class=\"alignnone size-medium wp-image-139\" src=\"https:\/\/gray-bee-883835.hostingersite.com\/wp-content\/uploads\/2025\/04\/Small-pet-raincoat-3-2-300x225.jpg\" alt=\"\" width=\"300\" height=\"225\" srcset=\"https:\/\/www.deopaws.com\/wp-content\/uploads\/2025\/04\/Small-pet-raincoat-3-2-300x225.jpg 300w, https:\/\/www.deopaws.com\/wp-content\/uploads\/2025\/04\/Small-pet-raincoat-3-2-600x450.jpg 600w, https:\/\/www.deopaws.com\/wp-content\/uploads\/2025\/04\/Small-pet-raincoat-3-2-768x576.jpg 768w, https:\/\/www.deopaws.com\/wp-content\/uploads\/2025\/04\/Small-pet-raincoat-3-2.jpg 800w\" sizes=\"auto, (max-width: 300px) 100vw, 300px\" \/><\/div>\n<p>&nbsp;<\/p>\n<div>\n<div class=\"row\">\n<div class=\"col-lg-4\"><img loading=\"lazy\" decoding=\"async\" class=\"alignnone size-medium wp-image-141\" src=\"https:\/\/gray-bee-883835.hostingersite.com\/wp-content\/uploads\/2025\/04\/Small-pet-raincoat-2_-300x225.jpg\" alt=\"\" width=\"300\" height=\"225\" srcset=\"https:\/\/www.deopaws.com\/wp-content\/uploads\/2025\/04\/Small-pet-raincoat-2_-300x225.jpg 300w, https:\/\/www.deopaws.com\/wp-content\/uploads\/2025\/04\/Small-pet-raincoat-2_-600x450.jpg 600w, https:\/\/www.deopaws.com\/wp-content\/uploads\/2025\/04\/Small-pet-raincoat-2_-768x576.jpg 768w, https:\/\/www.deopaws.com\/wp-content\/uploads\/2025\/04\/Small-pet-raincoat-2_.jpg 800w\" sizes=\"auto, (max-width: 300px) 100vw, 300px\" \/><\/div>\n<div class=\"col-lg-4\"><img loading=\"lazy\" decoding=\"async\" class=\"alignnone size-full wp-image-1656\" src=\"https:\/\/www.deopaws.com\/wp-content\/uploads\/2025\/05\/fact-1_\u526f\u672c.jpg\" alt=\"\" width=\"300\" height=\"225\" \/><\/div>\n<div class=\"col-lg-4\"><img loading=\"lazy\" decoding=\"async\" class=\"alignnone size-medium wp-image-137\" src=\"https:\/\/gray-bee-883835.hostingersite.com\/wp-content\/uploads\/2025\/04\/Small-pet-raincoat-1-2-300x225.jpg\" alt=\"\" width=\"300\" height=\"225\" srcset=\"https:\/\/www.deopaws.com\/wp-content\/uploads\/2025\/04\/Small-pet-raincoat-1-2-300x225.jpg 300w, https:\/\/www.deopaws.com\/wp-content\/uploads\/2025\/04\/Small-pet-raincoat-1-2-600x450.jpg 600w, https:\/\/www.deopaws.com\/wp-content\/uploads\/2025\/04\/Small-pet-raincoat-1-2-768x576.jpg 768w, https:\/\/www.deopaws.com\/wp-content\/uploads\/2025\/04\/Small-pet-raincoat-1-2.jpg 800w\" sizes=\"auto, (max-width: 300px) 100vw, 300px\" \/><\/div>\n<div><\/div>\n<\/div>\n<\/div>\n<\/div>","protected":false},"excerpt":{"rendered":"<p>The dog&#8217;s summer cool clothes are made of ice silk fabric, which is light, breathable, and fits comfortably, helping dogs stay cool and comfortable in hot weather.<\/p>","protected":false},"featured_media":2573,"comment_status":"closed","ping_status":"closed","template":"","meta":{"_acf_changed":false},"product_brand":[],"product_cat":[15,16,25],"product_tag":[],"class_list":{"0":"post-2566","1":"product","2":"type-product","3":"status-publish","4":"has-post-thumbnail","6":"product_cat-products","7":"product_cat-dog-supplies","8":"product_cat-dog-apparel-accessories","10":"first","11":"instock","12":"shipping-taxable","13":"product-type-simple"},"acf":[],"_links":{"self":[{"href":"https:\/\/www.deopaws.com\/fr\/wp-json\/wp\/v2\/product\/2566","targetHints":{"allow":["GET"]}}],"collection":[{"href":"https:\/\/www.deopaws.com\/fr\/wp-json\/wp\/v2\/product"}],"about":[{"href":"https:\/\/www.deopaws.com\/fr\/wp-json\/wp\/v2\/types\/product"}],"replies":[{"embeddable":true,"href":"https:\/\/www.deopaws.com\/fr\/wp-json\/wp\/v2\/comments?post=2566"}],"wp:featuredmedia":[{"embeddable":true,"href":"https:\/\/www.deopaws.com\/fr\/wp-json\/wp\/v2\/media\/2573"}],"wp:attachment":[{"href":"https:\/\/www.deopaws.com\/fr\/wp-json\/wp\/v2\/media?parent=2566"}],"wp:term":[{"taxonomy":"product_brand","embeddable":true,"href":"https:\/\/www.deopaws.com\/fr\/wp-json\/wp\/v2\/product_brand?post=2566"},{"taxonomy":"product_cat","embeddable":true,"href":"https:\/\/www.deopaws.com\/fr\/wp-json\/wp\/v2\/product_cat?post=2566"},{"taxonomy":"product_tag","embeddable":true,"href":"https:\/\/www.deopaws.com\/fr\/wp-json\/wp\/v2\/product_tag?post=2566"}],"curies":[{"name":"wp","href":"https:\/\/api.w.org\/{rel}","templated":true}]}}