{"id":1867,"date":"2025-07-18T17:01:23","date_gmt":"2025-07-18T09:01:23","guid":{"rendered":"https:\/\/www.deopaws.com\/?post_type=product&#038;p=1867"},"modified":"2026-03-16T17:13:47","modified_gmt":"2026-03-16T09:13:47","slug":"reflective-dog-harness-dog-collar","status":"publish","type":"product","link":"https:\/\/www.deopaws.com\/fr\/reflective-dog-harness-dog-collar\/","title":{"rendered":"Harnais r\u00e9fl\u00e9chissant antid\u00e9flagrant pour grand chien Collier poitrine dos Laisse pour chien anti-d\u00e9chirure et r\u00e9sistante \u00e0 l'usure"},"content":{"rendered":"<h2>D\u00e9tails du harnais pour chien<\/h2>\n<p>Ce harnais pour chien est parfait pour <strong>utilisation tactique<\/strong>, <strong>voyage<\/strong>, <strong>trajet domicile-travail<\/strong>, <strong>camping<\/strong>, ou <strong>transport quotidien<\/strong>-Con\u00e7u pour ceux qui attendent davantage de leur mat\u00e9riel. L'\u00e9quilibre des <strong>durabilit\u00e9, co<\/strong><strong>confort et la s\u00e9curit\u00e9<\/strong>\u00a0en fait un outil indispensable pour tous ceux qui se d\u00e9placent.<\/p>\n<ul>\n<li><strong>Tissu 1680D<\/strong>pour une durabilit\u00e9 extr\u00eame<\/li>\n<li><strong>Poign\u00e9es rembourr\u00e9es et \u00e9paissies<\/strong>pour un confort sup\u00e9rieur<\/li>\n<li><strong>Velcro \u00e9tendu<\/strong>pour faciliter la fixation de patchs ou d'accessoires<\/li>\n<li><strong>M\u00e9canisme de verrouillage am\u00e9lior\u00e9<\/strong>pour une s\u00e9curit\u00e9 fiable<\/li>\n<li><strong>Anneaux en D renforc\u00e9s<\/strong>qui ne se cassent pas facilement<\/li>\n<li><strong>Design r\u00e9fl\u00e9chissant<\/strong>pour une visibilit\u00e9 nocturne<\/li>\n<\/ul>\n<div style=\"max-width: 800px; margin: auto; padding: 20px;\">\n<p><!-- \u5de6\u56fe\u53f3\u6587 --><\/p>\n<div style=\"display: flex; align-items: center; gap: 20px; margin-bottom: 40px; flex-wrap: wrap;\">\n<p><img loading=\"lazy\" decoding=\"async\" class=\"alignnone wp-image-1639\" src=\"https:\/\/www.deopaws.com\/wp-content\/uploads\/2025\/07\/Pet-Reflective-Explosion-proof-Large-Dog-Harness-Dog-Collar-Chest-Back-Anti-tear-and-Wear-resistant-Dog-Chest-Back-9.png\" alt=\"dog harness\" width=\"370\" height=\"296\" \/><\/p>\n<div style=\"flex: 1; min-width: 0;\">\n<p style=\"color: gray;\">Vous cherchez un harnais pour chien qui ne s'arr\u00eate jamais ? Fabriqu\u00e9 en tissu 1680D ultra-durable, ce produit offre une r\u00e9sistance exceptionnelle \u00e0 l'usure, parfaite pour une utilisation quotidienne intensive, des randonn\u00e9es en plein air ou m\u00eame des sc\u00e9narios tactiques. Le tissage en polyester haute r\u00e9sistance n'est pas seulement solide, il est \u00e9galement con\u00e7u pour r\u00e9sister aux d\u00e9chirures, aux \u00e9raflures et \u00e0 l'abrasion, prot\u00e9geant ainsi votre \u00e9quipement dans les environnements les plus rudes.<\/p>\n<\/div>\n<\/div>\n<p><!-- \u53f3\u56fe\u5de6\u6587 --><\/p>\n<div style=\"display: flex; flex-direction: row-reverse; align-items: center; gap: 20px; flex-wrap: wrap;\">\n<p><img loading=\"lazy\" decoding=\"async\" class=\"alignnone wp-image-1633\" src=\"https:\/\/www.deopaws.com\/wp-content\/uploads\/2025\/07\/Pet-Reflective-Explosion-proof-Large-Dog-Harness-Dog-Collar-Chest-Back-Anti-tear-and-Wear-resistant-Dog-Chest-Back-1.png\" alt=\"dog harness\" width=\"370\" height=\"296\" \/><\/p>\n<div style=\"flex: 1; min-width: 0;\">\n<p style=\"color: gray;\">La s\u00e9curit\u00e9 est essentielle, et nous nous en occupons \u00e9galement. Dot\u00e9 d'un nouveau syst\u00e8me de verrouillage plus \u00e9pais, ce produit ne craquera pas et ne s'usera pas sous la pression. Il reste fermement ferm\u00e9 jusqu'\u00e0 ce que vous en d\u00e9cidiez autrement - pour une tranquillit\u00e9 d'esprit \u00e0 chaque voyage.<\/p>\n<\/div>\n<\/div>\n<\/div>\n<div style=\"max-width: 800px; margin: auto; padding: 20px;\">\n<p><!-- \u5de6\u56fe\u53f3\u6587 --><\/p>\n<div style=\"display: flex; align-items: center; gap: 20px; margin-bottom: 40px; flex-wrap: wrap;\">\n<p><img loading=\"lazy\" decoding=\"async\" class=\"alignnone wp-image-1639\" src=\"https:\/\/www.deopaws.com\/wp-content\/uploads\/2025\/07\/Pet-Reflective-Explosion-proof-Large-Dog-Harness-Dog-Collar-Chest-Back-Anti-tear-and-Wear-resistant-Dog-Chest-Back-7.png\" alt=\"dog leash\" width=\"370\" height=\"296\" \/><\/p>\n<div style=\"flex: 1; min-width: 0;\">\n<p style=\"color: gray;\">Nous avons \u00e9galement renforc\u00e9 les anneaux en D, ces points critiques de support de charge qui c\u00e8dent souvent sur les sacs de moindre qualit\u00e9. Nos anneaux en D \u00e9paissis sont con\u00e7us pour supporter le poids et les contraintes sans se fissurer, se d\u00e9former ou s'ab\u00eemer. Qu'il s'agisse d'une attache, d'une sangle ou d'un harnais, ces anneaux sont con\u00e7us pour durer.<\/p>\n<\/div>\n<\/div>\n<p><!-- \u53f3\u56fe\u5de6\u6587 --><\/p>\n<div style=\"display: flex; flex-direction: row-reverse; align-items: center; gap: 20px; flex-wrap: wrap;\">\n<p><img loading=\"lazy\" decoding=\"async\" class=\"alignnone wp-image-1633\" src=\"https:\/\/www.deopaws.com\/wp-content\/uploads\/2025\/07\/Pet-Reflective-Explosion-proof-Large-Dog-Harness-Dog-Collar-Chest-Back-Anti-tear-and-Wear-resistant-Dog-Chest-Back-5.png\" alt=\"pet leash\" width=\"370\" height=\"296\" \/><\/p>\n<div style=\"flex: 1; min-width: 0;\">\n<p style=\"color: gray;\">Qu'est-ce qui le rend encore meilleur ? Nous avons dot\u00e9 les poign\u00e9es d'un rembourrage extra \u00e9pais, pour une prise en main plus souple et plus confortable, m\u00eame lorsque le sac est enti\u00e8rement charg\u00e9. Dites adieu \u00e0 la fatigue des mains : ce sac est con\u00e7u pour \u00eatre port\u00e9 toute la journ\u00e9e.<\/p>\n<\/div>\n<\/div>\n<\/div>\n<div style=\"max-width: 800px; margin: auto; padding: 20px;\">\n<p><!-- \u5de6\u56fe\u53f3\u6587 --><\/p>\n<div style=\"display: flex; align-items: center; gap: 20px; margin-bottom: 40px; flex-wrap: wrap;\">\n<p><img loading=\"lazy\" decoding=\"async\" class=\"alignnone wp-image-1639\" src=\"https:\/\/www.deopaws.com\/wp-content\/uploads\/2025\/07\/Pet-Reflective-Explosion-proof-Large-Dog-Harness-Dog-Collar-Chest-Back-Anti-tear-and-Wear-resistant-Dog-Chest-Back-4.png\" alt=\"pet leashes\" width=\"370\" height=\"296\" \/><\/p>\n<div style=\"flex: 1; min-width: 0;\">\n<p style=\"color: gray;\">Vous avez besoin d'un emplacement pour vos \u00e9cussons ou vos \u00e9tiquettes d'identification pr\u00e9f\u00e9r\u00e9s ? Aucun probl\u00e8me. La bande Velcro \u00e9tendue vous permet de personnaliser facilement - attachez des badges, des \u00e9tiquettes, ou accrochez-le \u00e0 votre sac \u00e0 dos existant, \u00e0 votre gilet tactique ou \u00e0 votre syst\u00e8me de sac modulaire. Que vous alliez au champ de tir, sur la piste ou \u00e0 l'a\u00e9roport, la polyvalence est tout simplement int\u00e9gr\u00e9e.<\/p>\n<\/div>\n<\/div>\n<p><!-- \u53f3\u56fe\u5de6\u6587 --><\/p>\n<div style=\"display: flex; flex-direction: row-reverse; align-items: center; gap: 20px; flex-wrap: wrap;\">\n<p><img loading=\"lazy\" decoding=\"async\" class=\"alignnone wp-image-1633\" src=\"https:\/\/www.deopaws.com\/wp-content\/uploads\/2025\/07\/Pet-Reflective-Explosion-proof-Large-Dog-Harness-Dog-Collar-Chest-Back-Anti-tear-and-Wear-resistant-Dog-Leash.png\" alt=\"pet leash\" width=\"370\" height=\"296\" \/><\/p>\n<div style=\"flex: 1; min-width: 0;\">\n<p style=\"color: gray;\">Parlons de la s\u00e9curit\u00e9 nocturne. La garniture r\u00e9fl\u00e9chissante \u00e0 haute luminosit\u00e9 offre une visibilit\u00e9 accrue lorsque le soleil se couche. Que vous marchiez le long d'une route ou que vous vous d\u00e9placiez dans des zones faiblement \u00e9clair\u00e9es, cette caract\u00e9ristique vous permet de vous d\u00e9marquer clairement, ce qui aide les v\u00e9hicules et les personnes \u00e0 vous rep\u00e9rer plus rapidement. S\u00e9curit\u00e9 et fonctionnalit\u00e9 ? Tout le monde y gagne.<\/p>\n<\/div>\n<\/div>\n<\/div>","protected":false},"excerpt":{"rendered":"<p>Ce harnais pour chien est parfait pour <strong>utilisation tactique<\/strong>, <strong>voyage<\/strong>, <strong>trajet domicile-travail<\/strong>, <strong>camping<\/strong>, ou <strong>transport quotidien<\/strong>-Con\u00e7u pour ceux qui attendent davantage de leur mat\u00e9riel. L'\u00e9quilibre des <strong>durabilit\u00e9, confort et s\u00e9curit\u00e9<\/strong> en fait un outil indispensable pour tous ceux qui se d\u00e9placent.<\/p>\n<div class=\"custom-product-table\">\n<table style=\"height: 272px;\" width=\"294\">\n<caption>\u00a0<\/caption>\n<tbody>\n<tr>\n<th>Fonctionnalit\u00e9<\/th>\n<td>R\u00e9flexion<\/td>\n<\/tr>\n<tr>\n<th>Animaux de compagnie concern\u00e9s<\/th>\n<td>Chien et chat<\/td>\n<\/tr>\n<tr>\n<th>Mat\u00e9riau<\/th>\n<td>Polyester<\/td>\n<\/tr>\n<tr>\n<th>Mod\u00e8le<\/th>\n<td>Impression et broderie<\/td>\n<\/tr>\n<tr>\n<th>Nom du produit<\/th>\n<td>Harnais pour chien<\/td>\n<\/tr>\n<tr>\n<th>Instructions de lavage<\/th>\n<td>Lavage m\u00e9canique<\/td>\n<\/tr>\n<tr>\n<th>Poids<\/th>\n<td>250g<\/td>\n<\/tr>\n<tr>\n<th>Taille du produit<\/th>\n<td>En tant que description<\/td>\n<\/tr>\n<\/tbody>\n<\/table>\n<\/div>","protected":false},"featured_media":1997,"comment_status":"open","ping_status":"closed","template":"","meta":{"_acf_changed":false},"product_brand":[],"product_cat":[16,27],"product_tag":[],"class_list":{"0":"post-1867","1":"product","2":"type-product","3":"status-publish","4":"has-post-thumbnail","6":"product_cat-dog-supplies","7":"product_cat-dog-collarsleashes-harnesses","9":"first","10":"instock","11":"shipping-taxable","12":"product-type-simple"},"acf":[],"_links":{"self":[{"href":"https:\/\/www.deopaws.com\/fr\/wp-json\/wp\/v2\/product\/1867","targetHints":{"allow":["GET"]}}],"collection":[{"href":"https:\/\/www.deopaws.com\/fr\/wp-json\/wp\/v2\/product"}],"about":[{"href":"https:\/\/www.deopaws.com\/fr\/wp-json\/wp\/v2\/types\/product"}],"replies":[{"embeddable":true,"href":"https:\/\/www.deopaws.com\/fr\/wp-json\/wp\/v2\/comments?post=1867"}],"wp:featuredmedia":[{"embeddable":true,"href":"https:\/\/www.deopaws.com\/fr\/wp-json\/wp\/v2\/media\/1997"}],"wp:attachment":[{"href":"https:\/\/www.deopaws.com\/fr\/wp-json\/wp\/v2\/media?parent=1867"}],"wp:term":[{"taxonomy":"product_brand","embeddable":true,"href":"https:\/\/www.deopaws.com\/fr\/wp-json\/wp\/v2\/product_brand?post=1867"},{"taxonomy":"product_cat","embeddable":true,"href":"https:\/\/www.deopaws.com\/fr\/wp-json\/wp\/v2\/product_cat?post=1867"},{"taxonomy":"product_tag","embeddable":true,"href":"https:\/\/www.deopaws.com\/fr\/wp-json\/wp\/v2\/product_tag?post=1867"}],"curies":[{"name":"wp","href":"https:\/\/api.w.org\/{rel}","templated":true}]}}