{"id":184,"date":"2025-04-16T15:52:01","date_gmt":"2025-04-16T07:52:01","guid":{"rendered":"https:\/\/gray-bee-883835.hostingersite.com\/?post_type=product&#038;p=184"},"modified":"2025-08-05T10:52:07","modified_gmt":"2025-08-05T02:52:07","slug":"knit-dog-sweater","status":"publish","type":"product","link":"https:\/\/www.deopaws.com\/fr\/knit-dog-sweater\/","title":{"rendered":"Pull en tricot pour chien - doux, chaud et \u00e9l\u00e9gant pour les petits et grands chiens"},"content":{"rendered":"<h2 data-start=\"43\" data-end=\"205\">Pull en tricot pour chien :<\/h2>\n<p>&nbsp;<\/p>\n<p class=\"\" data-start=\"43\" data-end=\"205\">\u25cf Ce pull pour animaux de compagnie est livr\u00e9 avec des options de personnalisation flexibles : choisissez vos couleurs et tailles pr\u00e9f\u00e9r\u00e9es, et ajoutez m\u00eame votre logo pour qu'il corresponde \u00e0 votre image de marque ou \u00e0 votre style personnel.<\/p>\n<p class=\"\" data-start=\"208\" data-end=\"352\">\u25cf Fabriqu\u00e9 en acrylique de premi\u00e8re qualit\u00e9, il est doux, durable et \u00e9cologique - un choix id\u00e9al pour ceux qui se soucient du confort de leur animal et de la plan\u00e8te.<\/p>\n<p class=\"\" data-start=\"355\" data-end=\"493\">\u25cf Con\u00e7u pour une utilisation tout au long de l'ann\u00e9e, il permet aux animaux de compagnie de rester au chaud en hiver et d'\u00eatre \u00e9l\u00e9gants au printemps, ce qui en fait un ajout polyvalent \u00e0 toute garde-robe.<\/p>\n<p class=\"\" data-start=\"496\" data-end=\"616\">\u25cf Avec une commande minimale raisonnable de seulement 500 pi\u00e8ces, c'est un choix \u00e9conomiquement avantageux pour les entreprises et les acheteurs en gros.<\/p>\n<p class=\"\" data-start=\"619\" data-end=\"772\">\u25cf Nous prenons en charge diverses m\u00e9thodes de paiement telles que PayPal, Western Union et Trade Assurance, et fournissons un service client\u00e8le 24 heures sur 24 et 7 jours sur 7 afin de rendre la commande facile et fiable.<\/p>\n<p>&nbsp;<\/p>\n<p>&nbsp;<\/p>\n<table border=\"1\" cellspacing=\"0\" cellpadding=\"8\">\n<thead>\n<tr>\n<th style=\"text-align: center;\">TAILLE<\/th>\n<th style=\"text-align: center;\">CHEST<\/th>\n<th style=\"text-align: center;\">LONGUEUR<\/th>\n<th style=\"text-align: center;\">COU<\/th>\n<th style=\"text-align: center;\">FOURCHETTE DE POIDS RECOMMAND\u00c9E<\/th>\n<\/tr>\n<\/thead>\n<tbody>\n<tr>\n<td style=\"text-align: center;\">XS<\/td>\n<td style=\"text-align: center;\">25-28cm<\/p>\n<p>9.8-11inch<\/td>\n<td style=\"text-align: center;\">16-18cm<\/p>\n<p>6,3-7,1 pouces<\/td>\n<td>\n<p style=\"text-align: center;\">20-22cm<\/p>\n<p style=\"text-align: center;\">7,9-8,7 pouces<\/p>\n<\/td>\n<td style=\"text-align: center;\">Dans la limite d'environ 1 kg<\/td>\n<\/tr>\n<tr>\n<td style=\"text-align: center;\">S<\/td>\n<td style=\"text-align: center;\">29-32cm<\/p>\n<p>11,4-12,6 pouces<\/td>\n<td style=\"text-align: center;\">19-22cm<\/p>\n<p>7,5-8,7 pouces<\/td>\n<td>\n<p style=\"text-align: center;\">22-24cm<\/p>\n<p style=\"text-align: center;\">8,7-9,5 pouces<\/p>\n<\/td>\n<td style=\"text-align: center;\">Environ 1 \u00e0 2,5 kg<\/td>\n<\/tr>\n<tr>\n<td style=\"text-align: center;\">M<\/td>\n<td style=\"text-align: center;\">33-37cm<\/p>\n<p>13-14,6 pouces<\/td>\n<td style=\"text-align: center;\">23-26cm<\/p>\n<p>9,1-10,2 pouces<\/td>\n<td>\n<p style=\"text-align: center;\">24-26cm<\/p>\n<p style=\"text-align: center;\">9,5-10,2 pouces<\/p>\n<\/td>\n<td style=\"text-align: center;\">Environ 2,5 \u00e0 5 kg<\/td>\n<\/tr>\n<tr>\n<td style=\"text-align: center;\">L<\/td>\n<td style=\"text-align: center;\">\n<p style=\"text-align: center;\">38-42cm<\/p>\n<p style=\"text-align: center;\">15-16,5 pouces<\/p>\n<\/td>\n<td style=\"text-align: center;\">\n<p style=\"text-align: center;\">27-30cm<\/p>\n<p style=\"text-align: center;\">10,6-11,8 pouces<\/p>\n<\/td>\n<td>\n<p style=\"text-align: center;\">27-30cm<\/p>\n<p style=\"text-align: center;\">10,6-11,8 pouces<\/p>\n<\/td>\n<td style=\"text-align: center;\">Environ 5 \u00e0 10 kg<\/td>\n<\/tr>\n<tr>\n<td style=\"text-align: center;\">XL<\/td>\n<td style=\"text-align: center;\">\n<p style=\"text-align: center;\">43-48cm<\/p>\n<p style=\"text-align: center;\">17-18,9 pouces<\/p>\n<\/td>\n<td style=\"text-align: center;\">31-35cm<\/p>\n<p>12,2-13,8 pouces<\/td>\n<td>\n<p style=\"text-align: center;\">31-34cm<\/p>\n<p style=\"text-align: center;\">12,2-13,4 pouces<\/p>\n<\/td>\n<td style=\"text-align: center;\">Environ 10-12,5 kg<\/td>\n<\/tr>\n<tr>\n<td style=\"text-align: center;\">2XL<\/td>\n<td style=\"text-align: center;\">49-57cm<\/p>\n<p>19-22,5 pouces<\/td>\n<td style=\"text-align: center;\">36-40cm<\/p>\n<p>14-16 pouces<\/td>\n<td style=\"text-align: center;\">\n<p style=\"text-align: center;\">35-38cm<\/p>\n<p style=\"text-align: center;\">14-15 pouces<\/p>\n<\/td>\n<td style=\"text-align: center;\">Environ 12,5-15 kg<\/td>\n<\/tr>\n<\/tbody>\n<\/table>\n<p>&nbsp;<\/p>\n<p>&nbsp;<\/p>\n<div style=\"max-width: 800px; margin: auto; padding: 20px;\">\n<p><!-- \u5de6\u56fe\u53f3\u6587 --><\/p>\n<div style=\"display: flex; align-items: center; gap: 20px; margin-bottom: 40px; flex-wrap: wrap;\">\n<p><img loading=\"lazy\" decoding=\"async\" class=\"alignnone wp-image-188\" src=\"https:\/\/gray-bee-883835.hostingersite.com\/wp-content\/uploads\/2025\/04\/Classic-Knit-Pet-Clothes-Winter-and-Spring-Cute-Pet-Sweater-5-300x300.jpg\" alt=\"knit dog sweater\" width=\"370\" height=\"370\" srcset=\"https:\/\/www.deopaws.com\/wp-content\/uploads\/2025\/04\/Classic-Knit-Pet-Clothes-Winter-and-Spring-Cute-Pet-Sweater-5-300x300.jpg 300w, https:\/\/www.deopaws.com\/wp-content\/uploads\/2025\/04\/Classic-Knit-Pet-Clothes-Winter-and-Spring-Cute-Pet-Sweater-5-100x100.jpg 100w, https:\/\/www.deopaws.com\/wp-content\/uploads\/2025\/04\/Classic-Knit-Pet-Clothes-Winter-and-Spring-Cute-Pet-Sweater-5-600x600.jpg 600w, https:\/\/www.deopaws.com\/wp-content\/uploads\/2025\/04\/Classic-Knit-Pet-Clothes-Winter-and-Spring-Cute-Pet-Sweater-5-150x150.jpg 150w, https:\/\/www.deopaws.com\/wp-content\/uploads\/2025\/04\/Classic-Knit-Pet-Clothes-Winter-and-Spring-Cute-Pet-Sweater-5.jpg 720w\" sizes=\"auto, (max-width: 370px) 100vw, 370px\" \/><\/p>\n<div style=\"flex: 1; min-width: 0;\">\n<p style=\"color: gray;\">Ce pull en tricot pour chien est disponible dans une vari\u00e9t\u00e9 de tailles allant du XS au 2XL et dans des couleurs personnalisables, ce qui en fait un produit parfait pour les chiens de toutes formes et tailles.<\/p>\n<\/div>\n<\/div>\n<p><!-- \u53f3\u56fe\u5de6\u6587 --><\/p>\n<div style=\"display: flex; flex-direction: row-reverse; align-items: center; gap: 20px; flex-wrap: wrap;\">\n<p><img loading=\"lazy\" decoding=\"async\" class=\"alignnone wp-image-189\" src=\"https:\/\/gray-bee-883835.hostingersite.com\/wp-content\/uploads\/2025\/04\/Classic-Knit-Pet-Clothes-Winter-and-Spring-Cute-Pet-Sweater-6-300x300.jpg\" alt=\"knit dog sweater\" width=\"370\" height=\"370\" srcset=\"https:\/\/www.deopaws.com\/wp-content\/uploads\/2025\/04\/Classic-Knit-Pet-Clothes-Winter-and-Spring-Cute-Pet-Sweater-6-300x300.jpg 300w, https:\/\/www.deopaws.com\/wp-content\/uploads\/2025\/04\/Classic-Knit-Pet-Clothes-Winter-and-Spring-Cute-Pet-Sweater-6-100x100.jpg 100w, https:\/\/www.deopaws.com\/wp-content\/uploads\/2025\/04\/Classic-Knit-Pet-Clothes-Winter-and-Spring-Cute-Pet-Sweater-6-600x600.jpg 600w, https:\/\/www.deopaws.com\/wp-content\/uploads\/2025\/04\/Classic-Knit-Pet-Clothes-Winter-and-Spring-Cute-Pet-Sweater-6-150x150.jpg 150w, https:\/\/www.deopaws.com\/wp-content\/uploads\/2025\/04\/Classic-Knit-Pet-Clothes-Winter-and-Spring-Cute-Pet-Sweater-6.jpg 720w\" sizes=\"auto, (max-width: 370px) 100vw, 370px\" \/><\/p>\n<div style=\"flex: 1; min-width: 0;\">\n<p style=\"color: gray;\">Ce pull pour chien pr\u00e9sente un motif g\u00e9om\u00e9trique qui peut \u00eatre personnalis\u00e9 pour r\u00e9pondre \u00e0 vos besoins sp\u00e9cifiques, ce qui en fait un accessoire unique pour votre animal de compagnie.<\/p>\n<\/div>\n<\/div>\n<\/div>\n<div style=\"max-width: 800px; margin: auto; padding: 20px;\">\n<p><!-- \u5de6\u56fe\u53f3\u6587 --><\/p>\n<div style=\"display: flex; align-items: center; gap: 20px; margin-bottom: 40px; flex-wrap: wrap;\">\n<p><img loading=\"lazy\" decoding=\"async\" class=\"alignnone wp-image-190\" src=\"https:\/\/gray-bee-883835.hostingersite.com\/wp-content\/uploads\/2025\/04\/Classic-Knit-Pet-Clothes-Winter-and-Spring-Cute-Pet-Sweater-1-300x300.jpg\" alt=\"knit dog sweater\" width=\"370\" height=\"370\" srcset=\"https:\/\/www.deopaws.com\/wp-content\/uploads\/2025\/04\/Classic-Knit-Pet-Clothes-Winter-and-Spring-Cute-Pet-Sweater-1-300x300.jpg 300w, https:\/\/www.deopaws.com\/wp-content\/uploads\/2025\/04\/Classic-Knit-Pet-Clothes-Winter-and-Spring-Cute-Pet-Sweater-1-100x100.jpg 100w, https:\/\/www.deopaws.com\/wp-content\/uploads\/2025\/04\/Classic-Knit-Pet-Clothes-Winter-and-Spring-Cute-Pet-Sweater-1-600x600.jpg 600w, https:\/\/www.deopaws.com\/wp-content\/uploads\/2025\/04\/Classic-Knit-Pet-Clothes-Winter-and-Spring-Cute-Pet-Sweater-1-150x150.jpg 150w, https:\/\/www.deopaws.com\/wp-content\/uploads\/2025\/04\/Classic-Knit-Pet-Clothes-Winter-and-Spring-Cute-Pet-Sweater-1.jpg 720w\" sizes=\"auto, (max-width: 370px) 100vw, 370px\" \/><\/p>\n<div style=\"flex: 1; min-width: 0;\">\n<p style=\"color: gray;\">Adapt\u00e9 \u00e0 toutes les saisons, y compris l'automne, le printemps, l'\u00e9t\u00e9 et l'hiver, ce pull pour chien est un accessoire id\u00e9al pour toutes les f\u00eates ou occasions sp\u00e9ciales et r\u00e9pond aux exigences de nos pr\u00e9cieux clients.<\/p>\n<\/div>\n<\/div>\n<p><!-- \u53f3\u56fe\u5de6\u6587 --><\/p>\n<div style=\"display: flex; flex-direction: row-reverse; align-items: center; gap: 20px; flex-wrap: wrap;\">\n<p><img loading=\"lazy\" decoding=\"async\" class=\"alignnone wp-image-164\" src=\"https:\/\/gray-bee-883835.hostingersite.com\/wp-content\/uploads\/2025\/04\/1213-300x240.jpg\" alt=\"\" width=\"370\" height=\"296\" srcset=\"https:\/\/www.deopaws.com\/wp-content\/uploads\/2025\/04\/1213-300x240.jpg 300w, https:\/\/www.deopaws.com\/wp-content\/uploads\/2025\/04\/1213-600x480.jpg 600w, https:\/\/www.deopaws.com\/wp-content\/uploads\/2025\/04\/1213.jpg 750w\" sizes=\"auto, (max-width: 370px) 100vw, 370px\" \/><\/p>\n<div style=\"flex: 1; min-width: 0;\">\n<p style=\"color: gray;\">Ce pull pour chien est non seulement unique, mais aussi enti\u00e8rement personnalisable. Vous pouvez proposer diff\u00e9rentes tailles, couleurs, motifs ou broderies personnalis\u00e9es, comme des noms ou des dessins sp\u00e9ciaux, en fonction des pr\u00e9f\u00e9rences de vos clients. Chaque pull est ainsi unique et parfaitement adapt\u00e9 aux besoins des animaux de compagnie et de leurs propri\u00e9taires, ce qui renforce l'attrait du produit et sa comp\u00e9titivit\u00e9 sur le march\u00e9.<\/p>\n<\/div>\n<\/div>\n<\/div>\n<div style=\"max-width: 800px; margin: auto; padding: 20px;\">\n<p><!-- \u5de6\u56fe\u53f3\u6587 --><\/p>\n<div style=\"display: flex; align-items: center; gap: 20px; margin-bottom: 40px; flex-wrap: wrap;\">\n<p><img loading=\"lazy\" decoding=\"async\" class=\"alignnone wp-image-159\" src=\"https:\/\/gray-bee-883835.hostingersite.com\/wp-content\/uploads\/2025\/04\/111-300x240.jpg\" alt=\"\" width=\"370\" height=\"296\" srcset=\"https:\/\/www.deopaws.com\/wp-content\/uploads\/2025\/04\/111-300x240.jpg 300w, https:\/\/www.deopaws.com\/wp-content\/uploads\/2025\/04\/111-600x480.jpg 600w, https:\/\/www.deopaws.com\/wp-content\/uploads\/2025\/04\/111.jpg 750w\" sizes=\"auto, (max-width: 370px) 100vw, 370px\" \/><\/p>\n<div style=\"flex: 1; min-width: 0;\">\n<p style=\"color: gray;\">Ce pull pour chien est disponible dans une large gamme de couleurs pour s'adapter aux diff\u00e9rentes personnalit\u00e9s des animaux de compagnie. Qu'il s'agisse de rouges chauds, de bleus vibrants, de roses doux ou de noirs et blancs classiques, vous pouvez choisir en fonction des pr\u00e9f\u00e9rences de votre animal ou de votre client. Chaque couleur est soigneusement con\u00e7ue pour \u00eatre \u00e0 la fois \u00e9l\u00e9gante et adapt\u00e9e \u00e0 diverses occasions, offrant \u00e0 la fois confort et charme \u00e0 chaque petit chien.<\/p>\n<\/div>\n<\/div>\n<p><!-- \u53f3\u56fe\u5de6\u6587 --><\/p>\n<div style=\"display: flex; flex-direction: row-reverse; align-items: center; gap: 20px; flex-wrap: wrap;\">\n<p><img loading=\"lazy\" decoding=\"async\" class=\"alignnone wp-image-160\" src=\"https:\/\/gray-bee-883835.hostingersite.com\/wp-content\/uploads\/2025\/04\/112-300x240.jpg\" alt=\"\" width=\"370\" height=\"296\" srcset=\"https:\/\/www.deopaws.com\/wp-content\/uploads\/2025\/04\/112-300x240.jpg 300w, https:\/\/www.deopaws.com\/wp-content\/uploads\/2025\/04\/112-600x480.jpg 600w, https:\/\/www.deopaws.com\/wp-content\/uploads\/2025\/04\/112.jpg 750w\" sizes=\"auto, (max-width: 370px) 100vw, 370px\" \/><\/p>\n<div style=\"flex: 1; min-width: 0;\">\n<p style=\"color: gray;\">Enti\u00e8rement personnalisable<\/p>\n<\/div>\n<\/div>\n<\/div>\n<div style=\"max-width: 800px; margin: auto; padding: 20px;\">\n<p><!-- \u5de6\u56fe\u53f3\u6587 --><\/p>\n<div style=\"display: flex; align-items: center; gap: 20px; margin-bottom: 40px; flex-wrap: wrap;\">\n<p><img loading=\"lazy\" decoding=\"async\" class=\"alignnone wp-image-161\" src=\"https:\/\/gray-bee-883835.hostingersite.com\/wp-content\/uploads\/2025\/04\/113-300x240.jpg\" alt=\"\" width=\"370\" height=\"296\" srcset=\"https:\/\/www.deopaws.com\/wp-content\/uploads\/2025\/04\/113-300x240.jpg 300w, https:\/\/www.deopaws.com\/wp-content\/uploads\/2025\/04\/113-600x480.jpg 600w, https:\/\/www.deopaws.com\/wp-content\/uploads\/2025\/04\/113.jpg 750w\" sizes=\"auto, (max-width: 370px) 100vw, 370px\" \/><\/p>\n<div style=\"flex: 1; min-width: 0;\">\n<p style=\"color: gray;\">Le pull est fabriqu\u00e9 en acrylique doux et chaud pour que votre animal reste bien au chaud tout au long de l'ann\u00e9e.<\/p>\n<\/div>\n<\/div>\n<p><!-- \u53f3\u56fe\u5de6\u6587 --><\/p>\n<div style=\"display: flex; flex-direction: row-reverse; align-items: center; gap: 20px; flex-wrap: wrap;\">\n<p><img loading=\"lazy\" decoding=\"async\" class=\"alignnone wp-image-157\" src=\"https:\/\/gray-bee-883835.hostingersite.com\/wp-content\/uploads\/2025\/04\/11212-300x240.jpg\" alt=\"\" width=\"370\" height=\"296\" srcset=\"https:\/\/www.deopaws.com\/wp-content\/uploads\/2025\/04\/11212-300x240.jpg 300w, https:\/\/www.deopaws.com\/wp-content\/uploads\/2025\/04\/11212-600x480.jpg 600w, https:\/\/www.deopaws.com\/wp-content\/uploads\/2025\/04\/11212.jpg 750w\" sizes=\"auto, (max-width: 370px) 100vw, 370px\" \/><\/p>\n<div style=\"flex: 1; min-width: 0;\">\n<p style=\"color: gray;\">Vous pouvez ajouter votre propre logo sur le pull pour en faire un excellent produit promotionnel pour votre entreprise. Le pull est \u00e9galement livr\u00e9 avec un sac OPP pratique pour faciliter le stockage et le transport.<\/p>\n<\/div>\n<\/div>\n<\/div>\n<h3>Affichage d'usine<\/h3>\n<p>&nbsp;<\/p>\n<div class=\"row\">\n<div class=\"col-lg-4\"><img loading=\"lazy\" decoding=\"async\" class=\"alignnone size-medium wp-image-142\" src=\"https:\/\/gray-bee-883835.hostingersite.com\/wp-content\/uploads\/2025\/04\/Small-pet-raincoat-3_-300x225.jpg\" alt=\"\" width=\"300\" height=\"225\" srcset=\"https:\/\/www.deopaws.com\/wp-content\/uploads\/2025\/04\/Small-pet-raincoat-3_-300x225.jpg 300w, https:\/\/www.deopaws.com\/wp-content\/uploads\/2025\/04\/Small-pet-raincoat-3_-600x450.jpg 600w, https:\/\/www.deopaws.com\/wp-content\/uploads\/2025\/04\/Small-pet-raincoat-3_-768x576.jpg 768w, https:\/\/www.deopaws.com\/wp-content\/uploads\/2025\/04\/Small-pet-raincoat-3_.jpg 800w\" sizes=\"auto, (max-width: 300px) 100vw, 300px\" \/><\/div>\n<div class=\"col-lg-4\"><img loading=\"lazy\" decoding=\"async\" class=\"alignnone size-medium wp-image-138\" src=\"https:\/\/gray-bee-883835.hostingersite.com\/wp-content\/uploads\/2025\/04\/Small-pet-raincoat-2-2-300x225.jpg\" alt=\"\" width=\"300\" height=\"225\" srcset=\"https:\/\/www.deopaws.com\/wp-content\/uploads\/2025\/04\/Small-pet-raincoat-2-2-300x225.jpg 300w, https:\/\/www.deopaws.com\/wp-content\/uploads\/2025\/04\/Small-pet-raincoat-2-2-600x450.jpg 600w, https:\/\/www.deopaws.com\/wp-content\/uploads\/2025\/04\/Small-pet-raincoat-2-2-768x576.jpg 768w, https:\/\/www.deopaws.com\/wp-content\/uploads\/2025\/04\/Small-pet-raincoat-2-2.jpg 800w\" sizes=\"auto, (max-width: 300px) 100vw, 300px\" \/><\/div>\n<div class=\"col-lg-4\"><img loading=\"lazy\" decoding=\"async\" class=\"alignnone size-medium wp-image-139\" src=\"https:\/\/gray-bee-883835.hostingersite.com\/wp-content\/uploads\/2025\/04\/Small-pet-raincoat-3-2-300x225.jpg\" alt=\"\" width=\"300\" height=\"225\" srcset=\"https:\/\/www.deopaws.com\/wp-content\/uploads\/2025\/04\/Small-pet-raincoat-3-2-300x225.jpg 300w, https:\/\/www.deopaws.com\/wp-content\/uploads\/2025\/04\/Small-pet-raincoat-3-2-600x450.jpg 600w, https:\/\/www.deopaws.com\/wp-content\/uploads\/2025\/04\/Small-pet-raincoat-3-2-768x576.jpg 768w, https:\/\/www.deopaws.com\/wp-content\/uploads\/2025\/04\/Small-pet-raincoat-3-2.jpg 800w\" sizes=\"auto, (max-width: 300px) 100vw, 300px\" \/><\/div>\n<p>&nbsp;<\/p>\n<div>\n<div class=\"row\">\n<div class=\"col-lg-4\"><img loading=\"lazy\" decoding=\"async\" class=\"alignnone size-medium wp-image-141\" src=\"https:\/\/gray-bee-883835.hostingersite.com\/wp-content\/uploads\/2025\/04\/Small-pet-raincoat-2_-300x225.jpg\" alt=\"\" width=\"300\" height=\"225\" srcset=\"https:\/\/www.deopaws.com\/wp-content\/uploads\/2025\/04\/Small-pet-raincoat-2_-300x225.jpg 300w, https:\/\/www.deopaws.com\/wp-content\/uploads\/2025\/04\/Small-pet-raincoat-2_-600x450.jpg 600w, https:\/\/www.deopaws.com\/wp-content\/uploads\/2025\/04\/Small-pet-raincoat-2_-768x576.jpg 768w, https:\/\/www.deopaws.com\/wp-content\/uploads\/2025\/04\/Small-pet-raincoat-2_.jpg 800w\" sizes=\"auto, (max-width: 300px) 100vw, 300px\" \/><\/div>\n<div class=\"col-lg-4\"><img loading=\"lazy\" decoding=\"async\" class=\"alignnone size-full wp-image-1656\" src=\"https:\/\/www.deopaws.com\/wp-content\/uploads\/2025\/05\/fact-1_\u526f\u672c.jpg\" alt=\"\" width=\"300\" height=\"225\" \/><\/div>\n<div class=\"col-lg-4\"><img loading=\"lazy\" decoding=\"async\" class=\"alignnone size-medium wp-image-137\" src=\"https:\/\/gray-bee-883835.hostingersite.com\/wp-content\/uploads\/2025\/04\/Small-pet-raincoat-1-2-300x225.jpg\" alt=\"\" width=\"300\" height=\"225\" srcset=\"https:\/\/www.deopaws.com\/wp-content\/uploads\/2025\/04\/Small-pet-raincoat-1-2-300x225.jpg 300w, https:\/\/www.deopaws.com\/wp-content\/uploads\/2025\/04\/Small-pet-raincoat-1-2-600x450.jpg 600w, https:\/\/www.deopaws.com\/wp-content\/uploads\/2025\/04\/Small-pet-raincoat-1-2-768x576.jpg 768w, https:\/\/www.deopaws.com\/wp-content\/uploads\/2025\/04\/Small-pet-raincoat-1-2.jpg 800w\" sizes=\"auto, (max-width: 300px) 100vw, 300px\" \/><\/div>\n<div><\/div>\n<\/div>\n<\/div>\n<\/div>","protected":false},"excerpt":{"rendered":"<p>Ce pull pour chien en tricot doux et \u00e9cologique est parfait pour \u00eatre port\u00e9 tout au long de l'ann\u00e9e. Enti\u00e8rement personnalisable avec votre logo, votre choix de couleurs et de tailles, il est id\u00e9al pour un usage personnel ou pour la promotion d'une entreprise. La quantit\u00e9 minimale de commande est de 500 pi\u00e8ces.<\/p>","protected":false},"featured_media":190,"comment_status":"open","ping_status":"closed","template":"","meta":{"_acf_changed":false},"product_brand":[],"product_cat":[15,17,39,16,25],"product_tag":[],"class_list":{"0":"post-184","1":"product","2":"type-product","3":"status-publish","4":"has-post-thumbnail","6":"product_cat-products","7":"product_cat-cat-supplies","8":"product_cat-cat-apparel-accessories","9":"product_cat-dog-supplies","10":"product_cat-dog-apparel-accessories","12":"first","13":"instock","14":"shipping-taxable","15":"product-type-simple"},"acf":[],"_links":{"self":[{"href":"https:\/\/www.deopaws.com\/fr\/wp-json\/wp\/v2\/product\/184","targetHints":{"allow":["GET"]}}],"collection":[{"href":"https:\/\/www.deopaws.com\/fr\/wp-json\/wp\/v2\/product"}],"about":[{"href":"https:\/\/www.deopaws.com\/fr\/wp-json\/wp\/v2\/types\/product"}],"replies":[{"embeddable":true,"href":"https:\/\/www.deopaws.com\/fr\/wp-json\/wp\/v2\/comments?post=184"}],"wp:featuredmedia":[{"embeddable":true,"href":"https:\/\/www.deopaws.com\/fr\/wp-json\/wp\/v2\/media\/190"}],"wp:attachment":[{"href":"https:\/\/www.deopaws.com\/fr\/wp-json\/wp\/v2\/media?parent=184"}],"wp:term":[{"taxonomy":"product_brand","embeddable":true,"href":"https:\/\/www.deopaws.com\/fr\/wp-json\/wp\/v2\/product_brand?post=184"},{"taxonomy":"product_cat","embeddable":true,"href":"https:\/\/www.deopaws.com\/fr\/wp-json\/wp\/v2\/product_cat?post=184"},{"taxonomy":"product_tag","embeddable":true,"href":"https:\/\/www.deopaws.com\/fr\/wp-json\/wp\/v2\/product_tag?post=184"}],"curies":[{"name":"wp","href":"https:\/\/api.w.org\/{rel}","templated":true}]}}