{"id":1507,"date":"2025-05-14T17:01:59","date_gmt":"2025-05-14T09:01:59","guid":{"rendered":"https:\/\/www.deopaws.com\/?post_type=product&#038;p=1507"},"modified":"2026-01-04T10:55:26","modified_gmt":"2026-01-04T02:55:26","slug":"water-dispenser-with-pet-bowl","status":"publish","type":"product","link":"https:\/\/www.deopaws.com\/fr\/water-dispenser-with-pet-bowl\/","title":{"rendered":"3.8L Luxurious Water Dispenser with Pet Bowl - Fontaine pour chiens et chats"},"content":{"rendered":"<h2 data-start=\"56\" data-end=\"179\">Distributeur d'eau avec bol pour animaux :<\/h2>\n<p>&nbsp;<\/p>\n<p class=\"\" data-start=\"56\" data-end=\"179\">\u25cf Conception \u00e9cologique : Fabriqu\u00e9 en plastique \u00e9cologique de haute qualit\u00e9 pour un distributeur d'eau pour animaux de compagnie durable et s\u00fbr.<\/p>\n<p class=\"\" data-start=\"182\" data-end=\"263\">\u25cf Non automatique : Comporte un syst\u00e8me manuel simple pour faciliter le remplissage et l'utilisation de l'eau.<\/p>\n<p class=\"\" data-start=\"266\" data-end=\"364\">\u25cf Id\u00e9al pour les animaux de compagnie : Convient aux chats et aux chiens, fournissant de l'eau fra\u00eeche pour garder vos animaux de compagnie hydrat\u00e9s.<\/p>\n<p class=\"\" data-start=\"367\" data-end=\"502\">\u25cf Compact et \u00e9l\u00e9gant : La capacit\u00e9 de 3,8 L garantit un approvisionnement r\u00e9gulier en eau, avec un design \u00e9l\u00e9gant qui s'int\u00e8gre parfaitement dans n'importe quelle maison ou espace.<\/p>\n<p class=\"\" data-start=\"505\" data-end=\"576\">\u25cf Facile \u00e0 utiliser : Installation rapide et facile \u00e0 nettoyer pour un entretien sans tracas.<\/p>\n<p class=\"\" data-start=\"579\" data-end=\"689\">\u25cf Une taille parfaite : Mesure 17x28x27cm, offrant l'\u00e9quilibre id\u00e9al entre capacit\u00e9 et compacit\u00e9 pour les espaces plus restreints.<\/p>\n<p>&nbsp;<\/p>\n<p>&nbsp;<\/p>\n<div style=\"max-width: 800px; margin: auto; padding: 20px;\">\n<p><!-- \u5de6\u56fe\u53f3\u6587 --><\/p>\n<div style=\"display: flex; align-items: center; gap: 20px; margin-bottom: 40px; flex-wrap: wrap;\">\n<p><img loading=\"lazy\" decoding=\"async\" class=\"alignnone wp-image-1513\" src=\"https:\/\/www.deopaws.com\/wp-content\/uploads\/2025\/05\/3.8L-Luxurious-Pet-Water-Dispenser-Fountain-for-Dogs-and-Cats-6-300x240.jpg\" alt=\"water dispenser with pet bowl\" width=\"370\" height=\"296\" srcset=\"https:\/\/www.deopaws.com\/wp-content\/uploads\/2025\/05\/3.8L-Luxurious-Pet-Water-Dispenser-Fountain-for-Dogs-and-Cats-6-300x240.jpg 300w, https:\/\/www.deopaws.com\/wp-content\/uploads\/2025\/05\/3.8L-Luxurious-Pet-Water-Dispenser-Fountain-for-Dogs-and-Cats-6-600x480.jpg 600w, https:\/\/www.deopaws.com\/wp-content\/uploads\/2025\/05\/3.8L-Luxurious-Pet-Water-Dispenser-Fountain-for-Dogs-and-Cats-6.jpg 750w\" sizes=\"auto, (max-width: 370px) 100vw, 370px\" \/><\/p>\n<div style=\"flex: 1; min-width: 0;\">\n<p style=\"color: gray;\">Fabriqu\u00e9 en plastique \u00e9cologique de haute qualit\u00e9, ce distributeur d'eau pour animaux de compagnie est durable et s\u00fbr.<\/p>\n<\/div>\n<\/div>\n<p><!-- \u53f3\u56fe\u5de6\u6587 --><\/p>\n<div style=\"display: flex; flex-direction: row-reverse; align-items: center; gap: 20px; flex-wrap: wrap;\">\n<p><img loading=\"lazy\" decoding=\"async\" class=\"alignnone wp-image-1512\" src=\"https:\/\/www.deopaws.com\/wp-content\/uploads\/2025\/05\/3.8L-Luxurious-Pet-Water-Dispenser-Fountain-for-Dogs-and-Cats-5-300x240.jpg\" alt=\"water dispenser with pet bowl\" width=\"370\" height=\"296\" srcset=\"https:\/\/www.deopaws.com\/wp-content\/uploads\/2025\/05\/3.8L-Luxurious-Pet-Water-Dispenser-Fountain-for-Dogs-and-Cats-5-300x240.jpg 300w, https:\/\/www.deopaws.com\/wp-content\/uploads\/2025\/05\/3.8L-Luxurious-Pet-Water-Dispenser-Fountain-for-Dogs-and-Cats-5-600x480.jpg 600w, https:\/\/www.deopaws.com\/wp-content\/uploads\/2025\/05\/3.8L-Luxurious-Pet-Water-Dispenser-Fountain-for-Dogs-and-Cats-5.jpg 750w\" sizes=\"auto, (max-width: 370px) 100vw, 370px\" \/><\/p>\n<div style=\"flex: 1; min-width: 0;\">\n<p style=\"color: gray;\">Les dimensions de 17x28x27cm offrent un \u00e9quilibre id\u00e9al entre capacit\u00e9 et compacit\u00e9 pour les espaces plus restreints.<\/p>\n<\/div>\n<\/div>\n<\/div>\n<div style=\"max-width: 800px; margin: auto; padding: 20px;\">\n<p><!-- \u5de6\u56fe\u53f3\u6587 --><\/p>\n<div style=\"display: flex; align-items: center; gap: 20px; margin-bottom: 40px; flex-wrap: wrap;\">\n<p><img loading=\"lazy\" decoding=\"async\" class=\"alignnone wp-image-1508\" src=\"https:\/\/www.deopaws.com\/wp-content\/uploads\/2025\/05\/3.8L-Luxurious-Pet-Water-Dispenser-Fountain-for-Dogs-and-Cats-1-300x240.jpg\" alt=\"water dispenser with pet bowl\" width=\"370\" height=\"296\" srcset=\"https:\/\/www.deopaws.com\/wp-content\/uploads\/2025\/05\/3.8L-Luxurious-Pet-Water-Dispenser-Fountain-for-Dogs-and-Cats-1-300x240.jpg 300w, https:\/\/www.deopaws.com\/wp-content\/uploads\/2025\/05\/3.8L-Luxurious-Pet-Water-Dispenser-Fountain-for-Dogs-and-Cats-1-600x480.jpg 600w, https:\/\/www.deopaws.com\/wp-content\/uploads\/2025\/05\/3.8L-Luxurious-Pet-Water-Dispenser-Fountain-for-Dogs-and-Cats-1.jpg 750w\" sizes=\"auto, (max-width: 370px) 100vw, 370px\" \/><\/p>\n<div style=\"flex: 1; min-width: 0;\">\n<p style=\"color: gray;\">Le syst\u00e8me manuel simple facilite le remplissage et l'utilisation de l'eau.<\/p>\n<\/div>\n<\/div>\n<\/div>\n<h3>Affichage d'usine<\/h3>\n<p>&nbsp;<\/p>\n<div class=\"row\">\n<div class=\"col-lg-4\"><img loading=\"lazy\" decoding=\"async\" class=\"alignnone size-medium wp-image-142\" src=\"https:\/\/gray-bee-883835.hostingersite.com\/wp-content\/uploads\/2025\/04\/Small-pet-raincoat-3_-300x225.jpg\" alt=\"\" width=\"300\" height=\"225\" srcset=\"https:\/\/www.deopaws.com\/wp-content\/uploads\/2025\/04\/Small-pet-raincoat-3_-300x225.jpg 300w, https:\/\/www.deopaws.com\/wp-content\/uploads\/2025\/04\/Small-pet-raincoat-3_-600x450.jpg 600w, https:\/\/www.deopaws.com\/wp-content\/uploads\/2025\/04\/Small-pet-raincoat-3_-768x576.jpg 768w, https:\/\/www.deopaws.com\/wp-content\/uploads\/2025\/04\/Small-pet-raincoat-3_.jpg 800w\" sizes=\"auto, (max-width: 300px) 100vw, 300px\" \/><\/div>\n<div class=\"col-lg-4\"><img loading=\"lazy\" decoding=\"async\" class=\"alignnone size-medium wp-image-138\" src=\"https:\/\/gray-bee-883835.hostingersite.com\/wp-content\/uploads\/2025\/04\/Small-pet-raincoat-2-2-300x225.jpg\" alt=\"\" width=\"300\" height=\"225\" srcset=\"https:\/\/www.deopaws.com\/wp-content\/uploads\/2025\/04\/Small-pet-raincoat-2-2-300x225.jpg 300w, https:\/\/www.deopaws.com\/wp-content\/uploads\/2025\/04\/Small-pet-raincoat-2-2-600x450.jpg 600w, https:\/\/www.deopaws.com\/wp-content\/uploads\/2025\/04\/Small-pet-raincoat-2-2-768x576.jpg 768w, https:\/\/www.deopaws.com\/wp-content\/uploads\/2025\/04\/Small-pet-raincoat-2-2.jpg 800w\" sizes=\"auto, (max-width: 300px) 100vw, 300px\" \/><\/div>\n<div class=\"col-lg-4\"><img loading=\"lazy\" decoding=\"async\" class=\"alignnone size-medium wp-image-139\" src=\"https:\/\/gray-bee-883835.hostingersite.com\/wp-content\/uploads\/2025\/04\/Small-pet-raincoat-3-2-300x225.jpg\" alt=\"\" width=\"300\" height=\"225\" srcset=\"https:\/\/www.deopaws.com\/wp-content\/uploads\/2025\/04\/Small-pet-raincoat-3-2-300x225.jpg 300w, https:\/\/www.deopaws.com\/wp-content\/uploads\/2025\/04\/Small-pet-raincoat-3-2-600x450.jpg 600w, https:\/\/www.deopaws.com\/wp-content\/uploads\/2025\/04\/Small-pet-raincoat-3-2-768x576.jpg 768w, https:\/\/www.deopaws.com\/wp-content\/uploads\/2025\/04\/Small-pet-raincoat-3-2.jpg 800w\" sizes=\"auto, (max-width: 300px) 100vw, 300px\" \/><\/div>\n<p>&nbsp;<\/p>\n<div>\n<div class=\"row\">\n<div class=\"col-lg-4\"><img loading=\"lazy\" decoding=\"async\" class=\"alignnone size-medium wp-image-141\" src=\"https:\/\/gray-bee-883835.hostingersite.com\/wp-content\/uploads\/2025\/04\/Small-pet-raincoat-2_-300x225.jpg\" alt=\"\" width=\"300\" height=\"225\" srcset=\"https:\/\/www.deopaws.com\/wp-content\/uploads\/2025\/04\/Small-pet-raincoat-2_-300x225.jpg 300w, https:\/\/www.deopaws.com\/wp-content\/uploads\/2025\/04\/Small-pet-raincoat-2_-600x450.jpg 600w, https:\/\/www.deopaws.com\/wp-content\/uploads\/2025\/04\/Small-pet-raincoat-2_-768x576.jpg 768w, https:\/\/www.deopaws.com\/wp-content\/uploads\/2025\/04\/Small-pet-raincoat-2_.jpg 800w\" sizes=\"auto, (max-width: 300px) 100vw, 300px\" \/><\/div>\n<div class=\"col-lg-4\"><img loading=\"lazy\" decoding=\"async\" class=\"alignnone size-full wp-image-1656\" src=\"https:\/\/www.deopaws.com\/wp-content\/uploads\/2025\/05\/fact-1_\u526f\u672c.jpg\" alt=\"\" width=\"300\" height=\"225\" \/><\/div>\n<div class=\"col-lg-4\"><img loading=\"lazy\" decoding=\"async\" class=\"alignnone size-medium wp-image-137\" src=\"https:\/\/gray-bee-883835.hostingersite.com\/wp-content\/uploads\/2025\/04\/Small-pet-raincoat-1-2-300x225.jpg\" alt=\"\" width=\"300\" height=\"225\" srcset=\"https:\/\/www.deopaws.com\/wp-content\/uploads\/2025\/04\/Small-pet-raincoat-1-2-300x225.jpg 300w, https:\/\/www.deopaws.com\/wp-content\/uploads\/2025\/04\/Small-pet-raincoat-1-2-600x450.jpg 600w, https:\/\/www.deopaws.com\/wp-content\/uploads\/2025\/04\/Small-pet-raincoat-1-2-768x576.jpg 768w, https:\/\/www.deopaws.com\/wp-content\/uploads\/2025\/04\/Small-pet-raincoat-1-2.jpg 800w\" sizes=\"auto, (max-width: 300px) 100vw, 300px\" \/><\/div>\n<div><\/div>\n<\/div>\n<\/div>\n<\/div>","protected":false},"excerpt":{"rendered":"<p>Le Luxurious Water Dispenser 3.8L avec Pet Bowl permet aux chats et aux chiens de s'hydrater gr\u00e2ce \u00e0 son design en plastique respectueux de l'environnement et \u00e0 ses fonctions faciles \u00e0 nettoyer. Sa grande capacit\u00e9 de 3,8 litres est id\u00e9ale pour les animaux de petite et moyenne taille. Elle fournit de l'eau fra\u00eeche toute la journ\u00e9e dans une fontaine \u00e9l\u00e9gante et peu encombrante.<\/p>","protected":false},"featured_media":1509,"comment_status":"open","ping_status":"closed","template":"","meta":{"_acf_changed":false},"product_brand":[],"product_cat":[15,17,34],"product_tag":[],"class_list":{"0":"post-1507","1":"product","2":"type-product","3":"status-publish","4":"has-post-thumbnail","6":"product_cat-products","7":"product_cat-cat-supplies","8":"product_cat-cat-feeding-watering-supplies","10":"first","11":"instock","12":"shipping-taxable","13":"product-type-simple"},"acf":[],"_links":{"self":[{"href":"https:\/\/www.deopaws.com\/fr\/wp-json\/wp\/v2\/product\/1507","targetHints":{"allow":["GET"]}}],"collection":[{"href":"https:\/\/www.deopaws.com\/fr\/wp-json\/wp\/v2\/product"}],"about":[{"href":"https:\/\/www.deopaws.com\/fr\/wp-json\/wp\/v2\/types\/product"}],"replies":[{"embeddable":true,"href":"https:\/\/www.deopaws.com\/fr\/wp-json\/wp\/v2\/comments?post=1507"}],"wp:featuredmedia":[{"embeddable":true,"href":"https:\/\/www.deopaws.com\/fr\/wp-json\/wp\/v2\/media\/1509"}],"wp:attachment":[{"href":"https:\/\/www.deopaws.com\/fr\/wp-json\/wp\/v2\/media?parent=1507"}],"wp:term":[{"taxonomy":"product_brand","embeddable":true,"href":"https:\/\/www.deopaws.com\/fr\/wp-json\/wp\/v2\/product_brand?post=1507"},{"taxonomy":"product_cat","embeddable":true,"href":"https:\/\/www.deopaws.com\/fr\/wp-json\/wp\/v2\/product_cat?post=1507"},{"taxonomy":"product_tag","embeddable":true,"href":"https:\/\/www.deopaws.com\/fr\/wp-json\/wp\/v2\/product_tag?post=1507"}],"curies":[{"name":"wp","href":"https:\/\/api.w.org\/{rel}","templated":true}]}}