{"id":1467,"date":"2025-05-14T15:50:04","date_gmt":"2025-05-14T07:50:04","guid":{"rendered":"https:\/\/www.deopaws.com\/?post_type=product&#038;p=1467"},"modified":"2025-07-18T17:17:02","modified_gmt":"2025-07-18T09:17:02","slug":"cat-harness-and-leash-set","status":"publish","type":"product","link":"https:\/\/www.deopaws.com\/fr\/cat-harness-and-leash-set\/","title":{"rendered":"Harnais et laisse r\u00e9fl\u00e9chissante ajustable pour chat - Maille douce pour chats et chiots"},"content":{"rendered":"<h2 data-start=\"77\" data-end=\"192\">Ensemble harnais et laisse pour chat :<\/h2>\n<p class=\"\" data-start=\"77\" data-end=\"192\">\u25cf Respirant et confortable : Fabriqu\u00e9 \u00e0 partir de tissu en maille douce pour assurer le confort et la circulation de l'air.<\/p>\n<p class=\"\" data-start=\"77\" data-end=\"192\"><br data-start=\"84\" data-end=\"87\" \/>\u25cf Conception r\u00e9fl\u00e9chissante : Comporte des bandes r\u00e9fl\u00e9chissantes pour une meilleure visibilit\u00e9 et une plus grande s\u00e9curit\u00e9 lors des promenades nocturnes.<\/p>\n<p class=\"\" data-start=\"77\" data-end=\"192\"><br data-start=\"184\" data-end=\"187\" \/>\u25cf Ajustement r\u00e9glable : Con\u00e7u pour s'adapter \u00e0 diff\u00e9rentes tailles de chats et de petits chiens.<\/p>\n<p class=\"\" data-start=\"77\" data-end=\"192\"><br data-start=\"255\" data-end=\"258\" \/>\u25cf Mat\u00e9riaux durables : Fabriqu\u00e9 avec du polyester, des pi\u00e8ces m\u00e9talliques et des bandes lumineuses pour une utilisation \u00e0 long terme.<\/p>\n<p class=\"\" data-start=\"77\" data-end=\"192\"><br data-start=\"354\" data-end=\"357\" \/>\u25cf Facile \u00e0 utiliser : Simple \u00e0 porter et \u00e0 enlever, id\u00e9al pour les promenades quotidiennes.<\/p>\n<p class=\"\" data-start=\"77\" data-end=\"192\"><br data-start=\"423\" data-end=\"426\" \/>\u25cf Options de couleur : Disponible en blanc, bleu, rouge, jaune et noir.<\/p>\n<p>&nbsp;<\/p>\n<p>&nbsp;<\/p>\n<div style=\"max-width: 800px; margin: auto; padding: 20px;\">\n<p><!-- \u5de6\u56fe\u53f3\u6587 --><\/p>\n<div style=\"display: flex; align-items: center; gap: 20px; margin-bottom: 40px; flex-wrap: wrap;\">\n<p><img loading=\"lazy\" decoding=\"async\" class=\"alignnone wp-image-1475\" src=\"https:\/\/www.deopaws.com\/wp-content\/uploads\/2025\/05\/Adjustable-Reflective-Dog-Harness-Leash-Set-\u2013-Soft-Mesh-for-Puppies-Cats1-2-300x240.jpg\" alt=\"cat harness and leash set\" width=\"371\" height=\"297\" srcset=\"https:\/\/www.deopaws.com\/wp-content\/uploads\/2025\/05\/Adjustable-Reflective-Dog-Harness-Leash-Set-\u2013-Soft-Mesh-for-Puppies-Cats1-2-300x240.jpg 300w, https:\/\/www.deopaws.com\/wp-content\/uploads\/2025\/05\/Adjustable-Reflective-Dog-Harness-Leash-Set-\u2013-Soft-Mesh-for-Puppies-Cats1-2-600x480.jpg 600w, https:\/\/www.deopaws.com\/wp-content\/uploads\/2025\/05\/Adjustable-Reflective-Dog-Harness-Leash-Set-\u2013-Soft-Mesh-for-Puppies-Cats1-2.jpg 750w\" sizes=\"auto, (max-width: 371px) 100vw, 371px\" \/><\/p>\n<div style=\"flex: 1; min-width: 0;\">\n<p style=\"color: gray;\">Il est \u00e9quip\u00e9 d'une bande velcro, d'une boucle solide, de bandes r\u00e9fl\u00e9chissantes, d'une poign\u00e9e anti-traction, d'un tissu respirant et d'une quincaillerie solide pour le confort et la durabilit\u00e9.<\/p>\n<\/div>\n<\/div>\n<p><!-- \u53f3\u56fe\u5de6\u6587 --><\/p>\n<div style=\"display: flex; flex-direction: row-reverse; align-items: center; gap: 20px; flex-wrap: wrap;\">\n<p><img loading=\"lazy\" decoding=\"async\" class=\"alignnone wp-image-1476\" src=\"https:\/\/www.deopaws.com\/wp-content\/uploads\/2025\/05\/Adjustable-Reflective-Dog-Harness-Leash-Set-\u2013-Soft-Mesh-for-Puppies-Cats1-3-300x240.jpg\" alt=\"cat harness and leash set\" width=\"371\" height=\"297\" srcset=\"https:\/\/www.deopaws.com\/wp-content\/uploads\/2025\/05\/Adjustable-Reflective-Dog-Harness-Leash-Set-\u2013-Soft-Mesh-for-Puppies-Cats1-3-300x240.jpg 300w, https:\/\/www.deopaws.com\/wp-content\/uploads\/2025\/05\/Adjustable-Reflective-Dog-Harness-Leash-Set-\u2013-Soft-Mesh-for-Puppies-Cats1-3-600x480.jpg 600w, https:\/\/www.deopaws.com\/wp-content\/uploads\/2025\/05\/Adjustable-Reflective-Dog-Harness-Leash-Set-\u2013-Soft-Mesh-for-Puppies-Cats1-3.jpg 750w\" sizes=\"auto, (max-width: 371px) 100vw, 371px\" \/><\/p>\n<div style=\"flex: 1; min-width: 0;\">\n<p style=\"color: gray;\">Sans laisse, ce mod\u00e8le offre un soin complet avec des couches de double protection, un support int\u00e9gr\u00e9 \u00e0 360 degr\u00e9s pour la poitrine et le dos, garantissant un ajustement parfait et un confort maximal pour votre animal.<\/p>\n<\/div>\n<\/div>\n<\/div>\n<div style=\"max-width: 800px; margin: auto; padding: 20px;\">\n<p><!-- \u5de6\u56fe\u53f3\u6587 --><\/p>\n<div style=\"display: flex; align-items: center; gap: 20px; margin-bottom: 40px; flex-wrap: wrap;\">\n<p><img loading=\"lazy\" decoding=\"async\" class=\"alignnone wp-image-1477\" src=\"https:\/\/www.deopaws.com\/wp-content\/uploads\/2025\/05\/Adjustable-Reflective-Dog-Harness-Leash-Set-\u2013-Soft-Mesh-for-Puppies-Cats1-4-300x240.jpg\" alt=\"cat harness and leash set\" width=\"370\" height=\"296\" srcset=\"https:\/\/www.deopaws.com\/wp-content\/uploads\/2025\/05\/Adjustable-Reflective-Dog-Harness-Leash-Set-\u2013-Soft-Mesh-for-Puppies-Cats1-4-300x240.jpg 300w, https:\/\/www.deopaws.com\/wp-content\/uploads\/2025\/05\/Adjustable-Reflective-Dog-Harness-Leash-Set-\u2013-Soft-Mesh-for-Puppies-Cats1-4-600x480.jpg 600w, https:\/\/www.deopaws.com\/wp-content\/uploads\/2025\/05\/Adjustable-Reflective-Dog-Harness-Leash-Set-\u2013-Soft-Mesh-for-Puppies-Cats1-4.jpg 750w\" sizes=\"auto, (max-width: 370px) 100vw, 370px\" \/><\/p>\n<div style=\"flex: 1; min-width: 0;\">\n<p style=\"color: gray;\">Fabriqu\u00e9 \u00e0 partir d'un tissage multicouche en polypropyl\u00e8ne, il supporte facilement la tension, est durable et r\u00e9siste \u00e0 la salet\u00e9.<\/p>\n<\/div>\n<\/div>\n<p><!-- \u53f3\u56fe\u5de6\u6587 --><\/p>\n<div style=\"display: flex; flex-direction: row-reverse; align-items: center; gap: 20px; flex-wrap: wrap;\">\n<p><img loading=\"lazy\" decoding=\"async\" class=\"alignnone wp-image-1479\" src=\"https:\/\/www.deopaws.com\/wp-content\/uploads\/2025\/05\/Adjustable-Reflective-Dog-Harness-Leash-Set-\u2013-Soft-Mesh-for-Puppies-Cats1-6-300x240.jpg\" alt=\"cat harness and leash set\" width=\"371\" height=\"297\" srcset=\"https:\/\/www.deopaws.com\/wp-content\/uploads\/2025\/05\/Adjustable-Reflective-Dog-Harness-Leash-Set-\u2013-Soft-Mesh-for-Puppies-Cats1-6-300x240.jpg 300w, https:\/\/www.deopaws.com\/wp-content\/uploads\/2025\/05\/Adjustable-Reflective-Dog-Harness-Leash-Set-\u2013-Soft-Mesh-for-Puppies-Cats1-6-600x480.jpg 600w, https:\/\/www.deopaws.com\/wp-content\/uploads\/2025\/05\/Adjustable-Reflective-Dog-Harness-Leash-Set-\u2013-Soft-Mesh-for-Puppies-Cats1-6.jpg 750w\" sizes=\"auto, (max-width: 371px) 100vw, 371px\" \/><\/p>\n<div style=\"flex: 1; min-width: 0;\">\n<p style=\"color: gray;\">Comment porter<\/p>\n<\/div>\n<\/div>\n<\/div>\n<div style=\"max-width: 800px; margin: auto; padding: 20px;\">\n<p><!-- \u5de6\u56fe\u53f3\u6587 --><\/p>\n<div style=\"display: flex; align-items: center; gap: 20px; margin-bottom: 40px; flex-wrap: wrap;\">\n<p><img loading=\"lazy\" decoding=\"async\" class=\"alignnone wp-image-1474\" src=\"https:\/\/www.deopaws.com\/wp-content\/uploads\/2025\/05\/Adjustable-Reflective-Dog-Harness-Leash-Set-\u2013-Soft-Mesh-for-Puppies-Cats1-1-300x240.jpg\" alt=\"cat harness and leash set\" width=\"370\" height=\"296\" srcset=\"https:\/\/www.deopaws.com\/wp-content\/uploads\/2025\/05\/Adjustable-Reflective-Dog-Harness-Leash-Set-\u2013-Soft-Mesh-for-Puppies-Cats1-1-300x240.jpg 300w, https:\/\/www.deopaws.com\/wp-content\/uploads\/2025\/05\/Adjustable-Reflective-Dog-Harness-Leash-Set-\u2013-Soft-Mesh-for-Puppies-Cats1-1-600x480.jpg 600w, https:\/\/www.deopaws.com\/wp-content\/uploads\/2025\/05\/Adjustable-Reflective-Dog-Harness-Leash-Set-\u2013-Soft-Mesh-for-Puppies-Cats1-1.jpg 750w\" sizes=\"auto, (max-width: 370px) 100vw, 370px\" \/><\/p>\n<div style=\"flex: 1; min-width: 0;\">\n<p style=\"color: gray;\">Sp\u00e9cification de la taille<\/p>\n<\/div>\n<\/div>\n<\/div>\n<h3>Affichage d'usine<\/h3>\n<p>&nbsp;<\/p>\n<div class=\"row\">\n<div class=\"col-lg-4\"><img loading=\"lazy\" decoding=\"async\" class=\"alignnone size-medium wp-image-142\" src=\"https:\/\/gray-bee-883835.hostingersite.com\/wp-content\/uploads\/2025\/04\/Small-pet-raincoat-3_-300x225.jpg\" alt=\"\" width=\"300\" height=\"225\" srcset=\"https:\/\/www.deopaws.com\/wp-content\/uploads\/2025\/04\/Small-pet-raincoat-3_-300x225.jpg 300w, https:\/\/www.deopaws.com\/wp-content\/uploads\/2025\/04\/Small-pet-raincoat-3_-600x450.jpg 600w, https:\/\/www.deopaws.com\/wp-content\/uploads\/2025\/04\/Small-pet-raincoat-3_-768x576.jpg 768w, https:\/\/www.deopaws.com\/wp-content\/uploads\/2025\/04\/Small-pet-raincoat-3_.jpg 800w\" sizes=\"auto, (max-width: 300px) 100vw, 300px\" \/><\/div>\n<div class=\"col-lg-4\"><img loading=\"lazy\" decoding=\"async\" class=\"alignnone size-medium wp-image-138\" src=\"https:\/\/gray-bee-883835.hostingersite.com\/wp-content\/uploads\/2025\/04\/Small-pet-raincoat-2-2-300x225.jpg\" alt=\"\" width=\"300\" height=\"225\" srcset=\"https:\/\/www.deopaws.com\/wp-content\/uploads\/2025\/04\/Small-pet-raincoat-2-2-300x225.jpg 300w, https:\/\/www.deopaws.com\/wp-content\/uploads\/2025\/04\/Small-pet-raincoat-2-2-600x450.jpg 600w, https:\/\/www.deopaws.com\/wp-content\/uploads\/2025\/04\/Small-pet-raincoat-2-2-768x576.jpg 768w, https:\/\/www.deopaws.com\/wp-content\/uploads\/2025\/04\/Small-pet-raincoat-2-2.jpg 800w\" sizes=\"auto, (max-width: 300px) 100vw, 300px\" \/><\/div>\n<div class=\"col-lg-4\"><img loading=\"lazy\" decoding=\"async\" class=\"alignnone size-medium wp-image-139\" src=\"https:\/\/gray-bee-883835.hostingersite.com\/wp-content\/uploads\/2025\/04\/Small-pet-raincoat-3-2-300x225.jpg\" alt=\"\" width=\"300\" height=\"225\" srcset=\"https:\/\/www.deopaws.com\/wp-content\/uploads\/2025\/04\/Small-pet-raincoat-3-2-300x225.jpg 300w, https:\/\/www.deopaws.com\/wp-content\/uploads\/2025\/04\/Small-pet-raincoat-3-2-600x450.jpg 600w, https:\/\/www.deopaws.com\/wp-content\/uploads\/2025\/04\/Small-pet-raincoat-3-2-768x576.jpg 768w, https:\/\/www.deopaws.com\/wp-content\/uploads\/2025\/04\/Small-pet-raincoat-3-2.jpg 800w\" sizes=\"auto, (max-width: 300px) 100vw, 300px\" \/><\/div>\n<p>&nbsp;<\/p>\n<div>\n<div class=\"row\">\n<div class=\"col-lg-4\"><img loading=\"lazy\" decoding=\"async\" class=\"alignnone size-medium wp-image-141\" src=\"https:\/\/gray-bee-883835.hostingersite.com\/wp-content\/uploads\/2025\/04\/Small-pet-raincoat-2_-300x225.jpg\" alt=\"\" width=\"300\" height=\"225\" srcset=\"https:\/\/www.deopaws.com\/wp-content\/uploads\/2025\/04\/Small-pet-raincoat-2_-300x225.jpg 300w, https:\/\/www.deopaws.com\/wp-content\/uploads\/2025\/04\/Small-pet-raincoat-2_-600x450.jpg 600w, https:\/\/www.deopaws.com\/wp-content\/uploads\/2025\/04\/Small-pet-raincoat-2_-768x576.jpg 768w, https:\/\/www.deopaws.com\/wp-content\/uploads\/2025\/04\/Small-pet-raincoat-2_.jpg 800w\" sizes=\"auto, (max-width: 300px) 100vw, 300px\" \/><\/div>\n<div class=\"col-lg-4\"><img loading=\"lazy\" decoding=\"async\" class=\"alignnone size-full wp-image-1656\" src=\"https:\/\/www.deopaws.com\/wp-content\/uploads\/2025\/05\/fact-1_\u526f\u672c.jpg\" alt=\"\" width=\"300\" height=\"225\" \/><\/div>\n<div class=\"col-lg-4\"><img loading=\"lazy\" decoding=\"async\" class=\"alignnone size-medium wp-image-137\" src=\"https:\/\/gray-bee-883835.hostingersite.com\/wp-content\/uploads\/2025\/04\/Small-pet-raincoat-1-2-300x225.jpg\" alt=\"\" width=\"300\" height=\"225\" srcset=\"https:\/\/www.deopaws.com\/wp-content\/uploads\/2025\/04\/Small-pet-raincoat-1-2-300x225.jpg 300w, https:\/\/www.deopaws.com\/wp-content\/uploads\/2025\/04\/Small-pet-raincoat-1-2-600x450.jpg 600w, https:\/\/www.deopaws.com\/wp-content\/uploads\/2025\/04\/Small-pet-raincoat-1-2-768x576.jpg 768w, https:\/\/www.deopaws.com\/wp-content\/uploads\/2025\/04\/Small-pet-raincoat-1-2.jpg 800w\" sizes=\"auto, (max-width: 300px) 100vw, 300px\" \/><\/div>\n<div><\/div>\n<\/div>\n<\/div>\n<\/div>","protected":false},"excerpt":{"rendered":"<p>Con\u00e7u pour le confort et la s\u00e9curit\u00e9, cet ensemble harnais et laisse r\u00e9glable pour chat est compos\u00e9 d'un mat\u00e9riau en maille douce respirante et d'accents r\u00e9fl\u00e9chissants. Id\u00e9al pour les chats et les petits chiots, il offre un ajustement s\u00fbr et une meilleure visibilit\u00e9 pendant les promenades.<\/p>","protected":false},"featured_media":1469,"comment_status":"open","ping_status":"closed","template":"","meta":{"_acf_changed":false},"product_brand":[],"product_cat":[15,17,33],"product_tag":[],"class_list":{"0":"post-1467","1":"product","2":"type-product","3":"status-publish","4":"has-post-thumbnail","6":"product_cat-products","7":"product_cat-cat-supplies","8":"product_cat-cat-collarsleashes-harnesses","10":"first","11":"instock","12":"shipping-taxable","13":"product-type-simple"},"acf":[],"_links":{"self":[{"href":"https:\/\/www.deopaws.com\/fr\/wp-json\/wp\/v2\/product\/1467","targetHints":{"allow":["GET"]}}],"collection":[{"href":"https:\/\/www.deopaws.com\/fr\/wp-json\/wp\/v2\/product"}],"about":[{"href":"https:\/\/www.deopaws.com\/fr\/wp-json\/wp\/v2\/types\/product"}],"replies":[{"embeddable":true,"href":"https:\/\/www.deopaws.com\/fr\/wp-json\/wp\/v2\/comments?post=1467"}],"wp:featuredmedia":[{"embeddable":true,"href":"https:\/\/www.deopaws.com\/fr\/wp-json\/wp\/v2\/media\/1469"}],"wp:attachment":[{"href":"https:\/\/www.deopaws.com\/fr\/wp-json\/wp\/v2\/media?parent=1467"}],"wp:term":[{"taxonomy":"product_brand","embeddable":true,"href":"https:\/\/www.deopaws.com\/fr\/wp-json\/wp\/v2\/product_brand?post=1467"},{"taxonomy":"product_cat","embeddable":true,"href":"https:\/\/www.deopaws.com\/fr\/wp-json\/wp\/v2\/product_cat?post=1467"},{"taxonomy":"product_tag","embeddable":true,"href":"https:\/\/www.deopaws.com\/fr\/wp-json\/wp\/v2\/product_tag?post=1467"}],"curies":[{"name":"wp","href":"https:\/\/api.w.org\/{rel}","templated":true}]}}