{"id":1456,"date":"2025-05-14T15:19:24","date_gmt":"2025-05-14T07:19:24","guid":{"rendered":"https:\/\/www.deopaws.com\/?post_type=product&#038;p=1456"},"modified":"2026-01-04T10:59:24","modified_gmt":"2026-01-04T02:59:24","slug":"harness-for-pets","status":"publish","type":"product","link":"https:\/\/www.deopaws.com\/fr\/harness-for-pets\/","title":{"rendered":"Harnais tactique de luxe \u00e0 lumi\u00e8re LED et \u00e0 r\u00e9flexion pour animaux de compagnie - Ajustable et durable"},"content":{"rendered":"<h2 data-start=\"0\" data-end=\"89\">Harnais pour animaux de compagnie :<\/h2>\n<p class=\"\" data-start=\"0\" data-end=\"89\">\u25cf Lumi\u00e8re LED : \u00c9quip\u00e9 de lumi\u00e8res LED pour la visibilit\u00e9 et la s\u00e9curit\u00e9 lors des promenades nocturnes.<\/p>\n<p class=\"\" data-start=\"91\" data-end=\"207\">\u25cf Ajustable et confortable : Conception rembourr\u00e9e avec des sangles r\u00e9glables pour un ajustement parfait, assurant le confort de votre chat.<\/p>\n<p class=\"\" data-start=\"209\" data-end=\"315\">\u25cf Durable et \u00e9l\u00e9gant : Fabriqu\u00e9 \u00e0 partir de polyester et de nylon de haute qualit\u00e9, offrant une durabilit\u00e9 et un look \u00e9l\u00e9gant.<\/p>\n<p class=\"\" data-start=\"317\" data-end=\"430\">\u25cf Rechargeable et \u00e9cologique : Comporte une lumi\u00e8re LED amovible et rechargeable, aliment\u00e9e par USB pour plus de commodit\u00e9.<\/p>\n<p class=\"\" data-start=\"432\" data-end=\"537\">\u25cf Conception polyvalente : Convient \u00e0 la fois \u00e0 l'int\u00e9rieur et \u00e0 l'ext\u00e9rieur, parfait pour les promenades, l'entra\u00eenement ou les jeux.<\/p>\n<p class=\"\" data-start=\"539\" data-end=\"672\">\u25cf Personnalisable : Disponible dans une gamme de couleurs et de tailles, avec l'option de logos personnalis\u00e9s via l'impression par sublimation ou transfert thermique.<\/p>\n<p>&nbsp;<\/p>\n<p>&nbsp;<\/p>\n<div style=\"max-width: 800px; margin: auto; padding: 20px;\">\n<p><!-- \u5de6\u56fe\u53f3\u6587 --><\/p>\n<div style=\"display: flex; align-items: center; gap: 20px; margin-bottom: 40px; flex-wrap: wrap;\">\n<p><img loading=\"lazy\" decoding=\"async\" class=\"alignnone wp-image-1459\" src=\"https:\/\/www.deopaws.com\/wp-content\/uploads\/2025\/05\/Luxury-LED-Light-Reflective-Tactical-Pet-Dog-Harness-Adjustable-Durable-3-300x240.jpg\" alt=\"harness for pets\" width=\"370\" height=\"296\" srcset=\"https:\/\/www.deopaws.com\/wp-content\/uploads\/2025\/05\/Luxury-LED-Light-Reflective-Tactical-Pet-Dog-Harness-Adjustable-Durable-3-300x240.jpg 300w, https:\/\/www.deopaws.com\/wp-content\/uploads\/2025\/05\/Luxury-LED-Light-Reflective-Tactical-Pet-Dog-Harness-Adjustable-Durable-3-600x480.jpg 600w, https:\/\/www.deopaws.com\/wp-content\/uploads\/2025\/05\/Luxury-LED-Light-Reflective-Tactical-Pet-Dog-Harness-Adjustable-Durable-3.jpg 750w\" sizes=\"auto, (max-width: 370px) 100vw, 370px\" \/><\/p>\n<div style=\"flex: 1; min-width: 0;\">\n<p style=\"color: gray;\">Appuyez une fois pour un clignotement rapide, deux fois pour un clignotement lent, et trois fois pour que la lumi\u00e8re reste toujours allum\u00e9e.<\/p>\n<\/div>\n<\/div>\n<p><!-- \u53f3\u56fe\u5de6\u6587 --><\/p>\n<div style=\"display: flex; flex-direction: row-reverse; align-items: center; gap: 20px; flex-wrap: wrap;\">\n<p><img loading=\"lazy\" decoding=\"async\" class=\"alignnone wp-image-1465\" src=\"https:\/\/www.deopaws.com\/wp-content\/uploads\/2025\/05\/Luxury-LED-Light-Reflective-Tactical-Pet-Dog-Harness-Adjustable-Durable-9-300x240.jpg\" alt=\"harness for pets\" width=\"370\" height=\"296\" srcset=\"https:\/\/www.deopaws.com\/wp-content\/uploads\/2025\/05\/Luxury-LED-Light-Reflective-Tactical-Pet-Dog-Harness-Adjustable-Durable-9-300x240.jpg 300w, https:\/\/www.deopaws.com\/wp-content\/uploads\/2025\/05\/Luxury-LED-Light-Reflective-Tactical-Pet-Dog-Harness-Adjustable-Durable-9-600x480.jpg 600w, https:\/\/www.deopaws.com\/wp-content\/uploads\/2025\/05\/Luxury-LED-Light-Reflective-Tactical-Pet-Dog-Harness-Adjustable-Durable-9.jpg 750w\" sizes=\"auto, (max-width: 370px) 100vw, 370px\" \/><\/p>\n<div style=\"flex: 1; min-width: 0;\">\n<p style=\"color: gray;\">Tableau des tailles<\/p>\n<\/div>\n<\/div>\n<\/div>\n<div style=\"max-width: 800px; margin: auto; padding: 20px;\">\n<p><!-- \u5de6\u56fe\u53f3\u6587 --><\/p>\n<div style=\"display: flex; align-items: center; gap: 20px; margin-bottom: 40px; flex-wrap: wrap;\">\n<p><img loading=\"lazy\" decoding=\"async\" class=\"alignnone wp-image-1464\" src=\"https:\/\/www.deopaws.com\/wp-content\/uploads\/2025\/05\/Luxury-LED-Light-Reflective-Tactical-Pet-Dog-Harness-Adjustable-Durable-8-300x240.jpg\" alt=\"harness for pets\" width=\"370\" height=\"296\" srcset=\"https:\/\/www.deopaws.com\/wp-content\/uploads\/2025\/05\/Luxury-LED-Light-Reflective-Tactical-Pet-Dog-Harness-Adjustable-Durable-8-300x240.jpg 300w, https:\/\/www.deopaws.com\/wp-content\/uploads\/2025\/05\/Luxury-LED-Light-Reflective-Tactical-Pet-Dog-Harness-Adjustable-Durable-8-600x480.jpg 600w, https:\/\/www.deopaws.com\/wp-content\/uploads\/2025\/05\/Luxury-LED-Light-Reflective-Tactical-Pet-Dog-Harness-Adjustable-Durable-8.jpg 750w\" sizes=\"auto, (max-width: 370px) 100vw, 370px\" \/><\/p>\n<div style=\"flex: 1; min-width: 0;\">\n<p style=\"color: gray;\">Ce harnais r\u00e9glable pour chien comporte des sangles de cou et de poitrine pour un ajustement parfait et peut \u00eatre fix\u00e9 en trois \u00e9tapes simples : glisser, attacher et ajuster.<\/p>\n<\/div>\n<\/div>\n<p><!-- \u53f3\u56fe\u5de6\u6587 --><\/p>\n<div style=\"display: flex; flex-direction: row-reverse; align-items: center; gap: 20px; flex-wrap: wrap;\">\n<p><img loading=\"lazy\" decoding=\"async\" class=\"alignnone wp-image-1461\" src=\"https:\/\/www.deopaws.com\/wp-content\/uploads\/2025\/05\/Luxury-LED-Light-Reflective-Tactical-Pet-Dog-Harness-Adjustable-Durable-5-300x240.jpg\" alt=\"harness for pets\" width=\"370\" height=\"296\" srcset=\"https:\/\/www.deopaws.com\/wp-content\/uploads\/2025\/05\/Luxury-LED-Light-Reflective-Tactical-Pet-Dog-Harness-Adjustable-Durable-5-300x240.jpg 300w, https:\/\/www.deopaws.com\/wp-content\/uploads\/2025\/05\/Luxury-LED-Light-Reflective-Tactical-Pet-Dog-Harness-Adjustable-Durable-5-600x480.jpg 600w, https:\/\/www.deopaws.com\/wp-content\/uploads\/2025\/05\/Luxury-LED-Light-Reflective-Tactical-Pet-Dog-Harness-Adjustable-Durable-5.jpg 750w\" sizes=\"auto, (max-width: 370px) 100vw, 370px\" \/><\/p>\n<div style=\"flex: 1; min-width: 0;\">\n<p style=\"color: gray;\">La boucle, la boucle de r\u00e9glage, l'anneau en D et le motif peuvent tous \u00eatre personnalis\u00e9s selon vos pr\u00e9f\u00e9rences.<\/p>\n<\/div>\n<\/div>\n<\/div>\n<h3>Affichage d'usine<\/h3>\n<p>&nbsp;<\/p>\n<div class=\"row\">\n<div class=\"col-lg-4\"><img loading=\"lazy\" decoding=\"async\" class=\"alignnone size-medium wp-image-142\" src=\"https:\/\/gray-bee-883835.hostingersite.com\/wp-content\/uploads\/2025\/04\/Small-pet-raincoat-3_-300x225.jpg\" alt=\"\" width=\"300\" height=\"225\" srcset=\"https:\/\/www.deopaws.com\/wp-content\/uploads\/2025\/04\/Small-pet-raincoat-3_-300x225.jpg 300w, https:\/\/www.deopaws.com\/wp-content\/uploads\/2025\/04\/Small-pet-raincoat-3_-600x450.jpg 600w, https:\/\/www.deopaws.com\/wp-content\/uploads\/2025\/04\/Small-pet-raincoat-3_-768x576.jpg 768w, https:\/\/www.deopaws.com\/wp-content\/uploads\/2025\/04\/Small-pet-raincoat-3_.jpg 800w\" sizes=\"auto, (max-width: 300px) 100vw, 300px\" \/><\/div>\n<div class=\"col-lg-4\"><img loading=\"lazy\" decoding=\"async\" class=\"alignnone size-medium wp-image-138\" src=\"https:\/\/gray-bee-883835.hostingersite.com\/wp-content\/uploads\/2025\/04\/Small-pet-raincoat-2-2-300x225.jpg\" alt=\"\" width=\"300\" height=\"225\" srcset=\"https:\/\/www.deopaws.com\/wp-content\/uploads\/2025\/04\/Small-pet-raincoat-2-2-300x225.jpg 300w, https:\/\/www.deopaws.com\/wp-content\/uploads\/2025\/04\/Small-pet-raincoat-2-2-600x450.jpg 600w, https:\/\/www.deopaws.com\/wp-content\/uploads\/2025\/04\/Small-pet-raincoat-2-2-768x576.jpg 768w, https:\/\/www.deopaws.com\/wp-content\/uploads\/2025\/04\/Small-pet-raincoat-2-2.jpg 800w\" sizes=\"auto, (max-width: 300px) 100vw, 300px\" \/><\/div>\n<div class=\"col-lg-4\"><img loading=\"lazy\" decoding=\"async\" class=\"alignnone size-medium wp-image-139\" src=\"https:\/\/gray-bee-883835.hostingersite.com\/wp-content\/uploads\/2025\/04\/Small-pet-raincoat-3-2-300x225.jpg\" alt=\"\" width=\"300\" height=\"225\" srcset=\"https:\/\/www.deopaws.com\/wp-content\/uploads\/2025\/04\/Small-pet-raincoat-3-2-300x225.jpg 300w, https:\/\/www.deopaws.com\/wp-content\/uploads\/2025\/04\/Small-pet-raincoat-3-2-600x450.jpg 600w, https:\/\/www.deopaws.com\/wp-content\/uploads\/2025\/04\/Small-pet-raincoat-3-2-768x576.jpg 768w, https:\/\/www.deopaws.com\/wp-content\/uploads\/2025\/04\/Small-pet-raincoat-3-2.jpg 800w\" sizes=\"auto, (max-width: 300px) 100vw, 300px\" \/><\/div>\n<p>&nbsp;<\/p>\n<div>\n<div class=\"row\">\n<div class=\"col-lg-4\"><img loading=\"lazy\" decoding=\"async\" class=\"alignnone size-medium wp-image-141\" src=\"https:\/\/gray-bee-883835.hostingersite.com\/wp-content\/uploads\/2025\/04\/Small-pet-raincoat-2_-300x225.jpg\" alt=\"\" width=\"300\" height=\"225\" srcset=\"https:\/\/www.deopaws.com\/wp-content\/uploads\/2025\/04\/Small-pet-raincoat-2_-300x225.jpg 300w, https:\/\/www.deopaws.com\/wp-content\/uploads\/2025\/04\/Small-pet-raincoat-2_-600x450.jpg 600w, https:\/\/www.deopaws.com\/wp-content\/uploads\/2025\/04\/Small-pet-raincoat-2_-768x576.jpg 768w, https:\/\/www.deopaws.com\/wp-content\/uploads\/2025\/04\/Small-pet-raincoat-2_.jpg 800w\" sizes=\"auto, (max-width: 300px) 100vw, 300px\" \/><\/div>\n<div class=\"col-lg-4\"><img loading=\"lazy\" decoding=\"async\" class=\"alignnone size-full wp-image-1656\" src=\"https:\/\/www.deopaws.com\/wp-content\/uploads\/2025\/05\/fact-1_\u526f\u672c.jpg\" alt=\"\" width=\"300\" height=\"225\" \/><\/div>\n<div class=\"col-lg-4\"><img loading=\"lazy\" decoding=\"async\" class=\"alignnone size-medium wp-image-137\" src=\"https:\/\/gray-bee-883835.hostingersite.com\/wp-content\/uploads\/2025\/04\/Small-pet-raincoat-1-2-300x225.jpg\" alt=\"\" width=\"300\" height=\"225\" srcset=\"https:\/\/www.deopaws.com\/wp-content\/uploads\/2025\/04\/Small-pet-raincoat-1-2-300x225.jpg 300w, https:\/\/www.deopaws.com\/wp-content\/uploads\/2025\/04\/Small-pet-raincoat-1-2-600x450.jpg 600w, https:\/\/www.deopaws.com\/wp-content\/uploads\/2025\/04\/Small-pet-raincoat-1-2-768x576.jpg 768w, https:\/\/www.deopaws.com\/wp-content\/uploads\/2025\/04\/Small-pet-raincoat-1-2.jpg 800w\" sizes=\"auto, (max-width: 300px) 100vw, 300px\" \/><\/div>\n<div><\/div>\n<\/div>\n<\/div>\n<\/div>","protected":false},"excerpt":{"rendered":"<p>Le harnais pour animaux de compagnie offre confort, durabilit\u00e9 et s\u00e9curit\u00e9. R\u00e9glable et rembourr\u00e9, fabriqu\u00e9 avec des mat\u00e9riaux de haute qualit\u00e9, il est dot\u00e9 d'une lumi\u00e8re LED rechargeable pour une meilleure visibilit\u00e9 nocturne. Il convient aux animaux actifs et est disponible dans des couleurs et des tailles personnalis\u00e9es.<\/p>","protected":false},"featured_media":1460,"comment_status":"open","ping_status":"closed","template":"","meta":{"_acf_changed":false},"product_brand":[],"product_cat":[15,17,33],"product_tag":[],"class_list":{"0":"post-1456","1":"product","2":"type-product","3":"status-publish","4":"has-post-thumbnail","6":"product_cat-products","7":"product_cat-cat-supplies","8":"product_cat-cat-collarsleashes-harnesses","10":"first","11":"instock","12":"shipping-taxable","13":"product-type-simple"},"acf":[],"_links":{"self":[{"href":"https:\/\/www.deopaws.com\/fr\/wp-json\/wp\/v2\/product\/1456","targetHints":{"allow":["GET"]}}],"collection":[{"href":"https:\/\/www.deopaws.com\/fr\/wp-json\/wp\/v2\/product"}],"about":[{"href":"https:\/\/www.deopaws.com\/fr\/wp-json\/wp\/v2\/types\/product"}],"replies":[{"embeddable":true,"href":"https:\/\/www.deopaws.com\/fr\/wp-json\/wp\/v2\/comments?post=1456"}],"wp:featuredmedia":[{"embeddable":true,"href":"https:\/\/www.deopaws.com\/fr\/wp-json\/wp\/v2\/media\/1460"}],"wp:attachment":[{"href":"https:\/\/www.deopaws.com\/fr\/wp-json\/wp\/v2\/media?parent=1456"}],"wp:term":[{"taxonomy":"product_brand","embeddable":true,"href":"https:\/\/www.deopaws.com\/fr\/wp-json\/wp\/v2\/product_brand?post=1456"},{"taxonomy":"product_cat","embeddable":true,"href":"https:\/\/www.deopaws.com\/fr\/wp-json\/wp\/v2\/product_cat?post=1456"},{"taxonomy":"product_tag","embeddable":true,"href":"https:\/\/www.deopaws.com\/fr\/wp-json\/wp\/v2\/product_tag?post=1456"}],"curies":[{"name":"wp","href":"https:\/\/api.w.org\/{rel}","templated":true}]}}