{"id":1443,"date":"2025-05-14T14:53:27","date_gmt":"2025-05-14T06:53:27","guid":{"rendered":"https:\/\/www.deopaws.com\/?post_type=product&#038;p=1443"},"modified":"2026-01-04T11:01:04","modified_gmt":"2026-01-04T03:01:04","slug":"filtered-water-fountain-for-cats","status":"publish","type":"product","link":"https:\/\/www.deopaws.com\/fr\/filtered-water-fountain-for-cats\/","title":{"rendered":"Fontaine \u00e0 eau filtr\u00e9e pour chats - Distributeur d'eau \u00e9lectrique, silencieux et automatique pour chats et chiens"},"content":{"rendered":"<h2 data-start=\"0\" data-end=\"104\">fontaine \u00e0 eau filtr\u00e9e pour chats :<\/h2>\n<p>&nbsp;<\/p>\n<p class=\"\" data-start=\"0\" data-end=\"104\">\u25cf Conception humanis\u00e9e : Facile \u00e0 mettre en place, offrant une commodit\u00e9 pour les animaux de compagnie et les propri\u00e9taires.<\/p>\n<p class=\"\" data-start=\"0\" data-end=\"104\"><br data-start=\"82\" data-end=\"85\" \/>\u25cf Grande capacit\u00e9 : capacit\u00e9 d'eau de 2,5L (84oz), id\u00e9ale pour les animaux de compagnie de toutes tailles, avec un syst\u00e8me de circulation compact qui occupe un minimum d'espace au sol.<\/p>\n<p class=\"\" data-start=\"0\" data-end=\"104\"><br data-start=\"228\" data-end=\"231\" \/>\u25cf S\u00fbr et adapt\u00e9 aux animaux de compagnie : Fabriqu\u00e9 \u00e0 partir de mat\u00e9riaux de qualit\u00e9 alimentaire, assurant qu'il est s\u00fbr pour vos animaux de compagnie \u00e0 utiliser.<\/p>\n<p class=\"\" data-start=\"0\" data-end=\"104\"><br data-start=\"326\" data-end=\"329\" \/>\u25cf Fonctionnement silencieux et s\u00fbr : Comporte une pompe submersible basse tension qui fonctionne silencieusement et en toute s\u00e9curit\u00e9.<\/p>\n<p class=\"\" data-start=\"0\" data-end=\"104\"><br data-start=\"424\" data-end=\"427\" \/>\u25cf Facile \u00e0 d\u00e9monter et \u00e0 nettoyer : Simple \u00e0 d\u00e9monter et \u00e0 nettoyer avec de l'eau et un produit nettoyant, ce qui rend l'entretien sans tracas.<\/p>\n<p class=\"\" data-start=\"0\" data-end=\"104\"><br data-start=\"547\" data-end=\"550\" \/>\u25cf Syst\u00e8me de filtration avanc\u00e9 : Comprend du charbon actif, de la r\u00e9sine \u00e9changeuse d'ions et du coton filtrant microporeux (tissu non tiss\u00e9) pour \u00e9liminer les compos\u00e9s organiques, le chlore et les grosses particules comme les cheveux.<\/p>\n<p>&nbsp;<\/p>\n<p>&nbsp;<\/p>\n<div style=\"max-width: 800px; margin: auto; padding: 20px;\">\n<p><!-- \u5de6\u56fe\u53f3\u6587 --><\/p>\n<div style=\"display: flex; align-items: center; gap: 20px; margin-bottom: 40px; flex-wrap: wrap;\">\n<p><img loading=\"lazy\" decoding=\"async\" class=\"alignnone wp-image-1449\" src=\"https:\/\/www.deopaws.com\/wp-content\/uploads\/2025\/05\/Electric-Quiet-Automatic-Pet-Water-Fountain-for-Cats-and-Dogs-6-300x240.jpg\" alt=\"filtered water fountain for cats\" width=\"370\" height=\"296\" srcset=\"https:\/\/www.deopaws.com\/wp-content\/uploads\/2025\/05\/Electric-Quiet-Automatic-Pet-Water-Fountain-for-Cats-and-Dogs-6-300x240.jpg 300w, https:\/\/www.deopaws.com\/wp-content\/uploads\/2025\/05\/Electric-Quiet-Automatic-Pet-Water-Fountain-for-Cats-and-Dogs-6-600x480.jpg 600w, https:\/\/www.deopaws.com\/wp-content\/uploads\/2025\/05\/Electric-Quiet-Automatic-Pet-Water-Fountain-for-Cats-and-Dogs-6.jpg 750w\" sizes=\"auto, (max-width: 370px) 100vw, 370px\" \/><\/p>\n<div style=\"flex: 1; min-width: 0;\">\n<p style=\"color: gray;\">Avantages et caract\u00e9ristiques<\/p>\n<\/div>\n<\/div>\n<p><!-- \u53f3\u56fe\u5de6\u6587 --><\/p>\n<div style=\"display: flex; flex-direction: row-reverse; align-items: center; gap: 20px; flex-wrap: wrap;\">\n<p><img loading=\"lazy\" decoding=\"async\" class=\"alignnone wp-image-1450\" src=\"https:\/\/www.deopaws.com\/wp-content\/uploads\/2025\/05\/Electric-Quiet-Automatic-Pet-Water-Fountain-for-Cats-and-Dogs-7-300x240.jpg\" alt=\"filtered water fountain for cats\" width=\"370\" height=\"296\" srcset=\"https:\/\/www.deopaws.com\/wp-content\/uploads\/2025\/05\/Electric-Quiet-Automatic-Pet-Water-Fountain-for-Cats-and-Dogs-7-300x240.jpg 300w, https:\/\/www.deopaws.com\/wp-content\/uploads\/2025\/05\/Electric-Quiet-Automatic-Pet-Water-Fountain-for-Cats-and-Dogs-7-600x480.jpg 600w, https:\/\/www.deopaws.com\/wp-content\/uploads\/2025\/05\/Electric-Quiet-Automatic-Pet-Water-Fountain-for-Cats-and-Dogs-7.jpg 750w\" sizes=\"auto, (max-width: 370px) 100vw, 370px\" \/><\/p>\n<div style=\"flex: 1; min-width: 0;\">\n<p style=\"color: gray;\">Le filtre non tiss\u00e9 \u00e9limine les grosses particules, le charbon actif \u00e9limine les impuret\u00e9s par adsorption physique, la r\u00e9sine \u00e9changeuse d'ions \u00e9limine les contaminants ioniques dissous et le plastique sans BPA de qualit\u00e9 alimentaire garantit la s\u00e9curit\u00e9.<\/p>\n<\/div>\n<\/div>\n<\/div>\n<div style=\"max-width: 800px; margin: auto; padding: 20px;\">\n<p><!-- \u5de6\u56fe\u53f3\u6587 --><\/p>\n<div style=\"display: flex; align-items: center; gap: 20px; margin-bottom: 40px; flex-wrap: wrap;\">\n<p><img loading=\"lazy\" decoding=\"async\" class=\"alignnone wp-image-1446\" src=\"https:\/\/www.deopaws.com\/wp-content\/uploads\/2025\/05\/Electric-Quiet-Automatic-Pet-Water-Fountain-for-Cats-and-Dogs-3-300x240.jpg\" alt=\"filtered water fountain for cats\" width=\"370\" height=\"296\" srcset=\"https:\/\/www.deopaws.com\/wp-content\/uploads\/2025\/05\/Electric-Quiet-Automatic-Pet-Water-Fountain-for-Cats-and-Dogs-3-300x240.jpg 300w, https:\/\/www.deopaws.com\/wp-content\/uploads\/2025\/05\/Electric-Quiet-Automatic-Pet-Water-Fountain-for-Cats-and-Dogs-3-600x480.jpg 600w, https:\/\/www.deopaws.com\/wp-content\/uploads\/2025\/05\/Electric-Quiet-Automatic-Pet-Water-Fountain-for-Cats-and-Dogs-3.jpg 750w\" sizes=\"auto, (max-width: 370px) 100vw, 370px\" \/><\/p>\n<div style=\"flex: 1; min-width: 0;\">\n<p style=\"color: gray;\">Cette fontaine d'eau filtr\u00e9e pour chats offre 2,5 litres d'eau propre et fra\u00eeche avec une circulation continue qui encourage les animaux \u00e0 boire davantage. La fonction de purge automatique de la cuvette permet de maintenir la fontaine propre \u00e0 intervalles r\u00e9guliers, tandis que la pompe ultra-silencieuse (&lt;20dB) garantit un environnement paisible. Fabriqu\u00e9e \u00e0 partir de mat\u00e9riaux de qualit\u00e9 alimentaire et \u00e9quip\u00e9e d&#039;un syst\u00e8me de filtration \u00e0 plusieurs niveaux, elle est facile \u00e0 installer, \u00e0 nettoyer et \u00e0 entretenir - parfaite pour les chats, les petits chiens et les commandes OEM en vrac.<\/p>\n<\/div>\n<\/div>\n<p><!-- \u53f3\u56fe\u5de6\u6587 --><\/p>\n<div style=\"display: flex; flex-direction: row-reverse; align-items: center; gap: 20px; flex-wrap: wrap;\">\n<p><img loading=\"lazy\" decoding=\"async\" class=\"alignnone wp-image-1453\" src=\"https:\/\/www.deopaws.com\/wp-content\/uploads\/2025\/05\/Electric-Quiet-Automatic-Pet-Water-Fountain-for-Cats-and-Dogs-10-300x240.jpg\" alt=\"filtered water fountain for cats\" width=\"370\" height=\"296\" srcset=\"https:\/\/www.deopaws.com\/wp-content\/uploads\/2025\/05\/Electric-Quiet-Automatic-Pet-Water-Fountain-for-Cats-and-Dogs-10-300x240.jpg 300w, https:\/\/www.deopaws.com\/wp-content\/uploads\/2025\/05\/Electric-Quiet-Automatic-Pet-Water-Fountain-for-Cats-and-Dogs-10-600x480.jpg 600w, https:\/\/www.deopaws.com\/wp-content\/uploads\/2025\/05\/Electric-Quiet-Automatic-Pet-Water-Fountain-for-Cats-and-Dogs-10.jpg 750w\" sizes=\"auto, (max-width: 370px) 100vw, 370px\" \/><\/p>\n<div style=\"flex: 1; min-width: 0;\">\n<p style=\"color: gray;\">Pi\u00e8ces d\u00e9tach\u00e9es<\/p>\n<\/div>\n<\/div>\n<\/div>\n<div style=\"max-width: 800px; margin: auto; padding: 20px;\">\n<p><!-- \u5de6\u56fe\u53f3\u6587 --><\/p>\n<div style=\"display: flex; align-items: center; gap: 20px; margin-bottom: 40px; flex-wrap: wrap;\">\n<p><img loading=\"lazy\" decoding=\"async\" class=\"alignnone wp-image-1444\" src=\"https:\/\/www.deopaws.com\/wp-content\/uploads\/2025\/05\/Electric-Quiet-Automatic-Pet-Water-Fountain-for-Cats-and-Dogs-1-300x240.jpg\" alt=\"filtered water fountain for cats\" width=\"370\" height=\"296\" srcset=\"https:\/\/www.deopaws.com\/wp-content\/uploads\/2025\/05\/Electric-Quiet-Automatic-Pet-Water-Fountain-for-Cats-and-Dogs-1-300x240.jpg 300w, https:\/\/www.deopaws.com\/wp-content\/uploads\/2025\/05\/Electric-Quiet-Automatic-Pet-Water-Fountain-for-Cats-and-Dogs-1-600x480.jpg 600w, https:\/\/www.deopaws.com\/wp-content\/uploads\/2025\/05\/Electric-Quiet-Automatic-Pet-Water-Fountain-for-Cats-and-Dogs-1.jpg 750w\" sizes=\"auto, (max-width: 370px) 100vw, 370px\" \/><\/p>\n<div style=\"flex: 1; min-width: 0;\">\n<p style=\"color: gray;\">Tr\u00e8s grande capacit\u00e9 de 84 oz<\/p>\n<\/div>\n<\/div>\n<p><!-- \u53f3\u56fe\u5de6\u6587 --><\/p>\n<div style=\"display: flex; flex-direction: row-reverse; align-items: center; gap: 20px; flex-wrap: wrap;\">\n<p><img loading=\"lazy\" decoding=\"async\" class=\"alignnone wp-image-1452\" src=\"https:\/\/www.deopaws.com\/wp-content\/uploads\/2025\/05\/Electric-Quiet-Automatic-Pet-Water-Fountain-for-Cats-and-Dogs-9-300x240.jpg\" alt=\"filtered water fountain for cats\" width=\"370\" height=\"296\" srcset=\"https:\/\/www.deopaws.com\/wp-content\/uploads\/2025\/05\/Electric-Quiet-Automatic-Pet-Water-Fountain-for-Cats-and-Dogs-9-300x240.jpg 300w, https:\/\/www.deopaws.com\/wp-content\/uploads\/2025\/05\/Electric-Quiet-Automatic-Pet-Water-Fountain-for-Cats-and-Dogs-9-600x480.jpg 600w, https:\/\/www.deopaws.com\/wp-content\/uploads\/2025\/05\/Electric-Quiet-Automatic-Pet-Water-Fountain-for-Cats-and-Dogs-9.jpg 750w\" sizes=\"auto, (max-width: 370px) 100vw, 370px\" \/><\/p>\n<div style=\"flex: 1; min-width: 0;\">\n<p style=\"color: gray;\">Le bac \u00e0 eau \u00e0 contre-courant se vide automatiquement \u00e0 intervalles r\u00e9guliers pour rester propre. Il attire l'attention des animaux et les encourage \u00e0 boire plus d'eau.<\/p>\n<\/div>\n<\/div>\n<\/div>\n<div style=\"max-width: 800px; margin: auto; padding: 20px;\">\n<p><!-- \u5de6\u56fe\u53f3\u6587 --><\/p>\n<div style=\"display: flex; align-items: center; gap: 20px; margin-bottom: 40px; flex-wrap: wrap;\">\n<p><img loading=\"lazy\" decoding=\"async\" class=\"alignnone wp-image-1445\" src=\"https:\/\/www.deopaws.com\/wp-content\/uploads\/2025\/05\/Electric-Quiet-Automatic-Pet-Water-Fountain-for-Cats-and-Dogs-2-300x240.jpg\" alt=\"filtered water fountain for cats\" width=\"370\" height=\"296\" srcset=\"https:\/\/www.deopaws.com\/wp-content\/uploads\/2025\/05\/Electric-Quiet-Automatic-Pet-Water-Fountain-for-Cats-and-Dogs-2-300x240.jpg 300w, https:\/\/www.deopaws.com\/wp-content\/uploads\/2025\/05\/Electric-Quiet-Automatic-Pet-Water-Fountain-for-Cats-and-Dogs-2-600x480.jpg 600w, https:\/\/www.deopaws.com\/wp-content\/uploads\/2025\/05\/Electric-Quiet-Automatic-Pet-Water-Fountain-for-Cats-and-Dogs-2.jpg 750w\" sizes=\"auto, (max-width: 370px) 100vw, 370px\" \/><\/p>\n<div style=\"flex: 1; min-width: 0;\">\n<p style=\"color: gray;\">L'interface d'utilisation am\u00e9lior\u00e9e et conviviale situ\u00e9e en haut de l'\u00e9cran propose des modes normal et intelligent pour un contr\u00f4le pratique.<\/p>\n<\/div>\n<\/div>\n<p><!-- \u53f3\u56fe\u5de6\u6587 --><\/p>\n<div style=\"display: flex; flex-direction: row-reverse; align-items: center; gap: 20px; flex-wrap: wrap;\">\n<p><img loading=\"lazy\" decoding=\"async\" class=\"alignnone wp-image-1455\" src=\"https:\/\/www.deopaws.com\/wp-content\/uploads\/2025\/05\/Electric-Quiet-Automatic-Pet-Water-Fountain-for-Cats-and-Dogs-12-300x240.jpg\" alt=\"filtered water fountain for cats\" width=\"370\" height=\"296\" srcset=\"https:\/\/www.deopaws.com\/wp-content\/uploads\/2025\/05\/Electric-Quiet-Automatic-Pet-Water-Fountain-for-Cats-and-Dogs-12-300x240.jpg 300w, https:\/\/www.deopaws.com\/wp-content\/uploads\/2025\/05\/Electric-Quiet-Automatic-Pet-Water-Fountain-for-Cats-and-Dogs-12-600x480.jpg 600w, https:\/\/www.deopaws.com\/wp-content\/uploads\/2025\/05\/Electric-Quiet-Automatic-Pet-Water-Fountain-for-Cats-and-Dogs-12.jpg 750w\" sizes=\"auto, (max-width: 370px) 100vw, 370px\" \/><\/p>\n<div style=\"flex: 1; min-width: 0;\">\n<p style=\"color: gray;\">Le contact complet des m\u00e9dias filtrants garantit que chaque goutte d'eau est filtr\u00e9e pour une meilleure purification, tandis que le syst\u00e8me de purification multiple utilise du coton filtrant microporeux, du charbon actif en coquille de noix de coco et de la r\u00e9sine \u00e9changeuse d'ions pour am\u00e9liorer la puret\u00e9 de l'eau.<\/p>\n<\/div>\n<\/div>\n<\/div>\n<div style=\"max-width: 800px; margin: auto; padding: 20px;\">\n<p><!-- \u5de6\u56fe\u53f3\u6587 --><\/p>\n<div style=\"display: flex; align-items: center; gap: 20px; margin-bottom: 40px; flex-wrap: wrap;\">\n<p><img loading=\"lazy\" decoding=\"async\" class=\"alignnone wp-image-1448\" src=\"https:\/\/www.deopaws.com\/wp-content\/uploads\/2025\/05\/Electric-Quiet-Automatic-Pet-Water-Fountain-for-Cats-and-Dogs-5-300x240.jpg\" alt=\"filtered water fountain for cats\" width=\"370\" height=\"296\" srcset=\"https:\/\/www.deopaws.com\/wp-content\/uploads\/2025\/05\/Electric-Quiet-Automatic-Pet-Water-Fountain-for-Cats-and-Dogs-5-300x240.jpg 300w, https:\/\/www.deopaws.com\/wp-content\/uploads\/2025\/05\/Electric-Quiet-Automatic-Pet-Water-Fountain-for-Cats-and-Dogs-5-600x480.jpg 600w, https:\/\/www.deopaws.com\/wp-content\/uploads\/2025\/05\/Electric-Quiet-Automatic-Pet-Water-Fountain-for-Cats-and-Dogs-5.jpg 750w\" sizes=\"auto, (max-width: 370px) 100vw, 370px\" \/><\/p>\n<div style=\"flex: 1; min-width: 0;\">\n<p style=\"color: gray;\">Les principes de base de la purification font intervenir trois m\u00e9dias filtrants : le tissu non tiss\u00e9 microporeux qui filtre les impuret\u00e9s \u00e0 grosses particules, le charbon actif en coquille de noix de coco qui \u00e9limine le chlore r\u00e9siduel et les mati\u00e8res \u00e9trang\u00e8res, et les r\u00e9sines \u00e9changeuses de cations qui \u00e9liminent les ions de m\u00e9taux lourds et adoucissent la qualit\u00e9 de l'eau.<\/p>\n<\/div>\n<\/div>\n<\/div>\n<h3>Affichage d'usine<\/h3>\n<p>&nbsp;<\/p>\n<div class=\"row\">\n<div class=\"col-lg-4\"><img loading=\"lazy\" decoding=\"async\" class=\"alignnone size-medium wp-image-142\" src=\"https:\/\/gray-bee-883835.hostingersite.com\/wp-content\/uploads\/2025\/04\/Small-pet-raincoat-3_-300x225.jpg\" alt=\"\" width=\"300\" height=\"225\" srcset=\"https:\/\/www.deopaws.com\/wp-content\/uploads\/2025\/04\/Small-pet-raincoat-3_-300x225.jpg 300w, https:\/\/www.deopaws.com\/wp-content\/uploads\/2025\/04\/Small-pet-raincoat-3_-600x450.jpg 600w, https:\/\/www.deopaws.com\/wp-content\/uploads\/2025\/04\/Small-pet-raincoat-3_-768x576.jpg 768w, https:\/\/www.deopaws.com\/wp-content\/uploads\/2025\/04\/Small-pet-raincoat-3_.jpg 800w\" sizes=\"auto, (max-width: 300px) 100vw, 300px\" \/><\/div>\n<div class=\"col-lg-4\"><img loading=\"lazy\" decoding=\"async\" class=\"alignnone size-medium wp-image-138\" src=\"https:\/\/gray-bee-883835.hostingersite.com\/wp-content\/uploads\/2025\/04\/Small-pet-raincoat-2-2-300x225.jpg\" alt=\"\" width=\"300\" height=\"225\" srcset=\"https:\/\/www.deopaws.com\/wp-content\/uploads\/2025\/04\/Small-pet-raincoat-2-2-300x225.jpg 300w, https:\/\/www.deopaws.com\/wp-content\/uploads\/2025\/04\/Small-pet-raincoat-2-2-600x450.jpg 600w, https:\/\/www.deopaws.com\/wp-content\/uploads\/2025\/04\/Small-pet-raincoat-2-2-768x576.jpg 768w, https:\/\/www.deopaws.com\/wp-content\/uploads\/2025\/04\/Small-pet-raincoat-2-2.jpg 800w\" sizes=\"auto, (max-width: 300px) 100vw, 300px\" \/><\/div>\n<div class=\"col-lg-4\"><img loading=\"lazy\" decoding=\"async\" class=\"alignnone size-medium wp-image-139\" src=\"https:\/\/gray-bee-883835.hostingersite.com\/wp-content\/uploads\/2025\/04\/Small-pet-raincoat-3-2-300x225.jpg\" alt=\"\" width=\"300\" height=\"225\" srcset=\"https:\/\/www.deopaws.com\/wp-content\/uploads\/2025\/04\/Small-pet-raincoat-3-2-300x225.jpg 300w, https:\/\/www.deopaws.com\/wp-content\/uploads\/2025\/04\/Small-pet-raincoat-3-2-600x450.jpg 600w, https:\/\/www.deopaws.com\/wp-content\/uploads\/2025\/04\/Small-pet-raincoat-3-2-768x576.jpg 768w, https:\/\/www.deopaws.com\/wp-content\/uploads\/2025\/04\/Small-pet-raincoat-3-2.jpg 800w\" sizes=\"auto, (max-width: 300px) 100vw, 300px\" \/><\/div>\n<p>&nbsp;<\/p>\n<div>\n<div class=\"row\">\n<div class=\"col-lg-4\"><img loading=\"lazy\" decoding=\"async\" class=\"alignnone size-medium wp-image-141\" src=\"https:\/\/gray-bee-883835.hostingersite.com\/wp-content\/uploads\/2025\/04\/Small-pet-raincoat-2_-300x225.jpg\" alt=\"\" width=\"300\" height=\"225\" srcset=\"https:\/\/www.deopaws.com\/wp-content\/uploads\/2025\/04\/Small-pet-raincoat-2_-300x225.jpg 300w, https:\/\/www.deopaws.com\/wp-content\/uploads\/2025\/04\/Small-pet-raincoat-2_-600x450.jpg 600w, https:\/\/www.deopaws.com\/wp-content\/uploads\/2025\/04\/Small-pet-raincoat-2_-768x576.jpg 768w, https:\/\/www.deopaws.com\/wp-content\/uploads\/2025\/04\/Small-pet-raincoat-2_.jpg 800w\" sizes=\"auto, (max-width: 300px) 100vw, 300px\" \/><\/div>\n<div class=\"col-lg-4\"><img loading=\"lazy\" decoding=\"async\" class=\"alignnone size-full wp-image-1656\" src=\"https:\/\/www.deopaws.com\/wp-content\/uploads\/2025\/05\/fact-1_\u526f\u672c.jpg\" alt=\"\" width=\"300\" height=\"225\" \/><\/div>\n<div class=\"col-lg-4\"><img loading=\"lazy\" decoding=\"async\" class=\"alignnone size-medium wp-image-137\" src=\"https:\/\/gray-bee-883835.hostingersite.com\/wp-content\/uploads\/2025\/04\/Small-pet-raincoat-1-2-300x225.jpg\" alt=\"\" width=\"300\" height=\"225\" srcset=\"https:\/\/www.deopaws.com\/wp-content\/uploads\/2025\/04\/Small-pet-raincoat-1-2-300x225.jpg 300w, https:\/\/www.deopaws.com\/wp-content\/uploads\/2025\/04\/Small-pet-raincoat-1-2-600x450.jpg 600w, https:\/\/www.deopaws.com\/wp-content\/uploads\/2025\/04\/Small-pet-raincoat-1-2-768x576.jpg 768w, https:\/\/www.deopaws.com\/wp-content\/uploads\/2025\/04\/Small-pet-raincoat-1-2.jpg 800w\" sizes=\"auto, (max-width: 300px) 100vw, 300px\" \/><\/div>\n<div><\/div>\n<\/div>\n<\/div>\n<\/div>","protected":false},"excerpt":{"rendered":"<p>La fontaine \u00e0 eau filtr\u00e9e pour chats fournit 2,5 litres d'eau propre et fra\u00eeche aux chats et aux petits chiens. Fabriqu\u00e9e avec des mat\u00e9riaux de qualit\u00e9 alimentaire, elle est \u00e9quip\u00e9e d'une pompe basse tension silencieuse et d'un syst\u00e8me de filtration \u00e0 plusieurs niveaux. Facile \u00e0 installer, \u00e0 nettoyer et \u00e0 entretenir, elle est id\u00e9ale pour les grossistes, les animaleries et les marques OEM.<\/p>","protected":false},"featured_media":3676,"comment_status":"open","ping_status":"closed","template":"","meta":{"_acf_changed":false},"product_brand":[],"product_cat":[15],"product_tag":[],"class_list":{"0":"post-1443","1":"product","2":"type-product","3":"status-publish","4":"has-post-thumbnail","6":"product_cat-products","8":"first","9":"instock","10":"shipping-taxable","11":"product-type-simple"},"acf":[],"_links":{"self":[{"href":"https:\/\/www.deopaws.com\/fr\/wp-json\/wp\/v2\/product\/1443","targetHints":{"allow":["GET"]}}],"collection":[{"href":"https:\/\/www.deopaws.com\/fr\/wp-json\/wp\/v2\/product"}],"about":[{"href":"https:\/\/www.deopaws.com\/fr\/wp-json\/wp\/v2\/types\/product"}],"replies":[{"embeddable":true,"href":"https:\/\/www.deopaws.com\/fr\/wp-json\/wp\/v2\/comments?post=1443"}],"wp:featuredmedia":[{"embeddable":true,"href":"https:\/\/www.deopaws.com\/fr\/wp-json\/wp\/v2\/media\/3676"}],"wp:attachment":[{"href":"https:\/\/www.deopaws.com\/fr\/wp-json\/wp\/v2\/media?parent=1443"}],"wp:term":[{"taxonomy":"product_brand","embeddable":true,"href":"https:\/\/www.deopaws.com\/fr\/wp-json\/wp\/v2\/product_brand?post=1443"},{"taxonomy":"product_cat","embeddable":true,"href":"https:\/\/www.deopaws.com\/fr\/wp-json\/wp\/v2\/product_cat?post=1443"},{"taxonomy":"product_tag","embeddable":true,"href":"https:\/\/www.deopaws.com\/fr\/wp-json\/wp\/v2\/product_tag?post=1443"}],"curies":[{"name":"wp","href":"https:\/\/api.w.org\/{rel}","templated":true}]}}