{"id":1352,"date":"2025-05-14T10:01:44","date_gmt":"2025-05-14T02:01:44","guid":{"rendered":"https:\/\/www.deopaws.com\/?post_type=product&#038;p=1352"},"modified":"2026-01-04T11:17:16","modified_gmt":"2026-01-04T03:17:16","slug":"stroller-for-cat","status":"publish","type":"product","link":"https:\/\/www.deopaws.com\/fr\/stroller-for-cat\/","title":{"rendered":"Poussette pour chat - Poussette de luxe facile \u00e0 plier avec fen\u00eatres en filet"},"content":{"rendered":"<h2 data-start=\"0\" data-end=\"100\">Poussette pour chat :<\/h2>\n<p>&nbsp;<\/p>\n<p class=\"\" data-start=\"0\" data-end=\"100\">\u25cf Respirant : Fabriqu\u00e9 avec du tissu Oxford et des fen\u00eatres en maille pour assurer la circulation de l'air et le confort de votre chat.<\/p>\n<p class=\"\" data-start=\"105\" data-end=\"213\">\u25cf Polyvalent : adapt\u00e9 \u00e0 l'int\u00e9rieur et \u00e0 l'ext\u00e9rieur, il offre une grande flexibilit\u00e9 pour le mode de vie de votre animal.<\/p>\n<p class=\"\" data-start=\"218\" data-end=\"330\">\u25cf Durable et \u00e9l\u00e9gant : Construit avec un cadre en aluminium robuste et un design coupe-vent pour une utilisation durable et un look \u00e9l\u00e9gant.<\/p>\n<p class=\"\" data-start=\"335\" data-end=\"430\">\u25cf Mise en place facile : Le m\u00e9canisme de pliage rapide et simple permet un stockage et un transport pratiques.<\/p>\n<p class=\"\" data-start=\"435\" data-end=\"522\">\u25cf Id\u00e9al pour les chats : Offre un espace s\u00e9curis\u00e9 et douillet pour se reposer, se pr\u00e9lasser ou voyager.<\/p>\n<p class=\"\" data-start=\"527\" data-end=\"616\">\u25cf Taille spacieuse : 1020x<em data-start=\"548\" data-end=\"553\">620x<\/em>1050 mm lorsqu'il est ouvert, ce qui offre beaucoup d'espace sans \u00eatre encombrant.<\/p>\n<p>&nbsp;<\/p>\n<p>&nbsp;<\/p>\n<div style=\"max-width: 800px; margin: auto; padding: 20px;\">\n<p><!-- \u5de6\u56fe\u53f3\u6587 --><\/p>\n<div style=\"display: flex; align-items: center; gap: 20px; margin-bottom: 40px; flex-wrap: wrap;\">\n<p><img loading=\"lazy\" decoding=\"async\" class=\"alignnone wp-image-1360\" src=\"https:\/\/www.deopaws.com\/wp-content\/uploads\/2025\/05\/Easy-Folding-Luxury-Pet-Stroller-with-Mesh-Windows-for-Cats-and-Dogs-8-300x240.jpg\" alt=\"stroller for cat\" width=\"370\" height=\"296\" srcset=\"https:\/\/www.deopaws.com\/wp-content\/uploads\/2025\/05\/Easy-Folding-Luxury-Pet-Stroller-with-Mesh-Windows-for-Cats-and-Dogs-8-300x240.jpg 300w, https:\/\/www.deopaws.com\/wp-content\/uploads\/2025\/05\/Easy-Folding-Luxury-Pet-Stroller-with-Mesh-Windows-for-Cats-and-Dogs-8-600x480.jpg 600w, https:\/\/www.deopaws.com\/wp-content\/uploads\/2025\/05\/Easy-Folding-Luxury-Pet-Stroller-with-Mesh-Windows-for-Cats-and-Dogs-8.jpg 750w\" sizes=\"auto, (max-width: 370px) 100vw, 370px\" \/><\/p>\n<div style=\"flex: 1; min-width: 0;\">\n<p style=\"color: gray;\">Les portes avant et arri\u00e8re peuvent \u00eatre ouvertes, avec des fen\u00eatres arri\u00e8re suppl\u00e9mentaires, ce qui permet aux animaux de compagnie d'entrer et de sortir confortablement.<\/p>\n<\/div>\n<\/div>\n<p><!-- \u53f3\u56fe\u5de6\u6587 --><\/p>\n<div style=\"display: flex; flex-direction: row-reverse; align-items: center; gap: 20px; flex-wrap: wrap;\">\n<p><img loading=\"lazy\" decoding=\"async\" class=\"alignnone wp-image-1355\" src=\"https:\/\/www.deopaws.com\/wp-content\/uploads\/2025\/05\/Easy-Folding-Luxury-Pet-Stroller-with-Mesh-Windows-for-Cats-and-Dogs-3-300x240.jpg\" alt=\"stroller for cat\" width=\"370\" height=\"296\" srcset=\"https:\/\/www.deopaws.com\/wp-content\/uploads\/2025\/05\/Easy-Folding-Luxury-Pet-Stroller-with-Mesh-Windows-for-Cats-and-Dogs-3-300x240.jpg 300w, https:\/\/www.deopaws.com\/wp-content\/uploads\/2025\/05\/Easy-Folding-Luxury-Pet-Stroller-with-Mesh-Windows-for-Cats-and-Dogs-3-600x480.jpg 600w, https:\/\/www.deopaws.com\/wp-content\/uploads\/2025\/05\/Easy-Folding-Luxury-Pet-Stroller-with-Mesh-Windows-for-Cats-and-Dogs-3.jpg 750w\" sizes=\"auto, (max-width: 370px) 100vw, 370px\" \/><\/p>\n<div style=\"flex: 1; min-width: 0;\">\n<p style=\"color: gray;\">Fabriqu\u00e9 en tissu Oxford haute densit\u00e9, il est solide, r\u00e9sistant aux morsures, respirant et r\u00e9sistant \u00e0 l'usure.<\/p>\n<\/div>\n<\/div>\n<\/div>\n<div style=\"max-width: 800px; margin: auto; padding: 20px;\">\n<p><!-- \u5de6\u56fe\u53f3\u6587 --><\/p>\n<div style=\"display: flex; align-items: center; gap: 20px; margin-bottom: 40px; flex-wrap: wrap;\">\n<p><img loading=\"lazy\" decoding=\"async\" class=\"alignnone wp-image-1357\" src=\"https:\/\/www.deopaws.com\/wp-content\/uploads\/2025\/05\/Easy-Folding-Luxury-Pet-Stroller-with-Mesh-Windows-for-Cats-and-Dogs-5-300x240.jpg\" alt=\"stroller for cat\" width=\"370\" height=\"296\" srcset=\"https:\/\/www.deopaws.com\/wp-content\/uploads\/2025\/05\/Easy-Folding-Luxury-Pet-Stroller-with-Mesh-Windows-for-Cats-and-Dogs-5-300x240.jpg 300w, https:\/\/www.deopaws.com\/wp-content\/uploads\/2025\/05\/Easy-Folding-Luxury-Pet-Stroller-with-Mesh-Windows-for-Cats-and-Dogs-5-600x480.jpg 600w, https:\/\/www.deopaws.com\/wp-content\/uploads\/2025\/05\/Easy-Folding-Luxury-Pet-Stroller-with-Mesh-Windows-for-Cats-and-Dogs-5.jpg 750w\" sizes=\"auto, (max-width: 370px) 100vw, 370px\" \/><\/p>\n<div style=\"flex: 1; min-width: 0;\">\n<p style=\"color: gray;\">Le grand espace permet aux animaux de compagnie de s'asseoir et de se coucher librement sans se sentir g\u00ean\u00e9s.<\/p>\n<\/div>\n<\/div>\n<p><!-- \u53f3\u56fe\u5de6\u6587 --><\/p>\n<div style=\"display: flex; flex-direction: row-reverse; align-items: center; gap: 20px; flex-wrap: wrap;\">\n<p><img loading=\"lazy\" decoding=\"async\" class=\"alignnone wp-image-1363\" src=\"https:\/\/www.deopaws.com\/wp-content\/uploads\/2025\/05\/Easy-Folding-Luxury-Pet-Stroller-with-Mesh-Windows-for-Cats-and-Dogs-11-300x240.jpg\" alt=\"stroller for cat\" width=\"370\" height=\"296\" srcset=\"https:\/\/www.deopaws.com\/wp-content\/uploads\/2025\/05\/Easy-Folding-Luxury-Pet-Stroller-with-Mesh-Windows-for-Cats-and-Dogs-11-300x240.jpg 300w, https:\/\/www.deopaws.com\/wp-content\/uploads\/2025\/05\/Easy-Folding-Luxury-Pet-Stroller-with-Mesh-Windows-for-Cats-and-Dogs-11-600x480.jpg 600w, https:\/\/www.deopaws.com\/wp-content\/uploads\/2025\/05\/Easy-Folding-Luxury-Pet-Stroller-with-Mesh-Windows-for-Cats-and-Dogs-11.jpg 750w\" sizes=\"auto, (max-width: 370px) 100vw, 370px\" \/><\/p>\n<div style=\"flex: 1; min-width: 0;\">\n<p style=\"color: gray;\">Gr\u00e2ce au pliage automatique par simple pression, il suffit de pousser et d'appuyer pour un rangement rapide et facile.<\/p>\n<\/div>\n<\/div>\n<\/div>\n<div style=\"max-width: 800px; margin: auto; padding: 20px;\">\n<p><!-- \u5de6\u56fe\u53f3\u6587 --><\/p>\n<div style=\"display: flex; align-items: center; gap: 20px; margin-bottom: 40px; flex-wrap: wrap;\">\n<p><img loading=\"lazy\" decoding=\"async\" class=\"alignnone wp-image-1356\" src=\"https:\/\/www.deopaws.com\/wp-content\/uploads\/2025\/05\/Easy-Folding-Luxury-Pet-Stroller-with-Mesh-Windows-for-Cats-and-Dogs-4-300x240.jpg\" alt=\"stroller for cat\" width=\"370\" height=\"296\" srcset=\"https:\/\/www.deopaws.com\/wp-content\/uploads\/2025\/05\/Easy-Folding-Luxury-Pet-Stroller-with-Mesh-Windows-for-Cats-and-Dogs-4-300x240.jpg 300w, https:\/\/www.deopaws.com\/wp-content\/uploads\/2025\/05\/Easy-Folding-Luxury-Pet-Stroller-with-Mesh-Windows-for-Cats-and-Dogs-4-600x480.jpg 600w, https:\/\/www.deopaws.com\/wp-content\/uploads\/2025\/05\/Easy-Folding-Luxury-Pet-Stroller-with-Mesh-Windows-for-Cats-and-Dogs-4.jpg 750w\" sizes=\"auto, (max-width: 370px) 100vw, 370px\" \/><\/p>\n<div style=\"flex: 1; min-width: 0;\">\n<p style=\"color: gray;\">Antid\u00e9rapant et r\u00e9sistant \u00e0 l'usure, l\u00e9ger et flexible, avec des capacit\u00e9s d'absorption des chocs et une meilleure adh\u00e9rence pour une conduite en douceur.<\/p>\n<\/div>\n<\/div>\n<p><!-- \u53f3\u56fe\u5de6\u6587 --><\/p>\n<div style=\"display: flex; flex-direction: row-reverse; align-items: center; gap: 20px; flex-wrap: wrap;\">\n<p><img loading=\"lazy\" decoding=\"async\" class=\"alignnone wp-image-1362\" src=\"https:\/\/www.deopaws.com\/wp-content\/uploads\/2025\/05\/Easy-Folding-Luxury-Pet-Stroller-with-Mesh-Windows-for-Cats-and-Dogs-10-300x240.jpg\" alt=\"stroller for cat\" width=\"370\" height=\"296\" srcset=\"https:\/\/www.deopaws.com\/wp-content\/uploads\/2025\/05\/Easy-Folding-Luxury-Pet-Stroller-with-Mesh-Windows-for-Cats-and-Dogs-10-300x240.jpg 300w, https:\/\/www.deopaws.com\/wp-content\/uploads\/2025\/05\/Easy-Folding-Luxury-Pet-Stroller-with-Mesh-Windows-for-Cats-and-Dogs-10-600x480.jpg 600w, https:\/\/www.deopaws.com\/wp-content\/uploads\/2025\/05\/Easy-Folding-Luxury-Pet-Stroller-with-Mesh-Windows-for-Cats-and-Dogs-10.jpg 750w\" sizes=\"auto, (max-width: 370px) 100vw, 370px\" \/><\/p>\n<div style=\"flex: 1; min-width: 0;\">\n<p style=\"color: gray;\">La roue arri\u00e8re \u00e0 double frein garantit des d\u00e9placements plus s\u00fbrs - appuyez sur le frein pour vous arr\u00eater et sur la molette pour avancer.<\/p>\n<\/div>\n<\/div>\n<\/div>\n<div style=\"max-width: 800px; margin: auto; padding: 20px;\">\n<p><!-- \u5de6\u56fe\u53f3\u6587 --><\/p>\n<div style=\"display: flex; align-items: center; gap: 20px; margin-bottom: 40px; flex-wrap: wrap;\">\n<p><img loading=\"lazy\" decoding=\"async\" class=\"alignnone wp-image-1353\" src=\"https:\/\/www.deopaws.com\/wp-content\/uploads\/2025\/05\/Easy-Folding-Luxury-Pet-Stroller-with-Mesh-Windows-for-Cats-and-Dogs-1-300x240.jpg\" alt=\"stroller for cat\" width=\"370\" height=\"296\" srcset=\"https:\/\/www.deopaws.com\/wp-content\/uploads\/2025\/05\/Easy-Folding-Luxury-Pet-Stroller-with-Mesh-Windows-for-Cats-and-Dogs-1-300x240.jpg 300w, https:\/\/www.deopaws.com\/wp-content\/uploads\/2025\/05\/Easy-Folding-Luxury-Pet-Stroller-with-Mesh-Windows-for-Cats-and-Dogs-1-600x480.jpg 600w, https:\/\/www.deopaws.com\/wp-content\/uploads\/2025\/05\/Easy-Folding-Luxury-Pet-Stroller-with-Mesh-Windows-for-Cats-and-Dogs-1.jpg 750w\" sizes=\"auto, (max-width: 370px) 100vw, 370px\" \/><\/p>\n<div style=\"flex: 1; min-width: 0;\">\n<p style=\"color: gray;\">Le coussin \u00e9pais comprend un coussin souple ind\u00e9pendant du Velcro, amovible pour un lavage \u00e0 la main, tandis que la corde de s\u00e9curit\u00e9 pour animaux de compagnie avec des crochets ajust\u00e9s assure une s\u00e9curit\u00e9 accrue. La boucle de fermeture permet de maintenir la poussette en s\u00e9curit\u00e9 lorsqu'elle est pli\u00e9e, et le grand sac de rangement permet de ranger facilement les accessoires de l'animal et du propri\u00e9taire, ce qui facilite le rangement de vos affaires.<\/p>\n<\/div>\n<\/div>\n<\/div>\n<h3>Affichage d'usine<\/h3>\n<p>&nbsp;<\/p>\n<div class=\"row\">\n<div class=\"col-lg-4\"><img loading=\"lazy\" decoding=\"async\" class=\"alignnone size-medium wp-image-142\" src=\"https:\/\/gray-bee-883835.hostingersite.com\/wp-content\/uploads\/2025\/04\/Small-pet-raincoat-3_-300x225.jpg\" alt=\"\" width=\"300\" height=\"225\" srcset=\"https:\/\/www.deopaws.com\/wp-content\/uploads\/2025\/04\/Small-pet-raincoat-3_-300x225.jpg 300w, https:\/\/www.deopaws.com\/wp-content\/uploads\/2025\/04\/Small-pet-raincoat-3_-600x450.jpg 600w, https:\/\/www.deopaws.com\/wp-content\/uploads\/2025\/04\/Small-pet-raincoat-3_-768x576.jpg 768w, https:\/\/www.deopaws.com\/wp-content\/uploads\/2025\/04\/Small-pet-raincoat-3_.jpg 800w\" sizes=\"auto, (max-width: 300px) 100vw, 300px\" \/><\/div>\n<div class=\"col-lg-4\"><img loading=\"lazy\" decoding=\"async\" class=\"alignnone size-medium wp-image-138\" src=\"https:\/\/gray-bee-883835.hostingersite.com\/wp-content\/uploads\/2025\/04\/Small-pet-raincoat-2-2-300x225.jpg\" alt=\"\" width=\"300\" height=\"225\" srcset=\"https:\/\/www.deopaws.com\/wp-content\/uploads\/2025\/04\/Small-pet-raincoat-2-2-300x225.jpg 300w, https:\/\/www.deopaws.com\/wp-content\/uploads\/2025\/04\/Small-pet-raincoat-2-2-600x450.jpg 600w, https:\/\/www.deopaws.com\/wp-content\/uploads\/2025\/04\/Small-pet-raincoat-2-2-768x576.jpg 768w, https:\/\/www.deopaws.com\/wp-content\/uploads\/2025\/04\/Small-pet-raincoat-2-2.jpg 800w\" sizes=\"auto, (max-width: 300px) 100vw, 300px\" \/><\/div>\n<div class=\"col-lg-4\"><img loading=\"lazy\" decoding=\"async\" class=\"alignnone size-medium wp-image-139\" src=\"https:\/\/gray-bee-883835.hostingersite.com\/wp-content\/uploads\/2025\/04\/Small-pet-raincoat-3-2-300x225.jpg\" alt=\"\" width=\"300\" height=\"225\" srcset=\"https:\/\/www.deopaws.com\/wp-content\/uploads\/2025\/04\/Small-pet-raincoat-3-2-300x225.jpg 300w, https:\/\/www.deopaws.com\/wp-content\/uploads\/2025\/04\/Small-pet-raincoat-3-2-600x450.jpg 600w, https:\/\/www.deopaws.com\/wp-content\/uploads\/2025\/04\/Small-pet-raincoat-3-2-768x576.jpg 768w, https:\/\/www.deopaws.com\/wp-content\/uploads\/2025\/04\/Small-pet-raincoat-3-2.jpg 800w\" sizes=\"auto, (max-width: 300px) 100vw, 300px\" \/><\/div>\n<p>&nbsp;<\/p>\n<div>\n<div class=\"row\">\n<div class=\"col-lg-4\"><img loading=\"lazy\" decoding=\"async\" class=\"alignnone size-medium wp-image-141\" src=\"https:\/\/gray-bee-883835.hostingersite.com\/wp-content\/uploads\/2025\/04\/Small-pet-raincoat-2_-300x225.jpg\" alt=\"\" width=\"300\" height=\"225\" srcset=\"https:\/\/www.deopaws.com\/wp-content\/uploads\/2025\/04\/Small-pet-raincoat-2_-300x225.jpg 300w, https:\/\/www.deopaws.com\/wp-content\/uploads\/2025\/04\/Small-pet-raincoat-2_-600x450.jpg 600w, https:\/\/www.deopaws.com\/wp-content\/uploads\/2025\/04\/Small-pet-raincoat-2_-768x576.jpg 768w, https:\/\/www.deopaws.com\/wp-content\/uploads\/2025\/04\/Small-pet-raincoat-2_.jpg 800w\" sizes=\"auto, (max-width: 300px) 100vw, 300px\" \/><\/div>\n<div class=\"col-lg-4\"><img loading=\"lazy\" decoding=\"async\" class=\"alignnone size-full wp-image-1656\" src=\"https:\/\/www.deopaws.com\/wp-content\/uploads\/2025\/05\/fact-1_\u526f\u672c.jpg\" alt=\"\" width=\"300\" height=\"225\" \/><\/div>\n<div class=\"col-lg-4\"><img loading=\"lazy\" decoding=\"async\" class=\"alignnone size-medium wp-image-137\" src=\"https:\/\/gray-bee-883835.hostingersite.com\/wp-content\/uploads\/2025\/04\/Small-pet-raincoat-1-2-300x225.jpg\" alt=\"\" width=\"300\" height=\"225\" srcset=\"https:\/\/www.deopaws.com\/wp-content\/uploads\/2025\/04\/Small-pet-raincoat-1-2-300x225.jpg 300w, https:\/\/www.deopaws.com\/wp-content\/uploads\/2025\/04\/Small-pet-raincoat-1-2-600x450.jpg 600w, https:\/\/www.deopaws.com\/wp-content\/uploads\/2025\/04\/Small-pet-raincoat-1-2-768x576.jpg 768w, https:\/\/www.deopaws.com\/wp-content\/uploads\/2025\/04\/Small-pet-raincoat-1-2.jpg 800w\" sizes=\"auto, (max-width: 300px) 100vw, 300px\" \/><\/div>\n<div><\/div>\n<\/div>\n<\/div>\n<\/div>","protected":false},"excerpt":{"rendered":"<p>Poussette de luxe pliable pour chat avec des fen\u00eatres en filet et un design coupe-vent - parfait pour garder votre chat \u00e0 l'aise \u00e0 l'int\u00e9rieur ou \u00e0 l'ext\u00e9rieur.<\/p>","protected":false},"featured_media":3679,"comment_status":"open","ping_status":"closed","template":"","meta":{"_acf_changed":false},"product_brand":[],"product_cat":[15,17,32,16,26],"product_tag":[],"class_list":{"0":"post-1352","1":"product","2":"type-product","3":"status-publish","4":"has-post-thumbnail","6":"product_cat-products","7":"product_cat-cat-supplies","8":"product_cat-cat-carrier","9":"product_cat-dog-supplies","10":"product_cat-dog-carriers-car-supplies","12":"first","13":"instock","14":"shipping-taxable","15":"product-type-simple"},"acf":[],"_links":{"self":[{"href":"https:\/\/www.deopaws.com\/fr\/wp-json\/wp\/v2\/product\/1352","targetHints":{"allow":["GET"]}}],"collection":[{"href":"https:\/\/www.deopaws.com\/fr\/wp-json\/wp\/v2\/product"}],"about":[{"href":"https:\/\/www.deopaws.com\/fr\/wp-json\/wp\/v2\/types\/product"}],"replies":[{"embeddable":true,"href":"https:\/\/www.deopaws.com\/fr\/wp-json\/wp\/v2\/comments?post=1352"}],"wp:featuredmedia":[{"embeddable":true,"href":"https:\/\/www.deopaws.com\/fr\/wp-json\/wp\/v2\/media\/3679"}],"wp:attachment":[{"href":"https:\/\/www.deopaws.com\/fr\/wp-json\/wp\/v2\/media?parent=1352"}],"wp:term":[{"taxonomy":"product_brand","embeddable":true,"href":"https:\/\/www.deopaws.com\/fr\/wp-json\/wp\/v2\/product_brand?post=1352"},{"taxonomy":"product_cat","embeddable":true,"href":"https:\/\/www.deopaws.com\/fr\/wp-json\/wp\/v2\/product_cat?post=1352"},{"taxonomy":"product_tag","embeddable":true,"href":"https:\/\/www.deopaws.com\/fr\/wp-json\/wp\/v2\/product_tag?post=1352"}],"curies":[{"name":"wp","href":"https:\/\/api.w.org\/{rel}","templated":true}]}}