{"id":1284,"date":"2025-05-13T15:53:49","date_gmt":"2025-05-13T07:53:49","guid":{"rendered":"https:\/\/www.deopaws.com\/?post_type=product&#038;p=1284"},"modified":"2026-01-04T13:02:31","modified_gmt":"2026-01-04T05:02:31","slug":"interactive-toy-for-cats","status":"publish","type":"product","link":"https:\/\/www.deopaws.com\/fr\/interactive-toy-for-cats\/","title":{"rendered":"Jouet interactif pour chats - Jouet en plumes avec base \u00e0 ventouse"},"content":{"rendered":"<h2 data-start=\"77\" data-end=\"192\">Jouet interactif pour les chats :<\/h2>\n<p class=\"\" data-start=\"77\" data-end=\"192\">\u25cf Respectueux de l'environnement : Fabriqu\u00e9 avec des mat\u00e9riaux s\u00fbrs et durables, assurant un temps de jeu amusant et responsable pour votre chat.<\/p>\n<p class=\"\" data-start=\"77\" data-end=\"192\"><br data-start=\"111\" data-end=\"114\" \/>\u25cf Polyvalent : parfait pour le divertissement en int\u00e9rieur, combinant taquineries de plumes et mouvement de bascule pour stimuler l'instinct de chasse.<\/p>\n<p class=\"\" data-start=\"77\" data-end=\"192\"><br data-start=\"241\" data-end=\"244\" \/>\u25cf Durable et \u00e9l\u00e9gant : Fabriqu\u00e9 avec une base d'aspiration robuste, un ressort m\u00e9tallique et des plumes naturelles dans des couleurs tendance pour une utilisation durable.<\/p>\n<p class=\"\" data-start=\"77\" data-end=\"192\"><br data-start=\"369\" data-end=\"372\" \/>\u25cf Installation facile : Il suffit de presser la ventouse sur des surfaces lisses pour jouer instantan\u00e9ment - aucun outil n'est n\u00e9cessaire.<\/p>\n<p class=\"\" data-start=\"77\" data-end=\"192\"><br data-start=\"475\" data-end=\"478\" \/>\u25cf Id\u00e9al pour les chats : Garde les chats engag\u00e9s, actifs et mentalement stimul\u00e9s tout en jouant seuls \u00e0 l'int\u00e9rieur.<\/p>\n<p class=\"\" data-start=\"77\" data-end=\"192\"><br data-start=\"576\" data-end=\"579\" \/>\u25cf Taille compacte : Le design peu encombrant s'adapte facilement \u00e0 n'importe quel coin ou fen\u00eatre pour un placement pratique.<\/p>\n<p>&nbsp;<\/p>\n<p>&nbsp;<\/p>\n<div style=\"max-width: 800px; margin: auto; padding: 20px;\">\n<p><!-- \u5de6\u56fe\u53f3\u6587 --><\/p>\n<div style=\"display: flex; align-items: center; gap: 20px; margin-bottom: 40px; flex-wrap: wrap;\">\n<p><img loading=\"lazy\" decoding=\"async\" class=\"alignnone wp-image-1287\" src=\"https:\/\/www.deopaws.com\/wp-content\/uploads\/2025\/05\/Indoor-Interactive-Cat-Toy-with-Natural-Bird-Feathers-and-Suction-Cup-Rocking-Base-4-300x240.jpg\" alt=\"\" width=\"370\" height=\"296\" srcset=\"https:\/\/www.deopaws.com\/wp-content\/uploads\/2025\/05\/Indoor-Interactive-Cat-Toy-with-Natural-Bird-Feathers-and-Suction-Cup-Rocking-Base-4-300x240.jpg 300w, https:\/\/www.deopaws.com\/wp-content\/uploads\/2025\/05\/Indoor-Interactive-Cat-Toy-with-Natural-Bird-Feathers-and-Suction-Cup-Rocking-Base-4-600x480.jpg 600w, https:\/\/www.deopaws.com\/wp-content\/uploads\/2025\/05\/Indoor-Interactive-Cat-Toy-with-Natural-Bird-Feathers-and-Suction-Cup-Rocking-Base-4.jpg 750w\" sizes=\"auto, (max-width: 370px) 100vw, 370px\" \/><\/p>\n<div style=\"flex: 1; min-width: 0;\">\n<p style=\"color: gray;\">Comment l'utiliser ?<\/p>\n<\/div>\n<\/div>\n<p><!-- \u53f3\u56fe\u5de6\u6587 --><\/p>\n<div style=\"display: flex; flex-direction: row-reverse; align-items: center; gap: 20px; flex-wrap: wrap;\">\n<p><img loading=\"lazy\" decoding=\"async\" class=\"alignnone wp-image-1288\" src=\"https:\/\/www.deopaws.com\/wp-content\/uploads\/2025\/05\/Indoor-Interactive-Cat-Toy-with-Natural-Bird-Feathers-and-Suction-Cup-Rocking-Base-5-300x240.jpg\" alt=\"\" width=\"370\" height=\"296\" srcset=\"https:\/\/www.deopaws.com\/wp-content\/uploads\/2025\/05\/Indoor-Interactive-Cat-Toy-with-Natural-Bird-Feathers-and-Suction-Cup-Rocking-Base-5-300x240.jpg 300w, https:\/\/www.deopaws.com\/wp-content\/uploads\/2025\/05\/Indoor-Interactive-Cat-Toy-with-Natural-Bird-Feathers-and-Suction-Cup-Rocking-Base-5-600x480.jpg 600w, https:\/\/www.deopaws.com\/wp-content\/uploads\/2025\/05\/Indoor-Interactive-Cat-Toy-with-Natural-Bird-Feathers-and-Suction-Cup-Rocking-Base-5.jpg 750w\" sizes=\"auto, (max-width: 370px) 100vw, 370px\" \/><\/p>\n<div style=\"flex: 1; min-width: 0;\">\n<p style=\"color: gray;\">Fabriqu\u00e9 avec des mat\u00e9riaux s\u00fbrs et durables, il garantit \u00e0 votre chat un temps de jeu amusant et responsable.<\/p>\n<\/div>\n<\/div>\n<\/div>\n<div style=\"max-width: 800px; margin: auto; padding: 20px;\">\n<p><!-- \u5de6\u56fe\u53f3\u6587 --><\/p>\n<div style=\"display: flex; align-items: center; gap: 20px; margin-bottom: 40px; flex-wrap: wrap;\">\n<p><img loading=\"lazy\" decoding=\"async\" class=\"alignnone wp-image-1293\" src=\"https:\/\/www.deopaws.com\/wp-content\/uploads\/2025\/05\/Indoor-Interactive-Cat-Toy-with-Natural-Bird-Feathers-and-Suction-Cup-Rocking-Base-1-300x240.jpg\" alt=\"\" width=\"370\" height=\"296\" srcset=\"https:\/\/www.deopaws.com\/wp-content\/uploads\/2025\/05\/Indoor-Interactive-Cat-Toy-with-Natural-Bird-Feathers-and-Suction-Cup-Rocking-Base-1-300x240.jpg 300w, https:\/\/www.deopaws.com\/wp-content\/uploads\/2025\/05\/Indoor-Interactive-Cat-Toy-with-Natural-Bird-Feathers-and-Suction-Cup-Rocking-Base-1-600x480.jpg 600w, https:\/\/www.deopaws.com\/wp-content\/uploads\/2025\/05\/Indoor-Interactive-Cat-Toy-with-Natural-Bird-Feathers-and-Suction-Cup-Rocking-Base-1.jpg 750w\" sizes=\"auto, (max-width: 370px) 100vw, 370px\" \/><\/p>\n<div style=\"flex: 1; min-width: 0;\">\n<p style=\"color: gray;\">Informations sur la taille des diff\u00e9rents mod\u00e8les<\/p>\n<\/div>\n<\/div>\n<\/div>\n<h3>Affichage d'usine<\/h3>\n<p>&nbsp;<\/p>\n<div class=\"row\">\n<div class=\"col-lg-4\"><img loading=\"lazy\" decoding=\"async\" class=\"alignnone size-medium wp-image-142\" src=\"https:\/\/gray-bee-883835.hostingersite.com\/wp-content\/uploads\/2025\/04\/Small-pet-raincoat-3_-300x225.jpg\" alt=\"\" width=\"300\" height=\"225\" srcset=\"https:\/\/www.deopaws.com\/wp-content\/uploads\/2025\/04\/Small-pet-raincoat-3_-300x225.jpg 300w, https:\/\/www.deopaws.com\/wp-content\/uploads\/2025\/04\/Small-pet-raincoat-3_-600x450.jpg 600w, https:\/\/www.deopaws.com\/wp-content\/uploads\/2025\/04\/Small-pet-raincoat-3_-768x576.jpg 768w, https:\/\/www.deopaws.com\/wp-content\/uploads\/2025\/04\/Small-pet-raincoat-3_.jpg 800w\" sizes=\"auto, (max-width: 300px) 100vw, 300px\" \/><\/div>\n<div class=\"col-lg-4\"><img loading=\"lazy\" decoding=\"async\" class=\"alignnone size-medium wp-image-138\" src=\"https:\/\/gray-bee-883835.hostingersite.com\/wp-content\/uploads\/2025\/04\/Small-pet-raincoat-2-2-300x225.jpg\" alt=\"\" width=\"300\" height=\"225\" srcset=\"https:\/\/www.deopaws.com\/wp-content\/uploads\/2025\/04\/Small-pet-raincoat-2-2-300x225.jpg 300w, https:\/\/www.deopaws.com\/wp-content\/uploads\/2025\/04\/Small-pet-raincoat-2-2-600x450.jpg 600w, https:\/\/www.deopaws.com\/wp-content\/uploads\/2025\/04\/Small-pet-raincoat-2-2-768x576.jpg 768w, https:\/\/www.deopaws.com\/wp-content\/uploads\/2025\/04\/Small-pet-raincoat-2-2.jpg 800w\" sizes=\"auto, (max-width: 300px) 100vw, 300px\" \/><\/div>\n<div class=\"col-lg-4\"><img loading=\"lazy\" decoding=\"async\" class=\"alignnone size-medium wp-image-139\" src=\"https:\/\/gray-bee-883835.hostingersite.com\/wp-content\/uploads\/2025\/04\/Small-pet-raincoat-3-2-300x225.jpg\" alt=\"\" width=\"300\" height=\"225\" srcset=\"https:\/\/www.deopaws.com\/wp-content\/uploads\/2025\/04\/Small-pet-raincoat-3-2-300x225.jpg 300w, https:\/\/www.deopaws.com\/wp-content\/uploads\/2025\/04\/Small-pet-raincoat-3-2-600x450.jpg 600w, https:\/\/www.deopaws.com\/wp-content\/uploads\/2025\/04\/Small-pet-raincoat-3-2-768x576.jpg 768w, https:\/\/www.deopaws.com\/wp-content\/uploads\/2025\/04\/Small-pet-raincoat-3-2.jpg 800w\" sizes=\"auto, (max-width: 300px) 100vw, 300px\" \/><\/div>\n<p>&nbsp;<\/p>\n<div>\n<div class=\"row\">\n<div class=\"col-lg-4\"><img loading=\"lazy\" decoding=\"async\" class=\"alignnone size-medium wp-image-141\" src=\"https:\/\/gray-bee-883835.hostingersite.com\/wp-content\/uploads\/2025\/04\/Small-pet-raincoat-2_-300x225.jpg\" alt=\"\" width=\"300\" height=\"225\" srcset=\"https:\/\/www.deopaws.com\/wp-content\/uploads\/2025\/04\/Small-pet-raincoat-2_-300x225.jpg 300w, https:\/\/www.deopaws.com\/wp-content\/uploads\/2025\/04\/Small-pet-raincoat-2_-600x450.jpg 600w, https:\/\/www.deopaws.com\/wp-content\/uploads\/2025\/04\/Small-pet-raincoat-2_-768x576.jpg 768w, https:\/\/www.deopaws.com\/wp-content\/uploads\/2025\/04\/Small-pet-raincoat-2_.jpg 800w\" sizes=\"auto, (max-width: 300px) 100vw, 300px\" \/><\/div>\n<div class=\"col-lg-4\"><img loading=\"lazy\" decoding=\"async\" class=\"alignnone size-full wp-image-1656\" src=\"https:\/\/www.deopaws.com\/wp-content\/uploads\/2025\/05\/fact-1_\u526f\u672c.jpg\" alt=\"\" width=\"300\" height=\"225\" \/><\/div>\n<div class=\"col-lg-4\"><img loading=\"lazy\" decoding=\"async\" class=\"alignnone size-medium wp-image-137\" src=\"https:\/\/gray-bee-883835.hostingersite.com\/wp-content\/uploads\/2025\/04\/Small-pet-raincoat-1-2-300x225.jpg\" alt=\"\" width=\"300\" height=\"225\" srcset=\"https:\/\/www.deopaws.com\/wp-content\/uploads\/2025\/04\/Small-pet-raincoat-1-2-300x225.jpg 300w, https:\/\/www.deopaws.com\/wp-content\/uploads\/2025\/04\/Small-pet-raincoat-1-2-600x450.jpg 600w, https:\/\/www.deopaws.com\/wp-content\/uploads\/2025\/04\/Small-pet-raincoat-1-2-768x576.jpg 768w, https:\/\/www.deopaws.com\/wp-content\/uploads\/2025\/04\/Small-pet-raincoat-1-2.jpg 800w\" sizes=\"auto, (max-width: 300px) 100vw, 300px\" \/><\/div>\n<div><\/div>\n<\/div>\n<\/div>\n<\/div>","protected":false},"excerpt":{"rendered":"<p>The Indoor Interactive Toy for Cats features natural bird feathers and a secure suction cup base, making playtime fun and stable. With its eco-friendly design and rocking motion, this toy keeps cats engaged and active for hours. Easy to install and available in multiple colors, it&#8217;s the perfect indoor entertainment for curious feline friends.<\/p>","protected":false},"featured_media":1290,"comment_status":"open","ping_status":"closed","template":"","meta":{"_acf_changed":false},"product_brand":[],"product_cat":[15,17,31],"product_tag":[],"class_list":{"0":"post-1284","1":"product","2":"type-product","3":"status-publish","4":"has-post-thumbnail","6":"product_cat-products","7":"product_cat-cat-supplies","8":"product_cat-cat-toys","10":"first","11":"instock","12":"shipping-taxable","13":"product-type-simple"},"acf":[],"_links":{"self":[{"href":"https:\/\/www.deopaws.com\/fr\/wp-json\/wp\/v2\/product\/1284","targetHints":{"allow":["GET"]}}],"collection":[{"href":"https:\/\/www.deopaws.com\/fr\/wp-json\/wp\/v2\/product"}],"about":[{"href":"https:\/\/www.deopaws.com\/fr\/wp-json\/wp\/v2\/types\/product"}],"replies":[{"embeddable":true,"href":"https:\/\/www.deopaws.com\/fr\/wp-json\/wp\/v2\/comments?post=1284"}],"wp:featuredmedia":[{"embeddable":true,"href":"https:\/\/www.deopaws.com\/fr\/wp-json\/wp\/v2\/media\/1290"}],"wp:attachment":[{"href":"https:\/\/www.deopaws.com\/fr\/wp-json\/wp\/v2\/media?parent=1284"}],"wp:term":[{"taxonomy":"product_brand","embeddable":true,"href":"https:\/\/www.deopaws.com\/fr\/wp-json\/wp\/v2\/product_brand?post=1284"},{"taxonomy":"product_cat","embeddable":true,"href":"https:\/\/www.deopaws.com\/fr\/wp-json\/wp\/v2\/product_cat?post=1284"},{"taxonomy":"product_tag","embeddable":true,"href":"https:\/\/www.deopaws.com\/fr\/wp-json\/wp\/v2\/product_tag?post=1284"}],"curies":[{"name":"wp","href":"https:\/\/api.w.org\/{rel}","templated":true}]}}