{"id":1200,"date":"2025-05-13T10:15:24","date_gmt":"2025-05-13T02:15:24","guid":{"rendered":"https:\/\/www.deopaws.com\/?post_type=product&#038;p=1200"},"modified":"2026-01-04T13:05:12","modified_gmt":"2026-01-04T05:05:12","slug":"interactive-ball-toy-for-cats","status":"publish","type":"product","link":"https:\/\/www.deopaws.com\/fr\/interactive-ball-toy-for-cats\/","title":{"rendered":"Jouet boule interactif pour chats - Balle de jeu intelligente \u00e0 360\u00b0 et automatique"},"content":{"rendered":"<h2 data-start=\"77\" data-end=\"192\">Jouet \u00e0 balles interactif pour chats :<\/h2>\n<p>&nbsp;<\/p>\n<p class=\"\" data-start=\"77\" data-end=\"192\">\u25cf Respectueux de l'environnement : Fabriqu\u00e9 \u00e0 partir d'ABS et de silicone non toxiques, sans danger pour les animaux de compagnie et respectueux de l'environnement.<\/p>\n<p class=\"\" data-start=\"77\" data-end=\"192\"><br data-start=\"332\" data-end=\"335\" \/>\u25cf Jeu interactif : Roule automatiquement pour stimuler les instincts naturels de chasse de votre chat.<\/p>\n<p class=\"\" data-start=\"77\" data-end=\"192\"><br data-start=\"425\" data-end=\"428\" \/>\u25cf Conception durable : Construit avec des mat\u00e9riaux r\u00e9sistants aux chocs pour une utilisation durable.<\/p>\n<p class=\"\" data-start=\"77\" data-end=\"192\"><br data-start=\"505\" data-end=\"508\" \/>\u25cf \u00c9l\u00e9gant et amusant : L'aspect sportif et ludique ajoute de l'excitation \u00e0 la routine de votre chat.<\/p>\n<p class=\"\" data-start=\"77\" data-end=\"192\"><br data-start=\"593\" data-end=\"596\" \/>\u25cf Id\u00e9al pour les chats : Favorise l'exercice et la stimulation mentale.<\/p>\n<p class=\"\" data-start=\"77\" data-end=\"192\"><br data-start=\"657\" data-end=\"660\" \/>\u25cf Taille compacte : L\u00e9ger et portable avec 5,5 cm de diam\u00e8tre et seulement 45g.<\/p>\n<p>&nbsp;<\/p>\n<p>&nbsp;<\/p>\n<div style=\"max-width: 800px; margin: auto; padding: 20px;\">\n<p><!-- \u5de6\u56fe\u53f3\u6587 --><\/p>\n<div style=\"display: flex; align-items: center; gap: 20px; margin-bottom: 40px; flex-wrap: wrap;\">\n<p><img loading=\"lazy\" decoding=\"async\" class=\"alignnone wp-image-1206\" src=\"https:\/\/www.deopaws.com\/wp-content\/uploads\/2025\/05\/Smart-Rolling-Cat-Toy-Ball-\u2013-Automatic-and-Interactive-6-300x240.jpg\" alt=\"\" width=\"371\" height=\"297\" srcset=\"https:\/\/www.deopaws.com\/wp-content\/uploads\/2025\/05\/Smart-Rolling-Cat-Toy-Ball-\u2013-Automatic-and-Interactive-6-300x240.jpg 300w, https:\/\/www.deopaws.com\/wp-content\/uploads\/2025\/05\/Smart-Rolling-Cat-Toy-Ball-\u2013-Automatic-and-Interactive-6-600x480.jpg 600w, https:\/\/www.deopaws.com\/wp-content\/uploads\/2025\/05\/Smart-Rolling-Cat-Toy-Ball-\u2013-Automatic-and-Interactive-6.jpg 750w\" sizes=\"auto, (max-width: 371px) 100vw, 371px\" \/><\/p>\n<div style=\"flex: 1; min-width: 0;\">\n<p style=\"color: gray;\"><strong>Ce jouet \u00e0 balles interactif intelligent pour chats est dot\u00e9 d'une vitesse r\u00e9glable, de deux modes de jeu et d'une batterie \u00e0 longue dur\u00e9e de vie. Avec un d\u00e9filement flexible et un mouvement de pouss\u00e9e ludique qui se d\u00e9place de gauche \u00e0 droite, il permet \u00e0 votre chat de s'amuser et de se divertir pendant des heures.<\/strong><\/p>\n<\/div>\n<\/div>\n<p><!-- \u53f3\u56fe\u5de6\u6587 --><\/p>\n<div style=\"display: flex; flex-direction: row-reverse; align-items: center; gap: 20px; flex-wrap: wrap;\">\n<p><img loading=\"lazy\" decoding=\"async\" class=\"alignnone wp-image-1203\" src=\"https:\/\/www.deopaws.com\/wp-content\/uploads\/2025\/05\/Smart-Rolling-Cat-Toy-Ball-\u2013-Automatic-and-Interactive-3-300x240.jpg\" alt=\"\" width=\"370\" height=\"296\" srcset=\"https:\/\/www.deopaws.com\/wp-content\/uploads\/2025\/05\/Smart-Rolling-Cat-Toy-Ball-\u2013-Automatic-and-Interactive-3-300x240.jpg 300w, https:\/\/www.deopaws.com\/wp-content\/uploads\/2025\/05\/Smart-Rolling-Cat-Toy-Ball-\u2013-Automatic-and-Interactive-3-600x480.jpg 600w, https:\/\/www.deopaws.com\/wp-content\/uploads\/2025\/05\/Smart-Rolling-Cat-Toy-Ball-\u2013-Automatic-and-Interactive-3.jpg 750w\" sizes=\"auto, (max-width: 370px) 100vw, 370px\" \/><\/p>\n<div style=\"flex: 1; min-width: 0;\">\n<p style=\"color: gray;\">La course al\u00e9atoire et les actions de traction r\u00e9p\u00e9t\u00e9es d\u00e9clenchent de multiples \u00e9tats de mouvement pour attirer continuellement l'attention de votre chat.<\/p>\n<\/div>\n<\/div>\n<\/div>\n<div style=\"max-width: 800px; margin: auto; padding: 20px;\">\n<p><!-- \u5de6\u56fe\u53f3\u6587 --><\/p>\n<div style=\"display: flex; align-items: center; gap: 20px; margin-bottom: 40px; flex-wrap: wrap;\">\n<p><img loading=\"lazy\" decoding=\"async\" class=\"alignnone wp-image-1204\" src=\"https:\/\/www.deopaws.com\/wp-content\/uploads\/2025\/05\/Smart-Rolling-Cat-Toy-Ball-\u2013-Automatic-and-Interactive-4-300x240.jpg\" alt=\"\" width=\"370\" height=\"296\" srcset=\"https:\/\/www.deopaws.com\/wp-content\/uploads\/2025\/05\/Smart-Rolling-Cat-Toy-Ball-\u2013-Automatic-and-Interactive-4-300x240.jpg 300w, https:\/\/www.deopaws.com\/wp-content\/uploads\/2025\/05\/Smart-Rolling-Cat-Toy-Ball-\u2013-Automatic-and-Interactive-4-600x480.jpg 600w, https:\/\/www.deopaws.com\/wp-content\/uploads\/2025\/05\/Smart-Rolling-Cat-Toy-Ball-\u2013-Automatic-and-Interactive-4.jpg 750w\" sizes=\"auto, (max-width: 370px) 100vw, 370px\" \/><\/p>\n<div style=\"flex: 1; min-width: 0;\">\n<p style=\"color: gray;\">Pour passer d'un mode \u00e0 l'autre en un seul clic, il suffit d'appuyer sur le bouton d'alimentation et de le maintenir enfonc\u00e9 pour choisir : Mode normal (lumi\u00e8re verte, arr\u00eat automatique apr\u00e8s 5 minutes) ou Mode intelligent (lumi\u00e8re bleue, veille apr\u00e8s 5 minutes, r\u00e9activation au contact du chat).<\/p>\n<\/div>\n<\/div>\n<p><!-- \u53f3\u56fe\u5de6\u6587 --><\/p>\n<div style=\"display: flex; flex-direction: row-reverse; align-items: center; gap: 20px; flex-wrap: wrap;\">\n<p><img loading=\"lazy\" decoding=\"async\" class=\"alignnone wp-image-1202\" src=\"https:\/\/www.deopaws.com\/wp-content\/uploads\/2025\/05\/Smart-Rolling-Cat-Toy-Ball-\u2013-Automatic-and-Interactive-2-300x240.jpg\" alt=\"\" width=\"370\" height=\"296\" srcset=\"https:\/\/www.deopaws.com\/wp-content\/uploads\/2025\/05\/Smart-Rolling-Cat-Toy-Ball-\u2013-Automatic-and-Interactive-2-300x240.jpg 300w, https:\/\/www.deopaws.com\/wp-content\/uploads\/2025\/05\/Smart-Rolling-Cat-Toy-Ball-\u2013-Automatic-and-Interactive-2-600x480.jpg 600w, https:\/\/www.deopaws.com\/wp-content\/uploads\/2025\/05\/Smart-Rolling-Cat-Toy-Ball-\u2013-Automatic-and-Interactive-2.jpg 750w\" sizes=\"auto, (max-width: 370px) 100vw, 370px\" \/><\/p>\n<div style=\"flex: 1; min-width: 0;\">\n<p style=\"color: gray;\">Le chargement Type-C avec une batterie int\u00e9gr\u00e9e de 150mAh permet une utilisation longue dur\u00e9e avec une seule charge, \u00e9liminant le besoin de remplacer la batterie et r\u00e9duisant l'anxi\u00e9t\u00e9 li\u00e9e \u00e0 la consommation d'\u00e9nergie.<\/p>\n<\/div>\n<\/div>\n<\/div>\n<div style=\"max-width: 800px; margin: auto; padding: 20px;\">\n<p><!-- \u5de6\u56fe\u53f3\u6587 --><\/p>\n<div style=\"display: flex; align-items: center; gap: 20px; margin-bottom: 40px; flex-wrap: wrap;\">\n<p><img loading=\"lazy\" decoding=\"async\" class=\"alignnone wp-image-1201\" src=\"https:\/\/www.deopaws.com\/wp-content\/uploads\/2025\/05\/Smart-Rolling-Cat-Toy-Ball-\u2013-Automatic-and-Interactive-1-300x240.jpg\" alt=\"\" width=\"370\" height=\"296\" srcset=\"https:\/\/www.deopaws.com\/wp-content\/uploads\/2025\/05\/Smart-Rolling-Cat-Toy-Ball-\u2013-Automatic-and-Interactive-1-300x240.jpg 300w, https:\/\/www.deopaws.com\/wp-content\/uploads\/2025\/05\/Smart-Rolling-Cat-Toy-Ball-\u2013-Automatic-and-Interactive-1-600x480.jpg 600w, https:\/\/www.deopaws.com\/wp-content\/uploads\/2025\/05\/Smart-Rolling-Cat-Toy-Ball-\u2013-Automatic-and-Interactive-1.jpg 750w\" sizes=\"auto, (max-width: 370px) 100vw, 370px\" \/><\/p>\n<div style=\"flex: 1; min-width: 0;\">\n<p style=\"color: gray;\">\u00c9quip\u00e9 d'un moteur haute performance de 12 000 tours\/minute, cet appareil atteint des vitesses allant jusqu'\u00e0 1 m\/s, ce qui rend difficile pour les joueurs exp\u00e9riment\u00e9s de faire la distinction entre les vitesses \u00e9lev\u00e9es et les vitesses faibles.<\/p>\n<\/div>\n<\/div>\n<\/div>\n<h3>Affichage d'usine<\/h3>\n<p>&nbsp;<\/p>\n<div class=\"row\">\n<div class=\"col-lg-4\"><img loading=\"lazy\" decoding=\"async\" class=\"alignnone size-medium wp-image-142\" src=\"https:\/\/gray-bee-883835.hostingersite.com\/wp-content\/uploads\/2025\/04\/Small-pet-raincoat-3_-300x225.jpg\" alt=\"\" width=\"300\" height=\"225\" srcset=\"https:\/\/www.deopaws.com\/wp-content\/uploads\/2025\/04\/Small-pet-raincoat-3_-300x225.jpg 300w, https:\/\/www.deopaws.com\/wp-content\/uploads\/2025\/04\/Small-pet-raincoat-3_-600x450.jpg 600w, https:\/\/www.deopaws.com\/wp-content\/uploads\/2025\/04\/Small-pet-raincoat-3_-768x576.jpg 768w, https:\/\/www.deopaws.com\/wp-content\/uploads\/2025\/04\/Small-pet-raincoat-3_.jpg 800w\" sizes=\"auto, (max-width: 300px) 100vw, 300px\" \/><\/div>\n<div class=\"col-lg-4\"><img loading=\"lazy\" decoding=\"async\" class=\"alignnone size-medium wp-image-138\" src=\"https:\/\/gray-bee-883835.hostingersite.com\/wp-content\/uploads\/2025\/04\/Small-pet-raincoat-2-2-300x225.jpg\" alt=\"\" width=\"300\" height=\"225\" srcset=\"https:\/\/www.deopaws.com\/wp-content\/uploads\/2025\/04\/Small-pet-raincoat-2-2-300x225.jpg 300w, https:\/\/www.deopaws.com\/wp-content\/uploads\/2025\/04\/Small-pet-raincoat-2-2-600x450.jpg 600w, https:\/\/www.deopaws.com\/wp-content\/uploads\/2025\/04\/Small-pet-raincoat-2-2-768x576.jpg 768w, https:\/\/www.deopaws.com\/wp-content\/uploads\/2025\/04\/Small-pet-raincoat-2-2.jpg 800w\" sizes=\"auto, (max-width: 300px) 100vw, 300px\" \/><\/div>\n<div class=\"col-lg-4\"><img loading=\"lazy\" decoding=\"async\" class=\"alignnone size-medium wp-image-139\" src=\"https:\/\/gray-bee-883835.hostingersite.com\/wp-content\/uploads\/2025\/04\/Small-pet-raincoat-3-2-300x225.jpg\" alt=\"\" width=\"300\" height=\"225\" srcset=\"https:\/\/www.deopaws.com\/wp-content\/uploads\/2025\/04\/Small-pet-raincoat-3-2-300x225.jpg 300w, https:\/\/www.deopaws.com\/wp-content\/uploads\/2025\/04\/Small-pet-raincoat-3-2-600x450.jpg 600w, https:\/\/www.deopaws.com\/wp-content\/uploads\/2025\/04\/Small-pet-raincoat-3-2-768x576.jpg 768w, https:\/\/www.deopaws.com\/wp-content\/uploads\/2025\/04\/Small-pet-raincoat-3-2.jpg 800w\" sizes=\"auto, (max-width: 300px) 100vw, 300px\" \/><\/div>\n<p>&nbsp;<\/p>\n<div>\n<div class=\"row\">\n<div class=\"col-lg-4\"><img loading=\"lazy\" decoding=\"async\" class=\"alignnone size-medium wp-image-141\" src=\"https:\/\/gray-bee-883835.hostingersite.com\/wp-content\/uploads\/2025\/04\/Small-pet-raincoat-2_-300x225.jpg\" alt=\"\" width=\"300\" height=\"225\" srcset=\"https:\/\/www.deopaws.com\/wp-content\/uploads\/2025\/04\/Small-pet-raincoat-2_-300x225.jpg 300w, https:\/\/www.deopaws.com\/wp-content\/uploads\/2025\/04\/Small-pet-raincoat-2_-600x450.jpg 600w, https:\/\/www.deopaws.com\/wp-content\/uploads\/2025\/04\/Small-pet-raincoat-2_-768x576.jpg 768w, https:\/\/www.deopaws.com\/wp-content\/uploads\/2025\/04\/Small-pet-raincoat-2_.jpg 800w\" sizes=\"auto, (max-width: 300px) 100vw, 300px\" \/><\/div>\n<div class=\"col-lg-4\"><img loading=\"lazy\" decoding=\"async\" class=\"alignnone size-full wp-image-1656\" src=\"https:\/\/www.deopaws.com\/wp-content\/uploads\/2025\/05\/fact-1_\u526f\u672c.jpg\" alt=\"\" width=\"300\" height=\"225\" \/><\/div>\n<div class=\"col-lg-4\"><img loading=\"lazy\" decoding=\"async\" class=\"alignnone size-medium wp-image-137\" src=\"https:\/\/gray-bee-883835.hostingersite.com\/wp-content\/uploads\/2025\/04\/Small-pet-raincoat-1-2-300x225.jpg\" alt=\"\" width=\"300\" height=\"225\" srcset=\"https:\/\/www.deopaws.com\/wp-content\/uploads\/2025\/04\/Small-pet-raincoat-1-2-300x225.jpg 300w, https:\/\/www.deopaws.com\/wp-content\/uploads\/2025\/04\/Small-pet-raincoat-1-2-600x450.jpg 600w, https:\/\/www.deopaws.com\/wp-content\/uploads\/2025\/04\/Small-pet-raincoat-1-2-768x576.jpg 768w, https:\/\/www.deopaws.com\/wp-content\/uploads\/2025\/04\/Small-pet-raincoat-1-2.jpg 800w\" sizes=\"auto, (max-width: 300px) 100vw, 300px\" \/><\/div>\n<div><\/div>\n<\/div>\n<\/div>\n<\/div>","protected":false},"excerpt":{"rendered":"<p>Ce jouet \u00e0 balles interactif pour chats offre un roulement automatique et intelligent qui permet \u00e0 votre f\u00e9lin de rester actif et de se divertir toute la journ\u00e9e. Fabriqu\u00e9 en ABS et en silicone respectueux de l'environnement, il est l\u00e9ger, durable et parfait pour les jeux d'int\u00e9rieur quotidiens.<\/p>","protected":false},"featured_media":3683,"comment_status":"open","ping_status":"closed","template":"","meta":{"_acf_changed":false},"product_brand":[],"product_cat":[15,17,31],"product_tag":[],"class_list":{"0":"post-1200","1":"product","2":"type-product","3":"status-publish","4":"has-post-thumbnail","6":"product_cat-products","7":"product_cat-cat-supplies","8":"product_cat-cat-toys","10":"first","11":"instock","12":"shipping-taxable","13":"product-type-simple"},"acf":[],"_links":{"self":[{"href":"https:\/\/www.deopaws.com\/fr\/wp-json\/wp\/v2\/product\/1200","targetHints":{"allow":["GET"]}}],"collection":[{"href":"https:\/\/www.deopaws.com\/fr\/wp-json\/wp\/v2\/product"}],"about":[{"href":"https:\/\/www.deopaws.com\/fr\/wp-json\/wp\/v2\/types\/product"}],"replies":[{"embeddable":true,"href":"https:\/\/www.deopaws.com\/fr\/wp-json\/wp\/v2\/comments?post=1200"}],"wp:featuredmedia":[{"embeddable":true,"href":"https:\/\/www.deopaws.com\/fr\/wp-json\/wp\/v2\/media\/3683"}],"wp:attachment":[{"href":"https:\/\/www.deopaws.com\/fr\/wp-json\/wp\/v2\/media?parent=1200"}],"wp:term":[{"taxonomy":"product_brand","embeddable":true,"href":"https:\/\/www.deopaws.com\/fr\/wp-json\/wp\/v2\/product_brand?post=1200"},{"taxonomy":"product_cat","embeddable":true,"href":"https:\/\/www.deopaws.com\/fr\/wp-json\/wp\/v2\/product_cat?post=1200"},{"taxonomy":"product_tag","embeddable":true,"href":"https:\/\/www.deopaws.com\/fr\/wp-json\/wp\/v2\/product_tag?post=1200"}],"curies":[{"name":"wp","href":"https:\/\/api.w.org\/{rel}","templated":true}]}}