{"id":1034,"date":"2025-05-12T09:33:58","date_gmt":"2025-05-12T01:33:58","guid":{"rendered":"https:\/\/www.deopaws.com\/?post_type=product&#038;p=1034"},"modified":"2025-07-29T17:13:17","modified_gmt":"2025-07-29T09:13:17","slug":"slow-feeder-dog-food-bowl","status":"publish","type":"product","link":"https:\/\/www.deopaws.com\/fr\/slow-feeder-dog-food-bowl\/","title":{"rendered":"Gamelle pour chien \u00e0 alimentation lente de couleur bonbon - Conception anti-gonflage pour \u00e9viter les ballonnements"},"content":{"rendered":"<h2 data-start=\"0\" data-end=\"94\">Gamelle pour chien \u00e0 alimentation lente :<\/h2>\n<p>&nbsp;<\/p>\n<p class=\"\" data-start=\"0\" data-end=\"94\">\u25cf \u00c9cologique : Fabriqu\u00e9e en mat\u00e9riau PP, cette gamelle pour chien assure la s\u00e9curit\u00e9 de votre animal et de la plan\u00e8te.<\/p>\n<p class=\"\" data-start=\"96\" data-end=\"185\">\u25cf Durable et \u00e9l\u00e9gant : Dot\u00e9 d'un design simple et moderne, il est \u00e0 la fois fonctionnel et attrayant.<\/p>\n<p class=\"\" data-start=\"187\" data-end=\"274\">\u25cf Ajustable et confortable : Aide votre animal \u00e0 manger \u00e0 un rythme confortable pour \u00e9viter les ballonnements.<\/p>\n<p class=\"\" data-start=\"276\" data-end=\"329\">\u25cf Polyvalent : id\u00e9al pour l'int\u00e9rieur, l'ext\u00e9rieur et les voyages.<\/p>\n<p class=\"\" data-start=\"331\" data-end=\"403\">\u25cf Disponible en plusieurs tailles : Offert en 20*5cm pour r\u00e9pondre aux besoins de votre animal de compagnie.<\/p>\n<p class=\"\" data-start=\"405\" data-end=\"469\">\u25cf Options personnalisables : MOQ de 20 pcs avec des options de couleurs flexibles.<\/p>\n<p>&nbsp;<\/p>\n<p>&nbsp;<\/p>\n<div style=\"max-width: 800px; margin: auto; padding: 20px;\">\n<p><!-- \u5de6\u56fe\u53f3\u6587 --><\/p>\n<div style=\"display: flex; align-items: center; gap: 20px; margin-bottom: 40px; flex-wrap: wrap;\">\n<p><img loading=\"lazy\" decoding=\"async\" class=\"alignnone wp-image-1040\" src=\"https:\/\/www.deopaws.com\/wp-content\/uploads\/2025\/05\/Candy-Colored-Anti-Gulping-Dog-Bowl-\u2013-Slow-Feeder-to-Prevent-Bloating-Made-from-PP-Material-6-300x240.jpg\" alt=\"slow feeder dog food bowl\" width=\"370\" height=\"296\" srcset=\"https:\/\/www.deopaws.com\/wp-content\/uploads\/2025\/05\/Candy-Colored-Anti-Gulping-Dog-Bowl-\u2013-Slow-Feeder-to-Prevent-Bloating-Made-from-PP-Material-6-300x240.jpg 300w, https:\/\/www.deopaws.com\/wp-content\/uploads\/2025\/05\/Candy-Colored-Anti-Gulping-Dog-Bowl-\u2013-Slow-Feeder-to-Prevent-Bloating-Made-from-PP-Material-6-600x480.jpg 600w, https:\/\/www.deopaws.com\/wp-content\/uploads\/2025\/05\/Candy-Colored-Anti-Gulping-Dog-Bowl-\u2013-Slow-Feeder-to-Prevent-Bloating-Made-from-PP-Material-6.jpg 750w\" sizes=\"auto, (max-width: 370px) 100vw, 370px\" \/><\/p>\n<div style=\"flex: 1; min-width: 0;\">\n<p style=\"color: gray;\">Fabriqu\u00e9e en PP, cette gamelle garantit la s\u00e9curit\u00e9 de votre animal et de la plan\u00e8te.<\/p>\n<\/div>\n<\/div>\n<p><!-- \u53f3\u56fe\u5de6\u6587 --><\/p>\n<div style=\"display: flex; flex-direction: row-reverse; align-items: center; gap: 20px; flex-wrap: wrap;\">\n<p><img loading=\"lazy\" decoding=\"async\" class=\"alignnone wp-image-1038\" src=\"https:\/\/www.deopaws.com\/wp-content\/uploads\/2025\/05\/Candy-Colored-Anti-Gulping-Dog-Bowl-\u2013-Slow-Feeder-to-Prevent-Bloating-Made-from-PP-Material-4-300x240.jpg\" alt=\"slow feeder dog food bowl\" width=\"370\" height=\"296\" srcset=\"https:\/\/www.deopaws.com\/wp-content\/uploads\/2025\/05\/Candy-Colored-Anti-Gulping-Dog-Bowl-\u2013-Slow-Feeder-to-Prevent-Bloating-Made-from-PP-Material-4-300x240.jpg 300w, https:\/\/www.deopaws.com\/wp-content\/uploads\/2025\/05\/Candy-Colored-Anti-Gulping-Dog-Bowl-\u2013-Slow-Feeder-to-Prevent-Bloating-Made-from-PP-Material-4-600x480.jpg 600w, https:\/\/www.deopaws.com\/wp-content\/uploads\/2025\/05\/Candy-Colored-Anti-Gulping-Dog-Bowl-\u2013-Slow-Feeder-to-Prevent-Bloating-Made-from-PP-Material-4.jpg 750w\" sizes=\"auto, (max-width: 370px) 100vw, 370px\" \/><\/p>\n<div style=\"flex: 1; min-width: 0;\">\n<p style=\"color: gray;\">Dot\u00e9 d'un design simple et moderne, il est \u00e0 la fois fonctionnel et attrayant.<\/p>\n<\/div>\n<\/div>\n<\/div>\n<div style=\"max-width: 800px; margin: auto; padding: 20px;\">\n<p><!-- \u5de6\u56fe\u53f3\u6587 --><\/p>\n<div style=\"display: flex; align-items: center; gap: 20px; margin-bottom: 40px; flex-wrap: wrap;\">\n<p><img loading=\"lazy\" decoding=\"async\" class=\"alignnone wp-image-1035\" src=\"https:\/\/www.deopaws.com\/wp-content\/uploads\/2025\/05\/Candy-Colored-Anti-Gulping-Dog-Bowl-\u2013-Slow-Feeder-to-Prevent-Bloating-Made-from-PP-Material-1-300x240.jpg\" alt=\"slow feeder dog food bowl\" width=\"370\" height=\"296\" srcset=\"https:\/\/www.deopaws.com\/wp-content\/uploads\/2025\/05\/Candy-Colored-Anti-Gulping-Dog-Bowl-\u2013-Slow-Feeder-to-Prevent-Bloating-Made-from-PP-Material-1-300x240.jpg 300w, https:\/\/www.deopaws.com\/wp-content\/uploads\/2025\/05\/Candy-Colored-Anti-Gulping-Dog-Bowl-\u2013-Slow-Feeder-to-Prevent-Bloating-Made-from-PP-Material-1-600x480.jpg 600w, https:\/\/www.deopaws.com\/wp-content\/uploads\/2025\/05\/Candy-Colored-Anti-Gulping-Dog-Bowl-\u2013-Slow-Feeder-to-Prevent-Bloating-Made-from-PP-Material-1.jpg 750w\" sizes=\"auto, (max-width: 370px) 100vw, 370px\" \/><\/p>\n<div style=\"flex: 1; min-width: 0;\">\n<p style=\"color: gray;\">La hauteur raisonnable de la gamelle permet de prot\u00e9ger la colonne cervicale de votre animal.<\/p>\n<\/div>\n<\/div>\n<\/div>\n<h3>Affichage d'usine<\/h3>\n<p>&nbsp;<\/p>\n<div class=\"row\">\n<div class=\"col-lg-4\"><img loading=\"lazy\" decoding=\"async\" class=\"alignnone size-medium wp-image-142\" src=\"https:\/\/gray-bee-883835.hostingersite.com\/wp-content\/uploads\/2025\/04\/Small-pet-raincoat-3_-300x225.jpg\" alt=\"\" width=\"300\" height=\"225\" srcset=\"https:\/\/www.deopaws.com\/wp-content\/uploads\/2025\/04\/Small-pet-raincoat-3_-300x225.jpg 300w, https:\/\/www.deopaws.com\/wp-content\/uploads\/2025\/04\/Small-pet-raincoat-3_-600x450.jpg 600w, https:\/\/www.deopaws.com\/wp-content\/uploads\/2025\/04\/Small-pet-raincoat-3_-768x576.jpg 768w, https:\/\/www.deopaws.com\/wp-content\/uploads\/2025\/04\/Small-pet-raincoat-3_.jpg 800w\" sizes=\"auto, (max-width: 300px) 100vw, 300px\" \/><\/div>\n<div class=\"col-lg-4\"><img loading=\"lazy\" decoding=\"async\" class=\"alignnone size-medium wp-image-138\" src=\"https:\/\/gray-bee-883835.hostingersite.com\/wp-content\/uploads\/2025\/04\/Small-pet-raincoat-2-2-300x225.jpg\" alt=\"\" width=\"300\" height=\"225\" srcset=\"https:\/\/www.deopaws.com\/wp-content\/uploads\/2025\/04\/Small-pet-raincoat-2-2-300x225.jpg 300w, https:\/\/www.deopaws.com\/wp-content\/uploads\/2025\/04\/Small-pet-raincoat-2-2-600x450.jpg 600w, https:\/\/www.deopaws.com\/wp-content\/uploads\/2025\/04\/Small-pet-raincoat-2-2-768x576.jpg 768w, https:\/\/www.deopaws.com\/wp-content\/uploads\/2025\/04\/Small-pet-raincoat-2-2.jpg 800w\" sizes=\"auto, (max-width: 300px) 100vw, 300px\" \/><\/div>\n<div class=\"col-lg-4\"><img loading=\"lazy\" decoding=\"async\" class=\"alignnone size-medium wp-image-139\" src=\"https:\/\/gray-bee-883835.hostingersite.com\/wp-content\/uploads\/2025\/04\/Small-pet-raincoat-3-2-300x225.jpg\" alt=\"\" width=\"300\" height=\"225\" srcset=\"https:\/\/www.deopaws.com\/wp-content\/uploads\/2025\/04\/Small-pet-raincoat-3-2-300x225.jpg 300w, https:\/\/www.deopaws.com\/wp-content\/uploads\/2025\/04\/Small-pet-raincoat-3-2-600x450.jpg 600w, https:\/\/www.deopaws.com\/wp-content\/uploads\/2025\/04\/Small-pet-raincoat-3-2-768x576.jpg 768w, https:\/\/www.deopaws.com\/wp-content\/uploads\/2025\/04\/Small-pet-raincoat-3-2.jpg 800w\" sizes=\"auto, (max-width: 300px) 100vw, 300px\" \/><\/div>\n<p>&nbsp;<\/p>\n<div>\n<div class=\"row\">\n<div class=\"col-lg-4\"><img loading=\"lazy\" decoding=\"async\" class=\"alignnone size-medium wp-image-141\" src=\"https:\/\/gray-bee-883835.hostingersite.com\/wp-content\/uploads\/2025\/04\/Small-pet-raincoat-2_-300x225.jpg\" alt=\"\" width=\"300\" height=\"225\" srcset=\"https:\/\/www.deopaws.com\/wp-content\/uploads\/2025\/04\/Small-pet-raincoat-2_-300x225.jpg 300w, https:\/\/www.deopaws.com\/wp-content\/uploads\/2025\/04\/Small-pet-raincoat-2_-600x450.jpg 600w, https:\/\/www.deopaws.com\/wp-content\/uploads\/2025\/04\/Small-pet-raincoat-2_-768x576.jpg 768w, https:\/\/www.deopaws.com\/wp-content\/uploads\/2025\/04\/Small-pet-raincoat-2_.jpg 800w\" sizes=\"auto, (max-width: 300px) 100vw, 300px\" \/><\/div>\n<div class=\"col-lg-4\"><img loading=\"lazy\" decoding=\"async\" class=\"alignnone size-full wp-image-1656\" src=\"https:\/\/www.deopaws.com\/wp-content\/uploads\/2025\/05\/fact-1_\u526f\u672c.jpg\" alt=\"\" width=\"300\" height=\"225\" \/><\/div>\n<div class=\"col-lg-4\"><img loading=\"lazy\" decoding=\"async\" class=\"alignnone size-medium wp-image-137\" src=\"https:\/\/gray-bee-883835.hostingersite.com\/wp-content\/uploads\/2025\/04\/Small-pet-raincoat-1-2-300x225.jpg\" alt=\"\" width=\"300\" height=\"225\" srcset=\"https:\/\/www.deopaws.com\/wp-content\/uploads\/2025\/04\/Small-pet-raincoat-1-2-300x225.jpg 300w, https:\/\/www.deopaws.com\/wp-content\/uploads\/2025\/04\/Small-pet-raincoat-1-2-600x450.jpg 600w, https:\/\/www.deopaws.com\/wp-content\/uploads\/2025\/04\/Small-pet-raincoat-1-2-768x576.jpg 768w, https:\/\/www.deopaws.com\/wp-content\/uploads\/2025\/04\/Small-pet-raincoat-1-2.jpg 800w\" sizes=\"auto, (max-width: 300px) 100vw, 300px\" \/><\/div>\n<div><\/div>\n<\/div>\n<\/div>\n<\/div>","protected":false},"excerpt":{"rendered":"<p>La gamelle pour chien \u00e0 alimentation lente Candy-Colored aide \u00e0 pr\u00e9venir les ballonnements en ralentissant le rythme alimentaire de votre animal. Fabriqu\u00e9e en PP \u00e9cologique, elle est durable, antid\u00e9rapante et facile \u00e0 nettoyer. Taille : 20\u00d75 cm. Commande minimum : 20 pi\u00e8ces.<\/p>","protected":false},"featured_media":1039,"comment_status":"open","ping_status":"closed","template":"","meta":{"_acf_changed":false},"product_brand":[],"product_cat":[15,16,28],"product_tag":[],"class_list":{"0":"post-1034","1":"product","2":"type-product","3":"status-publish","4":"has-post-thumbnail","6":"product_cat-products","7":"product_cat-dog-supplies","8":"product_cat-dog-feeding-watering-supplies","10":"first","11":"instock","12":"shipping-taxable","13":"product-type-simple"},"acf":[],"_links":{"self":[{"href":"https:\/\/www.deopaws.com\/fr\/wp-json\/wp\/v2\/product\/1034","targetHints":{"allow":["GET"]}}],"collection":[{"href":"https:\/\/www.deopaws.com\/fr\/wp-json\/wp\/v2\/product"}],"about":[{"href":"https:\/\/www.deopaws.com\/fr\/wp-json\/wp\/v2\/types\/product"}],"replies":[{"embeddable":true,"href":"https:\/\/www.deopaws.com\/fr\/wp-json\/wp\/v2\/comments?post=1034"}],"wp:featuredmedia":[{"embeddable":true,"href":"https:\/\/www.deopaws.com\/fr\/wp-json\/wp\/v2\/media\/1039"}],"wp:attachment":[{"href":"https:\/\/www.deopaws.com\/fr\/wp-json\/wp\/v2\/media?parent=1034"}],"wp:term":[{"taxonomy":"product_brand","embeddable":true,"href":"https:\/\/www.deopaws.com\/fr\/wp-json\/wp\/v2\/product_brand?post=1034"},{"taxonomy":"product_cat","embeddable":true,"href":"https:\/\/www.deopaws.com\/fr\/wp-json\/wp\/v2\/product_cat?post=1034"},{"taxonomy":"product_tag","embeddable":true,"href":"https:\/\/www.deopaws.com\/fr\/wp-json\/wp\/v2\/product_tag?post=1034"}],"curies":[{"name":"wp","href":"https:\/\/api.w.org\/{rel}","templated":true}]}}