{"id":847,"date":"2025-05-08T16:17:36","date_gmt":"2025-05-08T08:17:36","guid":{"rendered":"https:\/\/www.deopaws.com\/?post_type=product&#038;p=847"},"modified":"2025-07-31T17:20:47","modified_gmt":"2025-07-31T09:20:47","slug":"large-dog-puzzle-toys","status":"publish","type":"product","link":"https:\/\/www.deopaws.com\/es\/large-dog-puzzle-toys\/","title":{"rendered":"Juguetes de rompecabezas para perros grandes - Comedero lento interactivo para estimulaci\u00f3n mental"},"content":{"rendered":"<h2 data-start=\"92\" data-end=\"237\">Juguetes rompecabezas grandes para perros:<\/h2>\n<p>&nbsp;<\/p>\n<p class=\"\" data-start=\"92\" data-end=\"237\">Divertido e interactivo: Este juguete rompecabezas interactivo para perros estimula la mente de su perro, haciendo que el tiempo de juego sea agradable y ayudando a reducir el aburrimiento.<\/p>\n<p class=\"\" data-start=\"92\" data-end=\"237\"><br data-start=\"396\" data-end=\"399\" \/>\u25cf Seguro y duradero: Hecho de material PP ecol\u00f3gico y seguro para mascotas, perfecto para el entrenamiento y el uso diario.<\/p>\n<p class=\"\" data-start=\"92\" data-end=\"237\"><br data-start=\"498\" data-end=\"501\" data-is-only-node=\"\" \/>Ventajas ecol\u00f3gicas: Hecho a mano con materiales respetuosos con el medio ambiente para apoyar la salud de su mascota y el planeta.<\/p>\n<p class=\"\" data-start=\"92\" data-end=\"237\"><br data-start=\"620\" data-end=\"623\" \/>F\u00e1cil de limpiar: Dise\u00f1ado para un mantenimiento sencillo, este juguete rompecabezas se puede limpiar f\u00e1cilmente con un pa\u00f1o.<\/p>\n<p class=\"\" data-start=\"92\" data-end=\"237\"><br data-start=\"715\" data-end=\"718\" \/>\u25cf Ideal para el entrenamiento: Ralentiza la comida y promueve una hora de comer m\u00e1s saludable y consciente.<\/p>\n<p class=\"\" data-start=\"92\" data-end=\"237\"><br data-start=\"804\" data-end=\"807\" \/>\u25cf Vers\u00e1til: Disponible en varios colores -rosa, azul y verde- para adaptarse a sus preferencias.<\/p>\n<p>&nbsp;<\/p>\n<p>&nbsp;<\/p>\n<div style=\"max-width: 800px; margin: auto; padding: 20px;\">\n<p><!-- \u5de6\u56fe\u53f3\u6587 --><\/p>\n<div style=\"display: flex; align-items: center; gap: 20px; margin-bottom: 40px; flex-wrap: wrap;\">\n<p><img loading=\"lazy\" decoding=\"async\" class=\"alignnone wp-image-858\" src=\"https:\/\/www.deopaws.com\/wp-content\/uploads\/2025\/05\/Interactive-IQ-Dog-Puzzle-Toy-\u2013-Slow-Feeder-for-Training-and-Eating-11-300x240.jpg\" alt=\"large dog puzzle toys\" width=\"370\" height=\"296\" srcset=\"https:\/\/www.deopaws.com\/wp-content\/uploads\/2025\/05\/Interactive-IQ-Dog-Puzzle-Toy-\u2013-Slow-Feeder-for-Training-and-Eating-11-300x240.jpg 300w, https:\/\/www.deopaws.com\/wp-content\/uploads\/2025\/05\/Interactive-IQ-Dog-Puzzle-Toy-\u2013-Slow-Feeder-for-Training-and-Eating-11-600x480.jpg 600w, https:\/\/www.deopaws.com\/wp-content\/uploads\/2025\/05\/Interactive-IQ-Dog-Puzzle-Toy-\u2013-Slow-Feeder-for-Training-and-Eating-11.jpg 750w\" sizes=\"auto, (max-width: 370px) 100vw, 370px\" \/><\/p>\n<div style=\"flex: 1; min-width: 0;\">\n<p style=\"color: gray;\">Dise\u00f1ado con 14 compartimentos individuales para ocultar golosinas, este juguete rompecabezas interactivo fomenta la alimentaci\u00f3n lenta y mejora la estimulaci\u00f3n mental.<\/p>\n<\/div>\n<\/div>\n<p><!-- \u53f3\u56fe\u5de6\u6587 --><\/p>\n<div style=\"display: flex; flex-direction: row-reverse; align-items: center; gap: 20px; flex-wrap: wrap;\">\n<p><img loading=\"lazy\" decoding=\"async\" class=\"alignnone wp-image-849\" src=\"https:\/\/www.deopaws.com\/wp-content\/uploads\/2025\/05\/Interactive-IQ-Dog-Puzzle-Toy-\u2013-Slow-Feeder-for-Training-and-Eating-2-300x240.jpg\" alt=\"large dog puzzle toys\" width=\"370\" height=\"296\" srcset=\"https:\/\/www.deopaws.com\/wp-content\/uploads\/2025\/05\/Interactive-IQ-Dog-Puzzle-Toy-\u2013-Slow-Feeder-for-Training-and-Eating-2-300x240.jpg 300w, https:\/\/www.deopaws.com\/wp-content\/uploads\/2025\/05\/Interactive-IQ-Dog-Puzzle-Toy-\u2013-Slow-Feeder-for-Training-and-Eating-2-600x480.jpg 600w, https:\/\/www.deopaws.com\/wp-content\/uploads\/2025\/05\/Interactive-IQ-Dog-Puzzle-Toy-\u2013-Slow-Feeder-for-Training-and-Eating-2.jpg 750w\" sizes=\"auto, (max-width: 370px) 100vw, 370px\" \/><\/p>\n<div style=\"flex: 1; min-width: 0;\">\n<p style=\"color: gray;\">Fabricados con materiales seleccionados de alta calidad, estos grandes juguetes rompecabezas para perros son gruesos, resistentes al desgaste y muy duraderos, perfectos para los masticadores empedernidos y el juego inteligente.<\/p>\n<\/div>\n<\/div>\n<\/div>\n<div style=\"max-width: 800px; margin: auto; padding: 20px;\">\n<p><!-- \u5de6\u56fe\u53f3\u6587 --><\/p>\n<div style=\"display: flex; align-items: center; gap: 20px; margin-bottom: 40px; flex-wrap: wrap;\">\n<p><img loading=\"lazy\" decoding=\"async\" class=\"alignnone wp-image-855\" src=\"https:\/\/www.deopaws.com\/wp-content\/uploads\/2025\/05\/Interactive-IQ-Dog-Puzzle-Toy-\u2013-Slow-Feeder-for-Training-and-Eating-8-300x240.jpg\" alt=\"large dog puzzle toys\" width=\"370\" height=\"296\" srcset=\"https:\/\/www.deopaws.com\/wp-content\/uploads\/2025\/05\/Interactive-IQ-Dog-Puzzle-Toy-\u2013-Slow-Feeder-for-Training-and-Eating-8-300x240.jpg 300w, https:\/\/www.deopaws.com\/wp-content\/uploads\/2025\/05\/Interactive-IQ-Dog-Puzzle-Toy-\u2013-Slow-Feeder-for-Training-and-Eating-8-600x480.jpg 600w, https:\/\/www.deopaws.com\/wp-content\/uploads\/2025\/05\/Interactive-IQ-Dog-Puzzle-Toy-\u2013-Slow-Feeder-for-Training-and-Eating-8.jpg 750w\" sizes=\"auto, (max-width: 370px) 100vw, 370px\" \/><\/p>\n<div style=\"flex: 1; min-width: 0;\">\n<p style=\"color: gray;\">El dise\u00f1o de fijaci\u00f3n inferior con tornillos evita eficazmente que las piezas se caigan, lo que garantiza una mayor durabilidad y una vida \u00fatil m\u00e1s larga.<\/p>\n<\/div>\n<\/div>\n<p><!-- \u53f3\u56fe\u5de6\u6587 --><\/p>\n<div style=\"display: flex; flex-direction: row-reverse; align-items: center; gap: 20px; flex-wrap: wrap;\">\n<p><img loading=\"lazy\" decoding=\"async\" class=\"alignnone wp-image-848\" src=\"https:\/\/www.deopaws.com\/wp-content\/uploads\/2025\/05\/Interactive-IQ-Dog-Puzzle-Toy-\u2013-Slow-Feeder-for-Training-and-Eating-1-300x240.jpg\" alt=\"large dog puzzle toys\" width=\"370\" height=\"296\" srcset=\"https:\/\/www.deopaws.com\/wp-content\/uploads\/2025\/05\/Interactive-IQ-Dog-Puzzle-Toy-\u2013-Slow-Feeder-for-Training-and-Eating-1-300x240.jpg 300w, https:\/\/www.deopaws.com\/wp-content\/uploads\/2025\/05\/Interactive-IQ-Dog-Puzzle-Toy-\u2013-Slow-Feeder-for-Training-and-Eating-1-600x480.jpg 600w, https:\/\/www.deopaws.com\/wp-content\/uploads\/2025\/05\/Interactive-IQ-Dog-Puzzle-Toy-\u2013-Slow-Feeder-for-Training-and-Eating-1.jpg 750w\" sizes=\"auto, (max-width: 370px) 100vw, 370px\" \/><\/p>\n<div style=\"flex: 1; min-width: 0;\">\n<p style=\"color: gray;\">Las alfombrillas antideslizantes de silicona de la parte inferior mantienen el plato estable, garantizando un tiempo de juego ininterrumpido.<\/p>\n<\/div>\n<\/div>\n<\/div>\n<div style=\"max-width: 800px; margin: auto; padding: 20px;\">\n<p><!-- \u5de6\u56fe\u53f3\u6587 --><\/p>\n<div style=\"display: flex; align-items: center; gap: 20px; margin-bottom: 40px; flex-wrap: wrap;\">\n<p><img loading=\"lazy\" decoding=\"async\" class=\"alignnone wp-image-857\" src=\"https:\/\/www.deopaws.com\/wp-content\/uploads\/2025\/05\/Interactive-IQ-Dog-Puzzle-Toy-\u2013-Slow-Feeder-for-Training-and-Eating-10-300x240.jpg\" alt=\"large dog puzzle toys\" width=\"370\" height=\"296\" srcset=\"https:\/\/www.deopaws.com\/wp-content\/uploads\/2025\/05\/Interactive-IQ-Dog-Puzzle-Toy-\u2013-Slow-Feeder-for-Training-and-Eating-10-300x240.jpg 300w, https:\/\/www.deopaws.com\/wp-content\/uploads\/2025\/05\/Interactive-IQ-Dog-Puzzle-Toy-\u2013-Slow-Feeder-for-Training-and-Eating-10-600x480.jpg 600w, https:\/\/www.deopaws.com\/wp-content\/uploads\/2025\/05\/Interactive-IQ-Dog-Puzzle-Toy-\u2013-Slow-Feeder-for-Training-and-Eating-10.jpg 750w\" sizes=\"auto, (max-width: 370px) 100vw, 370px\" \/><\/p>\n<div style=\"flex: 1; min-width: 0;\">\n<p style=\"color: gray;\">Deslice o gire la tapa para abrir cada compartimento, coloque la comida dentro y, a continuaci\u00f3n, ci\u00e9rrela para ocultar las golosinas de forma segura.<\/p>\n<\/div>\n<\/div>\n<p><!-- \u53f3\u56fe\u5de6\u6587 --><\/p>\n<div style=\"display: flex; flex-direction: row-reverse; align-items: center; gap: 20px; flex-wrap: wrap;\">\n<p><img loading=\"lazy\" decoding=\"async\" class=\"alignnone wp-image-164\" src=\"https:\/\/gray-bee-883835.hostingersite.com\/wp-content\/uploads\/2025\/04\/1213-300x240.jpg\" alt=\"\" width=\"370\" height=\"296\" srcset=\"https:\/\/www.deopaws.com\/wp-content\/uploads\/2025\/04\/1213-300x240.jpg 300w, https:\/\/www.deopaws.com\/wp-content\/uploads\/2025\/04\/1213-600x480.jpg 600w, https:\/\/www.deopaws.com\/wp-content\/uploads\/2025\/04\/1213.jpg 750w\" sizes=\"auto, (max-width: 370px) 100vw, 370px\" \/><\/p>\n<div style=\"flex: 1; min-width: 0;\">\n<p style=\"color: gray;\">Este pa\u00f1o para perros no s\u00f3lo es \u00fanico, sino tambi\u00e9n totalmente personalizable. Puede ofrecer diferentes tallas, colores, dibujos o bordados personalizados, como nombres o dise\u00f1os especiales, en funci\u00f3n de las preferencias de sus clientes. Esto hace que cada jersey sea \u00fanico, perfectamente adaptado a las necesidades tanto de las mascotas como de sus due\u00f1os, lo que aumenta el atractivo del producto y su competitividad en el mercado.<\/p>\n<\/div>\n<\/div>\n<\/div>\n<div style=\"max-width: 800px; margin: auto; padding: 20px;\">\n<p><!-- \u5de6\u56fe\u53f3\u6587 --><\/p>\n<div style=\"display: flex; align-items: center; gap: 20px; margin-bottom: 40px; flex-wrap: wrap;\">\n<p><img loading=\"lazy\" decoding=\"async\" class=\"alignnone wp-image-159\" src=\"https:\/\/gray-bee-883835.hostingersite.com\/wp-content\/uploads\/2025\/04\/111-300x240.jpg\" alt=\"\" width=\"370\" height=\"296\" srcset=\"https:\/\/www.deopaws.com\/wp-content\/uploads\/2025\/04\/111-300x240.jpg 300w, https:\/\/www.deopaws.com\/wp-content\/uploads\/2025\/04\/111-600x480.jpg 600w, https:\/\/www.deopaws.com\/wp-content\/uploads\/2025\/04\/111.jpg 750w\" sizes=\"auto, (max-width: 370px) 100vw, 370px\" \/><\/p>\n<div style=\"flex: 1; min-width: 0;\">\n<p style=\"color: gray;\">Este pa\u00f1o para perros est\u00e1 disponible en una amplia gama de colores que se adaptan a las distintas personalidades de las mascotas. Ya sean rojos c\u00e1lidos, azules vibrantes, rosas suaves o blancos y negros cl\u00e1sicos, puede elegir seg\u00fan las preferencias de su mascota o cliente. Cada color est\u00e1 cuidadosamente dise\u00f1ado para garantizar que sea a la vez elegante y adecuado para diversas ocasiones, proporcionando tanto comodidad como encanto a cada perrito.<\/p>\n<\/div>\n<\/div>\n<p><!-- \u53f3\u56fe\u5de6\u6587 --><\/p>\n<div style=\"display: flex; flex-direction: row-reverse; align-items: center; gap: 20px; flex-wrap: wrap;\">\n<p><img loading=\"lazy\" decoding=\"async\" class=\"alignnone wp-image-160\" src=\"https:\/\/gray-bee-883835.hostingersite.com\/wp-content\/uploads\/2025\/04\/112-300x240.jpg\" alt=\"\" width=\"370\" height=\"296\" srcset=\"https:\/\/www.deopaws.com\/wp-content\/uploads\/2025\/04\/112-300x240.jpg 300w, https:\/\/www.deopaws.com\/wp-content\/uploads\/2025\/04\/112-600x480.jpg 600w, https:\/\/www.deopaws.com\/wp-content\/uploads\/2025\/04\/112.jpg 750w\" sizes=\"auto, (max-width: 370px) 100vw, 370px\" \/><\/p>\n<div style=\"flex: 1; min-width: 0;\">\n<p style=\"color: gray;\">Totalmente personalizable<\/p>\n<\/div>\n<\/div>\n<\/div>\n<div style=\"max-width: 800px; margin: auto; padding: 20px;\">\n<p><!-- \u5de6\u56fe\u53f3\u6587 --><\/p>\n<div style=\"display: flex; align-items: center; gap: 20px; margin-bottom: 40px; flex-wrap: wrap;\">\n<p><img loading=\"lazy\" decoding=\"async\" class=\"alignnone wp-image-161\" src=\"https:\/\/gray-bee-883835.hostingersite.com\/wp-content\/uploads\/2025\/04\/113-300x240.jpg\" alt=\"\" width=\"370\" height=\"296\" srcset=\"https:\/\/www.deopaws.com\/wp-content\/uploads\/2025\/04\/113-300x240.jpg 300w, https:\/\/www.deopaws.com\/wp-content\/uploads\/2025\/04\/113-600x480.jpg 600w, https:\/\/www.deopaws.com\/wp-content\/uploads\/2025\/04\/113.jpg 750w\" sizes=\"auto, (max-width: 370px) 100vw, 370px\" \/><\/p>\n<div style=\"flex: 1; min-width: 0;\">\n<p style=\"color: gray;\">\u00a0Confeccionado en forro polar de alta calidad, ofrece un tacto suave y un excelente aislamiento para los d\u00edas fr\u00edos.<\/p>\n<\/div>\n<\/div>\n<p><!-- \u53f3\u56fe\u5de6\u6587 --><\/p>\n<div style=\"display: flex; flex-direction: row-reverse; align-items: center; gap: 20px; flex-wrap: wrap;\">\n<p><img loading=\"lazy\" decoding=\"async\" class=\"alignnone wp-image-157\" src=\"https:\/\/gray-bee-883835.hostingersite.com\/wp-content\/uploads\/2025\/04\/11212-300x240.jpg\" alt=\"\" width=\"370\" height=\"296\" srcset=\"https:\/\/www.deopaws.com\/wp-content\/uploads\/2025\/04\/11212-300x240.jpg 300w, https:\/\/www.deopaws.com\/wp-content\/uploads\/2025\/04\/11212-600x480.jpg 600w, https:\/\/www.deopaws.com\/wp-content\/uploads\/2025\/04\/11212.jpg 750w\" sizes=\"auto, (max-width: 370px) 100vw, 370px\" \/><\/p>\n<div style=\"flex: 1; min-width: 0;\">\n<p style=\"color: gray;\">Puede a\u00f1adir su propio logotipo a los pa\u00f1os para convertirlo en un magn\u00edfico producto promocional para su empresa. El jersey tambi\u00e9n viene con una pr\u00e1ctica bolsa OPP para guardarlo y transportarlo f\u00e1cilmente.<\/p>\n<\/div>\n<\/div>\n<\/div>\n<h3>Pantalla de f\u00e1brica<\/h3>\n<p>&nbsp;<\/p>\n<div class=\"row\">\n<div class=\"col-lg-4\"><img loading=\"lazy\" decoding=\"async\" class=\"alignnone size-medium wp-image-142\" src=\"https:\/\/gray-bee-883835.hostingersite.com\/wp-content\/uploads\/2025\/04\/Small-pet-raincoat-3_-300x225.jpg\" alt=\"\" width=\"300\" height=\"225\" srcset=\"https:\/\/www.deopaws.com\/wp-content\/uploads\/2025\/04\/Small-pet-raincoat-3_-300x225.jpg 300w, https:\/\/www.deopaws.com\/wp-content\/uploads\/2025\/04\/Small-pet-raincoat-3_-600x450.jpg 600w, https:\/\/www.deopaws.com\/wp-content\/uploads\/2025\/04\/Small-pet-raincoat-3_-768x576.jpg 768w, https:\/\/www.deopaws.com\/wp-content\/uploads\/2025\/04\/Small-pet-raincoat-3_.jpg 800w\" sizes=\"auto, (max-width: 300px) 100vw, 300px\" \/><\/div>\n<div class=\"col-lg-4\"><img loading=\"lazy\" decoding=\"async\" class=\"alignnone size-medium wp-image-138\" src=\"https:\/\/gray-bee-883835.hostingersite.com\/wp-content\/uploads\/2025\/04\/Small-pet-raincoat-2-2-300x225.jpg\" alt=\"\" width=\"300\" height=\"225\" srcset=\"https:\/\/www.deopaws.com\/wp-content\/uploads\/2025\/04\/Small-pet-raincoat-2-2-300x225.jpg 300w, https:\/\/www.deopaws.com\/wp-content\/uploads\/2025\/04\/Small-pet-raincoat-2-2-600x450.jpg 600w, https:\/\/www.deopaws.com\/wp-content\/uploads\/2025\/04\/Small-pet-raincoat-2-2-768x576.jpg 768w, https:\/\/www.deopaws.com\/wp-content\/uploads\/2025\/04\/Small-pet-raincoat-2-2.jpg 800w\" sizes=\"auto, (max-width: 300px) 100vw, 300px\" \/><\/div>\n<div class=\"col-lg-4\"><img loading=\"lazy\" decoding=\"async\" class=\"alignnone size-medium wp-image-139\" src=\"https:\/\/gray-bee-883835.hostingersite.com\/wp-content\/uploads\/2025\/04\/Small-pet-raincoat-3-2-300x225.jpg\" alt=\"\" width=\"300\" height=\"225\" srcset=\"https:\/\/www.deopaws.com\/wp-content\/uploads\/2025\/04\/Small-pet-raincoat-3-2-300x225.jpg 300w, https:\/\/www.deopaws.com\/wp-content\/uploads\/2025\/04\/Small-pet-raincoat-3-2-600x450.jpg 600w, https:\/\/www.deopaws.com\/wp-content\/uploads\/2025\/04\/Small-pet-raincoat-3-2-768x576.jpg 768w, https:\/\/www.deopaws.com\/wp-content\/uploads\/2025\/04\/Small-pet-raincoat-3-2.jpg 800w\" sizes=\"auto, (max-width: 300px) 100vw, 300px\" \/><\/div>\n<p>&nbsp;<\/p>\n<div>\n<div class=\"row\">\n<div class=\"col-lg-4\"><img loading=\"lazy\" decoding=\"async\" class=\"alignnone size-medium wp-image-141\" src=\"https:\/\/gray-bee-883835.hostingersite.com\/wp-content\/uploads\/2025\/04\/Small-pet-raincoat-2_-300x225.jpg\" alt=\"\" width=\"300\" height=\"225\" srcset=\"https:\/\/www.deopaws.com\/wp-content\/uploads\/2025\/04\/Small-pet-raincoat-2_-300x225.jpg 300w, https:\/\/www.deopaws.com\/wp-content\/uploads\/2025\/04\/Small-pet-raincoat-2_-600x450.jpg 600w, https:\/\/www.deopaws.com\/wp-content\/uploads\/2025\/04\/Small-pet-raincoat-2_-768x576.jpg 768w, https:\/\/www.deopaws.com\/wp-content\/uploads\/2025\/04\/Small-pet-raincoat-2_.jpg 800w\" sizes=\"auto, (max-width: 300px) 100vw, 300px\" \/><\/div>\n<div class=\"col-lg-4\"><img loading=\"lazy\" decoding=\"async\" class=\"alignnone size-full wp-image-1656\" src=\"https:\/\/www.deopaws.com\/wp-content\/uploads\/2025\/05\/fact-1_\u526f\u672c.jpg\" alt=\"\" width=\"300\" height=\"225\" \/><\/div>\n<div class=\"col-lg-4\"><img loading=\"lazy\" decoding=\"async\" class=\"alignnone size-medium wp-image-137\" src=\"https:\/\/gray-bee-883835.hostingersite.com\/wp-content\/uploads\/2025\/04\/Small-pet-raincoat-1-2-300x225.jpg\" alt=\"\" width=\"300\" height=\"225\" srcset=\"https:\/\/www.deopaws.com\/wp-content\/uploads\/2025\/04\/Small-pet-raincoat-1-2-300x225.jpg 300w, https:\/\/www.deopaws.com\/wp-content\/uploads\/2025\/04\/Small-pet-raincoat-1-2-600x450.jpg 600w, https:\/\/www.deopaws.com\/wp-content\/uploads\/2025\/04\/Small-pet-raincoat-1-2-768x576.jpg 768w, https:\/\/www.deopaws.com\/wp-content\/uploads\/2025\/04\/Small-pet-raincoat-1-2.jpg 800w\" sizes=\"auto, (max-width: 300px) 100vw, 300px\" \/><\/div>\n<div><\/div>\n<\/div>\n<\/div>\n<\/div>","protected":false},"excerpt":{"rendered":"<p>The Interactive IQ Dog Puzzle Toy is a durable, eco-friendly slow feeder designed specifically for large dog puzzle toys needs. It stimulates your dog\u2019s mind while promoting healthy eating habits. Easy to clean and available in pink, blue, and green, it&#8217;s perfect for smart, active dogs.<\/p>","protected":false},"featured_media":850,"comment_status":"open","ping_status":"closed","template":"","meta":{"_acf_changed":false},"product_brand":[],"product_cat":[15,16,24],"product_tag":[],"class_list":{"0":"post-847","1":"product","2":"type-product","3":"status-publish","4":"has-post-thumbnail","6":"product_cat-products","7":"product_cat-dog-supplies","8":"product_cat-dog-toys","10":"first","11":"instock","12":"shipping-taxable","13":"product-type-simple"},"acf":[],"_links":{"self":[{"href":"https:\/\/www.deopaws.com\/es\/wp-json\/wp\/v2\/product\/847","targetHints":{"allow":["GET"]}}],"collection":[{"href":"https:\/\/www.deopaws.com\/es\/wp-json\/wp\/v2\/product"}],"about":[{"href":"https:\/\/www.deopaws.com\/es\/wp-json\/wp\/v2\/types\/product"}],"replies":[{"embeddable":true,"href":"https:\/\/www.deopaws.com\/es\/wp-json\/wp\/v2\/comments?post=847"}],"wp:featuredmedia":[{"embeddable":true,"href":"https:\/\/www.deopaws.com\/es\/wp-json\/wp\/v2\/media\/850"}],"wp:attachment":[{"href":"https:\/\/www.deopaws.com\/es\/wp-json\/wp\/v2\/media?parent=847"}],"wp:term":[{"taxonomy":"product_brand","embeddable":true,"href":"https:\/\/www.deopaws.com\/es\/wp-json\/wp\/v2\/product_brand?post=847"},{"taxonomy":"product_cat","embeddable":true,"href":"https:\/\/www.deopaws.com\/es\/wp-json\/wp\/v2\/product_cat?post=847"},{"taxonomy":"product_tag","embeddable":true,"href":"https:\/\/www.deopaws.com\/es\/wp-json\/wp\/v2\/product_tag?post=847"}],"curies":[{"name":"wp","href":"https:\/\/api.w.org\/{rel}","templated":true}]}}