{"id":543,"date":"2025-04-28T14:23:03","date_gmt":"2025-04-28T06:23:03","guid":{"rendered":"https:\/\/gray-bee-883835.hostingersite.com\/?post_type=product&#038;p=543"},"modified":"2025-08-04T14:38:27","modified_gmt":"2025-08-04T06:38:27","slug":"outdoor-waterproof-pet-dog-raincoat","status":"publish","type":"product","link":"https:\/\/www.deopaws.com\/es\/outdoor-waterproof-pet-dog-raincoat\/","title":{"rendered":"Impermeable para perros"},"content":{"rendered":"<p class=\"\" data-start=\"151\" data-end=\"292\">\u25cf Impermeable y Protector: Dise\u00f1ado para mantener a su perro seco y c\u00f3modo durante el tiempo lluvioso, con materiales impermeables como m\u00e1xima prioridad.<\/p>\n<p class=\"\" data-start=\"294\" data-end=\"399\">\u25cf Ajuste perfecto para perros: Adaptado para perros de todas las razas y tama\u00f1os, garantizando un ajuste seguro y c\u00f3modo.<\/p>\n<p class=\"\" data-start=\"401\" data-end=\"512\">\u25cf Material de poli\u00e9ster duradero: Hecho de poli\u00e9ster de alta calidad que es ligero, duradero y f\u00e1cil de limpiar.<\/p>\n<p class=\"\" data-start=\"514\" data-end=\"628\">\u25cf Dise\u00f1o cl\u00e1sico de color s\u00f3lido: Cuenta con un aspecto de color s\u00f3lido atemporal que es elegante y pr\u00e1ctico para el uso diario.<\/p>\n<p class=\"\" data-start=\"630\" data-end=\"734\">\u25cf Adecuado para todas las estaciones: Protecci\u00f3n ligera ideal para primavera, verano, oto\u00f1o y d\u00edas templados de invierno.<\/p>\n<p class=\"\" data-start=\"736\" data-end=\"830\">\u25cf Estilo cl\u00e1sico: Un dise\u00f1o sencillo y elegante que combina funcionalidad con un aspecto tradicional.<\/p>\n<p class=\"\" data-start=\"832\" data-end=\"933\">\u25cf Tipo Impermeable Funcional: Incluye cobertura para el cuerpo para proteger a su perro de la lluvia y la humedad.<\/p>\n<p class=\"\" data-start=\"935\" data-end=\"1032\">\u25cf Disponible en m\u00faltiples tallas: Se ofrece en tallas de la XS a la 5XL, perfectas para razas de perro peque\u00f1as y grandes.<\/p>\n<p>&nbsp;<\/p>\n<p>&nbsp;<\/p>\n<div style=\"max-width: 800px; margin: auto; padding: 20px;\">\n<p><!-- \u5de6\u56fe\u53f3\u6587 --><\/p>\n<div style=\"display: flex; align-items: center; gap: 20px; margin-bottom: 40px; flex-wrap: wrap;\">\n<p><img loading=\"lazy\" decoding=\"async\" class=\"alignnone wp-image-549\" src=\"https:\/\/gray-bee-883835.hostingersite.com\/wp-content\/uploads\/2025\/04\/Outdoor-Waterproof-Pet-Dog-Raincoat-7-300x240.jpg\" alt=\"\" width=\"370\" height=\"296\" srcset=\"https:\/\/www.deopaws.com\/wp-content\/uploads\/2025\/04\/Outdoor-Waterproof-Pet-Dog-Raincoat-7-300x240.jpg 300w, https:\/\/www.deopaws.com\/wp-content\/uploads\/2025\/04\/Outdoor-Waterproof-Pet-Dog-Raincoat-7-600x480.jpg 600w, https:\/\/www.deopaws.com\/wp-content\/uploads\/2025\/04\/Outdoor-Waterproof-Pet-Dog-Raincoat-7.jpg 750w\" sizes=\"auto, (max-width: 370px) 100vw, 370px\" \/><\/p>\n<div style=\"flex: 1; min-width: 0;\">\n<p style=\"color: gray;\">Disponible en varias tallas: Se ofrece en tallas de la XS a la 5XL, perfectas para razas de perro peque\u00f1as y grandes.<\/p>\n<\/div>\n<\/div>\n<p><!-- \u53f3\u56fe\u5de6\u6587 --><\/p>\n<div style=\"display: flex; flex-direction: row-reverse; align-items: center; gap: 20px; flex-wrap: wrap;\">\n<p><img loading=\"lazy\" decoding=\"async\" class=\"alignnone wp-image-550\" src=\"https:\/\/gray-bee-883835.hostingersite.com\/wp-content\/uploads\/2025\/04\/Outdoor-Waterproof-Pet-Dog-Raincoat-8-300x240.jpg\" alt=\"\" width=\"370\" height=\"296\" srcset=\"https:\/\/www.deopaws.com\/wp-content\/uploads\/2025\/04\/Outdoor-Waterproof-Pet-Dog-Raincoat-8-300x240.jpg 300w, https:\/\/www.deopaws.com\/wp-content\/uploads\/2025\/04\/Outdoor-Waterproof-Pet-Dog-Raincoat-8-600x480.jpg 600w, https:\/\/www.deopaws.com\/wp-content\/uploads\/2025\/04\/Outdoor-Waterproof-Pet-Dog-Raincoat-8.jpg 750w\" sizes=\"auto, (max-width: 370px) 100vw, 370px\" \/><\/p>\n<div style=\"flex: 1; min-width: 0;\">\n<p style=\"color: gray;\">Este chubasquero para perros est\u00e1 confeccionado con tejido impermeable el\u00e1stico en cuatro direcciones para mantener seca a tu mascota, y cuenta con una c\u00f3moda abertura para pon\u00e9rselo y quit\u00e1rselo f\u00e1cilmente sin que se enganche el pelo, adem\u00e1s de un arn\u00e9s de pecho ajustable integrado para un ajuste seguro y c\u00f3modo.<\/p>\n<\/div>\n<\/div>\n<\/div>\n<div style=\"max-width: 800px; margin: auto; padding: 20px;\">\n<p><!-- \u5de6\u56fe\u53f3\u6587 --><\/p>\n<div style=\"display: flex; align-items: center; gap: 20px; margin-bottom: 40px; flex-wrap: wrap;\">\n<p><img loading=\"lazy\" decoding=\"async\" class=\"alignnone wp-image-544\" src=\"https:\/\/gray-bee-883835.hostingersite.com\/wp-content\/uploads\/2025\/04\/Outdoor-Waterproof-Pet-Dog-Raincoat-2-300x240.jpg\" alt=\"\" width=\"370\" height=\"296\" srcset=\"https:\/\/www.deopaws.com\/wp-content\/uploads\/2025\/04\/Outdoor-Waterproof-Pet-Dog-Raincoat-2-300x240.jpg 300w, https:\/\/www.deopaws.com\/wp-content\/uploads\/2025\/04\/Outdoor-Waterproof-Pet-Dog-Raincoat-2-600x480.jpg 600w, https:\/\/www.deopaws.com\/wp-content\/uploads\/2025\/04\/Outdoor-Waterproof-Pet-Dog-Raincoat-2.jpg 750w\" sizes=\"auto, (max-width: 370px) 100vw, 370px\" \/><\/p>\n<div style=\"flex: 1; min-width: 0;\">\n<p style=\"color: gray;\">Forro transpirable a cuadros<\/p>\n<\/div>\n<\/div>\n<p><!-- \u53f3\u56fe\u5de6\u6587 --><\/p>\n<div style=\"display: flex; flex-direction: row-reverse; align-items: center; gap: 20px; flex-wrap: wrap;\">\n<p><img loading=\"lazy\" decoding=\"async\" class=\"alignnone wp-image-164\" src=\"https:\/\/gray-bee-883835.hostingersite.com\/wp-content\/uploads\/2025\/04\/1213-300x240.jpg\" alt=\"\" width=\"370\" height=\"296\" srcset=\"https:\/\/www.deopaws.com\/wp-content\/uploads\/2025\/04\/1213-300x240.jpg 300w, https:\/\/www.deopaws.com\/wp-content\/uploads\/2025\/04\/1213-600x480.jpg 600w, https:\/\/www.deopaws.com\/wp-content\/uploads\/2025\/04\/1213.jpg 750w\" sizes=\"auto, (max-width: 370px) 100vw, 370px\" \/><\/p>\n<div style=\"flex: 1; min-width: 0;\">\n<p style=\"color: gray;\">Este pa\u00f1o para perros no s\u00f3lo es \u00fanico, sino tambi\u00e9n totalmente personalizable. Puede ofrecer diferentes tallas, colores, dibujos o bordados personalizados, como nombres o dise\u00f1os especiales, en funci\u00f3n de las preferencias de sus clientes. Esto hace que cada jersey sea \u00fanico, perfectamente adaptado a las necesidades tanto de las mascotas como de sus due\u00f1os, lo que aumenta el atractivo del producto y su competitividad en el mercado.<\/p>\n<\/div>\n<\/div>\n<\/div>\n<div style=\"max-width: 800px; margin: auto; padding: 20px;\">\n<p><!-- \u5de6\u56fe\u53f3\u6587 --><\/p>\n<div style=\"display: flex; align-items: center; gap: 20px; margin-bottom: 40px; flex-wrap: wrap;\">\n<p><img loading=\"lazy\" decoding=\"async\" class=\"alignnone wp-image-159\" src=\"https:\/\/gray-bee-883835.hostingersite.com\/wp-content\/uploads\/2025\/04\/111-300x240.jpg\" alt=\"\" width=\"370\" height=\"296\" srcset=\"https:\/\/www.deopaws.com\/wp-content\/uploads\/2025\/04\/111-300x240.jpg 300w, https:\/\/www.deopaws.com\/wp-content\/uploads\/2025\/04\/111-600x480.jpg 600w, https:\/\/www.deopaws.com\/wp-content\/uploads\/2025\/04\/111.jpg 750w\" sizes=\"auto, (max-width: 370px) 100vw, 370px\" \/><\/p>\n<div style=\"flex: 1; min-width: 0;\">\n<p style=\"color: gray;\">Este pa\u00f1o para perros est\u00e1 disponible en una amplia gama de colores que se adaptan a las distintas personalidades de las mascotas. Ya sean rojos c\u00e1lidos, azules vibrantes, rosas suaves o blancos y negros cl\u00e1sicos, puede elegir seg\u00fan las preferencias de su mascota o cliente. Cada color est\u00e1 cuidadosamente dise\u00f1ado para garantizar que sea a la vez elegante y adecuado para diversas ocasiones, proporcionando tanto comodidad como encanto a cada perrito.<\/p>\n<\/div>\n<\/div>\n<p><!-- \u53f3\u56fe\u5de6\u6587 --><\/p>\n<div style=\"display: flex; flex-direction: row-reverse; align-items: center; gap: 20px; flex-wrap: wrap;\">\n<p><img loading=\"lazy\" decoding=\"async\" class=\"alignnone wp-image-160\" src=\"https:\/\/gray-bee-883835.hostingersite.com\/wp-content\/uploads\/2025\/04\/112-300x240.jpg\" alt=\"\" width=\"370\" height=\"296\" srcset=\"https:\/\/www.deopaws.com\/wp-content\/uploads\/2025\/04\/112-300x240.jpg 300w, https:\/\/www.deopaws.com\/wp-content\/uploads\/2025\/04\/112-600x480.jpg 600w, https:\/\/www.deopaws.com\/wp-content\/uploads\/2025\/04\/112.jpg 750w\" sizes=\"auto, (max-width: 370px) 100vw, 370px\" \/><\/p>\n<div style=\"flex: 1; min-width: 0;\">\n<p style=\"color: gray;\">Totalmente personalizable<\/p>\n<\/div>\n<\/div>\n<\/div>\n<div style=\"max-width: 800px; margin: auto; padding: 20px;\">\n<p><!-- \u5de6\u56fe\u53f3\u6587 --><\/p>\n<div style=\"display: flex; align-items: center; gap: 20px; margin-bottom: 40px; flex-wrap: wrap;\">\n<p><img loading=\"lazy\" decoding=\"async\" class=\"alignnone wp-image-161\" src=\"https:\/\/gray-bee-883835.hostingersite.com\/wp-content\/uploads\/2025\/04\/113-300x240.jpg\" alt=\"\" width=\"370\" height=\"296\" srcset=\"https:\/\/www.deopaws.com\/wp-content\/uploads\/2025\/04\/113-300x240.jpg 300w, https:\/\/www.deopaws.com\/wp-content\/uploads\/2025\/04\/113-600x480.jpg 600w, https:\/\/www.deopaws.com\/wp-content\/uploads\/2025\/04\/113.jpg 750w\" sizes=\"auto, (max-width: 370px) 100vw, 370px\" \/><\/p>\n<div style=\"flex: 1; min-width: 0;\">\n<p style=\"color: gray;\">\u00a0Confeccionado en forro polar de alta calidad, ofrece un tacto suave y un excelente aislamiento para los d\u00edas fr\u00edos.<\/p>\n<\/div>\n<\/div>\n<p><!-- \u53f3\u56fe\u5de6\u6587 --><\/p>\n<div style=\"display: flex; flex-direction: row-reverse; align-items: center; gap: 20px; flex-wrap: wrap;\">\n<p><img loading=\"lazy\" decoding=\"async\" class=\"alignnone wp-image-157\" src=\"https:\/\/gray-bee-883835.hostingersite.com\/wp-content\/uploads\/2025\/04\/11212-300x240.jpg\" alt=\"\" width=\"370\" height=\"296\" srcset=\"https:\/\/www.deopaws.com\/wp-content\/uploads\/2025\/04\/11212-300x240.jpg 300w, https:\/\/www.deopaws.com\/wp-content\/uploads\/2025\/04\/11212-600x480.jpg 600w, https:\/\/www.deopaws.com\/wp-content\/uploads\/2025\/04\/11212.jpg 750w\" sizes=\"auto, (max-width: 370px) 100vw, 370px\" \/><\/p>\n<div style=\"flex: 1; min-width: 0;\">\n<p style=\"color: gray;\">Puede a\u00f1adir su propio logotipo a los pa\u00f1os para convertirlo en un magn\u00edfico producto promocional para su empresa. El jersey tambi\u00e9n viene con una pr\u00e1ctica bolsa OPP para guardarlo y transportarlo f\u00e1cilmente.<\/p>\n<\/div>\n<\/div>\n<\/div>\n<h3>Pantalla de f\u00e1brica<\/h3>\n<p>&nbsp;<\/p>\n<div class=\"row\">\n<div class=\"col-lg-4\"><img loading=\"lazy\" decoding=\"async\" class=\"alignnone size-medium wp-image-142\" src=\"https:\/\/gray-bee-883835.hostingersite.com\/wp-content\/uploads\/2025\/04\/Small-pet-raincoat-3_-300x225.jpg\" alt=\"\" width=\"300\" height=\"225\" srcset=\"https:\/\/www.deopaws.com\/wp-content\/uploads\/2025\/04\/Small-pet-raincoat-3_-300x225.jpg 300w, https:\/\/www.deopaws.com\/wp-content\/uploads\/2025\/04\/Small-pet-raincoat-3_-600x450.jpg 600w, https:\/\/www.deopaws.com\/wp-content\/uploads\/2025\/04\/Small-pet-raincoat-3_-768x576.jpg 768w, https:\/\/www.deopaws.com\/wp-content\/uploads\/2025\/04\/Small-pet-raincoat-3_.jpg 800w\" sizes=\"auto, (max-width: 300px) 100vw, 300px\" \/><\/div>\n<div class=\"col-lg-4\"><img loading=\"lazy\" decoding=\"async\" class=\"alignnone size-medium wp-image-138\" src=\"https:\/\/gray-bee-883835.hostingersite.com\/wp-content\/uploads\/2025\/04\/Small-pet-raincoat-2-2-300x225.jpg\" alt=\"\" width=\"300\" height=\"225\" srcset=\"https:\/\/www.deopaws.com\/wp-content\/uploads\/2025\/04\/Small-pet-raincoat-2-2-300x225.jpg 300w, https:\/\/www.deopaws.com\/wp-content\/uploads\/2025\/04\/Small-pet-raincoat-2-2-600x450.jpg 600w, https:\/\/www.deopaws.com\/wp-content\/uploads\/2025\/04\/Small-pet-raincoat-2-2-768x576.jpg 768w, https:\/\/www.deopaws.com\/wp-content\/uploads\/2025\/04\/Small-pet-raincoat-2-2.jpg 800w\" sizes=\"auto, (max-width: 300px) 100vw, 300px\" \/><\/div>\n<div class=\"col-lg-4\"><img loading=\"lazy\" decoding=\"async\" class=\"alignnone size-medium wp-image-139\" src=\"https:\/\/gray-bee-883835.hostingersite.com\/wp-content\/uploads\/2025\/04\/Small-pet-raincoat-3-2-300x225.jpg\" alt=\"\" width=\"300\" height=\"225\" srcset=\"https:\/\/www.deopaws.com\/wp-content\/uploads\/2025\/04\/Small-pet-raincoat-3-2-300x225.jpg 300w, https:\/\/www.deopaws.com\/wp-content\/uploads\/2025\/04\/Small-pet-raincoat-3-2-600x450.jpg 600w, https:\/\/www.deopaws.com\/wp-content\/uploads\/2025\/04\/Small-pet-raincoat-3-2-768x576.jpg 768w, https:\/\/www.deopaws.com\/wp-content\/uploads\/2025\/04\/Small-pet-raincoat-3-2.jpg 800w\" sizes=\"auto, (max-width: 300px) 100vw, 300px\" \/><\/div>\n<p>&nbsp;<\/p>\n<div>\n<div class=\"row\">\n<div class=\"col-lg-4\"><img loading=\"lazy\" decoding=\"async\" class=\"alignnone size-medium wp-image-141\" src=\"https:\/\/gray-bee-883835.hostingersite.com\/wp-content\/uploads\/2025\/04\/Small-pet-raincoat-2_-300x225.jpg\" alt=\"\" width=\"300\" height=\"225\" srcset=\"https:\/\/www.deopaws.com\/wp-content\/uploads\/2025\/04\/Small-pet-raincoat-2_-300x225.jpg 300w, https:\/\/www.deopaws.com\/wp-content\/uploads\/2025\/04\/Small-pet-raincoat-2_-600x450.jpg 600w, https:\/\/www.deopaws.com\/wp-content\/uploads\/2025\/04\/Small-pet-raincoat-2_-768x576.jpg 768w, https:\/\/www.deopaws.com\/wp-content\/uploads\/2025\/04\/Small-pet-raincoat-2_.jpg 800w\" sizes=\"auto, (max-width: 300px) 100vw, 300px\" \/><\/div>\n<div class=\"col-lg-4\"><img loading=\"lazy\" decoding=\"async\" class=\"alignnone size-full wp-image-1656\" src=\"https:\/\/www.deopaws.com\/wp-content\/uploads\/2025\/05\/fact-1_\u526f\u672c.jpg\" alt=\"\" width=\"300\" height=\"225\" \/><\/div>\n<div class=\"col-lg-4\"><img loading=\"lazy\" decoding=\"async\" class=\"alignnone size-medium wp-image-137\" src=\"https:\/\/gray-bee-883835.hostingersite.com\/wp-content\/uploads\/2025\/04\/Small-pet-raincoat-1-2-300x225.jpg\" alt=\"\" width=\"300\" height=\"225\" srcset=\"https:\/\/www.deopaws.com\/wp-content\/uploads\/2025\/04\/Small-pet-raincoat-1-2-300x225.jpg 300w, https:\/\/www.deopaws.com\/wp-content\/uploads\/2025\/04\/Small-pet-raincoat-1-2-600x450.jpg 600w, https:\/\/www.deopaws.com\/wp-content\/uploads\/2025\/04\/Small-pet-raincoat-1-2-768x576.jpg 768w, https:\/\/www.deopaws.com\/wp-content\/uploads\/2025\/04\/Small-pet-raincoat-1-2.jpg 800w\" sizes=\"auto, (max-width: 300px) 100vw, 300px\" \/><\/div>\n<div><\/div>\n<\/div>\n<\/div>\n<\/div>","protected":false},"excerpt":{"rendered":"<p>Proteja a su perro de la lluvia con estilo gracias a nuestro impermeable para perros. Fabricado en poli\u00e9ster duradero y respetuoso con el medio ambiente, este chubasquero cl\u00e1sico de color liso ofrece una protecci\u00f3n ligera para todas las estaciones. Disponible en tallas de la XS a la 5XL, perfecto para perros de todas las razas.<\/p>","protected":false},"featured_media":548,"comment_status":"open","ping_status":"closed","template":"","meta":{"_acf_changed":false},"product_brand":[],"product_cat":[15,17,39,16,25],"product_tag":[],"class_list":{"0":"post-543","1":"product","2":"type-product","3":"status-publish","4":"has-post-thumbnail","6":"product_cat-products","7":"product_cat-cat-supplies","8":"product_cat-cat-apparel-accessories","9":"product_cat-dog-supplies","10":"product_cat-dog-apparel-accessories","12":"first","13":"instock","14":"shipping-taxable","15":"product-type-simple"},"acf":[],"_links":{"self":[{"href":"https:\/\/www.deopaws.com\/es\/wp-json\/wp\/v2\/product\/543","targetHints":{"allow":["GET"]}}],"collection":[{"href":"https:\/\/www.deopaws.com\/es\/wp-json\/wp\/v2\/product"}],"about":[{"href":"https:\/\/www.deopaws.com\/es\/wp-json\/wp\/v2\/types\/product"}],"replies":[{"embeddable":true,"href":"https:\/\/www.deopaws.com\/es\/wp-json\/wp\/v2\/comments?post=543"}],"wp:featuredmedia":[{"embeddable":true,"href":"https:\/\/www.deopaws.com\/es\/wp-json\/wp\/v2\/media\/548"}],"wp:attachment":[{"href":"https:\/\/www.deopaws.com\/es\/wp-json\/wp\/v2\/media?parent=543"}],"wp:term":[{"taxonomy":"product_brand","embeddable":true,"href":"https:\/\/www.deopaws.com\/es\/wp-json\/wp\/v2\/product_brand?post=543"},{"taxonomy":"product_cat","embeddable":true,"href":"https:\/\/www.deopaws.com\/es\/wp-json\/wp\/v2\/product_cat?post=543"},{"taxonomy":"product_tag","embeddable":true,"href":"https:\/\/www.deopaws.com\/es\/wp-json\/wp\/v2\/product_tag?post=543"}],"curies":[{"name":"wp","href":"https:\/\/api.w.org\/{rel}","templated":true}]}}