{"id":4015,"date":"2026-03-17T17:26:24","date_gmt":"2026-03-17T09:26:24","guid":{"rendered":"https:\/\/www.deopaws.com\/?post_type=product&#038;p=4015"},"modified":"2026-03-18T11:30:29","modified_gmt":"2026-03-18T03:30:29","slug":"durable-no-pull-dog-harness-manufacturer","status":"publish","type":"product","link":"https:\/\/www.deopaws.com\/es\/durable-no-pull-dog-harness-manufacturer\/","title":{"rendered":"Arn\u00e9s para perros antitirones mejorado y duradero para una salida segura"},"content":{"rendered":"<h2 data-start=\"77\" data-end=\"192\">Arn\u00e9s antitir\u00f3n para perros \uff1a<\/h2>\n<p>&nbsp;<\/p>\n<p data-start=\"191\" data-end=\"353\">\u25cf\u00a0 <strong data-start=\"521\" data-end=\"541\">No Pull Control:<\/strong> Dise\u00f1ado para reducir los tirones y mejorar el control durante los paseos.<\/p>\n<p>&nbsp;<\/p>\n<p data-start=\"607\" data-end=\"695\"><strong data-start=\"607\" data-end=\"630\">\u25cf Dise\u00f1o de asa de elevaci\u00f3n:<\/strong> El asa incorporada permite levantar f\u00e1cilmente y controlar r\u00e1pidamente a los perros.<\/p>\n<p>&nbsp;<\/p>\n<p data-start=\"698\" data-end=\"776\"><strong data-start=\"698\" data-end=\"726\">\u25cf Material de tejido duradero:<\/strong> El tejido resistente al desgaste garantiza un uso duradero.<\/p>\n<p>&nbsp;<\/p>\n<p data-start=\"779\" data-end=\"862\"><strong data-start=\"779\" data-end=\"798\">\u25cf Ajuste regulable:<\/strong> Los m\u00faltiples tama\u00f1os proporcionan un ajuste seguro y c\u00f3modo para los perros.<\/p>\n<p>&nbsp;<\/p>\n<p data-start=\"865\" data-end=\"953\"><strong data-start=\"865\" data-end=\"898\">\u25cf Compatible con correa retr\u00e1ctil:<\/strong> Puede utilizarse con correas extensibles para mayor flexibilidad.<\/p>\n<p>&nbsp;<\/p>\n<p data-start=\"956\" data-end=\"1030\"><strong data-start=\"956\" data-end=\"977\">\u25cf Uso seguro en exteriores:<\/strong> Ideal para caminar, entrenar y realizar actividades al aire libre.<\/p>\n<p>&nbsp;<\/p>\n<div style=\"max-width: 800px; margin: auto; padding: 20px;\">\n<p><!-- \u5de6\u56fe\u53f3\u6587 --><\/p>\n<div style=\"display: flex; align-items: center; gap: 20px; margin-bottom: 40px; flex-wrap: wrap;\">\n<p><img loading=\"lazy\" decoding=\"async\" class=\"alignnone wp-image-4020 size-full\" src=\"https:\/\/www.deopaws.com\/wp-content\/uploads\/2026\/03\/CJFN.jpg\" alt=\"\" width=\"380\" height=\"300\" srcset=\"https:\/\/www.deopaws.com\/wp-content\/uploads\/2026\/03\/CJFN.jpg 380w, https:\/\/www.deopaws.com\/wp-content\/uploads\/2026\/03\/CJFN-300x237.jpg 300w, https:\/\/www.deopaws.com\/wp-content\/uploads\/2026\/03\/CJFN-15x12.jpg 15w\" sizes=\"auto, (max-width: 380px) 100vw, 380px\" \/><\/p>\n<div style=\"flex: 1; min-width: 0;\">\n<p>La cinta est\u00e1 fabricada a medida con una sola cara de nailon reflectante.<\/p>\n<p>El tejido es de PVC 1680D de doble hebra, robusto, resistente al desgaste e impermeable. Dise\u00f1o de reducci\u00f3n de la tensi\u00f3n en m\u00faltiples puntos.<\/p>\n<\/div>\n<\/div>\n<p><!-- \u53f3\u56fe\u5de6\u6587 --><\/p>\n<div style=\"display: flex; flex-direction: row-reverse; align-items: center; gap: 20px; flex-wrap: wrap;\">\n<p><img loading=\"lazy\" decoding=\"async\" class=\"alignnone wp-image-4022 size-medium\" src=\"https:\/\/www.deopaws.com\/wp-content\/uploads\/2026\/03\/huk-300x237.jpg\" alt=\"\" width=\"300\" height=\"237\" srcset=\"https:\/\/www.deopaws.com\/wp-content\/uploads\/2026\/03\/huk-300x237.jpg 300w, https:\/\/www.deopaws.com\/wp-content\/uploads\/2026\/03\/huk-15x12.jpg 15w, https:\/\/www.deopaws.com\/wp-content\/uploads\/2026\/03\/huk.jpg 380w\" sizes=\"auto, (max-width: 300px) 100vw, 300px\" \/><\/p>\n<div style=\"flex: 1; min-width: 0;\">\n<p style=\"color: gray;\">Asas robustas, duraderas, a prueba de explosiones e impactos; ensanchadas para facilitar el agarre y el control a corta distancia para evitar impactos.<\/p>\n<p>Anilla en D de seguridad trasera a prueba de explosiones, cableado reforzado multipunto, puede soportar una mayor fuerza de tracci\u00f3n.<\/p>\n<\/div>\n<\/div>\n<\/div>\n<div style=\"max-width: 800px; margin: auto; padding: 20px;\">\n<p><!-- \u5de6\u56fe\u53f3\u6587 --><\/p>\n<div style=\"display: flex; align-items: center; gap: 20px; margin-bottom: 40px; flex-wrap: wrap;\">\n<p><img loading=\"lazy\" decoding=\"async\" class=\"alignnone wp-image-4023 size-full\" src=\"https:\/\/www.deopaws.com\/wp-content\/uploads\/2026\/03\/yrf.jpg\" alt=\"\" width=\"380\" height=\"300\" srcset=\"https:\/\/www.deopaws.com\/wp-content\/uploads\/2026\/03\/yrf.jpg 380w, https:\/\/www.deopaws.com\/wp-content\/uploads\/2026\/03\/yrf-300x237.jpg 300w, https:\/\/www.deopaws.com\/wp-content\/uploads\/2026\/03\/yrf-15x12.jpg 15w\" sizes=\"auto, (max-width: 380px) 100vw, 380px\" \/><\/p>\n<div style=\"flex: 1; min-width: 0;\">\n<p data-start=\"56\" data-end=\"422\">Pestillo de seguridad mejorado: El pestillo engrosado es m\u00e1s de 3 veces m\u00e1s resistente a la tracci\u00f3n que los pestillos ordinarios y es menos probable que se caiga.<\/p>\n<p data-start=\"56\" data-end=\"422\">Se ha a\u00f1adido una nueva anilla de extensi\u00f3n de tracci\u00f3n en la parte delantera del perro, que puede utilizarse para colgar tanto luces LED como placas de identificaci\u00f3n.<\/p>\n<\/div>\n<\/div>\n<p><!-- \u53f3\u56fe\u5de6\u6587 --><\/p>\n<div style=\"display: flex; flex-direction: row-reverse; align-items: center; gap: 20px; flex-wrap: wrap;\">\n<p><img loading=\"lazy\" decoding=\"async\" class=\"alignnone wp-image-4024 size-full\" src=\"https:\/\/www.deopaws.com\/wp-content\/uploads\/2026\/03\/jc.jpg\" alt=\"\" width=\"380\" height=\"300\" srcset=\"https:\/\/www.deopaws.com\/wp-content\/uploads\/2026\/03\/jc.jpg 380w, https:\/\/www.deopaws.com\/wp-content\/uploads\/2026\/03\/jc-300x237.jpg 300w, https:\/\/www.deopaws.com\/wp-content\/uploads\/2026\/03\/jc-15x12.jpg 15w\" sizes=\"auto, (max-width: 380px) 100vw, 380px\" \/><\/p>\n<div style=\"flex: 1; min-width: 0;\">\n<p style=\"color: gray;\">Imperturbable en la oscuridad, pero resistente a la luz, garantiza la seguridad de su perro durante las salidas nocturnas.<\/p>\n<\/div>\n<\/div>\n<\/div>\n<div style=\"max-width: 800px; margin: auto; padding: 20px;\">\n<p><!-- \u5de6\u56fe\u53f3\u6587 --><\/p>\n<div style=\"display: flex; align-items: center; gap: 20px; margin-bottom: 40px; flex-wrap: wrap;\">\n<p><img loading=\"lazy\" decoding=\"async\" class=\"alignnone wp-image-4025 size-full\" src=\"https:\/\/www.deopaws.com\/wp-content\/uploads\/2026\/03\/dgc.jpg\" alt=\"\" width=\"380\" height=\"300\" srcset=\"https:\/\/www.deopaws.com\/wp-content\/uploads\/2026\/03\/dgc.jpg 380w, https:\/\/www.deopaws.com\/wp-content\/uploads\/2026\/03\/dgc-300x237.jpg 300w, https:\/\/www.deopaws.com\/wp-content\/uploads\/2026\/03\/dgc-15x12.jpg 15w\" sizes=\"auto, (max-width: 380px) 100vw, 380px\" \/><\/p>\n<div style=\"flex: 1; min-width: 0;\">\n<p data-start=\"56\" data-end=\"422\">Tabla de tallas - Hay varias tallas disponibles, adecuadas para perros de diferentes tama\u00f1os.<\/p>\n<\/div>\n<\/div>\n<\/div>\n<h3>Pantalla de f\u00e1brica<\/h3>\n<p>&nbsp;<\/p>\n<div class=\"row\">\n<div class=\"col-lg-4\"><img loading=\"lazy\" decoding=\"async\" class=\"alignnone size-medium wp-image-142\" src=\"https:\/\/gray-bee-883835.hostingersite.com\/wp-content\/uploads\/2025\/04\/Small-pet-raincoat-3_-300x225.jpg\" alt=\"\" width=\"300\" height=\"225\" srcset=\"https:\/\/www.deopaws.com\/wp-content\/uploads\/2025\/04\/Small-pet-raincoat-3_-300x225.jpg 300w, https:\/\/www.deopaws.com\/wp-content\/uploads\/2025\/04\/Small-pet-raincoat-3_-600x450.jpg 600w, https:\/\/www.deopaws.com\/wp-content\/uploads\/2025\/04\/Small-pet-raincoat-3_-768x576.jpg 768w, https:\/\/www.deopaws.com\/wp-content\/uploads\/2025\/04\/Small-pet-raincoat-3_.jpg 800w\" sizes=\"auto, (max-width: 300px) 100vw, 300px\" \/><\/div>\n<div class=\"col-lg-4\"><img loading=\"lazy\" decoding=\"async\" class=\"alignnone size-medium wp-image-138\" src=\"https:\/\/gray-bee-883835.hostingersite.com\/wp-content\/uploads\/2025\/04\/Small-pet-raincoat-2-2-300x225.jpg\" alt=\"\" width=\"300\" height=\"225\" srcset=\"https:\/\/www.deopaws.com\/wp-content\/uploads\/2025\/04\/Small-pet-raincoat-2-2-300x225.jpg 300w, https:\/\/www.deopaws.com\/wp-content\/uploads\/2025\/04\/Small-pet-raincoat-2-2-600x450.jpg 600w, https:\/\/www.deopaws.com\/wp-content\/uploads\/2025\/04\/Small-pet-raincoat-2-2-768x576.jpg 768w, https:\/\/www.deopaws.com\/wp-content\/uploads\/2025\/04\/Small-pet-raincoat-2-2.jpg 800w\" sizes=\"auto, (max-width: 300px) 100vw, 300px\" \/><\/div>\n<div class=\"col-lg-4\"><img loading=\"lazy\" decoding=\"async\" class=\"alignnone size-medium wp-image-139\" src=\"https:\/\/gray-bee-883835.hostingersite.com\/wp-content\/uploads\/2025\/04\/Small-pet-raincoat-3-2-300x225.jpg\" alt=\"\" width=\"300\" height=\"225\" srcset=\"https:\/\/www.deopaws.com\/wp-content\/uploads\/2025\/04\/Small-pet-raincoat-3-2-300x225.jpg 300w, https:\/\/www.deopaws.com\/wp-content\/uploads\/2025\/04\/Small-pet-raincoat-3-2-600x450.jpg 600w, https:\/\/www.deopaws.com\/wp-content\/uploads\/2025\/04\/Small-pet-raincoat-3-2-768x576.jpg 768w, https:\/\/www.deopaws.com\/wp-content\/uploads\/2025\/04\/Small-pet-raincoat-3-2.jpg 800w\" sizes=\"auto, (max-width: 300px) 100vw, 300px\" \/><\/div>\n<p>&nbsp;<\/p>\n<div>\n<div class=\"row\">\n<div class=\"col-lg-4\"><img loading=\"lazy\" decoding=\"async\" class=\"alignnone size-medium wp-image-141\" src=\"https:\/\/gray-bee-883835.hostingersite.com\/wp-content\/uploads\/2025\/04\/Small-pet-raincoat-2_-300x225.jpg\" alt=\"\" width=\"300\" height=\"225\" srcset=\"https:\/\/www.deopaws.com\/wp-content\/uploads\/2025\/04\/Small-pet-raincoat-2_-300x225.jpg 300w, https:\/\/www.deopaws.com\/wp-content\/uploads\/2025\/04\/Small-pet-raincoat-2_-600x450.jpg 600w, https:\/\/www.deopaws.com\/wp-content\/uploads\/2025\/04\/Small-pet-raincoat-2_-768x576.jpg 768w, https:\/\/www.deopaws.com\/wp-content\/uploads\/2025\/04\/Small-pet-raincoat-2_.jpg 800w\" sizes=\"auto, (max-width: 300px) 100vw, 300px\" \/><\/div>\n<div class=\"col-lg-4\"><img loading=\"lazy\" decoding=\"async\" class=\"alignnone size-full wp-image-1656\" src=\"https:\/\/www.deopaws.com\/wp-content\/uploads\/2025\/05\/fact-1_\u526f\u672c.jpg\" alt=\"\" width=\"300\" height=\"225\" \/><\/div>\n<div class=\"col-lg-4\"><img loading=\"lazy\" decoding=\"async\" class=\"alignnone size-medium wp-image-137\" src=\"https:\/\/gray-bee-883835.hostingersite.com\/wp-content\/uploads\/2025\/04\/Small-pet-raincoat-1-2-300x225.jpg\" alt=\"\" width=\"300\" height=\"225\" srcset=\"https:\/\/www.deopaws.com\/wp-content\/uploads\/2025\/04\/Small-pet-raincoat-1-2-300x225.jpg 300w, https:\/\/www.deopaws.com\/wp-content\/uploads\/2025\/04\/Small-pet-raincoat-1-2-600x450.jpg 600w, https:\/\/www.deopaws.com\/wp-content\/uploads\/2025\/04\/Small-pet-raincoat-1-2-768x576.jpg 768w, https:\/\/www.deopaws.com\/wp-content\/uploads\/2025\/04\/Small-pet-raincoat-1-2.jpg 800w\" sizes=\"auto, (max-width: 300px) 100vw, 300px\" \/><\/div>\n<div><\/div>\n<\/div>\n<\/div>\n<\/div>","protected":false},"excerpt":{"rendered":"<p>Como fabricante profesional de arneses para perros sin tir\u00f3n, ofrecemos arneses de chaleco duraderos con un asa de elevaci\u00f3n para un mejor control. Hecho de tela fuerte, que proporciona comodidad, seguridad y fiabilidad para paseos diarios y actividades al aire libre.<\/p>","protected":false},"featured_media":4018,"comment_status":"closed","ping_status":"closed","template":"","meta":{"_acf_changed":false},"product_brand":[],"product_cat":[16,27],"product_tag":[],"class_list":{"0":"post-4015","1":"product","2":"type-product","3":"status-publish","4":"has-post-thumbnail","6":"product_cat-dog-supplies","7":"product_cat-dog-collarsleashes-harnesses","9":"first","10":"instock","11":"shipping-taxable","12":"product-type-simple"},"acf":[],"_links":{"self":[{"href":"https:\/\/www.deopaws.com\/es\/wp-json\/wp\/v2\/product\/4015","targetHints":{"allow":["GET"]}}],"collection":[{"href":"https:\/\/www.deopaws.com\/es\/wp-json\/wp\/v2\/product"}],"about":[{"href":"https:\/\/www.deopaws.com\/es\/wp-json\/wp\/v2\/types\/product"}],"replies":[{"embeddable":true,"href":"https:\/\/www.deopaws.com\/es\/wp-json\/wp\/v2\/comments?post=4015"}],"wp:featuredmedia":[{"embeddable":true,"href":"https:\/\/www.deopaws.com\/es\/wp-json\/wp\/v2\/media\/4018"}],"wp:attachment":[{"href":"https:\/\/www.deopaws.com\/es\/wp-json\/wp\/v2\/media?parent=4015"}],"wp:term":[{"taxonomy":"product_brand","embeddable":true,"href":"https:\/\/www.deopaws.com\/es\/wp-json\/wp\/v2\/product_brand?post=4015"},{"taxonomy":"product_cat","embeddable":true,"href":"https:\/\/www.deopaws.com\/es\/wp-json\/wp\/v2\/product_cat?post=4015"},{"taxonomy":"product_tag","embeddable":true,"href":"https:\/\/www.deopaws.com\/es\/wp-json\/wp\/v2\/product_tag?post=4015"}],"curies":[{"name":"wp","href":"https:\/\/api.w.org\/{rel}","templated":true}]}}