{"id":3161,"date":"2025-10-21T14:09:24","date_gmt":"2025-10-21T06:09:24","guid":{"rendered":"https:\/\/www.deopaws.com\/?post_type=product&#038;p=3161"},"modified":"2025-10-24T13:05:55","modified_gmt":"2025-10-24T05:05:55","slug":"two-tone-reflective-dog-raincoat","status":"publish","type":"product","link":"https:\/\/www.deopaws.com\/es\/two-tone-reflective-dog-raincoat\/","title":{"rendered":"Chaqueta impermeable reflectante bicolor para perros"},"content":{"rendered":"<h2 data-start=\"77\" data-end=\"192\">Impermeable reflectante perro tira \uff1a<\/h2>\n<p data-start=\"84\" data-end=\"250\"><strong data-start=\"84\" data-end=\"112\">\u25cf Ajuste tridimensional:<\/strong> Su corte ergon\u00f3mico sigue la forma del cuerpo de su perro para un ajuste ce\u00f1ido y natural, garantizando la comodidad durante los paseos y las actividades al aire libre.<\/p>\n<p data-start=\"252\" data-end=\"399\"><strong data-start=\"252\" data-end=\"272\">\u25cf Uso vers\u00e1til:<\/strong> Perfecta para los d\u00edas lluviosos, los paseos con poca luz o las aventuras al aire libre, combina protecci\u00f3n, visibilidad y practicidad para el d\u00eda a d\u00eda.<\/p>\n<p data-start=\"401\" data-end=\"572\"><strong data-start=\"401\" data-end=\"432\">\u25cf Ligero y port\u00e1til:<\/strong> Fabricado con materiales ligeros y plegables, el impermeable es f\u00e1cil de guardar, transportar y empaquetar para viajar, lo que facilita las salidas a los due\u00f1os de mascotas.<\/p>\n<p data-start=\"574\" data-end=\"722\"><strong data-start=\"574\" data-end=\"600\">\u25cf Dise\u00f1o apto para mascotas:<\/strong> Su tejido suave y flexible permite un movimiento sin restricciones, manteniendo a las mascotas c\u00f3modas y facilitando a los due\u00f1os la tarea de pon\u00e9rselo y quit\u00e1rselo.<\/p>\n<p data-start=\"724\" data-end=\"916\"><strong data-start=\"724\" data-end=\"761\">\u25cf Tejido impermeable y reflectante:<\/strong> El poli\u00e9ster impermeable de alta calidad repele la lluvia y la humedad, mientras que las tiras reflectantes mejoran la visibilidad, manteniendo a tu perro seguro y seco en todas las condiciones.<\/p>\n<p>&nbsp;<\/p>\n<p>&nbsp;<\/p>\n<div style=\"max-width: 800px; margin: auto; padding: 20px;\">\n<p><!-- \u5de6\u56fe\u53f3\u6587 --><\/p>\n<div style=\"display: flex; align-items: center; gap: 20px; margin-bottom: 40px; flex-wrap: wrap;\">\n<p><img loading=\"lazy\" decoding=\"async\" class=\"alignnone wp-image-3166 size-medium\" src=\"https:\/\/www.deopaws.com\/wp-content\/uploads\/2025\/10\/wechat_2025-10-09_093731_210-300x203.png\" alt=\"\" width=\"300\" height=\"203\" srcset=\"https:\/\/www.deopaws.com\/wp-content\/uploads\/2025\/10\/wechat_2025-10-09_093731_210-300x203.png 300w, https:\/\/www.deopaws.com\/wp-content\/uploads\/2025\/10\/wechat_2025-10-09_093731_210.png 575w\" sizes=\"auto, (max-width: 300px) 100vw, 300px\" \/><\/p>\n<div style=\"flex: 1; min-width: 0;\">\n<p style=\"color: gray;\">Disponible en rosa + marr\u00f3n y azul marino + rojo, el vibrante bloqueo de color en dos tonos no s\u00f3lo tiene un aspecto elegante, sino que tambi\u00e9n hace que tu mascota destaque durante los paseos o las actividades al aire libre.<\/p>\n<\/div>\n<\/div>\n<p><!-- \u53f3\u56fe\u5de6\u6587 --><\/p>\n<div style=\"display: flex; flex-direction: row-reverse; align-items: center; gap: 20px; flex-wrap: wrap;\">\n<p><img loading=\"lazy\" decoding=\"async\" class=\"alignnone wp-image-3165 size-medium\" src=\"https:\/\/www.deopaws.com\/wp-content\/uploads\/2025\/10\/wechat_2025-10-09_093715_707-300x240.png\" alt=\"\" width=\"300\" height=\"240\" srcset=\"https:\/\/www.deopaws.com\/wp-content\/uploads\/2025\/10\/wechat_2025-10-09_093715_707-300x240.png 300w, https:\/\/www.deopaws.com\/wp-content\/uploads\/2025\/10\/wechat_2025-10-09_093715_707-600x480.png 600w, https:\/\/www.deopaws.com\/wp-content\/uploads\/2025\/10\/wechat_2025-10-09_093715_707.png 637w\" sizes=\"auto, (max-width: 300px) 100vw, 300px\" \/><\/p>\n<div style=\"flex: 1; min-width: 0;\">\n<p style=\"color: gray;\">El dise\u00f1o plegable y ligero hace que sea f\u00e1cil de transportar, guardar o embalar para viajar, lo que a\u00f1ade comodidad para los due\u00f1os de mascotas en movimiento.<\/p>\n<\/div>\n<\/div>\n<\/div>\n<div style=\"max-width: 800px; margin: auto; padding: 20px;\">\n<p><!-- \u5de6\u56fe\u53f3\u6587 --><\/p>\n<div style=\"display: flex; align-items: center; gap: 20px; margin-bottom: 40px; flex-wrap: wrap;\">\n<p><img loading=\"lazy\" decoding=\"async\" class=\"alignnone wp-image-3164 size-medium\" src=\"https:\/\/www.deopaws.com\/wp-content\/uploads\/2025\/10\/wechat_2025-10-09_093657_611.png-300x200.jpg\" alt=\"\" width=\"300\" height=\"200\" srcset=\"https:\/\/www.deopaws.com\/wp-content\/uploads\/2025\/10\/wechat_2025-10-09_093657_611.png-300x200.jpg 300w, https:\/\/www.deopaws.com\/wp-content\/uploads\/2025\/10\/wechat_2025-10-09_093657_611.png.jpg 600w\" sizes=\"auto, (max-width: 300px) 100vw, 300px\" \/><\/p>\n<div style=\"flex: 1; min-width: 0;\">\n<p data-start=\"56\" data-end=\"422\">Fabricado con poli\u00e9ster impermeable de alta calidad, este impermeable repele eficazmente la lluvia, la humedad y las salpicaduras, manteniendo a su perro seco y c\u00f3modo incluso en aguaceros intensos.<\/p>\n<\/div>\n<\/div>\n<p><!-- \u53f3\u56fe\u5de6\u6587 --><\/p>\n<div style=\"display: flex; flex-direction: row-reverse; align-items: center; gap: 20px; flex-wrap: wrap;\">\n<p><img loading=\"lazy\" decoding=\"async\" class=\"alignnone wp-image-3171 size-medium\" src=\"https:\/\/www.deopaws.com\/wp-content\/uploads\/2025\/10\/\u4e3b\u56fe04-4-300x200.jpg\" alt=\"\" width=\"300\" height=\"200\" srcset=\"https:\/\/www.deopaws.com\/wp-content\/uploads\/2025\/10\/\u4e3b\u56fe04-4-300x200.jpg 300w, https:\/\/www.deopaws.com\/wp-content\/uploads\/2025\/10\/\u4e3b\u56fe04-4.jpg 600w\" sizes=\"auto, (max-width: 300px) 100vw, 300px\" \/><\/p>\n<div style=\"flex: 1; min-width: 0;\">\n<p style=\"color: gray;\">Tabla de tallas - Hay varias tallas disponibles, adecuadas para perros de diferentes tama\u00f1os.<\/p>\n<\/div>\n<\/div>\n<\/div>\n<h3>Pantalla de f\u00e1brica<\/h3>\n<p>&nbsp;<\/p>\n<div class=\"row\">\n<div class=\"col-lg-4\"><img loading=\"lazy\" decoding=\"async\" class=\"alignnone size-medium wp-image-142\" src=\"https:\/\/gray-bee-883835.hostingersite.com\/wp-content\/uploads\/2025\/04\/Small-pet-raincoat-3_-300x225.jpg\" alt=\"\" width=\"300\" height=\"225\" srcset=\"https:\/\/www.deopaws.com\/wp-content\/uploads\/2025\/04\/Small-pet-raincoat-3_-300x225.jpg 300w, https:\/\/www.deopaws.com\/wp-content\/uploads\/2025\/04\/Small-pet-raincoat-3_-600x450.jpg 600w, https:\/\/www.deopaws.com\/wp-content\/uploads\/2025\/04\/Small-pet-raincoat-3_-768x576.jpg 768w, https:\/\/www.deopaws.com\/wp-content\/uploads\/2025\/04\/Small-pet-raincoat-3_.jpg 800w\" sizes=\"auto, (max-width: 300px) 100vw, 300px\" \/><\/div>\n<div class=\"col-lg-4\"><img loading=\"lazy\" decoding=\"async\" class=\"alignnone size-medium wp-image-138\" src=\"https:\/\/gray-bee-883835.hostingersite.com\/wp-content\/uploads\/2025\/04\/Small-pet-raincoat-2-2-300x225.jpg\" alt=\"\" width=\"300\" height=\"225\" srcset=\"https:\/\/www.deopaws.com\/wp-content\/uploads\/2025\/04\/Small-pet-raincoat-2-2-300x225.jpg 300w, https:\/\/www.deopaws.com\/wp-content\/uploads\/2025\/04\/Small-pet-raincoat-2-2-600x450.jpg 600w, https:\/\/www.deopaws.com\/wp-content\/uploads\/2025\/04\/Small-pet-raincoat-2-2-768x576.jpg 768w, https:\/\/www.deopaws.com\/wp-content\/uploads\/2025\/04\/Small-pet-raincoat-2-2.jpg 800w\" sizes=\"auto, (max-width: 300px) 100vw, 300px\" \/><\/div>\n<div class=\"col-lg-4\"><img loading=\"lazy\" decoding=\"async\" class=\"alignnone size-medium wp-image-139\" src=\"https:\/\/gray-bee-883835.hostingersite.com\/wp-content\/uploads\/2025\/04\/Small-pet-raincoat-3-2-300x225.jpg\" alt=\"\" width=\"300\" height=\"225\" srcset=\"https:\/\/www.deopaws.com\/wp-content\/uploads\/2025\/04\/Small-pet-raincoat-3-2-300x225.jpg 300w, https:\/\/www.deopaws.com\/wp-content\/uploads\/2025\/04\/Small-pet-raincoat-3-2-600x450.jpg 600w, https:\/\/www.deopaws.com\/wp-content\/uploads\/2025\/04\/Small-pet-raincoat-3-2-768x576.jpg 768w, https:\/\/www.deopaws.com\/wp-content\/uploads\/2025\/04\/Small-pet-raincoat-3-2.jpg 800w\" sizes=\"auto, (max-width: 300px) 100vw, 300px\" \/><\/div>\n<p>&nbsp;<\/p>\n<div>\n<div class=\"row\">\n<div class=\"col-lg-4\"><img loading=\"lazy\" decoding=\"async\" class=\"alignnone size-medium wp-image-141\" src=\"https:\/\/gray-bee-883835.hostingersite.com\/wp-content\/uploads\/2025\/04\/Small-pet-raincoat-2_-300x225.jpg\" alt=\"\" width=\"300\" height=\"225\" srcset=\"https:\/\/www.deopaws.com\/wp-content\/uploads\/2025\/04\/Small-pet-raincoat-2_-300x225.jpg 300w, https:\/\/www.deopaws.com\/wp-content\/uploads\/2025\/04\/Small-pet-raincoat-2_-600x450.jpg 600w, https:\/\/www.deopaws.com\/wp-content\/uploads\/2025\/04\/Small-pet-raincoat-2_-768x576.jpg 768w, https:\/\/www.deopaws.com\/wp-content\/uploads\/2025\/04\/Small-pet-raincoat-2_.jpg 800w\" sizes=\"auto, (max-width: 300px) 100vw, 300px\" \/><\/div>\n<div class=\"col-lg-4\"><img loading=\"lazy\" decoding=\"async\" class=\"alignnone size-full wp-image-1656\" src=\"https:\/\/www.deopaws.com\/wp-content\/uploads\/2025\/05\/fact-1_\u526f\u672c.jpg\" alt=\"\" width=\"300\" height=\"225\" \/><\/div>\n<div class=\"col-lg-4\"><img loading=\"lazy\" decoding=\"async\" class=\"alignnone size-medium wp-image-137\" src=\"https:\/\/gray-bee-883835.hostingersite.com\/wp-content\/uploads\/2025\/04\/Small-pet-raincoat-1-2-300x225.jpg\" alt=\"\" width=\"300\" height=\"225\" srcset=\"https:\/\/www.deopaws.com\/wp-content\/uploads\/2025\/04\/Small-pet-raincoat-1-2-300x225.jpg 300w, https:\/\/www.deopaws.com\/wp-content\/uploads\/2025\/04\/Small-pet-raincoat-1-2-600x450.jpg 600w, https:\/\/www.deopaws.com\/wp-content\/uploads\/2025\/04\/Small-pet-raincoat-1-2-768x576.jpg 768w, https:\/\/www.deopaws.com\/wp-content\/uploads\/2025\/04\/Small-pet-raincoat-1-2.jpg 800w\" sizes=\"auto, (max-width: 300px) 100vw, 300px\" \/><\/div>\n<div><\/div>\n<\/div>\n<\/div>\n<\/div>","protected":false},"excerpt":{"rendered":"<p data-start=\"155\" data-end=\"486\">Mantenga a su peludo amigo seco, seguro y con estilo con este chubasquero reflectante bicolor para perros, disponible en combinaciones de colores rosa + marr\u00f3n y azul marino + rojo. Dise\u00f1ado para perros de tama\u00f1o peque\u00f1o y mediano, combina una cobertura total con tiras reflectantes de alta visibilidad para garantizar la seguridad durante los paseos bajo la lluvia o en condiciones de poca luz.<\/p>\n<p data-start=\"488\" data-end=\"748\">Fabricado en poli\u00e9ster ligero e impermeable, este impermeable repele eficazmente la lluvia y la humedad a la vez que sigue siendo transpirable para ofrecer comodidad durante todo el d\u00eda. El material suave y flexible permite libertad de movimientos, manteniendo a las mascotas acogedoras y c\u00f3modas sin restricciones.<\/p>","protected":false},"featured_media":3163,"comment_status":"closed","ping_status":"closed","template":"","meta":{"_acf_changed":false},"product_brand":[],"product_cat":[16,25],"product_tag":[],"class_list":{"0":"post-3161","1":"product","2":"type-product","3":"status-publish","4":"has-post-thumbnail","6":"product_cat-dog-supplies","7":"product_cat-dog-apparel-accessories","9":"first","10":"instock","11":"shipping-taxable","12":"product-type-simple"},"acf":[],"_links":{"self":[{"href":"https:\/\/www.deopaws.com\/es\/wp-json\/wp\/v2\/product\/3161","targetHints":{"allow":["GET"]}}],"collection":[{"href":"https:\/\/www.deopaws.com\/es\/wp-json\/wp\/v2\/product"}],"about":[{"href":"https:\/\/www.deopaws.com\/es\/wp-json\/wp\/v2\/types\/product"}],"replies":[{"embeddable":true,"href":"https:\/\/www.deopaws.com\/es\/wp-json\/wp\/v2\/comments?post=3161"}],"wp:featuredmedia":[{"embeddable":true,"href":"https:\/\/www.deopaws.com\/es\/wp-json\/wp\/v2\/media\/3163"}],"wp:attachment":[{"href":"https:\/\/www.deopaws.com\/es\/wp-json\/wp\/v2\/media?parent=3161"}],"wp:term":[{"taxonomy":"product_brand","embeddable":true,"href":"https:\/\/www.deopaws.com\/es\/wp-json\/wp\/v2\/product_brand?post=3161"},{"taxonomy":"product_cat","embeddable":true,"href":"https:\/\/www.deopaws.com\/es\/wp-json\/wp\/v2\/product_cat?post=3161"},{"taxonomy":"product_tag","embeddable":true,"href":"https:\/\/www.deopaws.com\/es\/wp-json\/wp\/v2\/product_tag?post=3161"}],"curies":[{"name":"wp","href":"https:\/\/api.w.org\/{rel}","templated":true}]}}