{"id":2410,"date":"2025-08-21T16:03:21","date_gmt":"2025-08-21T08:03:21","guid":{"rendered":"https:\/\/www.deopaws.com\/?post_type=product&#038;p=2410"},"modified":"2025-10-21T09:48:42","modified_gmt":"2025-10-21T01:48:42","slug":"cute-cat-harness-with-leash-for-walking","status":"publish","type":"product","link":"https:\/\/www.deopaws.com\/es\/cute-cat-harness-with-leash-for-walking\/","title":{"rendered":"Bonito Arn\u00e9s Para Gato Con Correa Para Pasear"},"content":{"rendered":"<h2 data-start=\"77\" data-end=\"192\">Arn\u00e9s para gatos \uff1a<\/h2>\n<p>&nbsp;<\/p>\n<p data-start=\"65\" data-end=\"153\"><strong data-start=\"65\" data-end=\"99\">\u25cf Materiales de primera calidad<\/strong> - Los materiales de alta calidad seleccionados, duraderos y seguros, garantizan la comodidad de su gato a largo plazo.<\/p>\n<p data-start=\"157\" data-end=\"243\"><strong data-start=\"157\" data-end=\"176\">\u25cf Triple protecci\u00f3n<\/strong> - Dise\u00f1o de velcro + anilla en D + hebilla resistente para un ajuste seguro y fiable.<\/p>\n<p data-start=\"247\" data-end=\"340\"><strong data-start=\"247\" data-end=\"265\">\u25cf Paseos f\u00e1ciles para gatos<\/strong> - El dise\u00f1o f\u00e1cil de usar hace que el paseo sea m\u00e1s suave, garantizando que tanto el due\u00f1o como el gato disfruten de un paseo relajante y agradable.<\/p>\n<p>&nbsp;<\/p>\n<h3>\u00bfPor qu\u00e9 utilizar un arn\u00e9s recortado para gatos?<\/h3>\n<p>1. Los gatos se esconden cuando se les estimula<\/p>\n<p>2. Otras correas son f\u00e1ciles de soltar<\/p>\n<p>3. Sacar a pasear a tu mascota por la noche donde no pueda ser vista<\/p>\n<p>4. Salidas en entornos concurridos y complejos<\/p>\n<p>&nbsp;<\/p>\n<p>&nbsp;<\/p>\n<div style=\"max-width: 800px; margin: auto; padding: 20px;\">\n<p><!-- \u5de6\u56fe\u53f3\u6587 --><\/p>\n<div style=\"display: flex; align-items: center; gap: 20px; margin-bottom: 40px; flex-wrap: wrap;\">\n<p><img loading=\"lazy\" decoding=\"async\" class=\"alignnone wp-image-2368\" src=\"\/wp-content\/uploads\/2025\/08\/Cute-Cat-Harness-With-Leash\u200b-For-Walking-4.jpg\" alt=\"cute cat harness, cat harness with leash\u200b, cat harnesses for walking\u200b\" width=\"370\" height=\"296\" \/><\/p>\n<div style=\"flex: 1; min-width: 0;\">\n<p style=\"color: gray;\">C\u00f3modo ante - Fabricado en ante suave y transpirable, proporciona un ajuste c\u00f3modo y ce\u00f1ido para su gato.<\/p>\n<\/div>\n<\/div>\n<p><!-- \u53f3\u56fe\u5de6\u6587 --><\/p>\n<div style=\"display: flex; flex-direction: row-reverse; align-items: center; gap: 20px; flex-wrap: wrap;\">\n<p><img loading=\"lazy\" decoding=\"async\" class=\"alignnone wp-image-2369\" src=\"\/wp-content\/uploads\/2025\/08\/Cute-Cat-Harness-With-Leash\u200b-For-Walking-2.jpg\" alt=\"cute cat harness, cat harness with leash\u200b, cat harnesses for walking\u200b\" width=\"370\" height=\"296\" \/><\/p>\n<div style=\"flex: 1; min-width: 0;\">\n<p style=\"color: gray;\">Bandas reflectantes nocturnas - Equipado con bandas reflectantes de alta visibilidad, ofrece mayor seguridad y visibilidad por la noche.<\/p>\n<\/div>\n<\/div>\n<\/div>\n<div style=\"max-width: 800px; margin: auto; padding: 20px;\">\n<p><!-- \u5de6\u56fe\u53f3\u6587 --><\/p>\n<div style=\"display: flex; align-items: center; gap: 20px; margin-bottom: 40px; flex-wrap: wrap;\">\n<p><img loading=\"lazy\" decoding=\"async\" class=\"alignnone wp-image-2370\" src=\"\/wp-content\/uploads\/2025\/08\/Cute-Cat-Harness-With-Leash\u200b-For-Walking-3.jpg\" alt=\"cute cat harness, cat harness with leash\u200b, cat harnesses for walking\u200b\" width=\"370\" height=\"296\" \/><\/p>\n<div style=\"flex: 1; min-width: 0;\">\n<p data-start=\"56\" data-end=\"422\">Hebilla en D resistente: el dise\u00f1o duradero de la hebilla en D se conecta f\u00e1cilmente a la correa, garantizando un ajuste seguro.<\/p>\n<\/div>\n<\/div>\n<div style=\"max-width: 800px; margin: auto; padding: 20px;\">\n<div style=\"display: flex; flex-direction: row-reverse; align-items: center; gap: 20px; flex-wrap: wrap;\">\n<p><img loading=\"lazy\" decoding=\"async\" class=\"alignnone wp-image-2373\" src=\"\/wp-content\/uploads\/2025\/08\/Cute-Cat-Harness-With-Leash\u200b-For-Walking021.png\" alt=\"cute cat harness, cat harness with leash\u200b, cat harnesses for walking\u200b\" width=\"270\" height=\"405\" \/><\/p>\n<div style=\"flex: 1; min-width: 0;\">\n<p style=\"color: gray;\">Tabla de tallas clara: ayuda a los compradores a elegir el ajuste adecuado para sus gatos, garantizando la comodidad y la seguridad.<\/p>\n<\/div>\n<\/div>\n<\/div>\n<div style=\"display: flex; align-items: center; gap: 20px; margin-bottom: 40px; flex-wrap: wrap;\">\n<p><img loading=\"lazy\" decoding=\"async\" class=\"alignnone wp-image-2370\" src=\"\/wp-content\/uploads\/2025\/08\/Cute-Cat-Harness-With-Leash\u200b-For-Walking-5.jpg\" alt=\"cute cat harness, cat harness with leash\u200b, cat harnesses for walking\u200b\" width=\"370\" height=\"296\" \/><\/p>\n<div style=\"flex: 1; min-width: 0;\">\n<p data-start=\"56\" data-end=\"422\">Cierre autoadherente - El cierre autoadherente ajustable permite pon\u00e9rselo y quit\u00e1rselo f\u00e1cilmente, a la vez que proporciona un ajuste seguro para gatos de todos los tama\u00f1os.<\/p>\n<\/div>\n<\/div>\n<h3>Pantalla de f\u00e1brica<\/h3>\n<p>&nbsp;<\/p>\n<div class=\"row\">\n<div class=\"col-lg-4\"><img loading=\"lazy\" decoding=\"async\" class=\"alignnone size-medium wp-image-142\" src=\"https:\/\/gray-bee-883835.hostingersite.com\/wp-content\/uploads\/2025\/04\/Small-pet-raincoat-3_-300x225.jpg\" alt=\"\" width=\"300\" height=\"225\" srcset=\"https:\/\/www.deopaws.com\/wp-content\/uploads\/2025\/04\/Small-pet-raincoat-3_-300x225.jpg 300w, https:\/\/www.deopaws.com\/wp-content\/uploads\/2025\/04\/Small-pet-raincoat-3_-600x450.jpg 600w, https:\/\/www.deopaws.com\/wp-content\/uploads\/2025\/04\/Small-pet-raincoat-3_-768x576.jpg 768w, https:\/\/www.deopaws.com\/wp-content\/uploads\/2025\/04\/Small-pet-raincoat-3_.jpg 800w\" sizes=\"auto, (max-width: 300px) 100vw, 300px\" \/><\/div>\n<div class=\"col-lg-4\"><img loading=\"lazy\" decoding=\"async\" class=\"alignnone size-medium wp-image-138\" src=\"https:\/\/gray-bee-883835.hostingersite.com\/wp-content\/uploads\/2025\/04\/Small-pet-raincoat-2-2-300x225.jpg\" alt=\"\" width=\"300\" height=\"225\" srcset=\"https:\/\/www.deopaws.com\/wp-content\/uploads\/2025\/04\/Small-pet-raincoat-2-2-300x225.jpg 300w, https:\/\/www.deopaws.com\/wp-content\/uploads\/2025\/04\/Small-pet-raincoat-2-2-600x450.jpg 600w, https:\/\/www.deopaws.com\/wp-content\/uploads\/2025\/04\/Small-pet-raincoat-2-2-768x576.jpg 768w, https:\/\/www.deopaws.com\/wp-content\/uploads\/2025\/04\/Small-pet-raincoat-2-2.jpg 800w\" sizes=\"auto, (max-width: 300px) 100vw, 300px\" \/><\/div>\n<div class=\"col-lg-4\"><img loading=\"lazy\" decoding=\"async\" class=\"alignnone size-medium wp-image-139\" src=\"https:\/\/gray-bee-883835.hostingersite.com\/wp-content\/uploads\/2025\/04\/Small-pet-raincoat-3-2-300x225.jpg\" alt=\"\" width=\"300\" height=\"225\" srcset=\"https:\/\/www.deopaws.com\/wp-content\/uploads\/2025\/04\/Small-pet-raincoat-3-2-300x225.jpg 300w, https:\/\/www.deopaws.com\/wp-content\/uploads\/2025\/04\/Small-pet-raincoat-3-2-600x450.jpg 600w, https:\/\/www.deopaws.com\/wp-content\/uploads\/2025\/04\/Small-pet-raincoat-3-2-768x576.jpg 768w, https:\/\/www.deopaws.com\/wp-content\/uploads\/2025\/04\/Small-pet-raincoat-3-2.jpg 800w\" sizes=\"auto, (max-width: 300px) 100vw, 300px\" \/><\/div>\n<p>&nbsp;<\/p>\n<div>\n<div class=\"row\">\n<div class=\"col-lg-4\"><img loading=\"lazy\" decoding=\"async\" class=\"alignnone size-medium wp-image-141\" src=\"https:\/\/gray-bee-883835.hostingersite.com\/wp-content\/uploads\/2025\/04\/Small-pet-raincoat-2_-300x225.jpg\" alt=\"\" width=\"300\" height=\"225\" srcset=\"https:\/\/www.deopaws.com\/wp-content\/uploads\/2025\/04\/Small-pet-raincoat-2_-300x225.jpg 300w, https:\/\/www.deopaws.com\/wp-content\/uploads\/2025\/04\/Small-pet-raincoat-2_-600x450.jpg 600w, https:\/\/www.deopaws.com\/wp-content\/uploads\/2025\/04\/Small-pet-raincoat-2_-768x576.jpg 768w, https:\/\/www.deopaws.com\/wp-content\/uploads\/2025\/04\/Small-pet-raincoat-2_.jpg 800w\" sizes=\"auto, (max-width: 300px) 100vw, 300px\" \/><\/div>\n<div class=\"col-lg-4\"><img loading=\"lazy\" decoding=\"async\" class=\"alignnone size-full wp-image-1656\" src=\"https:\/\/www.deopaws.com\/wp-content\/uploads\/2025\/05\/fact-1_\u526f\u672c.jpg\" alt=\"\" width=\"300\" height=\"225\" \/><\/div>\n<div class=\"col-lg-4\"><img loading=\"lazy\" decoding=\"async\" class=\"alignnone size-medium wp-image-137\" src=\"https:\/\/gray-bee-883835.hostingersite.com\/wp-content\/uploads\/2025\/04\/Small-pet-raincoat-1-2-300x225.jpg\" alt=\"\" width=\"300\" height=\"225\" srcset=\"https:\/\/www.deopaws.com\/wp-content\/uploads\/2025\/04\/Small-pet-raincoat-1-2-300x225.jpg 300w, https:\/\/www.deopaws.com\/wp-content\/uploads\/2025\/04\/Small-pet-raincoat-1-2-600x450.jpg 600w, https:\/\/www.deopaws.com\/wp-content\/uploads\/2025\/04\/Small-pet-raincoat-1-2-768x576.jpg 768w, https:\/\/www.deopaws.com\/wp-content\/uploads\/2025\/04\/Small-pet-raincoat-1-2.jpg 800w\" sizes=\"auto, (max-width: 300px) 100vw, 300px\" \/><\/div>\n<div><\/div>\n<\/div>\n<\/div>\n<\/div>\n<\/div>","protected":false},"excerpt":{"rendered":"<p>This cat vest is made of comfortable suede with reflective nighttime strips and a triple-protection design (Velcro + D-shaped buckle + strong buckle) to provide a secure and comfortable fit for your cat. It&#8217;s easy to put on and tug smoothly, allowing owners to walk their cats effortlessly and explore the world with their pets safely and freely.<\/p>","protected":false},"featured_media":2414,"comment_status":"closed","ping_status":"closed","template":"","meta":{"_acf_changed":false},"product_brand":[],"product_cat":[15,17,33],"product_tag":[],"class_list":{"0":"post-2410","1":"product","2":"type-product","3":"status-publish","4":"has-post-thumbnail","6":"product_cat-products","7":"product_cat-cat-supplies","8":"product_cat-cat-collarsleashes-harnesses","10":"first","11":"instock","12":"shipping-taxable","13":"product-type-simple"},"acf":[],"_links":{"self":[{"href":"https:\/\/www.deopaws.com\/es\/wp-json\/wp\/v2\/product\/2410","targetHints":{"allow":["GET"]}}],"collection":[{"href":"https:\/\/www.deopaws.com\/es\/wp-json\/wp\/v2\/product"}],"about":[{"href":"https:\/\/www.deopaws.com\/es\/wp-json\/wp\/v2\/types\/product"}],"replies":[{"embeddable":true,"href":"https:\/\/www.deopaws.com\/es\/wp-json\/wp\/v2\/comments?post=2410"}],"wp:featuredmedia":[{"embeddable":true,"href":"https:\/\/www.deopaws.com\/es\/wp-json\/wp\/v2\/media\/2414"}],"wp:attachment":[{"href":"https:\/\/www.deopaws.com\/es\/wp-json\/wp\/v2\/media?parent=2410"}],"wp:term":[{"taxonomy":"product_brand","embeddable":true,"href":"https:\/\/www.deopaws.com\/es\/wp-json\/wp\/v2\/product_brand?post=2410"},{"taxonomy":"product_cat","embeddable":true,"href":"https:\/\/www.deopaws.com\/es\/wp-json\/wp\/v2\/product_cat?post=2410"},{"taxonomy":"product_tag","embeddable":true,"href":"https:\/\/www.deopaws.com\/es\/wp-json\/wp\/v2\/product_tag?post=2410"}],"curies":[{"name":"wp","href":"https:\/\/api.w.org\/{rel}","templated":true}]}}