{"id":2367,"date":"2025-08-14T15:12:30","date_gmt":"2025-08-14T07:12:30","guid":{"rendered":"https:\/\/www.deopaws.com\/?post_type=product&#038;p=2367"},"modified":"2025-08-14T15:12:46","modified_gmt":"2025-08-14T07:12:46","slug":"cat-carrier-harness","status":"publish","type":"product","link":"https:\/\/www.deopaws.com\/es\/cat-carrier-harness\/","title":{"rendered":"Arn\u00e9s para transportar gatos - Ligero, estilo chaleco t\u00e1ctico, ajustable y a prueba de escapes"},"content":{"rendered":"<h2 data-start=\"77\" data-end=\"192\">Arn\u00e9s de transporte para gatos \uff1a<\/h2>\n<p>&nbsp;<\/p>\n<p data-start=\"65\" data-end=\"153\"><strong data-start=\"65\" data-end=\"99\">\u25cf Dise\u00f1o t\u00e1ctico fino y ligero<\/strong> - C\u00f3modo para los gatos sin a\u00f1adir peso extra.<\/p>\n<p data-start=\"157\" data-end=\"243\"><strong data-start=\"157\" data-end=\"176\">\u25cf Malla transpirable<\/strong> - Asegura que las mascotas se mantengan frescas y c\u00f3modas, evitando la congesti\u00f3n.<\/p>\n<p data-start=\"247\" data-end=\"340\"><strong data-start=\"247\" data-end=\"265\">\u25cf Ajuste regulable<\/strong> - Se adapta f\u00e1cilmente a gatos de diferentes tama\u00f1os con un cierre seguro de velcro con rebabas.<\/p>\n<p data-start=\"344\" data-end=\"425\"><strong data-start=\"344\" data-end=\"363\">\u25cf Caracter\u00edsticas de seguridad<\/strong> - Dos cierres de seguridad principales y un dise\u00f1o seguro impiden las fugas.<\/p>\n<p data-start=\"429\" data-end=\"527\"><strong data-start=\"429\" data-end=\"450\">\u25cf Dise\u00f1o reflectante<\/strong> - Los elementos reflectantes circundantes proporcionan una gran visibilidad durante los paseos nocturnos.<\/p>\n<p>&nbsp;<\/p>\n<p>&nbsp;<\/p>\n<div style=\"max-width: 800px; margin: auto; padding: 20px;\">\n<p><!-- \u5de6\u56fe\u53f3\u6587 --><\/p>\n<div style=\"display: flex; align-items: center; gap: 20px; margin-bottom: 40px; flex-wrap: wrap;\">\n<p><img loading=\"lazy\" decoding=\"async\" class=\"alignnone wp-image-2368\" src=\"https:\/\/www.deopaws.com\/wp-content\/uploads\/2025\/08\/cat-carrier-harness-1-300x240.jpg\" alt=\"cat carrier harness\" width=\"370\" height=\"296\" srcset=\"https:\/\/www.deopaws.com\/wp-content\/uploads\/2025\/08\/cat-carrier-harness-1-300x240.jpg 300w, https:\/\/www.deopaws.com\/wp-content\/uploads\/2025\/08\/cat-carrier-harness-1-600x480.jpg 600w, https:\/\/www.deopaws.com\/wp-content\/uploads\/2025\/08\/cat-carrier-harness-1.jpg 750w\" sizes=\"auto, (max-width: 370px) 100vw, 370px\" \/><\/p>\n<div style=\"flex: 1; min-width: 0;\">\n<p style=\"color: gray;\">Tama\u00f1o ajustable - F\u00e1cilmente ajustable para un ajuste c\u00f3modo y ce\u00f1ido, asegurando que las mascotas permanezcan seguras y acogedoras durante los paseos o viajes.<\/p>\n<\/div>\n<\/div>\n<p><!-- \u53f3\u56fe\u5de6\u6587 --><\/p>\n<div style=\"display: flex; flex-direction: row-reverse; align-items: center; gap: 20px; flex-wrap: wrap;\">\n<p><img loading=\"lazy\" decoding=\"async\" class=\"alignnone wp-image-2369\" src=\"https:\/\/www.deopaws.com\/wp-content\/uploads\/2025\/08\/cat-carrier-harness-2-300x240.jpg\" alt=\"cat carrier harness\" width=\"370\" height=\"296\" srcset=\"https:\/\/www.deopaws.com\/wp-content\/uploads\/2025\/08\/cat-carrier-harness-2-300x240.jpg 300w, https:\/\/www.deopaws.com\/wp-content\/uploads\/2025\/08\/cat-carrier-harness-2-600x480.jpg 600w, https:\/\/www.deopaws.com\/wp-content\/uploads\/2025\/08\/cat-carrier-harness-2.jpg 750w\" sizes=\"auto, (max-width: 370px) 100vw, 370px\" \/><\/p>\n<div style=\"flex: 1; min-width: 0;\">\n<p style=\"color: gray;\">C\u00f3modo apret\u00f3n de manos - Agarre y v\u00e1yase en segundos, haciendo que los paseos sean r\u00e1pidos, f\u00e1ciles y c\u00f3modos.<\/p>\n<\/div>\n<\/div>\n<\/div>\n<div style=\"max-width: 800px; margin: auto; padding: 20px;\">\n<p><!-- \u5de6\u56fe\u53f3\u6587 --><\/p>\n<div style=\"display: flex; align-items: center; gap: 20px; margin-bottom: 40px; flex-wrap: wrap;\">\n<p><img loading=\"lazy\" decoding=\"async\" class=\"alignnone wp-image-2370\" src=\"https:\/\/www.deopaws.com\/wp-content\/uploads\/2025\/08\/cat-carrier-harness-3-300x240.jpg\" alt=\"cat carrier harness\" width=\"370\" height=\"296\" srcset=\"https:\/\/www.deopaws.com\/wp-content\/uploads\/2025\/08\/cat-carrier-harness-3-300x240.jpg 300w, https:\/\/www.deopaws.com\/wp-content\/uploads\/2025\/08\/cat-carrier-harness-3-600x480.jpg 600w, https:\/\/www.deopaws.com\/wp-content\/uploads\/2025\/08\/cat-carrier-harness-3.jpg 750w\" sizes=\"auto, (max-width: 370px) 100vw, 370px\" \/><\/p>\n<div style=\"flex: 1; min-width: 0;\">\n<p data-start=\"56\" data-end=\"422\">Malla transpirable - Mantiene a las mascotas c\u00f3modas sin taponamientos ni cargas adicionales.<\/p>\n<\/div>\n<\/div>\n<p><!-- \u53f3\u56fe\u5de6\u6587 --><\/p>\n<div style=\"display: flex; flex-direction: row-reverse; align-items: center; gap: 20px; flex-wrap: wrap;\">\n<p><img loading=\"lazy\" decoding=\"async\" class=\"alignnone wp-image-2371\" src=\"https:\/\/www.deopaws.com\/wp-content\/uploads\/2025\/08\/cat-carrier-harness-4-300x240.jpg\" alt=\"cat carrier harness\" width=\"370\" height=\"296\" srcset=\"https:\/\/www.deopaws.com\/wp-content\/uploads\/2025\/08\/cat-carrier-harness-4-300x240.jpg 300w, https:\/\/www.deopaws.com\/wp-content\/uploads\/2025\/08\/cat-carrier-harness-4-600x480.jpg 600w, https:\/\/www.deopaws.com\/wp-content\/uploads\/2025\/08\/cat-carrier-harness-4.jpg 750w\" sizes=\"auto, (max-width: 370px) 100vw, 370px\" \/><\/p>\n<div style=\"flex: 1; min-width: 0;\">\n<p style=\"color: gray;\">Dos importantes caracter\u00edsticas de seguridad - Garantiza la seguridad de su mascota durante los paseos.<\/p>\n<\/div>\n<\/div>\n<\/div>\n<div style=\"max-width: 800px; margin: auto; padding: 20px;\">\n<p><!-- \u5de6\u56fe\u53f3\u6587 --><\/p>\n<div style=\"display: flex; align-items: center; gap: 20px; margin-bottom: 40px; flex-wrap: wrap;\">\n<p><img loading=\"lazy\" decoding=\"async\" class=\"alignnone wp-image-2372\" src=\"https:\/\/www.deopaws.com\/wp-content\/uploads\/2025\/08\/cat-carrier-harness-5-300x240.jpg\" alt=\"cat carrier harness\" width=\"370\" height=\"296\" srcset=\"https:\/\/www.deopaws.com\/wp-content\/uploads\/2025\/08\/cat-carrier-harness-5-300x240.jpg 300w, https:\/\/www.deopaws.com\/wp-content\/uploads\/2025\/08\/cat-carrier-harness-5-600x480.jpg 600w, https:\/\/www.deopaws.com\/wp-content\/uploads\/2025\/08\/cat-carrier-harness-5.jpg 750w\" sizes=\"auto, (max-width: 370px) 100vw, 370px\" \/><\/p>\n<div style=\"flex: 1; min-width: 0;\">\n<p data-start=\"27\" data-end=\"106\">Dise\u00f1o reflectante envolvente - Proporciona alta visibilidad por la noche, manteniendo a las mascotas seguras durante los paseos nocturnos.<\/p>\n<\/div>\n<\/div>\n<\/div>\n<div style=\"max-width: 800px; margin: auto; padding: 20px;\">\n<div style=\"display: flex; flex-direction: row-reverse; align-items: center; gap: 20px; flex-wrap: wrap;\">\n<p><img loading=\"lazy\" decoding=\"async\" class=\"alignnone wp-image-2374\" src=\"https:\/\/www.deopaws.com\/wp-content\/uploads\/2025\/08\/cat-carrier-harness-7-300x300.jpg\" alt=\"cat carrier harness\" width=\"370\" height=\"370\" srcset=\"https:\/\/www.deopaws.com\/wp-content\/uploads\/2025\/08\/cat-carrier-harness-7-300x300.jpg 300w, https:\/\/www.deopaws.com\/wp-content\/uploads\/2025\/08\/cat-carrier-harness-7-150x150.jpg 150w, https:\/\/www.deopaws.com\/wp-content\/uploads\/2025\/08\/cat-carrier-harness-7-600x600.jpg 600w, https:\/\/www.deopaws.com\/wp-content\/uploads\/2025\/08\/cat-carrier-harness-7-100x100.jpg 100w, https:\/\/www.deopaws.com\/wp-content\/uploads\/2025\/08\/cat-carrier-harness-7.jpg 750w\" sizes=\"auto, (max-width: 370px) 100vw, 370px\" \/><\/p>\n<div style=\"flex: 1; min-width: 0;\">\n<p style=\"color: gray;\">Dise\u00f1o fino y ligero: arn\u00e9s pectoral t\u00e1ctico que resulta c\u00f3modo para los gatos sin a\u00f1adir peso adicional.<\/p>\n<\/div>\n<\/div>\n<\/div>\n<div style=\"max-width: 800px; margin: auto; padding: 20px;\">\n<p><!-- \u5de6\u56fe\u53f3\u6587 --><\/p>\n<div style=\"display: flex; align-items: center; gap: 20px; margin-bottom: 40px; flex-wrap: wrap;\">\n<p><img loading=\"lazy\" decoding=\"async\" class=\"alignnone wp-image-2375\" src=\"https:\/\/www.deopaws.com\/wp-content\/uploads\/2025\/08\/cat-carrier-harness-8-300x300.jpg\" alt=\"cat carrier harness\" width=\"370\" height=\"370\" srcset=\"https:\/\/www.deopaws.com\/wp-content\/uploads\/2025\/08\/cat-carrier-harness-8-300x300.jpg 300w, https:\/\/www.deopaws.com\/wp-content\/uploads\/2025\/08\/cat-carrier-harness-8-150x150.jpg 150w, https:\/\/www.deopaws.com\/wp-content\/uploads\/2025\/08\/cat-carrier-harness-8-600x600.jpg 600w, https:\/\/www.deopaws.com\/wp-content\/uploads\/2025\/08\/cat-carrier-harness-8-100x100.jpg 100w, https:\/\/www.deopaws.com\/wp-content\/uploads\/2025\/08\/cat-carrier-harness-8.jpg 750w\" sizes=\"auto, (max-width: 370px) 100vw, 370px\" \/><\/p>\n<div style=\"flex: 1; min-width: 0;\">\n<p style=\"color: gray;\">Velcro adhesivo con dise\u00f1o de rebaba - Proporciona un cierre seguro y un ajuste f\u00e1cil para un ajuste ce\u00f1ido.<\/p>\n<\/div>\n<\/div>\n<\/div>\n<div style=\"max-width: 800px; margin: auto; padding: 20px;\">\n<div style=\"display: flex; flex-direction: row-reverse; align-items: center; gap: 20px; flex-wrap: wrap;\">\n<p><img loading=\"lazy\" decoding=\"async\" class=\"alignnone wp-image-2373\" src=\"https:\/\/www.deopaws.com\/wp-content\/uploads\/2025\/08\/cat-carrier-harness-6-200x300.jpg\" alt=\"cat carrier harness\" width=\"270\" height=\"405\" srcset=\"https:\/\/www.deopaws.com\/wp-content\/uploads\/2025\/08\/cat-carrier-harness-6-200x300.jpg 200w, https:\/\/www.deopaws.com\/wp-content\/uploads\/2025\/08\/cat-carrier-harness-6-683x1024.jpg 683w, https:\/\/www.deopaws.com\/wp-content\/uploads\/2025\/08\/cat-carrier-harness-6-600x900.jpg 600w, https:\/\/www.deopaws.com\/wp-content\/uploads\/2025\/08\/cat-carrier-harness-6.jpg 750w\" sizes=\"auto, (max-width: 270px) 100vw, 270px\" \/><\/p>\n<div style=\"flex: 1; min-width: 0;\">\n<p style=\"color: gray;\">Tabla de tallas clara: ayuda a los compradores a elegir el ajuste adecuado para sus gatos, garantizando la comodidad y la seguridad.<\/p>\n<\/div>\n<\/div>\n<\/div>\n<h3>Pantalla de f\u00e1brica<\/h3>\n<p>&nbsp;<\/p>\n<div class=\"row\">\n<div class=\"col-lg-4\"><img loading=\"lazy\" decoding=\"async\" class=\"alignnone size-medium wp-image-142\" src=\"https:\/\/gray-bee-883835.hostingersite.com\/wp-content\/uploads\/2025\/04\/Small-pet-raincoat-3_-300x225.jpg\" alt=\"\" width=\"300\" height=\"225\" srcset=\"https:\/\/www.deopaws.com\/wp-content\/uploads\/2025\/04\/Small-pet-raincoat-3_-300x225.jpg 300w, https:\/\/www.deopaws.com\/wp-content\/uploads\/2025\/04\/Small-pet-raincoat-3_-600x450.jpg 600w, https:\/\/www.deopaws.com\/wp-content\/uploads\/2025\/04\/Small-pet-raincoat-3_-768x576.jpg 768w, https:\/\/www.deopaws.com\/wp-content\/uploads\/2025\/04\/Small-pet-raincoat-3_.jpg 800w\" sizes=\"auto, (max-width: 300px) 100vw, 300px\" \/><\/div>\n<div class=\"col-lg-4\"><img loading=\"lazy\" decoding=\"async\" class=\"alignnone size-medium wp-image-138\" src=\"https:\/\/gray-bee-883835.hostingersite.com\/wp-content\/uploads\/2025\/04\/Small-pet-raincoat-2-2-300x225.jpg\" alt=\"\" width=\"300\" height=\"225\" srcset=\"https:\/\/www.deopaws.com\/wp-content\/uploads\/2025\/04\/Small-pet-raincoat-2-2-300x225.jpg 300w, https:\/\/www.deopaws.com\/wp-content\/uploads\/2025\/04\/Small-pet-raincoat-2-2-600x450.jpg 600w, https:\/\/www.deopaws.com\/wp-content\/uploads\/2025\/04\/Small-pet-raincoat-2-2-768x576.jpg 768w, https:\/\/www.deopaws.com\/wp-content\/uploads\/2025\/04\/Small-pet-raincoat-2-2.jpg 800w\" sizes=\"auto, (max-width: 300px) 100vw, 300px\" \/><\/div>\n<div class=\"col-lg-4\"><img loading=\"lazy\" decoding=\"async\" class=\"alignnone size-medium wp-image-139\" src=\"https:\/\/gray-bee-883835.hostingersite.com\/wp-content\/uploads\/2025\/04\/Small-pet-raincoat-3-2-300x225.jpg\" alt=\"\" width=\"300\" height=\"225\" srcset=\"https:\/\/www.deopaws.com\/wp-content\/uploads\/2025\/04\/Small-pet-raincoat-3-2-300x225.jpg 300w, https:\/\/www.deopaws.com\/wp-content\/uploads\/2025\/04\/Small-pet-raincoat-3-2-600x450.jpg 600w, https:\/\/www.deopaws.com\/wp-content\/uploads\/2025\/04\/Small-pet-raincoat-3-2-768x576.jpg 768w, https:\/\/www.deopaws.com\/wp-content\/uploads\/2025\/04\/Small-pet-raincoat-3-2.jpg 800w\" sizes=\"auto, (max-width: 300px) 100vw, 300px\" \/><\/div>\n<p>&nbsp;<\/p>\n<div>\n<div class=\"row\">\n<div class=\"col-lg-4\"><img loading=\"lazy\" decoding=\"async\" class=\"alignnone size-medium wp-image-141\" src=\"https:\/\/gray-bee-883835.hostingersite.com\/wp-content\/uploads\/2025\/04\/Small-pet-raincoat-2_-300x225.jpg\" alt=\"\" width=\"300\" height=\"225\" srcset=\"https:\/\/www.deopaws.com\/wp-content\/uploads\/2025\/04\/Small-pet-raincoat-2_-300x225.jpg 300w, https:\/\/www.deopaws.com\/wp-content\/uploads\/2025\/04\/Small-pet-raincoat-2_-600x450.jpg 600w, https:\/\/www.deopaws.com\/wp-content\/uploads\/2025\/04\/Small-pet-raincoat-2_-768x576.jpg 768w, https:\/\/www.deopaws.com\/wp-content\/uploads\/2025\/04\/Small-pet-raincoat-2_.jpg 800w\" sizes=\"auto, (max-width: 300px) 100vw, 300px\" \/><\/div>\n<div class=\"col-lg-4\"><img loading=\"lazy\" decoding=\"async\" class=\"alignnone size-full wp-image-1656\" src=\"https:\/\/www.deopaws.com\/wp-content\/uploads\/2025\/05\/fact-1_\u526f\u672c.jpg\" alt=\"\" width=\"300\" height=\"225\" \/><\/div>\n<div class=\"col-lg-4\"><img loading=\"lazy\" decoding=\"async\" class=\"alignnone size-medium wp-image-137\" src=\"https:\/\/gray-bee-883835.hostingersite.com\/wp-content\/uploads\/2025\/04\/Small-pet-raincoat-1-2-300x225.jpg\" alt=\"\" width=\"300\" height=\"225\" srcset=\"https:\/\/www.deopaws.com\/wp-content\/uploads\/2025\/04\/Small-pet-raincoat-1-2-300x225.jpg 300w, https:\/\/www.deopaws.com\/wp-content\/uploads\/2025\/04\/Small-pet-raincoat-1-2-600x450.jpg 600w, https:\/\/www.deopaws.com\/wp-content\/uploads\/2025\/04\/Small-pet-raincoat-1-2-768x576.jpg 768w, https:\/\/www.deopaws.com\/wp-content\/uploads\/2025\/04\/Small-pet-raincoat-1-2.jpg 800w\" sizes=\"auto, (max-width: 300px) 100vw, 300px\" \/><\/div>\n<div><\/div>\n<\/div>\n<\/div>\n<\/div>","protected":false},"excerpt":{"rendered":"<p>Arn\u00e9s de transporte para gatos fino y ligero con malla transpirable, correas ajustables y cierre seguro. Dispone de cierres de seguridad y dise\u00f1o reflectante para paseos c\u00f3modos, visibles y seguros al aire libre. Ideal para viajes y suministro a granel.<\/p>","protected":false},"featured_media":2376,"comment_status":"closed","ping_status":"closed","template":"","meta":{"_acf_changed":false},"product_brand":[],"product_cat":[15,17,33],"product_tag":[],"class_list":{"0":"post-2367","1":"product","2":"type-product","3":"status-publish","4":"has-post-thumbnail","6":"product_cat-products","7":"product_cat-cat-supplies","8":"product_cat-cat-collarsleashes-harnesses","10":"first","11":"instock","12":"shipping-taxable","13":"product-type-simple"},"acf":[],"_links":{"self":[{"href":"https:\/\/www.deopaws.com\/es\/wp-json\/wp\/v2\/product\/2367","targetHints":{"allow":["GET"]}}],"collection":[{"href":"https:\/\/www.deopaws.com\/es\/wp-json\/wp\/v2\/product"}],"about":[{"href":"https:\/\/www.deopaws.com\/es\/wp-json\/wp\/v2\/types\/product"}],"replies":[{"embeddable":true,"href":"https:\/\/www.deopaws.com\/es\/wp-json\/wp\/v2\/comments?post=2367"}],"wp:featuredmedia":[{"embeddable":true,"href":"https:\/\/www.deopaws.com\/es\/wp-json\/wp\/v2\/media\/2376"}],"wp:attachment":[{"href":"https:\/\/www.deopaws.com\/es\/wp-json\/wp\/v2\/media?parent=2367"}],"wp:term":[{"taxonomy":"product_brand","embeddable":true,"href":"https:\/\/www.deopaws.com\/es\/wp-json\/wp\/v2\/product_brand?post=2367"},{"taxonomy":"product_cat","embeddable":true,"href":"https:\/\/www.deopaws.com\/es\/wp-json\/wp\/v2\/product_cat?post=2367"},{"taxonomy":"product_tag","embeddable":true,"href":"https:\/\/www.deopaws.com\/es\/wp-json\/wp\/v2\/product_tag?post=2367"}],"curies":[{"name":"wp","href":"https:\/\/api.w.org\/{rel}","templated":true}]}}