{"id":2322,"date":"2025-08-14T14:11:55","date_gmt":"2025-08-14T06:11:55","guid":{"rendered":"https:\/\/www.deopaws.com\/?post_type=product&#038;p=2322"},"modified":"2025-10-21T09:49:22","modified_gmt":"2025-10-21T01:49:22","slug":"canvas-cat-bag","status":"publish","type":"product","link":"https:\/\/www.deopaws.com\/es\/canvas-cat-bag\/","title":{"rendered":"Bolso de lona para gatos - Transport\u00edn peque\u00f1o para perros para viajes, hombro y mano"},"content":{"rendered":"<h2 data-start=\"77\" data-end=\"192\">Bolso de lona para gatos \uff1a<\/h2>\n<p>&nbsp;<\/p>\n<p data-start=\"65\" data-end=\"167\"><strong data-start=\"65\" data-end=\"84\">\u25cf Dise\u00f1o Peekaboo<\/strong> - Permite a las mascotas asomar c\u00f3modamente la cabeza e interactuar con el entorno.<\/p>\n<p data-start=\"171\" data-end=\"259\"><strong data-start=\"171\" data-end=\"196\">\u25cf Tejido de lona resistente<\/strong> - Resistente a ara\u00f1azos y mordiscos para un uso duradero.<\/p>\n<p data-start=\"263\" data-end=\"360\"><strong data-start=\"263\" data-end=\"282\">\u25cf Cierres seguros<\/strong> - La hebilla de seguridad interna y el cierre a presi\u00f3n superior mantienen a las mascotas seguras durante el viaje.<\/p>\n<p data-start=\"364\" data-end=\"474\"><strong data-start=\"364\" data-end=\"391\">\u25cf Ajustable y transpirable<\/strong> - El dise\u00f1o de abertura el\u00e1stica garantiza un ajuste ce\u00f1ido a la vez que proporciona flujo de aire para mayor comodidad.<\/p>\n<p data-start=\"478\" data-end=\"618\"><strong data-start=\"478\" data-end=\"509\">F\u00e1cil de transportar y vers\u00e1til<\/strong> - Ligero, de mano o al hombro, ideal para perros peque\u00f1os y gatos, perfecto para pedidos OEM y al por mayor.<\/p>\n<p>&nbsp;<\/p>\n<p>&nbsp;<\/p>\n<div style=\"max-width: 800px; margin: auto; padding: 20px;\">\n<p><!-- \u5de6\u56fe\u53f3\u6587 --><\/p>\n<div style=\"display: flex; align-items: center; gap: 20px; margin-bottom: 40px; flex-wrap: wrap;\">\n<p><img loading=\"lazy\" decoding=\"async\" class=\"alignnone wp-image-2349\" src=\"https:\/\/www.deopaws.com\/wp-content\/uploads\/2025\/08\/canvas-cat-bag-24-300x300.jpg\" alt=\"canvas cat bag\" width=\"370\" height=\"370\" srcset=\"https:\/\/www.deopaws.com\/wp-content\/uploads\/2025\/08\/canvas-cat-bag-24-300x300.jpg 300w, https:\/\/www.deopaws.com\/wp-content\/uploads\/2025\/08\/canvas-cat-bag-24-150x150.jpg 150w, https:\/\/www.deopaws.com\/wp-content\/uploads\/2025\/08\/canvas-cat-bag-24-600x600.jpg 600w, https:\/\/www.deopaws.com\/wp-content\/uploads\/2025\/08\/canvas-cat-bag-24-100x100.jpg 100w, https:\/\/www.deopaws.com\/wp-content\/uploads\/2025\/08\/canvas-cat-bag-24.jpg 750w\" sizes=\"auto, (max-width: 370px) 100vw, 370px\" \/><\/p>\n<div style=\"flex: 1; min-width: 0;\">\n<p data-start=\"40\" data-end=\"313\">Su dise\u00f1o bonito y divertido hace que los paseos sean agradables tanto para el due\u00f1o como para la mascota. La bolsa le permite llevar f\u00e1cilmente a su mascota de paseo, manteni\u00e9ndola segura y c\u00f3moda a la vez que luce un aspecto elegante. Ideal para perros y gatos peque\u00f1os, perfecto para viajes, uso en exteriores y suministro a granel.<\/p>\n<\/div>\n<\/div>\n<p><!-- \u53f3\u56fe\u5de6\u6587 --><\/p>\n<div style=\"display: flex; flex-direction: row-reverse; align-items: center; gap: 20px; flex-wrap: wrap;\">\n<p><img loading=\"lazy\" decoding=\"async\" class=\"alignnone wp-image-2332\" src=\"https:\/\/www.deopaws.com\/wp-content\/uploads\/2025\/08\/canvas-cat-bag-7-300x300.jpg\" alt=\"canvas cat bag\" width=\"370\" height=\"370\" srcset=\"https:\/\/www.deopaws.com\/wp-content\/uploads\/2025\/08\/canvas-cat-bag-7-300x300.jpg 300w, https:\/\/www.deopaws.com\/wp-content\/uploads\/2025\/08\/canvas-cat-bag-7-150x150.jpg 150w, https:\/\/www.deopaws.com\/wp-content\/uploads\/2025\/08\/canvas-cat-bag-7-600x600.jpg 600w, https:\/\/www.deopaws.com\/wp-content\/uploads\/2025\/08\/canvas-cat-bag-7-100x100.jpg 100w, https:\/\/www.deopaws.com\/wp-content\/uploads\/2025\/08\/canvas-cat-bag-7.jpg 750w\" sizes=\"auto, (max-width: 370px) 100vw, 370px\" \/><\/p>\n<div style=\"flex: 1; min-width: 0;\">\n<p style=\"color: gray;\">El dise\u00f1o exterior permite a las mascotas interactuar con el mundo exterior en cualquier momento, manteni\u00e9ndolas ocupadas y c\u00f3modas durante los paseos o viajes. Perfecto para perros y gatos peque\u00f1os, a\u00f1ade diversi\u00f3n y seguridad a cada salida.<\/p>\n<\/div>\n<\/div>\n<\/div>\n<div style=\"max-width: 800px; margin: auto; padding: 20px;\">\n<p><!-- \u5de6\u56fe\u53f3\u6587 --><\/p>\n<div style=\"display: flex; align-items: center; gap: 20px; margin-bottom: 40px; flex-wrap: wrap;\">\n<p><img loading=\"lazy\" decoding=\"async\" class=\"alignnone wp-image-2331\" src=\"https:\/\/www.deopaws.com\/wp-content\/uploads\/2025\/08\/canvas-cat-bag-6-300x300.jpg\" alt=\"canvas cat bag\" width=\"371\" height=\"371\" srcset=\"https:\/\/www.deopaws.com\/wp-content\/uploads\/2025\/08\/canvas-cat-bag-6-300x300.jpg 300w, https:\/\/www.deopaws.com\/wp-content\/uploads\/2025\/08\/canvas-cat-bag-6-150x150.jpg 150w, https:\/\/www.deopaws.com\/wp-content\/uploads\/2025\/08\/canvas-cat-bag-6-600x600.jpg 600w, https:\/\/www.deopaws.com\/wp-content\/uploads\/2025\/08\/canvas-cat-bag-6-100x100.jpg 100w, https:\/\/www.deopaws.com\/wp-content\/uploads\/2025\/08\/canvas-cat-bag-6.jpg 750w\" sizes=\"auto, (max-width: 371px) 100vw, 371px\" \/><\/p>\n<div style=\"flex: 1; min-width: 0;\">\n<p data-start=\"56\" data-end=\"422\">Su bonito dise\u00f1o permite a tu mascota asomar c\u00f3modamente la cabeza, manteni\u00e9ndola ocupada y disfrutando del entorno mientras se mantiene segura. Ideal para perros y gatos peque\u00f1os durante paseos o viajes.<\/p>\n<\/div>\n<\/div>\n<p><!-- \u53f3\u56fe\u5de6\u6587 --><\/p>\n<div style=\"display: flex; flex-direction: row-reverse; align-items: center; gap: 20px; flex-wrap: wrap;\">\n<p><img loading=\"lazy\" decoding=\"async\" class=\"alignnone wp-image-2329\" src=\"https:\/\/www.deopaws.com\/wp-content\/uploads\/2025\/08\/canvas-cat-bag-4-300x240.jpg\" alt=\"canvas cat bag\" width=\"370\" height=\"296\" srcset=\"https:\/\/www.deopaws.com\/wp-content\/uploads\/2025\/08\/canvas-cat-bag-4-300x240.jpg 300w, https:\/\/www.deopaws.com\/wp-content\/uploads\/2025\/08\/canvas-cat-bag-4-600x480.jpg 600w, https:\/\/www.deopaws.com\/wp-content\/uploads\/2025\/08\/canvas-cat-bag-4.jpg 750w\" sizes=\"auto, (max-width: 370px) 100vw, 370px\" \/><\/p>\n<div style=\"flex: 1; min-width: 0;\">\n<p style=\"color: gray;\">La abertura con cord\u00f3n retr\u00e1ctil facilita el acceso a las mascotas, mientras que el tejido de lona resistente a ara\u00f1azos y mordiscos garantiza durabilidad y un uso prolongado. Perfecta para perros peque\u00f1os y gatos, ideal para viajes y aventuras al aire libre.<\/p>\n<\/div>\n<\/div>\n<\/div>\n<div style=\"max-width: 800px; margin: auto; padding: 20px;\">\n<p><!-- \u5de6\u56fe\u53f3\u6587 --><\/p>\n<div style=\"display: flex; align-items: center; gap: 20px; margin-bottom: 40px; flex-wrap: wrap;\">\n<p><img loading=\"lazy\" decoding=\"async\" class=\"alignnone wp-image-2328\" src=\"https:\/\/www.deopaws.com\/wp-content\/uploads\/2025\/08\/canvas-cat-bag-3-300x240.jpg\" alt=\"canvas cat bag\" width=\"370\" height=\"296\" srcset=\"https:\/\/www.deopaws.com\/wp-content\/uploads\/2025\/08\/canvas-cat-bag-3-300x240.jpg 300w, https:\/\/www.deopaws.com\/wp-content\/uploads\/2025\/08\/canvas-cat-bag-3-600x480.jpg 600w, https:\/\/www.deopaws.com\/wp-content\/uploads\/2025\/08\/canvas-cat-bag-3.jpg 750w\" sizes=\"auto, (max-width: 370px) 100vw, 370px\" \/><\/p>\n<div style=\"flex: 1; min-width: 0;\">\n<p data-start=\"27\" data-end=\"106\">La hebilla interna de seguridad y el cierre superior a presi\u00f3n mantienen a las mascotas seguras durante los viajes o los paseos, garantizando la seguridad y la tranquilidad tanto del propietario como de la mascota.<\/p>\n<\/div>\n<\/div>\n<\/div>\n<div style=\"max-width: 800px; margin: auto; padding: 20px;\">\n<div style=\"display: flex; flex-direction: row-reverse; align-items: center; gap: 20px; flex-wrap: wrap;\">\n<p><img loading=\"lazy\" decoding=\"async\" class=\"alignnone wp-image-2326\" src=\"https:\/\/www.deopaws.com\/wp-content\/uploads\/2025\/08\/canvas-cat-bag-1-300x240.jpg\" alt=\"canvas cat bag\" width=\"369\" height=\"295\" srcset=\"https:\/\/www.deopaws.com\/wp-content\/uploads\/2025\/08\/canvas-cat-bag-1-300x240.jpg 300w, https:\/\/www.deopaws.com\/wp-content\/uploads\/2025\/08\/canvas-cat-bag-1-600x480.jpg 600w, https:\/\/www.deopaws.com\/wp-content\/uploads\/2025\/08\/canvas-cat-bag-1.jpg 750w\" sizes=\"auto, (max-width: 369px) 100vw, 369px\" \/><\/p>\n<div style=\"flex: 1; min-width: 0;\">\n<p style=\"color: gray;\">El dise\u00f1o de abertura el\u00e1stica ajustable proporciona un ajuste ce\u00f1ido pero c\u00f3modo, que permite a las mascotas asomarse con seguridad, al tiempo que garantiza flexibilidad y seguridad durante los paseos o viajes.<\/p>\n<\/div>\n<\/div>\n<\/div>\n<div style=\"max-width: 800px; margin: auto; padding: 20px;\">\n<p><!-- \u5de6\u56fe\u53f3\u6587 --><\/p>\n<div style=\"display: flex; align-items: center; gap: 20px; margin-bottom: 40px; flex-wrap: wrap;\">\n<p><img loading=\"lazy\" decoding=\"async\" class=\"alignnone wp-image-2327\" src=\"https:\/\/www.deopaws.com\/wp-content\/uploads\/2025\/08\/canvas-cat-bag-2-300x240.jpg\" alt=\"canvas cat bag\" width=\"370\" height=\"296\" srcset=\"https:\/\/www.deopaws.com\/wp-content\/uploads\/2025\/08\/canvas-cat-bag-2-300x240.jpg 300w, https:\/\/www.deopaws.com\/wp-content\/uploads\/2025\/08\/canvas-cat-bag-2-600x480.jpg 600w, https:\/\/www.deopaws.com\/wp-content\/uploads\/2025\/08\/canvas-cat-bag-2.jpg 750w\" sizes=\"auto, (max-width: 370px) 100vw, 370px\" \/><\/p>\n<div style=\"flex: 1; min-width: 0;\">\n<p style=\"color: gray;\">Su dise\u00f1o transpirable mantiene a las mascotas c\u00f3modas y frescas durante los paseos o los viajes, garantizando una circulaci\u00f3n de aire adecuada y una experiencia de paseo agradable.<\/p>\n<\/div>\n<\/div>\n<\/div>\n<div style=\"max-width: 800px; margin: auto; padding: 20px;\">\n<div style=\"display: flex; flex-direction: row-reverse; align-items: center; gap: 20px; flex-wrap: wrap;\">\n<p><img loading=\"lazy\" decoding=\"async\" class=\"alignnone wp-image-2330\" src=\"https:\/\/www.deopaws.com\/wp-content\/uploads\/2025\/08\/canvas-cat-bag-5-200x300.jpg\" alt=\"canvas cat bag\" width=\"269\" height=\"404\" srcset=\"https:\/\/www.deopaws.com\/wp-content\/uploads\/2025\/08\/canvas-cat-bag-5-200x300.jpg 200w, https:\/\/www.deopaws.com\/wp-content\/uploads\/2025\/08\/canvas-cat-bag-5-683x1024.jpg 683w, https:\/\/www.deopaws.com\/wp-content\/uploads\/2025\/08\/canvas-cat-bag-5-600x900.jpg 600w, https:\/\/www.deopaws.com\/wp-content\/uploads\/2025\/08\/canvas-cat-bag-5.jpg 750w\" sizes=\"auto, (max-width: 269px) 100vw, 269px\" \/><\/p>\n<div style=\"flex: 1; min-width: 0;\">\n<p style=\"color: gray;\">La clara tabla de tallas ayuda a los compradores a elegir el ajuste adecuado para sus mascotas cuando utilicen el bolso de lona para gatos, garantizando la comodidad y seguridad durante los paseos o viajes.<\/p>\n<\/div>\n<\/div>\n<\/div>\n<h3>Pantalla de f\u00e1brica<\/h3>\n<p>&nbsp;<\/p>\n<div class=\"row\">\n<div class=\"col-lg-4\"><img loading=\"lazy\" decoding=\"async\" class=\"alignnone size-medium wp-image-142\" src=\"https:\/\/gray-bee-883835.hostingersite.com\/wp-content\/uploads\/2025\/04\/Small-pet-raincoat-3_-300x225.jpg\" alt=\"\" width=\"300\" height=\"225\" srcset=\"https:\/\/www.deopaws.com\/wp-content\/uploads\/2025\/04\/Small-pet-raincoat-3_-300x225.jpg 300w, https:\/\/www.deopaws.com\/wp-content\/uploads\/2025\/04\/Small-pet-raincoat-3_-600x450.jpg 600w, https:\/\/www.deopaws.com\/wp-content\/uploads\/2025\/04\/Small-pet-raincoat-3_-768x576.jpg 768w, https:\/\/www.deopaws.com\/wp-content\/uploads\/2025\/04\/Small-pet-raincoat-3_.jpg 800w\" sizes=\"auto, (max-width: 300px) 100vw, 300px\" \/><\/div>\n<div class=\"col-lg-4\"><img loading=\"lazy\" decoding=\"async\" class=\"alignnone size-medium wp-image-138\" src=\"https:\/\/gray-bee-883835.hostingersite.com\/wp-content\/uploads\/2025\/04\/Small-pet-raincoat-2-2-300x225.jpg\" alt=\"\" width=\"300\" height=\"225\" srcset=\"https:\/\/www.deopaws.com\/wp-content\/uploads\/2025\/04\/Small-pet-raincoat-2-2-300x225.jpg 300w, https:\/\/www.deopaws.com\/wp-content\/uploads\/2025\/04\/Small-pet-raincoat-2-2-600x450.jpg 600w, https:\/\/www.deopaws.com\/wp-content\/uploads\/2025\/04\/Small-pet-raincoat-2-2-768x576.jpg 768w, https:\/\/www.deopaws.com\/wp-content\/uploads\/2025\/04\/Small-pet-raincoat-2-2.jpg 800w\" sizes=\"auto, (max-width: 300px) 100vw, 300px\" \/><\/div>\n<div class=\"col-lg-4\"><img loading=\"lazy\" decoding=\"async\" class=\"alignnone size-medium wp-image-139\" src=\"https:\/\/gray-bee-883835.hostingersite.com\/wp-content\/uploads\/2025\/04\/Small-pet-raincoat-3-2-300x225.jpg\" alt=\"\" width=\"300\" height=\"225\" srcset=\"https:\/\/www.deopaws.com\/wp-content\/uploads\/2025\/04\/Small-pet-raincoat-3-2-300x225.jpg 300w, https:\/\/www.deopaws.com\/wp-content\/uploads\/2025\/04\/Small-pet-raincoat-3-2-600x450.jpg 600w, https:\/\/www.deopaws.com\/wp-content\/uploads\/2025\/04\/Small-pet-raincoat-3-2-768x576.jpg 768w, https:\/\/www.deopaws.com\/wp-content\/uploads\/2025\/04\/Small-pet-raincoat-3-2.jpg 800w\" sizes=\"auto, (max-width: 300px) 100vw, 300px\" \/><\/div>\n<p>&nbsp;<\/p>\n<div>\n<div class=\"row\">\n<div class=\"col-lg-4\"><img loading=\"lazy\" decoding=\"async\" class=\"alignnone size-medium wp-image-141\" src=\"https:\/\/gray-bee-883835.hostingersite.com\/wp-content\/uploads\/2025\/04\/Small-pet-raincoat-2_-300x225.jpg\" alt=\"\" width=\"300\" height=\"225\" srcset=\"https:\/\/www.deopaws.com\/wp-content\/uploads\/2025\/04\/Small-pet-raincoat-2_-300x225.jpg 300w, https:\/\/www.deopaws.com\/wp-content\/uploads\/2025\/04\/Small-pet-raincoat-2_-600x450.jpg 600w, https:\/\/www.deopaws.com\/wp-content\/uploads\/2025\/04\/Small-pet-raincoat-2_-768x576.jpg 768w, https:\/\/www.deopaws.com\/wp-content\/uploads\/2025\/04\/Small-pet-raincoat-2_.jpg 800w\" sizes=\"auto, (max-width: 300px) 100vw, 300px\" \/><\/div>\n<div class=\"col-lg-4\"><img loading=\"lazy\" decoding=\"async\" class=\"alignnone size-full wp-image-1656\" src=\"https:\/\/www.deopaws.com\/wp-content\/uploads\/2025\/05\/fact-1_\u526f\u672c.jpg\" alt=\"\" width=\"300\" height=\"225\" \/><\/div>\n<div class=\"col-lg-4\"><img loading=\"lazy\" decoding=\"async\" class=\"alignnone size-medium wp-image-137\" src=\"https:\/\/gray-bee-883835.hostingersite.com\/wp-content\/uploads\/2025\/04\/Small-pet-raincoat-1-2-300x225.jpg\" alt=\"\" width=\"300\" height=\"225\" srcset=\"https:\/\/www.deopaws.com\/wp-content\/uploads\/2025\/04\/Small-pet-raincoat-1-2-300x225.jpg 300w, https:\/\/www.deopaws.com\/wp-content\/uploads\/2025\/04\/Small-pet-raincoat-1-2-600x450.jpg 600w, https:\/\/www.deopaws.com\/wp-content\/uploads\/2025\/04\/Small-pet-raincoat-1-2-768x576.jpg 768w, https:\/\/www.deopaws.com\/wp-content\/uploads\/2025\/04\/Small-pet-raincoat-1-2.jpg 800w\" sizes=\"auto, (max-width: 300px) 100vw, 300px\" \/><\/div>\n<div><\/div>\n<\/div>\n<\/div>\n<\/div>","protected":false},"excerpt":{"rendered":"<p>Nuestra bonita y divertida bolsa de lona para gatos est\u00e1 dise\u00f1ada para perros y gatos peque\u00f1os, permiti\u00e9ndoles asomar c\u00f3modamente la cabeza mientras viajan o pasean. Con abertura de cord\u00f3n retr\u00e1ctil, dise\u00f1o el\u00e1stico ajustable, hebilla de seguridad interna y cierre superior a presi\u00f3n, garantiza que las mascotas est\u00e9n seguras en todo momento. Fabricada con tejido de lona resistente a ara\u00f1azos y mordiscos y transpirable, esta bolsa es duradera, pr\u00e1ctica y elegante. Perfecta para viajes, aventuras al aire libre y suministro OEM o a granel.<\/p>","protected":false},"featured_media":2333,"comment_status":"closed","ping_status":"closed","template":"","meta":{"_acf_changed":false},"product_brand":[],"product_cat":[15,17,39,16,25],"product_tag":[],"class_list":{"0":"post-2322","1":"product","2":"type-product","3":"status-publish","4":"has-post-thumbnail","6":"product_cat-products","7":"product_cat-cat-supplies","8":"product_cat-cat-apparel-accessories","9":"product_cat-dog-supplies","10":"product_cat-dog-apparel-accessories","12":"first","13":"instock","14":"shipping-taxable","15":"product-type-simple"},"acf":[],"_links":{"self":[{"href":"https:\/\/www.deopaws.com\/es\/wp-json\/wp\/v2\/product\/2322","targetHints":{"allow":["GET"]}}],"collection":[{"href":"https:\/\/www.deopaws.com\/es\/wp-json\/wp\/v2\/product"}],"about":[{"href":"https:\/\/www.deopaws.com\/es\/wp-json\/wp\/v2\/types\/product"}],"replies":[{"embeddable":true,"href":"https:\/\/www.deopaws.com\/es\/wp-json\/wp\/v2\/comments?post=2322"}],"wp:featuredmedia":[{"embeddable":true,"href":"https:\/\/www.deopaws.com\/es\/wp-json\/wp\/v2\/media\/2333"}],"wp:attachment":[{"href":"https:\/\/www.deopaws.com\/es\/wp-json\/wp\/v2\/media?parent=2322"}],"wp:term":[{"taxonomy":"product_brand","embeddable":true,"href":"https:\/\/www.deopaws.com\/es\/wp-json\/wp\/v2\/product_brand?post=2322"},{"taxonomy":"product_cat","embeddable":true,"href":"https:\/\/www.deopaws.com\/es\/wp-json\/wp\/v2\/product_cat?post=2322"},{"taxonomy":"product_tag","embeddable":true,"href":"https:\/\/www.deopaws.com\/es\/wp-json\/wp\/v2\/product_tag?post=2322"}],"curies":[{"name":"wp","href":"https:\/\/api.w.org\/{rel}","templated":true}]}}