{"id":1632,"date":"2025-05-15T15:45:21","date_gmt":"2025-05-15T07:45:21","guid":{"rendered":"https:\/\/www.deopaws.com\/?post_type=product&#038;p=1632"},"modified":"2025-07-18T09:11:00","modified_gmt":"2025-07-18T01:11:00","slug":"pet-food-and-water-dispenser","status":"publish","type":"product","link":"https:\/\/www.deopaws.com\/es\/pet-food-and-water-dispenser\/","title":{"rendered":"Dispensador autom\u00e1tico de comida y agua para mascotas - Paquete peque\u00f1o y compacto"},"content":{"rendered":"<h2 data-start=\"77\" data-end=\"192\">Dispensador de agua y comida para mascotas:<\/h2>\n<p>&nbsp;<\/p>\n<p class=\"\" data-start=\"77\" data-end=\"192\">\u25cf Autom\u00e1tico: Proporciona una dispensaci\u00f3n precisa de comida y agua para animales peque\u00f1os.<\/p>\n<p class=\"\" data-start=\"77\" data-end=\"192\"><br data-start=\"74\" data-end=\"77\" \/>\u25cf Dise\u00f1o compacto: Ahorro de espacio y f\u00e1cil de colocar en cualquier entorno.<\/p>\n<p class=\"\" data-start=\"77\" data-end=\"192\"><br data-start=\"145\" data-end=\"148\" \/>\u25cf Duradero y Seguro: Hecho de pl\u00e1stico de alta calidad con patrones geom\u00e9tricos y s\u00f3lidos.<\/p>\n<p class=\"\" data-start=\"77\" data-end=\"192\"><br data-start=\"231\" data-end=\"234\" \/>F\u00e1cil instalaci\u00f3n: F\u00e1cil de instalar y operar para un uso sin problemas.<\/p>\n<p class=\"\" data-start=\"77\" data-end=\"192\">\u25cf Ideal para animales peque\u00f1os: Perfecto para las necesidades diarias de alimentaci\u00f3n e hidrataci\u00f3n.<\/p>\n<p class=\"\" data-start=\"77\" data-end=\"192\"><br data-start=\"374\" data-end=\"377\" \/>\u25cf Personalizable: Admite logotipos personalizados para la marca.<\/p>\n<p>&nbsp;<\/p>\n<p>&nbsp;<\/p>\n<div style=\"max-width: 800px; margin: auto; padding: 20px;\">\n<p><!-- \u5de6\u56fe\u53f3\u6587 --><\/p>\n<div style=\"display: flex; align-items: center; gap: 20px; margin-bottom: 40px; flex-wrap: wrap;\">\n<p><img loading=\"lazy\" decoding=\"async\" class=\"alignnone wp-image-1639\" src=\"https:\/\/www.deopaws.com\/wp-content\/uploads\/2025\/05\/Automatic-Pet-Food-and-Water-Dispenser-\u2013-Compact-Small-Package-7-300x240.jpg\" alt=\"pet food and water dispenser\" width=\"370\" height=\"296\" srcset=\"https:\/\/www.deopaws.com\/wp-content\/uploads\/2025\/05\/Automatic-Pet-Food-and-Water-Dispenser-\u2013-Compact-Small-Package-7-300x240.jpg 300w, https:\/\/www.deopaws.com\/wp-content\/uploads\/2025\/05\/Automatic-Pet-Food-and-Water-Dispenser-\u2013-Compact-Small-Package-7-600x480.jpg 600w, https:\/\/www.deopaws.com\/wp-content\/uploads\/2025\/05\/Automatic-Pet-Food-and-Water-Dispenser-\u2013-Compact-Small-Package-7.jpg 750w\" sizes=\"auto, (max-width: 370px) 100vw, 370px\" \/><\/p>\n<div style=\"flex: 1; min-width: 0;\">\n<p style=\"color: gray;\">Alimentaci\u00f3n y agua integradas con circulaci\u00f3n de agua corriente pura y dise\u00f1o mudo.<\/p>\n<\/div>\n<\/div>\n<p><!-- \u53f3\u56fe\u5de6\u6587 --><\/p>\n<div style=\"display: flex; flex-direction: row-reverse; align-items: center; gap: 20px; flex-wrap: wrap;\">\n<p><img loading=\"lazy\" decoding=\"async\" class=\"alignnone wp-image-1633\" src=\"https:\/\/www.deopaws.com\/wp-content\/uploads\/2025\/05\/Automatic-Pet-Food-and-Water-Dispenser-\u2013-Compact-Small-Package-1-300x240.jpg\" alt=\"pet food and water dispenser\" width=\"370\" height=\"296\" srcset=\"https:\/\/www.deopaws.com\/wp-content\/uploads\/2025\/05\/Automatic-Pet-Food-and-Water-Dispenser-\u2013-Compact-Small-Package-1-300x240.jpg 300w, https:\/\/www.deopaws.com\/wp-content\/uploads\/2025\/05\/Automatic-Pet-Food-and-Water-Dispenser-\u2013-Compact-Small-Package-1-600x480.jpg 600w, https:\/\/www.deopaws.com\/wp-content\/uploads\/2025\/05\/Automatic-Pet-Food-and-Water-Dispenser-\u2013-Compact-Small-Package-1.jpg 750w\" sizes=\"auto, (max-width: 370px) 100vw, 370px\" \/><\/p>\n<div style=\"flex: 1; min-width: 0;\">\n<p style=\"color: gray;\">La base de 5 cm de altura y la superficie inclinada 15\u00b0 ayudan a los gatos a comer c\u00f3modamente sin forzar el cuello, evitando derrames y facilitando la hora de la comida.<\/p>\n<\/div>\n<\/div>\n<\/div>\n<div style=\"max-width: 800px; margin: auto; padding: 20px;\">\n<p><!-- \u5de6\u56fe\u53f3\u6587 --><\/p>\n<div style=\"display: flex; align-items: center; gap: 20px; margin-bottom: 40px; flex-wrap: wrap;\">\n<p><img loading=\"lazy\" decoding=\"async\" class=\"alignnone wp-image-1635\" src=\"https:\/\/www.deopaws.com\/wp-content\/uploads\/2025\/05\/Automatic-Pet-Food-and-Water-Dispenser-\u2013-Compact-Small-Package-3-300x240.jpg\" alt=\"pet food and water dispenser\" width=\"370\" height=\"296\" srcset=\"https:\/\/www.deopaws.com\/wp-content\/uploads\/2025\/05\/Automatic-Pet-Food-and-Water-Dispenser-\u2013-Compact-Small-Package-3-300x240.jpg 300w, https:\/\/www.deopaws.com\/wp-content\/uploads\/2025\/05\/Automatic-Pet-Food-and-Water-Dispenser-\u2013-Compact-Small-Package-3-600x480.jpg 600w, https:\/\/www.deopaws.com\/wp-content\/uploads\/2025\/05\/Automatic-Pet-Food-and-Water-Dispenser-\u2013-Compact-Small-Package-3.jpg 750w\" sizes=\"auto, (max-width: 370px) 100vw, 370px\" \/><\/p>\n<div style=\"flex: 1; min-width: 0;\">\n<p style=\"color: gray;\">El agua en movimiento es la elecci\u00f3n natural de una mascota, ya que se\u00f1ala una fuente fresca, y beber suficiente agua limpia es esencial para proteger su salud renal y urinaria.<\/p>\n<\/div>\n<\/div>\n<p><!-- \u53f3\u56fe\u5de6\u6587 --><\/p>\n<div style=\"display: flex; flex-direction: row-reverse; align-items: center; gap: 20px; flex-wrap: wrap;\">\n<p><img loading=\"lazy\" decoding=\"async\" class=\"alignnone wp-image-1634\" src=\"https:\/\/www.deopaws.com\/wp-content\/uploads\/2025\/05\/Automatic-Pet-Food-and-Water-Dispenser-\u2013-Compact-Small-Package-2-300x240.jpg\" alt=\"pet food and water dispenser\" width=\"370\" height=\"296\" srcset=\"https:\/\/www.deopaws.com\/wp-content\/uploads\/2025\/05\/Automatic-Pet-Food-and-Water-Dispenser-\u2013-Compact-Small-Package-2-300x240.jpg 300w, https:\/\/www.deopaws.com\/wp-content\/uploads\/2025\/05\/Automatic-Pet-Food-and-Water-Dispenser-\u2013-Compact-Small-Package-2-600x480.jpg 600w, https:\/\/www.deopaws.com\/wp-content\/uploads\/2025\/05\/Automatic-Pet-Food-and-Water-Dispenser-\u2013-Compact-Small-Package-2.jpg 750w\" sizes=\"auto, (max-width: 370px) 100vw, 370px\" \/><\/p>\n<div style=\"flex: 1; min-width: 0;\">\n<p style=\"color: gray;\">Este dispensador de comida y agua para mascotas ha superado m\u00e1s de 1.000 pruebas de encendido y apagado para garantizar su estabilidad y seguridad.<\/p>\n<\/div>\n<\/div>\n<\/div>\n<div style=\"max-width: 800px; margin: auto; padding: 20px;\">\n<p><!-- \u5de6\u56fe\u53f3\u6587 --><\/p>\n<div style=\"display: flex; align-items: center; gap: 20px; margin-bottom: 40px; flex-wrap: wrap;\">\n<p><img loading=\"lazy\" decoding=\"async\" class=\"alignnone wp-image-1640\" src=\"https:\/\/www.deopaws.com\/wp-content\/uploads\/2025\/05\/Automatic-Pet-Food-and-Water-Dispenser-\u2013-Compact-Small-Package-8-300x240.jpg\" alt=\"pet food and water dispenser\" width=\"369\" height=\"295\" srcset=\"https:\/\/www.deopaws.com\/wp-content\/uploads\/2025\/05\/Automatic-Pet-Food-and-Water-Dispenser-\u2013-Compact-Small-Package-8-300x240.jpg 300w, https:\/\/www.deopaws.com\/wp-content\/uploads\/2025\/05\/Automatic-Pet-Food-and-Water-Dispenser-\u2013-Compact-Small-Package-8-600x480.jpg 600w, https:\/\/www.deopaws.com\/wp-content\/uploads\/2025\/05\/Automatic-Pet-Food-and-Water-Dispenser-\u2013-Compact-Small-Package-8.jpg 750w\" sizes=\"auto, (max-width: 369px) 100vw, 369px\" \/><\/p>\n<div style=\"flex: 1; min-width: 0;\">\n<p style=\"color: gray;\">F\u00e1cil instalaci\u00f3n y desmontaje con una limpieza sencilla: las piezas se pueden dividir, levantar y desmontar f\u00e1cilmente para una limpieza a fondo sin rincones muertos.<\/p>\n<\/div>\n<\/div>\n<p><!-- \u53f3\u56fe\u5de6\u6587 --><\/p>\n<div style=\"display: flex; flex-direction: row-reverse; align-items: center; gap: 20px; flex-wrap: wrap;\">\n<p><img loading=\"lazy\" decoding=\"async\" class=\"alignnone wp-image-1638\" src=\"https:\/\/www.deopaws.com\/wp-content\/uploads\/2025\/05\/Automatic-Pet-Food-and-Water-Dispenser-\u2013-Compact-Small-Package-6-300x240.jpg\" alt=\"pet food and water dispenser\" width=\"370\" height=\"296\" srcset=\"https:\/\/www.deopaws.com\/wp-content\/uploads\/2025\/05\/Automatic-Pet-Food-and-Water-Dispenser-\u2013-Compact-Small-Package-6-300x240.jpg 300w, https:\/\/www.deopaws.com\/wp-content\/uploads\/2025\/05\/Automatic-Pet-Food-and-Water-Dispenser-\u2013-Compact-Small-Package-6-600x480.jpg 600w, https:\/\/www.deopaws.com\/wp-content\/uploads\/2025\/05\/Automatic-Pet-Food-and-Water-Dispenser-\u2013-Compact-Small-Package-6.jpg 750w\" sizes=\"auto, (max-width: 370px) 100vw, 370px\" \/><\/p>\n<div style=\"flex: 1; min-width: 0;\">\n<p style=\"color: gray;\">La bomba de agua silenciosa sin escobillas de 30 dB presenta un dise\u00f1o de bajos decibelios que reduce el ruido del flujo de agua, garantizando un entorno relajante para los dulces sue\u00f1os de su mascota sin molestias.<\/p>\n<\/div>\n<\/div>\n<\/div>\n<h3>Pantalla de f\u00e1brica<\/h3>\n<p>&nbsp;<\/p>\n<div class=\"row\">\n<div class=\"col-lg-4\"><img loading=\"lazy\" decoding=\"async\" class=\"alignnone size-medium wp-image-142\" src=\"https:\/\/gray-bee-883835.hostingersite.com\/wp-content\/uploads\/2025\/04\/Small-pet-raincoat-3_-300x225.jpg\" alt=\"\" width=\"300\" height=\"225\" srcset=\"https:\/\/www.deopaws.com\/wp-content\/uploads\/2025\/04\/Small-pet-raincoat-3_-300x225.jpg 300w, https:\/\/www.deopaws.com\/wp-content\/uploads\/2025\/04\/Small-pet-raincoat-3_-600x450.jpg 600w, https:\/\/www.deopaws.com\/wp-content\/uploads\/2025\/04\/Small-pet-raincoat-3_-768x576.jpg 768w, https:\/\/www.deopaws.com\/wp-content\/uploads\/2025\/04\/Small-pet-raincoat-3_.jpg 800w\" sizes=\"auto, (max-width: 300px) 100vw, 300px\" \/><\/div>\n<div class=\"col-lg-4\"><img loading=\"lazy\" decoding=\"async\" class=\"alignnone size-medium wp-image-138\" src=\"https:\/\/gray-bee-883835.hostingersite.com\/wp-content\/uploads\/2025\/04\/Small-pet-raincoat-2-2-300x225.jpg\" alt=\"\" width=\"300\" height=\"225\" srcset=\"https:\/\/www.deopaws.com\/wp-content\/uploads\/2025\/04\/Small-pet-raincoat-2-2-300x225.jpg 300w, https:\/\/www.deopaws.com\/wp-content\/uploads\/2025\/04\/Small-pet-raincoat-2-2-600x450.jpg 600w, https:\/\/www.deopaws.com\/wp-content\/uploads\/2025\/04\/Small-pet-raincoat-2-2-768x576.jpg 768w, https:\/\/www.deopaws.com\/wp-content\/uploads\/2025\/04\/Small-pet-raincoat-2-2.jpg 800w\" sizes=\"auto, (max-width: 300px) 100vw, 300px\" \/><\/div>\n<div class=\"col-lg-4\"><img loading=\"lazy\" decoding=\"async\" class=\"alignnone size-medium wp-image-139\" src=\"https:\/\/gray-bee-883835.hostingersite.com\/wp-content\/uploads\/2025\/04\/Small-pet-raincoat-3-2-300x225.jpg\" alt=\"\" width=\"300\" height=\"225\" srcset=\"https:\/\/www.deopaws.com\/wp-content\/uploads\/2025\/04\/Small-pet-raincoat-3-2-300x225.jpg 300w, https:\/\/www.deopaws.com\/wp-content\/uploads\/2025\/04\/Small-pet-raincoat-3-2-600x450.jpg 600w, https:\/\/www.deopaws.com\/wp-content\/uploads\/2025\/04\/Small-pet-raincoat-3-2-768x576.jpg 768w, https:\/\/www.deopaws.com\/wp-content\/uploads\/2025\/04\/Small-pet-raincoat-3-2.jpg 800w\" sizes=\"auto, (max-width: 300px) 100vw, 300px\" \/><\/div>\n<p>&nbsp;<\/p>\n<div>\n<div class=\"row\">\n<div class=\"col-lg-4\"><img loading=\"lazy\" decoding=\"async\" class=\"alignnone size-medium wp-image-141\" src=\"https:\/\/gray-bee-883835.hostingersite.com\/wp-content\/uploads\/2025\/04\/Small-pet-raincoat-2_-300x225.jpg\" alt=\"\" width=\"300\" height=\"225\" srcset=\"https:\/\/www.deopaws.com\/wp-content\/uploads\/2025\/04\/Small-pet-raincoat-2_-300x225.jpg 300w, https:\/\/www.deopaws.com\/wp-content\/uploads\/2025\/04\/Small-pet-raincoat-2_-600x450.jpg 600w, https:\/\/www.deopaws.com\/wp-content\/uploads\/2025\/04\/Small-pet-raincoat-2_-768x576.jpg 768w, https:\/\/www.deopaws.com\/wp-content\/uploads\/2025\/04\/Small-pet-raincoat-2_.jpg 800w\" sizes=\"auto, (max-width: 300px) 100vw, 300px\" \/><\/div>\n<div class=\"col-lg-4\"><img loading=\"lazy\" decoding=\"async\" class=\"alignnone size-full wp-image-1656\" src=\"https:\/\/www.deopaws.com\/wp-content\/uploads\/2025\/05\/fact-1_\u526f\u672c.jpg\" alt=\"\" width=\"300\" height=\"225\" \/><\/div>\n<div class=\"col-lg-4\"><img loading=\"lazy\" decoding=\"async\" class=\"alignnone size-medium wp-image-137\" src=\"https:\/\/gray-bee-883835.hostingersite.com\/wp-content\/uploads\/2025\/04\/Small-pet-raincoat-1-2-300x225.jpg\" alt=\"\" width=\"300\" height=\"225\" srcset=\"https:\/\/www.deopaws.com\/wp-content\/uploads\/2025\/04\/Small-pet-raincoat-1-2-300x225.jpg 300w, https:\/\/www.deopaws.com\/wp-content\/uploads\/2025\/04\/Small-pet-raincoat-1-2-600x450.jpg 600w, https:\/\/www.deopaws.com\/wp-content\/uploads\/2025\/04\/Small-pet-raincoat-1-2-768x576.jpg 768w, https:\/\/www.deopaws.com\/wp-content\/uploads\/2025\/04\/Small-pet-raincoat-1-2.jpg 800w\" sizes=\"auto, (max-width: 300px) 100vw, 300px\" \/><\/div>\n<div><\/div>\n<\/div>\n<\/div>\n<\/div>","protected":false},"excerpt":{"rendered":"<p>Este dispensador de comida y agua para mascotas est\u00e1 dise\u00f1ado para ofrecer eficacia, higiene y comodidad en el cuidado moderno de las mascotas. Con un sistema de alimentaci\u00f3n dual basado en la gravedad, garantiza un suministro continuo tanto de comida como de agua para las mascotas, minimizando los rellenos manuales y el mantenimiento diario.<\/p>","protected":false},"featured_media":1636,"comment_status":"open","ping_status":"closed","template":"","meta":{"_acf_changed":false},"product_brand":[],"product_cat":[15],"product_tag":[],"class_list":{"0":"post-1632","1":"product","2":"type-product","3":"status-publish","4":"has-post-thumbnail","6":"product_cat-products","8":"first","9":"instock","10":"shipping-taxable","11":"product-type-simple"},"acf":[],"_links":{"self":[{"href":"https:\/\/www.deopaws.com\/es\/wp-json\/wp\/v2\/product\/1632","targetHints":{"allow":["GET"]}}],"collection":[{"href":"https:\/\/www.deopaws.com\/es\/wp-json\/wp\/v2\/product"}],"about":[{"href":"https:\/\/www.deopaws.com\/es\/wp-json\/wp\/v2\/types\/product"}],"replies":[{"embeddable":true,"href":"https:\/\/www.deopaws.com\/es\/wp-json\/wp\/v2\/comments?post=1632"}],"wp:featuredmedia":[{"embeddable":true,"href":"https:\/\/www.deopaws.com\/es\/wp-json\/wp\/v2\/media\/1636"}],"wp:attachment":[{"href":"https:\/\/www.deopaws.com\/es\/wp-json\/wp\/v2\/media?parent=1632"}],"wp:term":[{"taxonomy":"product_brand","embeddable":true,"href":"https:\/\/www.deopaws.com\/es\/wp-json\/wp\/v2\/product_brand?post=1632"},{"taxonomy":"product_cat","embeddable":true,"href":"https:\/\/www.deopaws.com\/es\/wp-json\/wp\/v2\/product_cat?post=1632"},{"taxonomy":"product_tag","embeddable":true,"href":"https:\/\/www.deopaws.com\/es\/wp-json\/wp\/v2\/product_tag?post=1632"}],"curies":[{"name":"wp","href":"https:\/\/api.w.org\/{rel}","templated":true}]}}