{"id":1467,"date":"2025-05-14T15:50:04","date_gmt":"2025-05-14T07:50:04","guid":{"rendered":"https:\/\/www.deopaws.com\/?post_type=product&#038;p=1467"},"modified":"2025-07-18T17:17:02","modified_gmt":"2025-07-18T09:17:02","slug":"cat-harness-and-leash-set","status":"publish","type":"product","link":"https:\/\/www.deopaws.com\/es\/cat-harness-and-leash-set\/","title":{"rendered":"Conjunto de arn\u00e9s y correa reflectantes ajustables para gatos - Malla suave para gatos y cachorros"},"content":{"rendered":"<h2 data-start=\"77\" data-end=\"192\">Conjunto de arn\u00e9s y correa para gatos:<\/h2>\n<p class=\"\" data-start=\"77\" data-end=\"192\">\u25cf Transpirable y c\u00f3modo: Hecho de tela de malla suave para garantizar la comodidad y el flujo de aire.<\/p>\n<p class=\"\" data-start=\"77\" data-end=\"192\"><br data-start=\"84\" data-end=\"87\" \/>\u25cf Dise\u00f1o reflectante: Cuenta con tiras reflectantes para una mejor visibilidad y seguridad durante los paseos nocturnos<\/p>\n<p class=\"\" data-start=\"77\" data-end=\"192\"><br data-start=\"184\" data-end=\"187\" \/>\u25cf Ajuste regulable: Dise\u00f1ado para adaptarse a varios tama\u00f1os de gatos y perros peque\u00f1os.<\/p>\n<p class=\"\" data-start=\"77\" data-end=\"192\"><br data-start=\"255\" data-end=\"258\" \/>\u25cf Materiales duraderos: Fabricado con poli\u00e9ster, piezas met\u00e1licas y tiras luminosas para un uso prolongado.<\/p>\n<p class=\"\" data-start=\"77\" data-end=\"192\"><br data-start=\"354\" data-end=\"357\" \/>\u25cf F\u00e1cil de usar: F\u00e1cil de poner y quitar, ideal para los paseos diarios.<\/p>\n<p class=\"\" data-start=\"77\" data-end=\"192\"><br data-start=\"423\" data-end=\"426\" \/>\u25cf Opciones de color: Disponible en blanco, azul, rojo, amarillo y negro.<\/p>\n<p>&nbsp;<\/p>\n<p>&nbsp;<\/p>\n<div style=\"max-width: 800px; margin: auto; padding: 20px;\">\n<p><!-- \u5de6\u56fe\u53f3\u6587 --><\/p>\n<div style=\"display: flex; align-items: center; gap: 20px; margin-bottom: 40px; flex-wrap: wrap;\">\n<p><img loading=\"lazy\" decoding=\"async\" class=\"alignnone wp-image-1475\" src=\"https:\/\/www.deopaws.com\/wp-content\/uploads\/2025\/05\/Adjustable-Reflective-Dog-Harness-Leash-Set-\u2013-Soft-Mesh-for-Puppies-Cats1-2-300x240.jpg\" alt=\"cat harness and leash set\" width=\"371\" height=\"297\" srcset=\"https:\/\/www.deopaws.com\/wp-content\/uploads\/2025\/05\/Adjustable-Reflective-Dog-Harness-Leash-Set-\u2013-Soft-Mesh-for-Puppies-Cats1-2-300x240.jpg 300w, https:\/\/www.deopaws.com\/wp-content\/uploads\/2025\/05\/Adjustable-Reflective-Dog-Harness-Leash-Set-\u2013-Soft-Mesh-for-Puppies-Cats1-2-600x480.jpg 600w, https:\/\/www.deopaws.com\/wp-content\/uploads\/2025\/05\/Adjustable-Reflective-Dog-Harness-Leash-Set-\u2013-Soft-Mesh-for-Puppies-Cats1-2.jpg 750w\" sizes=\"auto, (max-width: 371px) 100vw, 371px\" \/><\/p>\n<div style=\"flex: 1; min-width: 0;\">\n<p style=\"color: gray;\">Con una envoltura de velcro, hebilla resistente, tiras reflectantes, asa resistente a la tensi\u00f3n, tejido transpirable y herrajes s\u00f3lidos para mayor comodidad y durabilidad.<\/p>\n<\/div>\n<\/div>\n<p><!-- \u53f3\u56fe\u5de6\u6587 --><\/p>\n<div style=\"display: flex; flex-direction: row-reverse; align-items: center; gap: 20px; flex-wrap: wrap;\">\n<p><img loading=\"lazy\" decoding=\"async\" class=\"alignnone wp-image-1476\" src=\"https:\/\/www.deopaws.com\/wp-content\/uploads\/2025\/05\/Adjustable-Reflective-Dog-Harness-Leash-Set-\u2013-Soft-Mesh-for-Puppies-Cats1-3-300x240.jpg\" alt=\"cat harness and leash set\" width=\"371\" height=\"297\" srcset=\"https:\/\/www.deopaws.com\/wp-content\/uploads\/2025\/05\/Adjustable-Reflective-Dog-Harness-Leash-Set-\u2013-Soft-Mesh-for-Puppies-Cats1-3-300x240.jpg 300w, https:\/\/www.deopaws.com\/wp-content\/uploads\/2025\/05\/Adjustable-Reflective-Dog-Harness-Leash-Set-\u2013-Soft-Mesh-for-Puppies-Cats1-3-600x480.jpg 600w, https:\/\/www.deopaws.com\/wp-content\/uploads\/2025\/05\/Adjustable-Reflective-Dog-Harness-Leash-Set-\u2013-Soft-Mesh-for-Puppies-Cats1-3.jpg 750w\" sizes=\"auto, (max-width: 371px) 100vw, 371px\" \/><\/p>\n<div style=\"flex: 1; min-width: 0;\">\n<p style=\"color: gray;\">Sin correa, este dise\u00f1o ofrece un cuidado integral con capas de doble protecci\u00f3n, 360 grados que rodean el pecho integrado y soporte para la espalda, lo que garantiza un ajuste perfecto y la m\u00e1xima comodidad para su mascota.<\/p>\n<\/div>\n<\/div>\n<\/div>\n<div style=\"max-width: 800px; margin: auto; padding: 20px;\">\n<p><!-- \u5de6\u56fe\u53f3\u6587 --><\/p>\n<div style=\"display: flex; align-items: center; gap: 20px; margin-bottom: 40px; flex-wrap: wrap;\">\n<p><img loading=\"lazy\" decoding=\"async\" class=\"alignnone wp-image-1477\" src=\"https:\/\/www.deopaws.com\/wp-content\/uploads\/2025\/05\/Adjustable-Reflective-Dog-Harness-Leash-Set-\u2013-Soft-Mesh-for-Puppies-Cats1-4-300x240.jpg\" alt=\"cat harness and leash set\" width=\"370\" height=\"296\" srcset=\"https:\/\/www.deopaws.com\/wp-content\/uploads\/2025\/05\/Adjustable-Reflective-Dog-Harness-Leash-Set-\u2013-Soft-Mesh-for-Puppies-Cats1-4-300x240.jpg 300w, https:\/\/www.deopaws.com\/wp-content\/uploads\/2025\/05\/Adjustable-Reflective-Dog-Harness-Leash-Set-\u2013-Soft-Mesh-for-Puppies-Cats1-4-600x480.jpg 600w, https:\/\/www.deopaws.com\/wp-content\/uploads\/2025\/05\/Adjustable-Reflective-Dog-Harness-Leash-Set-\u2013-Soft-Mesh-for-Puppies-Cats1-4.jpg 750w\" sizes=\"auto, (max-width: 370px) 100vw, 370px\" \/><\/p>\n<div style=\"flex: 1; min-width: 0;\">\n<p style=\"color: gray;\">Fabricado con tejido de material de polipropileno multicapa, maneja la tensi\u00f3n con facilidad, es duradero y resistente a la suciedad.<\/p>\n<\/div>\n<\/div>\n<p><!-- \u53f3\u56fe\u5de6\u6587 --><\/p>\n<div style=\"display: flex; flex-direction: row-reverse; align-items: center; gap: 20px; flex-wrap: wrap;\">\n<p><img loading=\"lazy\" decoding=\"async\" class=\"alignnone wp-image-1479\" src=\"https:\/\/www.deopaws.com\/wp-content\/uploads\/2025\/05\/Adjustable-Reflective-Dog-Harness-Leash-Set-\u2013-Soft-Mesh-for-Puppies-Cats1-6-300x240.jpg\" alt=\"cat harness and leash set\" width=\"371\" height=\"297\" srcset=\"https:\/\/www.deopaws.com\/wp-content\/uploads\/2025\/05\/Adjustable-Reflective-Dog-Harness-Leash-Set-\u2013-Soft-Mesh-for-Puppies-Cats1-6-300x240.jpg 300w, https:\/\/www.deopaws.com\/wp-content\/uploads\/2025\/05\/Adjustable-Reflective-Dog-Harness-Leash-Set-\u2013-Soft-Mesh-for-Puppies-Cats1-6-600x480.jpg 600w, https:\/\/www.deopaws.com\/wp-content\/uploads\/2025\/05\/Adjustable-Reflective-Dog-Harness-Leash-Set-\u2013-Soft-Mesh-for-Puppies-Cats1-6.jpg 750w\" sizes=\"auto, (max-width: 371px) 100vw, 371px\" \/><\/p>\n<div style=\"flex: 1; min-width: 0;\">\n<p style=\"color: gray;\">C\u00f3mo llevar<\/p>\n<\/div>\n<\/div>\n<\/div>\n<div style=\"max-width: 800px; margin: auto; padding: 20px;\">\n<p><!-- \u5de6\u56fe\u53f3\u6587 --><\/p>\n<div style=\"display: flex; align-items: center; gap: 20px; margin-bottom: 40px; flex-wrap: wrap;\">\n<p><img loading=\"lazy\" decoding=\"async\" class=\"alignnone wp-image-1474\" src=\"https:\/\/www.deopaws.com\/wp-content\/uploads\/2025\/05\/Adjustable-Reflective-Dog-Harness-Leash-Set-\u2013-Soft-Mesh-for-Puppies-Cats1-1-300x240.jpg\" alt=\"cat harness and leash set\" width=\"370\" height=\"296\" srcset=\"https:\/\/www.deopaws.com\/wp-content\/uploads\/2025\/05\/Adjustable-Reflective-Dog-Harness-Leash-Set-\u2013-Soft-Mesh-for-Puppies-Cats1-1-300x240.jpg 300w, https:\/\/www.deopaws.com\/wp-content\/uploads\/2025\/05\/Adjustable-Reflective-Dog-Harness-Leash-Set-\u2013-Soft-Mesh-for-Puppies-Cats1-1-600x480.jpg 600w, https:\/\/www.deopaws.com\/wp-content\/uploads\/2025\/05\/Adjustable-Reflective-Dog-Harness-Leash-Set-\u2013-Soft-Mesh-for-Puppies-Cats1-1.jpg 750w\" sizes=\"auto, (max-width: 370px) 100vw, 370px\" \/><\/p>\n<div style=\"flex: 1; min-width: 0;\">\n<p style=\"color: gray;\">Especificaciones de tama\u00f1o<\/p>\n<\/div>\n<\/div>\n<\/div>\n<h3>Pantalla de f\u00e1brica<\/h3>\n<p>&nbsp;<\/p>\n<div class=\"row\">\n<div class=\"col-lg-4\"><img loading=\"lazy\" decoding=\"async\" class=\"alignnone size-medium wp-image-142\" src=\"https:\/\/gray-bee-883835.hostingersite.com\/wp-content\/uploads\/2025\/04\/Small-pet-raincoat-3_-300x225.jpg\" alt=\"\" width=\"300\" height=\"225\" srcset=\"https:\/\/www.deopaws.com\/wp-content\/uploads\/2025\/04\/Small-pet-raincoat-3_-300x225.jpg 300w, https:\/\/www.deopaws.com\/wp-content\/uploads\/2025\/04\/Small-pet-raincoat-3_-600x450.jpg 600w, https:\/\/www.deopaws.com\/wp-content\/uploads\/2025\/04\/Small-pet-raincoat-3_-768x576.jpg 768w, https:\/\/www.deopaws.com\/wp-content\/uploads\/2025\/04\/Small-pet-raincoat-3_.jpg 800w\" sizes=\"auto, (max-width: 300px) 100vw, 300px\" \/><\/div>\n<div class=\"col-lg-4\"><img loading=\"lazy\" decoding=\"async\" class=\"alignnone size-medium wp-image-138\" src=\"https:\/\/gray-bee-883835.hostingersite.com\/wp-content\/uploads\/2025\/04\/Small-pet-raincoat-2-2-300x225.jpg\" alt=\"\" width=\"300\" height=\"225\" srcset=\"https:\/\/www.deopaws.com\/wp-content\/uploads\/2025\/04\/Small-pet-raincoat-2-2-300x225.jpg 300w, https:\/\/www.deopaws.com\/wp-content\/uploads\/2025\/04\/Small-pet-raincoat-2-2-600x450.jpg 600w, https:\/\/www.deopaws.com\/wp-content\/uploads\/2025\/04\/Small-pet-raincoat-2-2-768x576.jpg 768w, https:\/\/www.deopaws.com\/wp-content\/uploads\/2025\/04\/Small-pet-raincoat-2-2.jpg 800w\" sizes=\"auto, (max-width: 300px) 100vw, 300px\" \/><\/div>\n<div class=\"col-lg-4\"><img loading=\"lazy\" decoding=\"async\" class=\"alignnone size-medium wp-image-139\" src=\"https:\/\/gray-bee-883835.hostingersite.com\/wp-content\/uploads\/2025\/04\/Small-pet-raincoat-3-2-300x225.jpg\" alt=\"\" width=\"300\" height=\"225\" srcset=\"https:\/\/www.deopaws.com\/wp-content\/uploads\/2025\/04\/Small-pet-raincoat-3-2-300x225.jpg 300w, https:\/\/www.deopaws.com\/wp-content\/uploads\/2025\/04\/Small-pet-raincoat-3-2-600x450.jpg 600w, https:\/\/www.deopaws.com\/wp-content\/uploads\/2025\/04\/Small-pet-raincoat-3-2-768x576.jpg 768w, https:\/\/www.deopaws.com\/wp-content\/uploads\/2025\/04\/Small-pet-raincoat-3-2.jpg 800w\" sizes=\"auto, (max-width: 300px) 100vw, 300px\" \/><\/div>\n<p>&nbsp;<\/p>\n<div>\n<div class=\"row\">\n<div class=\"col-lg-4\"><img loading=\"lazy\" decoding=\"async\" class=\"alignnone size-medium wp-image-141\" src=\"https:\/\/gray-bee-883835.hostingersite.com\/wp-content\/uploads\/2025\/04\/Small-pet-raincoat-2_-300x225.jpg\" alt=\"\" width=\"300\" height=\"225\" srcset=\"https:\/\/www.deopaws.com\/wp-content\/uploads\/2025\/04\/Small-pet-raincoat-2_-300x225.jpg 300w, https:\/\/www.deopaws.com\/wp-content\/uploads\/2025\/04\/Small-pet-raincoat-2_-600x450.jpg 600w, https:\/\/www.deopaws.com\/wp-content\/uploads\/2025\/04\/Small-pet-raincoat-2_-768x576.jpg 768w, https:\/\/www.deopaws.com\/wp-content\/uploads\/2025\/04\/Small-pet-raincoat-2_.jpg 800w\" sizes=\"auto, (max-width: 300px) 100vw, 300px\" \/><\/div>\n<div class=\"col-lg-4\"><img loading=\"lazy\" decoding=\"async\" class=\"alignnone size-full wp-image-1656\" src=\"https:\/\/www.deopaws.com\/wp-content\/uploads\/2025\/05\/fact-1_\u526f\u672c.jpg\" alt=\"\" width=\"300\" height=\"225\" \/><\/div>\n<div class=\"col-lg-4\"><img loading=\"lazy\" decoding=\"async\" class=\"alignnone size-medium wp-image-137\" src=\"https:\/\/gray-bee-883835.hostingersite.com\/wp-content\/uploads\/2025\/04\/Small-pet-raincoat-1-2-300x225.jpg\" alt=\"\" width=\"300\" height=\"225\" srcset=\"https:\/\/www.deopaws.com\/wp-content\/uploads\/2025\/04\/Small-pet-raincoat-1-2-300x225.jpg 300w, https:\/\/www.deopaws.com\/wp-content\/uploads\/2025\/04\/Small-pet-raincoat-1-2-600x450.jpg 600w, https:\/\/www.deopaws.com\/wp-content\/uploads\/2025\/04\/Small-pet-raincoat-1-2-768x576.jpg 768w, https:\/\/www.deopaws.com\/wp-content\/uploads\/2025\/04\/Small-pet-raincoat-1-2.jpg 800w\" sizes=\"auto, (max-width: 300px) 100vw, 300px\" \/><\/div>\n<div><\/div>\n<\/div>\n<\/div>\n<\/div>","protected":false},"excerpt":{"rendered":"<p>Dise\u00f1ado para ofrecer comodidad y seguridad, este conjunto de arn\u00e9s y correa ajustables para gatos incluye material de malla suave transpirable y detalles reflectantes. Ideal para gatos y cachorros peque\u00f1os, ofrece un ajuste seguro y una mayor visibilidad durante los paseos.<\/p>","protected":false},"featured_media":1469,"comment_status":"open","ping_status":"closed","template":"","meta":{"_acf_changed":false},"product_brand":[],"product_cat":[15,17,33],"product_tag":[],"class_list":{"0":"post-1467","1":"product","2":"type-product","3":"status-publish","4":"has-post-thumbnail","6":"product_cat-products","7":"product_cat-cat-supplies","8":"product_cat-cat-collarsleashes-harnesses","10":"first","11":"instock","12":"shipping-taxable","13":"product-type-simple"},"acf":[],"_links":{"self":[{"href":"https:\/\/www.deopaws.com\/es\/wp-json\/wp\/v2\/product\/1467","targetHints":{"allow":["GET"]}}],"collection":[{"href":"https:\/\/www.deopaws.com\/es\/wp-json\/wp\/v2\/product"}],"about":[{"href":"https:\/\/www.deopaws.com\/es\/wp-json\/wp\/v2\/types\/product"}],"replies":[{"embeddable":true,"href":"https:\/\/www.deopaws.com\/es\/wp-json\/wp\/v2\/comments?post=1467"}],"wp:featuredmedia":[{"embeddable":true,"href":"https:\/\/www.deopaws.com\/es\/wp-json\/wp\/v2\/media\/1469"}],"wp:attachment":[{"href":"https:\/\/www.deopaws.com\/es\/wp-json\/wp\/v2\/media?parent=1467"}],"wp:term":[{"taxonomy":"product_brand","embeddable":true,"href":"https:\/\/www.deopaws.com\/es\/wp-json\/wp\/v2\/product_brand?post=1467"},{"taxonomy":"product_cat","embeddable":true,"href":"https:\/\/www.deopaws.com\/es\/wp-json\/wp\/v2\/product_cat?post=1467"},{"taxonomy":"product_tag","embeddable":true,"href":"https:\/\/www.deopaws.com\/es\/wp-json\/wp\/v2\/product_tag?post=1467"}],"curies":[{"name":"wp","href":"https:\/\/api.w.org\/{rel}","templated":true}]}}